{"id":12956,"date":"2024-01-18T08:22:42","date_gmt":"2024-01-18T08:22:42","guid":{"rendered":"https:\/\/anivet.lt\/elparduotuve\/?post_type=product&#038;p=12956"},"modified":"2026-05-06T08:52:59","modified_gmt":"2026-05-06T08:52:59","slug":"nt-cat-adult-beef-su-jautiena-1-5kg","status":"publish","type":"product","link":"https:\/\/anivet.lt\/elparduotuve\/produktas\/nt-cat-adult-beef-su-jautiena-1-5kg\/","title":{"rendered":"NT CAT ADULT BEEF su jautiena 1.5kg"},"content":{"rendered":"<ul>\n<li style=\"font-weight: 400;\" aria-level=\"1\"><span style=\"font-weight: 400;\">Jautienos sud\u0117tis: 7% perdirbt\u0173 jautienos baltym\u0173 ir 4% jautienos suteikia pa\u0161arui i\u0161skirtin\u012f skon\u012f bei kokybi\u0161kus baltymus.<\/span><\/li>\n<li style=\"font-weight: 400;\" aria-level=\"1\"><span style=\"font-weight: 400;\">Sveikam vir\u0161kinimui: Cikorij\u0173 \u0161akn\u0173 inulinas skatina gerosios \u017earnyno mikrofloros augim\u0105, o spanguoli\u0173 ekstraktas palaiko \u0161lapimo sistemos sveikat\u0105.<\/span><\/li>\n<li style=\"font-weight: 400;\" aria-level=\"1\"><span style=\"font-weight: 400;\">Blizgus kailis ir sveika oda: Omega-3 ir Omega-6 riebiosios r\u016bg\u0161tys bei s\u0117menys u\u017etikrina sveik\u0105 odos b\u016bkl\u0119 ir kailio blizges\u012f.<\/span><\/li>\n<li style=\"font-weight: 400;\" aria-level=\"1\"><span style=\"font-weight: 400;\">Puikus maistini\u0173 med\u017eiag\u0173 balansas: Sud\u0117tyje esantys gyv\u016bniniai baltymai, mineralai ir vitaminai palaiko kat\u0117s energingum\u0105 bei imunitet\u0105.<\/span><\/li>\n<li style=\"font-weight: 400;\" aria-level=\"1\"><span style=\"font-weight: 400;\">Tinka sterilizuotoms kat\u0117ms: Sud\u0117tis padeda palaikyti tinkam\u0105 k\u016bno svor\u012f ir suma\u017einti nutukimo rizik\u0105.<\/span><\/li>\n<\/ul>\n<p><span style=\"font-weight: 400;\">\u0160is pa\u0161aras ne tik patenkins j\u016bs\u0173 kat\u0117s mitybos poreikius, bet ir suteiks i\u0161skirtin\u012f skonio malonum\u0105. Jautienos ir vi\u0161tienos baltym\u0173 derinys garantuoja, kad j\u016bs\u0173 augintin\u0117 jausis energinga ir sveika kiekvien\u0105 dien\u0105.<\/span><\/p>\n","protected":false},"excerpt":{"rendered":"<p><span style=\"font-weight: 400;\">Visavertis pa\u0161aras suaugusioms kat\u0117ms nuo 1 met\u0173 am\u017eiaus, praturtintas jautiena. Jis taip pat puikiai tinka sterilizuotoms kat\u0117ms, u\u017etikrinant visus j\u0173 specifinius mitybos poreikius.<\/span><\/p>\n","protected":false},"featured_media":12957,"template":"","meta":[],"product_brand":[],"product_cat":[114,115,102,347],"product_tag":[],"class_list":{"0":"post-12956","1":"product","2":"type-product","3":"status-publish","4":"has-post-thumbnail","6":"product_cat-kaciu-maistas","7":"product_cat-sausas-maistas-ir-skanestai-katems","8":"product_cat-katems","9":"product_cat-trainer-kaciu-maistas","10":"pa_prekinis-zenklas-trainer","12":"first","13":"instock","14":"taxable","15":"shipping-taxable","16":"purchasable","17":"product-type-simple"},"yoast_head":"<!-- This site is optimized with the Yoast SEO Premium plugin v27.1 (Yoast SEO v27.5) - https:\/\/yoast.com\/product\/yoast-seo-premium-wordpress\/ -->\n<title>NT CAT ADULT BEEF su jautiena 1.5kg - anivet.lt<\/title>\n<meta name=\"description\" content=\"Visavertis pa\u0161aras suaugusioms kat\u0117ms nuo 1 met\u0173 am\u017eiaus, praturtintas jautiena. Jis taip pat puikiai tinka sterilizuotoms kat\u0117ms, u\u017etikrinant visus j\u0173 specifinius mitybos poreikius.\" \/>\n<meta name=\"robots\" content=\"index, follow, max-snippet:-1, max-image-preview:large, max-video-preview:-1\" \/>\n<link rel=\"canonical\" href=\"https:\/\/anivet.lt\/elparduotuve\/produktas\/nt-cat-adult-beef-su-jautiena-1-5kg\/\" \/>\n<meta property=\"og:locale\" content=\"lt_LT\" \/>\n<meta property=\"og:type\" content=\"article\" \/>\n<meta property=\"og:title\" content=\"NT CAT ADULT BEEF su jautiena 1.5kg\" \/>\n<meta property=\"og:description\" content=\"Visavertis pa\u0161aras suaugusioms kat\u0117ms nuo 1 met\u0173 am\u017eiaus, praturtintas jautiena. Jis taip pat puikiai tinka sterilizuotoms kat\u0117ms, u\u017etikrinant visus j\u0173 specifinius mitybos poreikius.\" \/>\n<meta property=\"og:url\" content=\"https:\/\/anivet.lt\/elparduotuve\/produktas\/nt-cat-adult-beef-su-jautiena-1-5kg\/\" \/>\n<meta property=\"og:site_name\" content=\"anivet.lt\" \/>\n<meta property=\"article:modified_time\" content=\"2026-05-06T08:52:59+00:00\" \/>\n<meta property=\"og:image\" content=\"https:\/\/anivet.lt\/elparduotuve\/wp-content\/uploads\/2024\/01\/jautiena-15kg.png\" \/>\n\t<meta property=\"og:image:width\" content=\"300\" \/>\n\t<meta property=\"og:image:height\" content=\"410\" \/>\n\t<meta property=\"og:image:type\" content=\"image\/png\" \/>\n<meta name=\"twitter:card\" content=\"summary_large_image\" \/>\n<meta name=\"twitter:label1\" content=\"Est. reading time\" \/>\n\t<meta name=\"twitter:data1\" content=\"1 minut\u0117\" \/>\n<script type=\"application\/ld+json\" class=\"yoast-schema-graph\">{\"@context\":\"https:\\\/\\\/schema.org\",\"@graph\":[{\"@type\":\"WebPage\",\"@id\":\"https:\\\/\\\/anivet.lt\\\/elparduotuve\\\/produktas\\\/nt-cat-adult-beef-su-jautiena-1-5kg\\\/\",\"url\":\"https:\\\/\\\/anivet.lt\\\/elparduotuve\\\/produktas\\\/nt-cat-adult-beef-su-jautiena-1-5kg\\\/\",\"name\":\"NT CAT ADULT BEEF su jautiena 1.5kg - anivet.lt\",\"isPartOf\":{\"@id\":\"https:\\\/\\\/anivet.lt\\\/elparduotuve\\\/#website\"},\"primaryImageOfPage\":{\"@id\":\"https:\\\/\\\/anivet.lt\\\/elparduotuve\\\/produktas\\\/nt-cat-adult-beef-su-jautiena-1-5kg\\\/#primaryimage\"},\"image\":{\"@id\":\"https:\\\/\\\/anivet.lt\\\/elparduotuve\\\/produktas\\\/nt-cat-adult-beef-su-jautiena-1-5kg\\\/#primaryimage\"},\"thumbnailUrl\":\"https:\\\/\\\/anivet.lt\\\/elparduotuve\\\/wp-content\\\/uploads\\\/2024\\\/01\\\/jautiena-15kg.png\",\"datePublished\":\"2024-01-18T08:22:42+00:00\",\"dateModified\":\"2026-05-06T08:52:59+00:00\",\"description\":\"Visavertis pa\u0161aras suaugusioms kat\u0117ms nuo 1 met\u0173 am\u017eiaus, praturtintas jautiena. Jis taip pat puikiai tinka sterilizuotoms kat\u0117ms, u\u017etikrinant visus j\u0173 specifinius mitybos poreikius.\",\"breadcrumb\":{\"@id\":\"https:\\\/\\\/anivet.lt\\\/elparduotuve\\\/produktas\\\/nt-cat-adult-beef-su-jautiena-1-5kg\\\/#breadcrumb\"},\"inLanguage\":\"lt-LT\",\"potentialAction\":[{\"@type\":\"ReadAction\",\"target\":[\"https:\\\/\\\/anivet.lt\\\/elparduotuve\\\/produktas\\\/nt-cat-adult-beef-su-jautiena-1-5kg\\\/\"]}]},{\"@type\":\"ImageObject\",\"inLanguage\":\"lt-LT\",\"@id\":\"https:\\\/\\\/anivet.lt\\\/elparduotuve\\\/produktas\\\/nt-cat-adult-beef-su-jautiena-1-5kg\\\/#primaryimage\",\"url\":\"https:\\\/\\\/anivet.lt\\\/elparduotuve\\\/wp-content\\\/uploads\\\/2024\\\/01\\\/jautiena-15kg.png\",\"contentUrl\":\"https:\\\/\\\/anivet.lt\\\/elparduotuve\\\/wp-content\\\/uploads\\\/2024\\\/01\\\/jautiena-15kg.png\",\"width\":300,\"height\":410,\"caption\":\"NT CAT ADULT BEEF su jautiena 1.5kg\"},{\"@type\":\"BreadcrumbList\",\"@id\":\"https:\\\/\\\/anivet.lt\\\/elparduotuve\\\/produktas\\\/nt-cat-adult-beef-su-jautiena-1-5kg\\\/#breadcrumb\",\"itemListElement\":[{\"@type\":\"ListItem\",\"position\":1,\"name\":\"Home\",\"item\":\"https:\\\/\\\/anivet.lt\\\/elparduotuve\\\/\"},{\"@type\":\"ListItem\",\"position\":2,\"name\":\"Produktai\",\"item\":\"https:\\\/\\\/anivet.lt\\\/elparduotuve\\\/produktai\\\/\"},{\"@type\":\"ListItem\",\"position\":3,\"name\":\"NT CAT ADULT BEEF su jautiena 1.5kg\"}]},{\"@type\":\"WebSite\",\"@id\":\"https:\\\/\\\/anivet.lt\\\/elparduotuve\\\/#website\",\"url\":\"https:\\\/\\\/anivet.lt\\\/elparduotuve\\\/\",\"name\":\"anivet.lt\",\"description\":\"Viskas J\u016bs\u0173 \u0161uns, kat\u0117s prie\u017ei\u016brai\",\"publisher\":{\"@id\":\"https:\\\/\\\/anivet.lt\\\/elparduotuve\\\/#organization\"},\"alternateName\":\"Viskas J\u016bs\u0173 \u0161uns, kat\u0117s prie\u017ei\u016brai\",\"potentialAction\":[{\"@type\":\"SearchAction\",\"target\":{\"@type\":\"EntryPoint\",\"urlTemplate\":\"https:\\\/\\\/anivet.lt\\\/elparduotuve\\\/?s={search_term_string}\"},\"query-input\":{\"@type\":\"PropertyValueSpecification\",\"valueRequired\":true,\"valueName\":\"search_term_string\"}}],\"inLanguage\":\"lt-LT\"},{\"@type\":\"Organization\",\"@id\":\"https:\\\/\\\/anivet.lt\\\/elparduotuve\\\/#organization\",\"name\":\"Viskas J\u016bs\u0173 \u0161uns, kat\u0117s prie\u017ei\u016brai\",\"url\":\"https:\\\/\\\/anivet.lt\\\/elparduotuve\\\/\",\"logo\":{\"@type\":\"ImageObject\",\"inLanguage\":\"lt-LT\",\"@id\":\"https:\\\/\\\/anivet.lt\\\/elparduotuve\\\/#\\\/schema\\\/logo\\\/image\\\/\",\"url\":\"https:\\\/\\\/anivet.lt\\\/elparduotuve\\\/wp-content\\\/uploads\\\/2023\\\/06\\\/logo2.jpg\",\"contentUrl\":\"https:\\\/\\\/anivet.lt\\\/elparduotuve\\\/wp-content\\\/uploads\\\/2023\\\/06\\\/logo2.jpg\",\"width\":655,\"height\":194,\"caption\":\"Viskas J\u016bs\u0173 \u0161uns, kat\u0117s prie\u017ei\u016brai\"},\"image\":{\"@id\":\"https:\\\/\\\/anivet.lt\\\/elparduotuve\\\/#\\\/schema\\\/logo\\\/image\\\/\"}}]}<\/script>\n<!-- \/ Yoast SEO Premium plugin. -->","yoast_head_json":{"title":"NT CAT ADULT BEEF su jautiena 1.5kg - anivet.lt","description":"Visavertis pa\u0161aras suaugusioms kat\u0117ms nuo 1 met\u0173 am\u017eiaus, praturtintas jautiena. Jis taip pat puikiai tinka sterilizuotoms kat\u0117ms, u\u017etikrinant visus j\u0173 specifinius mitybos poreikius.","robots":{"index":"index","follow":"follow","max-snippet":"max-snippet:-1","max-image-preview":"max-image-preview:large","max-video-preview":"max-video-preview:-1"},"canonical":"https:\/\/anivet.lt\/elparduotuve\/produktas\/nt-cat-adult-beef-su-jautiena-1-5kg\/","og_locale":"lt_LT","og_type":"article","og_title":"NT CAT ADULT BEEF su jautiena 1.5kg","og_description":"Visavertis pa\u0161aras suaugusioms kat\u0117ms nuo 1 met\u0173 am\u017eiaus, praturtintas jautiena. Jis taip pat puikiai tinka sterilizuotoms kat\u0117ms, u\u017etikrinant visus j\u0173 specifinius mitybos poreikius.","og_url":"https:\/\/anivet.lt\/elparduotuve\/produktas\/nt-cat-adult-beef-su-jautiena-1-5kg\/","og_site_name":"anivet.lt","article_modified_time":"2026-05-06T08:52:59+00:00","og_image":[{"width":300,"height":410,"url":"https:\/\/anivet.lt\/elparduotuve\/wp-content\/uploads\/2024\/01\/jautiena-15kg.png","type":"image\/png"}],"twitter_card":"summary_large_image","twitter_misc":{"Est. reading time":"1 minut\u0117"},"schema":{"@context":"https:\/\/schema.org","@graph":[{"@type":"WebPage","@id":"https:\/\/anivet.lt\/elparduotuve\/produktas\/nt-cat-adult-beef-su-jautiena-1-5kg\/","url":"https:\/\/anivet.lt\/elparduotuve\/produktas\/nt-cat-adult-beef-su-jautiena-1-5kg\/","name":"NT CAT ADULT BEEF su jautiena 1.5kg - anivet.lt","isPartOf":{"@id":"https:\/\/anivet.lt\/elparduotuve\/#website"},"primaryImageOfPage":{"@id":"https:\/\/anivet.lt\/elparduotuve\/produktas\/nt-cat-adult-beef-su-jautiena-1-5kg\/#primaryimage"},"image":{"@id":"https:\/\/anivet.lt\/elparduotuve\/produktas\/nt-cat-adult-beef-su-jautiena-1-5kg\/#primaryimage"},"thumbnailUrl":"https:\/\/anivet.lt\/elparduotuve\/wp-content\/uploads\/2024\/01\/jautiena-15kg.png","datePublished":"2024-01-18T08:22:42+00:00","dateModified":"2026-05-06T08:52:59+00:00","description":"Visavertis pa\u0161aras suaugusioms kat\u0117ms nuo 1 met\u0173 am\u017eiaus, praturtintas jautiena. Jis taip pat puikiai tinka sterilizuotoms kat\u0117ms, u\u017etikrinant visus j\u0173 specifinius mitybos poreikius.","breadcrumb":{"@id":"https:\/\/anivet.lt\/elparduotuve\/produktas\/nt-cat-adult-beef-su-jautiena-1-5kg\/#breadcrumb"},"inLanguage":"lt-LT","potentialAction":[{"@type":"ReadAction","target":["https:\/\/anivet.lt\/elparduotuve\/produktas\/nt-cat-adult-beef-su-jautiena-1-5kg\/"]}]},{"@type":"ImageObject","inLanguage":"lt-LT","@id":"https:\/\/anivet.lt\/elparduotuve\/produktas\/nt-cat-adult-beef-su-jautiena-1-5kg\/#primaryimage","url":"https:\/\/anivet.lt\/elparduotuve\/wp-content\/uploads\/2024\/01\/jautiena-15kg.png","contentUrl":"https:\/\/anivet.lt\/elparduotuve\/wp-content\/uploads\/2024\/01\/jautiena-15kg.png","width":300,"height":410,"caption":"NT CAT ADULT BEEF su jautiena 1.5kg"},{"@type":"BreadcrumbList","@id":"https:\/\/anivet.lt\/elparduotuve\/produktas\/nt-cat-adult-beef-su-jautiena-1-5kg\/#breadcrumb","itemListElement":[{"@type":"ListItem","position":1,"name":"Home","item":"https:\/\/anivet.lt\/elparduotuve\/"},{"@type":"ListItem","position":2,"name":"Produktai","item":"https:\/\/anivet.lt\/elparduotuve\/produktai\/"},{"@type":"ListItem","position":3,"name":"NT CAT ADULT BEEF su jautiena 1.5kg"}]},{"@type":"WebSite","@id":"https:\/\/anivet.lt\/elparduotuve\/#website","url":"https:\/\/anivet.lt\/elparduotuve\/","name":"anivet.lt","description":"Viskas J\u016bs\u0173 \u0161uns, kat\u0117s prie\u017ei\u016brai","publisher":{"@id":"https:\/\/anivet.lt\/elparduotuve\/#organization"},"alternateName":"Viskas J\u016bs\u0173 \u0161uns, kat\u0117s prie\u017ei\u016brai","potentialAction":[{"@type":"SearchAction","target":{"@type":"EntryPoint","urlTemplate":"https:\/\/anivet.lt\/elparduotuve\/?s={search_term_string}"},"query-input":{"@type":"PropertyValueSpecification","valueRequired":true,"valueName":"search_term_string"}}],"inLanguage":"lt-LT"},{"@type":"Organization","@id":"https:\/\/anivet.lt\/elparduotuve\/#organization","name":"Viskas J\u016bs\u0173 \u0161uns, kat\u0117s prie\u017ei\u016brai","url":"https:\/\/anivet.lt\/elparduotuve\/","logo":{"@type":"ImageObject","inLanguage":"lt-LT","@id":"https:\/\/anivet.lt\/elparduotuve\/#\/schema\/logo\/image\/","url":"https:\/\/anivet.lt\/elparduotuve\/wp-content\/uploads\/2023\/06\/logo2.jpg","contentUrl":"https:\/\/anivet.lt\/elparduotuve\/wp-content\/uploads\/2023\/06\/logo2.jpg","width":655,"height":194,"caption":"Viskas J\u016bs\u0173 \u0161uns, kat\u0117s prie\u017ei\u016brai"},"image":{"@id":"https:\/\/anivet.lt\/elparduotuve\/#\/schema\/logo\/image\/"}}]}},"_links":{"self":[{"href":"https:\/\/anivet.lt\/elparduotuve\/wp-json\/wp\/v2\/product\/12956","targetHints":{"allow":["GET"]}}],"collection":[{"href":"https:\/\/anivet.lt\/elparduotuve\/wp-json\/wp\/v2\/product"}],"about":[{"href":"https:\/\/anivet.lt\/elparduotuve\/wp-json\/wp\/v2\/types\/product"}],"wp:featuredmedia":[{"embeddable":true,"href":"https:\/\/anivet.lt\/elparduotuve\/wp-json\/wp\/v2\/media\/12957"}],"wp:attachment":[{"href":"https:\/\/anivet.lt\/elparduotuve\/wp-json\/wp\/v2\/media?parent=12956"}],"wp:term":[{"taxonomy":"product_brand","embeddable":true,"href":"https:\/\/anivet.lt\/elparduotuve\/wp-json\/wp\/v2\/product_brand?post=12956"},{"taxonomy":"product_cat","embeddable":true,"href":"https:\/\/anivet.lt\/elparduotuve\/wp-json\/wp\/v2\/product_cat?post=12956"},{"taxonomy":"product_tag","embeddable":true,"href":"https:\/\/anivet.lt\/elparduotuve\/wp-json\/wp\/v2\/product_tag?post=12956"}],"curies":[{"name":"wp","href":"https:\/\/api.w.org\/{rel}","templated":true}]}}