{"id":12958,"date":"2024-01-18T08:29:26","date_gmt":"2024-01-18T08:29:26","guid":{"rendered":"https:\/\/anivet.lt\/elparduotuve\/?post_type=product&#038;p=12958"},"modified":"2025-08-06T19:31:17","modified_gmt":"2025-08-06T19:31:17","slug":"nt-cat-sensitive-no-grain-trout-su-upetakiu-1-5kg","status":"publish","type":"product","link":"https:\/\/anivet.lt\/elparduotuve\/produktas\/nt-cat-sensitive-no-grain-trout-su-upetakiu-1-5kg\/","title":{"rendered":"NT CAT SENSITIVE NO GRAIN TROUT su up\u0117takiu 1.5kg"},"content":{"rendered":"<ul>\n<li style=\"font-weight: 400;\" aria-level=\"1\"><span style=\"font-weight: 400;\">Auk\u0161tos kokyb\u0117s baltymai: Net 35% pa\u0161aro sudaro up\u0117takio baltymai, u\u017etikrinantys reikiam\u0105 baltym\u0173 kiek\u012f sveikam raumen\u0173 vystymuisi.<\/span><\/li>\n<li style=\"font-weight: 400;\" aria-level=\"1\"><span style=\"font-weight: 400;\">Be gr\u016bd\u0173: Tinka kat\u0117ms, turin\u010dioms gr\u016bd\u0173 netoleravim\u0105 arba jautr\u0173 vir\u0161kinim\u0105.<\/span><\/li>\n<li style=\"font-weight: 400;\" aria-level=\"1\"><span style=\"font-weight: 400;\">Sveikas vir\u0161kinimas: Cikorijos \u0161aknys, spirgai ir runkeli\u0173 grie\u017einiai palaiko \u017earnyno mikroflor\u0105 ir vir\u0161kinimo sveikat\u0105.<\/span><\/li>\n<li style=\"font-weight: 400;\" aria-level=\"1\"><span style=\"font-weight: 400;\">Omega-3 ir Omega-6: Riebiosios r\u016bg\u0161tys i\u0161 s\u0117men\u0173 ir \u017euvies aliejaus gerina kailio ir odos b\u016bkl\u0119.<\/span><\/li>\n<li style=\"font-weight: 400;\" aria-level=\"1\"><span style=\"font-weight: 400;\">Imunin\u0117 sistema: Vitamin\u0173 kompleksas (A, D3, E) ir biotinas stiprina organizmo apsaugines funkcijas.<\/span><\/li>\n<li style=\"font-weight: 400;\" aria-level=\"1\"><span style=\"font-weight: 400;\">Papildoma \u0161lapimo tak\u0173 apsauga: D\u017eiovintos spanguol\u0117s ir amonio chloridas padeda palaikyti sveikus \u0161lapimo takus.<\/span><\/li>\n<\/ul>\n<p><span style=\"font-weight: 400;\">Puikus pasirinkimas kat\u0117ms, kurioms reikia subalansuotos mitybos be gr\u016bd\u0173. Pa\u0161aras padeda palaikyti optimali\u0105 sveikat\u0105, odos ir kailio \u017evilges\u012f bei stiprinti imunin\u0119 sistem\u0105. Auk\u0161tos kokyb\u0117s sud\u0117tis u\u017etikrina, kad j\u016bs\u0173 augintin\u0117 jausis puikiai kasdien.<\/span><\/p>\n","protected":false},"excerpt":{"rendered":"<p><span style=\"font-weight: 400;\">Idealus pa\u0161aras suaugusioms kat\u0117ms nuo 1 met\u0173, sukurtas naudojant auk\u0161tos kokyb\u0117s up\u0117taki\u0173 baltymus ir nat\u016bralius ingredientus. Be gr\u016bd\u0173, tod\u0117l puikiai tinka jautr\u0173 vir\u0161kinim\u0105 turin\u010dioms kat\u0117ms, u\u017etikrinant subalansuot\u0105 mityb\u0105.<\/span><\/p>\n","protected":false},"featured_media":12959,"template":"","meta":[],"product_brand":[],"product_cat":[114,115,102,347],"product_tag":[],"class_list":{"0":"post-12958","1":"product","2":"type-product","3":"status-publish","4":"has-post-thumbnail","6":"product_cat-kaciu-maistas","7":"product_cat-sausas-maistas-ir-skanestai-katems","8":"product_cat-katems","9":"product_cat-trainer-kaciu-maistas","10":"pa_prekinis-zenklas-trainer","12":"first","13":"instock","14":"taxable","15":"shipping-taxable","16":"purchasable","17":"product-type-simple"},"yoast_head":"<!-- This site is optimized with the Yoast SEO Premium plugin v27.1 (Yoast SEO v27.5) - https:\/\/yoast.com\/product\/yoast-seo-premium-wordpress\/ -->\n<title>NT CAT SENSITIVE NO GRAIN TROUT su up\u0117takiu 1.5kg - anivet.lt<\/title>\n<meta name=\"description\" content=\"Idealus pa\u0161aras suaugusioms kat\u0117ms nuo 1 met\u0173, sukurtas naudojant auk\u0161tos kokyb\u0117s up\u0117taki\u0173 baltymus ir nat\u016bralius ingredientus. Be gr\u016bd\u0173, tod\u0117l puikiai tinka jautr\u0173 vir\u0161kinim\u0105 turin\u010dioms kat\u0117ms, u\u017etikrinant subalansuot\u0105 mityb\u0105.\" \/>\n<meta name=\"robots\" content=\"index, follow, max-snippet:-1, max-image-preview:large, max-video-preview:-1\" \/>\n<link rel=\"canonical\" href=\"https:\/\/anivet.lt\/elparduotuve\/produktas\/nt-cat-sensitive-no-grain-trout-su-upetakiu-1-5kg\/\" \/>\n<meta property=\"og:locale\" content=\"lt_LT\" \/>\n<meta property=\"og:type\" content=\"article\" \/>\n<meta property=\"og:title\" content=\"NT CAT SENSITIVE NO GRAIN TROUT su up\u0117takiu 1.5kg\" \/>\n<meta property=\"og:description\" content=\"Idealus pa\u0161aras suaugusioms kat\u0117ms nuo 1 met\u0173, sukurtas naudojant auk\u0161tos kokyb\u0117s up\u0117taki\u0173 baltymus ir nat\u016bralius ingredientus. Be gr\u016bd\u0173, tod\u0117l puikiai tinka jautr\u0173 vir\u0161kinim\u0105 turin\u010dioms kat\u0117ms, u\u017etikrinant subalansuot\u0105 mityb\u0105.\" \/>\n<meta property=\"og:url\" content=\"https:\/\/anivet.lt\/elparduotuve\/produktas\/nt-cat-sensitive-no-grain-trout-su-upetakiu-1-5kg\/\" \/>\n<meta property=\"og:site_name\" content=\"anivet.lt\" \/>\n<meta property=\"article:modified_time\" content=\"2025-08-06T19:31:17+00:00\" \/>\n<meta property=\"og:image\" content=\"https:\/\/anivet.lt\/elparduotuve\/wp-content\/uploads\/2024\/01\/963077_8059149428079-15-upetakis.jpg\" \/>\n\t<meta property=\"og:image:width\" content=\"800\" \/>\n\t<meta property=\"og:image:height\" content=\"800\" \/>\n\t<meta property=\"og:image:type\" content=\"image\/jpeg\" \/>\n<meta name=\"twitter:card\" content=\"summary_large_image\" \/>\n<meta name=\"twitter:label1\" content=\"Est. reading time\" \/>\n\t<meta name=\"twitter:data1\" content=\"1 minut\u0117\" \/>\n<script type=\"application\/ld+json\" class=\"yoast-schema-graph\">{\"@context\":\"https:\\\/\\\/schema.org\",\"@graph\":[{\"@type\":\"WebPage\",\"@id\":\"https:\\\/\\\/anivet.lt\\\/elparduotuve\\\/produktas\\\/nt-cat-sensitive-no-grain-trout-su-upetakiu-1-5kg\\\/\",\"url\":\"https:\\\/\\\/anivet.lt\\\/elparduotuve\\\/produktas\\\/nt-cat-sensitive-no-grain-trout-su-upetakiu-1-5kg\\\/\",\"name\":\"NT CAT SENSITIVE NO GRAIN TROUT su up\u0117takiu 1.5kg - anivet.lt\",\"isPartOf\":{\"@id\":\"https:\\\/\\\/anivet.lt\\\/elparduotuve\\\/#website\"},\"primaryImageOfPage\":{\"@id\":\"https:\\\/\\\/anivet.lt\\\/elparduotuve\\\/produktas\\\/nt-cat-sensitive-no-grain-trout-su-upetakiu-1-5kg\\\/#primaryimage\"},\"image\":{\"@id\":\"https:\\\/\\\/anivet.lt\\\/elparduotuve\\\/produktas\\\/nt-cat-sensitive-no-grain-trout-su-upetakiu-1-5kg\\\/#primaryimage\"},\"thumbnailUrl\":\"https:\\\/\\\/anivet.lt\\\/elparduotuve\\\/wp-content\\\/uploads\\\/2024\\\/01\\\/963077_8059149428079-15-upetakis.jpg\",\"datePublished\":\"2024-01-18T08:29:26+00:00\",\"dateModified\":\"2025-08-06T19:31:17+00:00\",\"description\":\"Idealus pa\u0161aras suaugusioms kat\u0117ms nuo 1 met\u0173, sukurtas naudojant auk\u0161tos kokyb\u0117s up\u0117taki\u0173 baltymus ir nat\u016bralius ingredientus. Be gr\u016bd\u0173, tod\u0117l puikiai tinka jautr\u0173 vir\u0161kinim\u0105 turin\u010dioms kat\u0117ms, u\u017etikrinant subalansuot\u0105 mityb\u0105.\",\"breadcrumb\":{\"@id\":\"https:\\\/\\\/anivet.lt\\\/elparduotuve\\\/produktas\\\/nt-cat-sensitive-no-grain-trout-su-upetakiu-1-5kg\\\/#breadcrumb\"},\"inLanguage\":\"lt-LT\",\"potentialAction\":[{\"@type\":\"ReadAction\",\"target\":[\"https:\\\/\\\/anivet.lt\\\/elparduotuve\\\/produktas\\\/nt-cat-sensitive-no-grain-trout-su-upetakiu-1-5kg\\\/\"]}]},{\"@type\":\"ImageObject\",\"inLanguage\":\"lt-LT\",\"@id\":\"https:\\\/\\\/anivet.lt\\\/elparduotuve\\\/produktas\\\/nt-cat-sensitive-no-grain-trout-su-upetakiu-1-5kg\\\/#primaryimage\",\"url\":\"https:\\\/\\\/anivet.lt\\\/elparduotuve\\\/wp-content\\\/uploads\\\/2024\\\/01\\\/963077_8059149428079-15-upetakis.jpg\",\"contentUrl\":\"https:\\\/\\\/anivet.lt\\\/elparduotuve\\\/wp-content\\\/uploads\\\/2024\\\/01\\\/963077_8059149428079-15-upetakis.jpg\",\"width\":800,\"height\":800,\"caption\":\"NT CAT SENSITIVE NO GRAIN TROUT su up\u0117takiu 1.5kg\"},{\"@type\":\"BreadcrumbList\",\"@id\":\"https:\\\/\\\/anivet.lt\\\/elparduotuve\\\/produktas\\\/nt-cat-sensitive-no-grain-trout-su-upetakiu-1-5kg\\\/#breadcrumb\",\"itemListElement\":[{\"@type\":\"ListItem\",\"position\":1,\"name\":\"Home\",\"item\":\"https:\\\/\\\/anivet.lt\\\/elparduotuve\\\/\"},{\"@type\":\"ListItem\",\"position\":2,\"name\":\"Produktai\",\"item\":\"https:\\\/\\\/anivet.lt\\\/elparduotuve\\\/produktai\\\/\"},{\"@type\":\"ListItem\",\"position\":3,\"name\":\"NT CAT SENSITIVE NO GRAIN TROUT su up\u0117takiu 1.5kg\"}]},{\"@type\":\"WebSite\",\"@id\":\"https:\\\/\\\/anivet.lt\\\/elparduotuve\\\/#website\",\"url\":\"https:\\\/\\\/anivet.lt\\\/elparduotuve\\\/\",\"name\":\"anivet.lt\",\"description\":\"Viskas J\u016bs\u0173 \u0161uns, kat\u0117s prie\u017ei\u016brai\",\"publisher\":{\"@id\":\"https:\\\/\\\/anivet.lt\\\/elparduotuve\\\/#organization\"},\"alternateName\":\"Viskas J\u016bs\u0173 \u0161uns, kat\u0117s prie\u017ei\u016brai\",\"potentialAction\":[{\"@type\":\"SearchAction\",\"target\":{\"@type\":\"EntryPoint\",\"urlTemplate\":\"https:\\\/\\\/anivet.lt\\\/elparduotuve\\\/?s={search_term_string}\"},\"query-input\":{\"@type\":\"PropertyValueSpecification\",\"valueRequired\":true,\"valueName\":\"search_term_string\"}}],\"inLanguage\":\"lt-LT\"},{\"@type\":\"Organization\",\"@id\":\"https:\\\/\\\/anivet.lt\\\/elparduotuve\\\/#organization\",\"name\":\"Viskas J\u016bs\u0173 \u0161uns, kat\u0117s prie\u017ei\u016brai\",\"url\":\"https:\\\/\\\/anivet.lt\\\/elparduotuve\\\/\",\"logo\":{\"@type\":\"ImageObject\",\"inLanguage\":\"lt-LT\",\"@id\":\"https:\\\/\\\/anivet.lt\\\/elparduotuve\\\/#\\\/schema\\\/logo\\\/image\\\/\",\"url\":\"https:\\\/\\\/anivet.lt\\\/elparduotuve\\\/wp-content\\\/uploads\\\/2023\\\/06\\\/logo2.jpg\",\"contentUrl\":\"https:\\\/\\\/anivet.lt\\\/elparduotuve\\\/wp-content\\\/uploads\\\/2023\\\/06\\\/logo2.jpg\",\"width\":655,\"height\":194,\"caption\":\"Viskas J\u016bs\u0173 \u0161uns, kat\u0117s prie\u017ei\u016brai\"},\"image\":{\"@id\":\"https:\\\/\\\/anivet.lt\\\/elparduotuve\\\/#\\\/schema\\\/logo\\\/image\\\/\"}}]}<\/script>\n<!-- \/ Yoast SEO Premium plugin. -->","yoast_head_json":{"title":"NT CAT SENSITIVE NO GRAIN TROUT su up\u0117takiu 1.5kg - anivet.lt","description":"Idealus pa\u0161aras suaugusioms kat\u0117ms nuo 1 met\u0173, sukurtas naudojant auk\u0161tos kokyb\u0117s up\u0117taki\u0173 baltymus ir nat\u016bralius ingredientus. Be gr\u016bd\u0173, tod\u0117l puikiai tinka jautr\u0173 vir\u0161kinim\u0105 turin\u010dioms kat\u0117ms, u\u017etikrinant subalansuot\u0105 mityb\u0105.","robots":{"index":"index","follow":"follow","max-snippet":"max-snippet:-1","max-image-preview":"max-image-preview:large","max-video-preview":"max-video-preview:-1"},"canonical":"https:\/\/anivet.lt\/elparduotuve\/produktas\/nt-cat-sensitive-no-grain-trout-su-upetakiu-1-5kg\/","og_locale":"lt_LT","og_type":"article","og_title":"NT CAT SENSITIVE NO GRAIN TROUT su up\u0117takiu 1.5kg","og_description":"Idealus pa\u0161aras suaugusioms kat\u0117ms nuo 1 met\u0173, sukurtas naudojant auk\u0161tos kokyb\u0117s up\u0117taki\u0173 baltymus ir nat\u016bralius ingredientus. Be gr\u016bd\u0173, tod\u0117l puikiai tinka jautr\u0173 vir\u0161kinim\u0105 turin\u010dioms kat\u0117ms, u\u017etikrinant subalansuot\u0105 mityb\u0105.","og_url":"https:\/\/anivet.lt\/elparduotuve\/produktas\/nt-cat-sensitive-no-grain-trout-su-upetakiu-1-5kg\/","og_site_name":"anivet.lt","article_modified_time":"2025-08-06T19:31:17+00:00","og_image":[{"width":800,"height":800,"url":"https:\/\/anivet.lt\/elparduotuve\/wp-content\/uploads\/2024\/01\/963077_8059149428079-15-upetakis.jpg","type":"image\/jpeg"}],"twitter_card":"summary_large_image","twitter_misc":{"Est. reading time":"1 minut\u0117"},"schema":{"@context":"https:\/\/schema.org","@graph":[{"@type":"WebPage","@id":"https:\/\/anivet.lt\/elparduotuve\/produktas\/nt-cat-sensitive-no-grain-trout-su-upetakiu-1-5kg\/","url":"https:\/\/anivet.lt\/elparduotuve\/produktas\/nt-cat-sensitive-no-grain-trout-su-upetakiu-1-5kg\/","name":"NT CAT SENSITIVE NO GRAIN TROUT su up\u0117takiu 1.5kg - anivet.lt","isPartOf":{"@id":"https:\/\/anivet.lt\/elparduotuve\/#website"},"primaryImageOfPage":{"@id":"https:\/\/anivet.lt\/elparduotuve\/produktas\/nt-cat-sensitive-no-grain-trout-su-upetakiu-1-5kg\/#primaryimage"},"image":{"@id":"https:\/\/anivet.lt\/elparduotuve\/produktas\/nt-cat-sensitive-no-grain-trout-su-upetakiu-1-5kg\/#primaryimage"},"thumbnailUrl":"https:\/\/anivet.lt\/elparduotuve\/wp-content\/uploads\/2024\/01\/963077_8059149428079-15-upetakis.jpg","datePublished":"2024-01-18T08:29:26+00:00","dateModified":"2025-08-06T19:31:17+00:00","description":"Idealus pa\u0161aras suaugusioms kat\u0117ms nuo 1 met\u0173, sukurtas naudojant auk\u0161tos kokyb\u0117s up\u0117taki\u0173 baltymus ir nat\u016bralius ingredientus. Be gr\u016bd\u0173, tod\u0117l puikiai tinka jautr\u0173 vir\u0161kinim\u0105 turin\u010dioms kat\u0117ms, u\u017etikrinant subalansuot\u0105 mityb\u0105.","breadcrumb":{"@id":"https:\/\/anivet.lt\/elparduotuve\/produktas\/nt-cat-sensitive-no-grain-trout-su-upetakiu-1-5kg\/#breadcrumb"},"inLanguage":"lt-LT","potentialAction":[{"@type":"ReadAction","target":["https:\/\/anivet.lt\/elparduotuve\/produktas\/nt-cat-sensitive-no-grain-trout-su-upetakiu-1-5kg\/"]}]},{"@type":"ImageObject","inLanguage":"lt-LT","@id":"https:\/\/anivet.lt\/elparduotuve\/produktas\/nt-cat-sensitive-no-grain-trout-su-upetakiu-1-5kg\/#primaryimage","url":"https:\/\/anivet.lt\/elparduotuve\/wp-content\/uploads\/2024\/01\/963077_8059149428079-15-upetakis.jpg","contentUrl":"https:\/\/anivet.lt\/elparduotuve\/wp-content\/uploads\/2024\/01\/963077_8059149428079-15-upetakis.jpg","width":800,"height":800,"caption":"NT CAT SENSITIVE NO GRAIN TROUT su up\u0117takiu 1.5kg"},{"@type":"BreadcrumbList","@id":"https:\/\/anivet.lt\/elparduotuve\/produktas\/nt-cat-sensitive-no-grain-trout-su-upetakiu-1-5kg\/#breadcrumb","itemListElement":[{"@type":"ListItem","position":1,"name":"Home","item":"https:\/\/anivet.lt\/elparduotuve\/"},{"@type":"ListItem","position":2,"name":"Produktai","item":"https:\/\/anivet.lt\/elparduotuve\/produktai\/"},{"@type":"ListItem","position":3,"name":"NT CAT SENSITIVE NO GRAIN TROUT su up\u0117takiu 1.5kg"}]},{"@type":"WebSite","@id":"https:\/\/anivet.lt\/elparduotuve\/#website","url":"https:\/\/anivet.lt\/elparduotuve\/","name":"anivet.lt","description":"Viskas J\u016bs\u0173 \u0161uns, kat\u0117s prie\u017ei\u016brai","publisher":{"@id":"https:\/\/anivet.lt\/elparduotuve\/#organization"},"alternateName":"Viskas J\u016bs\u0173 \u0161uns, kat\u0117s prie\u017ei\u016brai","potentialAction":[{"@type":"SearchAction","target":{"@type":"EntryPoint","urlTemplate":"https:\/\/anivet.lt\/elparduotuve\/?s={search_term_string}"},"query-input":{"@type":"PropertyValueSpecification","valueRequired":true,"valueName":"search_term_string"}}],"inLanguage":"lt-LT"},{"@type":"Organization","@id":"https:\/\/anivet.lt\/elparduotuve\/#organization","name":"Viskas J\u016bs\u0173 \u0161uns, kat\u0117s prie\u017ei\u016brai","url":"https:\/\/anivet.lt\/elparduotuve\/","logo":{"@type":"ImageObject","inLanguage":"lt-LT","@id":"https:\/\/anivet.lt\/elparduotuve\/#\/schema\/logo\/image\/","url":"https:\/\/anivet.lt\/elparduotuve\/wp-content\/uploads\/2023\/06\/logo2.jpg","contentUrl":"https:\/\/anivet.lt\/elparduotuve\/wp-content\/uploads\/2023\/06\/logo2.jpg","width":655,"height":194,"caption":"Viskas J\u016bs\u0173 \u0161uns, kat\u0117s prie\u017ei\u016brai"},"image":{"@id":"https:\/\/anivet.lt\/elparduotuve\/#\/schema\/logo\/image\/"}}]}},"_links":{"self":[{"href":"https:\/\/anivet.lt\/elparduotuve\/wp-json\/wp\/v2\/product\/12958","targetHints":{"allow":["GET"]}}],"collection":[{"href":"https:\/\/anivet.lt\/elparduotuve\/wp-json\/wp\/v2\/product"}],"about":[{"href":"https:\/\/anivet.lt\/elparduotuve\/wp-json\/wp\/v2\/types\/product"}],"wp:featuredmedia":[{"embeddable":true,"href":"https:\/\/anivet.lt\/elparduotuve\/wp-json\/wp\/v2\/media\/12959"}],"wp:attachment":[{"href":"https:\/\/anivet.lt\/elparduotuve\/wp-json\/wp\/v2\/media?parent=12958"}],"wp:term":[{"taxonomy":"product_brand","embeddable":true,"href":"https:\/\/anivet.lt\/elparduotuve\/wp-json\/wp\/v2\/product_brand?post=12958"},{"taxonomy":"product_cat","embeddable":true,"href":"https:\/\/anivet.lt\/elparduotuve\/wp-json\/wp\/v2\/product_cat?post=12958"},{"taxonomy":"product_tag","embeddable":true,"href":"https:\/\/anivet.lt\/elparduotuve\/wp-json\/wp\/v2\/product_tag?post=12958"}],"curies":[{"name":"wp","href":"https:\/\/api.w.org\/{rel}","templated":true}]}}