{"id":12964,"date":"2024-01-19T09:17:30","date_gmt":"2024-01-19T09:17:30","guid":{"rendered":"https:\/\/anivet.lt\/elparduotuve\/?post_type=product&#038;p=12964"},"modified":"2026-02-23T22:22:51","modified_gmt":"2026-02-23T22:22:51","slug":"virbac-kj1-cat-early-kidney-joint-care","status":"publish","type":"product","link":"https:\/\/anivet.lt\/elparduotuve\/produktas\/virbac-kj1-cat-early-kidney-joint-care\/","title":{"rendered":"Virbac KJ1 Cat Early Kidney &amp; Joint Care"},"content":{"rendered":"<ul>\n<li style=\"font-weight: 400;\" aria-level=\"1\"><span style=\"font-weight: 400;\">Auk\u0161tos kokyb\u0117s baltymai: Didelis gyv\u016bnin\u0117s kilm\u0117s baltym\u0173 kiekis padeda palaikyti raumen\u0173 mas\u0119.<\/span><\/li>\n<li style=\"font-weight: 400;\" aria-level=\"1\"><span style=\"font-weight: 400;\">Ma\u017eas fosforo kiekis: Ma\u017eina inkst\u0173 apkrov\u0105 ir padeda reguliuoti fosforo pasisavinim\u0105.<\/span><\/li>\n<li style=\"font-weight: 400;\" aria-level=\"1\"><span style=\"font-weight: 400;\">Chitozanas ir fosforo suri\u0161\u0117jai: Efektyviai ma\u017eina fosforo \u012fsisavinim\u0105 i\u0161 maisto.<\/span><\/li>\n<li style=\"font-weight: 400;\" aria-level=\"1\"><span style=\"font-weight: 400;\">Turtingas Omega-3 ir DHA: \u0160ios riebal\u0173 r\u016bg\u0161tys padeda palaikyti sveik\u0105 s\u0105nari\u0173 ir inkst\u0173 funkcij\u0105.<\/span><\/li>\n<li style=\"font-weight: 400;\" aria-level=\"1\"><span style=\"font-weight: 400;\">Lengvai derinamas: Galima naudoti kartu su Early Kidney &amp; Joint Wet pa\u0161aru.<\/span><\/li>\n<\/ul>\n<p><span style=\"font-weight: 400;\">Puikus sprendimas kat\u0117ms, kurioms reikia specializuotos inkst\u0173 ir s\u0105nari\u0173 prie\u017ei\u016bros. Subalansuota formul\u0117, praturtinta naudingomis med\u017eiagomis, u\u017etikrina bendr\u0105 gerov\u0119 ir energij\u0105, tinkam\u0105 aktyviam gyvenimui.<\/span><\/p>\n","protected":false},"excerpt":{"rendered":"<p><span style=\"font-weight: 400;\">\u0160is sausas pa\u0161aras skirtas kat\u0117ms, kurioms nustatyta pirmos stadijos l\u0117tin\u0117 inkst\u0173 liga (CKD) pagal IRIS klasifikacij\u0105, ir kurioms reikalinga s\u0105nari\u0173 b\u016bkl\u0117s gerinimo prie\u017ei\u016bra. Subalansuota formul\u0117 u\u017etikrina sveikat\u0105 palaikant\u012f mitybos sprendim\u0105.<\/span><\/p>\n","protected":false},"featured_media":12965,"template":"","meta":[],"product_brand":[],"product_cat":[114,102,118,348],"product_tag":[],"class_list":{"0":"post-12964","1":"product","2":"type-product","3":"status-publish","4":"has-post-thumbnail","6":"product_cat-kaciu-maistas","7":"product_cat-katems","8":"product_cat-veterinarinis-maistas-katems","9":"product_cat-virbac-kaciu-maistas","10":"pa_prekinis-zenklas-virbac","12":"first","13":"instock","14":"taxable","15":"shipping-taxable","16":"purchasable","17":"product-type-variable"},"yoast_head":"<!-- This site is optimized with the Yoast SEO Premium plugin v27.1 (Yoast SEO v27.5) - https:\/\/yoast.com\/product\/yoast-seo-premium-wordpress\/ -->\n<title>Virbac KJ1 Cat Early Kidney &amp; Joint Care - anivet.lt<\/title>\n<meta name=\"description\" content=\"\u0160is sausas pa\u0161aras skirtas kat\u0117ms, kurioms nustatyta pirmos stadijos l\u0117tin\u0117 inkst\u0173 liga (CKD) pagal IRIS klasifikacij\u0105, ir kurioms reikalinga s\u0105nari\u0173 b\u016bkl\u0117s gerinimo prie\u017ei\u016bra. Subalansuota formul\u0117 u\u017etikrina sveikat\u0105 palaikant\u012f mitybos sprendim\u0105.\" \/>\n<meta name=\"robots\" content=\"index, follow, max-snippet:-1, max-image-preview:large, max-video-preview:-1\" \/>\n<link rel=\"canonical\" href=\"https:\/\/anivet.lt\/elparduotuve\/produktas\/virbac-kj1-cat-early-kidney-joint-care\/\" \/>\n<meta property=\"og:locale\" content=\"lt_LT\" \/>\n<meta property=\"og:type\" content=\"article\" \/>\n<meta property=\"og:title\" content=\"Virbac KJ1 Cat Early Kidney &amp; Joint Care\" \/>\n<meta property=\"og:description\" content=\"\u0160is sausas pa\u0161aras skirtas kat\u0117ms, kurioms nustatyta pirmos stadijos l\u0117tin\u0117 inkst\u0173 liga (CKD) pagal IRIS klasifikacij\u0105, ir kurioms reikalinga s\u0105nari\u0173 b\u016bkl\u0117s gerinimo prie\u017ei\u016bra. Subalansuota formul\u0117 u\u017etikrina sveikat\u0105 palaikant\u012f mitybos sprendim\u0105.\" \/>\n<meta property=\"og:url\" content=\"https:\/\/anivet.lt\/elparduotuve\/produktas\/virbac-kj1-cat-early-kidney-joint-care\/\" \/>\n<meta property=\"og:site_name\" content=\"anivet.lt\" \/>\n<meta property=\"article:modified_time\" content=\"2026-02-23T22:22:51+00:00\" \/>\n<meta property=\"og:image\" content=\"https:\/\/anivet.lt\/elparduotuve\/wp-content\/uploads\/2024\/01\/Virbac-KJ1-CAT.jpg\" \/>\n\t<meta property=\"og:image:width\" content=\"950\" \/>\n\t<meta property=\"og:image:height\" content=\"870\" \/>\n\t<meta property=\"og:image:type\" content=\"image\/jpeg\" \/>\n<meta name=\"twitter:card\" content=\"summary_large_image\" \/>\n<meta name=\"twitter:label1\" content=\"Est. reading time\" \/>\n\t<meta name=\"twitter:data1\" content=\"1 minut\u0117\" \/>\n<script type=\"application\/ld+json\" class=\"yoast-schema-graph\">{\"@context\":\"https:\\\/\\\/schema.org\",\"@graph\":[{\"@type\":\"WebPage\",\"@id\":\"https:\\\/\\\/anivet.lt\\\/elparduotuve\\\/produktas\\\/virbac-kj1-cat-early-kidney-joint-care\\\/\",\"url\":\"https:\\\/\\\/anivet.lt\\\/elparduotuve\\\/produktas\\\/virbac-kj1-cat-early-kidney-joint-care\\\/\",\"name\":\"Virbac KJ1 Cat Early Kidney &amp; Joint Care - anivet.lt\",\"isPartOf\":{\"@id\":\"https:\\\/\\\/anivet.lt\\\/elparduotuve\\\/#website\"},\"primaryImageOfPage\":{\"@id\":\"https:\\\/\\\/anivet.lt\\\/elparduotuve\\\/produktas\\\/virbac-kj1-cat-early-kidney-joint-care\\\/#primaryimage\"},\"image\":{\"@id\":\"https:\\\/\\\/anivet.lt\\\/elparduotuve\\\/produktas\\\/virbac-kj1-cat-early-kidney-joint-care\\\/#primaryimage\"},\"thumbnailUrl\":\"https:\\\/\\\/anivet.lt\\\/elparduotuve\\\/wp-content\\\/uploads\\\/2024\\\/01\\\/Virbac-KJ1-CAT.jpg\",\"datePublished\":\"2024-01-19T09:17:30+00:00\",\"dateModified\":\"2026-02-23T22:22:51+00:00\",\"description\":\"\u0160is sausas pa\u0161aras skirtas kat\u0117ms, kurioms nustatyta pirmos stadijos l\u0117tin\u0117 inkst\u0173 liga (CKD) pagal IRIS klasifikacij\u0105, ir kurioms reikalinga s\u0105nari\u0173 b\u016bkl\u0117s gerinimo prie\u017ei\u016bra. Subalansuota formul\u0117 u\u017etikrina sveikat\u0105 palaikant\u012f mitybos sprendim\u0105.\",\"breadcrumb\":{\"@id\":\"https:\\\/\\\/anivet.lt\\\/elparduotuve\\\/produktas\\\/virbac-kj1-cat-early-kidney-joint-care\\\/#breadcrumb\"},\"inLanguage\":\"lt-LT\",\"potentialAction\":[{\"@type\":\"ReadAction\",\"target\":[\"https:\\\/\\\/anivet.lt\\\/elparduotuve\\\/produktas\\\/virbac-kj1-cat-early-kidney-joint-care\\\/\"]}]},{\"@type\":\"ImageObject\",\"inLanguage\":\"lt-LT\",\"@id\":\"https:\\\/\\\/anivet.lt\\\/elparduotuve\\\/produktas\\\/virbac-kj1-cat-early-kidney-joint-care\\\/#primaryimage\",\"url\":\"https:\\\/\\\/anivet.lt\\\/elparduotuve\\\/wp-content\\\/uploads\\\/2024\\\/01\\\/Virbac-KJ1-CAT.jpg\",\"contentUrl\":\"https:\\\/\\\/anivet.lt\\\/elparduotuve\\\/wp-content\\\/uploads\\\/2024\\\/01\\\/Virbac-KJ1-CAT.jpg\",\"width\":950,\"height\":870,\"caption\":\"Virbac KJ1 Cat Early Kidney &amp; Joint Care\"},{\"@type\":\"BreadcrumbList\",\"@id\":\"https:\\\/\\\/anivet.lt\\\/elparduotuve\\\/produktas\\\/virbac-kj1-cat-early-kidney-joint-care\\\/#breadcrumb\",\"itemListElement\":[{\"@type\":\"ListItem\",\"position\":1,\"name\":\"Home\",\"item\":\"https:\\\/\\\/anivet.lt\\\/elparduotuve\\\/\"},{\"@type\":\"ListItem\",\"position\":2,\"name\":\"Produktai\",\"item\":\"https:\\\/\\\/anivet.lt\\\/elparduotuve\\\/produktai\\\/\"},{\"@type\":\"ListItem\",\"position\":3,\"name\":\"Virbac KJ1 Cat Early Kidney &amp; Joint Care\"}]},{\"@type\":\"WebSite\",\"@id\":\"https:\\\/\\\/anivet.lt\\\/elparduotuve\\\/#website\",\"url\":\"https:\\\/\\\/anivet.lt\\\/elparduotuve\\\/\",\"name\":\"anivet.lt\",\"description\":\"Viskas J\u016bs\u0173 \u0161uns, kat\u0117s prie\u017ei\u016brai\",\"publisher\":{\"@id\":\"https:\\\/\\\/anivet.lt\\\/elparduotuve\\\/#organization\"},\"alternateName\":\"Viskas J\u016bs\u0173 \u0161uns, kat\u0117s prie\u017ei\u016brai\",\"potentialAction\":[{\"@type\":\"SearchAction\",\"target\":{\"@type\":\"EntryPoint\",\"urlTemplate\":\"https:\\\/\\\/anivet.lt\\\/elparduotuve\\\/?s={search_term_string}\"},\"query-input\":{\"@type\":\"PropertyValueSpecification\",\"valueRequired\":true,\"valueName\":\"search_term_string\"}}],\"inLanguage\":\"lt-LT\"},{\"@type\":\"Organization\",\"@id\":\"https:\\\/\\\/anivet.lt\\\/elparduotuve\\\/#organization\",\"name\":\"Viskas J\u016bs\u0173 \u0161uns, kat\u0117s prie\u017ei\u016brai\",\"url\":\"https:\\\/\\\/anivet.lt\\\/elparduotuve\\\/\",\"logo\":{\"@type\":\"ImageObject\",\"inLanguage\":\"lt-LT\",\"@id\":\"https:\\\/\\\/anivet.lt\\\/elparduotuve\\\/#\\\/schema\\\/logo\\\/image\\\/\",\"url\":\"https:\\\/\\\/anivet.lt\\\/elparduotuve\\\/wp-content\\\/uploads\\\/2023\\\/06\\\/logo2.jpg\",\"contentUrl\":\"https:\\\/\\\/anivet.lt\\\/elparduotuve\\\/wp-content\\\/uploads\\\/2023\\\/06\\\/logo2.jpg\",\"width\":655,\"height\":194,\"caption\":\"Viskas J\u016bs\u0173 \u0161uns, kat\u0117s prie\u017ei\u016brai\"},\"image\":{\"@id\":\"https:\\\/\\\/anivet.lt\\\/elparduotuve\\\/#\\\/schema\\\/logo\\\/image\\\/\"}}]}<\/script>\n<!-- \/ Yoast SEO Premium plugin. -->","yoast_head_json":{"title":"Virbac KJ1 Cat Early Kidney &amp; Joint Care - anivet.lt","description":"\u0160is sausas pa\u0161aras skirtas kat\u0117ms, kurioms nustatyta pirmos stadijos l\u0117tin\u0117 inkst\u0173 liga (CKD) pagal IRIS klasifikacij\u0105, ir kurioms reikalinga s\u0105nari\u0173 b\u016bkl\u0117s gerinimo prie\u017ei\u016bra. Subalansuota formul\u0117 u\u017etikrina sveikat\u0105 palaikant\u012f mitybos sprendim\u0105.","robots":{"index":"index","follow":"follow","max-snippet":"max-snippet:-1","max-image-preview":"max-image-preview:large","max-video-preview":"max-video-preview:-1"},"canonical":"https:\/\/anivet.lt\/elparduotuve\/produktas\/virbac-kj1-cat-early-kidney-joint-care\/","og_locale":"lt_LT","og_type":"article","og_title":"Virbac KJ1 Cat Early Kidney &amp; Joint Care","og_description":"\u0160is sausas pa\u0161aras skirtas kat\u0117ms, kurioms nustatyta pirmos stadijos l\u0117tin\u0117 inkst\u0173 liga (CKD) pagal IRIS klasifikacij\u0105, ir kurioms reikalinga s\u0105nari\u0173 b\u016bkl\u0117s gerinimo prie\u017ei\u016bra. Subalansuota formul\u0117 u\u017etikrina sveikat\u0105 palaikant\u012f mitybos sprendim\u0105.","og_url":"https:\/\/anivet.lt\/elparduotuve\/produktas\/virbac-kj1-cat-early-kidney-joint-care\/","og_site_name":"anivet.lt","article_modified_time":"2026-02-23T22:22:51+00:00","og_image":[{"width":950,"height":870,"url":"https:\/\/anivet.lt\/elparduotuve\/wp-content\/uploads\/2024\/01\/Virbac-KJ1-CAT.jpg","type":"image\/jpeg"}],"twitter_card":"summary_large_image","twitter_misc":{"Est. reading time":"1 minut\u0117"},"schema":{"@context":"https:\/\/schema.org","@graph":[{"@type":"WebPage","@id":"https:\/\/anivet.lt\/elparduotuve\/produktas\/virbac-kj1-cat-early-kidney-joint-care\/","url":"https:\/\/anivet.lt\/elparduotuve\/produktas\/virbac-kj1-cat-early-kidney-joint-care\/","name":"Virbac KJ1 Cat Early Kidney &amp; Joint Care - anivet.lt","isPartOf":{"@id":"https:\/\/anivet.lt\/elparduotuve\/#website"},"primaryImageOfPage":{"@id":"https:\/\/anivet.lt\/elparduotuve\/produktas\/virbac-kj1-cat-early-kidney-joint-care\/#primaryimage"},"image":{"@id":"https:\/\/anivet.lt\/elparduotuve\/produktas\/virbac-kj1-cat-early-kidney-joint-care\/#primaryimage"},"thumbnailUrl":"https:\/\/anivet.lt\/elparduotuve\/wp-content\/uploads\/2024\/01\/Virbac-KJ1-CAT.jpg","datePublished":"2024-01-19T09:17:30+00:00","dateModified":"2026-02-23T22:22:51+00:00","description":"\u0160is sausas pa\u0161aras skirtas kat\u0117ms, kurioms nustatyta pirmos stadijos l\u0117tin\u0117 inkst\u0173 liga (CKD) pagal IRIS klasifikacij\u0105, ir kurioms reikalinga s\u0105nari\u0173 b\u016bkl\u0117s gerinimo prie\u017ei\u016bra. Subalansuota formul\u0117 u\u017etikrina sveikat\u0105 palaikant\u012f mitybos sprendim\u0105.","breadcrumb":{"@id":"https:\/\/anivet.lt\/elparduotuve\/produktas\/virbac-kj1-cat-early-kidney-joint-care\/#breadcrumb"},"inLanguage":"lt-LT","potentialAction":[{"@type":"ReadAction","target":["https:\/\/anivet.lt\/elparduotuve\/produktas\/virbac-kj1-cat-early-kidney-joint-care\/"]}]},{"@type":"ImageObject","inLanguage":"lt-LT","@id":"https:\/\/anivet.lt\/elparduotuve\/produktas\/virbac-kj1-cat-early-kidney-joint-care\/#primaryimage","url":"https:\/\/anivet.lt\/elparduotuve\/wp-content\/uploads\/2024\/01\/Virbac-KJ1-CAT.jpg","contentUrl":"https:\/\/anivet.lt\/elparduotuve\/wp-content\/uploads\/2024\/01\/Virbac-KJ1-CAT.jpg","width":950,"height":870,"caption":"Virbac KJ1 Cat Early Kidney &amp; Joint Care"},{"@type":"BreadcrumbList","@id":"https:\/\/anivet.lt\/elparduotuve\/produktas\/virbac-kj1-cat-early-kidney-joint-care\/#breadcrumb","itemListElement":[{"@type":"ListItem","position":1,"name":"Home","item":"https:\/\/anivet.lt\/elparduotuve\/"},{"@type":"ListItem","position":2,"name":"Produktai","item":"https:\/\/anivet.lt\/elparduotuve\/produktai\/"},{"@type":"ListItem","position":3,"name":"Virbac KJ1 Cat Early Kidney &amp; Joint Care"}]},{"@type":"WebSite","@id":"https:\/\/anivet.lt\/elparduotuve\/#website","url":"https:\/\/anivet.lt\/elparduotuve\/","name":"anivet.lt","description":"Viskas J\u016bs\u0173 \u0161uns, kat\u0117s prie\u017ei\u016brai","publisher":{"@id":"https:\/\/anivet.lt\/elparduotuve\/#organization"},"alternateName":"Viskas J\u016bs\u0173 \u0161uns, kat\u0117s prie\u017ei\u016brai","potentialAction":[{"@type":"SearchAction","target":{"@type":"EntryPoint","urlTemplate":"https:\/\/anivet.lt\/elparduotuve\/?s={search_term_string}"},"query-input":{"@type":"PropertyValueSpecification","valueRequired":true,"valueName":"search_term_string"}}],"inLanguage":"lt-LT"},{"@type":"Organization","@id":"https:\/\/anivet.lt\/elparduotuve\/#organization","name":"Viskas J\u016bs\u0173 \u0161uns, kat\u0117s prie\u017ei\u016brai","url":"https:\/\/anivet.lt\/elparduotuve\/","logo":{"@type":"ImageObject","inLanguage":"lt-LT","@id":"https:\/\/anivet.lt\/elparduotuve\/#\/schema\/logo\/image\/","url":"https:\/\/anivet.lt\/elparduotuve\/wp-content\/uploads\/2023\/06\/logo2.jpg","contentUrl":"https:\/\/anivet.lt\/elparduotuve\/wp-content\/uploads\/2023\/06\/logo2.jpg","width":655,"height":194,"caption":"Viskas J\u016bs\u0173 \u0161uns, kat\u0117s prie\u017ei\u016brai"},"image":{"@id":"https:\/\/anivet.lt\/elparduotuve\/#\/schema\/logo\/image\/"}}]}},"_links":{"self":[{"href":"https:\/\/anivet.lt\/elparduotuve\/wp-json\/wp\/v2\/product\/12964","targetHints":{"allow":["GET"]}}],"collection":[{"href":"https:\/\/anivet.lt\/elparduotuve\/wp-json\/wp\/v2\/product"}],"about":[{"href":"https:\/\/anivet.lt\/elparduotuve\/wp-json\/wp\/v2\/types\/product"}],"wp:featuredmedia":[{"embeddable":true,"href":"https:\/\/anivet.lt\/elparduotuve\/wp-json\/wp\/v2\/media\/12965"}],"wp:attachment":[{"href":"https:\/\/anivet.lt\/elparduotuve\/wp-json\/wp\/v2\/media?parent=12964"}],"wp:term":[{"taxonomy":"product_brand","embeddable":true,"href":"https:\/\/anivet.lt\/elparduotuve\/wp-json\/wp\/v2\/product_brand?post=12964"},{"taxonomy":"product_cat","embeddable":true,"href":"https:\/\/anivet.lt\/elparduotuve\/wp-json\/wp\/v2\/product_cat?post=12964"},{"taxonomy":"product_tag","embeddable":true,"href":"https:\/\/anivet.lt\/elparduotuve\/wp-json\/wp\/v2\/product_tag?post=12964"}],"curies":[{"name":"wp","href":"https:\/\/api.w.org\/{rel}","templated":true}]}}