{"id":12972,"date":"2024-01-19T11:24:46","date_gmt":"2024-01-19T11:24:46","guid":{"rendered":"https:\/\/anivet.lt\/elparduotuve\/?post_type=product&#038;p=12972"},"modified":"2026-02-23T22:18:21","modified_gmt":"2026-02-23T22:18:21","slug":"virbac-cat-kj3-advanced-kidney-and-joint-support","status":"publish","type":"product","link":"https:\/\/anivet.lt\/elparduotuve\/produktas\/virbac-cat-kj3-advanced-kidney-and-joint-support\/","title":{"rendered":"Virbac Cat KJ3 Advanced kidney and joint Support"},"content":{"rendered":"<ul>\n<li style=\"font-weight: 400;\" aria-level=\"1\"><span style=\"font-weight: 400;\">Auk\u0161tos kokyb\u0117s baltymai: U\u017etikrina tinkam\u0105 mityb\u0105 ir lengv\u0105 \u012fsisavinim\u0105.<\/span><\/li>\n<li style=\"font-weight: 400;\" aria-level=\"1\"><span style=\"font-weight: 400;\">Labai ma\u017eas fosforo kiekis: Kartu su chitozanu, fosforo ri\u0161ikliu, padeda palaikyti optimali\u0105 inkst\u0173 funkcij\u0105.<\/span><\/li>\n<li style=\"font-weight: 400;\" aria-level=\"1\"><span style=\"font-weight: 400;\">Didelis Omega-3 ir DHA kiekis: Palaiko sveik\u0105 s\u0105nari\u0173 funkcij\u0105 ir ma\u017eina u\u017edegimus.<\/span><\/li>\n<li style=\"font-weight: 400;\" aria-level=\"1\"><span style=\"font-weight: 400;\">Pritaikomas \u0161\u0117rimas: Gali b\u016bti derinamas su \u0161lapiais pa\u0161arais \u201eKidney &amp; Joint Wet\u201c.<\/span><\/li>\n<li style=\"font-weight: 400;\" aria-level=\"1\"><span style=\"font-weight: 400;\">Be dirbtini\u0173 da\u017eikli\u0173 ir kvapi\u0173j\u0173 med\u017eiag\u0173: U\u017etikrinamas nat\u016bralumas ir saugumas.<\/span><\/li>\n<\/ul>\n<p><span style=\"font-weight: 400;\">\u0160is pa\u0161aras ne tik pagerina gyvenimo kokyb\u0119 sergant l\u0117tin\u0117mis inkst\u0173 ir s\u0105nari\u0173 ligomis, bet ir u\u017etikrina subalansuot\u0105 mityb\u0105. Pa\u0161aro formul\u0117 yra sukurta atsi\u017evelgiant \u012f specifinius \u0161i\u0173 problem\u0173 poreikius \u2013 ma\u017eas fosforo kiekis apsaugo inkstus, o Omega-3 ir chondroitinas palaiko s\u0105nari\u0173 sveikat\u0105 ir judrum\u0105.<\/span><\/p>\n","protected":false},"excerpt":{"rendered":"<p><span style=\"font-weight: 400;\">Visavertis sausas pa\u0161aras, specialiai sukurtas kat\u0117ms, turin\u010dioms inkst\u0173 funkcijos sutrikim\u0173 (3-4 stadijos) ir osteoartrito problem\u0173. Pa\u0161aras tinka tiek gydymui, tiek profilaktikai, siekiant palaikyti ger\u0105 s\u0105nari\u0173 ir inkst\u0173 sveikat\u0105.<\/span><\/p>\n","protected":false},"featured_media":12973,"template":"","meta":[],"product_brand":[],"product_cat":[114,102,118,348],"product_tag":[],"class_list":{"0":"post-12972","1":"product","2":"type-product","3":"status-publish","4":"has-post-thumbnail","6":"product_cat-kaciu-maistas","7":"product_cat-katems","8":"product_cat-veterinarinis-maistas-katems","9":"product_cat-virbac-kaciu-maistas","10":"pa_prekinis-zenklas-virbac","12":"first","13":"instock","14":"taxable","15":"shipping-taxable","16":"purchasable","17":"product-type-variable"},"yoast_head":"<!-- This site is optimized with the Yoast SEO Premium plugin v27.1 (Yoast SEO v27.5) - https:\/\/yoast.com\/product\/yoast-seo-premium-wordpress\/ -->\n<title>Virbac Cat KJ3 Advanced kidney and joint Support - anivet.lt<\/title>\n<meta name=\"description\" content=\"Visavertis sausas pa\u0161aras, specialiai sukurtas kat\u0117ms, turin\u010dioms inkst\u0173 funkcijos sutrikim\u0173 (3-4 stadijos) ir osteoartrito problem\u0173. Pa\u0161aras tinka tiek gydymui, tiek profilaktikai, siekiant palaikyti ger\u0105 s\u0105nari\u0173 ir inkst\u0173 sveikat\u0105.\" \/>\n<meta name=\"robots\" content=\"index, follow, max-snippet:-1, max-image-preview:large, max-video-preview:-1\" \/>\n<link rel=\"canonical\" href=\"https:\/\/anivet.lt\/elparduotuve\/produktas\/virbac-cat-kj3-advanced-kidney-and-joint-support\/\" \/>\n<meta property=\"og:locale\" content=\"lt_LT\" \/>\n<meta property=\"og:type\" content=\"article\" \/>\n<meta property=\"og:title\" content=\"Virbac Cat KJ3 Advanced kidney and joint Support\" \/>\n<meta property=\"og:description\" content=\"Visavertis sausas pa\u0161aras, specialiai sukurtas kat\u0117ms, turin\u010dioms inkst\u0173 funkcijos sutrikim\u0173 (3-4 stadijos) ir osteoartrito problem\u0173. Pa\u0161aras tinka tiek gydymui, tiek profilaktikai, siekiant palaikyti ger\u0105 s\u0105nari\u0173 ir inkst\u0173 sveikat\u0105.\" \/>\n<meta property=\"og:url\" content=\"https:\/\/anivet.lt\/elparduotuve\/produktas\/virbac-cat-kj3-advanced-kidney-and-joint-support\/\" \/>\n<meta property=\"og:site_name\" content=\"anivet.lt\" \/>\n<meta property=\"article:modified_time\" content=\"2026-02-23T22:18:21+00:00\" \/>\n<meta property=\"og:image\" content=\"https:\/\/anivet.lt\/elparduotuve\/wp-content\/uploads\/2024\/01\/Virbac-KJ3-Cat.png\" \/>\n\t<meta property=\"og:image:width\" content=\"2560\" \/>\n\t<meta property=\"og:image:height\" content=\"2560\" \/>\n\t<meta property=\"og:image:type\" content=\"image\/png\" \/>\n<meta name=\"twitter:card\" content=\"summary_large_image\" \/>\n<meta name=\"twitter:label1\" content=\"Est. reading time\" \/>\n\t<meta name=\"twitter:data1\" content=\"1 minut\u0117\" \/>\n<script type=\"application\/ld+json\" class=\"yoast-schema-graph\">{\"@context\":\"https:\\\/\\\/schema.org\",\"@graph\":[{\"@type\":\"WebPage\",\"@id\":\"https:\\\/\\\/anivet.lt\\\/elparduotuve\\\/produktas\\\/virbac-cat-kj3-advanced-kidney-and-joint-support\\\/\",\"url\":\"https:\\\/\\\/anivet.lt\\\/elparduotuve\\\/produktas\\\/virbac-cat-kj3-advanced-kidney-and-joint-support\\\/\",\"name\":\"Virbac Cat KJ3 Advanced kidney and joint Support - anivet.lt\",\"isPartOf\":{\"@id\":\"https:\\\/\\\/anivet.lt\\\/elparduotuve\\\/#website\"},\"primaryImageOfPage\":{\"@id\":\"https:\\\/\\\/anivet.lt\\\/elparduotuve\\\/produktas\\\/virbac-cat-kj3-advanced-kidney-and-joint-support\\\/#primaryimage\"},\"image\":{\"@id\":\"https:\\\/\\\/anivet.lt\\\/elparduotuve\\\/produktas\\\/virbac-cat-kj3-advanced-kidney-and-joint-support\\\/#primaryimage\"},\"thumbnailUrl\":\"https:\\\/\\\/anivet.lt\\\/elparduotuve\\\/wp-content\\\/uploads\\\/2024\\\/01\\\/Virbac-KJ3-Cat.png\",\"datePublished\":\"2024-01-19T11:24:46+00:00\",\"dateModified\":\"2026-02-23T22:18:21+00:00\",\"description\":\"Visavertis sausas pa\u0161aras, specialiai sukurtas kat\u0117ms, turin\u010dioms inkst\u0173 funkcijos sutrikim\u0173 (3-4 stadijos) ir osteoartrito problem\u0173. Pa\u0161aras tinka tiek gydymui, tiek profilaktikai, siekiant palaikyti ger\u0105 s\u0105nari\u0173 ir inkst\u0173 sveikat\u0105.\",\"breadcrumb\":{\"@id\":\"https:\\\/\\\/anivet.lt\\\/elparduotuve\\\/produktas\\\/virbac-cat-kj3-advanced-kidney-and-joint-support\\\/#breadcrumb\"},\"inLanguage\":\"lt-LT\",\"potentialAction\":[{\"@type\":\"ReadAction\",\"target\":[\"https:\\\/\\\/anivet.lt\\\/elparduotuve\\\/produktas\\\/virbac-cat-kj3-advanced-kidney-and-joint-support\\\/\"]}]},{\"@type\":\"ImageObject\",\"inLanguage\":\"lt-LT\",\"@id\":\"https:\\\/\\\/anivet.lt\\\/elparduotuve\\\/produktas\\\/virbac-cat-kj3-advanced-kidney-and-joint-support\\\/#primaryimage\",\"url\":\"https:\\\/\\\/anivet.lt\\\/elparduotuve\\\/wp-content\\\/uploads\\\/2024\\\/01\\\/Virbac-KJ3-Cat.png\",\"contentUrl\":\"https:\\\/\\\/anivet.lt\\\/elparduotuve\\\/wp-content\\\/uploads\\\/2024\\\/01\\\/Virbac-KJ3-Cat.png\",\"width\":2560,\"height\":2560,\"caption\":\"Virbac Cat KJ3 Advanced kidney and joint Support\"},{\"@type\":\"BreadcrumbList\",\"@id\":\"https:\\\/\\\/anivet.lt\\\/elparduotuve\\\/produktas\\\/virbac-cat-kj3-advanced-kidney-and-joint-support\\\/#breadcrumb\",\"itemListElement\":[{\"@type\":\"ListItem\",\"position\":1,\"name\":\"Home\",\"item\":\"https:\\\/\\\/anivet.lt\\\/elparduotuve\\\/\"},{\"@type\":\"ListItem\",\"position\":2,\"name\":\"Produktai\",\"item\":\"https:\\\/\\\/anivet.lt\\\/elparduotuve\\\/produktai\\\/\"},{\"@type\":\"ListItem\",\"position\":3,\"name\":\"Virbac Cat KJ3 Advanced kidney and joint Support\"}]},{\"@type\":\"WebSite\",\"@id\":\"https:\\\/\\\/anivet.lt\\\/elparduotuve\\\/#website\",\"url\":\"https:\\\/\\\/anivet.lt\\\/elparduotuve\\\/\",\"name\":\"anivet.lt\",\"description\":\"Viskas J\u016bs\u0173 \u0161uns, kat\u0117s prie\u017ei\u016brai\",\"publisher\":{\"@id\":\"https:\\\/\\\/anivet.lt\\\/elparduotuve\\\/#organization\"},\"alternateName\":\"Viskas J\u016bs\u0173 \u0161uns, kat\u0117s prie\u017ei\u016brai\",\"potentialAction\":[{\"@type\":\"SearchAction\",\"target\":{\"@type\":\"EntryPoint\",\"urlTemplate\":\"https:\\\/\\\/anivet.lt\\\/elparduotuve\\\/?s={search_term_string}\"},\"query-input\":{\"@type\":\"PropertyValueSpecification\",\"valueRequired\":true,\"valueName\":\"search_term_string\"}}],\"inLanguage\":\"lt-LT\"},{\"@type\":\"Organization\",\"@id\":\"https:\\\/\\\/anivet.lt\\\/elparduotuve\\\/#organization\",\"name\":\"Viskas J\u016bs\u0173 \u0161uns, kat\u0117s prie\u017ei\u016brai\",\"url\":\"https:\\\/\\\/anivet.lt\\\/elparduotuve\\\/\",\"logo\":{\"@type\":\"ImageObject\",\"inLanguage\":\"lt-LT\",\"@id\":\"https:\\\/\\\/anivet.lt\\\/elparduotuve\\\/#\\\/schema\\\/logo\\\/image\\\/\",\"url\":\"https:\\\/\\\/anivet.lt\\\/elparduotuve\\\/wp-content\\\/uploads\\\/2023\\\/06\\\/logo2.jpg\",\"contentUrl\":\"https:\\\/\\\/anivet.lt\\\/elparduotuve\\\/wp-content\\\/uploads\\\/2023\\\/06\\\/logo2.jpg\",\"width\":655,\"height\":194,\"caption\":\"Viskas J\u016bs\u0173 \u0161uns, kat\u0117s prie\u017ei\u016brai\"},\"image\":{\"@id\":\"https:\\\/\\\/anivet.lt\\\/elparduotuve\\\/#\\\/schema\\\/logo\\\/image\\\/\"}}]}<\/script>\n<!-- \/ Yoast SEO Premium plugin. -->","yoast_head_json":{"title":"Virbac Cat KJ3 Advanced kidney and joint Support - anivet.lt","description":"Visavertis sausas pa\u0161aras, specialiai sukurtas kat\u0117ms, turin\u010dioms inkst\u0173 funkcijos sutrikim\u0173 (3-4 stadijos) ir osteoartrito problem\u0173. Pa\u0161aras tinka tiek gydymui, tiek profilaktikai, siekiant palaikyti ger\u0105 s\u0105nari\u0173 ir inkst\u0173 sveikat\u0105.","robots":{"index":"index","follow":"follow","max-snippet":"max-snippet:-1","max-image-preview":"max-image-preview:large","max-video-preview":"max-video-preview:-1"},"canonical":"https:\/\/anivet.lt\/elparduotuve\/produktas\/virbac-cat-kj3-advanced-kidney-and-joint-support\/","og_locale":"lt_LT","og_type":"article","og_title":"Virbac Cat KJ3 Advanced kidney and joint Support","og_description":"Visavertis sausas pa\u0161aras, specialiai sukurtas kat\u0117ms, turin\u010dioms inkst\u0173 funkcijos sutrikim\u0173 (3-4 stadijos) ir osteoartrito problem\u0173. Pa\u0161aras tinka tiek gydymui, tiek profilaktikai, siekiant palaikyti ger\u0105 s\u0105nari\u0173 ir inkst\u0173 sveikat\u0105.","og_url":"https:\/\/anivet.lt\/elparduotuve\/produktas\/virbac-cat-kj3-advanced-kidney-and-joint-support\/","og_site_name":"anivet.lt","article_modified_time":"2026-02-23T22:18:21+00:00","og_image":[{"width":2560,"height":2560,"url":"https:\/\/anivet.lt\/elparduotuve\/wp-content\/uploads\/2024\/01\/Virbac-KJ3-Cat.png","type":"image\/png"}],"twitter_card":"summary_large_image","twitter_misc":{"Est. reading time":"1 minut\u0117"},"schema":{"@context":"https:\/\/schema.org","@graph":[{"@type":"WebPage","@id":"https:\/\/anivet.lt\/elparduotuve\/produktas\/virbac-cat-kj3-advanced-kidney-and-joint-support\/","url":"https:\/\/anivet.lt\/elparduotuve\/produktas\/virbac-cat-kj3-advanced-kidney-and-joint-support\/","name":"Virbac Cat KJ3 Advanced kidney and joint Support - anivet.lt","isPartOf":{"@id":"https:\/\/anivet.lt\/elparduotuve\/#website"},"primaryImageOfPage":{"@id":"https:\/\/anivet.lt\/elparduotuve\/produktas\/virbac-cat-kj3-advanced-kidney-and-joint-support\/#primaryimage"},"image":{"@id":"https:\/\/anivet.lt\/elparduotuve\/produktas\/virbac-cat-kj3-advanced-kidney-and-joint-support\/#primaryimage"},"thumbnailUrl":"https:\/\/anivet.lt\/elparduotuve\/wp-content\/uploads\/2024\/01\/Virbac-KJ3-Cat.png","datePublished":"2024-01-19T11:24:46+00:00","dateModified":"2026-02-23T22:18:21+00:00","description":"Visavertis sausas pa\u0161aras, specialiai sukurtas kat\u0117ms, turin\u010dioms inkst\u0173 funkcijos sutrikim\u0173 (3-4 stadijos) ir osteoartrito problem\u0173. Pa\u0161aras tinka tiek gydymui, tiek profilaktikai, siekiant palaikyti ger\u0105 s\u0105nari\u0173 ir inkst\u0173 sveikat\u0105.","breadcrumb":{"@id":"https:\/\/anivet.lt\/elparduotuve\/produktas\/virbac-cat-kj3-advanced-kidney-and-joint-support\/#breadcrumb"},"inLanguage":"lt-LT","potentialAction":[{"@type":"ReadAction","target":["https:\/\/anivet.lt\/elparduotuve\/produktas\/virbac-cat-kj3-advanced-kidney-and-joint-support\/"]}]},{"@type":"ImageObject","inLanguage":"lt-LT","@id":"https:\/\/anivet.lt\/elparduotuve\/produktas\/virbac-cat-kj3-advanced-kidney-and-joint-support\/#primaryimage","url":"https:\/\/anivet.lt\/elparduotuve\/wp-content\/uploads\/2024\/01\/Virbac-KJ3-Cat.png","contentUrl":"https:\/\/anivet.lt\/elparduotuve\/wp-content\/uploads\/2024\/01\/Virbac-KJ3-Cat.png","width":2560,"height":2560,"caption":"Virbac Cat KJ3 Advanced kidney and joint Support"},{"@type":"BreadcrumbList","@id":"https:\/\/anivet.lt\/elparduotuve\/produktas\/virbac-cat-kj3-advanced-kidney-and-joint-support\/#breadcrumb","itemListElement":[{"@type":"ListItem","position":1,"name":"Home","item":"https:\/\/anivet.lt\/elparduotuve\/"},{"@type":"ListItem","position":2,"name":"Produktai","item":"https:\/\/anivet.lt\/elparduotuve\/produktai\/"},{"@type":"ListItem","position":3,"name":"Virbac Cat KJ3 Advanced kidney and joint Support"}]},{"@type":"WebSite","@id":"https:\/\/anivet.lt\/elparduotuve\/#website","url":"https:\/\/anivet.lt\/elparduotuve\/","name":"anivet.lt","description":"Viskas J\u016bs\u0173 \u0161uns, kat\u0117s prie\u017ei\u016brai","publisher":{"@id":"https:\/\/anivet.lt\/elparduotuve\/#organization"},"alternateName":"Viskas J\u016bs\u0173 \u0161uns, kat\u0117s prie\u017ei\u016brai","potentialAction":[{"@type":"SearchAction","target":{"@type":"EntryPoint","urlTemplate":"https:\/\/anivet.lt\/elparduotuve\/?s={search_term_string}"},"query-input":{"@type":"PropertyValueSpecification","valueRequired":true,"valueName":"search_term_string"}}],"inLanguage":"lt-LT"},{"@type":"Organization","@id":"https:\/\/anivet.lt\/elparduotuve\/#organization","name":"Viskas J\u016bs\u0173 \u0161uns, kat\u0117s prie\u017ei\u016brai","url":"https:\/\/anivet.lt\/elparduotuve\/","logo":{"@type":"ImageObject","inLanguage":"lt-LT","@id":"https:\/\/anivet.lt\/elparduotuve\/#\/schema\/logo\/image\/","url":"https:\/\/anivet.lt\/elparduotuve\/wp-content\/uploads\/2023\/06\/logo2.jpg","contentUrl":"https:\/\/anivet.lt\/elparduotuve\/wp-content\/uploads\/2023\/06\/logo2.jpg","width":655,"height":194,"caption":"Viskas J\u016bs\u0173 \u0161uns, kat\u0117s prie\u017ei\u016brai"},"image":{"@id":"https:\/\/anivet.lt\/elparduotuve\/#\/schema\/logo\/image\/"}}]}},"_links":{"self":[{"href":"https:\/\/anivet.lt\/elparduotuve\/wp-json\/wp\/v2\/product\/12972","targetHints":{"allow":["GET"]}}],"collection":[{"href":"https:\/\/anivet.lt\/elparduotuve\/wp-json\/wp\/v2\/product"}],"about":[{"href":"https:\/\/anivet.lt\/elparduotuve\/wp-json\/wp\/v2\/types\/product"}],"wp:featuredmedia":[{"embeddable":true,"href":"https:\/\/anivet.lt\/elparduotuve\/wp-json\/wp\/v2\/media\/12973"}],"wp:attachment":[{"href":"https:\/\/anivet.lt\/elparduotuve\/wp-json\/wp\/v2\/media?parent=12972"}],"wp:term":[{"taxonomy":"product_brand","embeddable":true,"href":"https:\/\/anivet.lt\/elparduotuve\/wp-json\/wp\/v2\/product_brand?post=12972"},{"taxonomy":"product_cat","embeddable":true,"href":"https:\/\/anivet.lt\/elparduotuve\/wp-json\/wp\/v2\/product_cat?post=12972"},{"taxonomy":"product_tag","embeddable":true,"href":"https:\/\/anivet.lt\/elparduotuve\/wp-json\/wp\/v2\/product_tag?post=12972"}],"curies":[{"name":"wp","href":"https:\/\/api.w.org\/{rel}","templated":true}]}}