{"id":12976,"date":"2024-01-19T12:32:26","date_gmt":"2024-01-19T12:32:26","guid":{"rendered":"https:\/\/anivet.lt\/elparduotuve\/?post_type=product&#038;p=12976"},"modified":"2026-02-23T22:16:13","modified_gmt":"2026-02-23T22:16:13","slug":"virbac-kj1-early-kidney-joint-care-wet-konservai","status":"publish","type":"product","link":"https:\/\/anivet.lt\/elparduotuve\/produktas\/virbac-kj1-early-kidney-joint-care-wet-konservai\/","title":{"rendered":"Virbac Cat KJ1 Early Kidney Joint Care Wet konservai"},"content":{"rendered":"<ul>\n<li style=\"font-weight: 400;\" aria-level=\"1\"><span style=\"font-weight: 400;\">Auk\u0161tos kokyb\u0117s baltymai: U\u017etikrina tinkam\u0105 mitybos balans\u0105.<\/span><\/li>\n<li style=\"font-weight: 400;\" aria-level=\"1\"><span style=\"font-weight: 400;\">Ma\u017eas fosforo kiekis: Padeda apsaugoti inkst\u0173 veikl\u0105.<\/span><\/li>\n<li style=\"font-weight: 400;\" aria-level=\"1\"><span style=\"font-weight: 400;\">Didelis Omega-3 ir DHA kiekis: Ma\u017eina u\u017edegim\u0105 ir palaiko s\u0105nari\u0173 bei inkst\u0173 sveikat\u0105.<\/span><\/li>\n<li style=\"font-weight: 400;\" aria-level=\"1\"><span style=\"font-weight: 400;\">Derinamas su sausu pa\u0161aru: Galima naudoti kartu su KJ1 Early Kidney Joint Care sausu maistu.<\/span><\/li>\n<\/ul>\n<p><span style=\"font-weight: 400;\">Konservai yra puikus pasirinkimas kat\u0117ms, turin\u010dioms tiek inkst\u0173 veiklos sutrikim\u0173, tiek s\u0105nari\u0173 problem\u0173. Jis pasi\u017eymi specialiai pritaikyta sud\u0117timi, kuri ne tik palaiko sveikat\u0105, bet ir u\u017etikrina skan\u0173 bei maisting\u0105 maist\u0105 j\u016bs\u0173 augintiniui.<\/span><\/p>\n","protected":false},"excerpt":{"rendered":"<p><span style=\"font-weight: 400;\">\u0160ie konservai yra visavertis dietinis maistas kat\u0117ms, sprend\u017eiantis dvi problemas vienu metu: inkst\u0173 funkcijos palaikym\u0105 ir osteoartrito problem\u0173 valdym\u0105.<\/span><\/p>\n","protected":false},"featured_media":12977,"template":"","meta":[],"product_brand":[],"product_cat":[114,102,118,348],"product_tag":[],"class_list":{"0":"post-12976","1":"product","2":"type-product","3":"status-publish","4":"has-post-thumbnail","6":"product_cat-kaciu-maistas","7":"product_cat-katems","8":"product_cat-veterinarinis-maistas-katems","9":"product_cat-virbac-kaciu-maistas","10":"pa_prekinis-zenklas-virbac","12":"first","13":"instock","14":"taxable","15":"shipping-taxable","16":"purchasable","17":"product-type-simple"},"yoast_head":"<!-- This site is optimized with the Yoast SEO Premium plugin v27.1 (Yoast SEO v27.5) - https:\/\/yoast.com\/product\/yoast-seo-premium-wordpress\/ -->\n<title>Virbac Cat KJ1 Early Kidney Joint Care Wet konservai - anivet.lt<\/title>\n<meta name=\"description\" content=\"\u0160ie konservai yra visavertis dietinis maistas kat\u0117ms, sprend\u017eiantis dvi problemas vienu metu: inkst\u0173 funkcijos palaikym\u0105 ir osteoartrito problem\u0173 valdym\u0105.\" \/>\n<meta name=\"robots\" content=\"index, follow, max-snippet:-1, max-image-preview:large, max-video-preview:-1\" \/>\n<link rel=\"canonical\" href=\"https:\/\/anivet.lt\/elparduotuve\/produktas\/virbac-kj1-early-kidney-joint-care-wet-konservai\/\" \/>\n<meta property=\"og:locale\" content=\"lt_LT\" \/>\n<meta property=\"og:type\" content=\"article\" \/>\n<meta property=\"og:title\" content=\"Virbac Cat KJ1 Early Kidney Joint Care Wet konservai\" \/>\n<meta property=\"og:description\" content=\"\u0160ie konservai yra visavertis dietinis maistas kat\u0117ms, sprend\u017eiantis dvi problemas vienu metu: inkst\u0173 funkcijos palaikym\u0105 ir osteoartrito problem\u0173 valdym\u0105.\" \/>\n<meta property=\"og:url\" content=\"https:\/\/anivet.lt\/elparduotuve\/produktas\/virbac-kj1-early-kidney-joint-care-wet-konservai\/\" \/>\n<meta property=\"og:site_name\" content=\"anivet.lt\" \/>\n<meta property=\"article:modified_time\" content=\"2026-02-23T22:16:13+00:00\" \/>\n<meta property=\"og:image\" content=\"https:\/\/anivet.lt\/elparduotuve\/wp-content\/uploads\/2024\/01\/virbac-cat-early-kidney-joint-kj1.jpg\" \/>\n\t<meta property=\"og:image:width\" content=\"800\" \/>\n\t<meta property=\"og:image:height\" content=\"600\" \/>\n\t<meta property=\"og:image:type\" content=\"image\/jpeg\" \/>\n<meta name=\"twitter:card\" content=\"summary_large_image\" \/>\n<meta name=\"twitter:label1\" content=\"Est. reading time\" \/>\n\t<meta name=\"twitter:data1\" content=\"1 minut\u0117\" \/>\n<script type=\"application\/ld+json\" class=\"yoast-schema-graph\">{\"@context\":\"https:\\\/\\\/schema.org\",\"@graph\":[{\"@type\":\"WebPage\",\"@id\":\"https:\\\/\\\/anivet.lt\\\/elparduotuve\\\/produktas\\\/virbac-kj1-early-kidney-joint-care-wet-konservai\\\/\",\"url\":\"https:\\\/\\\/anivet.lt\\\/elparduotuve\\\/produktas\\\/virbac-kj1-early-kidney-joint-care-wet-konservai\\\/\",\"name\":\"Virbac Cat KJ1 Early Kidney Joint Care Wet konservai - anivet.lt\",\"isPartOf\":{\"@id\":\"https:\\\/\\\/anivet.lt\\\/elparduotuve\\\/#website\"},\"primaryImageOfPage\":{\"@id\":\"https:\\\/\\\/anivet.lt\\\/elparduotuve\\\/produktas\\\/virbac-kj1-early-kidney-joint-care-wet-konservai\\\/#primaryimage\"},\"image\":{\"@id\":\"https:\\\/\\\/anivet.lt\\\/elparduotuve\\\/produktas\\\/virbac-kj1-early-kidney-joint-care-wet-konservai\\\/#primaryimage\"},\"thumbnailUrl\":\"https:\\\/\\\/anivet.lt\\\/elparduotuve\\\/wp-content\\\/uploads\\\/2024\\\/01\\\/virbac-cat-early-kidney-joint-kj1.jpg\",\"datePublished\":\"2024-01-19T12:32:26+00:00\",\"dateModified\":\"2026-02-23T22:16:13+00:00\",\"description\":\"\u0160ie konservai yra visavertis dietinis maistas kat\u0117ms, sprend\u017eiantis dvi problemas vienu metu: inkst\u0173 funkcijos palaikym\u0105 ir osteoartrito problem\u0173 valdym\u0105.\",\"breadcrumb\":{\"@id\":\"https:\\\/\\\/anivet.lt\\\/elparduotuve\\\/produktas\\\/virbac-kj1-early-kidney-joint-care-wet-konservai\\\/#breadcrumb\"},\"inLanguage\":\"lt-LT\",\"potentialAction\":[{\"@type\":\"ReadAction\",\"target\":[\"https:\\\/\\\/anivet.lt\\\/elparduotuve\\\/produktas\\\/virbac-kj1-early-kidney-joint-care-wet-konservai\\\/\"]}]},{\"@type\":\"ImageObject\",\"inLanguage\":\"lt-LT\",\"@id\":\"https:\\\/\\\/anivet.lt\\\/elparduotuve\\\/produktas\\\/virbac-kj1-early-kidney-joint-care-wet-konservai\\\/#primaryimage\",\"url\":\"https:\\\/\\\/anivet.lt\\\/elparduotuve\\\/wp-content\\\/uploads\\\/2024\\\/01\\\/virbac-cat-early-kidney-joint-kj1.jpg\",\"contentUrl\":\"https:\\\/\\\/anivet.lt\\\/elparduotuve\\\/wp-content\\\/uploads\\\/2024\\\/01\\\/virbac-cat-early-kidney-joint-kj1.jpg\",\"width\":800,\"height\":600,\"caption\":\"Virbac Cat KJ1 Early Kidney Joint Care Wet konservai\"},{\"@type\":\"BreadcrumbList\",\"@id\":\"https:\\\/\\\/anivet.lt\\\/elparduotuve\\\/produktas\\\/virbac-kj1-early-kidney-joint-care-wet-konservai\\\/#breadcrumb\",\"itemListElement\":[{\"@type\":\"ListItem\",\"position\":1,\"name\":\"Home\",\"item\":\"https:\\\/\\\/anivet.lt\\\/elparduotuve\\\/\"},{\"@type\":\"ListItem\",\"position\":2,\"name\":\"Produktai\",\"item\":\"https:\\\/\\\/anivet.lt\\\/elparduotuve\\\/produktai\\\/\"},{\"@type\":\"ListItem\",\"position\":3,\"name\":\"Virbac Cat KJ1 Early Kidney Joint Care Wet konservai\"}]},{\"@type\":\"WebSite\",\"@id\":\"https:\\\/\\\/anivet.lt\\\/elparduotuve\\\/#website\",\"url\":\"https:\\\/\\\/anivet.lt\\\/elparduotuve\\\/\",\"name\":\"anivet.lt\",\"description\":\"Viskas J\u016bs\u0173 \u0161uns, kat\u0117s prie\u017ei\u016brai\",\"publisher\":{\"@id\":\"https:\\\/\\\/anivet.lt\\\/elparduotuve\\\/#organization\"},\"alternateName\":\"Viskas J\u016bs\u0173 \u0161uns, kat\u0117s prie\u017ei\u016brai\",\"potentialAction\":[{\"@type\":\"SearchAction\",\"target\":{\"@type\":\"EntryPoint\",\"urlTemplate\":\"https:\\\/\\\/anivet.lt\\\/elparduotuve\\\/?s={search_term_string}\"},\"query-input\":{\"@type\":\"PropertyValueSpecification\",\"valueRequired\":true,\"valueName\":\"search_term_string\"}}],\"inLanguage\":\"lt-LT\"},{\"@type\":\"Organization\",\"@id\":\"https:\\\/\\\/anivet.lt\\\/elparduotuve\\\/#organization\",\"name\":\"Viskas J\u016bs\u0173 \u0161uns, kat\u0117s prie\u017ei\u016brai\",\"url\":\"https:\\\/\\\/anivet.lt\\\/elparduotuve\\\/\",\"logo\":{\"@type\":\"ImageObject\",\"inLanguage\":\"lt-LT\",\"@id\":\"https:\\\/\\\/anivet.lt\\\/elparduotuve\\\/#\\\/schema\\\/logo\\\/image\\\/\",\"url\":\"https:\\\/\\\/anivet.lt\\\/elparduotuve\\\/wp-content\\\/uploads\\\/2023\\\/06\\\/logo2.jpg\",\"contentUrl\":\"https:\\\/\\\/anivet.lt\\\/elparduotuve\\\/wp-content\\\/uploads\\\/2023\\\/06\\\/logo2.jpg\",\"width\":655,\"height\":194,\"caption\":\"Viskas J\u016bs\u0173 \u0161uns, kat\u0117s prie\u017ei\u016brai\"},\"image\":{\"@id\":\"https:\\\/\\\/anivet.lt\\\/elparduotuve\\\/#\\\/schema\\\/logo\\\/image\\\/\"}}]}<\/script>\n<!-- \/ Yoast SEO Premium plugin. -->","yoast_head_json":{"title":"Virbac Cat KJ1 Early Kidney Joint Care Wet konservai - anivet.lt","description":"\u0160ie konservai yra visavertis dietinis maistas kat\u0117ms, sprend\u017eiantis dvi problemas vienu metu: inkst\u0173 funkcijos palaikym\u0105 ir osteoartrito problem\u0173 valdym\u0105.","robots":{"index":"index","follow":"follow","max-snippet":"max-snippet:-1","max-image-preview":"max-image-preview:large","max-video-preview":"max-video-preview:-1"},"canonical":"https:\/\/anivet.lt\/elparduotuve\/produktas\/virbac-kj1-early-kidney-joint-care-wet-konservai\/","og_locale":"lt_LT","og_type":"article","og_title":"Virbac Cat KJ1 Early Kidney Joint Care Wet konservai","og_description":"\u0160ie konservai yra visavertis dietinis maistas kat\u0117ms, sprend\u017eiantis dvi problemas vienu metu: inkst\u0173 funkcijos palaikym\u0105 ir osteoartrito problem\u0173 valdym\u0105.","og_url":"https:\/\/anivet.lt\/elparduotuve\/produktas\/virbac-kj1-early-kidney-joint-care-wet-konservai\/","og_site_name":"anivet.lt","article_modified_time":"2026-02-23T22:16:13+00:00","og_image":[{"width":800,"height":600,"url":"https:\/\/anivet.lt\/elparduotuve\/wp-content\/uploads\/2024\/01\/virbac-cat-early-kidney-joint-kj1.jpg","type":"image\/jpeg"}],"twitter_card":"summary_large_image","twitter_misc":{"Est. reading time":"1 minut\u0117"},"schema":{"@context":"https:\/\/schema.org","@graph":[{"@type":"WebPage","@id":"https:\/\/anivet.lt\/elparduotuve\/produktas\/virbac-kj1-early-kidney-joint-care-wet-konservai\/","url":"https:\/\/anivet.lt\/elparduotuve\/produktas\/virbac-kj1-early-kidney-joint-care-wet-konservai\/","name":"Virbac Cat KJ1 Early Kidney Joint Care Wet konservai - anivet.lt","isPartOf":{"@id":"https:\/\/anivet.lt\/elparduotuve\/#website"},"primaryImageOfPage":{"@id":"https:\/\/anivet.lt\/elparduotuve\/produktas\/virbac-kj1-early-kidney-joint-care-wet-konservai\/#primaryimage"},"image":{"@id":"https:\/\/anivet.lt\/elparduotuve\/produktas\/virbac-kj1-early-kidney-joint-care-wet-konservai\/#primaryimage"},"thumbnailUrl":"https:\/\/anivet.lt\/elparduotuve\/wp-content\/uploads\/2024\/01\/virbac-cat-early-kidney-joint-kj1.jpg","datePublished":"2024-01-19T12:32:26+00:00","dateModified":"2026-02-23T22:16:13+00:00","description":"\u0160ie konservai yra visavertis dietinis maistas kat\u0117ms, sprend\u017eiantis dvi problemas vienu metu: inkst\u0173 funkcijos palaikym\u0105 ir osteoartrito problem\u0173 valdym\u0105.","breadcrumb":{"@id":"https:\/\/anivet.lt\/elparduotuve\/produktas\/virbac-kj1-early-kidney-joint-care-wet-konservai\/#breadcrumb"},"inLanguage":"lt-LT","potentialAction":[{"@type":"ReadAction","target":["https:\/\/anivet.lt\/elparduotuve\/produktas\/virbac-kj1-early-kidney-joint-care-wet-konservai\/"]}]},{"@type":"ImageObject","inLanguage":"lt-LT","@id":"https:\/\/anivet.lt\/elparduotuve\/produktas\/virbac-kj1-early-kidney-joint-care-wet-konservai\/#primaryimage","url":"https:\/\/anivet.lt\/elparduotuve\/wp-content\/uploads\/2024\/01\/virbac-cat-early-kidney-joint-kj1.jpg","contentUrl":"https:\/\/anivet.lt\/elparduotuve\/wp-content\/uploads\/2024\/01\/virbac-cat-early-kidney-joint-kj1.jpg","width":800,"height":600,"caption":"Virbac Cat KJ1 Early Kidney Joint Care Wet konservai"},{"@type":"BreadcrumbList","@id":"https:\/\/anivet.lt\/elparduotuve\/produktas\/virbac-kj1-early-kidney-joint-care-wet-konservai\/#breadcrumb","itemListElement":[{"@type":"ListItem","position":1,"name":"Home","item":"https:\/\/anivet.lt\/elparduotuve\/"},{"@type":"ListItem","position":2,"name":"Produktai","item":"https:\/\/anivet.lt\/elparduotuve\/produktai\/"},{"@type":"ListItem","position":3,"name":"Virbac Cat KJ1 Early Kidney Joint Care Wet konservai"}]},{"@type":"WebSite","@id":"https:\/\/anivet.lt\/elparduotuve\/#website","url":"https:\/\/anivet.lt\/elparduotuve\/","name":"anivet.lt","description":"Viskas J\u016bs\u0173 \u0161uns, kat\u0117s prie\u017ei\u016brai","publisher":{"@id":"https:\/\/anivet.lt\/elparduotuve\/#organization"},"alternateName":"Viskas J\u016bs\u0173 \u0161uns, kat\u0117s prie\u017ei\u016brai","potentialAction":[{"@type":"SearchAction","target":{"@type":"EntryPoint","urlTemplate":"https:\/\/anivet.lt\/elparduotuve\/?s={search_term_string}"},"query-input":{"@type":"PropertyValueSpecification","valueRequired":true,"valueName":"search_term_string"}}],"inLanguage":"lt-LT"},{"@type":"Organization","@id":"https:\/\/anivet.lt\/elparduotuve\/#organization","name":"Viskas J\u016bs\u0173 \u0161uns, kat\u0117s prie\u017ei\u016brai","url":"https:\/\/anivet.lt\/elparduotuve\/","logo":{"@type":"ImageObject","inLanguage":"lt-LT","@id":"https:\/\/anivet.lt\/elparduotuve\/#\/schema\/logo\/image\/","url":"https:\/\/anivet.lt\/elparduotuve\/wp-content\/uploads\/2023\/06\/logo2.jpg","contentUrl":"https:\/\/anivet.lt\/elparduotuve\/wp-content\/uploads\/2023\/06\/logo2.jpg","width":655,"height":194,"caption":"Viskas J\u016bs\u0173 \u0161uns, kat\u0117s prie\u017ei\u016brai"},"image":{"@id":"https:\/\/anivet.lt\/elparduotuve\/#\/schema\/logo\/image\/"}}]}},"_links":{"self":[{"href":"https:\/\/anivet.lt\/elparduotuve\/wp-json\/wp\/v2\/product\/12976","targetHints":{"allow":["GET"]}}],"collection":[{"href":"https:\/\/anivet.lt\/elparduotuve\/wp-json\/wp\/v2\/product"}],"about":[{"href":"https:\/\/anivet.lt\/elparduotuve\/wp-json\/wp\/v2\/types\/product"}],"wp:featuredmedia":[{"embeddable":true,"href":"https:\/\/anivet.lt\/elparduotuve\/wp-json\/wp\/v2\/media\/12977"}],"wp:attachment":[{"href":"https:\/\/anivet.lt\/elparduotuve\/wp-json\/wp\/v2\/media?parent=12976"}],"wp:term":[{"taxonomy":"product_brand","embeddable":true,"href":"https:\/\/anivet.lt\/elparduotuve\/wp-json\/wp\/v2\/product_brand?post=12976"},{"taxonomy":"product_cat","embeddable":true,"href":"https:\/\/anivet.lt\/elparduotuve\/wp-json\/wp\/v2\/product_cat?post=12976"},{"taxonomy":"product_tag","embeddable":true,"href":"https:\/\/anivet.lt\/elparduotuve\/wp-json\/wp\/v2\/product_tag?post=12976"}],"curies":[{"name":"wp","href":"https:\/\/api.w.org\/{rel}","templated":true}]}}