{"id":12978,"date":"2024-01-19T13:21:05","date_gmt":"2024-01-19T13:21:05","guid":{"rendered":"https:\/\/anivet.lt\/elparduotuve\/?post_type=product&#038;p=12978"},"modified":"2026-02-23T22:15:40","modified_gmt":"2026-02-23T22:15:40","slug":"virbac-cat-kj2-early-kidney-joint-care-wet-konservas","status":"publish","type":"product","link":"https:\/\/anivet.lt\/elparduotuve\/produktas\/virbac-cat-kj2-early-kidney-joint-care-wet-konservas\/","title":{"rendered":"Virbac Cat KJ2 Early Kidney Joint Care Wet konservai"},"content":{"rendered":"<ul>\n<li style=\"font-weight: 400;\" aria-level=\"1\"><span style=\"font-weight: 400;\">Dviej\u0173 problem\u0173 sprendimas viename pa\u0161are: Skirtas inkst\u0173 funkcijai gerinti ir s\u0105nari\u0173 b\u016bklei palaikyti.<\/span><\/li>\n<li style=\"font-weight: 400;\" aria-level=\"1\"><span style=\"font-weight: 400;\">Rekomenduojamas 2 stadijos CKD kat\u0117ms: Padeda sul\u0117tinti ligos progresavim\u0105.<\/span><\/li>\n<li style=\"font-weight: 400;\" aria-level=\"1\"><span style=\"font-weight: 400;\">Sud\u0117tyje Omega-3 ir DHA: Gerina s\u0105nari\u0173 judrum\u0105 ir ma\u017eina u\u017edegim\u0105.<\/span><\/li>\n<li style=\"font-weight: 400;\" aria-level=\"1\"><span style=\"font-weight: 400;\">Idealiai tinka vyresn\u0117ms kat\u0117ms: Padeda pagerinti j\u0173 gyvenimo kokyb\u0119.<\/span><\/li>\n<li style=\"font-weight: 400;\" aria-level=\"1\"><span style=\"font-weight: 400;\">Puikiai dera su sausu maistu: Gali b\u016bti derinamas su Vet HPM Cat Kidney and Joint sausu pa\u0161aru.<\/span><\/li>\n<\/ul>\n<p><span style=\"font-weight: 400;\">Ne tik palengvina l\u0117tinio inkst\u0173 nepakankamumo simptomus, bet ir u\u017etikrina geresn\u012f s\u0105nari\u0173 judrum\u0105 osteoartritu sergan\u010dioms kat\u0117ms. Auk\u0161tos kokyb\u0117s sudedamosios dalys ir puikus skonis u\u017etikrina, kad j\u016bs\u0173 augintinis su malonumu gaus reikiam\u0105 prie\u017ei\u016br\u0105.<\/span><\/p>\n","protected":false},"excerpt":{"rendered":"<p><span style=\"font-weight: 400;\">\u0160ie konservai yra unikalus sprendimas kat\u0117ms, turin\u010dioms inkst\u0173 funkcijos sutrikim\u0173 (2 stadijos l\u0117tin\u012f inkst\u0173 nepakankamum\u0105) bei ken\u010dian\u010dioms nuo osteoartrito. \u0160is \u0117dalas yra puikus pasirinkimas ne tik vyresn\u0117ms, bet ir visoms kat\u0117ms, kurioms b\u016btina s\u0105nari\u0173 prie\u017ei\u016bra. Tai inovatyvus sprendimas, leid\u017eiantis vienu metu spr\u0119sti dvi pagrindines problemas.<\/span><\/p>\n","protected":false},"featured_media":19361,"template":"","meta":[],"product_brand":[],"product_cat":[114,102,118,348],"product_tag":[],"class_list":{"0":"post-12978","1":"product","2":"type-product","3":"status-publish","4":"has-post-thumbnail","6":"product_cat-kaciu-maistas","7":"product_cat-katems","8":"product_cat-veterinarinis-maistas-katems","9":"product_cat-virbac-kaciu-maistas","10":"pa_prekinis-zenklas-virbac","12":"first","13":"instock","14":"taxable","15":"shipping-taxable","16":"purchasable","17":"product-type-simple"},"yoast_head":"<!-- This site is optimized with the Yoast SEO Premium plugin v27.1 (Yoast SEO v27.5) - https:\/\/yoast.com\/product\/yoast-seo-premium-wordpress\/ -->\n<title>Virbac Cat KJ2 Early Kidney Joint Care Wet konservai - anivet.lt<\/title>\n<meta name=\"description\" content=\"\u0160ie konservai yra unikalus sprendimas kat\u0117ms, turin\u010dioms inkst\u0173 funkcijos sutrikim\u0173 (2 stadijos l\u0117tin\u012f inkst\u0173 nepakankamum\u0105) bei ken\u010dian\u010dioms nuo osteoartrito. \u0160is \u0117dalas yra puikus pasirinkimas ne tik vyresn\u0117ms, bet ir visoms kat\u0117ms, kurioms b\u016btina s\u0105nari\u0173 prie\u017ei\u016bra. Tai inovatyvus sprendimas, leid\u017eiantis vienu metu spr\u0119sti dvi pagrindines problemas.\" \/>\n<meta name=\"robots\" content=\"index, follow, max-snippet:-1, max-image-preview:large, max-video-preview:-1\" \/>\n<link rel=\"canonical\" href=\"https:\/\/anivet.lt\/elparduotuve\/produktas\/virbac-cat-kj2-early-kidney-joint-care-wet-konservas\/\" \/>\n<meta property=\"og:locale\" content=\"lt_LT\" \/>\n<meta property=\"og:type\" content=\"article\" \/>\n<meta property=\"og:title\" content=\"Virbac Cat KJ2 Early Kidney Joint Care Wet konservai\" \/>\n<meta property=\"og:description\" content=\"\u0160ie konservai yra unikalus sprendimas kat\u0117ms, turin\u010dioms inkst\u0173 funkcijos sutrikim\u0173 (2 stadijos l\u0117tin\u012f inkst\u0173 nepakankamum\u0105) bei ken\u010dian\u010dioms nuo osteoartrito. \u0160is \u0117dalas yra puikus pasirinkimas ne tik vyresn\u0117ms, bet ir visoms kat\u0117ms, kurioms b\u016btina s\u0105nari\u0173 prie\u017ei\u016bra. Tai inovatyvus sprendimas, leid\u017eiantis vienu metu spr\u0119sti dvi pagrindines problemas.\" \/>\n<meta property=\"og:url\" content=\"https:\/\/anivet.lt\/elparduotuve\/produktas\/virbac-cat-kj2-early-kidney-joint-care-wet-konservas\/\" \/>\n<meta property=\"og:site_name\" content=\"anivet.lt\" \/>\n<meta property=\"article:modified_time\" content=\"2026-02-23T22:15:40+00:00\" \/>\n<meta property=\"og:image\" content=\"https:\/\/anivet.lt\/elparduotuve\/wp-content\/uploads\/2024\/01\/Virbac-Cat-KJ2-Early-Kidney-Joint-Care-Wet-konservai.jpg\" \/>\n\t<meta property=\"og:image:width\" content=\"650\" \/>\n\t<meta property=\"og:image:height\" content=\"650\" \/>\n\t<meta property=\"og:image:type\" content=\"image\/jpeg\" \/>\n<meta name=\"twitter:card\" content=\"summary_large_image\" \/>\n<meta name=\"twitter:label1\" content=\"Est. reading time\" \/>\n\t<meta name=\"twitter:data1\" content=\"1 minut\u0117\" \/>\n<script type=\"application\/ld+json\" class=\"yoast-schema-graph\">{\"@context\":\"https:\\\/\\\/schema.org\",\"@graph\":[{\"@type\":\"WebPage\",\"@id\":\"https:\\\/\\\/anivet.lt\\\/elparduotuve\\\/produktas\\\/virbac-cat-kj2-early-kidney-joint-care-wet-konservas\\\/\",\"url\":\"https:\\\/\\\/anivet.lt\\\/elparduotuve\\\/produktas\\\/virbac-cat-kj2-early-kidney-joint-care-wet-konservas\\\/\",\"name\":\"Virbac Cat KJ2 Early Kidney Joint Care Wet konservai - anivet.lt\",\"isPartOf\":{\"@id\":\"https:\\\/\\\/anivet.lt\\\/elparduotuve\\\/#website\"},\"primaryImageOfPage\":{\"@id\":\"https:\\\/\\\/anivet.lt\\\/elparduotuve\\\/produktas\\\/virbac-cat-kj2-early-kidney-joint-care-wet-konservas\\\/#primaryimage\"},\"image\":{\"@id\":\"https:\\\/\\\/anivet.lt\\\/elparduotuve\\\/produktas\\\/virbac-cat-kj2-early-kidney-joint-care-wet-konservas\\\/#primaryimage\"},\"thumbnailUrl\":\"https:\\\/\\\/anivet.lt\\\/elparduotuve\\\/wp-content\\\/uploads\\\/2024\\\/01\\\/Virbac-Cat-KJ2-Early-Kidney-Joint-Care-Wet-konservai.jpg\",\"datePublished\":\"2024-01-19T13:21:05+00:00\",\"dateModified\":\"2026-02-23T22:15:40+00:00\",\"description\":\"\u0160ie konservai yra unikalus sprendimas kat\u0117ms, turin\u010dioms inkst\u0173 funkcijos sutrikim\u0173 (2 stadijos l\u0117tin\u012f inkst\u0173 nepakankamum\u0105) bei ken\u010dian\u010dioms nuo osteoartrito. \u0160is \u0117dalas yra puikus pasirinkimas ne tik vyresn\u0117ms, bet ir visoms kat\u0117ms, kurioms b\u016btina s\u0105nari\u0173 prie\u017ei\u016bra. Tai inovatyvus sprendimas, leid\u017eiantis vienu metu spr\u0119sti dvi pagrindines problemas.\",\"breadcrumb\":{\"@id\":\"https:\\\/\\\/anivet.lt\\\/elparduotuve\\\/produktas\\\/virbac-cat-kj2-early-kidney-joint-care-wet-konservas\\\/#breadcrumb\"},\"inLanguage\":\"lt-LT\",\"potentialAction\":[{\"@type\":\"ReadAction\",\"target\":[\"https:\\\/\\\/anivet.lt\\\/elparduotuve\\\/produktas\\\/virbac-cat-kj2-early-kidney-joint-care-wet-konservas\\\/\"]}]},{\"@type\":\"ImageObject\",\"inLanguage\":\"lt-LT\",\"@id\":\"https:\\\/\\\/anivet.lt\\\/elparduotuve\\\/produktas\\\/virbac-cat-kj2-early-kidney-joint-care-wet-konservas\\\/#primaryimage\",\"url\":\"https:\\\/\\\/anivet.lt\\\/elparduotuve\\\/wp-content\\\/uploads\\\/2024\\\/01\\\/Virbac-Cat-KJ2-Early-Kidney-Joint-Care-Wet-konservai.jpg\",\"contentUrl\":\"https:\\\/\\\/anivet.lt\\\/elparduotuve\\\/wp-content\\\/uploads\\\/2024\\\/01\\\/Virbac-Cat-KJ2-Early-Kidney-Joint-Care-Wet-konservai.jpg\",\"width\":650,\"height\":650,\"caption\":\"Virbac Cat KJ2 Early Kidney Joint Care Wet konservai\"},{\"@type\":\"BreadcrumbList\",\"@id\":\"https:\\\/\\\/anivet.lt\\\/elparduotuve\\\/produktas\\\/virbac-cat-kj2-early-kidney-joint-care-wet-konservas\\\/#breadcrumb\",\"itemListElement\":[{\"@type\":\"ListItem\",\"position\":1,\"name\":\"Home\",\"item\":\"https:\\\/\\\/anivet.lt\\\/elparduotuve\\\/\"},{\"@type\":\"ListItem\",\"position\":2,\"name\":\"Produktai\",\"item\":\"https:\\\/\\\/anivet.lt\\\/elparduotuve\\\/produktai\\\/\"},{\"@type\":\"ListItem\",\"position\":3,\"name\":\"Virbac Cat KJ2 Early Kidney Joint Care Wet konservai\"}]},{\"@type\":\"WebSite\",\"@id\":\"https:\\\/\\\/anivet.lt\\\/elparduotuve\\\/#website\",\"url\":\"https:\\\/\\\/anivet.lt\\\/elparduotuve\\\/\",\"name\":\"anivet.lt\",\"description\":\"Viskas J\u016bs\u0173 \u0161uns, kat\u0117s prie\u017ei\u016brai\",\"publisher\":{\"@id\":\"https:\\\/\\\/anivet.lt\\\/elparduotuve\\\/#organization\"},\"alternateName\":\"Viskas J\u016bs\u0173 \u0161uns, kat\u0117s prie\u017ei\u016brai\",\"potentialAction\":[{\"@type\":\"SearchAction\",\"target\":{\"@type\":\"EntryPoint\",\"urlTemplate\":\"https:\\\/\\\/anivet.lt\\\/elparduotuve\\\/?s={search_term_string}\"},\"query-input\":{\"@type\":\"PropertyValueSpecification\",\"valueRequired\":true,\"valueName\":\"search_term_string\"}}],\"inLanguage\":\"lt-LT\"},{\"@type\":\"Organization\",\"@id\":\"https:\\\/\\\/anivet.lt\\\/elparduotuve\\\/#organization\",\"name\":\"Viskas J\u016bs\u0173 \u0161uns, kat\u0117s prie\u017ei\u016brai\",\"url\":\"https:\\\/\\\/anivet.lt\\\/elparduotuve\\\/\",\"logo\":{\"@type\":\"ImageObject\",\"inLanguage\":\"lt-LT\",\"@id\":\"https:\\\/\\\/anivet.lt\\\/elparduotuve\\\/#\\\/schema\\\/logo\\\/image\\\/\",\"url\":\"https:\\\/\\\/anivet.lt\\\/elparduotuve\\\/wp-content\\\/uploads\\\/2023\\\/06\\\/logo2.jpg\",\"contentUrl\":\"https:\\\/\\\/anivet.lt\\\/elparduotuve\\\/wp-content\\\/uploads\\\/2023\\\/06\\\/logo2.jpg\",\"width\":655,\"height\":194,\"caption\":\"Viskas J\u016bs\u0173 \u0161uns, kat\u0117s prie\u017ei\u016brai\"},\"image\":{\"@id\":\"https:\\\/\\\/anivet.lt\\\/elparduotuve\\\/#\\\/schema\\\/logo\\\/image\\\/\"}}]}<\/script>\n<!-- \/ Yoast SEO Premium plugin. -->","yoast_head_json":{"title":"Virbac Cat KJ2 Early Kidney Joint Care Wet konservai - anivet.lt","description":"\u0160ie konservai yra unikalus sprendimas kat\u0117ms, turin\u010dioms inkst\u0173 funkcijos sutrikim\u0173 (2 stadijos l\u0117tin\u012f inkst\u0173 nepakankamum\u0105) bei ken\u010dian\u010dioms nuo osteoartrito. \u0160is \u0117dalas yra puikus pasirinkimas ne tik vyresn\u0117ms, bet ir visoms kat\u0117ms, kurioms b\u016btina s\u0105nari\u0173 prie\u017ei\u016bra. Tai inovatyvus sprendimas, leid\u017eiantis vienu metu spr\u0119sti dvi pagrindines problemas.","robots":{"index":"index","follow":"follow","max-snippet":"max-snippet:-1","max-image-preview":"max-image-preview:large","max-video-preview":"max-video-preview:-1"},"canonical":"https:\/\/anivet.lt\/elparduotuve\/produktas\/virbac-cat-kj2-early-kidney-joint-care-wet-konservas\/","og_locale":"lt_LT","og_type":"article","og_title":"Virbac Cat KJ2 Early Kidney Joint Care Wet konservai","og_description":"\u0160ie konservai yra unikalus sprendimas kat\u0117ms, turin\u010dioms inkst\u0173 funkcijos sutrikim\u0173 (2 stadijos l\u0117tin\u012f inkst\u0173 nepakankamum\u0105) bei ken\u010dian\u010dioms nuo osteoartrito. \u0160is \u0117dalas yra puikus pasirinkimas ne tik vyresn\u0117ms, bet ir visoms kat\u0117ms, kurioms b\u016btina s\u0105nari\u0173 prie\u017ei\u016bra. Tai inovatyvus sprendimas, leid\u017eiantis vienu metu spr\u0119sti dvi pagrindines problemas.","og_url":"https:\/\/anivet.lt\/elparduotuve\/produktas\/virbac-cat-kj2-early-kidney-joint-care-wet-konservas\/","og_site_name":"anivet.lt","article_modified_time":"2026-02-23T22:15:40+00:00","og_image":[{"width":650,"height":650,"url":"https:\/\/anivet.lt\/elparduotuve\/wp-content\/uploads\/2024\/01\/Virbac-Cat-KJ2-Early-Kidney-Joint-Care-Wet-konservai.jpg","type":"image\/jpeg"}],"twitter_card":"summary_large_image","twitter_misc":{"Est. reading time":"1 minut\u0117"},"schema":{"@context":"https:\/\/schema.org","@graph":[{"@type":"WebPage","@id":"https:\/\/anivet.lt\/elparduotuve\/produktas\/virbac-cat-kj2-early-kidney-joint-care-wet-konservas\/","url":"https:\/\/anivet.lt\/elparduotuve\/produktas\/virbac-cat-kj2-early-kidney-joint-care-wet-konservas\/","name":"Virbac Cat KJ2 Early Kidney Joint Care Wet konservai - anivet.lt","isPartOf":{"@id":"https:\/\/anivet.lt\/elparduotuve\/#website"},"primaryImageOfPage":{"@id":"https:\/\/anivet.lt\/elparduotuve\/produktas\/virbac-cat-kj2-early-kidney-joint-care-wet-konservas\/#primaryimage"},"image":{"@id":"https:\/\/anivet.lt\/elparduotuve\/produktas\/virbac-cat-kj2-early-kidney-joint-care-wet-konservas\/#primaryimage"},"thumbnailUrl":"https:\/\/anivet.lt\/elparduotuve\/wp-content\/uploads\/2024\/01\/Virbac-Cat-KJ2-Early-Kidney-Joint-Care-Wet-konservai.jpg","datePublished":"2024-01-19T13:21:05+00:00","dateModified":"2026-02-23T22:15:40+00:00","description":"\u0160ie konservai yra unikalus sprendimas kat\u0117ms, turin\u010dioms inkst\u0173 funkcijos sutrikim\u0173 (2 stadijos l\u0117tin\u012f inkst\u0173 nepakankamum\u0105) bei ken\u010dian\u010dioms nuo osteoartrito. \u0160is \u0117dalas yra puikus pasirinkimas ne tik vyresn\u0117ms, bet ir visoms kat\u0117ms, kurioms b\u016btina s\u0105nari\u0173 prie\u017ei\u016bra. Tai inovatyvus sprendimas, leid\u017eiantis vienu metu spr\u0119sti dvi pagrindines problemas.","breadcrumb":{"@id":"https:\/\/anivet.lt\/elparduotuve\/produktas\/virbac-cat-kj2-early-kidney-joint-care-wet-konservas\/#breadcrumb"},"inLanguage":"lt-LT","potentialAction":[{"@type":"ReadAction","target":["https:\/\/anivet.lt\/elparduotuve\/produktas\/virbac-cat-kj2-early-kidney-joint-care-wet-konservas\/"]}]},{"@type":"ImageObject","inLanguage":"lt-LT","@id":"https:\/\/anivet.lt\/elparduotuve\/produktas\/virbac-cat-kj2-early-kidney-joint-care-wet-konservas\/#primaryimage","url":"https:\/\/anivet.lt\/elparduotuve\/wp-content\/uploads\/2024\/01\/Virbac-Cat-KJ2-Early-Kidney-Joint-Care-Wet-konservai.jpg","contentUrl":"https:\/\/anivet.lt\/elparduotuve\/wp-content\/uploads\/2024\/01\/Virbac-Cat-KJ2-Early-Kidney-Joint-Care-Wet-konservai.jpg","width":650,"height":650,"caption":"Virbac Cat KJ2 Early Kidney Joint Care Wet konservai"},{"@type":"BreadcrumbList","@id":"https:\/\/anivet.lt\/elparduotuve\/produktas\/virbac-cat-kj2-early-kidney-joint-care-wet-konservas\/#breadcrumb","itemListElement":[{"@type":"ListItem","position":1,"name":"Home","item":"https:\/\/anivet.lt\/elparduotuve\/"},{"@type":"ListItem","position":2,"name":"Produktai","item":"https:\/\/anivet.lt\/elparduotuve\/produktai\/"},{"@type":"ListItem","position":3,"name":"Virbac Cat KJ2 Early Kidney Joint Care Wet konservai"}]},{"@type":"WebSite","@id":"https:\/\/anivet.lt\/elparduotuve\/#website","url":"https:\/\/anivet.lt\/elparduotuve\/","name":"anivet.lt","description":"Viskas J\u016bs\u0173 \u0161uns, kat\u0117s prie\u017ei\u016brai","publisher":{"@id":"https:\/\/anivet.lt\/elparduotuve\/#organization"},"alternateName":"Viskas J\u016bs\u0173 \u0161uns, kat\u0117s prie\u017ei\u016brai","potentialAction":[{"@type":"SearchAction","target":{"@type":"EntryPoint","urlTemplate":"https:\/\/anivet.lt\/elparduotuve\/?s={search_term_string}"},"query-input":{"@type":"PropertyValueSpecification","valueRequired":true,"valueName":"search_term_string"}}],"inLanguage":"lt-LT"},{"@type":"Organization","@id":"https:\/\/anivet.lt\/elparduotuve\/#organization","name":"Viskas J\u016bs\u0173 \u0161uns, kat\u0117s prie\u017ei\u016brai","url":"https:\/\/anivet.lt\/elparduotuve\/","logo":{"@type":"ImageObject","inLanguage":"lt-LT","@id":"https:\/\/anivet.lt\/elparduotuve\/#\/schema\/logo\/image\/","url":"https:\/\/anivet.lt\/elparduotuve\/wp-content\/uploads\/2023\/06\/logo2.jpg","contentUrl":"https:\/\/anivet.lt\/elparduotuve\/wp-content\/uploads\/2023\/06\/logo2.jpg","width":655,"height":194,"caption":"Viskas J\u016bs\u0173 \u0161uns, kat\u0117s prie\u017ei\u016brai"},"image":{"@id":"https:\/\/anivet.lt\/elparduotuve\/#\/schema\/logo\/image\/"}}]}},"_links":{"self":[{"href":"https:\/\/anivet.lt\/elparduotuve\/wp-json\/wp\/v2\/product\/12978","targetHints":{"allow":["GET"]}}],"collection":[{"href":"https:\/\/anivet.lt\/elparduotuve\/wp-json\/wp\/v2\/product"}],"about":[{"href":"https:\/\/anivet.lt\/elparduotuve\/wp-json\/wp\/v2\/types\/product"}],"wp:featuredmedia":[{"embeddable":true,"href":"https:\/\/anivet.lt\/elparduotuve\/wp-json\/wp\/v2\/media\/19361"}],"wp:attachment":[{"href":"https:\/\/anivet.lt\/elparduotuve\/wp-json\/wp\/v2\/media?parent=12978"}],"wp:term":[{"taxonomy":"product_brand","embeddable":true,"href":"https:\/\/anivet.lt\/elparduotuve\/wp-json\/wp\/v2\/product_brand?post=12978"},{"taxonomy":"product_cat","embeddable":true,"href":"https:\/\/anivet.lt\/elparduotuve\/wp-json\/wp\/v2\/product_cat?post=12978"},{"taxonomy":"product_tag","embeddable":true,"href":"https:\/\/anivet.lt\/elparduotuve\/wp-json\/wp\/v2\/product_tag?post=12978"}],"curies":[{"name":"wp","href":"https:\/\/api.w.org\/{rel}","templated":true}]}}