{"id":13011,"date":"2024-01-25T22:03:00","date_gmt":"2024-01-25T22:03:00","guid":{"rendered":"https:\/\/anivet.lt\/elparduotuve\/?post_type=product&#038;p=13011"},"modified":"2026-05-02T12:00:30","modified_gmt":"2026-05-02T12:00:30","slug":"hills-sp-canine-adult-sm-lamb-rice-mazu-veisliu-suaugusiems-sunims-su-eriena","status":"publish","type":"product","link":"https:\/\/anivet.lt\/elparduotuve\/produktas\/hills-sp-canine-adult-sm-lamb-rice-mazu-veisliu-suaugusiems-sunims-su-eriena\/","title":{"rendered":"Hill&#8217;s SP Canine Adult S&amp;M Lamb &amp; Rice ma\u017e\u0173 veisli\u0173 suaugusiems \u0161unims su \u0117riena"},"content":{"rendered":"<p><span style=\"font-weight: 400;\">\u0160is lengvai vir\u0161kinamas pa\u0161aras, specialiai pritaikytas ma\u017e\u0173 ir miniati\u016brini\u0173 veisli\u0173 suaugusi\u0173 \u0161un\u0173 poreikiams, u\u017etikrina optimali\u0105 mityb\u0105 ir sveikat\u0105 j\u0173 aktyviausiame gyvenimo etape.<\/span><\/p>\n<ul>\n<li style=\"font-weight: 400;\" aria-level=\"1\"><span style=\"font-weight: 400;\">Auk\u0161tos kokyb\u0117s baltymai: Padeda palaikyti lies\u0105 raumen\u0173 mas\u0119.<\/span><\/li>\n<li style=\"font-weight: 400;\" aria-level=\"1\"><span style=\"font-weight: 400;\">Lengvai vir\u0161kinama formul\u0117: Puikiai tinka jautresn\u0119 vir\u0161kinimo sistem\u0105 turintiems \u0161unims.<\/span><\/li>\n<li style=\"font-weight: 400;\" aria-level=\"1\"><span style=\"font-weight: 400;\">Omega-6 riebal\u0173 r\u016bg\u0161tys: Skatina sveikos odos ir \u017evilgan\u010dio kailio b\u016bkl\u0119.<\/span><\/li>\n<li style=\"font-weight: 400;\" aria-level=\"1\"><span style=\"font-weight: 400;\">Subalansuota mityba: Sukurta b\u016btent ma\u017e\u0173 veisli\u0173 \u0161unims nuo 1 iki 6 met\u0173.<\/span><\/li>\n<\/ul>\n<p><span style=\"font-weight: 400;\">\u201eHill\u2019s Science Plan Small &amp; Mini Adult\u201c yra pritaikytas ma\u017e\u0173 veisli\u0173 \u0161un\u0173 aktyvumui ir specifiniams poreikiams, u\u017etikrinant ger\u0105 vir\u0161kinim\u0105, raumen\u0173 palaikym\u0105 ir sveik\u0105 kail\u012f. \u0160is maistas, papildytas \u0117riena ir ry\u017eiais, garantuoja subalansuot\u0105 mityb\u0105 ir optimal\u0173 skon\u012f j\u016bs\u0173 augintiniui. Puikus pasirinkimas \u0161unims, kurie sveria iki 10 kg ir gyvena aktyv\u0173 gyvenim\u0105.<\/span><\/p>\n<h3><b>Nerekomenduojama:<\/b><\/h3>\n<ul>\n<li style=\"font-weight: 400;\" aria-level=\"1\"><span style=\"font-weight: 400;\">\u0160<\/span><span style=\"font-weight: 400;\">uniukams arba brandiems suaugusiems \u0161unims (vyresniems negu 6 met\u0173).<\/span><\/li>\n<\/ul>\n","protected":false},"excerpt":{"rendered":"<p>\u0160is lengvai vir\u0161kinamas pa\u0161aras, specialiai pritaikytas ma\u017e\u0173 ir miniati\u016brini\u0173 veisli\u0173 suaugusi\u0173 \u0161un\u0173 poreikiams, u\u017etikrina optimali\u0105 mityb\u0105 ir sveikat\u0105 j\u0173 aktyviausiame<\/p>\n","protected":false},"featured_media":13012,"template":"","meta":[],"product_brand":[],"product_cat":[101,103,104,333],"product_tag":[],"class_list":{"0":"post-13011","1":"product","2":"type-product","3":"status-publish","4":"has-post-thumbnail","6":"product_cat-sunims","7":"product_cat-sunu-maistas","8":"product_cat-sausas-maistas","9":"product_cat-hills-sunu-maistas","10":"pa_prekinis-zenklas-hills","12":"first","13":"instock","14":"taxable","15":"shipping-taxable","16":"purchasable","17":"product-type-variable"},"yoast_head":"<!-- This site is optimized with the Yoast SEO Premium plugin v27.1 (Yoast SEO v27.5) - https:\/\/yoast.com\/product\/yoast-seo-premium-wordpress\/ -->\n<title>Hill&#039;s SP Canine Adult S&amp;M Lamb &amp; Rice ma\u017e\u0173 veisli\u0173 suaugusiems \u0161unims su \u0117riena - anivet.lt<\/title>\n<meta name=\"description\" content=\"\u0160is lengvai vir\u0161kinamas pa\u0161aras, specialiai pritaikytas ma\u017e\u0173 ir miniati\u016brini\u0173 veisli\u0173 suaugusi\u0173 \u0161un\u0173 poreikiams, u\u017etikrina optimali\u0105 mityb\u0105 ir sveikat\u0105 j\u0173\" \/>\n<meta name=\"robots\" content=\"index, follow, max-snippet:-1, max-image-preview:large, max-video-preview:-1\" \/>\n<link rel=\"canonical\" href=\"https:\/\/anivet.lt\/elparduotuve\/produktas\/hills-sp-canine-adult-sm-lamb-rice-mazu-veisliu-suaugusiems-sunims-su-eriena\/\" \/>\n<meta property=\"og:locale\" content=\"lt_LT\" \/>\n<meta property=\"og:type\" content=\"article\" \/>\n<meta property=\"og:title\" content=\"Hill&#039;s SP Canine Adult S&amp;M Lamb &amp; Rice ma\u017e\u0173 veisli\u0173 suaugusiems \u0161unims su \u0117riena\" \/>\n<meta property=\"og:description\" content=\"\u0160is lengvai vir\u0161kinamas pa\u0161aras, specialiai pritaikytas ma\u017e\u0173 ir miniati\u016brini\u0173 veisli\u0173 suaugusi\u0173 \u0161un\u0173 poreikiams, u\u017etikrina optimali\u0105 mityb\u0105 ir sveikat\u0105 j\u0173\" \/>\n<meta property=\"og:url\" content=\"https:\/\/anivet.lt\/elparduotuve\/produktas\/hills-sp-canine-adult-sm-lamb-rice-mazu-veisliu-suaugusiems-sunims-su-eriena\/\" \/>\n<meta property=\"og:site_name\" content=\"anivet.lt\" \/>\n<meta property=\"article:modified_time\" content=\"2026-05-02T12:00:30+00:00\" \/>\n<meta property=\"og:image\" content=\"https:\/\/anivet.lt\/elparduotuve\/wp-content\/uploads\/2024\/01\/607658.png\" \/>\n\t<meta property=\"og:image:width\" content=\"800\" \/>\n\t<meta property=\"og:image:height\" content=\"800\" \/>\n\t<meta property=\"og:image:type\" content=\"image\/png\" \/>\n<meta name=\"twitter:card\" content=\"summary_large_image\" \/>\n<meta name=\"twitter:label1\" content=\"Est. reading time\" \/>\n\t<meta name=\"twitter:data1\" content=\"1 minut\u0117\" \/>\n<script type=\"application\/ld+json\" class=\"yoast-schema-graph\">{\"@context\":\"https:\\\/\\\/schema.org\",\"@graph\":[{\"@type\":\"WebPage\",\"@id\":\"https:\\\/\\\/anivet.lt\\\/elparduotuve\\\/produktas\\\/hills-sp-canine-adult-sm-lamb-rice-mazu-veisliu-suaugusiems-sunims-su-eriena\\\/\",\"url\":\"https:\\\/\\\/anivet.lt\\\/elparduotuve\\\/produktas\\\/hills-sp-canine-adult-sm-lamb-rice-mazu-veisliu-suaugusiems-sunims-su-eriena\\\/\",\"name\":\"Hill's SP Canine Adult S&amp;M Lamb &amp; Rice ma\u017e\u0173 veisli\u0173 suaugusiems \u0161unims su \u0117riena - anivet.lt\",\"isPartOf\":{\"@id\":\"https:\\\/\\\/anivet.lt\\\/elparduotuve\\\/#website\"},\"primaryImageOfPage\":{\"@id\":\"https:\\\/\\\/anivet.lt\\\/elparduotuve\\\/produktas\\\/hills-sp-canine-adult-sm-lamb-rice-mazu-veisliu-suaugusiems-sunims-su-eriena\\\/#primaryimage\"},\"image\":{\"@id\":\"https:\\\/\\\/anivet.lt\\\/elparduotuve\\\/produktas\\\/hills-sp-canine-adult-sm-lamb-rice-mazu-veisliu-suaugusiems-sunims-su-eriena\\\/#primaryimage\"},\"thumbnailUrl\":\"https:\\\/\\\/anivet.lt\\\/elparduotuve\\\/wp-content\\\/uploads\\\/2024\\\/01\\\/607658.png\",\"datePublished\":\"2024-01-25T22:03:00+00:00\",\"dateModified\":\"2026-05-02T12:00:30+00:00\",\"description\":\"\u0160is lengvai vir\u0161kinamas pa\u0161aras, specialiai pritaikytas ma\u017e\u0173 ir miniati\u016brini\u0173 veisli\u0173 suaugusi\u0173 \u0161un\u0173 poreikiams, u\u017etikrina optimali\u0105 mityb\u0105 ir sveikat\u0105 j\u0173\",\"breadcrumb\":{\"@id\":\"https:\\\/\\\/anivet.lt\\\/elparduotuve\\\/produktas\\\/hills-sp-canine-adult-sm-lamb-rice-mazu-veisliu-suaugusiems-sunims-su-eriena\\\/#breadcrumb\"},\"inLanguage\":\"lt-LT\",\"potentialAction\":[{\"@type\":\"ReadAction\",\"target\":[\"https:\\\/\\\/anivet.lt\\\/elparduotuve\\\/produktas\\\/hills-sp-canine-adult-sm-lamb-rice-mazu-veisliu-suaugusiems-sunims-su-eriena\\\/\"]}]},{\"@type\":\"ImageObject\",\"inLanguage\":\"lt-LT\",\"@id\":\"https:\\\/\\\/anivet.lt\\\/elparduotuve\\\/produktas\\\/hills-sp-canine-adult-sm-lamb-rice-mazu-veisliu-suaugusiems-sunims-su-eriena\\\/#primaryimage\",\"url\":\"https:\\\/\\\/anivet.lt\\\/elparduotuve\\\/wp-content\\\/uploads\\\/2024\\\/01\\\/607658.png\",\"contentUrl\":\"https:\\\/\\\/anivet.lt\\\/elparduotuve\\\/wp-content\\\/uploads\\\/2024\\\/01\\\/607658.png\",\"width\":800,\"height\":800,\"caption\":\"Hill's SP Canine Adult S&amp;M Lamb &amp; Rice ma\u017e\u0173 veisli\u0173 suaugusiems \u0161unims su \u0117riena\"},{\"@type\":\"BreadcrumbList\",\"@id\":\"https:\\\/\\\/anivet.lt\\\/elparduotuve\\\/produktas\\\/hills-sp-canine-adult-sm-lamb-rice-mazu-veisliu-suaugusiems-sunims-su-eriena\\\/#breadcrumb\",\"itemListElement\":[{\"@type\":\"ListItem\",\"position\":1,\"name\":\"Home\",\"item\":\"https:\\\/\\\/anivet.lt\\\/elparduotuve\\\/\"},{\"@type\":\"ListItem\",\"position\":2,\"name\":\"Produktai\",\"item\":\"https:\\\/\\\/anivet.lt\\\/elparduotuve\\\/produktai\\\/\"},{\"@type\":\"ListItem\",\"position\":3,\"name\":\"Hill&#8217;s SP Canine Adult S&amp;M Lamb &amp; Rice ma\u017e\u0173 veisli\u0173 suaugusiems \u0161unims su \u0117riena\"}]},{\"@type\":\"WebSite\",\"@id\":\"https:\\\/\\\/anivet.lt\\\/elparduotuve\\\/#website\",\"url\":\"https:\\\/\\\/anivet.lt\\\/elparduotuve\\\/\",\"name\":\"anivet.lt\",\"description\":\"Viskas J\u016bs\u0173 \u0161uns, kat\u0117s prie\u017ei\u016brai\",\"publisher\":{\"@id\":\"https:\\\/\\\/anivet.lt\\\/elparduotuve\\\/#organization\"},\"alternateName\":\"Viskas J\u016bs\u0173 \u0161uns, kat\u0117s prie\u017ei\u016brai\",\"potentialAction\":[{\"@type\":\"SearchAction\",\"target\":{\"@type\":\"EntryPoint\",\"urlTemplate\":\"https:\\\/\\\/anivet.lt\\\/elparduotuve\\\/?s={search_term_string}\"},\"query-input\":{\"@type\":\"PropertyValueSpecification\",\"valueRequired\":true,\"valueName\":\"search_term_string\"}}],\"inLanguage\":\"lt-LT\"},{\"@type\":\"Organization\",\"@id\":\"https:\\\/\\\/anivet.lt\\\/elparduotuve\\\/#organization\",\"name\":\"Viskas J\u016bs\u0173 \u0161uns, kat\u0117s prie\u017ei\u016brai\",\"url\":\"https:\\\/\\\/anivet.lt\\\/elparduotuve\\\/\",\"logo\":{\"@type\":\"ImageObject\",\"inLanguage\":\"lt-LT\",\"@id\":\"https:\\\/\\\/anivet.lt\\\/elparduotuve\\\/#\\\/schema\\\/logo\\\/image\\\/\",\"url\":\"https:\\\/\\\/anivet.lt\\\/elparduotuve\\\/wp-content\\\/uploads\\\/2023\\\/06\\\/logo2.jpg\",\"contentUrl\":\"https:\\\/\\\/anivet.lt\\\/elparduotuve\\\/wp-content\\\/uploads\\\/2023\\\/06\\\/logo2.jpg\",\"width\":655,\"height\":194,\"caption\":\"Viskas J\u016bs\u0173 \u0161uns, kat\u0117s prie\u017ei\u016brai\"},\"image\":{\"@id\":\"https:\\\/\\\/anivet.lt\\\/elparduotuve\\\/#\\\/schema\\\/logo\\\/image\\\/\"}}]}<\/script>\n<!-- \/ Yoast SEO Premium plugin. -->","yoast_head_json":{"title":"Hill's SP Canine Adult S&amp;M Lamb &amp; Rice ma\u017e\u0173 veisli\u0173 suaugusiems \u0161unims su \u0117riena - anivet.lt","description":"\u0160is lengvai vir\u0161kinamas pa\u0161aras, specialiai pritaikytas ma\u017e\u0173 ir miniati\u016brini\u0173 veisli\u0173 suaugusi\u0173 \u0161un\u0173 poreikiams, u\u017etikrina optimali\u0105 mityb\u0105 ir sveikat\u0105 j\u0173","robots":{"index":"index","follow":"follow","max-snippet":"max-snippet:-1","max-image-preview":"max-image-preview:large","max-video-preview":"max-video-preview:-1"},"canonical":"https:\/\/anivet.lt\/elparduotuve\/produktas\/hills-sp-canine-adult-sm-lamb-rice-mazu-veisliu-suaugusiems-sunims-su-eriena\/","og_locale":"lt_LT","og_type":"article","og_title":"Hill's SP Canine Adult S&amp;M Lamb &amp; Rice ma\u017e\u0173 veisli\u0173 suaugusiems \u0161unims su \u0117riena","og_description":"\u0160is lengvai vir\u0161kinamas pa\u0161aras, specialiai pritaikytas ma\u017e\u0173 ir miniati\u016brini\u0173 veisli\u0173 suaugusi\u0173 \u0161un\u0173 poreikiams, u\u017etikrina optimali\u0105 mityb\u0105 ir sveikat\u0105 j\u0173","og_url":"https:\/\/anivet.lt\/elparduotuve\/produktas\/hills-sp-canine-adult-sm-lamb-rice-mazu-veisliu-suaugusiems-sunims-su-eriena\/","og_site_name":"anivet.lt","article_modified_time":"2026-05-02T12:00:30+00:00","og_image":[{"width":800,"height":800,"url":"https:\/\/anivet.lt\/elparduotuve\/wp-content\/uploads\/2024\/01\/607658.png","type":"image\/png"}],"twitter_card":"summary_large_image","twitter_misc":{"Est. reading time":"1 minut\u0117"},"schema":{"@context":"https:\/\/schema.org","@graph":[{"@type":"WebPage","@id":"https:\/\/anivet.lt\/elparduotuve\/produktas\/hills-sp-canine-adult-sm-lamb-rice-mazu-veisliu-suaugusiems-sunims-su-eriena\/","url":"https:\/\/anivet.lt\/elparduotuve\/produktas\/hills-sp-canine-adult-sm-lamb-rice-mazu-veisliu-suaugusiems-sunims-su-eriena\/","name":"Hill's SP Canine Adult S&amp;M Lamb &amp; Rice ma\u017e\u0173 veisli\u0173 suaugusiems \u0161unims su \u0117riena - anivet.lt","isPartOf":{"@id":"https:\/\/anivet.lt\/elparduotuve\/#website"},"primaryImageOfPage":{"@id":"https:\/\/anivet.lt\/elparduotuve\/produktas\/hills-sp-canine-adult-sm-lamb-rice-mazu-veisliu-suaugusiems-sunims-su-eriena\/#primaryimage"},"image":{"@id":"https:\/\/anivet.lt\/elparduotuve\/produktas\/hills-sp-canine-adult-sm-lamb-rice-mazu-veisliu-suaugusiems-sunims-su-eriena\/#primaryimage"},"thumbnailUrl":"https:\/\/anivet.lt\/elparduotuve\/wp-content\/uploads\/2024\/01\/607658.png","datePublished":"2024-01-25T22:03:00+00:00","dateModified":"2026-05-02T12:00:30+00:00","description":"\u0160is lengvai vir\u0161kinamas pa\u0161aras, specialiai pritaikytas ma\u017e\u0173 ir miniati\u016brini\u0173 veisli\u0173 suaugusi\u0173 \u0161un\u0173 poreikiams, u\u017etikrina optimali\u0105 mityb\u0105 ir sveikat\u0105 j\u0173","breadcrumb":{"@id":"https:\/\/anivet.lt\/elparduotuve\/produktas\/hills-sp-canine-adult-sm-lamb-rice-mazu-veisliu-suaugusiems-sunims-su-eriena\/#breadcrumb"},"inLanguage":"lt-LT","potentialAction":[{"@type":"ReadAction","target":["https:\/\/anivet.lt\/elparduotuve\/produktas\/hills-sp-canine-adult-sm-lamb-rice-mazu-veisliu-suaugusiems-sunims-su-eriena\/"]}]},{"@type":"ImageObject","inLanguage":"lt-LT","@id":"https:\/\/anivet.lt\/elparduotuve\/produktas\/hills-sp-canine-adult-sm-lamb-rice-mazu-veisliu-suaugusiems-sunims-su-eriena\/#primaryimage","url":"https:\/\/anivet.lt\/elparduotuve\/wp-content\/uploads\/2024\/01\/607658.png","contentUrl":"https:\/\/anivet.lt\/elparduotuve\/wp-content\/uploads\/2024\/01\/607658.png","width":800,"height":800,"caption":"Hill's SP Canine Adult S&amp;M Lamb &amp; Rice ma\u017e\u0173 veisli\u0173 suaugusiems \u0161unims su \u0117riena"},{"@type":"BreadcrumbList","@id":"https:\/\/anivet.lt\/elparduotuve\/produktas\/hills-sp-canine-adult-sm-lamb-rice-mazu-veisliu-suaugusiems-sunims-su-eriena\/#breadcrumb","itemListElement":[{"@type":"ListItem","position":1,"name":"Home","item":"https:\/\/anivet.lt\/elparduotuve\/"},{"@type":"ListItem","position":2,"name":"Produktai","item":"https:\/\/anivet.lt\/elparduotuve\/produktai\/"},{"@type":"ListItem","position":3,"name":"Hill&#8217;s SP Canine Adult S&amp;M Lamb &amp; Rice ma\u017e\u0173 veisli\u0173 suaugusiems \u0161unims su \u0117riena"}]},{"@type":"WebSite","@id":"https:\/\/anivet.lt\/elparduotuve\/#website","url":"https:\/\/anivet.lt\/elparduotuve\/","name":"anivet.lt","description":"Viskas J\u016bs\u0173 \u0161uns, kat\u0117s prie\u017ei\u016brai","publisher":{"@id":"https:\/\/anivet.lt\/elparduotuve\/#organization"},"alternateName":"Viskas J\u016bs\u0173 \u0161uns, kat\u0117s prie\u017ei\u016brai","potentialAction":[{"@type":"SearchAction","target":{"@type":"EntryPoint","urlTemplate":"https:\/\/anivet.lt\/elparduotuve\/?s={search_term_string}"},"query-input":{"@type":"PropertyValueSpecification","valueRequired":true,"valueName":"search_term_string"}}],"inLanguage":"lt-LT"},{"@type":"Organization","@id":"https:\/\/anivet.lt\/elparduotuve\/#organization","name":"Viskas J\u016bs\u0173 \u0161uns, kat\u0117s prie\u017ei\u016brai","url":"https:\/\/anivet.lt\/elparduotuve\/","logo":{"@type":"ImageObject","inLanguage":"lt-LT","@id":"https:\/\/anivet.lt\/elparduotuve\/#\/schema\/logo\/image\/","url":"https:\/\/anivet.lt\/elparduotuve\/wp-content\/uploads\/2023\/06\/logo2.jpg","contentUrl":"https:\/\/anivet.lt\/elparduotuve\/wp-content\/uploads\/2023\/06\/logo2.jpg","width":655,"height":194,"caption":"Viskas J\u016bs\u0173 \u0161uns, kat\u0117s prie\u017ei\u016brai"},"image":{"@id":"https:\/\/anivet.lt\/elparduotuve\/#\/schema\/logo\/image\/"}}]}},"_links":{"self":[{"href":"https:\/\/anivet.lt\/elparduotuve\/wp-json\/wp\/v2\/product\/13011","targetHints":{"allow":["GET"]}}],"collection":[{"href":"https:\/\/anivet.lt\/elparduotuve\/wp-json\/wp\/v2\/product"}],"about":[{"href":"https:\/\/anivet.lt\/elparduotuve\/wp-json\/wp\/v2\/types\/product"}],"wp:featuredmedia":[{"embeddable":true,"href":"https:\/\/anivet.lt\/elparduotuve\/wp-json\/wp\/v2\/media\/13012"}],"wp:attachment":[{"href":"https:\/\/anivet.lt\/elparduotuve\/wp-json\/wp\/v2\/media?parent=13011"}],"wp:term":[{"taxonomy":"product_brand","embeddable":true,"href":"https:\/\/anivet.lt\/elparduotuve\/wp-json\/wp\/v2\/product_brand?post=13011"},{"taxonomy":"product_cat","embeddable":true,"href":"https:\/\/anivet.lt\/elparduotuve\/wp-json\/wp\/v2\/product_cat?post=13011"},{"taxonomy":"product_tag","embeddable":true,"href":"https:\/\/anivet.lt\/elparduotuve\/wp-json\/wp\/v2\/product_tag?post=13011"}],"curies":[{"name":"wp","href":"https:\/\/api.w.org\/{rel}","templated":true}]}}