{"id":13017,"date":"2024-01-29T19:54:17","date_gmt":"2024-01-29T19:54:17","guid":{"rendered":"https:\/\/anivet.lt\/elparduotuve\/?post_type=product&#038;p=13017"},"modified":"2026-02-06T17:14:59","modified_gmt":"2026-02-06T17:14:59","slug":"platinum-adult-sausas-pasaras-sunims-su-vistiena","status":"publish","type":"product","link":"https:\/\/anivet.lt\/elparduotuve\/produktas\/platinum-adult-sausas-pasaras-sunims-su-vistiena\/","title":{"rendered":"Platinum Adult sausas pa\u0161aras \u0161unims su vi\u0161tiena"},"content":{"rendered":"<ul>\n<li style=\"font-weight: 400;\" aria-level=\"1\"><span style=\"font-weight: 400;\">70% \u0161vie\u017eios vi\u0161tienos: Auk\u0161tos kokyb\u0117s baltym\u0173 \u0161altinis, u\u017etikrinantis raumen\u0173 stiprum\u0105 ir energij\u0105.<\/span><\/li>\n<li style=\"font-weight: 400;\" aria-level=\"1\"><span style=\"font-weight: 400;\">Nat\u016bral\u016bs angliavandeniai: Kukur\u016bzai ir ry\u017eiai suteikia lengvai vir\u0161kinam\u0173 ir nauding\u0173 angliavandeni\u0173.<\/span><\/li>\n<li style=\"font-weight: 400;\" aria-level=\"1\"><span style=\"font-weight: 400;\">\u0160altai spausti aliejai: Palaiko sveik\u0105 od\u0105, blizgant\u012f kail\u012f ir bendr\u0105 gyv\u016bno sveikat\u0105.<\/span><\/li>\n<li style=\"font-weight: 400;\" aria-level=\"1\"><span style=\"font-weight: 400;\">Praturtintas \u017eolel\u0117mis ir antioksidantais: \u017dali\u0173j\u0173 midij\u0173 ekstraktas ir naudingos \u017eolel\u0117s gerina med\u017eiag\u0173 apykait\u0105 ir stiprina s\u0105narius.<\/span><\/li>\n<li style=\"font-weight: 400;\" aria-level=\"1\"><span style=\"font-weight: 400;\">I\u0161saugota maistin\u0117 vert\u0117: Naudojant &#8222;garinimo sl\u0117giu&#8221; technologij\u0105, pa\u0161are i\u0161lieka visos maistin\u0117s med\u017eiagos ir i\u0161skirtinis skonis.<\/span><\/li>\n<\/ul>\n<p><span style=\"font-weight: 400;\">\u0160is pa\u0161aras yra ne tik maistingas, bet ir lengvai vir\u0161kinamas, tod\u0117l tinka kasdieniam \u0161uns racionui. Hermeti\u0161ka pakuot\u0117 u\u017etikrina pa\u0161aro \u0161vie\u017eum\u0105 ir apsaugo nuo i\u0161orini\u0173 veiksni\u0173, i\u0161laikant jo aromat\u0105 ir skon\u012f iki paskutinio k\u0105snelio.<\/span><\/p>\n","protected":false},"excerpt":{"rendered":"<p><span style=\"font-weight: 400;\">\u0160is visavertis sausas pa\u0161aras su vi\u0161tiena yra puikus pasirinkimas suaugusiems \u0161unims, u\u017etikrinantis j\u0173 subalansuot\u0105 ir maisting\u0105 mityb\u0105. Pa\u0161aras gaminamas i\u0161 nat\u016brali\u0173 ingredient\u0173, tod\u0117l tinka \u012fvairi\u0173 veisli\u0173 ir dyd\u017ei\u0173 \u0161unims, net ir jautriems.<\/span><\/p>\n","protected":false},"featured_media":14410,"template":"","meta":[],"product_brand":[],"product_cat":[101,103,104,319],"product_tag":[],"class_list":{"0":"post-13017","1":"product","2":"type-product","3":"status-publish","4":"has-post-thumbnail","6":"product_cat-sunims","7":"product_cat-sunu-maistas","8":"product_cat-sausas-maistas","9":"product_cat-platinum-sunu-maistas","10":"pa_prekinis-zenklas-platinum","12":"first","13":"instock","14":"taxable","15":"shipping-taxable","16":"purchasable","17":"product-type-variable"},"yoast_head":"<!-- This site is optimized with the Yoast SEO Premium plugin v27.1 (Yoast SEO v27.5) - https:\/\/yoast.com\/product\/yoast-seo-premium-wordpress\/ -->\n<title>Platinum Adult sausas pa\u0161aras \u0161unims su vi\u0161tiena - anivet.lt<\/title>\n<meta name=\"description\" content=\"\u0160is visavertis sausas pa\u0161aras su vi\u0161tiena yra puikus pasirinkimas suaugusiems \u0161unims, u\u017etikrinantis j\u0173 subalansuot\u0105 ir maisting\u0105 mityb\u0105. Pa\u0161aras gaminamas i\u0161 nat\u016brali\u0173 ingredient\u0173, tod\u0117l tinka \u012fvairi\u0173 veisli\u0173 ir dyd\u017ei\u0173 \u0161unims, net ir jautriems.\" \/>\n<meta name=\"robots\" content=\"index, follow, max-snippet:-1, max-image-preview:large, max-video-preview:-1\" \/>\n<link rel=\"canonical\" href=\"https:\/\/anivet.lt\/elparduotuve\/produktas\/platinum-adult-sausas-pasaras-sunims-su-vistiena\/\" \/>\n<meta property=\"og:locale\" content=\"lt_LT\" \/>\n<meta property=\"og:type\" content=\"article\" \/>\n<meta property=\"og:title\" content=\"Platinum Adult sausas pa\u0161aras \u0161unims su vi\u0161tiena\" \/>\n<meta property=\"og:description\" content=\"\u0160is visavertis sausas pa\u0161aras su vi\u0161tiena yra puikus pasirinkimas suaugusiems \u0161unims, u\u017etikrinantis j\u0173 subalansuot\u0105 ir maisting\u0105 mityb\u0105. Pa\u0161aras gaminamas i\u0161 nat\u016brali\u0173 ingredient\u0173, tod\u0117l tinka \u012fvairi\u0173 veisli\u0173 ir dyd\u017ei\u0173 \u0161unims, net ir jautriems.\" \/>\n<meta property=\"og:url\" content=\"https:\/\/anivet.lt\/elparduotuve\/produktas\/platinum-adult-sausas-pasaras-sunims-su-vistiena\/\" \/>\n<meta property=\"og:site_name\" content=\"anivet.lt\" \/>\n<meta property=\"article:modified_time\" content=\"2026-02-06T17:14:59+00:00\" \/>\n<meta property=\"og:image\" content=\"https:\/\/anivet.lt\/elparduotuve\/wp-content\/uploads\/2024\/01\/vista.webp\" \/>\n\t<meta property=\"og:image:width\" content=\"800\" \/>\n\t<meta property=\"og:image:height\" content=\"1152\" \/>\n\t<meta property=\"og:image:type\" content=\"image\/webp\" \/>\n<meta name=\"twitter:card\" content=\"summary_large_image\" \/>\n<meta name=\"twitter:label1\" content=\"Est. reading time\" \/>\n\t<meta name=\"twitter:data1\" content=\"1 minut\u0117\" \/>\n<script type=\"application\/ld+json\" class=\"yoast-schema-graph\">{\"@context\":\"https:\\\/\\\/schema.org\",\"@graph\":[{\"@type\":\"WebPage\",\"@id\":\"https:\\\/\\\/anivet.lt\\\/elparduotuve\\\/produktas\\\/platinum-adult-sausas-pasaras-sunims-su-vistiena\\\/\",\"url\":\"https:\\\/\\\/anivet.lt\\\/elparduotuve\\\/produktas\\\/platinum-adult-sausas-pasaras-sunims-su-vistiena\\\/\",\"name\":\"Platinum Adult sausas pa\u0161aras \u0161unims su vi\u0161tiena - anivet.lt\",\"isPartOf\":{\"@id\":\"https:\\\/\\\/anivet.lt\\\/elparduotuve\\\/#website\"},\"primaryImageOfPage\":{\"@id\":\"https:\\\/\\\/anivet.lt\\\/elparduotuve\\\/produktas\\\/platinum-adult-sausas-pasaras-sunims-su-vistiena\\\/#primaryimage\"},\"image\":{\"@id\":\"https:\\\/\\\/anivet.lt\\\/elparduotuve\\\/produktas\\\/platinum-adult-sausas-pasaras-sunims-su-vistiena\\\/#primaryimage\"},\"thumbnailUrl\":\"https:\\\/\\\/anivet.lt\\\/elparduotuve\\\/wp-content\\\/uploads\\\/2024\\\/01\\\/vista.webp\",\"datePublished\":\"2024-01-29T19:54:17+00:00\",\"dateModified\":\"2026-02-06T17:14:59+00:00\",\"description\":\"\u0160is visavertis sausas pa\u0161aras su vi\u0161tiena yra puikus pasirinkimas suaugusiems \u0161unims, u\u017etikrinantis j\u0173 subalansuot\u0105 ir maisting\u0105 mityb\u0105. Pa\u0161aras gaminamas i\u0161 nat\u016brali\u0173 ingredient\u0173, tod\u0117l tinka \u012fvairi\u0173 veisli\u0173 ir dyd\u017ei\u0173 \u0161unims, net ir jautriems.\",\"breadcrumb\":{\"@id\":\"https:\\\/\\\/anivet.lt\\\/elparduotuve\\\/produktas\\\/platinum-adult-sausas-pasaras-sunims-su-vistiena\\\/#breadcrumb\"},\"inLanguage\":\"lt-LT\",\"potentialAction\":[{\"@type\":\"ReadAction\",\"target\":[\"https:\\\/\\\/anivet.lt\\\/elparduotuve\\\/produktas\\\/platinum-adult-sausas-pasaras-sunims-su-vistiena\\\/\"]}]},{\"@type\":\"ImageObject\",\"inLanguage\":\"lt-LT\",\"@id\":\"https:\\\/\\\/anivet.lt\\\/elparduotuve\\\/produktas\\\/platinum-adult-sausas-pasaras-sunims-su-vistiena\\\/#primaryimage\",\"url\":\"https:\\\/\\\/anivet.lt\\\/elparduotuve\\\/wp-content\\\/uploads\\\/2024\\\/01\\\/vista.webp\",\"contentUrl\":\"https:\\\/\\\/anivet.lt\\\/elparduotuve\\\/wp-content\\\/uploads\\\/2024\\\/01\\\/vista.webp\",\"width\":800,\"height\":1152,\"caption\":\"Platinum Adult sausas pa\u0161aras \u0161unims su vi\u0161tiena\"},{\"@type\":\"BreadcrumbList\",\"@id\":\"https:\\\/\\\/anivet.lt\\\/elparduotuve\\\/produktas\\\/platinum-adult-sausas-pasaras-sunims-su-vistiena\\\/#breadcrumb\",\"itemListElement\":[{\"@type\":\"ListItem\",\"position\":1,\"name\":\"Home\",\"item\":\"https:\\\/\\\/anivet.lt\\\/elparduotuve\\\/\"},{\"@type\":\"ListItem\",\"position\":2,\"name\":\"Produktai\",\"item\":\"https:\\\/\\\/anivet.lt\\\/elparduotuve\\\/produktai\\\/\"},{\"@type\":\"ListItem\",\"position\":3,\"name\":\"Platinum Adult sausas pa\u0161aras \u0161unims su vi\u0161tiena\"}]},{\"@type\":\"WebSite\",\"@id\":\"https:\\\/\\\/anivet.lt\\\/elparduotuve\\\/#website\",\"url\":\"https:\\\/\\\/anivet.lt\\\/elparduotuve\\\/\",\"name\":\"anivet.lt\",\"description\":\"Viskas J\u016bs\u0173 \u0161uns, kat\u0117s prie\u017ei\u016brai\",\"publisher\":{\"@id\":\"https:\\\/\\\/anivet.lt\\\/elparduotuve\\\/#organization\"},\"alternateName\":\"Viskas J\u016bs\u0173 \u0161uns, kat\u0117s prie\u017ei\u016brai\",\"potentialAction\":[{\"@type\":\"SearchAction\",\"target\":{\"@type\":\"EntryPoint\",\"urlTemplate\":\"https:\\\/\\\/anivet.lt\\\/elparduotuve\\\/?s={search_term_string}\"},\"query-input\":{\"@type\":\"PropertyValueSpecification\",\"valueRequired\":true,\"valueName\":\"search_term_string\"}}],\"inLanguage\":\"lt-LT\"},{\"@type\":\"Organization\",\"@id\":\"https:\\\/\\\/anivet.lt\\\/elparduotuve\\\/#organization\",\"name\":\"Viskas J\u016bs\u0173 \u0161uns, kat\u0117s prie\u017ei\u016brai\",\"url\":\"https:\\\/\\\/anivet.lt\\\/elparduotuve\\\/\",\"logo\":{\"@type\":\"ImageObject\",\"inLanguage\":\"lt-LT\",\"@id\":\"https:\\\/\\\/anivet.lt\\\/elparduotuve\\\/#\\\/schema\\\/logo\\\/image\\\/\",\"url\":\"https:\\\/\\\/anivet.lt\\\/elparduotuve\\\/wp-content\\\/uploads\\\/2023\\\/06\\\/logo2.jpg\",\"contentUrl\":\"https:\\\/\\\/anivet.lt\\\/elparduotuve\\\/wp-content\\\/uploads\\\/2023\\\/06\\\/logo2.jpg\",\"width\":655,\"height\":194,\"caption\":\"Viskas J\u016bs\u0173 \u0161uns, kat\u0117s prie\u017ei\u016brai\"},\"image\":{\"@id\":\"https:\\\/\\\/anivet.lt\\\/elparduotuve\\\/#\\\/schema\\\/logo\\\/image\\\/\"}}]}<\/script>\n<!-- \/ Yoast SEO Premium plugin. -->","yoast_head_json":{"title":"Platinum Adult sausas pa\u0161aras \u0161unims su vi\u0161tiena - anivet.lt","description":"\u0160is visavertis sausas pa\u0161aras su vi\u0161tiena yra puikus pasirinkimas suaugusiems \u0161unims, u\u017etikrinantis j\u0173 subalansuot\u0105 ir maisting\u0105 mityb\u0105. Pa\u0161aras gaminamas i\u0161 nat\u016brali\u0173 ingredient\u0173, tod\u0117l tinka \u012fvairi\u0173 veisli\u0173 ir dyd\u017ei\u0173 \u0161unims, net ir jautriems.","robots":{"index":"index","follow":"follow","max-snippet":"max-snippet:-1","max-image-preview":"max-image-preview:large","max-video-preview":"max-video-preview:-1"},"canonical":"https:\/\/anivet.lt\/elparduotuve\/produktas\/platinum-adult-sausas-pasaras-sunims-su-vistiena\/","og_locale":"lt_LT","og_type":"article","og_title":"Platinum Adult sausas pa\u0161aras \u0161unims su vi\u0161tiena","og_description":"\u0160is visavertis sausas pa\u0161aras su vi\u0161tiena yra puikus pasirinkimas suaugusiems \u0161unims, u\u017etikrinantis j\u0173 subalansuot\u0105 ir maisting\u0105 mityb\u0105. Pa\u0161aras gaminamas i\u0161 nat\u016brali\u0173 ingredient\u0173, tod\u0117l tinka \u012fvairi\u0173 veisli\u0173 ir dyd\u017ei\u0173 \u0161unims, net ir jautriems.","og_url":"https:\/\/anivet.lt\/elparduotuve\/produktas\/platinum-adult-sausas-pasaras-sunims-su-vistiena\/","og_site_name":"anivet.lt","article_modified_time":"2026-02-06T17:14:59+00:00","og_image":[{"width":800,"height":1152,"url":"https:\/\/anivet.lt\/elparduotuve\/wp-content\/uploads\/2024\/01\/vista.webp","type":"image\/webp"}],"twitter_card":"summary_large_image","twitter_misc":{"Est. reading time":"1 minut\u0117"},"schema":{"@context":"https:\/\/schema.org","@graph":[{"@type":"WebPage","@id":"https:\/\/anivet.lt\/elparduotuve\/produktas\/platinum-adult-sausas-pasaras-sunims-su-vistiena\/","url":"https:\/\/anivet.lt\/elparduotuve\/produktas\/platinum-adult-sausas-pasaras-sunims-su-vistiena\/","name":"Platinum Adult sausas pa\u0161aras \u0161unims su vi\u0161tiena - anivet.lt","isPartOf":{"@id":"https:\/\/anivet.lt\/elparduotuve\/#website"},"primaryImageOfPage":{"@id":"https:\/\/anivet.lt\/elparduotuve\/produktas\/platinum-adult-sausas-pasaras-sunims-su-vistiena\/#primaryimage"},"image":{"@id":"https:\/\/anivet.lt\/elparduotuve\/produktas\/platinum-adult-sausas-pasaras-sunims-su-vistiena\/#primaryimage"},"thumbnailUrl":"https:\/\/anivet.lt\/elparduotuve\/wp-content\/uploads\/2024\/01\/vista.webp","datePublished":"2024-01-29T19:54:17+00:00","dateModified":"2026-02-06T17:14:59+00:00","description":"\u0160is visavertis sausas pa\u0161aras su vi\u0161tiena yra puikus pasirinkimas suaugusiems \u0161unims, u\u017etikrinantis j\u0173 subalansuot\u0105 ir maisting\u0105 mityb\u0105. Pa\u0161aras gaminamas i\u0161 nat\u016brali\u0173 ingredient\u0173, tod\u0117l tinka \u012fvairi\u0173 veisli\u0173 ir dyd\u017ei\u0173 \u0161unims, net ir jautriems.","breadcrumb":{"@id":"https:\/\/anivet.lt\/elparduotuve\/produktas\/platinum-adult-sausas-pasaras-sunims-su-vistiena\/#breadcrumb"},"inLanguage":"lt-LT","potentialAction":[{"@type":"ReadAction","target":["https:\/\/anivet.lt\/elparduotuve\/produktas\/platinum-adult-sausas-pasaras-sunims-su-vistiena\/"]}]},{"@type":"ImageObject","inLanguage":"lt-LT","@id":"https:\/\/anivet.lt\/elparduotuve\/produktas\/platinum-adult-sausas-pasaras-sunims-su-vistiena\/#primaryimage","url":"https:\/\/anivet.lt\/elparduotuve\/wp-content\/uploads\/2024\/01\/vista.webp","contentUrl":"https:\/\/anivet.lt\/elparduotuve\/wp-content\/uploads\/2024\/01\/vista.webp","width":800,"height":1152,"caption":"Platinum Adult sausas pa\u0161aras \u0161unims su vi\u0161tiena"},{"@type":"BreadcrumbList","@id":"https:\/\/anivet.lt\/elparduotuve\/produktas\/platinum-adult-sausas-pasaras-sunims-su-vistiena\/#breadcrumb","itemListElement":[{"@type":"ListItem","position":1,"name":"Home","item":"https:\/\/anivet.lt\/elparduotuve\/"},{"@type":"ListItem","position":2,"name":"Produktai","item":"https:\/\/anivet.lt\/elparduotuve\/produktai\/"},{"@type":"ListItem","position":3,"name":"Platinum Adult sausas pa\u0161aras \u0161unims su vi\u0161tiena"}]},{"@type":"WebSite","@id":"https:\/\/anivet.lt\/elparduotuve\/#website","url":"https:\/\/anivet.lt\/elparduotuve\/","name":"anivet.lt","description":"Viskas J\u016bs\u0173 \u0161uns, kat\u0117s prie\u017ei\u016brai","publisher":{"@id":"https:\/\/anivet.lt\/elparduotuve\/#organization"},"alternateName":"Viskas J\u016bs\u0173 \u0161uns, kat\u0117s prie\u017ei\u016brai","potentialAction":[{"@type":"SearchAction","target":{"@type":"EntryPoint","urlTemplate":"https:\/\/anivet.lt\/elparduotuve\/?s={search_term_string}"},"query-input":{"@type":"PropertyValueSpecification","valueRequired":true,"valueName":"search_term_string"}}],"inLanguage":"lt-LT"},{"@type":"Organization","@id":"https:\/\/anivet.lt\/elparduotuve\/#organization","name":"Viskas J\u016bs\u0173 \u0161uns, kat\u0117s prie\u017ei\u016brai","url":"https:\/\/anivet.lt\/elparduotuve\/","logo":{"@type":"ImageObject","inLanguage":"lt-LT","@id":"https:\/\/anivet.lt\/elparduotuve\/#\/schema\/logo\/image\/","url":"https:\/\/anivet.lt\/elparduotuve\/wp-content\/uploads\/2023\/06\/logo2.jpg","contentUrl":"https:\/\/anivet.lt\/elparduotuve\/wp-content\/uploads\/2023\/06\/logo2.jpg","width":655,"height":194,"caption":"Viskas J\u016bs\u0173 \u0161uns, kat\u0117s prie\u017ei\u016brai"},"image":{"@id":"https:\/\/anivet.lt\/elparduotuve\/#\/schema\/logo\/image\/"}}]}},"_links":{"self":[{"href":"https:\/\/anivet.lt\/elparduotuve\/wp-json\/wp\/v2\/product\/13017","targetHints":{"allow":["GET"]}}],"collection":[{"href":"https:\/\/anivet.lt\/elparduotuve\/wp-json\/wp\/v2\/product"}],"about":[{"href":"https:\/\/anivet.lt\/elparduotuve\/wp-json\/wp\/v2\/types\/product"}],"wp:featuredmedia":[{"embeddable":true,"href":"https:\/\/anivet.lt\/elparduotuve\/wp-json\/wp\/v2\/media\/14410"}],"wp:attachment":[{"href":"https:\/\/anivet.lt\/elparduotuve\/wp-json\/wp\/v2\/media?parent=13017"}],"wp:term":[{"taxonomy":"product_brand","embeddable":true,"href":"https:\/\/anivet.lt\/elparduotuve\/wp-json\/wp\/v2\/product_brand?post=13017"},{"taxonomy":"product_cat","embeddable":true,"href":"https:\/\/anivet.lt\/elparduotuve\/wp-json\/wp\/v2\/product_cat?post=13017"},{"taxonomy":"product_tag","embeddable":true,"href":"https:\/\/anivet.lt\/elparduotuve\/wp-json\/wp\/v2\/product_tag?post=13017"}],"curies":[{"name":"wp","href":"https:\/\/api.w.org\/{rel}","templated":true}]}}