{"id":13024,"date":"2024-01-29T20:46:47","date_gmt":"2024-01-29T20:46:47","guid":{"rendered":"https:\/\/anivet.lt\/elparduotuve\/?post_type=product&#038;p=13024"},"modified":"2026-02-06T17:11:14","modified_gmt":"2026-02-06T17:11:14","slug":"platinum-visavertis-sausas-pasaras-maziems-ir-jauniems-suniukams-su-vistiena","status":"publish","type":"product","link":"https:\/\/anivet.lt\/elparduotuve\/produktas\/platinum-visavertis-sausas-pasaras-maziems-ir-jauniems-suniukams-su-vistiena\/","title":{"rendered":"Platinum visavertis sausas pa\u0161aras ma\u017eiems ir jauniems \u0161uniukams su vi\u0161tiena"},"content":{"rendered":"<ul>\n<li style=\"font-weight: 400;\" aria-level=\"1\"><span style=\"font-weight: 400;\">Auk\u0161tos kokyb\u0117s baltymai: Ma\u017eiausiai 73% \u0161vie\u017eios vi\u0161tienos, suteikian\u010dios energijos ir padedan\u010dios auginti stiprius raumenis.<\/span><\/li>\n<li style=\"font-weight: 400;\" aria-level=\"1\"><span style=\"font-weight: 400;\">Nat\u016bral\u016bs angliavandeniai: Skaldyti ry\u017eiai, puikus energijos \u0161altinis jauniems \u0161uniukams.<\/span><\/li>\n<li style=\"font-weight: 400;\" aria-level=\"1\"><span style=\"font-weight: 400;\">Optimalus riebal\u0173 balansas: \u0160alto spaudimo aliejai, tokie kaip la\u0161i\u0161\u0173, lin\u0173 s\u0117men\u0173 ir alyvuogi\u0173, palaiko sveik\u0105 od\u0105 ir kail\u012f.<\/span><\/li>\n<li style=\"font-weight: 400;\" aria-level=\"1\"><span style=\"font-weight: 400;\">Ma\u017eai apdorota sud\u0117tis: Pa\u0161aras gaminamas \u201egarinimo sl\u0117giu\u201c metodu, u\u017etikrinant maksimal\u0173 maistini\u0173 med\u017eiag\u0173 i\u0161saugojim\u0105.<\/span><\/li>\n<li style=\"font-weight: 400;\" aria-level=\"1\"><span style=\"font-weight: 400;\">\u0160vie\u017eumas ir kokyb\u0117: Supakuotas hermeti\u0161kuose mai\u0161eliuose, kurie saugo nuo u\u017eter\u0161imo ir palaiko pa\u0161aro nat\u016bral\u0173 skon\u012f.<\/span><\/li>\n<\/ul>\n<p><span style=\"font-weight: 400;\">\u0160is pa\u0161aras idealiai tinka kasdieniam ma\u017e\u0173 ir jaun\u0173 \u0161uniuk\u0173 maitinimui, suteikdamas visas reikalingas maistines med\u017eiagas sveikam vystymuisi. Nat\u016bral\u016bs ingredientai ir unikali gamybos technologija u\u017etikrina ne tik skon\u012f, bet ir j\u016bs\u0173 augintinio gerov\u0119.<\/span><\/p>\n","protected":false},"excerpt":{"rendered":"<p><span style=\"font-weight: 400;\">Subalansuotas sausas pa\u0161aras sukurtas specialiai ma\u017eiems ir jauniems \u0161uniukams, u\u017etikrinant sveik\u0105 augim\u0105 ir tinkam\u0105 mityb\u0105. Pagamintas i\u0161 auk\u0161tos kokyb\u0117s ingredient\u0173, tinkam\u0173 net \u017emoni\u0173 vartojimui, pa\u0161aras pasi\u017eymi puikiu skoniu ir lengvu vir\u0161kinamumu.<\/span><\/p>\n","protected":false},"featured_media":14409,"template":"","meta":[],"product_brand":[],"product_cat":[101,103,104,319],"product_tag":[],"class_list":{"0":"post-13024","1":"product","2":"type-product","3":"status-publish","4":"has-post-thumbnail","6":"product_cat-sunims","7":"product_cat-sunu-maistas","8":"product_cat-sausas-maistas","9":"product_cat-platinum-sunu-maistas","10":"pa_prekinis-zenklas-platinum","12":"first","13":"instock","14":"taxable","15":"shipping-taxable","16":"purchasable","17":"product-type-variable"},"yoast_head":"<!-- This site is optimized with the Yoast SEO Premium plugin v27.1 (Yoast SEO v27.5) - https:\/\/yoast.com\/product\/yoast-seo-premium-wordpress\/ -->\n<title>Platinum visavertis sausas pa\u0161aras ma\u017eiems ir jauniems \u0161uniukams su vi\u0161tiena - anivet.lt<\/title>\n<meta name=\"description\" content=\"Subalansuotas sausas pa\u0161aras sukurtas specialiai ma\u017eiems ir jauniems \u0161uniukams, u\u017etikrinant sveik\u0105 augim\u0105 ir tinkam\u0105 mityb\u0105. Pagamintas i\u0161 auk\u0161tos kokyb\u0117s ingredient\u0173, tinkam\u0173 net \u017emoni\u0173 vartojimui, pa\u0161aras pasi\u017eymi puikiu skoniu ir lengvu vir\u0161kinamumu.\" \/>\n<meta name=\"robots\" content=\"index, follow, max-snippet:-1, max-image-preview:large, max-video-preview:-1\" \/>\n<link rel=\"canonical\" href=\"https:\/\/anivet.lt\/elparduotuve\/produktas\/platinum-visavertis-sausas-pasaras-maziems-ir-jauniems-suniukams-su-vistiena\/\" \/>\n<meta property=\"og:locale\" content=\"lt_LT\" \/>\n<meta property=\"og:type\" content=\"article\" \/>\n<meta property=\"og:title\" content=\"Platinum visavertis sausas pa\u0161aras ma\u017eiems ir jauniems \u0161uniukams su vi\u0161tiena\" \/>\n<meta property=\"og:description\" content=\"Subalansuotas sausas pa\u0161aras sukurtas specialiai ma\u017eiems ir jauniems \u0161uniukams, u\u017etikrinant sveik\u0105 augim\u0105 ir tinkam\u0105 mityb\u0105. Pagamintas i\u0161 auk\u0161tos kokyb\u0117s ingredient\u0173, tinkam\u0173 net \u017emoni\u0173 vartojimui, pa\u0161aras pasi\u017eymi puikiu skoniu ir lengvu vir\u0161kinamumu.\" \/>\n<meta property=\"og:url\" content=\"https:\/\/anivet.lt\/elparduotuve\/produktas\/platinum-visavertis-sausas-pasaras-maziems-ir-jauniems-suniukams-su-vistiena\/\" \/>\n<meta property=\"og:site_name\" content=\"anivet.lt\" \/>\n<meta property=\"article:modified_time\" content=\"2026-02-06T17:11:14+00:00\" \/>\n<meta property=\"og:image\" content=\"https:\/\/anivet.lt\/elparduotuve\/wp-content\/uploads\/2024\/01\/pupiai.webp\" \/>\n\t<meta property=\"og:image:width\" content=\"800\" \/>\n\t<meta property=\"og:image:height\" content=\"1153\" \/>\n\t<meta property=\"og:image:type\" content=\"image\/webp\" \/>\n<meta name=\"twitter:card\" content=\"summary_large_image\" \/>\n<meta name=\"twitter:label1\" content=\"Est. reading time\" \/>\n\t<meta name=\"twitter:data1\" content=\"1 minut\u0117\" \/>\n<script type=\"application\/ld+json\" class=\"yoast-schema-graph\">{\"@context\":\"https:\\\/\\\/schema.org\",\"@graph\":[{\"@type\":\"WebPage\",\"@id\":\"https:\\\/\\\/anivet.lt\\\/elparduotuve\\\/produktas\\\/platinum-visavertis-sausas-pasaras-maziems-ir-jauniems-suniukams-su-vistiena\\\/\",\"url\":\"https:\\\/\\\/anivet.lt\\\/elparduotuve\\\/produktas\\\/platinum-visavertis-sausas-pasaras-maziems-ir-jauniems-suniukams-su-vistiena\\\/\",\"name\":\"Platinum visavertis sausas pa\u0161aras ma\u017eiems ir jauniems \u0161uniukams su vi\u0161tiena - anivet.lt\",\"isPartOf\":{\"@id\":\"https:\\\/\\\/anivet.lt\\\/elparduotuve\\\/#website\"},\"primaryImageOfPage\":{\"@id\":\"https:\\\/\\\/anivet.lt\\\/elparduotuve\\\/produktas\\\/platinum-visavertis-sausas-pasaras-maziems-ir-jauniems-suniukams-su-vistiena\\\/#primaryimage\"},\"image\":{\"@id\":\"https:\\\/\\\/anivet.lt\\\/elparduotuve\\\/produktas\\\/platinum-visavertis-sausas-pasaras-maziems-ir-jauniems-suniukams-su-vistiena\\\/#primaryimage\"},\"thumbnailUrl\":\"https:\\\/\\\/anivet.lt\\\/elparduotuve\\\/wp-content\\\/uploads\\\/2024\\\/01\\\/pupiai.webp\",\"datePublished\":\"2024-01-29T20:46:47+00:00\",\"dateModified\":\"2026-02-06T17:11:14+00:00\",\"description\":\"Subalansuotas sausas pa\u0161aras sukurtas specialiai ma\u017eiems ir jauniems \u0161uniukams, u\u017etikrinant sveik\u0105 augim\u0105 ir tinkam\u0105 mityb\u0105. Pagamintas i\u0161 auk\u0161tos kokyb\u0117s ingredient\u0173, tinkam\u0173 net \u017emoni\u0173 vartojimui, pa\u0161aras pasi\u017eymi puikiu skoniu ir lengvu vir\u0161kinamumu.\",\"breadcrumb\":{\"@id\":\"https:\\\/\\\/anivet.lt\\\/elparduotuve\\\/produktas\\\/platinum-visavertis-sausas-pasaras-maziems-ir-jauniems-suniukams-su-vistiena\\\/#breadcrumb\"},\"inLanguage\":\"lt-LT\",\"potentialAction\":[{\"@type\":\"ReadAction\",\"target\":[\"https:\\\/\\\/anivet.lt\\\/elparduotuve\\\/produktas\\\/platinum-visavertis-sausas-pasaras-maziems-ir-jauniems-suniukams-su-vistiena\\\/\"]}]},{\"@type\":\"ImageObject\",\"inLanguage\":\"lt-LT\",\"@id\":\"https:\\\/\\\/anivet.lt\\\/elparduotuve\\\/produktas\\\/platinum-visavertis-sausas-pasaras-maziems-ir-jauniems-suniukams-su-vistiena\\\/#primaryimage\",\"url\":\"https:\\\/\\\/anivet.lt\\\/elparduotuve\\\/wp-content\\\/uploads\\\/2024\\\/01\\\/pupiai.webp\",\"contentUrl\":\"https:\\\/\\\/anivet.lt\\\/elparduotuve\\\/wp-content\\\/uploads\\\/2024\\\/01\\\/pupiai.webp\",\"width\":800,\"height\":1153,\"caption\":\"Platinum visavertis sausas pa\u0161aras ma\u017eiems ir jauniems \u0161uniukams su vi\u0161tiena\"},{\"@type\":\"BreadcrumbList\",\"@id\":\"https:\\\/\\\/anivet.lt\\\/elparduotuve\\\/produktas\\\/platinum-visavertis-sausas-pasaras-maziems-ir-jauniems-suniukams-su-vistiena\\\/#breadcrumb\",\"itemListElement\":[{\"@type\":\"ListItem\",\"position\":1,\"name\":\"Home\",\"item\":\"https:\\\/\\\/anivet.lt\\\/elparduotuve\\\/\"},{\"@type\":\"ListItem\",\"position\":2,\"name\":\"Produktai\",\"item\":\"https:\\\/\\\/anivet.lt\\\/elparduotuve\\\/produktai\\\/\"},{\"@type\":\"ListItem\",\"position\":3,\"name\":\"Platinum visavertis sausas pa\u0161aras ma\u017eiems ir jauniems \u0161uniukams su vi\u0161tiena\"}]},{\"@type\":\"WebSite\",\"@id\":\"https:\\\/\\\/anivet.lt\\\/elparduotuve\\\/#website\",\"url\":\"https:\\\/\\\/anivet.lt\\\/elparduotuve\\\/\",\"name\":\"anivet.lt\",\"description\":\"Viskas J\u016bs\u0173 \u0161uns, kat\u0117s prie\u017ei\u016brai\",\"publisher\":{\"@id\":\"https:\\\/\\\/anivet.lt\\\/elparduotuve\\\/#organization\"},\"alternateName\":\"Viskas J\u016bs\u0173 \u0161uns, kat\u0117s prie\u017ei\u016brai\",\"potentialAction\":[{\"@type\":\"SearchAction\",\"target\":{\"@type\":\"EntryPoint\",\"urlTemplate\":\"https:\\\/\\\/anivet.lt\\\/elparduotuve\\\/?s={search_term_string}\"},\"query-input\":{\"@type\":\"PropertyValueSpecification\",\"valueRequired\":true,\"valueName\":\"search_term_string\"}}],\"inLanguage\":\"lt-LT\"},{\"@type\":\"Organization\",\"@id\":\"https:\\\/\\\/anivet.lt\\\/elparduotuve\\\/#organization\",\"name\":\"Viskas J\u016bs\u0173 \u0161uns, kat\u0117s prie\u017ei\u016brai\",\"url\":\"https:\\\/\\\/anivet.lt\\\/elparduotuve\\\/\",\"logo\":{\"@type\":\"ImageObject\",\"inLanguage\":\"lt-LT\",\"@id\":\"https:\\\/\\\/anivet.lt\\\/elparduotuve\\\/#\\\/schema\\\/logo\\\/image\\\/\",\"url\":\"https:\\\/\\\/anivet.lt\\\/elparduotuve\\\/wp-content\\\/uploads\\\/2023\\\/06\\\/logo2.jpg\",\"contentUrl\":\"https:\\\/\\\/anivet.lt\\\/elparduotuve\\\/wp-content\\\/uploads\\\/2023\\\/06\\\/logo2.jpg\",\"width\":655,\"height\":194,\"caption\":\"Viskas J\u016bs\u0173 \u0161uns, kat\u0117s prie\u017ei\u016brai\"},\"image\":{\"@id\":\"https:\\\/\\\/anivet.lt\\\/elparduotuve\\\/#\\\/schema\\\/logo\\\/image\\\/\"}}]}<\/script>\n<!-- \/ Yoast SEO Premium plugin. -->","yoast_head_json":{"title":"Platinum visavertis sausas pa\u0161aras ma\u017eiems ir jauniems \u0161uniukams su vi\u0161tiena - anivet.lt","description":"Subalansuotas sausas pa\u0161aras sukurtas specialiai ma\u017eiems ir jauniems \u0161uniukams, u\u017etikrinant sveik\u0105 augim\u0105 ir tinkam\u0105 mityb\u0105. Pagamintas i\u0161 auk\u0161tos kokyb\u0117s ingredient\u0173, tinkam\u0173 net \u017emoni\u0173 vartojimui, pa\u0161aras pasi\u017eymi puikiu skoniu ir lengvu vir\u0161kinamumu.","robots":{"index":"index","follow":"follow","max-snippet":"max-snippet:-1","max-image-preview":"max-image-preview:large","max-video-preview":"max-video-preview:-1"},"canonical":"https:\/\/anivet.lt\/elparduotuve\/produktas\/platinum-visavertis-sausas-pasaras-maziems-ir-jauniems-suniukams-su-vistiena\/","og_locale":"lt_LT","og_type":"article","og_title":"Platinum visavertis sausas pa\u0161aras ma\u017eiems ir jauniems \u0161uniukams su vi\u0161tiena","og_description":"Subalansuotas sausas pa\u0161aras sukurtas specialiai ma\u017eiems ir jauniems \u0161uniukams, u\u017etikrinant sveik\u0105 augim\u0105 ir tinkam\u0105 mityb\u0105. Pagamintas i\u0161 auk\u0161tos kokyb\u0117s ingredient\u0173, tinkam\u0173 net \u017emoni\u0173 vartojimui, pa\u0161aras pasi\u017eymi puikiu skoniu ir lengvu vir\u0161kinamumu.","og_url":"https:\/\/anivet.lt\/elparduotuve\/produktas\/platinum-visavertis-sausas-pasaras-maziems-ir-jauniems-suniukams-su-vistiena\/","og_site_name":"anivet.lt","article_modified_time":"2026-02-06T17:11:14+00:00","og_image":[{"width":800,"height":1153,"url":"https:\/\/anivet.lt\/elparduotuve\/wp-content\/uploads\/2024\/01\/pupiai.webp","type":"image\/webp"}],"twitter_card":"summary_large_image","twitter_misc":{"Est. reading time":"1 minut\u0117"},"schema":{"@context":"https:\/\/schema.org","@graph":[{"@type":"WebPage","@id":"https:\/\/anivet.lt\/elparduotuve\/produktas\/platinum-visavertis-sausas-pasaras-maziems-ir-jauniems-suniukams-su-vistiena\/","url":"https:\/\/anivet.lt\/elparduotuve\/produktas\/platinum-visavertis-sausas-pasaras-maziems-ir-jauniems-suniukams-su-vistiena\/","name":"Platinum visavertis sausas pa\u0161aras ma\u017eiems ir jauniems \u0161uniukams su vi\u0161tiena - anivet.lt","isPartOf":{"@id":"https:\/\/anivet.lt\/elparduotuve\/#website"},"primaryImageOfPage":{"@id":"https:\/\/anivet.lt\/elparduotuve\/produktas\/platinum-visavertis-sausas-pasaras-maziems-ir-jauniems-suniukams-su-vistiena\/#primaryimage"},"image":{"@id":"https:\/\/anivet.lt\/elparduotuve\/produktas\/platinum-visavertis-sausas-pasaras-maziems-ir-jauniems-suniukams-su-vistiena\/#primaryimage"},"thumbnailUrl":"https:\/\/anivet.lt\/elparduotuve\/wp-content\/uploads\/2024\/01\/pupiai.webp","datePublished":"2024-01-29T20:46:47+00:00","dateModified":"2026-02-06T17:11:14+00:00","description":"Subalansuotas sausas pa\u0161aras sukurtas specialiai ma\u017eiems ir jauniems \u0161uniukams, u\u017etikrinant sveik\u0105 augim\u0105 ir tinkam\u0105 mityb\u0105. Pagamintas i\u0161 auk\u0161tos kokyb\u0117s ingredient\u0173, tinkam\u0173 net \u017emoni\u0173 vartojimui, pa\u0161aras pasi\u017eymi puikiu skoniu ir lengvu vir\u0161kinamumu.","breadcrumb":{"@id":"https:\/\/anivet.lt\/elparduotuve\/produktas\/platinum-visavertis-sausas-pasaras-maziems-ir-jauniems-suniukams-su-vistiena\/#breadcrumb"},"inLanguage":"lt-LT","potentialAction":[{"@type":"ReadAction","target":["https:\/\/anivet.lt\/elparduotuve\/produktas\/platinum-visavertis-sausas-pasaras-maziems-ir-jauniems-suniukams-su-vistiena\/"]}]},{"@type":"ImageObject","inLanguage":"lt-LT","@id":"https:\/\/anivet.lt\/elparduotuve\/produktas\/platinum-visavertis-sausas-pasaras-maziems-ir-jauniems-suniukams-su-vistiena\/#primaryimage","url":"https:\/\/anivet.lt\/elparduotuve\/wp-content\/uploads\/2024\/01\/pupiai.webp","contentUrl":"https:\/\/anivet.lt\/elparduotuve\/wp-content\/uploads\/2024\/01\/pupiai.webp","width":800,"height":1153,"caption":"Platinum visavertis sausas pa\u0161aras ma\u017eiems ir jauniems \u0161uniukams su vi\u0161tiena"},{"@type":"BreadcrumbList","@id":"https:\/\/anivet.lt\/elparduotuve\/produktas\/platinum-visavertis-sausas-pasaras-maziems-ir-jauniems-suniukams-su-vistiena\/#breadcrumb","itemListElement":[{"@type":"ListItem","position":1,"name":"Home","item":"https:\/\/anivet.lt\/elparduotuve\/"},{"@type":"ListItem","position":2,"name":"Produktai","item":"https:\/\/anivet.lt\/elparduotuve\/produktai\/"},{"@type":"ListItem","position":3,"name":"Platinum visavertis sausas pa\u0161aras ma\u017eiems ir jauniems \u0161uniukams su vi\u0161tiena"}]},{"@type":"WebSite","@id":"https:\/\/anivet.lt\/elparduotuve\/#website","url":"https:\/\/anivet.lt\/elparduotuve\/","name":"anivet.lt","description":"Viskas J\u016bs\u0173 \u0161uns, kat\u0117s prie\u017ei\u016brai","publisher":{"@id":"https:\/\/anivet.lt\/elparduotuve\/#organization"},"alternateName":"Viskas J\u016bs\u0173 \u0161uns, kat\u0117s prie\u017ei\u016brai","potentialAction":[{"@type":"SearchAction","target":{"@type":"EntryPoint","urlTemplate":"https:\/\/anivet.lt\/elparduotuve\/?s={search_term_string}"},"query-input":{"@type":"PropertyValueSpecification","valueRequired":true,"valueName":"search_term_string"}}],"inLanguage":"lt-LT"},{"@type":"Organization","@id":"https:\/\/anivet.lt\/elparduotuve\/#organization","name":"Viskas J\u016bs\u0173 \u0161uns, kat\u0117s prie\u017ei\u016brai","url":"https:\/\/anivet.lt\/elparduotuve\/","logo":{"@type":"ImageObject","inLanguage":"lt-LT","@id":"https:\/\/anivet.lt\/elparduotuve\/#\/schema\/logo\/image\/","url":"https:\/\/anivet.lt\/elparduotuve\/wp-content\/uploads\/2023\/06\/logo2.jpg","contentUrl":"https:\/\/anivet.lt\/elparduotuve\/wp-content\/uploads\/2023\/06\/logo2.jpg","width":655,"height":194,"caption":"Viskas J\u016bs\u0173 \u0161uns, kat\u0117s prie\u017ei\u016brai"},"image":{"@id":"https:\/\/anivet.lt\/elparduotuve\/#\/schema\/logo\/image\/"}}]}},"_links":{"self":[{"href":"https:\/\/anivet.lt\/elparduotuve\/wp-json\/wp\/v2\/product\/13024","targetHints":{"allow":["GET"]}}],"collection":[{"href":"https:\/\/anivet.lt\/elparduotuve\/wp-json\/wp\/v2\/product"}],"about":[{"href":"https:\/\/anivet.lt\/elparduotuve\/wp-json\/wp\/v2\/types\/product"}],"wp:featuredmedia":[{"embeddable":true,"href":"https:\/\/anivet.lt\/elparduotuve\/wp-json\/wp\/v2\/media\/14409"}],"wp:attachment":[{"href":"https:\/\/anivet.lt\/elparduotuve\/wp-json\/wp\/v2\/media?parent=13024"}],"wp:term":[{"taxonomy":"product_brand","embeddable":true,"href":"https:\/\/anivet.lt\/elparduotuve\/wp-json\/wp\/v2\/product_brand?post=13024"},{"taxonomy":"product_cat","embeddable":true,"href":"https:\/\/anivet.lt\/elparduotuve\/wp-json\/wp\/v2\/product_cat?post=13024"},{"taxonomy":"product_tag","embeddable":true,"href":"https:\/\/anivet.lt\/elparduotuve\/wp-json\/wp\/v2\/product_tag?post=13024"}],"curies":[{"name":"wp","href":"https:\/\/api.w.org\/{rel}","templated":true}]}}