{"id":13031,"date":"2024-01-29T21:25:20","date_gmt":"2024-01-29T21:25:20","guid":{"rendered":"https:\/\/anivet.lt\/elparduotuve\/?post_type=product&#038;p=13031"},"modified":"2025-06-18T20:37:57","modified_gmt":"2025-06-18T20:37:57","slug":"platinum-adult-sausas-pasaras-sunims-su-iberijos-kiauliu-mesa-ir-darzovemis","status":"publish","type":"product","link":"https:\/\/anivet.lt\/elparduotuve\/produktas\/platinum-adult-sausas-pasaras-sunims-su-iberijos-kiauliu-mesa-ir-darzovemis\/","title":{"rendered":"Platinum Adult sausas pa\u0161aras \u0161unims su Iberijos kiauli\u0173 m\u0117sa ir dar\u017eov\u0117mis"},"content":{"rendered":"<ul>\n<li style=\"font-weight: 400;\" aria-level=\"1\"><span style=\"font-weight: 400;\">70% \u0161vie\u017eios Iberijos kiaulienos: U\u017etikrina auk\u0161tos kokyb\u0117s baltymus, b\u016btinus raumen\u0173 vystymuisi ir energijai.<\/span><\/li>\n<li style=\"font-weight: 400;\" aria-level=\"1\"><span style=\"font-weight: 400;\">Be gr\u016bd\u0173: Bulv\u0117s kaip pagrindinis angliavandeni\u0173 \u0161altinis tinka net jautriems \u0161unims.<\/span><\/li>\n<li style=\"font-weight: 400;\" aria-level=\"1\"><span style=\"font-weight: 400;\">Praturtintas nat\u016braliais aliejais: \u0160altai spausti aliejai padeda i\u0161laikyti sveik\u0105 od\u0105 ir blizgant\u012f kail\u012f.<\/span><\/li>\n<li style=\"font-weight: 400;\" aria-level=\"1\"><span style=\"font-weight: 400;\">\u017dali\u0173j\u0173 midij\u0173 luk\u0161t\u0173 ekstraktas ir \u017eolel\u0117s: Prisideda prie sveik\u0173 s\u0105nari\u0173 ir stiprina imunin\u0119 sistem\u0105.<\/span><\/li>\n<li style=\"font-weight: 400;\" aria-level=\"1\"><span style=\"font-weight: 400;\">Pa\u017eangus gamybos procesas: &#8222;Garinimo sl\u0117giu&#8221; metodas u\u017etikrina, kad pa\u0161aras i\u0161laiko visas maistines med\u017eiagas ir i\u0161skirtin\u012f skon\u012f.<\/span><\/li>\n<\/ul>\n<p><span style=\"font-weight: 400;\">\u0160is pa\u0161aras yra lengvai vir\u0161kinamas ir tinka \u012fvairi\u0173 veisli\u0173 bei dyd\u017ei\u0173 \u0161unims. Supakuotas \u012f hermeti\u0161kus mai\u0161elius, jis i\u0161laiko savo \u0161vie\u017eum\u0105 ir sultingum\u0105, tod\u0117l j\u016bs\u0173 augintinis m\u0117gausis kiekvienu k\u0105sneliu.<\/span><\/p>\n","protected":false},"excerpt":{"rendered":"<p><span style=\"font-weight: 400;\">\u0160is visavertis sausas pa\u0161aras su Iberijos kiauliena ir dar\u017eov\u0117mis yra puikus pasirinkimas suaugusiems \u0161unims, norint u\u017etikrinti subalansuot\u0105 ir maisting\u0105 mityb\u0105. Pa\u0161aras gaminamas tik i\u0161 auk\u0161tos kokyb\u0117s ingredient\u0173, tinkam\u0173 net \u017emoni\u0173 vartojimui, tod\u0117l garantuojamas jo \u0161vie\u017eumas ir nat\u016bralumas.<\/span><\/p>\n","protected":false},"featured_media":14411,"template":"","meta":[],"product_brand":[],"product_cat":[101,103,104,319],"product_tag":[],"class_list":{"0":"post-13031","1":"product","2":"type-product","3":"status-publish","4":"has-post-thumbnail","6":"product_cat-sunims","7":"product_cat-sunu-maistas","8":"product_cat-sausas-maistas","9":"product_cat-platinum-sunu-maistas","10":"pa_prekinis-zenklas-platinum","12":"first","13":"instock","14":"taxable","15":"shipping-taxable","16":"purchasable","17":"product-type-variable"},"yoast_head":"<!-- This site is optimized with the Yoast SEO Premium plugin v27.1 (Yoast SEO v27.5) - https:\/\/yoast.com\/product\/yoast-seo-premium-wordpress\/ -->\n<title>Platinum Adult sausas pa\u0161aras \u0161unims su Iberijos kiauli\u0173 m\u0117sa ir dar\u017eov\u0117mis - anivet.lt<\/title>\n<meta name=\"description\" content=\"\u0160is visavertis sausas pa\u0161aras su Iberijos kiauliena ir dar\u017eov\u0117mis yra puikus pasirinkimas suaugusiems \u0161unims, norint u\u017etikrinti subalansuot\u0105 ir maisting\u0105 mityb\u0105. Pa\u0161aras gaminamas tik i\u0161 auk\u0161tos kokyb\u0117s ingredient\u0173, tinkam\u0173 net \u017emoni\u0173 vartojimui, tod\u0117l garantuojamas jo \u0161vie\u017eumas ir nat\u016bralumas.\" \/>\n<meta name=\"robots\" content=\"index, follow, max-snippet:-1, max-image-preview:large, max-video-preview:-1\" \/>\n<link rel=\"canonical\" href=\"https:\/\/anivet.lt\/elparduotuve\/produktas\/platinum-adult-sausas-pasaras-sunims-su-iberijos-kiauliu-mesa-ir-darzovemis\/\" \/>\n<meta property=\"og:locale\" content=\"lt_LT\" \/>\n<meta property=\"og:type\" content=\"article\" \/>\n<meta property=\"og:title\" content=\"Platinum Adult sausas pa\u0161aras \u0161unims su Iberijos kiauli\u0173 m\u0117sa ir dar\u017eov\u0117mis\" \/>\n<meta property=\"og:description\" content=\"\u0160is visavertis sausas pa\u0161aras su Iberijos kiauliena ir dar\u017eov\u0117mis yra puikus pasirinkimas suaugusiems \u0161unims, norint u\u017etikrinti subalansuot\u0105 ir maisting\u0105 mityb\u0105. Pa\u0161aras gaminamas tik i\u0161 auk\u0161tos kokyb\u0117s ingredient\u0173, tinkam\u0173 net \u017emoni\u0173 vartojimui, tod\u0117l garantuojamas jo \u0161vie\u017eumas ir nat\u016bralumas.\" \/>\n<meta property=\"og:url\" content=\"https:\/\/anivet.lt\/elparduotuve\/produktas\/platinum-adult-sausas-pasaras-sunims-su-iberijos-kiauliu-mesa-ir-darzovemis\/\" \/>\n<meta property=\"og:site_name\" content=\"anivet.lt\" \/>\n<meta property=\"article:modified_time\" content=\"2025-06-18T20:37:57+00:00\" \/>\n<meta property=\"og:image\" content=\"https:\/\/anivet.lt\/elparduotuve\/wp-content\/uploads\/2024\/01\/Iberijos.webp\" \/>\n\t<meta property=\"og:image:width\" content=\"800\" \/>\n\t<meta property=\"og:image:height\" content=\"1150\" \/>\n\t<meta property=\"og:image:type\" content=\"image\/webp\" \/>\n<meta name=\"twitter:card\" content=\"summary_large_image\" \/>\n<meta name=\"twitter:label1\" content=\"Est. reading time\" \/>\n\t<meta name=\"twitter:data1\" content=\"1 minut\u0117\" \/>\n<script type=\"application\/ld+json\" class=\"yoast-schema-graph\">{\"@context\":\"https:\\\/\\\/schema.org\",\"@graph\":[{\"@type\":\"WebPage\",\"@id\":\"https:\\\/\\\/anivet.lt\\\/elparduotuve\\\/produktas\\\/platinum-adult-sausas-pasaras-sunims-su-iberijos-kiauliu-mesa-ir-darzovemis\\\/\",\"url\":\"https:\\\/\\\/anivet.lt\\\/elparduotuve\\\/produktas\\\/platinum-adult-sausas-pasaras-sunims-su-iberijos-kiauliu-mesa-ir-darzovemis\\\/\",\"name\":\"Platinum Adult sausas pa\u0161aras \u0161unims su Iberijos kiauli\u0173 m\u0117sa ir dar\u017eov\u0117mis - anivet.lt\",\"isPartOf\":{\"@id\":\"https:\\\/\\\/anivet.lt\\\/elparduotuve\\\/#website\"},\"primaryImageOfPage\":{\"@id\":\"https:\\\/\\\/anivet.lt\\\/elparduotuve\\\/produktas\\\/platinum-adult-sausas-pasaras-sunims-su-iberijos-kiauliu-mesa-ir-darzovemis\\\/#primaryimage\"},\"image\":{\"@id\":\"https:\\\/\\\/anivet.lt\\\/elparduotuve\\\/produktas\\\/platinum-adult-sausas-pasaras-sunims-su-iberijos-kiauliu-mesa-ir-darzovemis\\\/#primaryimage\"},\"thumbnailUrl\":\"https:\\\/\\\/anivet.lt\\\/elparduotuve\\\/wp-content\\\/uploads\\\/2024\\\/01\\\/Iberijos.webp\",\"datePublished\":\"2024-01-29T21:25:20+00:00\",\"dateModified\":\"2025-06-18T20:37:57+00:00\",\"description\":\"\u0160is visavertis sausas pa\u0161aras su Iberijos kiauliena ir dar\u017eov\u0117mis yra puikus pasirinkimas suaugusiems \u0161unims, norint u\u017etikrinti subalansuot\u0105 ir maisting\u0105 mityb\u0105. Pa\u0161aras gaminamas tik i\u0161 auk\u0161tos kokyb\u0117s ingredient\u0173, tinkam\u0173 net \u017emoni\u0173 vartojimui, tod\u0117l garantuojamas jo \u0161vie\u017eumas ir nat\u016bralumas.\",\"breadcrumb\":{\"@id\":\"https:\\\/\\\/anivet.lt\\\/elparduotuve\\\/produktas\\\/platinum-adult-sausas-pasaras-sunims-su-iberijos-kiauliu-mesa-ir-darzovemis\\\/#breadcrumb\"},\"inLanguage\":\"lt-LT\",\"potentialAction\":[{\"@type\":\"ReadAction\",\"target\":[\"https:\\\/\\\/anivet.lt\\\/elparduotuve\\\/produktas\\\/platinum-adult-sausas-pasaras-sunims-su-iberijos-kiauliu-mesa-ir-darzovemis\\\/\"]}]},{\"@type\":\"ImageObject\",\"inLanguage\":\"lt-LT\",\"@id\":\"https:\\\/\\\/anivet.lt\\\/elparduotuve\\\/produktas\\\/platinum-adult-sausas-pasaras-sunims-su-iberijos-kiauliu-mesa-ir-darzovemis\\\/#primaryimage\",\"url\":\"https:\\\/\\\/anivet.lt\\\/elparduotuve\\\/wp-content\\\/uploads\\\/2024\\\/01\\\/Iberijos.webp\",\"contentUrl\":\"https:\\\/\\\/anivet.lt\\\/elparduotuve\\\/wp-content\\\/uploads\\\/2024\\\/01\\\/Iberijos.webp\",\"width\":800,\"height\":1150,\"caption\":\"Platinum Adult sausas pa\u0161aras \u0161unims su Iberijos kiauli\u0173 m\u0117sa ir dar\u017eov\u0117mis\"},{\"@type\":\"BreadcrumbList\",\"@id\":\"https:\\\/\\\/anivet.lt\\\/elparduotuve\\\/produktas\\\/platinum-adult-sausas-pasaras-sunims-su-iberijos-kiauliu-mesa-ir-darzovemis\\\/#breadcrumb\",\"itemListElement\":[{\"@type\":\"ListItem\",\"position\":1,\"name\":\"Home\",\"item\":\"https:\\\/\\\/anivet.lt\\\/elparduotuve\\\/\"},{\"@type\":\"ListItem\",\"position\":2,\"name\":\"Produktai\",\"item\":\"https:\\\/\\\/anivet.lt\\\/elparduotuve\\\/produktai\\\/\"},{\"@type\":\"ListItem\",\"position\":3,\"name\":\"Platinum Adult sausas pa\u0161aras \u0161unims su Iberijos kiauli\u0173 m\u0117sa ir dar\u017eov\u0117mis\"}]},{\"@type\":\"WebSite\",\"@id\":\"https:\\\/\\\/anivet.lt\\\/elparduotuve\\\/#website\",\"url\":\"https:\\\/\\\/anivet.lt\\\/elparduotuve\\\/\",\"name\":\"anivet.lt\",\"description\":\"Viskas J\u016bs\u0173 \u0161uns, kat\u0117s prie\u017ei\u016brai\",\"publisher\":{\"@id\":\"https:\\\/\\\/anivet.lt\\\/elparduotuve\\\/#organization\"},\"alternateName\":\"Viskas J\u016bs\u0173 \u0161uns, kat\u0117s prie\u017ei\u016brai\",\"potentialAction\":[{\"@type\":\"SearchAction\",\"target\":{\"@type\":\"EntryPoint\",\"urlTemplate\":\"https:\\\/\\\/anivet.lt\\\/elparduotuve\\\/?s={search_term_string}\"},\"query-input\":{\"@type\":\"PropertyValueSpecification\",\"valueRequired\":true,\"valueName\":\"search_term_string\"}}],\"inLanguage\":\"lt-LT\"},{\"@type\":\"Organization\",\"@id\":\"https:\\\/\\\/anivet.lt\\\/elparduotuve\\\/#organization\",\"name\":\"Viskas J\u016bs\u0173 \u0161uns, kat\u0117s prie\u017ei\u016brai\",\"url\":\"https:\\\/\\\/anivet.lt\\\/elparduotuve\\\/\",\"logo\":{\"@type\":\"ImageObject\",\"inLanguage\":\"lt-LT\",\"@id\":\"https:\\\/\\\/anivet.lt\\\/elparduotuve\\\/#\\\/schema\\\/logo\\\/image\\\/\",\"url\":\"https:\\\/\\\/anivet.lt\\\/elparduotuve\\\/wp-content\\\/uploads\\\/2023\\\/06\\\/logo2.jpg\",\"contentUrl\":\"https:\\\/\\\/anivet.lt\\\/elparduotuve\\\/wp-content\\\/uploads\\\/2023\\\/06\\\/logo2.jpg\",\"width\":655,\"height\":194,\"caption\":\"Viskas J\u016bs\u0173 \u0161uns, kat\u0117s prie\u017ei\u016brai\"},\"image\":{\"@id\":\"https:\\\/\\\/anivet.lt\\\/elparduotuve\\\/#\\\/schema\\\/logo\\\/image\\\/\"}}]}<\/script>\n<!-- \/ Yoast SEO Premium plugin. -->","yoast_head_json":{"title":"Platinum Adult sausas pa\u0161aras \u0161unims su Iberijos kiauli\u0173 m\u0117sa ir dar\u017eov\u0117mis - anivet.lt","description":"\u0160is visavertis sausas pa\u0161aras su Iberijos kiauliena ir dar\u017eov\u0117mis yra puikus pasirinkimas suaugusiems \u0161unims, norint u\u017etikrinti subalansuot\u0105 ir maisting\u0105 mityb\u0105. Pa\u0161aras gaminamas tik i\u0161 auk\u0161tos kokyb\u0117s ingredient\u0173, tinkam\u0173 net \u017emoni\u0173 vartojimui, tod\u0117l garantuojamas jo \u0161vie\u017eumas ir nat\u016bralumas.","robots":{"index":"index","follow":"follow","max-snippet":"max-snippet:-1","max-image-preview":"max-image-preview:large","max-video-preview":"max-video-preview:-1"},"canonical":"https:\/\/anivet.lt\/elparduotuve\/produktas\/platinum-adult-sausas-pasaras-sunims-su-iberijos-kiauliu-mesa-ir-darzovemis\/","og_locale":"lt_LT","og_type":"article","og_title":"Platinum Adult sausas pa\u0161aras \u0161unims su Iberijos kiauli\u0173 m\u0117sa ir dar\u017eov\u0117mis","og_description":"\u0160is visavertis sausas pa\u0161aras su Iberijos kiauliena ir dar\u017eov\u0117mis yra puikus pasirinkimas suaugusiems \u0161unims, norint u\u017etikrinti subalansuot\u0105 ir maisting\u0105 mityb\u0105. Pa\u0161aras gaminamas tik i\u0161 auk\u0161tos kokyb\u0117s ingredient\u0173, tinkam\u0173 net \u017emoni\u0173 vartojimui, tod\u0117l garantuojamas jo \u0161vie\u017eumas ir nat\u016bralumas.","og_url":"https:\/\/anivet.lt\/elparduotuve\/produktas\/platinum-adult-sausas-pasaras-sunims-su-iberijos-kiauliu-mesa-ir-darzovemis\/","og_site_name":"anivet.lt","article_modified_time":"2025-06-18T20:37:57+00:00","og_image":[{"width":800,"height":1150,"url":"https:\/\/anivet.lt\/elparduotuve\/wp-content\/uploads\/2024\/01\/Iberijos.webp","type":"image\/webp"}],"twitter_card":"summary_large_image","twitter_misc":{"Est. reading time":"1 minut\u0117"},"schema":{"@context":"https:\/\/schema.org","@graph":[{"@type":"WebPage","@id":"https:\/\/anivet.lt\/elparduotuve\/produktas\/platinum-adult-sausas-pasaras-sunims-su-iberijos-kiauliu-mesa-ir-darzovemis\/","url":"https:\/\/anivet.lt\/elparduotuve\/produktas\/platinum-adult-sausas-pasaras-sunims-su-iberijos-kiauliu-mesa-ir-darzovemis\/","name":"Platinum Adult sausas pa\u0161aras \u0161unims su Iberijos kiauli\u0173 m\u0117sa ir dar\u017eov\u0117mis - anivet.lt","isPartOf":{"@id":"https:\/\/anivet.lt\/elparduotuve\/#website"},"primaryImageOfPage":{"@id":"https:\/\/anivet.lt\/elparduotuve\/produktas\/platinum-adult-sausas-pasaras-sunims-su-iberijos-kiauliu-mesa-ir-darzovemis\/#primaryimage"},"image":{"@id":"https:\/\/anivet.lt\/elparduotuve\/produktas\/platinum-adult-sausas-pasaras-sunims-su-iberijos-kiauliu-mesa-ir-darzovemis\/#primaryimage"},"thumbnailUrl":"https:\/\/anivet.lt\/elparduotuve\/wp-content\/uploads\/2024\/01\/Iberijos.webp","datePublished":"2024-01-29T21:25:20+00:00","dateModified":"2025-06-18T20:37:57+00:00","description":"\u0160is visavertis sausas pa\u0161aras su Iberijos kiauliena ir dar\u017eov\u0117mis yra puikus pasirinkimas suaugusiems \u0161unims, norint u\u017etikrinti subalansuot\u0105 ir maisting\u0105 mityb\u0105. Pa\u0161aras gaminamas tik i\u0161 auk\u0161tos kokyb\u0117s ingredient\u0173, tinkam\u0173 net \u017emoni\u0173 vartojimui, tod\u0117l garantuojamas jo \u0161vie\u017eumas ir nat\u016bralumas.","breadcrumb":{"@id":"https:\/\/anivet.lt\/elparduotuve\/produktas\/platinum-adult-sausas-pasaras-sunims-su-iberijos-kiauliu-mesa-ir-darzovemis\/#breadcrumb"},"inLanguage":"lt-LT","potentialAction":[{"@type":"ReadAction","target":["https:\/\/anivet.lt\/elparduotuve\/produktas\/platinum-adult-sausas-pasaras-sunims-su-iberijos-kiauliu-mesa-ir-darzovemis\/"]}]},{"@type":"ImageObject","inLanguage":"lt-LT","@id":"https:\/\/anivet.lt\/elparduotuve\/produktas\/platinum-adult-sausas-pasaras-sunims-su-iberijos-kiauliu-mesa-ir-darzovemis\/#primaryimage","url":"https:\/\/anivet.lt\/elparduotuve\/wp-content\/uploads\/2024\/01\/Iberijos.webp","contentUrl":"https:\/\/anivet.lt\/elparduotuve\/wp-content\/uploads\/2024\/01\/Iberijos.webp","width":800,"height":1150,"caption":"Platinum Adult sausas pa\u0161aras \u0161unims su Iberijos kiauli\u0173 m\u0117sa ir dar\u017eov\u0117mis"},{"@type":"BreadcrumbList","@id":"https:\/\/anivet.lt\/elparduotuve\/produktas\/platinum-adult-sausas-pasaras-sunims-su-iberijos-kiauliu-mesa-ir-darzovemis\/#breadcrumb","itemListElement":[{"@type":"ListItem","position":1,"name":"Home","item":"https:\/\/anivet.lt\/elparduotuve\/"},{"@type":"ListItem","position":2,"name":"Produktai","item":"https:\/\/anivet.lt\/elparduotuve\/produktai\/"},{"@type":"ListItem","position":3,"name":"Platinum Adult sausas pa\u0161aras \u0161unims su Iberijos kiauli\u0173 m\u0117sa ir dar\u017eov\u0117mis"}]},{"@type":"WebSite","@id":"https:\/\/anivet.lt\/elparduotuve\/#website","url":"https:\/\/anivet.lt\/elparduotuve\/","name":"anivet.lt","description":"Viskas J\u016bs\u0173 \u0161uns, kat\u0117s prie\u017ei\u016brai","publisher":{"@id":"https:\/\/anivet.lt\/elparduotuve\/#organization"},"alternateName":"Viskas J\u016bs\u0173 \u0161uns, kat\u0117s prie\u017ei\u016brai","potentialAction":[{"@type":"SearchAction","target":{"@type":"EntryPoint","urlTemplate":"https:\/\/anivet.lt\/elparduotuve\/?s={search_term_string}"},"query-input":{"@type":"PropertyValueSpecification","valueRequired":true,"valueName":"search_term_string"}}],"inLanguage":"lt-LT"},{"@type":"Organization","@id":"https:\/\/anivet.lt\/elparduotuve\/#organization","name":"Viskas J\u016bs\u0173 \u0161uns, kat\u0117s prie\u017ei\u016brai","url":"https:\/\/anivet.lt\/elparduotuve\/","logo":{"@type":"ImageObject","inLanguage":"lt-LT","@id":"https:\/\/anivet.lt\/elparduotuve\/#\/schema\/logo\/image\/","url":"https:\/\/anivet.lt\/elparduotuve\/wp-content\/uploads\/2023\/06\/logo2.jpg","contentUrl":"https:\/\/anivet.lt\/elparduotuve\/wp-content\/uploads\/2023\/06\/logo2.jpg","width":655,"height":194,"caption":"Viskas J\u016bs\u0173 \u0161uns, kat\u0117s prie\u017ei\u016brai"},"image":{"@id":"https:\/\/anivet.lt\/elparduotuve\/#\/schema\/logo\/image\/"}}]}},"_links":{"self":[{"href":"https:\/\/anivet.lt\/elparduotuve\/wp-json\/wp\/v2\/product\/13031","targetHints":{"allow":["GET"]}}],"collection":[{"href":"https:\/\/anivet.lt\/elparduotuve\/wp-json\/wp\/v2\/product"}],"about":[{"href":"https:\/\/anivet.lt\/elparduotuve\/wp-json\/wp\/v2\/types\/product"}],"wp:featuredmedia":[{"embeddable":true,"href":"https:\/\/anivet.lt\/elparduotuve\/wp-json\/wp\/v2\/media\/14411"}],"wp:attachment":[{"href":"https:\/\/anivet.lt\/elparduotuve\/wp-json\/wp\/v2\/media?parent=13031"}],"wp:term":[{"taxonomy":"product_brand","embeddable":true,"href":"https:\/\/anivet.lt\/elparduotuve\/wp-json\/wp\/v2\/product_brand?post=13031"},{"taxonomy":"product_cat","embeddable":true,"href":"https:\/\/anivet.lt\/elparduotuve\/wp-json\/wp\/v2\/product_cat?post=13031"},{"taxonomy":"product_tag","embeddable":true,"href":"https:\/\/anivet.lt\/elparduotuve\/wp-json\/wp\/v2\/product_tag?post=13031"}],"curies":[{"name":"wp","href":"https:\/\/api.w.org\/{rel}","templated":true}]}}