{"id":13063,"date":"2024-01-30T07:55:44","date_gmt":"2024-01-30T07:55:44","guid":{"rendered":"https:\/\/anivet.lt\/elparduotuve\/?post_type=product&#038;p=13063"},"modified":"2026-04-21T10:26:50","modified_gmt":"2026-04-21T10:26:50","slug":"platinum-pastetas-su-kalakutiena-ir-lasisa","status":"publish","type":"product","link":"https:\/\/anivet.lt\/elparduotuve\/produktas\/platinum-pastetas-su-kalakutiena-ir-lasisa\/","title":{"rendered":"Platinum pa\u0161tetas su kalakutiena ir la\u0161i\u0161a"},"content":{"rendered":"<ul>\n<li style=\"font-weight: 400;\" aria-level=\"1\"><span style=\"font-weight: 400;\">Auk\u0161tas m\u0117sos kiekis: Sud\u0117tyje yra 63 % kalakutienos ir 20 % \u0161vie\u017eios la\u0161i\u0161os, u\u017etikrinan\u010dios auk\u0161tos kokyb\u0117s baltym\u0173 \u0161altin\u012f.<\/span><\/li>\n<li style=\"font-weight: 400;\" aria-level=\"1\"><span style=\"font-weight: 400;\">Be glitimo: Tinka \u0161unims, netoleruojantiems kvie\u010di\u0173 ar kit\u0173 glitimo turin\u010di\u0173 produkt\u0173.<\/span><\/li>\n<li style=\"font-weight: 400;\" aria-level=\"1\"><span style=\"font-weight: 400;\">Nat\u016bral\u016bs ingredientai: Praturtintas dehidratuotomis bulv\u0117mis, dar\u017eov\u0117mis (brokoliais, morkomis, porais) ir alyvuogi\u0173 aliejumi, kurie suteikia papildom\u0173 maistini\u0173 med\u017eiag\u0173.<\/span><\/li>\n<li style=\"font-weight: 400;\" aria-level=\"1\"><span style=\"font-weight: 400;\">Optimalus dr\u0117gm\u0117s balansas: 69 % m\u0117sos sul\u010di\u0173 u\u017etikrina sulting\u0105 ir aromating\u0105 pa\u0161ar\u0105.<\/span><\/li>\n<li style=\"font-weight: 400;\" aria-level=\"1\"><span style=\"font-weight: 400;\">Speciali pakuot\u0117: \u201eTetra Pak\u201c technologija leid\u017eia produkt\u0105 \u0161velniai virti garuose, i\u0161saugant vitaminus ir maistines med\u017eiagas.<\/span><\/li>\n<\/ul>\n<p><span style=\"font-weight: 400;\">\u0160is pa\u0161tetas yra sveikas, sultingas ir pilnai subalansuotas maistas, tinkantis kasdieniam naudojimui. Puikus pasirinkimas \u0161unims, siekiant u\u017etikrinti nat\u016bral\u0173 ir sveik\u0105 mitybos b\u016bd\u0105.<\/span><\/p>\n","protected":false},"excerpt":{"rendered":"<p><span style=\"font-weight: 400;\">\u0160is pa\u0161tetas su kalakutiena ir la\u0161i\u0161a \u2013 tai nat\u016bralus ir subalansuotas maistas, sukurtas atsi\u017evelgiant \u012f j\u016bs\u0173 \u0161uns poreikius. Auk\u0161\u010diausios kokyb\u0117s ingredientai ir unikalus gamybos procesas u\u017etikrina puik\u0173 skon\u012f bei maistin\u0119 vert\u0119.<\/span><\/p>\n","protected":false},"featured_media":13064,"template":"","meta":[],"product_brand":[],"product_cat":[101,103,105,319],"product_tag":[],"class_list":{"0":"post-13063","1":"product","2":"type-product","3":"status-publish","4":"has-post-thumbnail","6":"product_cat-sunims","7":"product_cat-sunu-maistas","8":"product_cat-konservai","9":"product_cat-platinum-sunu-maistas","10":"pa_prekinis-zenklas-platinum","12":"first","13":"instock","14":"taxable","15":"shipping-taxable","16":"purchasable","17":"product-type-variable"},"yoast_head":"<!-- This site is optimized with the Yoast SEO Premium plugin v27.1 (Yoast SEO v27.5) - https:\/\/yoast.com\/product\/yoast-seo-premium-wordpress\/ -->\n<title>Platinum pa\u0161tetas su kalakutiena ir la\u0161i\u0161a - anivet.lt<\/title>\n<meta name=\"description\" content=\"\u0160is pa\u0161tetas su kalakutiena ir la\u0161i\u0161a \u2013 tai nat\u016bralus ir subalansuotas maistas, sukurtas atsi\u017evelgiant \u012f j\u016bs\u0173 \u0161uns poreikius. Auk\u0161\u010diausios kokyb\u0117s ingredientai ir unikalus gamybos procesas u\u017etikrina puik\u0173 skon\u012f bei maistin\u0119 vert\u0119.\" \/>\n<meta name=\"robots\" content=\"index, follow, max-snippet:-1, max-image-preview:large, max-video-preview:-1\" \/>\n<link rel=\"canonical\" href=\"https:\/\/anivet.lt\/elparduotuve\/produktas\/platinum-pastetas-su-kalakutiena-ir-lasisa\/\" \/>\n<meta property=\"og:locale\" content=\"lt_LT\" \/>\n<meta property=\"og:type\" content=\"article\" \/>\n<meta property=\"og:title\" content=\"Platinum pa\u0161tetas su kalakutiena ir la\u0161i\u0161a\" \/>\n<meta property=\"og:description\" content=\"\u0160is pa\u0161tetas su kalakutiena ir la\u0161i\u0161a \u2013 tai nat\u016bralus ir subalansuotas maistas, sukurtas atsi\u017evelgiant \u012f j\u016bs\u0173 \u0161uns poreikius. Auk\u0161\u010diausios kokyb\u0117s ingredientai ir unikalus gamybos procesas u\u017etikrina puik\u0173 skon\u012f bei maistin\u0119 vert\u0119.\" \/>\n<meta property=\"og:url\" content=\"https:\/\/anivet.lt\/elparduotuve\/produktas\/platinum-pastetas-su-kalakutiena-ir-lasisa\/\" \/>\n<meta property=\"og:site_name\" content=\"anivet.lt\" \/>\n<meta property=\"article:modified_time\" content=\"2026-04-21T10:26:50+00:00\" \/>\n<meta property=\"og:image\" content=\"https:\/\/anivet.lt\/elparduotuve\/wp-content\/uploads\/2024\/01\/Platinum-pastetas-su-kalakutiena-ir-lasisa.jpg\" \/>\n\t<meta property=\"og:image:width\" content=\"1100\" \/>\n\t<meta property=\"og:image:height\" content=\"1100\" \/>\n\t<meta property=\"og:image:type\" content=\"image\/jpeg\" \/>\n<meta name=\"twitter:card\" content=\"summary_large_image\" \/>\n<meta name=\"twitter:label1\" content=\"Est. reading time\" \/>\n\t<meta name=\"twitter:data1\" content=\"1 minut\u0117\" \/>\n<script type=\"application\/ld+json\" class=\"yoast-schema-graph\">{\"@context\":\"https:\\\/\\\/schema.org\",\"@graph\":[{\"@type\":\"WebPage\",\"@id\":\"https:\\\/\\\/anivet.lt\\\/elparduotuve\\\/produktas\\\/platinum-pastetas-su-kalakutiena-ir-lasisa\\\/\",\"url\":\"https:\\\/\\\/anivet.lt\\\/elparduotuve\\\/produktas\\\/platinum-pastetas-su-kalakutiena-ir-lasisa\\\/\",\"name\":\"Platinum pa\u0161tetas su kalakutiena ir la\u0161i\u0161a - anivet.lt\",\"isPartOf\":{\"@id\":\"https:\\\/\\\/anivet.lt\\\/elparduotuve\\\/#website\"},\"primaryImageOfPage\":{\"@id\":\"https:\\\/\\\/anivet.lt\\\/elparduotuve\\\/produktas\\\/platinum-pastetas-su-kalakutiena-ir-lasisa\\\/#primaryimage\"},\"image\":{\"@id\":\"https:\\\/\\\/anivet.lt\\\/elparduotuve\\\/produktas\\\/platinum-pastetas-su-kalakutiena-ir-lasisa\\\/#primaryimage\"},\"thumbnailUrl\":\"https:\\\/\\\/anivet.lt\\\/elparduotuve\\\/wp-content\\\/uploads\\\/2024\\\/01\\\/Platinum-pastetas-su-kalakutiena-ir-lasisa.jpg\",\"datePublished\":\"2024-01-30T07:55:44+00:00\",\"dateModified\":\"2026-04-21T10:26:50+00:00\",\"description\":\"\u0160is pa\u0161tetas su kalakutiena ir la\u0161i\u0161a \u2013 tai nat\u016bralus ir subalansuotas maistas, sukurtas atsi\u017evelgiant \u012f j\u016bs\u0173 \u0161uns poreikius. Auk\u0161\u010diausios kokyb\u0117s ingredientai ir unikalus gamybos procesas u\u017etikrina puik\u0173 skon\u012f bei maistin\u0119 vert\u0119.\",\"breadcrumb\":{\"@id\":\"https:\\\/\\\/anivet.lt\\\/elparduotuve\\\/produktas\\\/platinum-pastetas-su-kalakutiena-ir-lasisa\\\/#breadcrumb\"},\"inLanguage\":\"lt-LT\",\"potentialAction\":[{\"@type\":\"ReadAction\",\"target\":[\"https:\\\/\\\/anivet.lt\\\/elparduotuve\\\/produktas\\\/platinum-pastetas-su-kalakutiena-ir-lasisa\\\/\"]}]},{\"@type\":\"ImageObject\",\"inLanguage\":\"lt-LT\",\"@id\":\"https:\\\/\\\/anivet.lt\\\/elparduotuve\\\/produktas\\\/platinum-pastetas-su-kalakutiena-ir-lasisa\\\/#primaryimage\",\"url\":\"https:\\\/\\\/anivet.lt\\\/elparduotuve\\\/wp-content\\\/uploads\\\/2024\\\/01\\\/Platinum-pastetas-su-kalakutiena-ir-lasisa.jpg\",\"contentUrl\":\"https:\\\/\\\/anivet.lt\\\/elparduotuve\\\/wp-content\\\/uploads\\\/2024\\\/01\\\/Platinum-pastetas-su-kalakutiena-ir-lasisa.jpg\",\"width\":1100,\"height\":1100,\"caption\":\"Platinum pa\u0161tetas su kalakutiena ir la\u0161i\u0161a\"},{\"@type\":\"BreadcrumbList\",\"@id\":\"https:\\\/\\\/anivet.lt\\\/elparduotuve\\\/produktas\\\/platinum-pastetas-su-kalakutiena-ir-lasisa\\\/#breadcrumb\",\"itemListElement\":[{\"@type\":\"ListItem\",\"position\":1,\"name\":\"Home\",\"item\":\"https:\\\/\\\/anivet.lt\\\/elparduotuve\\\/\"},{\"@type\":\"ListItem\",\"position\":2,\"name\":\"Produktai\",\"item\":\"https:\\\/\\\/anivet.lt\\\/elparduotuve\\\/produktai\\\/\"},{\"@type\":\"ListItem\",\"position\":3,\"name\":\"Platinum pa\u0161tetas su kalakutiena ir la\u0161i\u0161a\"}]},{\"@type\":\"WebSite\",\"@id\":\"https:\\\/\\\/anivet.lt\\\/elparduotuve\\\/#website\",\"url\":\"https:\\\/\\\/anivet.lt\\\/elparduotuve\\\/\",\"name\":\"anivet.lt\",\"description\":\"Viskas J\u016bs\u0173 \u0161uns, kat\u0117s prie\u017ei\u016brai\",\"publisher\":{\"@id\":\"https:\\\/\\\/anivet.lt\\\/elparduotuve\\\/#organization\"},\"alternateName\":\"Viskas J\u016bs\u0173 \u0161uns, kat\u0117s prie\u017ei\u016brai\",\"potentialAction\":[{\"@type\":\"SearchAction\",\"target\":{\"@type\":\"EntryPoint\",\"urlTemplate\":\"https:\\\/\\\/anivet.lt\\\/elparduotuve\\\/?s={search_term_string}\"},\"query-input\":{\"@type\":\"PropertyValueSpecification\",\"valueRequired\":true,\"valueName\":\"search_term_string\"}}],\"inLanguage\":\"lt-LT\"},{\"@type\":\"Organization\",\"@id\":\"https:\\\/\\\/anivet.lt\\\/elparduotuve\\\/#organization\",\"name\":\"Viskas J\u016bs\u0173 \u0161uns, kat\u0117s prie\u017ei\u016brai\",\"url\":\"https:\\\/\\\/anivet.lt\\\/elparduotuve\\\/\",\"logo\":{\"@type\":\"ImageObject\",\"inLanguage\":\"lt-LT\",\"@id\":\"https:\\\/\\\/anivet.lt\\\/elparduotuve\\\/#\\\/schema\\\/logo\\\/image\\\/\",\"url\":\"https:\\\/\\\/anivet.lt\\\/elparduotuve\\\/wp-content\\\/uploads\\\/2023\\\/06\\\/logo2.jpg\",\"contentUrl\":\"https:\\\/\\\/anivet.lt\\\/elparduotuve\\\/wp-content\\\/uploads\\\/2023\\\/06\\\/logo2.jpg\",\"width\":655,\"height\":194,\"caption\":\"Viskas J\u016bs\u0173 \u0161uns, kat\u0117s prie\u017ei\u016brai\"},\"image\":{\"@id\":\"https:\\\/\\\/anivet.lt\\\/elparduotuve\\\/#\\\/schema\\\/logo\\\/image\\\/\"}}]}<\/script>\n<!-- \/ Yoast SEO Premium plugin. -->","yoast_head_json":{"title":"Platinum pa\u0161tetas su kalakutiena ir la\u0161i\u0161a - anivet.lt","description":"\u0160is pa\u0161tetas su kalakutiena ir la\u0161i\u0161a \u2013 tai nat\u016bralus ir subalansuotas maistas, sukurtas atsi\u017evelgiant \u012f j\u016bs\u0173 \u0161uns poreikius. Auk\u0161\u010diausios kokyb\u0117s ingredientai ir unikalus gamybos procesas u\u017etikrina puik\u0173 skon\u012f bei maistin\u0119 vert\u0119.","robots":{"index":"index","follow":"follow","max-snippet":"max-snippet:-1","max-image-preview":"max-image-preview:large","max-video-preview":"max-video-preview:-1"},"canonical":"https:\/\/anivet.lt\/elparduotuve\/produktas\/platinum-pastetas-su-kalakutiena-ir-lasisa\/","og_locale":"lt_LT","og_type":"article","og_title":"Platinum pa\u0161tetas su kalakutiena ir la\u0161i\u0161a","og_description":"\u0160is pa\u0161tetas su kalakutiena ir la\u0161i\u0161a \u2013 tai nat\u016bralus ir subalansuotas maistas, sukurtas atsi\u017evelgiant \u012f j\u016bs\u0173 \u0161uns poreikius. Auk\u0161\u010diausios kokyb\u0117s ingredientai ir unikalus gamybos procesas u\u017etikrina puik\u0173 skon\u012f bei maistin\u0119 vert\u0119.","og_url":"https:\/\/anivet.lt\/elparduotuve\/produktas\/platinum-pastetas-su-kalakutiena-ir-lasisa\/","og_site_name":"anivet.lt","article_modified_time":"2026-04-21T10:26:50+00:00","og_image":[{"width":1100,"height":1100,"url":"https:\/\/anivet.lt\/elparduotuve\/wp-content\/uploads\/2024\/01\/Platinum-pastetas-su-kalakutiena-ir-lasisa.jpg","type":"image\/jpeg"}],"twitter_card":"summary_large_image","twitter_misc":{"Est. reading time":"1 minut\u0117"},"schema":{"@context":"https:\/\/schema.org","@graph":[{"@type":"WebPage","@id":"https:\/\/anivet.lt\/elparduotuve\/produktas\/platinum-pastetas-su-kalakutiena-ir-lasisa\/","url":"https:\/\/anivet.lt\/elparduotuve\/produktas\/platinum-pastetas-su-kalakutiena-ir-lasisa\/","name":"Platinum pa\u0161tetas su kalakutiena ir la\u0161i\u0161a - anivet.lt","isPartOf":{"@id":"https:\/\/anivet.lt\/elparduotuve\/#website"},"primaryImageOfPage":{"@id":"https:\/\/anivet.lt\/elparduotuve\/produktas\/platinum-pastetas-su-kalakutiena-ir-lasisa\/#primaryimage"},"image":{"@id":"https:\/\/anivet.lt\/elparduotuve\/produktas\/platinum-pastetas-su-kalakutiena-ir-lasisa\/#primaryimage"},"thumbnailUrl":"https:\/\/anivet.lt\/elparduotuve\/wp-content\/uploads\/2024\/01\/Platinum-pastetas-su-kalakutiena-ir-lasisa.jpg","datePublished":"2024-01-30T07:55:44+00:00","dateModified":"2026-04-21T10:26:50+00:00","description":"\u0160is pa\u0161tetas su kalakutiena ir la\u0161i\u0161a \u2013 tai nat\u016bralus ir subalansuotas maistas, sukurtas atsi\u017evelgiant \u012f j\u016bs\u0173 \u0161uns poreikius. Auk\u0161\u010diausios kokyb\u0117s ingredientai ir unikalus gamybos procesas u\u017etikrina puik\u0173 skon\u012f bei maistin\u0119 vert\u0119.","breadcrumb":{"@id":"https:\/\/anivet.lt\/elparduotuve\/produktas\/platinum-pastetas-su-kalakutiena-ir-lasisa\/#breadcrumb"},"inLanguage":"lt-LT","potentialAction":[{"@type":"ReadAction","target":["https:\/\/anivet.lt\/elparduotuve\/produktas\/platinum-pastetas-su-kalakutiena-ir-lasisa\/"]}]},{"@type":"ImageObject","inLanguage":"lt-LT","@id":"https:\/\/anivet.lt\/elparduotuve\/produktas\/platinum-pastetas-su-kalakutiena-ir-lasisa\/#primaryimage","url":"https:\/\/anivet.lt\/elparduotuve\/wp-content\/uploads\/2024\/01\/Platinum-pastetas-su-kalakutiena-ir-lasisa.jpg","contentUrl":"https:\/\/anivet.lt\/elparduotuve\/wp-content\/uploads\/2024\/01\/Platinum-pastetas-su-kalakutiena-ir-lasisa.jpg","width":1100,"height":1100,"caption":"Platinum pa\u0161tetas su kalakutiena ir la\u0161i\u0161a"},{"@type":"BreadcrumbList","@id":"https:\/\/anivet.lt\/elparduotuve\/produktas\/platinum-pastetas-su-kalakutiena-ir-lasisa\/#breadcrumb","itemListElement":[{"@type":"ListItem","position":1,"name":"Home","item":"https:\/\/anivet.lt\/elparduotuve\/"},{"@type":"ListItem","position":2,"name":"Produktai","item":"https:\/\/anivet.lt\/elparduotuve\/produktai\/"},{"@type":"ListItem","position":3,"name":"Platinum pa\u0161tetas su kalakutiena ir la\u0161i\u0161a"}]},{"@type":"WebSite","@id":"https:\/\/anivet.lt\/elparduotuve\/#website","url":"https:\/\/anivet.lt\/elparduotuve\/","name":"anivet.lt","description":"Viskas J\u016bs\u0173 \u0161uns, kat\u0117s prie\u017ei\u016brai","publisher":{"@id":"https:\/\/anivet.lt\/elparduotuve\/#organization"},"alternateName":"Viskas J\u016bs\u0173 \u0161uns, kat\u0117s prie\u017ei\u016brai","potentialAction":[{"@type":"SearchAction","target":{"@type":"EntryPoint","urlTemplate":"https:\/\/anivet.lt\/elparduotuve\/?s={search_term_string}"},"query-input":{"@type":"PropertyValueSpecification","valueRequired":true,"valueName":"search_term_string"}}],"inLanguage":"lt-LT"},{"@type":"Organization","@id":"https:\/\/anivet.lt\/elparduotuve\/#organization","name":"Viskas J\u016bs\u0173 \u0161uns, kat\u0117s prie\u017ei\u016brai","url":"https:\/\/anivet.lt\/elparduotuve\/","logo":{"@type":"ImageObject","inLanguage":"lt-LT","@id":"https:\/\/anivet.lt\/elparduotuve\/#\/schema\/logo\/image\/","url":"https:\/\/anivet.lt\/elparduotuve\/wp-content\/uploads\/2023\/06\/logo2.jpg","contentUrl":"https:\/\/anivet.lt\/elparduotuve\/wp-content\/uploads\/2023\/06\/logo2.jpg","width":655,"height":194,"caption":"Viskas J\u016bs\u0173 \u0161uns, kat\u0117s prie\u017ei\u016brai"},"image":{"@id":"https:\/\/anivet.lt\/elparduotuve\/#\/schema\/logo\/image\/"}}]}},"_links":{"self":[{"href":"https:\/\/anivet.lt\/elparduotuve\/wp-json\/wp\/v2\/product\/13063","targetHints":{"allow":["GET"]}}],"collection":[{"href":"https:\/\/anivet.lt\/elparduotuve\/wp-json\/wp\/v2\/product"}],"about":[{"href":"https:\/\/anivet.lt\/elparduotuve\/wp-json\/wp\/v2\/types\/product"}],"wp:featuredmedia":[{"embeddable":true,"href":"https:\/\/anivet.lt\/elparduotuve\/wp-json\/wp\/v2\/media\/13064"}],"wp:attachment":[{"href":"https:\/\/anivet.lt\/elparduotuve\/wp-json\/wp\/v2\/media?parent=13063"}],"wp:term":[{"taxonomy":"product_brand","embeddable":true,"href":"https:\/\/anivet.lt\/elparduotuve\/wp-json\/wp\/v2\/product_brand?post=13063"},{"taxonomy":"product_cat","embeddable":true,"href":"https:\/\/anivet.lt\/elparduotuve\/wp-json\/wp\/v2\/product_cat?post=13063"},{"taxonomy":"product_tag","embeddable":true,"href":"https:\/\/anivet.lt\/elparduotuve\/wp-json\/wp\/v2\/product_tag?post=13063"}],"curies":[{"name":"wp","href":"https:\/\/api.w.org\/{rel}","templated":true}]}}