{"id":13069,"date":"2024-01-30T08:03:07","date_gmt":"2024-01-30T08:03:07","guid":{"rendered":"https:\/\/anivet.lt\/elparduotuve\/?post_type=product&#038;p=13069"},"modified":"2026-02-15T04:52:04","modified_gmt":"2026-02-15T04:52:04","slug":"platinum-pastetas-su-zuvim","status":"publish","type":"product","link":"https:\/\/anivet.lt\/elparduotuve\/produktas\/platinum-pastetas-su-zuvim\/","title":{"rendered":"Platinum pa\u0161tetas su \u017euvimi"},"content":{"rendered":"<ul>\n<li style=\"font-weight: 400;\" aria-level=\"1\"><span style=\"font-weight: 400;\">Auk\u0161tos kokyb\u0117s baltymai: 83 % \u0161vie\u017eios \u017euvies (sardin\u0117s, tunas, up\u0117takis) u\u017etikrina lengvai vir\u0161kinam\u0105 baltym\u0173 \u0161altin\u012f.<\/span><\/li>\n<li style=\"font-weight: 400;\" aria-level=\"1\"><span style=\"font-weight: 400;\">Subalansuotas maistini\u0173 med\u017eiag\u0173 kiekis: Saul\u0117gr\u0105\u017e\u0173 ir alyvuogi\u0173 aliejai palaiko optimali\u0105 riebal\u0173 pusiausvyr\u0105.<\/span><\/li>\n<li style=\"font-weight: 400;\" aria-level=\"1\"><span style=\"font-weight: 400;\">Nat\u016bral\u016bs ingredientai: Dar\u017eov\u0117s, tokios kaip brokoliai, morkos ir porai, suteikia nat\u016brali\u0173 antioksidant\u0173 ir papildom\u0173 vitamin\u0173.<\/span><\/li>\n<li style=\"font-weight: 400;\" aria-level=\"1\"><span style=\"font-weight: 400;\">Unikalus gamybos procesas: Garuose virta, \u0161velniai paruo\u0161ta pa\u0161teto forma i\u0161laiko maistines med\u017eiagas ir skon\u012f.<\/span><\/li>\n<li style=\"font-weight: 400;\" aria-level=\"1\"><span style=\"font-weight: 400;\">Draugi\u0161kas alergi\u0161kiems \u0161unims: Be kvie\u010di\u0173, glitimo, dirbtini\u0173 pried\u0173, skonio stiprikli\u0173 ir da\u017eikli\u0173.<\/span><\/li>\n<\/ul>\n<p><span style=\"font-weight: 400;\">\u201ePLATINUM MENU\u201d pa\u0161tetas su \u017euvimi \u2013 tai ne tik sveikas ir skanus pasirinkimas j\u016bs\u0173 augintiniui, bet ir atsakingai pagamintas produktas, i\u0161saugantis vertingas maistines med\u017eiagas. Speciali pakuot\u0117 u\u017etikrina, kad pa\u0161aras b\u016bt\u0173 \u0161vie\u017eias ir sultingas, o jo nat\u016brali sud\u0117tis puikiai tinka net jautriems ar alergi\u0161kiems \u0161unims.<\/span><\/p>\n","protected":false},"excerpt":{"rendered":"<p><span style=\"font-weight: 400;\">\u0160is pa\u0161tetas su \u017euvimi \u2013 tai visavertis ir subalansuotas konservuotas pa\u0161aras, pagamintas tik i\u0161 auk\u0161\u010diausios kokyb\u0117s ingredient\u0173, kurie tinkami vartoti \u017emon\u0117ms. \u0160is pa\u0161aras su sardin\u0117mis, tunu ir up\u0117takiu, papildytas bulv\u0117mis bei dar\u017eov\u0117mis, u\u017etikrina puik\u0173 skon\u012f ir auk\u0161t\u0105 maistin\u0119 vert\u0119.<\/span><\/p>\n","protected":false},"featured_media":13070,"template":"","meta":[],"product_brand":[],"product_cat":[101,103,105,319],"product_tag":[],"class_list":{"0":"post-13069","1":"product","2":"type-product","3":"status-publish","4":"has-post-thumbnail","6":"product_cat-sunims","7":"product_cat-sunu-maistas","8":"product_cat-konservai","9":"product_cat-platinum-sunu-maistas","10":"pa_prekinis-zenklas-platinum","12":"first","13":"instock","14":"taxable","15":"shipping-taxable","16":"purchasable","17":"product-type-variable"},"yoast_head":"<!-- This site is optimized with the Yoast SEO Premium plugin v27.1 (Yoast SEO v27.3) - https:\/\/yoast.com\/product\/yoast-seo-premium-wordpress\/ -->\n<title>Platinum pa\u0161tetas su \u017euvimi - anivet.lt<\/title>\n<meta name=\"description\" content=\"\u0160is pa\u0161tetas su \u017euvimi \u2013 tai visavertis ir subalansuotas konservuotas pa\u0161aras, pagamintas tik i\u0161 auk\u0161\u010diausios kokyb\u0117s ingredient\u0173, kurie tinkami vartoti \u017emon\u0117ms. \u0160is pa\u0161aras su sardin\u0117mis, tunu ir up\u0117takiu, papildytas bulv\u0117mis bei dar\u017eov\u0117mis, u\u017etikrina puik\u0173 skon\u012f ir auk\u0161t\u0105 maistin\u0119 vert\u0119.\" \/>\n<meta name=\"robots\" content=\"index, follow, max-snippet:-1, max-image-preview:large, max-video-preview:-1\" \/>\n<link rel=\"canonical\" href=\"https:\/\/anivet.lt\/elparduotuve\/produktas\/platinum-pastetas-su-zuvim\/\" \/>\n<meta property=\"og:locale\" content=\"lt_LT\" \/>\n<meta property=\"og:type\" content=\"article\" \/>\n<meta property=\"og:title\" content=\"Platinum pa\u0161tetas su \u017euvimi\" \/>\n<meta property=\"og:description\" content=\"\u0160is pa\u0161tetas su \u017euvimi \u2013 tai visavertis ir subalansuotas konservuotas pa\u0161aras, pagamintas tik i\u0161 auk\u0161\u010diausios kokyb\u0117s ingredient\u0173, kurie tinkami vartoti \u017emon\u0117ms. \u0160is pa\u0161aras su sardin\u0117mis, tunu ir up\u0117takiu, papildytas bulv\u0117mis bei dar\u017eov\u0117mis, u\u017etikrina puik\u0173 skon\u012f ir auk\u0161t\u0105 maistin\u0119 vert\u0119.\" \/>\n<meta property=\"og:url\" content=\"https:\/\/anivet.lt\/elparduotuve\/produktas\/platinum-pastetas-su-zuvim\/\" \/>\n<meta property=\"og:site_name\" content=\"anivet.lt\" \/>\n<meta property=\"article:modified_time\" content=\"2026-02-15T04:52:04+00:00\" \/>\n<meta property=\"og:image\" content=\"https:\/\/anivet.lt\/elparduotuve\/wp-content\/uploads\/2024\/01\/Platinum-pastetas-su-zuvim.jpg\" \/>\n\t<meta property=\"og:image:width\" content=\"1100\" \/>\n\t<meta property=\"og:image:height\" content=\"1100\" \/>\n\t<meta property=\"og:image:type\" content=\"image\/jpeg\" \/>\n<meta name=\"twitter:card\" content=\"summary_large_image\" \/>\n<meta name=\"twitter:label1\" content=\"Est. reading time\" \/>\n\t<meta name=\"twitter:data1\" content=\"1 minut\u0117\" \/>\n<script type=\"application\/ld+json\" class=\"yoast-schema-graph\">{\"@context\":\"https:\\\/\\\/schema.org\",\"@graph\":[{\"@type\":\"WebPage\",\"@id\":\"https:\\\/\\\/anivet.lt\\\/elparduotuve\\\/produktas\\\/platinum-pastetas-su-zuvim\\\/\",\"url\":\"https:\\\/\\\/anivet.lt\\\/elparduotuve\\\/produktas\\\/platinum-pastetas-su-zuvim\\\/\",\"name\":\"Platinum pa\u0161tetas su \u017euvimi - anivet.lt\",\"isPartOf\":{\"@id\":\"https:\\\/\\\/anivet.lt\\\/elparduotuve\\\/#website\"},\"primaryImageOfPage\":{\"@id\":\"https:\\\/\\\/anivet.lt\\\/elparduotuve\\\/produktas\\\/platinum-pastetas-su-zuvim\\\/#primaryimage\"},\"image\":{\"@id\":\"https:\\\/\\\/anivet.lt\\\/elparduotuve\\\/produktas\\\/platinum-pastetas-su-zuvim\\\/#primaryimage\"},\"thumbnailUrl\":\"https:\\\/\\\/anivet.lt\\\/elparduotuve\\\/wp-content\\\/uploads\\\/2024\\\/01\\\/Platinum-pastetas-su-zuvim.jpg\",\"datePublished\":\"2024-01-30T08:03:07+00:00\",\"dateModified\":\"2026-02-15T04:52:04+00:00\",\"description\":\"\u0160is pa\u0161tetas su \u017euvimi \u2013 tai visavertis ir subalansuotas konservuotas pa\u0161aras, pagamintas tik i\u0161 auk\u0161\u010diausios kokyb\u0117s ingredient\u0173, kurie tinkami vartoti \u017emon\u0117ms. \u0160is pa\u0161aras su sardin\u0117mis, tunu ir up\u0117takiu, papildytas bulv\u0117mis bei dar\u017eov\u0117mis, u\u017etikrina puik\u0173 skon\u012f ir auk\u0161t\u0105 maistin\u0119 vert\u0119.\",\"breadcrumb\":{\"@id\":\"https:\\\/\\\/anivet.lt\\\/elparduotuve\\\/produktas\\\/platinum-pastetas-su-zuvim\\\/#breadcrumb\"},\"inLanguage\":\"lt-LT\",\"potentialAction\":[{\"@type\":\"ReadAction\",\"target\":[\"https:\\\/\\\/anivet.lt\\\/elparduotuve\\\/produktas\\\/platinum-pastetas-su-zuvim\\\/\"]}]},{\"@type\":\"ImageObject\",\"inLanguage\":\"lt-LT\",\"@id\":\"https:\\\/\\\/anivet.lt\\\/elparduotuve\\\/produktas\\\/platinum-pastetas-su-zuvim\\\/#primaryimage\",\"url\":\"https:\\\/\\\/anivet.lt\\\/elparduotuve\\\/wp-content\\\/uploads\\\/2024\\\/01\\\/Platinum-pastetas-su-zuvim.jpg\",\"contentUrl\":\"https:\\\/\\\/anivet.lt\\\/elparduotuve\\\/wp-content\\\/uploads\\\/2024\\\/01\\\/Platinum-pastetas-su-zuvim.jpg\",\"width\":1100,\"height\":1100,\"caption\":\"Platinum pa\u0161tetas su \u017euvimi\"},{\"@type\":\"BreadcrumbList\",\"@id\":\"https:\\\/\\\/anivet.lt\\\/elparduotuve\\\/produktas\\\/platinum-pastetas-su-zuvim\\\/#breadcrumb\",\"itemListElement\":[{\"@type\":\"ListItem\",\"position\":1,\"name\":\"Home\",\"item\":\"https:\\\/\\\/anivet.lt\\\/elparduotuve\\\/\"},{\"@type\":\"ListItem\",\"position\":2,\"name\":\"Produktai\",\"item\":\"https:\\\/\\\/anivet.lt\\\/elparduotuve\\\/produktai\\\/\"},{\"@type\":\"ListItem\",\"position\":3,\"name\":\"Platinum pa\u0161tetas su \u017euvimi\"}]},{\"@type\":\"WebSite\",\"@id\":\"https:\\\/\\\/anivet.lt\\\/elparduotuve\\\/#website\",\"url\":\"https:\\\/\\\/anivet.lt\\\/elparduotuve\\\/\",\"name\":\"anivet.lt\",\"description\":\"Viskas J\u016bs\u0173 \u0161uns, kat\u0117s prie\u017ei\u016brai\",\"publisher\":{\"@id\":\"https:\\\/\\\/anivet.lt\\\/elparduotuve\\\/#organization\"},\"alternateName\":\"Viskas J\u016bs\u0173 \u0161uns, kat\u0117s prie\u017ei\u016brai\",\"potentialAction\":[{\"@type\":\"SearchAction\",\"target\":{\"@type\":\"EntryPoint\",\"urlTemplate\":\"https:\\\/\\\/anivet.lt\\\/elparduotuve\\\/?s={search_term_string}\"},\"query-input\":{\"@type\":\"PropertyValueSpecification\",\"valueRequired\":true,\"valueName\":\"search_term_string\"}}],\"inLanguage\":\"lt-LT\"},{\"@type\":\"Organization\",\"@id\":\"https:\\\/\\\/anivet.lt\\\/elparduotuve\\\/#organization\",\"name\":\"Viskas J\u016bs\u0173 \u0161uns, kat\u0117s prie\u017ei\u016brai\",\"url\":\"https:\\\/\\\/anivet.lt\\\/elparduotuve\\\/\",\"logo\":{\"@type\":\"ImageObject\",\"inLanguage\":\"lt-LT\",\"@id\":\"https:\\\/\\\/anivet.lt\\\/elparduotuve\\\/#\\\/schema\\\/logo\\\/image\\\/\",\"url\":\"https:\\\/\\\/anivet.lt\\\/elparduotuve\\\/wp-content\\\/uploads\\\/2023\\\/06\\\/logo2.jpg\",\"contentUrl\":\"https:\\\/\\\/anivet.lt\\\/elparduotuve\\\/wp-content\\\/uploads\\\/2023\\\/06\\\/logo2.jpg\",\"width\":655,\"height\":194,\"caption\":\"Viskas J\u016bs\u0173 \u0161uns, kat\u0117s prie\u017ei\u016brai\"},\"image\":{\"@id\":\"https:\\\/\\\/anivet.lt\\\/elparduotuve\\\/#\\\/schema\\\/logo\\\/image\\\/\"}}]}<\/script>\n<!-- \/ Yoast SEO Premium plugin. -->","yoast_head_json":{"title":"Platinum pa\u0161tetas su \u017euvimi - anivet.lt","description":"\u0160is pa\u0161tetas su \u017euvimi \u2013 tai visavertis ir subalansuotas konservuotas pa\u0161aras, pagamintas tik i\u0161 auk\u0161\u010diausios kokyb\u0117s ingredient\u0173, kurie tinkami vartoti \u017emon\u0117ms. \u0160is pa\u0161aras su sardin\u0117mis, tunu ir up\u0117takiu, papildytas bulv\u0117mis bei dar\u017eov\u0117mis, u\u017etikrina puik\u0173 skon\u012f ir auk\u0161t\u0105 maistin\u0119 vert\u0119.","robots":{"index":"index","follow":"follow","max-snippet":"max-snippet:-1","max-image-preview":"max-image-preview:large","max-video-preview":"max-video-preview:-1"},"canonical":"https:\/\/anivet.lt\/elparduotuve\/produktas\/platinum-pastetas-su-zuvim\/","og_locale":"lt_LT","og_type":"article","og_title":"Platinum pa\u0161tetas su \u017euvimi","og_description":"\u0160is pa\u0161tetas su \u017euvimi \u2013 tai visavertis ir subalansuotas konservuotas pa\u0161aras, pagamintas tik i\u0161 auk\u0161\u010diausios kokyb\u0117s ingredient\u0173, kurie tinkami vartoti \u017emon\u0117ms. \u0160is pa\u0161aras su sardin\u0117mis, tunu ir up\u0117takiu, papildytas bulv\u0117mis bei dar\u017eov\u0117mis, u\u017etikrina puik\u0173 skon\u012f ir auk\u0161t\u0105 maistin\u0119 vert\u0119.","og_url":"https:\/\/anivet.lt\/elparduotuve\/produktas\/platinum-pastetas-su-zuvim\/","og_site_name":"anivet.lt","article_modified_time":"2026-02-15T04:52:04+00:00","og_image":[{"width":1100,"height":1100,"url":"https:\/\/anivet.lt\/elparduotuve\/wp-content\/uploads\/2024\/01\/Platinum-pastetas-su-zuvim.jpg","type":"image\/jpeg"}],"twitter_card":"summary_large_image","twitter_misc":{"Est. reading time":"1 minut\u0117"},"schema":{"@context":"https:\/\/schema.org","@graph":[{"@type":"WebPage","@id":"https:\/\/anivet.lt\/elparduotuve\/produktas\/platinum-pastetas-su-zuvim\/","url":"https:\/\/anivet.lt\/elparduotuve\/produktas\/platinum-pastetas-su-zuvim\/","name":"Platinum pa\u0161tetas su \u017euvimi - anivet.lt","isPartOf":{"@id":"https:\/\/anivet.lt\/elparduotuve\/#website"},"primaryImageOfPage":{"@id":"https:\/\/anivet.lt\/elparduotuve\/produktas\/platinum-pastetas-su-zuvim\/#primaryimage"},"image":{"@id":"https:\/\/anivet.lt\/elparduotuve\/produktas\/platinum-pastetas-su-zuvim\/#primaryimage"},"thumbnailUrl":"https:\/\/anivet.lt\/elparduotuve\/wp-content\/uploads\/2024\/01\/Platinum-pastetas-su-zuvim.jpg","datePublished":"2024-01-30T08:03:07+00:00","dateModified":"2026-02-15T04:52:04+00:00","description":"\u0160is pa\u0161tetas su \u017euvimi \u2013 tai visavertis ir subalansuotas konservuotas pa\u0161aras, pagamintas tik i\u0161 auk\u0161\u010diausios kokyb\u0117s ingredient\u0173, kurie tinkami vartoti \u017emon\u0117ms. \u0160is pa\u0161aras su sardin\u0117mis, tunu ir up\u0117takiu, papildytas bulv\u0117mis bei dar\u017eov\u0117mis, u\u017etikrina puik\u0173 skon\u012f ir auk\u0161t\u0105 maistin\u0119 vert\u0119.","breadcrumb":{"@id":"https:\/\/anivet.lt\/elparduotuve\/produktas\/platinum-pastetas-su-zuvim\/#breadcrumb"},"inLanguage":"lt-LT","potentialAction":[{"@type":"ReadAction","target":["https:\/\/anivet.lt\/elparduotuve\/produktas\/platinum-pastetas-su-zuvim\/"]}]},{"@type":"ImageObject","inLanguage":"lt-LT","@id":"https:\/\/anivet.lt\/elparduotuve\/produktas\/platinum-pastetas-su-zuvim\/#primaryimage","url":"https:\/\/anivet.lt\/elparduotuve\/wp-content\/uploads\/2024\/01\/Platinum-pastetas-su-zuvim.jpg","contentUrl":"https:\/\/anivet.lt\/elparduotuve\/wp-content\/uploads\/2024\/01\/Platinum-pastetas-su-zuvim.jpg","width":1100,"height":1100,"caption":"Platinum pa\u0161tetas su \u017euvimi"},{"@type":"BreadcrumbList","@id":"https:\/\/anivet.lt\/elparduotuve\/produktas\/platinum-pastetas-su-zuvim\/#breadcrumb","itemListElement":[{"@type":"ListItem","position":1,"name":"Home","item":"https:\/\/anivet.lt\/elparduotuve\/"},{"@type":"ListItem","position":2,"name":"Produktai","item":"https:\/\/anivet.lt\/elparduotuve\/produktai\/"},{"@type":"ListItem","position":3,"name":"Platinum pa\u0161tetas su \u017euvimi"}]},{"@type":"WebSite","@id":"https:\/\/anivet.lt\/elparduotuve\/#website","url":"https:\/\/anivet.lt\/elparduotuve\/","name":"anivet.lt","description":"Viskas J\u016bs\u0173 \u0161uns, kat\u0117s prie\u017ei\u016brai","publisher":{"@id":"https:\/\/anivet.lt\/elparduotuve\/#organization"},"alternateName":"Viskas J\u016bs\u0173 \u0161uns, kat\u0117s prie\u017ei\u016brai","potentialAction":[{"@type":"SearchAction","target":{"@type":"EntryPoint","urlTemplate":"https:\/\/anivet.lt\/elparduotuve\/?s={search_term_string}"},"query-input":{"@type":"PropertyValueSpecification","valueRequired":true,"valueName":"search_term_string"}}],"inLanguage":"lt-LT"},{"@type":"Organization","@id":"https:\/\/anivet.lt\/elparduotuve\/#organization","name":"Viskas J\u016bs\u0173 \u0161uns, kat\u0117s prie\u017ei\u016brai","url":"https:\/\/anivet.lt\/elparduotuve\/","logo":{"@type":"ImageObject","inLanguage":"lt-LT","@id":"https:\/\/anivet.lt\/elparduotuve\/#\/schema\/logo\/image\/","url":"https:\/\/anivet.lt\/elparduotuve\/wp-content\/uploads\/2023\/06\/logo2.jpg","contentUrl":"https:\/\/anivet.lt\/elparduotuve\/wp-content\/uploads\/2023\/06\/logo2.jpg","width":655,"height":194,"caption":"Viskas J\u016bs\u0173 \u0161uns, kat\u0117s prie\u017ei\u016brai"},"image":{"@id":"https:\/\/anivet.lt\/elparduotuve\/#\/schema\/logo\/image\/"}}]}},"_links":{"self":[{"href":"https:\/\/anivet.lt\/elparduotuve\/wp-json\/wp\/v2\/product\/13069","targetHints":{"allow":["GET"]}}],"collection":[{"href":"https:\/\/anivet.lt\/elparduotuve\/wp-json\/wp\/v2\/product"}],"about":[{"href":"https:\/\/anivet.lt\/elparduotuve\/wp-json\/wp\/v2\/types\/product"}],"wp:featuredmedia":[{"embeddable":true,"href":"https:\/\/anivet.lt\/elparduotuve\/wp-json\/wp\/v2\/media\/13070"}],"wp:attachment":[{"href":"https:\/\/anivet.lt\/elparduotuve\/wp-json\/wp\/v2\/media?parent=13069"}],"wp:term":[{"taxonomy":"product_brand","embeddable":true,"href":"https:\/\/anivet.lt\/elparduotuve\/wp-json\/wp\/v2\/product_brand?post=13069"},{"taxonomy":"product_cat","embeddable":true,"href":"https:\/\/anivet.lt\/elparduotuve\/wp-json\/wp\/v2\/product_cat?post=13069"},{"taxonomy":"product_tag","embeddable":true,"href":"https:\/\/anivet.lt\/elparduotuve\/wp-json\/wp\/v2\/product_tag?post=13069"}],"curies":[{"name":"wp","href":"https:\/\/api.w.org\/{rel}","templated":true}]}}