{"id":13086,"date":"2024-01-30T08:17:17","date_gmt":"2024-01-30T08:17:17","guid":{"rendered":"https:\/\/anivet.lt\/elparduotuve\/?post_type=product&#038;p=13086"},"modified":"2026-05-08T13:38:49","modified_gmt":"2026-05-08T13:38:49","slug":"platinum-pastetas-su-iberijos-kiauliena-ir-kalakutiena","status":"publish","type":"product","link":"https:\/\/anivet.lt\/elparduotuve\/produktas\/platinum-pastetas-su-iberijos-kiauliena-ir-kalakutiena\/","title":{"rendered":"Platinum pa\u0161tetas su Iberijos kiauliena ir kalakutiena"},"content":{"rendered":"<ul>\n<li style=\"font-weight: 400;\" aria-level=\"1\"><span style=\"font-weight: 400;\">83% \u0161vie\u017eios m\u0117sos: Sud\u0117tyje yra Iberijos kiauliena ir kalakutiena, kurios suteikia auk\u0161tos kokyb\u0117s baltymus.<\/span><\/li>\n<li style=\"font-weight: 400;\" aria-level=\"1\"><span style=\"font-weight: 400;\">Be kvie\u010di\u0173 ir glitimo: Tinka jautriems \u0161unims, kuriems reikalinga speciali dieta.<\/span><\/li>\n<li style=\"font-weight: 400;\" aria-level=\"1\"><span style=\"font-weight: 400;\">Bulv\u0117s ir dar\u017eov\u0117s: Auk\u0161tos kokyb\u0117s angliavandeniai bei nat\u016bral\u016bs antioksidantai palaiko energij\u0105 ir bendr\u0105 sveikat\u0105.<\/span><\/li>\n<li style=\"font-weight: 400;\" aria-level=\"1\"><span style=\"font-weight: 400;\">\u0160altai spausti aliejai: La\u0161i\u0161\u0173 ir alyvuogi\u0173 aliejai u\u017etikrina sveik\u0105 od\u0105 ir kail\u012f bei optimali\u0105 riebal\u0173 pusiausvyr\u0105.<\/span><\/li>\n<li style=\"font-weight: 400;\" aria-level=\"1\"><span style=\"font-weight: 400;\">Speciali \u201eTetra Pak\u201c pakuot\u0117: Garuose gaminamas maistas i\u0161saugo visas maistines med\u017eiagas ir nat\u016bral\u0173 skon\u012f.<\/span><\/li>\n<\/ul>\n<p><span style=\"font-weight: 400;\">\u0160is pa\u0161tetas yra ypa\u010d sultingas, nes gaminamas tik savose sultyse, tod\u0117l puikiai tinka net i\u0161rankiems \u0161unims. Nat\u016braliai gardus ir sveikas, jis suteiks j\u016bs\u0173 augintiniui d\u017eiaugsmo ir vis\u0173 b\u016btin\u0173 maistini\u0173 med\u017eiag\u0173. Puikus pasirinkimas kasdieniam racionui ar ypatingoms progoms.<\/span><\/p>\n","protected":false},"excerpt":{"rendered":"<p><span style=\"font-weight: 400;\">Pa\u0161tetas \u0161unims su Iberijos kiauliena ir kalakutiena yra subalansuotas ir skanus pa\u0161aras, gaminamas tik i\u0161 auk\u0161tos kokyb\u0117s ingredient\u0173. D\u0117l nat\u016bralios sud\u0117ties jis u\u017etikrina sveik\u0105 ir maisting\u0105 j\u016bs\u0173 augintinio mityb\u0105.<\/span><\/p>\n","protected":false},"featured_media":13087,"template":"","meta":[],"product_brand":[],"product_cat":[101,103,105,319],"product_tag":[],"class_list":{"0":"post-13086","1":"product","2":"type-product","3":"status-publish","4":"has-post-thumbnail","6":"product_cat-sunims","7":"product_cat-sunu-maistas","8":"product_cat-konservai","9":"product_cat-platinum-sunu-maistas","10":"pa_prekinis-zenklas-platinum","12":"first","13":"instock","14":"taxable","15":"shipping-taxable","16":"purchasable","17":"product-type-variable"},"yoast_head":"<!-- This site is optimized with the Yoast SEO Premium plugin v27.1 (Yoast SEO v27.5) - https:\/\/yoast.com\/product\/yoast-seo-premium-wordpress\/ -->\n<title>Platinum pa\u0161tetas su Iberijos kiauliena ir kalakutiena - anivet.lt<\/title>\n<meta name=\"description\" content=\"Pa\u0161tetas \u0161unims su Iberijos kiauliena ir kalakutiena yra subalansuotas ir skanus pa\u0161aras, gaminamas tik i\u0161 auk\u0161tos kokyb\u0117s ingredient\u0173. D\u0117l nat\u016bralios sud\u0117ties jis u\u017etikrina sveik\u0105 ir maisting\u0105 j\u016bs\u0173 augintinio mityb\u0105.\" \/>\n<meta name=\"robots\" content=\"index, follow, max-snippet:-1, max-image-preview:large, max-video-preview:-1\" \/>\n<link rel=\"canonical\" href=\"https:\/\/anivet.lt\/elparduotuve\/produktas\/platinum-pastetas-su-iberijos-kiauliena-ir-kalakutiena\/\" \/>\n<meta property=\"og:locale\" content=\"lt_LT\" \/>\n<meta property=\"og:type\" content=\"article\" \/>\n<meta property=\"og:title\" content=\"Platinum pa\u0161tetas su Iberijos kiauliena ir kalakutiena\" \/>\n<meta property=\"og:description\" content=\"Pa\u0161tetas \u0161unims su Iberijos kiauliena ir kalakutiena yra subalansuotas ir skanus pa\u0161aras, gaminamas tik i\u0161 auk\u0161tos kokyb\u0117s ingredient\u0173. D\u0117l nat\u016bralios sud\u0117ties jis u\u017etikrina sveik\u0105 ir maisting\u0105 j\u016bs\u0173 augintinio mityb\u0105.\" \/>\n<meta property=\"og:url\" content=\"https:\/\/anivet.lt\/elparduotuve\/produktas\/platinum-pastetas-su-iberijos-kiauliena-ir-kalakutiena\/\" \/>\n<meta property=\"og:site_name\" content=\"anivet.lt\" \/>\n<meta property=\"article:modified_time\" content=\"2026-05-08T13:38:49+00:00\" \/>\n<meta property=\"og:image\" content=\"https:\/\/anivet.lt\/elparduotuve\/wp-content\/uploads\/2024\/01\/Platinum-pastetas-su-Iberijos-kiauliena-ir-kalakutiena.jpg\" \/>\n\t<meta property=\"og:image:width\" content=\"1100\" \/>\n\t<meta property=\"og:image:height\" content=\"1100\" \/>\n\t<meta property=\"og:image:type\" content=\"image\/jpeg\" \/>\n<meta name=\"twitter:card\" content=\"summary_large_image\" \/>\n<meta name=\"twitter:label1\" content=\"Est. reading time\" \/>\n\t<meta name=\"twitter:data1\" content=\"1 minut\u0117\" \/>\n<script type=\"application\/ld+json\" class=\"yoast-schema-graph\">{\"@context\":\"https:\\\/\\\/schema.org\",\"@graph\":[{\"@type\":\"WebPage\",\"@id\":\"https:\\\/\\\/anivet.lt\\\/elparduotuve\\\/produktas\\\/platinum-pastetas-su-iberijos-kiauliena-ir-kalakutiena\\\/\",\"url\":\"https:\\\/\\\/anivet.lt\\\/elparduotuve\\\/produktas\\\/platinum-pastetas-su-iberijos-kiauliena-ir-kalakutiena\\\/\",\"name\":\"Platinum pa\u0161tetas su Iberijos kiauliena ir kalakutiena - anivet.lt\",\"isPartOf\":{\"@id\":\"https:\\\/\\\/anivet.lt\\\/elparduotuve\\\/#website\"},\"primaryImageOfPage\":{\"@id\":\"https:\\\/\\\/anivet.lt\\\/elparduotuve\\\/produktas\\\/platinum-pastetas-su-iberijos-kiauliena-ir-kalakutiena\\\/#primaryimage\"},\"image\":{\"@id\":\"https:\\\/\\\/anivet.lt\\\/elparduotuve\\\/produktas\\\/platinum-pastetas-su-iberijos-kiauliena-ir-kalakutiena\\\/#primaryimage\"},\"thumbnailUrl\":\"https:\\\/\\\/anivet.lt\\\/elparduotuve\\\/wp-content\\\/uploads\\\/2024\\\/01\\\/Platinum-pastetas-su-Iberijos-kiauliena-ir-kalakutiena.jpg\",\"datePublished\":\"2024-01-30T08:17:17+00:00\",\"dateModified\":\"2026-05-08T13:38:49+00:00\",\"description\":\"Pa\u0161tetas \u0161unims su Iberijos kiauliena ir kalakutiena yra subalansuotas ir skanus pa\u0161aras, gaminamas tik i\u0161 auk\u0161tos kokyb\u0117s ingredient\u0173. D\u0117l nat\u016bralios sud\u0117ties jis u\u017etikrina sveik\u0105 ir maisting\u0105 j\u016bs\u0173 augintinio mityb\u0105.\",\"breadcrumb\":{\"@id\":\"https:\\\/\\\/anivet.lt\\\/elparduotuve\\\/produktas\\\/platinum-pastetas-su-iberijos-kiauliena-ir-kalakutiena\\\/#breadcrumb\"},\"inLanguage\":\"lt-LT\",\"potentialAction\":[{\"@type\":\"ReadAction\",\"target\":[\"https:\\\/\\\/anivet.lt\\\/elparduotuve\\\/produktas\\\/platinum-pastetas-su-iberijos-kiauliena-ir-kalakutiena\\\/\"]}]},{\"@type\":\"ImageObject\",\"inLanguage\":\"lt-LT\",\"@id\":\"https:\\\/\\\/anivet.lt\\\/elparduotuve\\\/produktas\\\/platinum-pastetas-su-iberijos-kiauliena-ir-kalakutiena\\\/#primaryimage\",\"url\":\"https:\\\/\\\/anivet.lt\\\/elparduotuve\\\/wp-content\\\/uploads\\\/2024\\\/01\\\/Platinum-pastetas-su-Iberijos-kiauliena-ir-kalakutiena.jpg\",\"contentUrl\":\"https:\\\/\\\/anivet.lt\\\/elparduotuve\\\/wp-content\\\/uploads\\\/2024\\\/01\\\/Platinum-pastetas-su-Iberijos-kiauliena-ir-kalakutiena.jpg\",\"width\":1100,\"height\":1100,\"caption\":\"Platinum pa\u0161tetas su Iberijos kiauliena ir kalakutiena\"},{\"@type\":\"BreadcrumbList\",\"@id\":\"https:\\\/\\\/anivet.lt\\\/elparduotuve\\\/produktas\\\/platinum-pastetas-su-iberijos-kiauliena-ir-kalakutiena\\\/#breadcrumb\",\"itemListElement\":[{\"@type\":\"ListItem\",\"position\":1,\"name\":\"Home\",\"item\":\"https:\\\/\\\/anivet.lt\\\/elparduotuve\\\/\"},{\"@type\":\"ListItem\",\"position\":2,\"name\":\"Produktai\",\"item\":\"https:\\\/\\\/anivet.lt\\\/elparduotuve\\\/produktai\\\/\"},{\"@type\":\"ListItem\",\"position\":3,\"name\":\"Platinum pa\u0161tetas su Iberijos kiauliena ir kalakutiena\"}]},{\"@type\":\"WebSite\",\"@id\":\"https:\\\/\\\/anivet.lt\\\/elparduotuve\\\/#website\",\"url\":\"https:\\\/\\\/anivet.lt\\\/elparduotuve\\\/\",\"name\":\"anivet.lt\",\"description\":\"Viskas J\u016bs\u0173 \u0161uns, kat\u0117s prie\u017ei\u016brai\",\"publisher\":{\"@id\":\"https:\\\/\\\/anivet.lt\\\/elparduotuve\\\/#organization\"},\"alternateName\":\"Viskas J\u016bs\u0173 \u0161uns, kat\u0117s prie\u017ei\u016brai\",\"potentialAction\":[{\"@type\":\"SearchAction\",\"target\":{\"@type\":\"EntryPoint\",\"urlTemplate\":\"https:\\\/\\\/anivet.lt\\\/elparduotuve\\\/?s={search_term_string}\"},\"query-input\":{\"@type\":\"PropertyValueSpecification\",\"valueRequired\":true,\"valueName\":\"search_term_string\"}}],\"inLanguage\":\"lt-LT\"},{\"@type\":\"Organization\",\"@id\":\"https:\\\/\\\/anivet.lt\\\/elparduotuve\\\/#organization\",\"name\":\"Viskas J\u016bs\u0173 \u0161uns, kat\u0117s prie\u017ei\u016brai\",\"url\":\"https:\\\/\\\/anivet.lt\\\/elparduotuve\\\/\",\"logo\":{\"@type\":\"ImageObject\",\"inLanguage\":\"lt-LT\",\"@id\":\"https:\\\/\\\/anivet.lt\\\/elparduotuve\\\/#\\\/schema\\\/logo\\\/image\\\/\",\"url\":\"https:\\\/\\\/anivet.lt\\\/elparduotuve\\\/wp-content\\\/uploads\\\/2023\\\/06\\\/logo2.jpg\",\"contentUrl\":\"https:\\\/\\\/anivet.lt\\\/elparduotuve\\\/wp-content\\\/uploads\\\/2023\\\/06\\\/logo2.jpg\",\"width\":655,\"height\":194,\"caption\":\"Viskas J\u016bs\u0173 \u0161uns, kat\u0117s prie\u017ei\u016brai\"},\"image\":{\"@id\":\"https:\\\/\\\/anivet.lt\\\/elparduotuve\\\/#\\\/schema\\\/logo\\\/image\\\/\"}}]}<\/script>\n<!-- \/ Yoast SEO Premium plugin. -->","yoast_head_json":{"title":"Platinum pa\u0161tetas su Iberijos kiauliena ir kalakutiena - anivet.lt","description":"Pa\u0161tetas \u0161unims su Iberijos kiauliena ir kalakutiena yra subalansuotas ir skanus pa\u0161aras, gaminamas tik i\u0161 auk\u0161tos kokyb\u0117s ingredient\u0173. D\u0117l nat\u016bralios sud\u0117ties jis u\u017etikrina sveik\u0105 ir maisting\u0105 j\u016bs\u0173 augintinio mityb\u0105.","robots":{"index":"index","follow":"follow","max-snippet":"max-snippet:-1","max-image-preview":"max-image-preview:large","max-video-preview":"max-video-preview:-1"},"canonical":"https:\/\/anivet.lt\/elparduotuve\/produktas\/platinum-pastetas-su-iberijos-kiauliena-ir-kalakutiena\/","og_locale":"lt_LT","og_type":"article","og_title":"Platinum pa\u0161tetas su Iberijos kiauliena ir kalakutiena","og_description":"Pa\u0161tetas \u0161unims su Iberijos kiauliena ir kalakutiena yra subalansuotas ir skanus pa\u0161aras, gaminamas tik i\u0161 auk\u0161tos kokyb\u0117s ingredient\u0173. D\u0117l nat\u016bralios sud\u0117ties jis u\u017etikrina sveik\u0105 ir maisting\u0105 j\u016bs\u0173 augintinio mityb\u0105.","og_url":"https:\/\/anivet.lt\/elparduotuve\/produktas\/platinum-pastetas-su-iberijos-kiauliena-ir-kalakutiena\/","og_site_name":"anivet.lt","article_modified_time":"2026-05-08T13:38:49+00:00","og_image":[{"width":1100,"height":1100,"url":"https:\/\/anivet.lt\/elparduotuve\/wp-content\/uploads\/2024\/01\/Platinum-pastetas-su-Iberijos-kiauliena-ir-kalakutiena.jpg","type":"image\/jpeg"}],"twitter_card":"summary_large_image","twitter_misc":{"Est. reading time":"1 minut\u0117"},"schema":{"@context":"https:\/\/schema.org","@graph":[{"@type":"WebPage","@id":"https:\/\/anivet.lt\/elparduotuve\/produktas\/platinum-pastetas-su-iberijos-kiauliena-ir-kalakutiena\/","url":"https:\/\/anivet.lt\/elparduotuve\/produktas\/platinum-pastetas-su-iberijos-kiauliena-ir-kalakutiena\/","name":"Platinum pa\u0161tetas su Iberijos kiauliena ir kalakutiena - anivet.lt","isPartOf":{"@id":"https:\/\/anivet.lt\/elparduotuve\/#website"},"primaryImageOfPage":{"@id":"https:\/\/anivet.lt\/elparduotuve\/produktas\/platinum-pastetas-su-iberijos-kiauliena-ir-kalakutiena\/#primaryimage"},"image":{"@id":"https:\/\/anivet.lt\/elparduotuve\/produktas\/platinum-pastetas-su-iberijos-kiauliena-ir-kalakutiena\/#primaryimage"},"thumbnailUrl":"https:\/\/anivet.lt\/elparduotuve\/wp-content\/uploads\/2024\/01\/Platinum-pastetas-su-Iberijos-kiauliena-ir-kalakutiena.jpg","datePublished":"2024-01-30T08:17:17+00:00","dateModified":"2026-05-08T13:38:49+00:00","description":"Pa\u0161tetas \u0161unims su Iberijos kiauliena ir kalakutiena yra subalansuotas ir skanus pa\u0161aras, gaminamas tik i\u0161 auk\u0161tos kokyb\u0117s ingredient\u0173. D\u0117l nat\u016bralios sud\u0117ties jis u\u017etikrina sveik\u0105 ir maisting\u0105 j\u016bs\u0173 augintinio mityb\u0105.","breadcrumb":{"@id":"https:\/\/anivet.lt\/elparduotuve\/produktas\/platinum-pastetas-su-iberijos-kiauliena-ir-kalakutiena\/#breadcrumb"},"inLanguage":"lt-LT","potentialAction":[{"@type":"ReadAction","target":["https:\/\/anivet.lt\/elparduotuve\/produktas\/platinum-pastetas-su-iberijos-kiauliena-ir-kalakutiena\/"]}]},{"@type":"ImageObject","inLanguage":"lt-LT","@id":"https:\/\/anivet.lt\/elparduotuve\/produktas\/platinum-pastetas-su-iberijos-kiauliena-ir-kalakutiena\/#primaryimage","url":"https:\/\/anivet.lt\/elparduotuve\/wp-content\/uploads\/2024\/01\/Platinum-pastetas-su-Iberijos-kiauliena-ir-kalakutiena.jpg","contentUrl":"https:\/\/anivet.lt\/elparduotuve\/wp-content\/uploads\/2024\/01\/Platinum-pastetas-su-Iberijos-kiauliena-ir-kalakutiena.jpg","width":1100,"height":1100,"caption":"Platinum pa\u0161tetas su Iberijos kiauliena ir kalakutiena"},{"@type":"BreadcrumbList","@id":"https:\/\/anivet.lt\/elparduotuve\/produktas\/platinum-pastetas-su-iberijos-kiauliena-ir-kalakutiena\/#breadcrumb","itemListElement":[{"@type":"ListItem","position":1,"name":"Home","item":"https:\/\/anivet.lt\/elparduotuve\/"},{"@type":"ListItem","position":2,"name":"Produktai","item":"https:\/\/anivet.lt\/elparduotuve\/produktai\/"},{"@type":"ListItem","position":3,"name":"Platinum pa\u0161tetas su Iberijos kiauliena ir kalakutiena"}]},{"@type":"WebSite","@id":"https:\/\/anivet.lt\/elparduotuve\/#website","url":"https:\/\/anivet.lt\/elparduotuve\/","name":"anivet.lt","description":"Viskas J\u016bs\u0173 \u0161uns, kat\u0117s prie\u017ei\u016brai","publisher":{"@id":"https:\/\/anivet.lt\/elparduotuve\/#organization"},"alternateName":"Viskas J\u016bs\u0173 \u0161uns, kat\u0117s prie\u017ei\u016brai","potentialAction":[{"@type":"SearchAction","target":{"@type":"EntryPoint","urlTemplate":"https:\/\/anivet.lt\/elparduotuve\/?s={search_term_string}"},"query-input":{"@type":"PropertyValueSpecification","valueRequired":true,"valueName":"search_term_string"}}],"inLanguage":"lt-LT"},{"@type":"Organization","@id":"https:\/\/anivet.lt\/elparduotuve\/#organization","name":"Viskas J\u016bs\u0173 \u0161uns, kat\u0117s prie\u017ei\u016brai","url":"https:\/\/anivet.lt\/elparduotuve\/","logo":{"@type":"ImageObject","inLanguage":"lt-LT","@id":"https:\/\/anivet.lt\/elparduotuve\/#\/schema\/logo\/image\/","url":"https:\/\/anivet.lt\/elparduotuve\/wp-content\/uploads\/2023\/06\/logo2.jpg","contentUrl":"https:\/\/anivet.lt\/elparduotuve\/wp-content\/uploads\/2023\/06\/logo2.jpg","width":655,"height":194,"caption":"Viskas J\u016bs\u0173 \u0161uns, kat\u0117s prie\u017ei\u016brai"},"image":{"@id":"https:\/\/anivet.lt\/elparduotuve\/#\/schema\/logo\/image\/"}}]}},"_links":{"self":[{"href":"https:\/\/anivet.lt\/elparduotuve\/wp-json\/wp\/v2\/product\/13086","targetHints":{"allow":["GET"]}}],"collection":[{"href":"https:\/\/anivet.lt\/elparduotuve\/wp-json\/wp\/v2\/product"}],"about":[{"href":"https:\/\/anivet.lt\/elparduotuve\/wp-json\/wp\/v2\/types\/product"}],"wp:featuredmedia":[{"embeddable":true,"href":"https:\/\/anivet.lt\/elparduotuve\/wp-json\/wp\/v2\/media\/13087"}],"wp:attachment":[{"href":"https:\/\/anivet.lt\/elparduotuve\/wp-json\/wp\/v2\/media?parent=13086"}],"wp:term":[{"taxonomy":"product_brand","embeddable":true,"href":"https:\/\/anivet.lt\/elparduotuve\/wp-json\/wp\/v2\/product_brand?post=13086"},{"taxonomy":"product_cat","embeddable":true,"href":"https:\/\/anivet.lt\/elparduotuve\/wp-json\/wp\/v2\/product_cat?post=13086"},{"taxonomy":"product_tag","embeddable":true,"href":"https:\/\/anivet.lt\/elparduotuve\/wp-json\/wp\/v2\/product_tag?post=13086"}],"curies":[{"name":"wp","href":"https:\/\/api.w.org\/{rel}","templated":true}]}}