{"id":13094,"date":"2024-01-30T08:24:13","date_gmt":"2024-01-30T08:24:13","guid":{"rendered":"https:\/\/anivet.lt\/elparduotuve\/?post_type=product&#038;p=13094"},"modified":"2026-05-14T09:10:10","modified_gmt":"2026-05-14T09:10:10","slug":"platinum-pastetas-puppy-su-vistiena","status":"publish","type":"product","link":"https:\/\/anivet.lt\/elparduotuve\/produktas\/platinum-pastetas-puppy-su-vistiena\/","title":{"rendered":"Platinum pa\u0161tetas Puppy su vi\u0161tiena"},"content":{"rendered":"<ul>\n<li style=\"font-weight: 400;\" aria-level=\"1\"><span style=\"font-weight: 400;\">84% \u0161vie\u017eios vi\u0161tienos: Pagrindinis auk\u0161tos kokyb\u0117s baltym\u0173 \u0161altinis, b\u016btinas sveikam augimui ir energijai.<\/span><\/li>\n<li style=\"font-weight: 400;\" aria-level=\"1\"><span style=\"font-weight: 400;\">Be gr\u016bd\u0173 ir glitimo: Tinka jautriems \u0161uniukams, kuriems reikalinga speciali mityba.<\/span><\/li>\n<li style=\"font-weight: 400;\" aria-level=\"1\"><span style=\"font-weight: 400;\">Praturtintas dar\u017eov\u0117mis: Brokoliai, morkos ir porai suteikia nat\u016brali\u0173 antioksidant\u0173 ir vitamin\u0173.<\/span><\/li>\n<li style=\"font-weight: 400;\" aria-level=\"1\"><span style=\"font-weight: 400;\">\u0160altai spausti aliejai: La\u0161i\u0161\u0173 ir alyvuogi\u0173 aliejai u\u017etikrina sveik\u0105 od\u0105 ir kail\u012f bei optimal\u0173 riebal\u0173 balans\u0105.<\/span><\/li>\n<li style=\"font-weight: 400;\" aria-level=\"1\"><span style=\"font-weight: 400;\">Unikali \u201eTetra Pak\u201c pakuot\u0117: Garuose gaminamas maistas i\u0161laiko maistines med\u017eiagas, vitaminus ir i\u0161skirtin\u012f skon\u012f.<\/span><\/li>\n<\/ul>\n<p><span style=\"font-weight: 400;\">\u0160is pa\u0161tetas yra ypa\u010d sultingas ir patrauklus net i\u0161rankiems \u0161uniukams. D\u0117l nat\u016brali\u0173 ingredient\u0173 ir inovatyvaus gamybos proceso pa\u0161aras i\u0161lieka sveikas ir skanus nuo pirmo iki paskutinio k\u0105snio. Puikus pasirinkimas ma\u017eiems augintiniams, siekiant u\u017etikrinti visavert\u0119 ir r\u016b\u0161ims b\u016bding\u0105 mityb\u0105.<\/span><\/p>\n","protected":false},"excerpt":{"rendered":"<p><span style=\"font-weight: 400;\">Subalansuotas ir maistingas pa\u0161tetas, skirtas u\u017etikrinti sveik\u0105 jauno augintinio augim\u0105. Pagamintas tik i\u0161 auk\u0161tos kokyb\u0117s ingredient\u0173, jis pasi\u017eymi nat\u016braliu skoniu ir lengvu vir\u0161kinimu.<\/span><\/p>\n","protected":false},"featured_media":13095,"template":"","meta":[],"product_brand":[],"product_cat":[101,103,105,319],"product_tag":[],"class_list":{"0":"post-13094","1":"product","2":"type-product","3":"status-publish","4":"has-post-thumbnail","6":"product_cat-sunims","7":"product_cat-sunu-maistas","8":"product_cat-konservai","9":"product_cat-platinum-sunu-maistas","10":"pa_prekinis-zenklas-platinum","12":"first","13":"instock","14":"taxable","15":"shipping-taxable","16":"purchasable","17":"product-type-variable"},"yoast_head":"<!-- This site is optimized with the Yoast SEO Premium plugin v27.1 (Yoast SEO v27.5) - https:\/\/yoast.com\/product\/yoast-seo-premium-wordpress\/ -->\n<title>Platinum pa\u0161tetas Puppy su vi\u0161tiena - anivet.lt<\/title>\n<meta name=\"description\" content=\"Subalansuotas ir maistingas pa\u0161tetas, skirtas u\u017etikrinti sveik\u0105 jauno augintinio augim\u0105. Pagamintas tik i\u0161 auk\u0161tos kokyb\u0117s ingredient\u0173, jis pasi\u017eymi nat\u016braliu skoniu ir lengvu vir\u0161kinimu.\" \/>\n<meta name=\"robots\" content=\"index, follow, max-snippet:-1, max-image-preview:large, max-video-preview:-1\" \/>\n<link rel=\"canonical\" href=\"https:\/\/anivet.lt\/elparduotuve\/produktas\/platinum-pastetas-puppy-su-vistiena\/\" \/>\n<meta property=\"og:locale\" content=\"lt_LT\" \/>\n<meta property=\"og:type\" content=\"article\" \/>\n<meta property=\"og:title\" content=\"Platinum pa\u0161tetas Puppy su vi\u0161tiena\" \/>\n<meta property=\"og:description\" content=\"Subalansuotas ir maistingas pa\u0161tetas, skirtas u\u017etikrinti sveik\u0105 jauno augintinio augim\u0105. Pagamintas tik i\u0161 auk\u0161tos kokyb\u0117s ingredient\u0173, jis pasi\u017eymi nat\u016braliu skoniu ir lengvu vir\u0161kinimu.\" \/>\n<meta property=\"og:url\" content=\"https:\/\/anivet.lt\/elparduotuve\/produktas\/platinum-pastetas-puppy-su-vistiena\/\" \/>\n<meta property=\"og:site_name\" content=\"anivet.lt\" \/>\n<meta property=\"article:modified_time\" content=\"2026-05-14T09:10:10+00:00\" \/>\n<meta property=\"og:image\" content=\"https:\/\/anivet.lt\/elparduotuve\/wp-content\/uploads\/2024\/01\/Platinum-pastetas-Puppy-su-vistiena.jpg\" \/>\n\t<meta property=\"og:image:width\" content=\"1100\" \/>\n\t<meta property=\"og:image:height\" content=\"1100\" \/>\n\t<meta property=\"og:image:type\" content=\"image\/jpeg\" \/>\n<meta name=\"twitter:card\" content=\"summary_large_image\" \/>\n<meta name=\"twitter:label1\" content=\"Est. reading time\" \/>\n\t<meta name=\"twitter:data1\" content=\"1 minut\u0117\" \/>\n<script type=\"application\/ld+json\" class=\"yoast-schema-graph\">{\"@context\":\"https:\\\/\\\/schema.org\",\"@graph\":[{\"@type\":\"WebPage\",\"@id\":\"https:\\\/\\\/anivet.lt\\\/elparduotuve\\\/produktas\\\/platinum-pastetas-puppy-su-vistiena\\\/\",\"url\":\"https:\\\/\\\/anivet.lt\\\/elparduotuve\\\/produktas\\\/platinum-pastetas-puppy-su-vistiena\\\/\",\"name\":\"Platinum pa\u0161tetas Puppy su vi\u0161tiena - anivet.lt\",\"isPartOf\":{\"@id\":\"https:\\\/\\\/anivet.lt\\\/elparduotuve\\\/#website\"},\"primaryImageOfPage\":{\"@id\":\"https:\\\/\\\/anivet.lt\\\/elparduotuve\\\/produktas\\\/platinum-pastetas-puppy-su-vistiena\\\/#primaryimage\"},\"image\":{\"@id\":\"https:\\\/\\\/anivet.lt\\\/elparduotuve\\\/produktas\\\/platinum-pastetas-puppy-su-vistiena\\\/#primaryimage\"},\"thumbnailUrl\":\"https:\\\/\\\/anivet.lt\\\/elparduotuve\\\/wp-content\\\/uploads\\\/2024\\\/01\\\/Platinum-pastetas-Puppy-su-vistiena.jpg\",\"datePublished\":\"2024-01-30T08:24:13+00:00\",\"dateModified\":\"2026-05-14T09:10:10+00:00\",\"description\":\"Subalansuotas ir maistingas pa\u0161tetas, skirtas u\u017etikrinti sveik\u0105 jauno augintinio augim\u0105. Pagamintas tik i\u0161 auk\u0161tos kokyb\u0117s ingredient\u0173, jis pasi\u017eymi nat\u016braliu skoniu ir lengvu vir\u0161kinimu.\",\"breadcrumb\":{\"@id\":\"https:\\\/\\\/anivet.lt\\\/elparduotuve\\\/produktas\\\/platinum-pastetas-puppy-su-vistiena\\\/#breadcrumb\"},\"inLanguage\":\"lt-LT\",\"potentialAction\":[{\"@type\":\"ReadAction\",\"target\":[\"https:\\\/\\\/anivet.lt\\\/elparduotuve\\\/produktas\\\/platinum-pastetas-puppy-su-vistiena\\\/\"]}]},{\"@type\":\"ImageObject\",\"inLanguage\":\"lt-LT\",\"@id\":\"https:\\\/\\\/anivet.lt\\\/elparduotuve\\\/produktas\\\/platinum-pastetas-puppy-su-vistiena\\\/#primaryimage\",\"url\":\"https:\\\/\\\/anivet.lt\\\/elparduotuve\\\/wp-content\\\/uploads\\\/2024\\\/01\\\/Platinum-pastetas-Puppy-su-vistiena.jpg\",\"contentUrl\":\"https:\\\/\\\/anivet.lt\\\/elparduotuve\\\/wp-content\\\/uploads\\\/2024\\\/01\\\/Platinum-pastetas-Puppy-su-vistiena.jpg\",\"width\":1100,\"height\":1100,\"caption\":\"Platinum pa\u0161tetas Puppy su vi\u0161tiena\"},{\"@type\":\"BreadcrumbList\",\"@id\":\"https:\\\/\\\/anivet.lt\\\/elparduotuve\\\/produktas\\\/platinum-pastetas-puppy-su-vistiena\\\/#breadcrumb\",\"itemListElement\":[{\"@type\":\"ListItem\",\"position\":1,\"name\":\"Home\",\"item\":\"https:\\\/\\\/anivet.lt\\\/elparduotuve\\\/\"},{\"@type\":\"ListItem\",\"position\":2,\"name\":\"Produktai\",\"item\":\"https:\\\/\\\/anivet.lt\\\/elparduotuve\\\/produktai\\\/\"},{\"@type\":\"ListItem\",\"position\":3,\"name\":\"Platinum pa\u0161tetas Puppy su vi\u0161tiena\"}]},{\"@type\":\"WebSite\",\"@id\":\"https:\\\/\\\/anivet.lt\\\/elparduotuve\\\/#website\",\"url\":\"https:\\\/\\\/anivet.lt\\\/elparduotuve\\\/\",\"name\":\"anivet.lt\",\"description\":\"Viskas J\u016bs\u0173 \u0161uns, kat\u0117s prie\u017ei\u016brai\",\"publisher\":{\"@id\":\"https:\\\/\\\/anivet.lt\\\/elparduotuve\\\/#organization\"},\"alternateName\":\"Viskas J\u016bs\u0173 \u0161uns, kat\u0117s prie\u017ei\u016brai\",\"potentialAction\":[{\"@type\":\"SearchAction\",\"target\":{\"@type\":\"EntryPoint\",\"urlTemplate\":\"https:\\\/\\\/anivet.lt\\\/elparduotuve\\\/?s={search_term_string}\"},\"query-input\":{\"@type\":\"PropertyValueSpecification\",\"valueRequired\":true,\"valueName\":\"search_term_string\"}}],\"inLanguage\":\"lt-LT\"},{\"@type\":\"Organization\",\"@id\":\"https:\\\/\\\/anivet.lt\\\/elparduotuve\\\/#organization\",\"name\":\"Viskas J\u016bs\u0173 \u0161uns, kat\u0117s prie\u017ei\u016brai\",\"url\":\"https:\\\/\\\/anivet.lt\\\/elparduotuve\\\/\",\"logo\":{\"@type\":\"ImageObject\",\"inLanguage\":\"lt-LT\",\"@id\":\"https:\\\/\\\/anivet.lt\\\/elparduotuve\\\/#\\\/schema\\\/logo\\\/image\\\/\",\"url\":\"https:\\\/\\\/anivet.lt\\\/elparduotuve\\\/wp-content\\\/uploads\\\/2023\\\/06\\\/logo2.jpg\",\"contentUrl\":\"https:\\\/\\\/anivet.lt\\\/elparduotuve\\\/wp-content\\\/uploads\\\/2023\\\/06\\\/logo2.jpg\",\"width\":655,\"height\":194,\"caption\":\"Viskas J\u016bs\u0173 \u0161uns, kat\u0117s prie\u017ei\u016brai\"},\"image\":{\"@id\":\"https:\\\/\\\/anivet.lt\\\/elparduotuve\\\/#\\\/schema\\\/logo\\\/image\\\/\"}}]}<\/script>\n<!-- \/ Yoast SEO Premium plugin. -->","yoast_head_json":{"title":"Platinum pa\u0161tetas Puppy su vi\u0161tiena - anivet.lt","description":"Subalansuotas ir maistingas pa\u0161tetas, skirtas u\u017etikrinti sveik\u0105 jauno augintinio augim\u0105. Pagamintas tik i\u0161 auk\u0161tos kokyb\u0117s ingredient\u0173, jis pasi\u017eymi nat\u016braliu skoniu ir lengvu vir\u0161kinimu.","robots":{"index":"index","follow":"follow","max-snippet":"max-snippet:-1","max-image-preview":"max-image-preview:large","max-video-preview":"max-video-preview:-1"},"canonical":"https:\/\/anivet.lt\/elparduotuve\/produktas\/platinum-pastetas-puppy-su-vistiena\/","og_locale":"lt_LT","og_type":"article","og_title":"Platinum pa\u0161tetas Puppy su vi\u0161tiena","og_description":"Subalansuotas ir maistingas pa\u0161tetas, skirtas u\u017etikrinti sveik\u0105 jauno augintinio augim\u0105. Pagamintas tik i\u0161 auk\u0161tos kokyb\u0117s ingredient\u0173, jis pasi\u017eymi nat\u016braliu skoniu ir lengvu vir\u0161kinimu.","og_url":"https:\/\/anivet.lt\/elparduotuve\/produktas\/platinum-pastetas-puppy-su-vistiena\/","og_site_name":"anivet.lt","article_modified_time":"2026-05-14T09:10:10+00:00","og_image":[{"width":1100,"height":1100,"url":"https:\/\/anivet.lt\/elparduotuve\/wp-content\/uploads\/2024\/01\/Platinum-pastetas-Puppy-su-vistiena.jpg","type":"image\/jpeg"}],"twitter_card":"summary_large_image","twitter_misc":{"Est. reading time":"1 minut\u0117"},"schema":{"@context":"https:\/\/schema.org","@graph":[{"@type":"WebPage","@id":"https:\/\/anivet.lt\/elparduotuve\/produktas\/platinum-pastetas-puppy-su-vistiena\/","url":"https:\/\/anivet.lt\/elparduotuve\/produktas\/platinum-pastetas-puppy-su-vistiena\/","name":"Platinum pa\u0161tetas Puppy su vi\u0161tiena - anivet.lt","isPartOf":{"@id":"https:\/\/anivet.lt\/elparduotuve\/#website"},"primaryImageOfPage":{"@id":"https:\/\/anivet.lt\/elparduotuve\/produktas\/platinum-pastetas-puppy-su-vistiena\/#primaryimage"},"image":{"@id":"https:\/\/anivet.lt\/elparduotuve\/produktas\/platinum-pastetas-puppy-su-vistiena\/#primaryimage"},"thumbnailUrl":"https:\/\/anivet.lt\/elparduotuve\/wp-content\/uploads\/2024\/01\/Platinum-pastetas-Puppy-su-vistiena.jpg","datePublished":"2024-01-30T08:24:13+00:00","dateModified":"2026-05-14T09:10:10+00:00","description":"Subalansuotas ir maistingas pa\u0161tetas, skirtas u\u017etikrinti sveik\u0105 jauno augintinio augim\u0105. Pagamintas tik i\u0161 auk\u0161tos kokyb\u0117s ingredient\u0173, jis pasi\u017eymi nat\u016braliu skoniu ir lengvu vir\u0161kinimu.","breadcrumb":{"@id":"https:\/\/anivet.lt\/elparduotuve\/produktas\/platinum-pastetas-puppy-su-vistiena\/#breadcrumb"},"inLanguage":"lt-LT","potentialAction":[{"@type":"ReadAction","target":["https:\/\/anivet.lt\/elparduotuve\/produktas\/platinum-pastetas-puppy-su-vistiena\/"]}]},{"@type":"ImageObject","inLanguage":"lt-LT","@id":"https:\/\/anivet.lt\/elparduotuve\/produktas\/platinum-pastetas-puppy-su-vistiena\/#primaryimage","url":"https:\/\/anivet.lt\/elparduotuve\/wp-content\/uploads\/2024\/01\/Platinum-pastetas-Puppy-su-vistiena.jpg","contentUrl":"https:\/\/anivet.lt\/elparduotuve\/wp-content\/uploads\/2024\/01\/Platinum-pastetas-Puppy-su-vistiena.jpg","width":1100,"height":1100,"caption":"Platinum pa\u0161tetas Puppy su vi\u0161tiena"},{"@type":"BreadcrumbList","@id":"https:\/\/anivet.lt\/elparduotuve\/produktas\/platinum-pastetas-puppy-su-vistiena\/#breadcrumb","itemListElement":[{"@type":"ListItem","position":1,"name":"Home","item":"https:\/\/anivet.lt\/elparduotuve\/"},{"@type":"ListItem","position":2,"name":"Produktai","item":"https:\/\/anivet.lt\/elparduotuve\/produktai\/"},{"@type":"ListItem","position":3,"name":"Platinum pa\u0161tetas Puppy su vi\u0161tiena"}]},{"@type":"WebSite","@id":"https:\/\/anivet.lt\/elparduotuve\/#website","url":"https:\/\/anivet.lt\/elparduotuve\/","name":"anivet.lt","description":"Viskas J\u016bs\u0173 \u0161uns, kat\u0117s prie\u017ei\u016brai","publisher":{"@id":"https:\/\/anivet.lt\/elparduotuve\/#organization"},"alternateName":"Viskas J\u016bs\u0173 \u0161uns, kat\u0117s prie\u017ei\u016brai","potentialAction":[{"@type":"SearchAction","target":{"@type":"EntryPoint","urlTemplate":"https:\/\/anivet.lt\/elparduotuve\/?s={search_term_string}"},"query-input":{"@type":"PropertyValueSpecification","valueRequired":true,"valueName":"search_term_string"}}],"inLanguage":"lt-LT"},{"@type":"Organization","@id":"https:\/\/anivet.lt\/elparduotuve\/#organization","name":"Viskas J\u016bs\u0173 \u0161uns, kat\u0117s prie\u017ei\u016brai","url":"https:\/\/anivet.lt\/elparduotuve\/","logo":{"@type":"ImageObject","inLanguage":"lt-LT","@id":"https:\/\/anivet.lt\/elparduotuve\/#\/schema\/logo\/image\/","url":"https:\/\/anivet.lt\/elparduotuve\/wp-content\/uploads\/2023\/06\/logo2.jpg","contentUrl":"https:\/\/anivet.lt\/elparduotuve\/wp-content\/uploads\/2023\/06\/logo2.jpg","width":655,"height":194,"caption":"Viskas J\u016bs\u0173 \u0161uns, kat\u0117s prie\u017ei\u016brai"},"image":{"@id":"https:\/\/anivet.lt\/elparduotuve\/#\/schema\/logo\/image\/"}}]}},"_links":{"self":[{"href":"https:\/\/anivet.lt\/elparduotuve\/wp-json\/wp\/v2\/product\/13094","targetHints":{"allow":["GET"]}}],"collection":[{"href":"https:\/\/anivet.lt\/elparduotuve\/wp-json\/wp\/v2\/product"}],"about":[{"href":"https:\/\/anivet.lt\/elparduotuve\/wp-json\/wp\/v2\/types\/product"}],"wp:featuredmedia":[{"embeddable":true,"href":"https:\/\/anivet.lt\/elparduotuve\/wp-json\/wp\/v2\/media\/13095"}],"wp:attachment":[{"href":"https:\/\/anivet.lt\/elparduotuve\/wp-json\/wp\/v2\/media?parent=13094"}],"wp:term":[{"taxonomy":"product_brand","embeddable":true,"href":"https:\/\/anivet.lt\/elparduotuve\/wp-json\/wp\/v2\/product_brand?post=13094"},{"taxonomy":"product_cat","embeddable":true,"href":"https:\/\/anivet.lt\/elparduotuve\/wp-json\/wp\/v2\/product_cat?post=13094"},{"taxonomy":"product_tag","embeddable":true,"href":"https:\/\/anivet.lt\/elparduotuve\/wp-json\/wp\/v2\/product_tag?post=13094"}],"curies":[{"name":"wp","href":"https:\/\/api.w.org\/{rel}","templated":true}]}}