{"id":13104,"date":"2024-01-30T08:46:54","date_gmt":"2024-01-30T08:46:54","guid":{"rendered":"https:\/\/anivet.lt\/elparduotuve\/?post_type=product&#038;p=13104"},"modified":"2026-02-23T14:58:54","modified_gmt":"2026-02-23T14:58:54","slug":"virbac-veggiedent-kramtukai-dantu-prieziurai-iki-5kg-n15","status":"publish","type":"product","link":"https:\/\/anivet.lt\/elparduotuve\/produktas\/virbac-veggiedent-kramtukai-dantu-prieziurai-iki-5kg-n15\/","title":{"rendered":"Virbac VEGGIEDENT kramtukai dant\u0173 prie\u017ei\u016brai iki 5kg N15"},"content":{"rendered":"<ul>\n<li style=\"font-weight: 400;\" aria-level=\"1\"><span style=\"font-weight: 400;\">Bakterij\u0173 kontrol\u0117: Slopina bakterij\u0173 dauginim\u0105si ir dant\u0173 apna\u0161\u0173 susidarym\u0105, gerinant burnos sveikat\u0105.<\/span><\/li>\n<li style=\"font-weight: 400;\" aria-level=\"1\"><span style=\"font-weight: 400;\">V\u0117sinamasis poveikis: Eritritolis suteikia gaivumo jausm\u0105 nasruose ir ma\u017eina bakterij\u0173 aktyvum\u0105.<\/span><\/li>\n<li style=\"font-weight: 400;\" aria-level=\"1\"><span style=\"font-weight: 400;\">Nemalonaus kvapo ma\u017einimas: Granatai ir inulinas padeda slopinti nemalon\u0173 kvap\u0105, kilus\u012f i\u0161 burnos ar vir\u0161kinamojo trakto.<\/span><\/li>\n<li style=\"font-weight: 400;\" aria-level=\"1\"><span style=\"font-weight: 400;\">Nat\u016brali sud\u0117tis: Sud\u0117tyje n\u0117ra gyvulin\u0117s kilm\u0117s baltym\u0173, GMO ar skonio stiprikli\u0173, tod\u0117l tinka jautriems augintiniams.<\/span><\/li>\n<li style=\"font-weight: 400;\" aria-level=\"1\"><span style=\"font-weight: 400;\">Diabetikams pritaikyta formul\u0117: Eritritolis ir inulinas palaiko gliukoz\u0117s stabilum\u0105 kraujyje.<\/span><\/li>\n<\/ul>\n<p><span style=\"font-weight: 400;\">\u201eVirbac VeggieDent\u201d kramtukai yra daugiau nei tik dant\u0173 higienos priemon\u0117 \u2013 jie u\u017etikrina sveik\u0105 nasr\u0173 b\u016bkl\u0119, gaiv\u0173 kvap\u0105 ir subalansuot\u0105 vir\u0161kinim\u0105. Naudojant \u0161iuos kramtukus, j\u016bs\u0173 augintinis ne tik i\u0161saugos \u0161varius dantis, bet ir pagerins savo bendr\u0105 sveikat\u0105 be papildom\u0173 alergen\u0173 ar dirbtini\u0173 pried\u0173.<\/span><\/p>\n","protected":false},"excerpt":{"rendered":"<p><span style=\"font-weight: 400;\">\u0160ie nat\u016bralios sud\u0117ties kramtukai yra sukurti palaikyti ma\u017e\u0173 \u0161un\u0173 burnos higien\u0105 ir u\u017etikrinti bendr\u0105 sveikat\u0105. Jie yra puikus pasirinkimas \u0161unims, turintiems jautri\u0105 sveikat\u0105 ar sergantiems diabetu.<\/span><\/p>\n","protected":false},"featured_media":13108,"template":"","meta":[],"product_brand":[],"product_cat":[101,103,106,337],"product_tag":[],"class_list":{"0":"post-13104","1":"product","2":"type-product","3":"status-publish","4":"has-post-thumbnail","6":"product_cat-sunims","7":"product_cat-sunu-maistas","8":"product_cat-skanestai","9":"product_cat-virbac-sunu-maistas","10":"pa_prekinis-zenklas-virbac","12":"first","13":"instock","14":"taxable","15":"shipping-taxable","16":"purchasable","17":"product-type-simple"},"yoast_head":"<!-- This site is optimized with the Yoast SEO Premium plugin v27.1 (Yoast SEO v27.5) - https:\/\/yoast.com\/product\/yoast-seo-premium-wordpress\/ -->\n<title>Virbac VEGGIEDENT kramtukai dant\u0173 prie\u017ei\u016brai iki 5kg N15 - anivet.lt<\/title>\n<meta name=\"description\" content=\"\u0160ie nat\u016bralios sud\u0117ties kramtukai yra sukurti palaikyti ma\u017e\u0173 \u0161un\u0173 burnos higien\u0105 ir u\u017etikrinti bendr\u0105 sveikat\u0105. Jie yra puikus pasirinkimas \u0161unims, turintiems jautri\u0105 sveikat\u0105 ar sergantiems diabetu.\" \/>\n<meta name=\"robots\" content=\"index, follow, max-snippet:-1, max-image-preview:large, max-video-preview:-1\" \/>\n<link rel=\"canonical\" href=\"https:\/\/anivet.lt\/elparduotuve\/produktas\/virbac-veggiedent-kramtukai-dantu-prieziurai-iki-5kg-n15\/\" \/>\n<meta property=\"og:locale\" content=\"lt_LT\" \/>\n<meta property=\"og:type\" content=\"article\" \/>\n<meta property=\"og:title\" content=\"Virbac VEGGIEDENT kramtukai dant\u0173 prie\u017ei\u016brai iki 5kg N15\" \/>\n<meta property=\"og:description\" content=\"\u0160ie nat\u016bralios sud\u0117ties kramtukai yra sukurti palaikyti ma\u017e\u0173 \u0161un\u0173 burnos higien\u0105 ir u\u017etikrinti bendr\u0105 sveikat\u0105. Jie yra puikus pasirinkimas \u0161unims, turintiems jautri\u0105 sveikat\u0105 ar sergantiems diabetu.\" \/>\n<meta property=\"og:url\" content=\"https:\/\/anivet.lt\/elparduotuve\/produktas\/virbac-veggiedent-kramtukai-dantu-prieziurai-iki-5kg-n15\/\" \/>\n<meta property=\"og:site_name\" content=\"anivet.lt\" \/>\n<meta property=\"article:modified_time\" content=\"2026-02-23T14:58:54+00:00\" \/>\n<meta property=\"og:image\" content=\"https:\/\/anivet.lt\/elparduotuve\/wp-content\/uploads\/2024\/01\/iki-5kg.jpg\" \/>\n\t<meta property=\"og:image:width\" content=\"500\" \/>\n\t<meta property=\"og:image:height\" content=\"500\" \/>\n\t<meta property=\"og:image:type\" content=\"image\/jpeg\" \/>\n<meta name=\"twitter:card\" content=\"summary_large_image\" \/>\n<meta name=\"twitter:label1\" content=\"Est. reading time\" \/>\n\t<meta name=\"twitter:data1\" content=\"1 minut\u0117\" \/>\n<script type=\"application\/ld+json\" class=\"yoast-schema-graph\">{\"@context\":\"https:\\\/\\\/schema.org\",\"@graph\":[{\"@type\":\"WebPage\",\"@id\":\"https:\\\/\\\/anivet.lt\\\/elparduotuve\\\/produktas\\\/virbac-veggiedent-kramtukai-dantu-prieziurai-iki-5kg-n15\\\/\",\"url\":\"https:\\\/\\\/anivet.lt\\\/elparduotuve\\\/produktas\\\/virbac-veggiedent-kramtukai-dantu-prieziurai-iki-5kg-n15\\\/\",\"name\":\"Virbac VEGGIEDENT kramtukai dant\u0173 prie\u017ei\u016brai iki 5kg N15 - anivet.lt\",\"isPartOf\":{\"@id\":\"https:\\\/\\\/anivet.lt\\\/elparduotuve\\\/#website\"},\"primaryImageOfPage\":{\"@id\":\"https:\\\/\\\/anivet.lt\\\/elparduotuve\\\/produktas\\\/virbac-veggiedent-kramtukai-dantu-prieziurai-iki-5kg-n15\\\/#primaryimage\"},\"image\":{\"@id\":\"https:\\\/\\\/anivet.lt\\\/elparduotuve\\\/produktas\\\/virbac-veggiedent-kramtukai-dantu-prieziurai-iki-5kg-n15\\\/#primaryimage\"},\"thumbnailUrl\":\"https:\\\/\\\/anivet.lt\\\/elparduotuve\\\/wp-content\\\/uploads\\\/2024\\\/01\\\/iki-5kg.jpg\",\"datePublished\":\"2024-01-30T08:46:54+00:00\",\"dateModified\":\"2026-02-23T14:58:54+00:00\",\"description\":\"\u0160ie nat\u016bralios sud\u0117ties kramtukai yra sukurti palaikyti ma\u017e\u0173 \u0161un\u0173 burnos higien\u0105 ir u\u017etikrinti bendr\u0105 sveikat\u0105. Jie yra puikus pasirinkimas \u0161unims, turintiems jautri\u0105 sveikat\u0105 ar sergantiems diabetu.\",\"breadcrumb\":{\"@id\":\"https:\\\/\\\/anivet.lt\\\/elparduotuve\\\/produktas\\\/virbac-veggiedent-kramtukai-dantu-prieziurai-iki-5kg-n15\\\/#breadcrumb\"},\"inLanguage\":\"lt-LT\",\"potentialAction\":[{\"@type\":\"ReadAction\",\"target\":[\"https:\\\/\\\/anivet.lt\\\/elparduotuve\\\/produktas\\\/virbac-veggiedent-kramtukai-dantu-prieziurai-iki-5kg-n15\\\/\"]}]},{\"@type\":\"ImageObject\",\"inLanguage\":\"lt-LT\",\"@id\":\"https:\\\/\\\/anivet.lt\\\/elparduotuve\\\/produktas\\\/virbac-veggiedent-kramtukai-dantu-prieziurai-iki-5kg-n15\\\/#primaryimage\",\"url\":\"https:\\\/\\\/anivet.lt\\\/elparduotuve\\\/wp-content\\\/uploads\\\/2024\\\/01\\\/iki-5kg.jpg\",\"contentUrl\":\"https:\\\/\\\/anivet.lt\\\/elparduotuve\\\/wp-content\\\/uploads\\\/2024\\\/01\\\/iki-5kg.jpg\",\"width\":500,\"height\":500,\"caption\":\"Virbac VEGGIEDENT kramtukai dant\u0173 prie\u017ei\u016brai iki 5kg N15\"},{\"@type\":\"BreadcrumbList\",\"@id\":\"https:\\\/\\\/anivet.lt\\\/elparduotuve\\\/produktas\\\/virbac-veggiedent-kramtukai-dantu-prieziurai-iki-5kg-n15\\\/#breadcrumb\",\"itemListElement\":[{\"@type\":\"ListItem\",\"position\":1,\"name\":\"Home\",\"item\":\"https:\\\/\\\/anivet.lt\\\/elparduotuve\\\/\"},{\"@type\":\"ListItem\",\"position\":2,\"name\":\"Produktai\",\"item\":\"https:\\\/\\\/anivet.lt\\\/elparduotuve\\\/produktai\\\/\"},{\"@type\":\"ListItem\",\"position\":3,\"name\":\"Virbac VEGGIEDENT kramtukai dant\u0173 prie\u017ei\u016brai iki 5kg N15\"}]},{\"@type\":\"WebSite\",\"@id\":\"https:\\\/\\\/anivet.lt\\\/elparduotuve\\\/#website\",\"url\":\"https:\\\/\\\/anivet.lt\\\/elparduotuve\\\/\",\"name\":\"anivet.lt\",\"description\":\"Viskas J\u016bs\u0173 \u0161uns, kat\u0117s prie\u017ei\u016brai\",\"publisher\":{\"@id\":\"https:\\\/\\\/anivet.lt\\\/elparduotuve\\\/#organization\"},\"alternateName\":\"Viskas J\u016bs\u0173 \u0161uns, kat\u0117s prie\u017ei\u016brai\",\"potentialAction\":[{\"@type\":\"SearchAction\",\"target\":{\"@type\":\"EntryPoint\",\"urlTemplate\":\"https:\\\/\\\/anivet.lt\\\/elparduotuve\\\/?s={search_term_string}\"},\"query-input\":{\"@type\":\"PropertyValueSpecification\",\"valueRequired\":true,\"valueName\":\"search_term_string\"}}],\"inLanguage\":\"lt-LT\"},{\"@type\":\"Organization\",\"@id\":\"https:\\\/\\\/anivet.lt\\\/elparduotuve\\\/#organization\",\"name\":\"Viskas J\u016bs\u0173 \u0161uns, kat\u0117s prie\u017ei\u016brai\",\"url\":\"https:\\\/\\\/anivet.lt\\\/elparduotuve\\\/\",\"logo\":{\"@type\":\"ImageObject\",\"inLanguage\":\"lt-LT\",\"@id\":\"https:\\\/\\\/anivet.lt\\\/elparduotuve\\\/#\\\/schema\\\/logo\\\/image\\\/\",\"url\":\"https:\\\/\\\/anivet.lt\\\/elparduotuve\\\/wp-content\\\/uploads\\\/2023\\\/06\\\/logo2.jpg\",\"contentUrl\":\"https:\\\/\\\/anivet.lt\\\/elparduotuve\\\/wp-content\\\/uploads\\\/2023\\\/06\\\/logo2.jpg\",\"width\":655,\"height\":194,\"caption\":\"Viskas J\u016bs\u0173 \u0161uns, kat\u0117s prie\u017ei\u016brai\"},\"image\":{\"@id\":\"https:\\\/\\\/anivet.lt\\\/elparduotuve\\\/#\\\/schema\\\/logo\\\/image\\\/\"}}]}<\/script>\n<!-- \/ Yoast SEO Premium plugin. -->","yoast_head_json":{"title":"Virbac VEGGIEDENT kramtukai dant\u0173 prie\u017ei\u016brai iki 5kg N15 - anivet.lt","description":"\u0160ie nat\u016bralios sud\u0117ties kramtukai yra sukurti palaikyti ma\u017e\u0173 \u0161un\u0173 burnos higien\u0105 ir u\u017etikrinti bendr\u0105 sveikat\u0105. Jie yra puikus pasirinkimas \u0161unims, turintiems jautri\u0105 sveikat\u0105 ar sergantiems diabetu.","robots":{"index":"index","follow":"follow","max-snippet":"max-snippet:-1","max-image-preview":"max-image-preview:large","max-video-preview":"max-video-preview:-1"},"canonical":"https:\/\/anivet.lt\/elparduotuve\/produktas\/virbac-veggiedent-kramtukai-dantu-prieziurai-iki-5kg-n15\/","og_locale":"lt_LT","og_type":"article","og_title":"Virbac VEGGIEDENT kramtukai dant\u0173 prie\u017ei\u016brai iki 5kg N15","og_description":"\u0160ie nat\u016bralios sud\u0117ties kramtukai yra sukurti palaikyti ma\u017e\u0173 \u0161un\u0173 burnos higien\u0105 ir u\u017etikrinti bendr\u0105 sveikat\u0105. Jie yra puikus pasirinkimas \u0161unims, turintiems jautri\u0105 sveikat\u0105 ar sergantiems diabetu.","og_url":"https:\/\/anivet.lt\/elparduotuve\/produktas\/virbac-veggiedent-kramtukai-dantu-prieziurai-iki-5kg-n15\/","og_site_name":"anivet.lt","article_modified_time":"2026-02-23T14:58:54+00:00","og_image":[{"width":500,"height":500,"url":"https:\/\/anivet.lt\/elparduotuve\/wp-content\/uploads\/2024\/01\/iki-5kg.jpg","type":"image\/jpeg"}],"twitter_card":"summary_large_image","twitter_misc":{"Est. reading time":"1 minut\u0117"},"schema":{"@context":"https:\/\/schema.org","@graph":[{"@type":"WebPage","@id":"https:\/\/anivet.lt\/elparduotuve\/produktas\/virbac-veggiedent-kramtukai-dantu-prieziurai-iki-5kg-n15\/","url":"https:\/\/anivet.lt\/elparduotuve\/produktas\/virbac-veggiedent-kramtukai-dantu-prieziurai-iki-5kg-n15\/","name":"Virbac VEGGIEDENT kramtukai dant\u0173 prie\u017ei\u016brai iki 5kg N15 - anivet.lt","isPartOf":{"@id":"https:\/\/anivet.lt\/elparduotuve\/#website"},"primaryImageOfPage":{"@id":"https:\/\/anivet.lt\/elparduotuve\/produktas\/virbac-veggiedent-kramtukai-dantu-prieziurai-iki-5kg-n15\/#primaryimage"},"image":{"@id":"https:\/\/anivet.lt\/elparduotuve\/produktas\/virbac-veggiedent-kramtukai-dantu-prieziurai-iki-5kg-n15\/#primaryimage"},"thumbnailUrl":"https:\/\/anivet.lt\/elparduotuve\/wp-content\/uploads\/2024\/01\/iki-5kg.jpg","datePublished":"2024-01-30T08:46:54+00:00","dateModified":"2026-02-23T14:58:54+00:00","description":"\u0160ie nat\u016bralios sud\u0117ties kramtukai yra sukurti palaikyti ma\u017e\u0173 \u0161un\u0173 burnos higien\u0105 ir u\u017etikrinti bendr\u0105 sveikat\u0105. Jie yra puikus pasirinkimas \u0161unims, turintiems jautri\u0105 sveikat\u0105 ar sergantiems diabetu.","breadcrumb":{"@id":"https:\/\/anivet.lt\/elparduotuve\/produktas\/virbac-veggiedent-kramtukai-dantu-prieziurai-iki-5kg-n15\/#breadcrumb"},"inLanguage":"lt-LT","potentialAction":[{"@type":"ReadAction","target":["https:\/\/anivet.lt\/elparduotuve\/produktas\/virbac-veggiedent-kramtukai-dantu-prieziurai-iki-5kg-n15\/"]}]},{"@type":"ImageObject","inLanguage":"lt-LT","@id":"https:\/\/anivet.lt\/elparduotuve\/produktas\/virbac-veggiedent-kramtukai-dantu-prieziurai-iki-5kg-n15\/#primaryimage","url":"https:\/\/anivet.lt\/elparduotuve\/wp-content\/uploads\/2024\/01\/iki-5kg.jpg","contentUrl":"https:\/\/anivet.lt\/elparduotuve\/wp-content\/uploads\/2024\/01\/iki-5kg.jpg","width":500,"height":500,"caption":"Virbac VEGGIEDENT kramtukai dant\u0173 prie\u017ei\u016brai iki 5kg N15"},{"@type":"BreadcrumbList","@id":"https:\/\/anivet.lt\/elparduotuve\/produktas\/virbac-veggiedent-kramtukai-dantu-prieziurai-iki-5kg-n15\/#breadcrumb","itemListElement":[{"@type":"ListItem","position":1,"name":"Home","item":"https:\/\/anivet.lt\/elparduotuve\/"},{"@type":"ListItem","position":2,"name":"Produktai","item":"https:\/\/anivet.lt\/elparduotuve\/produktai\/"},{"@type":"ListItem","position":3,"name":"Virbac VEGGIEDENT kramtukai dant\u0173 prie\u017ei\u016brai iki 5kg N15"}]},{"@type":"WebSite","@id":"https:\/\/anivet.lt\/elparduotuve\/#website","url":"https:\/\/anivet.lt\/elparduotuve\/","name":"anivet.lt","description":"Viskas J\u016bs\u0173 \u0161uns, kat\u0117s prie\u017ei\u016brai","publisher":{"@id":"https:\/\/anivet.lt\/elparduotuve\/#organization"},"alternateName":"Viskas J\u016bs\u0173 \u0161uns, kat\u0117s prie\u017ei\u016brai","potentialAction":[{"@type":"SearchAction","target":{"@type":"EntryPoint","urlTemplate":"https:\/\/anivet.lt\/elparduotuve\/?s={search_term_string}"},"query-input":{"@type":"PropertyValueSpecification","valueRequired":true,"valueName":"search_term_string"}}],"inLanguage":"lt-LT"},{"@type":"Organization","@id":"https:\/\/anivet.lt\/elparduotuve\/#organization","name":"Viskas J\u016bs\u0173 \u0161uns, kat\u0117s prie\u017ei\u016brai","url":"https:\/\/anivet.lt\/elparduotuve\/","logo":{"@type":"ImageObject","inLanguage":"lt-LT","@id":"https:\/\/anivet.lt\/elparduotuve\/#\/schema\/logo\/image\/","url":"https:\/\/anivet.lt\/elparduotuve\/wp-content\/uploads\/2023\/06\/logo2.jpg","contentUrl":"https:\/\/anivet.lt\/elparduotuve\/wp-content\/uploads\/2023\/06\/logo2.jpg","width":655,"height":194,"caption":"Viskas J\u016bs\u0173 \u0161uns, kat\u0117s prie\u017ei\u016brai"},"image":{"@id":"https:\/\/anivet.lt\/elparduotuve\/#\/schema\/logo\/image\/"}}]}},"_links":{"self":[{"href":"https:\/\/anivet.lt\/elparduotuve\/wp-json\/wp\/v2\/product\/13104","targetHints":{"allow":["GET"]}}],"collection":[{"href":"https:\/\/anivet.lt\/elparduotuve\/wp-json\/wp\/v2\/product"}],"about":[{"href":"https:\/\/anivet.lt\/elparduotuve\/wp-json\/wp\/v2\/types\/product"}],"wp:featuredmedia":[{"embeddable":true,"href":"https:\/\/anivet.lt\/elparduotuve\/wp-json\/wp\/v2\/media\/13108"}],"wp:attachment":[{"href":"https:\/\/anivet.lt\/elparduotuve\/wp-json\/wp\/v2\/media?parent=13104"}],"wp:term":[{"taxonomy":"product_brand","embeddable":true,"href":"https:\/\/anivet.lt\/elparduotuve\/wp-json\/wp\/v2\/product_brand?post=13104"},{"taxonomy":"product_cat","embeddable":true,"href":"https:\/\/anivet.lt\/elparduotuve\/wp-json\/wp\/v2\/product_cat?post=13104"},{"taxonomy":"product_tag","embeddable":true,"href":"https:\/\/anivet.lt\/elparduotuve\/wp-json\/wp\/v2\/product_tag?post=13104"}],"curies":[{"name":"wp","href":"https:\/\/api.w.org\/{rel}","templated":true}]}}