{"id":13114,"date":"2024-01-30T09:04:28","date_gmt":"2024-01-30T09:04:28","guid":{"rendered":"https:\/\/anivet.lt\/elparduotuve\/?post_type=product&#038;p=13114"},"modified":"2026-04-29T06:27:06","modified_gmt":"2026-04-29T06:27:06","slug":"virbac-veggiedent-kramtukai-dantu-prieziurai-virs-30-kg-n15","status":"publish","type":"product","link":"https:\/\/anivet.lt\/elparduotuve\/produktas\/virbac-veggiedent-kramtukai-dantu-prieziurai-virs-30-kg-n15\/","title":{"rendered":"Virbac VEGGIEDENT kramtukai dant\u0173 prie\u017ei\u016brai vir\u0161 30 kg N15"},"content":{"rendered":"<ul>\n<li style=\"font-weight: 400;\" aria-level=\"1\"><span style=\"font-weight: 400;\">Dant\u0173 apna\u0161\u0173 kontrol\u0117: Slopina bakterij\u0173 dauginim\u0105si ir apna\u0161\u0173 susidarym\u0105, palaikant sveikus dantis ir dantenas.<\/span><\/li>\n<li style=\"font-weight: 400;\" aria-level=\"1\"><span style=\"font-weight: 400;\">Gaivus kvapas: Eritritolis suteikia v\u0117sinant\u012f efekt\u0105 nasruose, o inulinas ma\u017eina nemalon\u0173 kvap\u0105 i\u0161 vir\u0161kinamojo trakto.<\/span><\/li>\n<li style=\"font-weight: 400;\" aria-level=\"1\"><span style=\"font-weight: 400;\">Tinka jautriems \u0161unims: Sud\u0117tyje n\u0117ra gyvulin\u0117s kilm\u0117s baltym\u0173, gliuteno, GMO ar skonio stiprikli\u0173.<\/span><\/li>\n<li style=\"font-weight: 400;\" aria-level=\"1\"><span style=\"font-weight: 400;\">Antioksidant\u0173 galia: Granatas ma\u017eina laisv\u0173j\u0173 radikal\u0173 kiek\u012f ir oksidacinius procesus, u\u017ekertant keli\u0105 gingivitui.<\/span><\/li>\n<li style=\"font-weight: 400;\" aria-level=\"1\"><span style=\"font-weight: 400;\">Tinka diabetu sergantiems \u0161unims: Eritritolis ir inulinas palaiko sveik\u0105 cukraus kiek\u012f kraujyje ir \u017earnyno mikroflor\u0105.<\/span><\/li>\n<\/ul>\n<p><span style=\"font-weight: 400;\">\u201eVirbac VEGGIEDENT\u201d kramtukai ne tik efektyviai padeda i\u0161laikyti sveikus dantis, bet ir u\u017etikrina gaiv\u0173 kvap\u0105 bei ger\u0105 vir\u0161kinim\u0105. \u0160ie kramtukai yra saug\u016bs ir tinkami net \u0161unims, sergantiems diabetu, tod\u0117l tai yra puikus pasirinkimas j\u016bs\u0173 didelio augintinio kasdienei prie\u017ei\u016brai.<\/span><\/p>\n","protected":false},"excerpt":{"rendered":"<p><span style=\"font-weight: 400;\">\u0160ie augalin\u0117s kilm\u0117s kramtukai yra specialiai sukurti \u0161unims, sveriantiems daugiau nei 30 kg. Jie ne tik padeda pri\u017ei\u016br\u0117ti dantis, bet ir u\u017etikrina gaiv\u0173 kvap\u0105 bei bendr\u0105 burnos sveikat\u0105.<\/span><\/p>\n","protected":false},"featured_media":13116,"template":"","meta":[],"product_brand":[],"product_cat":[101,103,106,337],"product_tag":[],"class_list":{"0":"post-13114","1":"product","2":"type-product","3":"status-publish","4":"has-post-thumbnail","6":"product_cat-sunims","7":"product_cat-sunu-maistas","8":"product_cat-skanestai","9":"product_cat-virbac-sunu-maistas","10":"pa_prekinis-zenklas-virbac","12":"first","13":"outofstock","14":"taxable","15":"shipping-taxable","16":"purchasable","17":"product-type-simple"},"yoast_head":"<!-- This site is optimized with the Yoast SEO Premium plugin v27.1 (Yoast SEO v27.5) - https:\/\/yoast.com\/product\/yoast-seo-premium-wordpress\/ -->\n<title>Virbac VEGGIEDENT kramtukai dant\u0173 prie\u017ei\u016brai vir\u0161 30 kg N15 - anivet.lt<\/title>\n<meta name=\"description\" content=\"\u0160ie augalin\u0117s kilm\u0117s kramtukai yra specialiai sukurti \u0161unims, sveriantiems daugiau nei 30 kg. Jie ne tik padeda pri\u017ei\u016br\u0117ti dantis, bet ir u\u017etikrina gaiv\u0173 kvap\u0105 bei bendr\u0105 burnos sveikat\u0105.\" \/>\n<meta name=\"robots\" content=\"index, follow, max-snippet:-1, max-image-preview:large, max-video-preview:-1\" \/>\n<link rel=\"canonical\" href=\"https:\/\/anivet.lt\/elparduotuve\/produktas\/virbac-veggiedent-kramtukai-dantu-prieziurai-virs-30-kg-n15\/\" \/>\n<meta property=\"og:locale\" content=\"lt_LT\" \/>\n<meta property=\"og:type\" content=\"article\" \/>\n<meta property=\"og:title\" content=\"Virbac VEGGIEDENT kramtukai dant\u0173 prie\u017ei\u016brai vir\u0161 30 kg N15\" \/>\n<meta property=\"og:description\" content=\"\u0160ie augalin\u0117s kilm\u0117s kramtukai yra specialiai sukurti \u0161unims, sveriantiems daugiau nei 30 kg. Jie ne tik padeda pri\u017ei\u016br\u0117ti dantis, bet ir u\u017etikrina gaiv\u0173 kvap\u0105 bei bendr\u0105 burnos sveikat\u0105.\" \/>\n<meta property=\"og:url\" content=\"https:\/\/anivet.lt\/elparduotuve\/produktas\/virbac-veggiedent-kramtukai-dantu-prieziurai-virs-30-kg-n15\/\" \/>\n<meta property=\"og:site_name\" content=\"anivet.lt\" \/>\n<meta property=\"article:modified_time\" content=\"2026-04-29T06:27:06+00:00\" \/>\n<meta property=\"og:image\" content=\"https:\/\/anivet.lt\/elparduotuve\/wp-content\/uploads\/2024\/01\/4155.jpg\" \/>\n\t<meta property=\"og:image:width\" content=\"500\" \/>\n\t<meta property=\"og:image:height\" content=\"500\" \/>\n\t<meta property=\"og:image:type\" content=\"image\/jpeg\" \/>\n<meta name=\"twitter:card\" content=\"summary_large_image\" \/>\n<meta name=\"twitter:label1\" content=\"Est. reading time\" \/>\n\t<meta name=\"twitter:data1\" content=\"1 minut\u0117\" \/>\n<script type=\"application\/ld+json\" class=\"yoast-schema-graph\">{\"@context\":\"https:\\\/\\\/schema.org\",\"@graph\":[{\"@type\":\"WebPage\",\"@id\":\"https:\\\/\\\/anivet.lt\\\/elparduotuve\\\/produktas\\\/virbac-veggiedent-kramtukai-dantu-prieziurai-virs-30-kg-n15\\\/\",\"url\":\"https:\\\/\\\/anivet.lt\\\/elparduotuve\\\/produktas\\\/virbac-veggiedent-kramtukai-dantu-prieziurai-virs-30-kg-n15\\\/\",\"name\":\"Virbac VEGGIEDENT kramtukai dant\u0173 prie\u017ei\u016brai vir\u0161 30 kg N15 - anivet.lt\",\"isPartOf\":{\"@id\":\"https:\\\/\\\/anivet.lt\\\/elparduotuve\\\/#website\"},\"primaryImageOfPage\":{\"@id\":\"https:\\\/\\\/anivet.lt\\\/elparduotuve\\\/produktas\\\/virbac-veggiedent-kramtukai-dantu-prieziurai-virs-30-kg-n15\\\/#primaryimage\"},\"image\":{\"@id\":\"https:\\\/\\\/anivet.lt\\\/elparduotuve\\\/produktas\\\/virbac-veggiedent-kramtukai-dantu-prieziurai-virs-30-kg-n15\\\/#primaryimage\"},\"thumbnailUrl\":\"https:\\\/\\\/anivet.lt\\\/elparduotuve\\\/wp-content\\\/uploads\\\/2024\\\/01\\\/4155.jpg\",\"datePublished\":\"2024-01-30T09:04:28+00:00\",\"dateModified\":\"2026-04-29T06:27:06+00:00\",\"description\":\"\u0160ie augalin\u0117s kilm\u0117s kramtukai yra specialiai sukurti \u0161unims, sveriantiems daugiau nei 30 kg. Jie ne tik padeda pri\u017ei\u016br\u0117ti dantis, bet ir u\u017etikrina gaiv\u0173 kvap\u0105 bei bendr\u0105 burnos sveikat\u0105.\",\"breadcrumb\":{\"@id\":\"https:\\\/\\\/anivet.lt\\\/elparduotuve\\\/produktas\\\/virbac-veggiedent-kramtukai-dantu-prieziurai-virs-30-kg-n15\\\/#breadcrumb\"},\"inLanguage\":\"lt-LT\",\"potentialAction\":[{\"@type\":\"ReadAction\",\"target\":[\"https:\\\/\\\/anivet.lt\\\/elparduotuve\\\/produktas\\\/virbac-veggiedent-kramtukai-dantu-prieziurai-virs-30-kg-n15\\\/\"]}]},{\"@type\":\"ImageObject\",\"inLanguage\":\"lt-LT\",\"@id\":\"https:\\\/\\\/anivet.lt\\\/elparduotuve\\\/produktas\\\/virbac-veggiedent-kramtukai-dantu-prieziurai-virs-30-kg-n15\\\/#primaryimage\",\"url\":\"https:\\\/\\\/anivet.lt\\\/elparduotuve\\\/wp-content\\\/uploads\\\/2024\\\/01\\\/4155.jpg\",\"contentUrl\":\"https:\\\/\\\/anivet.lt\\\/elparduotuve\\\/wp-content\\\/uploads\\\/2024\\\/01\\\/4155.jpg\",\"width\":500,\"height\":500,\"caption\":\"Virbac VEGGIEDENT kramtukai dant\u0173 prie\u017ei\u016brai vir\u0161 30 kg N15\"},{\"@type\":\"BreadcrumbList\",\"@id\":\"https:\\\/\\\/anivet.lt\\\/elparduotuve\\\/produktas\\\/virbac-veggiedent-kramtukai-dantu-prieziurai-virs-30-kg-n15\\\/#breadcrumb\",\"itemListElement\":[{\"@type\":\"ListItem\",\"position\":1,\"name\":\"Home\",\"item\":\"https:\\\/\\\/anivet.lt\\\/elparduotuve\\\/\"},{\"@type\":\"ListItem\",\"position\":2,\"name\":\"Produktai\",\"item\":\"https:\\\/\\\/anivet.lt\\\/elparduotuve\\\/produktai\\\/\"},{\"@type\":\"ListItem\",\"position\":3,\"name\":\"Virbac VEGGIEDENT kramtukai dant\u0173 prie\u017ei\u016brai vir\u0161 30 kg N15\"}]},{\"@type\":\"WebSite\",\"@id\":\"https:\\\/\\\/anivet.lt\\\/elparduotuve\\\/#website\",\"url\":\"https:\\\/\\\/anivet.lt\\\/elparduotuve\\\/\",\"name\":\"anivet.lt\",\"description\":\"Viskas J\u016bs\u0173 \u0161uns, kat\u0117s prie\u017ei\u016brai\",\"publisher\":{\"@id\":\"https:\\\/\\\/anivet.lt\\\/elparduotuve\\\/#organization\"},\"alternateName\":\"Viskas J\u016bs\u0173 \u0161uns, kat\u0117s prie\u017ei\u016brai\",\"potentialAction\":[{\"@type\":\"SearchAction\",\"target\":{\"@type\":\"EntryPoint\",\"urlTemplate\":\"https:\\\/\\\/anivet.lt\\\/elparduotuve\\\/?s={search_term_string}\"},\"query-input\":{\"@type\":\"PropertyValueSpecification\",\"valueRequired\":true,\"valueName\":\"search_term_string\"}}],\"inLanguage\":\"lt-LT\"},{\"@type\":\"Organization\",\"@id\":\"https:\\\/\\\/anivet.lt\\\/elparduotuve\\\/#organization\",\"name\":\"Viskas J\u016bs\u0173 \u0161uns, kat\u0117s prie\u017ei\u016brai\",\"url\":\"https:\\\/\\\/anivet.lt\\\/elparduotuve\\\/\",\"logo\":{\"@type\":\"ImageObject\",\"inLanguage\":\"lt-LT\",\"@id\":\"https:\\\/\\\/anivet.lt\\\/elparduotuve\\\/#\\\/schema\\\/logo\\\/image\\\/\",\"url\":\"https:\\\/\\\/anivet.lt\\\/elparduotuve\\\/wp-content\\\/uploads\\\/2023\\\/06\\\/logo2.jpg\",\"contentUrl\":\"https:\\\/\\\/anivet.lt\\\/elparduotuve\\\/wp-content\\\/uploads\\\/2023\\\/06\\\/logo2.jpg\",\"width\":655,\"height\":194,\"caption\":\"Viskas J\u016bs\u0173 \u0161uns, kat\u0117s prie\u017ei\u016brai\"},\"image\":{\"@id\":\"https:\\\/\\\/anivet.lt\\\/elparduotuve\\\/#\\\/schema\\\/logo\\\/image\\\/\"}}]}<\/script>\n<!-- \/ Yoast SEO Premium plugin. -->","yoast_head_json":{"title":"Virbac VEGGIEDENT kramtukai dant\u0173 prie\u017ei\u016brai vir\u0161 30 kg N15 - anivet.lt","description":"\u0160ie augalin\u0117s kilm\u0117s kramtukai yra specialiai sukurti \u0161unims, sveriantiems daugiau nei 30 kg. Jie ne tik padeda pri\u017ei\u016br\u0117ti dantis, bet ir u\u017etikrina gaiv\u0173 kvap\u0105 bei bendr\u0105 burnos sveikat\u0105.","robots":{"index":"index","follow":"follow","max-snippet":"max-snippet:-1","max-image-preview":"max-image-preview:large","max-video-preview":"max-video-preview:-1"},"canonical":"https:\/\/anivet.lt\/elparduotuve\/produktas\/virbac-veggiedent-kramtukai-dantu-prieziurai-virs-30-kg-n15\/","og_locale":"lt_LT","og_type":"article","og_title":"Virbac VEGGIEDENT kramtukai dant\u0173 prie\u017ei\u016brai vir\u0161 30 kg N15","og_description":"\u0160ie augalin\u0117s kilm\u0117s kramtukai yra specialiai sukurti \u0161unims, sveriantiems daugiau nei 30 kg. Jie ne tik padeda pri\u017ei\u016br\u0117ti dantis, bet ir u\u017etikrina gaiv\u0173 kvap\u0105 bei bendr\u0105 burnos sveikat\u0105.","og_url":"https:\/\/anivet.lt\/elparduotuve\/produktas\/virbac-veggiedent-kramtukai-dantu-prieziurai-virs-30-kg-n15\/","og_site_name":"anivet.lt","article_modified_time":"2026-04-29T06:27:06+00:00","og_image":[{"width":500,"height":500,"url":"https:\/\/anivet.lt\/elparduotuve\/wp-content\/uploads\/2024\/01\/4155.jpg","type":"image\/jpeg"}],"twitter_card":"summary_large_image","twitter_misc":{"Est. reading time":"1 minut\u0117"},"schema":{"@context":"https:\/\/schema.org","@graph":[{"@type":"WebPage","@id":"https:\/\/anivet.lt\/elparduotuve\/produktas\/virbac-veggiedent-kramtukai-dantu-prieziurai-virs-30-kg-n15\/","url":"https:\/\/anivet.lt\/elparduotuve\/produktas\/virbac-veggiedent-kramtukai-dantu-prieziurai-virs-30-kg-n15\/","name":"Virbac VEGGIEDENT kramtukai dant\u0173 prie\u017ei\u016brai vir\u0161 30 kg N15 - anivet.lt","isPartOf":{"@id":"https:\/\/anivet.lt\/elparduotuve\/#website"},"primaryImageOfPage":{"@id":"https:\/\/anivet.lt\/elparduotuve\/produktas\/virbac-veggiedent-kramtukai-dantu-prieziurai-virs-30-kg-n15\/#primaryimage"},"image":{"@id":"https:\/\/anivet.lt\/elparduotuve\/produktas\/virbac-veggiedent-kramtukai-dantu-prieziurai-virs-30-kg-n15\/#primaryimage"},"thumbnailUrl":"https:\/\/anivet.lt\/elparduotuve\/wp-content\/uploads\/2024\/01\/4155.jpg","datePublished":"2024-01-30T09:04:28+00:00","dateModified":"2026-04-29T06:27:06+00:00","description":"\u0160ie augalin\u0117s kilm\u0117s kramtukai yra specialiai sukurti \u0161unims, sveriantiems daugiau nei 30 kg. Jie ne tik padeda pri\u017ei\u016br\u0117ti dantis, bet ir u\u017etikrina gaiv\u0173 kvap\u0105 bei bendr\u0105 burnos sveikat\u0105.","breadcrumb":{"@id":"https:\/\/anivet.lt\/elparduotuve\/produktas\/virbac-veggiedent-kramtukai-dantu-prieziurai-virs-30-kg-n15\/#breadcrumb"},"inLanguage":"lt-LT","potentialAction":[{"@type":"ReadAction","target":["https:\/\/anivet.lt\/elparduotuve\/produktas\/virbac-veggiedent-kramtukai-dantu-prieziurai-virs-30-kg-n15\/"]}]},{"@type":"ImageObject","inLanguage":"lt-LT","@id":"https:\/\/anivet.lt\/elparduotuve\/produktas\/virbac-veggiedent-kramtukai-dantu-prieziurai-virs-30-kg-n15\/#primaryimage","url":"https:\/\/anivet.lt\/elparduotuve\/wp-content\/uploads\/2024\/01\/4155.jpg","contentUrl":"https:\/\/anivet.lt\/elparduotuve\/wp-content\/uploads\/2024\/01\/4155.jpg","width":500,"height":500,"caption":"Virbac VEGGIEDENT kramtukai dant\u0173 prie\u017ei\u016brai vir\u0161 30 kg N15"},{"@type":"BreadcrumbList","@id":"https:\/\/anivet.lt\/elparduotuve\/produktas\/virbac-veggiedent-kramtukai-dantu-prieziurai-virs-30-kg-n15\/#breadcrumb","itemListElement":[{"@type":"ListItem","position":1,"name":"Home","item":"https:\/\/anivet.lt\/elparduotuve\/"},{"@type":"ListItem","position":2,"name":"Produktai","item":"https:\/\/anivet.lt\/elparduotuve\/produktai\/"},{"@type":"ListItem","position":3,"name":"Virbac VEGGIEDENT kramtukai dant\u0173 prie\u017ei\u016brai vir\u0161 30 kg N15"}]},{"@type":"WebSite","@id":"https:\/\/anivet.lt\/elparduotuve\/#website","url":"https:\/\/anivet.lt\/elparduotuve\/","name":"anivet.lt","description":"Viskas J\u016bs\u0173 \u0161uns, kat\u0117s prie\u017ei\u016brai","publisher":{"@id":"https:\/\/anivet.lt\/elparduotuve\/#organization"},"alternateName":"Viskas J\u016bs\u0173 \u0161uns, kat\u0117s prie\u017ei\u016brai","potentialAction":[{"@type":"SearchAction","target":{"@type":"EntryPoint","urlTemplate":"https:\/\/anivet.lt\/elparduotuve\/?s={search_term_string}"},"query-input":{"@type":"PropertyValueSpecification","valueRequired":true,"valueName":"search_term_string"}}],"inLanguage":"lt-LT"},{"@type":"Organization","@id":"https:\/\/anivet.lt\/elparduotuve\/#organization","name":"Viskas J\u016bs\u0173 \u0161uns, kat\u0117s prie\u017ei\u016brai","url":"https:\/\/anivet.lt\/elparduotuve\/","logo":{"@type":"ImageObject","inLanguage":"lt-LT","@id":"https:\/\/anivet.lt\/elparduotuve\/#\/schema\/logo\/image\/","url":"https:\/\/anivet.lt\/elparduotuve\/wp-content\/uploads\/2023\/06\/logo2.jpg","contentUrl":"https:\/\/anivet.lt\/elparduotuve\/wp-content\/uploads\/2023\/06\/logo2.jpg","width":655,"height":194,"caption":"Viskas J\u016bs\u0173 \u0161uns, kat\u0117s prie\u017ei\u016brai"},"image":{"@id":"https:\/\/anivet.lt\/elparduotuve\/#\/schema\/logo\/image\/"}}]}},"_links":{"self":[{"href":"https:\/\/anivet.lt\/elparduotuve\/wp-json\/wp\/v2\/product\/13114","targetHints":{"allow":["GET"]}}],"collection":[{"href":"https:\/\/anivet.lt\/elparduotuve\/wp-json\/wp\/v2\/product"}],"about":[{"href":"https:\/\/anivet.lt\/elparduotuve\/wp-json\/wp\/v2\/types\/product"}],"wp:featuredmedia":[{"embeddable":true,"href":"https:\/\/anivet.lt\/elparduotuve\/wp-json\/wp\/v2\/media\/13116"}],"wp:attachment":[{"href":"https:\/\/anivet.lt\/elparduotuve\/wp-json\/wp\/v2\/media?parent=13114"}],"wp:term":[{"taxonomy":"product_brand","embeddable":true,"href":"https:\/\/anivet.lt\/elparduotuve\/wp-json\/wp\/v2\/product_brand?post=13114"},{"taxonomy":"product_cat","embeddable":true,"href":"https:\/\/anivet.lt\/elparduotuve\/wp-json\/wp\/v2\/product_cat?post=13114"},{"taxonomy":"product_tag","embeddable":true,"href":"https:\/\/anivet.lt\/elparduotuve\/wp-json\/wp\/v2\/product_tag?post=13114"}],"curies":[{"name":"wp","href":"https:\/\/api.w.org\/{rel}","templated":true}]}}