{"id":13124,"date":"2024-01-30T09:48:47","date_gmt":"2024-01-30T09:48:47","guid":{"rendered":"https:\/\/anivet.lt\/elparduotuve\/?post_type=product&#038;p=13124"},"modified":"2026-05-08T13:36:35","modified_gmt":"2026-05-08T13:36:35","slug":"platinum-kramtomosios-lazdeles-su-vistiena-ir-triusiena-300-g","status":"publish","type":"product","link":"https:\/\/anivet.lt\/elparduotuve\/produktas\/platinum-kramtomosios-lazdeles-su-vistiena-ir-triusiena-300-g\/","title":{"rendered":"Platinum kramtomosios lazdel\u0117s su vi\u0161tiena ir triu\u0161iena 300 g"},"content":{"rendered":"<ul>\n<li style=\"font-weight: 400;\" aria-level=\"1\"><span style=\"font-weight: 400;\">Auk\u0161tos kokyb\u0117s ingredientai: Sud\u0117tyje yra 76% \u0161vie\u017eios vi\u0161tienos ir triu\u0161ienos, u\u017etikrinan\u010dios i\u0161skirtin\u012f skon\u012f ir maistingum\u0105.<\/span><\/li>\n<li style=\"font-weight: 400;\" aria-level=\"1\"><span style=\"font-weight: 400;\">Nat\u016bralus gamybos procesas: Virta savo sultyse be prid\u0117tinio vandens, tod\u0117l i\u0161laikomi visi svarbiausi maistiniai elementai.<\/span><\/li>\n<li style=\"font-weight: 400;\" aria-level=\"1\"><span style=\"font-weight: 400;\">Ma\u017eas riebal\u0173 kiekis: Tinkamas ir subalansuotas u\u017ekandis j\u016bs\u0173 augintinio sveikatai.<\/span><\/li>\n<li style=\"font-weight: 400;\" aria-level=\"1\"><span style=\"font-weight: 400;\">Praturtintas \u017eolel\u0117mis ir ekstraktais: Sud\u0117tyje yra \u017ealiosios arbatos, kiaulpieni\u0173, brokoli\u0173 ir kit\u0173 nat\u016brali\u0173 ingredient\u0173, prisidedan\u010di\u0173 prie bendros sveikatos.<\/span><\/li>\n<li style=\"font-weight: 400;\" aria-level=\"1\"><span style=\"font-weight: 400;\">Joki\u0173 dirbtini\u0173 pried\u0173: Be kvapikli\u0173, da\u017eikli\u0173, skonio stiprikli\u0173 ir prid\u0117tinio cukraus.<\/span><\/li>\n<\/ul>\n<p><span style=\"font-weight: 400;\">\u201ePlatinum Fit-Sticks\u201c su vi\u0161tiena ir triu\u0161iena yra ne tik skan\u016bs, bet ir naudingi j\u016bs\u0173 \u0161uns sveikatai. D\u0117l nat\u016brali\u0173 ingredient\u0173, maistingumo ir r\u016bpestingos gamybos \u0161ie skan\u0117stai yra puikus b\u016bdas apdovanoti ar palepinti savo augintin\u012f, i\u0161laikant subalansuot\u0105 jo mityb\u0105.<\/span><\/p>\n","protected":false},"excerpt":{"rendered":"<p><span style=\"font-weight: 400;\">Sveikas ir skanus pasirinkimas j\u016bs\u0173 \u0161uns u\u017ekand\u017eiui. \u0160ios kramtomosios lazdel\u0117s, pagamintos i\u0161 \u0161vie\u017eios vi\u0161tienos ir triu\u0161ienos, yra nat\u016bralus, lengvai vir\u0161kinamas skan\u0117stas, tinkantis apdovanoti j\u016bs\u0173 augintin\u012f.<\/span><\/p>\n","protected":false},"featured_media":13125,"template":"","meta":[],"product_brand":[],"product_cat":[101,103,106,319],"product_tag":[],"class_list":{"0":"post-13124","1":"product","2":"type-product","3":"status-publish","4":"has-post-thumbnail","6":"product_cat-sunims","7":"product_cat-sunu-maistas","8":"product_cat-skanestai","9":"product_cat-platinum-sunu-maistas","10":"pa_prekinis-zenklas-platinum","12":"first","13":"outofstock","14":"taxable","15":"shipping-taxable","16":"purchasable","17":"product-type-simple"},"yoast_head":"<!-- This site is optimized with the Yoast SEO Premium plugin v27.1 (Yoast SEO v27.5) - https:\/\/yoast.com\/product\/yoast-seo-premium-wordpress\/ -->\n<title>Platinum kramtomosios lazdel\u0117s su vi\u0161tiena ir triu\u0161iena 300 g - anivet.lt<\/title>\n<meta name=\"description\" content=\"Sveikas ir skanus pasirinkimas j\u016bs\u0173 \u0161uns u\u017ekand\u017eiui. \u0160ios kramtomosios lazdel\u0117s, pagamintos i\u0161 \u0161vie\u017eios vi\u0161tienos ir triu\u0161ienos, yra nat\u016bralus, lengvai vir\u0161kinamas skan\u0117stas, tinkantis apdovanoti j\u016bs\u0173 augintin\u012f.\" \/>\n<meta name=\"robots\" content=\"index, follow, max-snippet:-1, max-image-preview:large, max-video-preview:-1\" \/>\n<link rel=\"canonical\" href=\"https:\/\/anivet.lt\/elparduotuve\/produktas\/platinum-kramtomosios-lazdeles-su-vistiena-ir-triusiena-300-g\/\" \/>\n<meta property=\"og:locale\" content=\"lt_LT\" \/>\n<meta property=\"og:type\" content=\"article\" \/>\n<meta property=\"og:title\" content=\"Platinum kramtomosios lazdel\u0117s su vi\u0161tiena ir triu\u0161iena 300 g\" \/>\n<meta property=\"og:description\" content=\"Sveikas ir skanus pasirinkimas j\u016bs\u0173 \u0161uns u\u017ekand\u017eiui. \u0160ios kramtomosios lazdel\u0117s, pagamintos i\u0161 \u0161vie\u017eios vi\u0161tienos ir triu\u0161ienos, yra nat\u016bralus, lengvai vir\u0161kinamas skan\u0117stas, tinkantis apdovanoti j\u016bs\u0173 augintin\u012f.\" \/>\n<meta property=\"og:url\" content=\"https:\/\/anivet.lt\/elparduotuve\/produktas\/platinum-kramtomosios-lazdeles-su-vistiena-ir-triusiena-300-g\/\" \/>\n<meta property=\"og:site_name\" content=\"anivet.lt\" \/>\n<meta property=\"article:modified_time\" content=\"2026-05-08T13:36:35+00:00\" \/>\n<meta property=\"og:image\" content=\"https:\/\/anivet.lt\/elparduotuve\/wp-content\/uploads\/2024\/01\/Platinum-kramtomosios-lazdeles-su-vistiena-ir-triusiena-300-g.png\" \/>\n\t<meta property=\"og:image:width\" content=\"1266\" \/>\n\t<meta property=\"og:image:height\" content=\"1266\" \/>\n\t<meta property=\"og:image:type\" content=\"image\/png\" \/>\n<meta name=\"twitter:card\" content=\"summary_large_image\" \/>\n<meta name=\"twitter:label1\" content=\"Est. reading time\" \/>\n\t<meta name=\"twitter:data1\" content=\"1 minut\u0117\" \/>\n<script type=\"application\/ld+json\" class=\"yoast-schema-graph\">{\"@context\":\"https:\\\/\\\/schema.org\",\"@graph\":[{\"@type\":\"WebPage\",\"@id\":\"https:\\\/\\\/anivet.lt\\\/elparduotuve\\\/produktas\\\/platinum-kramtomosios-lazdeles-su-vistiena-ir-triusiena-300-g\\\/\",\"url\":\"https:\\\/\\\/anivet.lt\\\/elparduotuve\\\/produktas\\\/platinum-kramtomosios-lazdeles-su-vistiena-ir-triusiena-300-g\\\/\",\"name\":\"Platinum kramtomosios lazdel\u0117s su vi\u0161tiena ir triu\u0161iena 300 g - anivet.lt\",\"isPartOf\":{\"@id\":\"https:\\\/\\\/anivet.lt\\\/elparduotuve\\\/#website\"},\"primaryImageOfPage\":{\"@id\":\"https:\\\/\\\/anivet.lt\\\/elparduotuve\\\/produktas\\\/platinum-kramtomosios-lazdeles-su-vistiena-ir-triusiena-300-g\\\/#primaryimage\"},\"image\":{\"@id\":\"https:\\\/\\\/anivet.lt\\\/elparduotuve\\\/produktas\\\/platinum-kramtomosios-lazdeles-su-vistiena-ir-triusiena-300-g\\\/#primaryimage\"},\"thumbnailUrl\":\"https:\\\/\\\/anivet.lt\\\/elparduotuve\\\/wp-content\\\/uploads\\\/2024\\\/01\\\/Platinum-kramtomosios-lazdeles-su-vistiena-ir-triusiena-300-g.png\",\"datePublished\":\"2024-01-30T09:48:47+00:00\",\"dateModified\":\"2026-05-08T13:36:35+00:00\",\"description\":\"Sveikas ir skanus pasirinkimas j\u016bs\u0173 \u0161uns u\u017ekand\u017eiui. \u0160ios kramtomosios lazdel\u0117s, pagamintos i\u0161 \u0161vie\u017eios vi\u0161tienos ir triu\u0161ienos, yra nat\u016bralus, lengvai vir\u0161kinamas skan\u0117stas, tinkantis apdovanoti j\u016bs\u0173 augintin\u012f.\",\"breadcrumb\":{\"@id\":\"https:\\\/\\\/anivet.lt\\\/elparduotuve\\\/produktas\\\/platinum-kramtomosios-lazdeles-su-vistiena-ir-triusiena-300-g\\\/#breadcrumb\"},\"inLanguage\":\"lt-LT\",\"potentialAction\":[{\"@type\":\"ReadAction\",\"target\":[\"https:\\\/\\\/anivet.lt\\\/elparduotuve\\\/produktas\\\/platinum-kramtomosios-lazdeles-su-vistiena-ir-triusiena-300-g\\\/\"]}]},{\"@type\":\"ImageObject\",\"inLanguage\":\"lt-LT\",\"@id\":\"https:\\\/\\\/anivet.lt\\\/elparduotuve\\\/produktas\\\/platinum-kramtomosios-lazdeles-su-vistiena-ir-triusiena-300-g\\\/#primaryimage\",\"url\":\"https:\\\/\\\/anivet.lt\\\/elparduotuve\\\/wp-content\\\/uploads\\\/2024\\\/01\\\/Platinum-kramtomosios-lazdeles-su-vistiena-ir-triusiena-300-g.png\",\"contentUrl\":\"https:\\\/\\\/anivet.lt\\\/elparduotuve\\\/wp-content\\\/uploads\\\/2024\\\/01\\\/Platinum-kramtomosios-lazdeles-su-vistiena-ir-triusiena-300-g.png\",\"width\":1266,\"height\":1266,\"caption\":\"Platinum kramtomosios lazdel\u0117s su vi\u0161tiena ir triu\u0161iena 300 g\"},{\"@type\":\"BreadcrumbList\",\"@id\":\"https:\\\/\\\/anivet.lt\\\/elparduotuve\\\/produktas\\\/platinum-kramtomosios-lazdeles-su-vistiena-ir-triusiena-300-g\\\/#breadcrumb\",\"itemListElement\":[{\"@type\":\"ListItem\",\"position\":1,\"name\":\"Home\",\"item\":\"https:\\\/\\\/anivet.lt\\\/elparduotuve\\\/\"},{\"@type\":\"ListItem\",\"position\":2,\"name\":\"Produktai\",\"item\":\"https:\\\/\\\/anivet.lt\\\/elparduotuve\\\/produktai\\\/\"},{\"@type\":\"ListItem\",\"position\":3,\"name\":\"Platinum kramtomosios lazdel\u0117s su vi\u0161tiena ir triu\u0161iena 300 g\"}]},{\"@type\":\"WebSite\",\"@id\":\"https:\\\/\\\/anivet.lt\\\/elparduotuve\\\/#website\",\"url\":\"https:\\\/\\\/anivet.lt\\\/elparduotuve\\\/\",\"name\":\"anivet.lt\",\"description\":\"Viskas J\u016bs\u0173 \u0161uns, kat\u0117s prie\u017ei\u016brai\",\"publisher\":{\"@id\":\"https:\\\/\\\/anivet.lt\\\/elparduotuve\\\/#organization\"},\"alternateName\":\"Viskas J\u016bs\u0173 \u0161uns, kat\u0117s prie\u017ei\u016brai\",\"potentialAction\":[{\"@type\":\"SearchAction\",\"target\":{\"@type\":\"EntryPoint\",\"urlTemplate\":\"https:\\\/\\\/anivet.lt\\\/elparduotuve\\\/?s={search_term_string}\"},\"query-input\":{\"@type\":\"PropertyValueSpecification\",\"valueRequired\":true,\"valueName\":\"search_term_string\"}}],\"inLanguage\":\"lt-LT\"},{\"@type\":\"Organization\",\"@id\":\"https:\\\/\\\/anivet.lt\\\/elparduotuve\\\/#organization\",\"name\":\"Viskas J\u016bs\u0173 \u0161uns, kat\u0117s prie\u017ei\u016brai\",\"url\":\"https:\\\/\\\/anivet.lt\\\/elparduotuve\\\/\",\"logo\":{\"@type\":\"ImageObject\",\"inLanguage\":\"lt-LT\",\"@id\":\"https:\\\/\\\/anivet.lt\\\/elparduotuve\\\/#\\\/schema\\\/logo\\\/image\\\/\",\"url\":\"https:\\\/\\\/anivet.lt\\\/elparduotuve\\\/wp-content\\\/uploads\\\/2023\\\/06\\\/logo2.jpg\",\"contentUrl\":\"https:\\\/\\\/anivet.lt\\\/elparduotuve\\\/wp-content\\\/uploads\\\/2023\\\/06\\\/logo2.jpg\",\"width\":655,\"height\":194,\"caption\":\"Viskas J\u016bs\u0173 \u0161uns, kat\u0117s prie\u017ei\u016brai\"},\"image\":{\"@id\":\"https:\\\/\\\/anivet.lt\\\/elparduotuve\\\/#\\\/schema\\\/logo\\\/image\\\/\"}}]}<\/script>\n<!-- \/ Yoast SEO Premium plugin. -->","yoast_head_json":{"title":"Platinum kramtomosios lazdel\u0117s su vi\u0161tiena ir triu\u0161iena 300 g - anivet.lt","description":"Sveikas ir skanus pasirinkimas j\u016bs\u0173 \u0161uns u\u017ekand\u017eiui. \u0160ios kramtomosios lazdel\u0117s, pagamintos i\u0161 \u0161vie\u017eios vi\u0161tienos ir triu\u0161ienos, yra nat\u016bralus, lengvai vir\u0161kinamas skan\u0117stas, tinkantis apdovanoti j\u016bs\u0173 augintin\u012f.","robots":{"index":"index","follow":"follow","max-snippet":"max-snippet:-1","max-image-preview":"max-image-preview:large","max-video-preview":"max-video-preview:-1"},"canonical":"https:\/\/anivet.lt\/elparduotuve\/produktas\/platinum-kramtomosios-lazdeles-su-vistiena-ir-triusiena-300-g\/","og_locale":"lt_LT","og_type":"article","og_title":"Platinum kramtomosios lazdel\u0117s su vi\u0161tiena ir triu\u0161iena 300 g","og_description":"Sveikas ir skanus pasirinkimas j\u016bs\u0173 \u0161uns u\u017ekand\u017eiui. \u0160ios kramtomosios lazdel\u0117s, pagamintos i\u0161 \u0161vie\u017eios vi\u0161tienos ir triu\u0161ienos, yra nat\u016bralus, lengvai vir\u0161kinamas skan\u0117stas, tinkantis apdovanoti j\u016bs\u0173 augintin\u012f.","og_url":"https:\/\/anivet.lt\/elparduotuve\/produktas\/platinum-kramtomosios-lazdeles-su-vistiena-ir-triusiena-300-g\/","og_site_name":"anivet.lt","article_modified_time":"2026-05-08T13:36:35+00:00","og_image":[{"width":1266,"height":1266,"url":"https:\/\/anivet.lt\/elparduotuve\/wp-content\/uploads\/2024\/01\/Platinum-kramtomosios-lazdeles-su-vistiena-ir-triusiena-300-g.png","type":"image\/png"}],"twitter_card":"summary_large_image","twitter_misc":{"Est. reading time":"1 minut\u0117"},"schema":{"@context":"https:\/\/schema.org","@graph":[{"@type":"WebPage","@id":"https:\/\/anivet.lt\/elparduotuve\/produktas\/platinum-kramtomosios-lazdeles-su-vistiena-ir-triusiena-300-g\/","url":"https:\/\/anivet.lt\/elparduotuve\/produktas\/platinum-kramtomosios-lazdeles-su-vistiena-ir-triusiena-300-g\/","name":"Platinum kramtomosios lazdel\u0117s su vi\u0161tiena ir triu\u0161iena 300 g - anivet.lt","isPartOf":{"@id":"https:\/\/anivet.lt\/elparduotuve\/#website"},"primaryImageOfPage":{"@id":"https:\/\/anivet.lt\/elparduotuve\/produktas\/platinum-kramtomosios-lazdeles-su-vistiena-ir-triusiena-300-g\/#primaryimage"},"image":{"@id":"https:\/\/anivet.lt\/elparduotuve\/produktas\/platinum-kramtomosios-lazdeles-su-vistiena-ir-triusiena-300-g\/#primaryimage"},"thumbnailUrl":"https:\/\/anivet.lt\/elparduotuve\/wp-content\/uploads\/2024\/01\/Platinum-kramtomosios-lazdeles-su-vistiena-ir-triusiena-300-g.png","datePublished":"2024-01-30T09:48:47+00:00","dateModified":"2026-05-08T13:36:35+00:00","description":"Sveikas ir skanus pasirinkimas j\u016bs\u0173 \u0161uns u\u017ekand\u017eiui. \u0160ios kramtomosios lazdel\u0117s, pagamintos i\u0161 \u0161vie\u017eios vi\u0161tienos ir triu\u0161ienos, yra nat\u016bralus, lengvai vir\u0161kinamas skan\u0117stas, tinkantis apdovanoti j\u016bs\u0173 augintin\u012f.","breadcrumb":{"@id":"https:\/\/anivet.lt\/elparduotuve\/produktas\/platinum-kramtomosios-lazdeles-su-vistiena-ir-triusiena-300-g\/#breadcrumb"},"inLanguage":"lt-LT","potentialAction":[{"@type":"ReadAction","target":["https:\/\/anivet.lt\/elparduotuve\/produktas\/platinum-kramtomosios-lazdeles-su-vistiena-ir-triusiena-300-g\/"]}]},{"@type":"ImageObject","inLanguage":"lt-LT","@id":"https:\/\/anivet.lt\/elparduotuve\/produktas\/platinum-kramtomosios-lazdeles-su-vistiena-ir-triusiena-300-g\/#primaryimage","url":"https:\/\/anivet.lt\/elparduotuve\/wp-content\/uploads\/2024\/01\/Platinum-kramtomosios-lazdeles-su-vistiena-ir-triusiena-300-g.png","contentUrl":"https:\/\/anivet.lt\/elparduotuve\/wp-content\/uploads\/2024\/01\/Platinum-kramtomosios-lazdeles-su-vistiena-ir-triusiena-300-g.png","width":1266,"height":1266,"caption":"Platinum kramtomosios lazdel\u0117s su vi\u0161tiena ir triu\u0161iena 300 g"},{"@type":"BreadcrumbList","@id":"https:\/\/anivet.lt\/elparduotuve\/produktas\/platinum-kramtomosios-lazdeles-su-vistiena-ir-triusiena-300-g\/#breadcrumb","itemListElement":[{"@type":"ListItem","position":1,"name":"Home","item":"https:\/\/anivet.lt\/elparduotuve\/"},{"@type":"ListItem","position":2,"name":"Produktai","item":"https:\/\/anivet.lt\/elparduotuve\/produktai\/"},{"@type":"ListItem","position":3,"name":"Platinum kramtomosios lazdel\u0117s su vi\u0161tiena ir triu\u0161iena 300 g"}]},{"@type":"WebSite","@id":"https:\/\/anivet.lt\/elparduotuve\/#website","url":"https:\/\/anivet.lt\/elparduotuve\/","name":"anivet.lt","description":"Viskas J\u016bs\u0173 \u0161uns, kat\u0117s prie\u017ei\u016brai","publisher":{"@id":"https:\/\/anivet.lt\/elparduotuve\/#organization"},"alternateName":"Viskas J\u016bs\u0173 \u0161uns, kat\u0117s prie\u017ei\u016brai","potentialAction":[{"@type":"SearchAction","target":{"@type":"EntryPoint","urlTemplate":"https:\/\/anivet.lt\/elparduotuve\/?s={search_term_string}"},"query-input":{"@type":"PropertyValueSpecification","valueRequired":true,"valueName":"search_term_string"}}],"inLanguage":"lt-LT"},{"@type":"Organization","@id":"https:\/\/anivet.lt\/elparduotuve\/#organization","name":"Viskas J\u016bs\u0173 \u0161uns, kat\u0117s prie\u017ei\u016brai","url":"https:\/\/anivet.lt\/elparduotuve\/","logo":{"@type":"ImageObject","inLanguage":"lt-LT","@id":"https:\/\/anivet.lt\/elparduotuve\/#\/schema\/logo\/image\/","url":"https:\/\/anivet.lt\/elparduotuve\/wp-content\/uploads\/2023\/06\/logo2.jpg","contentUrl":"https:\/\/anivet.lt\/elparduotuve\/wp-content\/uploads\/2023\/06\/logo2.jpg","width":655,"height":194,"caption":"Viskas J\u016bs\u0173 \u0161uns, kat\u0117s prie\u017ei\u016brai"},"image":{"@id":"https:\/\/anivet.lt\/elparduotuve\/#\/schema\/logo\/image\/"}}]}},"_links":{"self":[{"href":"https:\/\/anivet.lt\/elparduotuve\/wp-json\/wp\/v2\/product\/13124","targetHints":{"allow":["GET"]}}],"collection":[{"href":"https:\/\/anivet.lt\/elparduotuve\/wp-json\/wp\/v2\/product"}],"about":[{"href":"https:\/\/anivet.lt\/elparduotuve\/wp-json\/wp\/v2\/types\/product"}],"wp:featuredmedia":[{"embeddable":true,"href":"https:\/\/anivet.lt\/elparduotuve\/wp-json\/wp\/v2\/media\/13125"}],"wp:attachment":[{"href":"https:\/\/anivet.lt\/elparduotuve\/wp-json\/wp\/v2\/media?parent=13124"}],"wp:term":[{"taxonomy":"product_brand","embeddable":true,"href":"https:\/\/anivet.lt\/elparduotuve\/wp-json\/wp\/v2\/product_brand?post=13124"},{"taxonomy":"product_cat","embeddable":true,"href":"https:\/\/anivet.lt\/elparduotuve\/wp-json\/wp\/v2\/product_cat?post=13124"},{"taxonomy":"product_tag","embeddable":true,"href":"https:\/\/anivet.lt\/elparduotuve\/wp-json\/wp\/v2\/product_tag?post=13124"}],"curies":[{"name":"wp","href":"https:\/\/api.w.org\/{rel}","templated":true}]}}