{"id":13127,"date":"2024-01-30T10:31:27","date_gmt":"2024-01-30T10:31:27","guid":{"rendered":"https:\/\/anivet.lt\/elparduotuve\/?post_type=product&#038;p=13127"},"modified":"2025-05-27T13:31:48","modified_gmt":"2025-05-27T13:31:48","slug":"virbac-megaderm-aliejus-250-ml","status":"publish","type":"product","link":"https:\/\/anivet.lt\/elparduotuve\/produktas\/virbac-megaderm-aliejus-250-ml\/","title":{"rendered":"Virbac Megaderm Aliejus 250 ml"},"content":{"rendered":"<p><span style=\"font-weight: 400;\">\u0160is auk\u0161tos kokyb\u0117s \u0117dalo papildas padeda palaikyti sveik\u0105 odos funkcij\u0105, reguliuoja keratinizacij\u0105 ir apsaugo nuo plauk\u0173 i\u0161ret\u0117jimo. Sukurtas r\u016bpintis j\u016bs\u0173 augintinio oda ir kailiu, net esant odos ligoms ar alergijoms.<\/span><\/p>\n<ul>\n<li style=\"font-weight: 400;\" aria-level=\"1\"><span style=\"font-weight: 400;\">Stimuliuoja odos funkcijas: Padeda palaikyti sveik\u0105 od\u0105 esant odos ligoms ar sudirgimams.<\/span><\/li>\n<li style=\"font-weight: 400;\" aria-level=\"1\"><span style=\"font-weight: 400;\">Reguliuoja keratinizacij\u0105: Padeda atkurti odos vientisum\u0105 ir palaiko jos sveik\u0105 b\u016bkl\u0119.<\/span><\/li>\n<li style=\"font-weight: 400;\" aria-level=\"1\"><span style=\"font-weight: 400;\">Apsaugo nuo plauk\u0173 i\u0161ret\u0117jimo: Suma\u017eina plauk\u0173 slinkim\u0105 ir palaiko kailio tankum\u0105.<\/span><\/li>\n<li style=\"font-weight: 400;\" aria-level=\"1\"><span style=\"font-weight: 400;\">Prie\u0161u\u017edegiminis poveikis: Riebal\u0173 r\u016bg\u0161\u010di\u0173 (\u03c96 + \u03c93) santykis 5:1 sustiprina odos sveikat\u0105 ir ma\u017eina u\u017edegimus.<\/span><\/li>\n<li style=\"font-weight: 400;\" aria-level=\"1\"><span style=\"font-weight: 400;\">Lengvai pasisavinamas: Sud\u0117tyje esantys komponentai greitai ir efektyviai \u012fsisavinami organizmo.<\/span><\/li>\n<\/ul>\n<p><span style=\"font-weight: 400;\">\u201eVirbac Megaderm\u201d aliejus yra puikus sprendimas \u0161unims ir kat\u0117ms, ken\u010diantiems nuo odos lig\u0173, alergij\u0173 ar plauk\u0173 slinkimo. Jo unikali formul\u0117 padeda palaikyti sveik\u0105 od\u0105, blizgant\u012f kail\u012f ir u\u017etikrina bendr\u0105 gyv\u016bno gerov\u0119.<\/span><\/p>\n","protected":false},"excerpt":{"rendered":"<p>\u0160is auk\u0161tos kokyb\u0117s \u0117dalo papildas padeda palaikyti sveik\u0105 odos funkcij\u0105, reguliuoja keratinizacij\u0105 ir apsaugo nuo plauk\u0173 i\u0161ret\u0117jimo. Sukurtas r\u016bpintis j\u016bs\u0173<\/p>\n","protected":false},"featured_media":15373,"template":"","meta":[],"product_brand":[],"product_cat":[101,102,113,124],"product_tag":[],"class_list":{"0":"post-13127","1":"product","2":"type-product","3":"status-publish","4":"has-post-thumbnail","6":"product_cat-sunims","7":"product_cat-katems","8":"product_cat-vitaminai-ir-papildai","9":"product_cat-vitaminai-ir-papildai-katems","10":"pa_prekinis-zenklas-virbac","12":"first","13":"instock","14":"taxable","15":"shipping-taxable","16":"purchasable","17":"product-type-simple"},"yoast_head":"<!-- This site is optimized with the Yoast SEO Premium plugin v27.1 (Yoast SEO v27.3) - https:\/\/yoast.com\/product\/yoast-seo-premium-wordpress\/ -->\n<title>Virbac Megaderm Aliejus 250 ml - anivet.lt<\/title>\n<meta name=\"description\" content=\"\u0160is auk\u0161tos kokyb\u0117s \u0117dalo papildas padeda palaikyti sveik\u0105 odos funkcij\u0105, reguliuoja keratinizacij\u0105 ir apsaugo nuo plauk\u0173 i\u0161ret\u0117jimo. Sukurtas r\u016bpintis\" \/>\n<meta name=\"robots\" content=\"index, follow, max-snippet:-1, max-image-preview:large, max-video-preview:-1\" \/>\n<link rel=\"canonical\" href=\"https:\/\/anivet.lt\/elparduotuve\/produktas\/virbac-megaderm-aliejus-250-ml\/\" \/>\n<meta property=\"og:locale\" content=\"lt_LT\" \/>\n<meta property=\"og:type\" content=\"article\" \/>\n<meta property=\"og:title\" content=\"Virbac Megaderm Aliejus 250 ml\" \/>\n<meta property=\"og:description\" content=\"\u0160is auk\u0161tos kokyb\u0117s \u0117dalo papildas padeda palaikyti sveik\u0105 odos funkcij\u0105, reguliuoja keratinizacij\u0105 ir apsaugo nuo plauk\u0173 i\u0161ret\u0117jimo. Sukurtas r\u016bpintis\" \/>\n<meta property=\"og:url\" content=\"https:\/\/anivet.lt\/elparduotuve\/produktas\/virbac-megaderm-aliejus-250-ml\/\" \/>\n<meta property=\"og:site_name\" content=\"anivet.lt\" \/>\n<meta property=\"article:modified_time\" content=\"2025-05-27T13:31:48+00:00\" \/>\n<meta property=\"og:image\" content=\"https:\/\/anivet.lt\/elparduotuve\/wp-content\/uploads\/2024\/01\/Virbac-Megaderm-250ml.jpg\" \/>\n\t<meta property=\"og:image:width\" content=\"900\" \/>\n\t<meta property=\"og:image:height\" content=\"900\" \/>\n\t<meta property=\"og:image:type\" content=\"image\/jpeg\" \/>\n<meta name=\"twitter:card\" content=\"summary_large_image\" \/>\n<meta name=\"twitter:label1\" content=\"Est. reading time\" \/>\n\t<meta name=\"twitter:data1\" content=\"1 minut\u0117\" \/>\n<script type=\"application\/ld+json\" class=\"yoast-schema-graph\">{\"@context\":\"https:\\\/\\\/schema.org\",\"@graph\":[{\"@type\":\"WebPage\",\"@id\":\"https:\\\/\\\/anivet.lt\\\/elparduotuve\\\/produktas\\\/virbac-megaderm-aliejus-250-ml\\\/\",\"url\":\"https:\\\/\\\/anivet.lt\\\/elparduotuve\\\/produktas\\\/virbac-megaderm-aliejus-250-ml\\\/\",\"name\":\"Virbac Megaderm Aliejus 250 ml - anivet.lt\",\"isPartOf\":{\"@id\":\"https:\\\/\\\/anivet.lt\\\/elparduotuve\\\/#website\"},\"primaryImageOfPage\":{\"@id\":\"https:\\\/\\\/anivet.lt\\\/elparduotuve\\\/produktas\\\/virbac-megaderm-aliejus-250-ml\\\/#primaryimage\"},\"image\":{\"@id\":\"https:\\\/\\\/anivet.lt\\\/elparduotuve\\\/produktas\\\/virbac-megaderm-aliejus-250-ml\\\/#primaryimage\"},\"thumbnailUrl\":\"https:\\\/\\\/anivet.lt\\\/elparduotuve\\\/wp-content\\\/uploads\\\/2024\\\/01\\\/Virbac-Megaderm-250ml.jpg\",\"datePublished\":\"2024-01-30T10:31:27+00:00\",\"dateModified\":\"2025-05-27T13:31:48+00:00\",\"description\":\"\u0160is auk\u0161tos kokyb\u0117s \u0117dalo papildas padeda palaikyti sveik\u0105 odos funkcij\u0105, reguliuoja keratinizacij\u0105 ir apsaugo nuo plauk\u0173 i\u0161ret\u0117jimo. Sukurtas r\u016bpintis\",\"breadcrumb\":{\"@id\":\"https:\\\/\\\/anivet.lt\\\/elparduotuve\\\/produktas\\\/virbac-megaderm-aliejus-250-ml\\\/#breadcrumb\"},\"inLanguage\":\"lt-LT\",\"potentialAction\":[{\"@type\":\"ReadAction\",\"target\":[\"https:\\\/\\\/anivet.lt\\\/elparduotuve\\\/produktas\\\/virbac-megaderm-aliejus-250-ml\\\/\"]}]},{\"@type\":\"ImageObject\",\"inLanguage\":\"lt-LT\",\"@id\":\"https:\\\/\\\/anivet.lt\\\/elparduotuve\\\/produktas\\\/virbac-megaderm-aliejus-250-ml\\\/#primaryimage\",\"url\":\"https:\\\/\\\/anivet.lt\\\/elparduotuve\\\/wp-content\\\/uploads\\\/2024\\\/01\\\/Virbac-Megaderm-250ml.jpg\",\"contentUrl\":\"https:\\\/\\\/anivet.lt\\\/elparduotuve\\\/wp-content\\\/uploads\\\/2024\\\/01\\\/Virbac-Megaderm-250ml.jpg\",\"width\":900,\"height\":900,\"caption\":\"Virbac Megaderm Aliejus 250 ml\"},{\"@type\":\"BreadcrumbList\",\"@id\":\"https:\\\/\\\/anivet.lt\\\/elparduotuve\\\/produktas\\\/virbac-megaderm-aliejus-250-ml\\\/#breadcrumb\",\"itemListElement\":[{\"@type\":\"ListItem\",\"position\":1,\"name\":\"Home\",\"item\":\"https:\\\/\\\/anivet.lt\\\/elparduotuve\\\/\"},{\"@type\":\"ListItem\",\"position\":2,\"name\":\"Produktai\",\"item\":\"https:\\\/\\\/anivet.lt\\\/elparduotuve\\\/produktai\\\/\"},{\"@type\":\"ListItem\",\"position\":3,\"name\":\"Virbac Megaderm Aliejus 250 ml\"}]},{\"@type\":\"WebSite\",\"@id\":\"https:\\\/\\\/anivet.lt\\\/elparduotuve\\\/#website\",\"url\":\"https:\\\/\\\/anivet.lt\\\/elparduotuve\\\/\",\"name\":\"anivet.lt\",\"description\":\"Viskas J\u016bs\u0173 \u0161uns, kat\u0117s prie\u017ei\u016brai\",\"publisher\":{\"@id\":\"https:\\\/\\\/anivet.lt\\\/elparduotuve\\\/#organization\"},\"alternateName\":\"Viskas J\u016bs\u0173 \u0161uns, kat\u0117s prie\u017ei\u016brai\",\"potentialAction\":[{\"@type\":\"SearchAction\",\"target\":{\"@type\":\"EntryPoint\",\"urlTemplate\":\"https:\\\/\\\/anivet.lt\\\/elparduotuve\\\/?s={search_term_string}\"},\"query-input\":{\"@type\":\"PropertyValueSpecification\",\"valueRequired\":true,\"valueName\":\"search_term_string\"}}],\"inLanguage\":\"lt-LT\"},{\"@type\":\"Organization\",\"@id\":\"https:\\\/\\\/anivet.lt\\\/elparduotuve\\\/#organization\",\"name\":\"Viskas J\u016bs\u0173 \u0161uns, kat\u0117s prie\u017ei\u016brai\",\"url\":\"https:\\\/\\\/anivet.lt\\\/elparduotuve\\\/\",\"logo\":{\"@type\":\"ImageObject\",\"inLanguage\":\"lt-LT\",\"@id\":\"https:\\\/\\\/anivet.lt\\\/elparduotuve\\\/#\\\/schema\\\/logo\\\/image\\\/\",\"url\":\"https:\\\/\\\/anivet.lt\\\/elparduotuve\\\/wp-content\\\/uploads\\\/2023\\\/06\\\/logo2.jpg\",\"contentUrl\":\"https:\\\/\\\/anivet.lt\\\/elparduotuve\\\/wp-content\\\/uploads\\\/2023\\\/06\\\/logo2.jpg\",\"width\":655,\"height\":194,\"caption\":\"Viskas J\u016bs\u0173 \u0161uns, kat\u0117s prie\u017ei\u016brai\"},\"image\":{\"@id\":\"https:\\\/\\\/anivet.lt\\\/elparduotuve\\\/#\\\/schema\\\/logo\\\/image\\\/\"}}]}<\/script>\n<!-- \/ Yoast SEO Premium plugin. -->","yoast_head_json":{"title":"Virbac Megaderm Aliejus 250 ml - anivet.lt","description":"\u0160is auk\u0161tos kokyb\u0117s \u0117dalo papildas padeda palaikyti sveik\u0105 odos funkcij\u0105, reguliuoja keratinizacij\u0105 ir apsaugo nuo plauk\u0173 i\u0161ret\u0117jimo. Sukurtas r\u016bpintis","robots":{"index":"index","follow":"follow","max-snippet":"max-snippet:-1","max-image-preview":"max-image-preview:large","max-video-preview":"max-video-preview:-1"},"canonical":"https:\/\/anivet.lt\/elparduotuve\/produktas\/virbac-megaderm-aliejus-250-ml\/","og_locale":"lt_LT","og_type":"article","og_title":"Virbac Megaderm Aliejus 250 ml","og_description":"\u0160is auk\u0161tos kokyb\u0117s \u0117dalo papildas padeda palaikyti sveik\u0105 odos funkcij\u0105, reguliuoja keratinizacij\u0105 ir apsaugo nuo plauk\u0173 i\u0161ret\u0117jimo. Sukurtas r\u016bpintis","og_url":"https:\/\/anivet.lt\/elparduotuve\/produktas\/virbac-megaderm-aliejus-250-ml\/","og_site_name":"anivet.lt","article_modified_time":"2025-05-27T13:31:48+00:00","og_image":[{"width":900,"height":900,"url":"https:\/\/anivet.lt\/elparduotuve\/wp-content\/uploads\/2024\/01\/Virbac-Megaderm-250ml.jpg","type":"image\/jpeg"}],"twitter_card":"summary_large_image","twitter_misc":{"Est. reading time":"1 minut\u0117"},"schema":{"@context":"https:\/\/schema.org","@graph":[{"@type":"WebPage","@id":"https:\/\/anivet.lt\/elparduotuve\/produktas\/virbac-megaderm-aliejus-250-ml\/","url":"https:\/\/anivet.lt\/elparduotuve\/produktas\/virbac-megaderm-aliejus-250-ml\/","name":"Virbac Megaderm Aliejus 250 ml - anivet.lt","isPartOf":{"@id":"https:\/\/anivet.lt\/elparduotuve\/#website"},"primaryImageOfPage":{"@id":"https:\/\/anivet.lt\/elparduotuve\/produktas\/virbac-megaderm-aliejus-250-ml\/#primaryimage"},"image":{"@id":"https:\/\/anivet.lt\/elparduotuve\/produktas\/virbac-megaderm-aliejus-250-ml\/#primaryimage"},"thumbnailUrl":"https:\/\/anivet.lt\/elparduotuve\/wp-content\/uploads\/2024\/01\/Virbac-Megaderm-250ml.jpg","datePublished":"2024-01-30T10:31:27+00:00","dateModified":"2025-05-27T13:31:48+00:00","description":"\u0160is auk\u0161tos kokyb\u0117s \u0117dalo papildas padeda palaikyti sveik\u0105 odos funkcij\u0105, reguliuoja keratinizacij\u0105 ir apsaugo nuo plauk\u0173 i\u0161ret\u0117jimo. Sukurtas r\u016bpintis","breadcrumb":{"@id":"https:\/\/anivet.lt\/elparduotuve\/produktas\/virbac-megaderm-aliejus-250-ml\/#breadcrumb"},"inLanguage":"lt-LT","potentialAction":[{"@type":"ReadAction","target":["https:\/\/anivet.lt\/elparduotuve\/produktas\/virbac-megaderm-aliejus-250-ml\/"]}]},{"@type":"ImageObject","inLanguage":"lt-LT","@id":"https:\/\/anivet.lt\/elparduotuve\/produktas\/virbac-megaderm-aliejus-250-ml\/#primaryimage","url":"https:\/\/anivet.lt\/elparduotuve\/wp-content\/uploads\/2024\/01\/Virbac-Megaderm-250ml.jpg","contentUrl":"https:\/\/anivet.lt\/elparduotuve\/wp-content\/uploads\/2024\/01\/Virbac-Megaderm-250ml.jpg","width":900,"height":900,"caption":"Virbac Megaderm Aliejus 250 ml"},{"@type":"BreadcrumbList","@id":"https:\/\/anivet.lt\/elparduotuve\/produktas\/virbac-megaderm-aliejus-250-ml\/#breadcrumb","itemListElement":[{"@type":"ListItem","position":1,"name":"Home","item":"https:\/\/anivet.lt\/elparduotuve\/"},{"@type":"ListItem","position":2,"name":"Produktai","item":"https:\/\/anivet.lt\/elparduotuve\/produktai\/"},{"@type":"ListItem","position":3,"name":"Virbac Megaderm Aliejus 250 ml"}]},{"@type":"WebSite","@id":"https:\/\/anivet.lt\/elparduotuve\/#website","url":"https:\/\/anivet.lt\/elparduotuve\/","name":"anivet.lt","description":"Viskas J\u016bs\u0173 \u0161uns, kat\u0117s prie\u017ei\u016brai","publisher":{"@id":"https:\/\/anivet.lt\/elparduotuve\/#organization"},"alternateName":"Viskas J\u016bs\u0173 \u0161uns, kat\u0117s prie\u017ei\u016brai","potentialAction":[{"@type":"SearchAction","target":{"@type":"EntryPoint","urlTemplate":"https:\/\/anivet.lt\/elparduotuve\/?s={search_term_string}"},"query-input":{"@type":"PropertyValueSpecification","valueRequired":true,"valueName":"search_term_string"}}],"inLanguage":"lt-LT"},{"@type":"Organization","@id":"https:\/\/anivet.lt\/elparduotuve\/#organization","name":"Viskas J\u016bs\u0173 \u0161uns, kat\u0117s prie\u017ei\u016brai","url":"https:\/\/anivet.lt\/elparduotuve\/","logo":{"@type":"ImageObject","inLanguage":"lt-LT","@id":"https:\/\/anivet.lt\/elparduotuve\/#\/schema\/logo\/image\/","url":"https:\/\/anivet.lt\/elparduotuve\/wp-content\/uploads\/2023\/06\/logo2.jpg","contentUrl":"https:\/\/anivet.lt\/elparduotuve\/wp-content\/uploads\/2023\/06\/logo2.jpg","width":655,"height":194,"caption":"Viskas J\u016bs\u0173 \u0161uns, kat\u0117s prie\u017ei\u016brai"},"image":{"@id":"https:\/\/anivet.lt\/elparduotuve\/#\/schema\/logo\/image\/"}}]}},"_links":{"self":[{"href":"https:\/\/anivet.lt\/elparduotuve\/wp-json\/wp\/v2\/product\/13127","targetHints":{"allow":["GET"]}}],"collection":[{"href":"https:\/\/anivet.lt\/elparduotuve\/wp-json\/wp\/v2\/product"}],"about":[{"href":"https:\/\/anivet.lt\/elparduotuve\/wp-json\/wp\/v2\/types\/product"}],"wp:featuredmedia":[{"embeddable":true,"href":"https:\/\/anivet.lt\/elparduotuve\/wp-json\/wp\/v2\/media\/15373"}],"wp:attachment":[{"href":"https:\/\/anivet.lt\/elparduotuve\/wp-json\/wp\/v2\/media?parent=13127"}],"wp:term":[{"taxonomy":"product_brand","embeddable":true,"href":"https:\/\/anivet.lt\/elparduotuve\/wp-json\/wp\/v2\/product_brand?post=13127"},{"taxonomy":"product_cat","embeddable":true,"href":"https:\/\/anivet.lt\/elparduotuve\/wp-json\/wp\/v2\/product_cat?post=13127"},{"taxonomy":"product_tag","embeddable":true,"href":"https:\/\/anivet.lt\/elparduotuve\/wp-json\/wp\/v2\/product_tag?post=13127"}],"curies":[{"name":"wp","href":"https:\/\/api.w.org\/{rel}","templated":true}]}}