{"id":13129,"date":"2024-01-30T10:42:23","date_gmt":"2024-01-30T10:42:23","guid":{"rendered":"https:\/\/anivet.lt\/elparduotuve\/?post_type=product&#038;p=13129"},"modified":"2026-04-06T08:08:44","modified_gmt":"2026-04-06T08:08:44","slug":"virbac-vet-aquadent-250-ml","status":"publish","type":"product","link":"https:\/\/anivet.lt\/elparduotuve\/produktas\/virbac-vet-aquadent-250-ml\/","title":{"rendered":"Virbac Vet Aquadent 250 ml"},"content":{"rendered":"<ul>\n<li style=\"font-weight: 400;\" aria-level=\"1\"><span style=\"font-weight: 400;\">Efektyvi apna\u0161\u0173 prevencija: Glicerinas ir eritritolis padeda sumink\u0161tinti ir suma\u017einti dant\u0173 apna\u0161as.<\/span><\/li>\n<li style=\"font-weight: 400;\" aria-level=\"1\"><span style=\"font-weight: 400;\">Neutralizuoja blog\u0105 kvap\u0105: M\u0117tos aromatin\u0117 med\u017eiaga u\u017etikrina gaiv\u0173 kvap\u0105.<\/span><\/li>\n<li style=\"font-weight: 400;\" aria-level=\"1\"><span style=\"font-weight: 400;\">Nat\u016brali apsauga: Granat\u0173 ekstraktas veikia kaip antioksidantas, ma\u017einantis gingivito rizik\u0105 ir mikrob\u0173 kaupim\u0105si.<\/span><\/li>\n<li style=\"font-weight: 400;\" aria-level=\"1\"><span style=\"font-weight: 400;\">Prebiotin\u0117 nauda: Inulinas palaiko \u017earnyno mikrofloros balans\u0105, pad\u0117damas i\u0161vengti vir\u0161kinimo problem\u0173.<\/span><\/li>\n<li style=\"font-weight: 400;\" aria-level=\"1\"><span style=\"font-weight: 400;\">Lengva naudoti: Tiesiog \u012fpilkite \u012f augintinio geriam\u0105j\u012f vanden\u012f.<\/span><\/li>\n<\/ul>\n<p><span style=\"font-weight: 400;\">Ne tik padeda palaikyti dant\u0173 sveikat\u0105, bet ir aktyviai kovoja su blogu kvapu, u\u017etikrina burnos higien\u0105 bei ma\u017eina danten\u0173 u\u017edegimo rizik\u0105. Sud\u0117tyje esantys nat\u016bral\u016bs ingredientai, tokie kaip granat\u0173 ekstraktas ir inulinas, u\u017etikrina \u0161velni\u0105 ir efektyvi\u0105 prie\u017ei\u016br\u0105. \u0160is produktas yra patogus naudoti kasdieniam \u0161un\u0173 ir ka\u010di\u0173 burnos higienos palaikymui.<\/span><\/p>\n","protected":false},"excerpt":{"rendered":"<p><span style=\"font-weight: 400;\">Specialiai sukurtas skystis, padedantis palaikyti tinkam\u0105 \u0161un\u0173 ir ka\u010di\u0173 burnos higien\u0105. Jo unikali sud\u0117tis padeda suma\u017einti dant\u0173 apna\u0161as, neutralizuoti blog\u0105 kvap\u0105 i\u0161 nasr\u0173 ir palaikyti burnos sveikat\u0105.<\/span><\/p>\n","protected":false},"featured_media":13130,"template":"","meta":[],"product_brand":[],"product_cat":[101,102,112,123],"product_tag":[],"class_list":{"0":"post-13129","1":"product","2":"type-product","3":"status-publish","4":"has-post-thumbnail","6":"product_cat-sunims","7":"product_cat-katems","8":"product_cat-dantu-ir-burnos-higiena","9":"product_cat-dantu-ir-burnos-higiena-prieziuros-priemones-katems","11":"first","12":"instock","13":"sale","14":"taxable","15":"shipping-taxable","16":"purchasable","17":"product-type-simple"},"yoast_head":"<!-- This site is optimized with the Yoast SEO Premium plugin v27.1 (Yoast SEO v27.3) - https:\/\/yoast.com\/product\/yoast-seo-premium-wordpress\/ -->\n<title>Virbac Vet Aquadent 250 ml - anivet.lt<\/title>\n<meta name=\"description\" content=\"Specialiai sukurtas skystis, padedantis palaikyti tinkam\u0105 \u0161un\u0173 ir ka\u010di\u0173 burnos higien\u0105. Jo unikali sud\u0117tis padeda suma\u017einti dant\u0173 apna\u0161as, neutralizuoti blog\u0105 kvap\u0105 i\u0161 nasr\u0173 ir palaikyti burnos sveikat\u0105.\" \/>\n<meta name=\"robots\" content=\"index, follow, max-snippet:-1, max-image-preview:large, max-video-preview:-1\" \/>\n<link rel=\"canonical\" href=\"https:\/\/anivet.lt\/elparduotuve\/produktas\/virbac-vet-aquadent-250-ml\/\" \/>\n<meta property=\"og:locale\" content=\"lt_LT\" \/>\n<meta property=\"og:type\" content=\"article\" \/>\n<meta property=\"og:title\" content=\"Virbac Vet Aquadent 250 ml\" \/>\n<meta property=\"og:description\" content=\"Specialiai sukurtas skystis, padedantis palaikyti tinkam\u0105 \u0161un\u0173 ir ka\u010di\u0173 burnos higien\u0105. Jo unikali sud\u0117tis padeda suma\u017einti dant\u0173 apna\u0161as, neutralizuoti blog\u0105 kvap\u0105 i\u0161 nasr\u0173 ir palaikyti burnos sveikat\u0105.\" \/>\n<meta property=\"og:url\" content=\"https:\/\/anivet.lt\/elparduotuve\/produktas\/virbac-vet-aquadent-250-ml\/\" \/>\n<meta property=\"og:site_name\" content=\"anivet.lt\" \/>\n<meta property=\"article:modified_time\" content=\"2026-04-06T08:08:44+00:00\" \/>\n<meta property=\"og:image\" content=\"https:\/\/anivet.lt\/elparduotuve\/wp-content\/uploads\/2024\/01\/eyJ3IjoyMDQ4LCJoIjoyMDQ4LCJzY29wZSI6ImFwcCJ9-1-aquadent.webp\" \/>\n\t<meta property=\"og:image:width\" content=\"2048\" \/>\n\t<meta property=\"og:image:height\" content=\"2048\" \/>\n\t<meta property=\"og:image:type\" content=\"image\/webp\" \/>\n<meta name=\"twitter:card\" content=\"summary_large_image\" \/>\n<meta name=\"twitter:label1\" content=\"Est. reading time\" \/>\n\t<meta name=\"twitter:data1\" content=\"1 minut\u0117\" \/>\n<script type=\"application\/ld+json\" class=\"yoast-schema-graph\">{\"@context\":\"https:\\\/\\\/schema.org\",\"@graph\":[{\"@type\":\"WebPage\",\"@id\":\"https:\\\/\\\/anivet.lt\\\/elparduotuve\\\/produktas\\\/virbac-vet-aquadent-250-ml\\\/\",\"url\":\"https:\\\/\\\/anivet.lt\\\/elparduotuve\\\/produktas\\\/virbac-vet-aquadent-250-ml\\\/\",\"name\":\"Virbac Vet Aquadent 250 ml - anivet.lt\",\"isPartOf\":{\"@id\":\"https:\\\/\\\/anivet.lt\\\/elparduotuve\\\/#website\"},\"primaryImageOfPage\":{\"@id\":\"https:\\\/\\\/anivet.lt\\\/elparduotuve\\\/produktas\\\/virbac-vet-aquadent-250-ml\\\/#primaryimage\"},\"image\":{\"@id\":\"https:\\\/\\\/anivet.lt\\\/elparduotuve\\\/produktas\\\/virbac-vet-aquadent-250-ml\\\/#primaryimage\"},\"thumbnailUrl\":\"https:\\\/\\\/anivet.lt\\\/elparduotuve\\\/wp-content\\\/uploads\\\/2024\\\/01\\\/eyJ3IjoyMDQ4LCJoIjoyMDQ4LCJzY29wZSI6ImFwcCJ9-1-aquadent.webp\",\"datePublished\":\"2024-01-30T10:42:23+00:00\",\"dateModified\":\"2026-04-06T08:08:44+00:00\",\"description\":\"Specialiai sukurtas skystis, padedantis palaikyti tinkam\u0105 \u0161un\u0173 ir ka\u010di\u0173 burnos higien\u0105. Jo unikali sud\u0117tis padeda suma\u017einti dant\u0173 apna\u0161as, neutralizuoti blog\u0105 kvap\u0105 i\u0161 nasr\u0173 ir palaikyti burnos sveikat\u0105.\",\"breadcrumb\":{\"@id\":\"https:\\\/\\\/anivet.lt\\\/elparduotuve\\\/produktas\\\/virbac-vet-aquadent-250-ml\\\/#breadcrumb\"},\"inLanguage\":\"lt-LT\",\"potentialAction\":[{\"@type\":\"ReadAction\",\"target\":[\"https:\\\/\\\/anivet.lt\\\/elparduotuve\\\/produktas\\\/virbac-vet-aquadent-250-ml\\\/\"]}]},{\"@type\":\"ImageObject\",\"inLanguage\":\"lt-LT\",\"@id\":\"https:\\\/\\\/anivet.lt\\\/elparduotuve\\\/produktas\\\/virbac-vet-aquadent-250-ml\\\/#primaryimage\",\"url\":\"https:\\\/\\\/anivet.lt\\\/elparduotuve\\\/wp-content\\\/uploads\\\/2024\\\/01\\\/eyJ3IjoyMDQ4LCJoIjoyMDQ4LCJzY29wZSI6ImFwcCJ9-1-aquadent.webp\",\"contentUrl\":\"https:\\\/\\\/anivet.lt\\\/elparduotuve\\\/wp-content\\\/uploads\\\/2024\\\/01\\\/eyJ3IjoyMDQ4LCJoIjoyMDQ4LCJzY29wZSI6ImFwcCJ9-1-aquadent.webp\",\"width\":2048,\"height\":2048,\"caption\":\"Virbac Vet Aquadent 250 ml\"},{\"@type\":\"BreadcrumbList\",\"@id\":\"https:\\\/\\\/anivet.lt\\\/elparduotuve\\\/produktas\\\/virbac-vet-aquadent-250-ml\\\/#breadcrumb\",\"itemListElement\":[{\"@type\":\"ListItem\",\"position\":1,\"name\":\"Home\",\"item\":\"https:\\\/\\\/anivet.lt\\\/elparduotuve\\\/\"},{\"@type\":\"ListItem\",\"position\":2,\"name\":\"Produktai\",\"item\":\"https:\\\/\\\/anivet.lt\\\/elparduotuve\\\/produktai\\\/\"},{\"@type\":\"ListItem\",\"position\":3,\"name\":\"Virbac Vet Aquadent 250 ml\"}]},{\"@type\":\"WebSite\",\"@id\":\"https:\\\/\\\/anivet.lt\\\/elparduotuve\\\/#website\",\"url\":\"https:\\\/\\\/anivet.lt\\\/elparduotuve\\\/\",\"name\":\"anivet.lt\",\"description\":\"Viskas J\u016bs\u0173 \u0161uns, kat\u0117s prie\u017ei\u016brai\",\"publisher\":{\"@id\":\"https:\\\/\\\/anivet.lt\\\/elparduotuve\\\/#organization\"},\"alternateName\":\"Viskas J\u016bs\u0173 \u0161uns, kat\u0117s prie\u017ei\u016brai\",\"potentialAction\":[{\"@type\":\"SearchAction\",\"target\":{\"@type\":\"EntryPoint\",\"urlTemplate\":\"https:\\\/\\\/anivet.lt\\\/elparduotuve\\\/?s={search_term_string}\"},\"query-input\":{\"@type\":\"PropertyValueSpecification\",\"valueRequired\":true,\"valueName\":\"search_term_string\"}}],\"inLanguage\":\"lt-LT\"},{\"@type\":\"Organization\",\"@id\":\"https:\\\/\\\/anivet.lt\\\/elparduotuve\\\/#organization\",\"name\":\"Viskas J\u016bs\u0173 \u0161uns, kat\u0117s prie\u017ei\u016brai\",\"url\":\"https:\\\/\\\/anivet.lt\\\/elparduotuve\\\/\",\"logo\":{\"@type\":\"ImageObject\",\"inLanguage\":\"lt-LT\",\"@id\":\"https:\\\/\\\/anivet.lt\\\/elparduotuve\\\/#\\\/schema\\\/logo\\\/image\\\/\",\"url\":\"https:\\\/\\\/anivet.lt\\\/elparduotuve\\\/wp-content\\\/uploads\\\/2023\\\/06\\\/logo2.jpg\",\"contentUrl\":\"https:\\\/\\\/anivet.lt\\\/elparduotuve\\\/wp-content\\\/uploads\\\/2023\\\/06\\\/logo2.jpg\",\"width\":655,\"height\":194,\"caption\":\"Viskas J\u016bs\u0173 \u0161uns, kat\u0117s prie\u017ei\u016brai\"},\"image\":{\"@id\":\"https:\\\/\\\/anivet.lt\\\/elparduotuve\\\/#\\\/schema\\\/logo\\\/image\\\/\"}}]}<\/script>\n<!-- \/ Yoast SEO Premium plugin. -->","yoast_head_json":{"title":"Virbac Vet Aquadent 250 ml - anivet.lt","description":"Specialiai sukurtas skystis, padedantis palaikyti tinkam\u0105 \u0161un\u0173 ir ka\u010di\u0173 burnos higien\u0105. Jo unikali sud\u0117tis padeda suma\u017einti dant\u0173 apna\u0161as, neutralizuoti blog\u0105 kvap\u0105 i\u0161 nasr\u0173 ir palaikyti burnos sveikat\u0105.","robots":{"index":"index","follow":"follow","max-snippet":"max-snippet:-1","max-image-preview":"max-image-preview:large","max-video-preview":"max-video-preview:-1"},"canonical":"https:\/\/anivet.lt\/elparduotuve\/produktas\/virbac-vet-aquadent-250-ml\/","og_locale":"lt_LT","og_type":"article","og_title":"Virbac Vet Aquadent 250 ml","og_description":"Specialiai sukurtas skystis, padedantis palaikyti tinkam\u0105 \u0161un\u0173 ir ka\u010di\u0173 burnos higien\u0105. Jo unikali sud\u0117tis padeda suma\u017einti dant\u0173 apna\u0161as, neutralizuoti blog\u0105 kvap\u0105 i\u0161 nasr\u0173 ir palaikyti burnos sveikat\u0105.","og_url":"https:\/\/anivet.lt\/elparduotuve\/produktas\/virbac-vet-aquadent-250-ml\/","og_site_name":"anivet.lt","article_modified_time":"2026-04-06T08:08:44+00:00","og_image":[{"width":2048,"height":2048,"url":"https:\/\/anivet.lt\/elparduotuve\/wp-content\/uploads\/2024\/01\/eyJ3IjoyMDQ4LCJoIjoyMDQ4LCJzY29wZSI6ImFwcCJ9-1-aquadent.webp","type":"image\/webp"}],"twitter_card":"summary_large_image","twitter_misc":{"Est. reading time":"1 minut\u0117"},"schema":{"@context":"https:\/\/schema.org","@graph":[{"@type":"WebPage","@id":"https:\/\/anivet.lt\/elparduotuve\/produktas\/virbac-vet-aquadent-250-ml\/","url":"https:\/\/anivet.lt\/elparduotuve\/produktas\/virbac-vet-aquadent-250-ml\/","name":"Virbac Vet Aquadent 250 ml - anivet.lt","isPartOf":{"@id":"https:\/\/anivet.lt\/elparduotuve\/#website"},"primaryImageOfPage":{"@id":"https:\/\/anivet.lt\/elparduotuve\/produktas\/virbac-vet-aquadent-250-ml\/#primaryimage"},"image":{"@id":"https:\/\/anivet.lt\/elparduotuve\/produktas\/virbac-vet-aquadent-250-ml\/#primaryimage"},"thumbnailUrl":"https:\/\/anivet.lt\/elparduotuve\/wp-content\/uploads\/2024\/01\/eyJ3IjoyMDQ4LCJoIjoyMDQ4LCJzY29wZSI6ImFwcCJ9-1-aquadent.webp","datePublished":"2024-01-30T10:42:23+00:00","dateModified":"2026-04-06T08:08:44+00:00","description":"Specialiai sukurtas skystis, padedantis palaikyti tinkam\u0105 \u0161un\u0173 ir ka\u010di\u0173 burnos higien\u0105. Jo unikali sud\u0117tis padeda suma\u017einti dant\u0173 apna\u0161as, neutralizuoti blog\u0105 kvap\u0105 i\u0161 nasr\u0173 ir palaikyti burnos sveikat\u0105.","breadcrumb":{"@id":"https:\/\/anivet.lt\/elparduotuve\/produktas\/virbac-vet-aquadent-250-ml\/#breadcrumb"},"inLanguage":"lt-LT","potentialAction":[{"@type":"ReadAction","target":["https:\/\/anivet.lt\/elparduotuve\/produktas\/virbac-vet-aquadent-250-ml\/"]}]},{"@type":"ImageObject","inLanguage":"lt-LT","@id":"https:\/\/anivet.lt\/elparduotuve\/produktas\/virbac-vet-aquadent-250-ml\/#primaryimage","url":"https:\/\/anivet.lt\/elparduotuve\/wp-content\/uploads\/2024\/01\/eyJ3IjoyMDQ4LCJoIjoyMDQ4LCJzY29wZSI6ImFwcCJ9-1-aquadent.webp","contentUrl":"https:\/\/anivet.lt\/elparduotuve\/wp-content\/uploads\/2024\/01\/eyJ3IjoyMDQ4LCJoIjoyMDQ4LCJzY29wZSI6ImFwcCJ9-1-aquadent.webp","width":2048,"height":2048,"caption":"Virbac Vet Aquadent 250 ml"},{"@type":"BreadcrumbList","@id":"https:\/\/anivet.lt\/elparduotuve\/produktas\/virbac-vet-aquadent-250-ml\/#breadcrumb","itemListElement":[{"@type":"ListItem","position":1,"name":"Home","item":"https:\/\/anivet.lt\/elparduotuve\/"},{"@type":"ListItem","position":2,"name":"Produktai","item":"https:\/\/anivet.lt\/elparduotuve\/produktai\/"},{"@type":"ListItem","position":3,"name":"Virbac Vet Aquadent 250 ml"}]},{"@type":"WebSite","@id":"https:\/\/anivet.lt\/elparduotuve\/#website","url":"https:\/\/anivet.lt\/elparduotuve\/","name":"anivet.lt","description":"Viskas J\u016bs\u0173 \u0161uns, kat\u0117s prie\u017ei\u016brai","publisher":{"@id":"https:\/\/anivet.lt\/elparduotuve\/#organization"},"alternateName":"Viskas J\u016bs\u0173 \u0161uns, kat\u0117s prie\u017ei\u016brai","potentialAction":[{"@type":"SearchAction","target":{"@type":"EntryPoint","urlTemplate":"https:\/\/anivet.lt\/elparduotuve\/?s={search_term_string}"},"query-input":{"@type":"PropertyValueSpecification","valueRequired":true,"valueName":"search_term_string"}}],"inLanguage":"lt-LT"},{"@type":"Organization","@id":"https:\/\/anivet.lt\/elparduotuve\/#organization","name":"Viskas J\u016bs\u0173 \u0161uns, kat\u0117s prie\u017ei\u016brai","url":"https:\/\/anivet.lt\/elparduotuve\/","logo":{"@type":"ImageObject","inLanguage":"lt-LT","@id":"https:\/\/anivet.lt\/elparduotuve\/#\/schema\/logo\/image\/","url":"https:\/\/anivet.lt\/elparduotuve\/wp-content\/uploads\/2023\/06\/logo2.jpg","contentUrl":"https:\/\/anivet.lt\/elparduotuve\/wp-content\/uploads\/2023\/06\/logo2.jpg","width":655,"height":194,"caption":"Viskas J\u016bs\u0173 \u0161uns, kat\u0117s prie\u017ei\u016brai"},"image":{"@id":"https:\/\/anivet.lt\/elparduotuve\/#\/schema\/logo\/image\/"}}]}},"_links":{"self":[{"href":"https:\/\/anivet.lt\/elparduotuve\/wp-json\/wp\/v2\/product\/13129","targetHints":{"allow":["GET"]}}],"collection":[{"href":"https:\/\/anivet.lt\/elparduotuve\/wp-json\/wp\/v2\/product"}],"about":[{"href":"https:\/\/anivet.lt\/elparduotuve\/wp-json\/wp\/v2\/types\/product"}],"wp:featuredmedia":[{"embeddable":true,"href":"https:\/\/anivet.lt\/elparduotuve\/wp-json\/wp\/v2\/media\/13130"}],"wp:attachment":[{"href":"https:\/\/anivet.lt\/elparduotuve\/wp-json\/wp\/v2\/media?parent=13129"}],"wp:term":[{"taxonomy":"product_brand","embeddable":true,"href":"https:\/\/anivet.lt\/elparduotuve\/wp-json\/wp\/v2\/product_brand?post=13129"},{"taxonomy":"product_cat","embeddable":true,"href":"https:\/\/anivet.lt\/elparduotuve\/wp-json\/wp\/v2\/product_cat?post=13129"},{"taxonomy":"product_tag","embeddable":true,"href":"https:\/\/anivet.lt\/elparduotuve\/wp-json\/wp\/v2\/product_tag?post=13129"}],"curies":[{"name":"wp","href":"https:\/\/api.w.org\/{rel}","templated":true}]}}