{"id":13138,"date":"2024-01-30T11:11:19","date_gmt":"2024-01-30T11:11:19","guid":{"rendered":"https:\/\/anivet.lt\/elparduotuve\/?post_type=product&#038;p=13138"},"modified":"2025-09-24T08:46:01","modified_gmt":"2025-09-24T08:46:01","slug":"virbac-fiziologinis-akiu-valiklis-125ml","status":"publish","type":"product","link":"https:\/\/anivet.lt\/elparduotuve\/produktas\/virbac-fiziologinis-akiu-valiklis-125ml\/","title":{"rendered":"Virbac fiziologinis aki\u0173 valiklis 125ml"},"content":{"rendered":"<p><span style=\"font-weight: 400;\">\u0160velnus aki\u0173 ir vok\u0173 valiklis, skirtas reguliariai \u0161un\u0173 ir ka\u010di\u0173 aki\u0173 prie\u017ei\u016brai. Idealiai tinka\u00a0<\/span><\/p>\n<ul>\n<li style=\"font-weight: 400;\" aria-level=\"1\"><span style=\"font-weight: 400;\">\u0160velni sud\u0117tis: Sud\u0117tyje yra salicilo ir boro r\u016bg\u0161\u010di\u0173, ramun\u0117li\u0173 bei rugiag\u0117li\u0173 ekstrakt\u0173, kurie ramina ir valo.<\/span><\/li>\n<li style=\"font-weight: 400;\" aria-level=\"1\"><span style=\"font-weight: 400;\">Plati paskirtis: Tinka tiek akims, tiek vokams valyti, taip pat svetimk\u016bniams pa\u0161alinti.<\/span><\/li>\n<li style=\"font-weight: 400;\" aria-level=\"1\"><span style=\"font-weight: 400;\">Lengvas naudojimas: Skyst\u012f galima tiesiogiai la\u0161inti arba naudoti su vatos ar marl\u0117s tampon\u0117liu.<\/span><\/li>\n<li style=\"font-weight: 400;\" aria-level=\"1\"><span style=\"font-weight: 400;\">Tinka \u0161unims ir kat\u0117ms: Universalus produktas, pritaikytas \u012fvairioms augintini\u0173 r\u016b\u0161ims.<\/span><\/li>\n<\/ul>\n<p><span style=\"font-weight: 400;\">\u201eVirbac\u201d fiziologinis aki\u0173 valiklis u\u017etikrina \u0161veln\u0173 ir efektyv\u0173 aki\u0173 valym\u0105, pad\u0117damas pa\u0161alinti ne\u0161varumus ir u\u017ekirsti keli\u0105 sudirgimams. Nat\u016brali sud\u0117tis su ramun\u0117li\u0173 ir rugiag\u0117li\u0173 ekstraktais ramina jautrias akis, tod\u0117l produktas tinka tiek reguliariai prie\u017ei\u016brai, tiek po kontakto su svetimk\u016bniais.<\/span><\/p>\n","protected":false},"excerpt":{"rendered":"<p>\u0160velnus aki\u0173 ir vok\u0173 valiklis, skirtas reguliariai \u0161un\u0173 ir ka\u010di\u0173 aki\u0173 prie\u017ei\u016brai. Idealiai tinka\u00a0 \u0160velni sud\u0117tis: Sud\u0117tyje yra salicilo ir<\/p>\n","protected":false},"featured_media":13139,"template":"","meta":[],"product_brand":[],"product_cat":[101,102,108,110,119,121],"product_tag":[],"class_list":{"0":"post-13138","1":"product","2":"type-product","3":"status-publish","4":"has-post-thumbnail","6":"product_cat-sunims","7":"product_cat-katems","8":"product_cat-prieziuros-priemones","9":"product_cat-ausu-akiu-nosyciu-prieziura","10":"product_cat-prieziuros-priemones-katems","11":"product_cat-ausu-akiu-nosyciu-prieziura-prieziuros-priemones-katems","13":"first","14":"outofstock","15":"taxable","16":"shipping-taxable","17":"purchasable","18":"product-type-simple"},"yoast_head":"<!-- This site is optimized with the Yoast SEO Premium plugin v27.1 (Yoast SEO v27.5) - https:\/\/yoast.com\/product\/yoast-seo-premium-wordpress\/ -->\n<title>Virbac fiziologinis aki\u0173 valiklis 125ml - anivet.lt<\/title>\n<meta name=\"description\" content=\"\u0160velnus aki\u0173 ir vok\u0173 valiklis, skirtas reguliariai \u0161un\u0173 ir ka\u010di\u0173 aki\u0173 prie\u017ei\u016brai. Idealiai tinka\u00a0 \u0160velni sud\u0117tis: Sud\u0117tyje yra salicilo ir boro r\u016bg\u0161\u010di\u0173,\" \/>\n<meta name=\"robots\" content=\"index, follow, max-snippet:-1, max-image-preview:large, max-video-preview:-1\" \/>\n<link rel=\"canonical\" href=\"https:\/\/anivet.lt\/elparduotuve\/produktas\/virbac-fiziologinis-akiu-valiklis-125ml\/\" \/>\n<meta property=\"og:locale\" content=\"lt_LT\" \/>\n<meta property=\"og:type\" content=\"article\" \/>\n<meta property=\"og:title\" content=\"Virbac fiziologinis aki\u0173 valiklis 125ml\" \/>\n<meta property=\"og:description\" content=\"\u0160velnus aki\u0173 ir vok\u0173 valiklis, skirtas reguliariai \u0161un\u0173 ir ka\u010di\u0173 aki\u0173 prie\u017ei\u016brai. Idealiai tinka\u00a0 \u0160velni sud\u0117tis: Sud\u0117tyje yra salicilo ir boro r\u016bg\u0161\u010di\u0173,\" \/>\n<meta property=\"og:url\" content=\"https:\/\/anivet.lt\/elparduotuve\/produktas\/virbac-fiziologinis-akiu-valiklis-125ml\/\" \/>\n<meta property=\"og:site_name\" content=\"anivet.lt\" \/>\n<meta property=\"article:modified_time\" content=\"2025-09-24T08:46:01+00:00\" \/>\n<meta property=\"og:image\" content=\"https:\/\/anivet.lt\/elparduotuve\/wp-content\/uploads\/2024\/01\/Fiziologinis-akiu_chien_chat.jpg\" \/>\n\t<meta property=\"og:image:width\" content=\"600\" \/>\n\t<meta property=\"og:image:height\" content=\"600\" \/>\n\t<meta property=\"og:image:type\" content=\"image\/jpeg\" \/>\n<meta name=\"twitter:card\" content=\"summary_large_image\" \/>\n<meta name=\"twitter:label1\" content=\"Est. reading time\" \/>\n\t<meta name=\"twitter:data1\" content=\"1 minut\u0117\" \/>\n<script type=\"application\/ld+json\" class=\"yoast-schema-graph\">{\"@context\":\"https:\\\/\\\/schema.org\",\"@graph\":[{\"@type\":\"WebPage\",\"@id\":\"https:\\\/\\\/anivet.lt\\\/elparduotuve\\\/produktas\\\/virbac-fiziologinis-akiu-valiklis-125ml\\\/\",\"url\":\"https:\\\/\\\/anivet.lt\\\/elparduotuve\\\/produktas\\\/virbac-fiziologinis-akiu-valiklis-125ml\\\/\",\"name\":\"Virbac fiziologinis aki\u0173 valiklis 125ml - anivet.lt\",\"isPartOf\":{\"@id\":\"https:\\\/\\\/anivet.lt\\\/elparduotuve\\\/#website\"},\"primaryImageOfPage\":{\"@id\":\"https:\\\/\\\/anivet.lt\\\/elparduotuve\\\/produktas\\\/virbac-fiziologinis-akiu-valiklis-125ml\\\/#primaryimage\"},\"image\":{\"@id\":\"https:\\\/\\\/anivet.lt\\\/elparduotuve\\\/produktas\\\/virbac-fiziologinis-akiu-valiklis-125ml\\\/#primaryimage\"},\"thumbnailUrl\":\"https:\\\/\\\/anivet.lt\\\/elparduotuve\\\/wp-content\\\/uploads\\\/2024\\\/01\\\/Fiziologinis-akiu_chien_chat.jpg\",\"datePublished\":\"2024-01-30T11:11:19+00:00\",\"dateModified\":\"2025-09-24T08:46:01+00:00\",\"description\":\"\u0160velnus aki\u0173 ir vok\u0173 valiklis, skirtas reguliariai \u0161un\u0173 ir ka\u010di\u0173 aki\u0173 prie\u017ei\u016brai. Idealiai tinka\u00a0 \u0160velni sud\u0117tis: Sud\u0117tyje yra salicilo ir boro r\u016bg\u0161\u010di\u0173,\",\"breadcrumb\":{\"@id\":\"https:\\\/\\\/anivet.lt\\\/elparduotuve\\\/produktas\\\/virbac-fiziologinis-akiu-valiklis-125ml\\\/#breadcrumb\"},\"inLanguage\":\"lt-LT\",\"potentialAction\":[{\"@type\":\"ReadAction\",\"target\":[\"https:\\\/\\\/anivet.lt\\\/elparduotuve\\\/produktas\\\/virbac-fiziologinis-akiu-valiklis-125ml\\\/\"]}]},{\"@type\":\"ImageObject\",\"inLanguage\":\"lt-LT\",\"@id\":\"https:\\\/\\\/anivet.lt\\\/elparduotuve\\\/produktas\\\/virbac-fiziologinis-akiu-valiklis-125ml\\\/#primaryimage\",\"url\":\"https:\\\/\\\/anivet.lt\\\/elparduotuve\\\/wp-content\\\/uploads\\\/2024\\\/01\\\/Fiziologinis-akiu_chien_chat.jpg\",\"contentUrl\":\"https:\\\/\\\/anivet.lt\\\/elparduotuve\\\/wp-content\\\/uploads\\\/2024\\\/01\\\/Fiziologinis-akiu_chien_chat.jpg\",\"width\":600,\"height\":600,\"caption\":\"Virbac fiziologinis aki\u0173 valiklis 125ml\"},{\"@type\":\"BreadcrumbList\",\"@id\":\"https:\\\/\\\/anivet.lt\\\/elparduotuve\\\/produktas\\\/virbac-fiziologinis-akiu-valiklis-125ml\\\/#breadcrumb\",\"itemListElement\":[{\"@type\":\"ListItem\",\"position\":1,\"name\":\"Home\",\"item\":\"https:\\\/\\\/anivet.lt\\\/elparduotuve\\\/\"},{\"@type\":\"ListItem\",\"position\":2,\"name\":\"Produktai\",\"item\":\"https:\\\/\\\/anivet.lt\\\/elparduotuve\\\/produktai\\\/\"},{\"@type\":\"ListItem\",\"position\":3,\"name\":\"Virbac fiziologinis aki\u0173 valiklis 125ml\"}]},{\"@type\":\"WebSite\",\"@id\":\"https:\\\/\\\/anivet.lt\\\/elparduotuve\\\/#website\",\"url\":\"https:\\\/\\\/anivet.lt\\\/elparduotuve\\\/\",\"name\":\"anivet.lt\",\"description\":\"Viskas J\u016bs\u0173 \u0161uns, kat\u0117s prie\u017ei\u016brai\",\"publisher\":{\"@id\":\"https:\\\/\\\/anivet.lt\\\/elparduotuve\\\/#organization\"},\"alternateName\":\"Viskas J\u016bs\u0173 \u0161uns, kat\u0117s prie\u017ei\u016brai\",\"potentialAction\":[{\"@type\":\"SearchAction\",\"target\":{\"@type\":\"EntryPoint\",\"urlTemplate\":\"https:\\\/\\\/anivet.lt\\\/elparduotuve\\\/?s={search_term_string}\"},\"query-input\":{\"@type\":\"PropertyValueSpecification\",\"valueRequired\":true,\"valueName\":\"search_term_string\"}}],\"inLanguage\":\"lt-LT\"},{\"@type\":\"Organization\",\"@id\":\"https:\\\/\\\/anivet.lt\\\/elparduotuve\\\/#organization\",\"name\":\"Viskas J\u016bs\u0173 \u0161uns, kat\u0117s prie\u017ei\u016brai\",\"url\":\"https:\\\/\\\/anivet.lt\\\/elparduotuve\\\/\",\"logo\":{\"@type\":\"ImageObject\",\"inLanguage\":\"lt-LT\",\"@id\":\"https:\\\/\\\/anivet.lt\\\/elparduotuve\\\/#\\\/schema\\\/logo\\\/image\\\/\",\"url\":\"https:\\\/\\\/anivet.lt\\\/elparduotuve\\\/wp-content\\\/uploads\\\/2023\\\/06\\\/logo2.jpg\",\"contentUrl\":\"https:\\\/\\\/anivet.lt\\\/elparduotuve\\\/wp-content\\\/uploads\\\/2023\\\/06\\\/logo2.jpg\",\"width\":655,\"height\":194,\"caption\":\"Viskas J\u016bs\u0173 \u0161uns, kat\u0117s prie\u017ei\u016brai\"},\"image\":{\"@id\":\"https:\\\/\\\/anivet.lt\\\/elparduotuve\\\/#\\\/schema\\\/logo\\\/image\\\/\"}}]}<\/script>\n<!-- \/ Yoast SEO Premium plugin. -->","yoast_head_json":{"title":"Virbac fiziologinis aki\u0173 valiklis 125ml - anivet.lt","description":"\u0160velnus aki\u0173 ir vok\u0173 valiklis, skirtas reguliariai \u0161un\u0173 ir ka\u010di\u0173 aki\u0173 prie\u017ei\u016brai. Idealiai tinka\u00a0 \u0160velni sud\u0117tis: Sud\u0117tyje yra salicilo ir boro r\u016bg\u0161\u010di\u0173,","robots":{"index":"index","follow":"follow","max-snippet":"max-snippet:-1","max-image-preview":"max-image-preview:large","max-video-preview":"max-video-preview:-1"},"canonical":"https:\/\/anivet.lt\/elparduotuve\/produktas\/virbac-fiziologinis-akiu-valiklis-125ml\/","og_locale":"lt_LT","og_type":"article","og_title":"Virbac fiziologinis aki\u0173 valiklis 125ml","og_description":"\u0160velnus aki\u0173 ir vok\u0173 valiklis, skirtas reguliariai \u0161un\u0173 ir ka\u010di\u0173 aki\u0173 prie\u017ei\u016brai. Idealiai tinka\u00a0 \u0160velni sud\u0117tis: Sud\u0117tyje yra salicilo ir boro r\u016bg\u0161\u010di\u0173,","og_url":"https:\/\/anivet.lt\/elparduotuve\/produktas\/virbac-fiziologinis-akiu-valiklis-125ml\/","og_site_name":"anivet.lt","article_modified_time":"2025-09-24T08:46:01+00:00","og_image":[{"width":600,"height":600,"url":"https:\/\/anivet.lt\/elparduotuve\/wp-content\/uploads\/2024\/01\/Fiziologinis-akiu_chien_chat.jpg","type":"image\/jpeg"}],"twitter_card":"summary_large_image","twitter_misc":{"Est. reading time":"1 minut\u0117"},"schema":{"@context":"https:\/\/schema.org","@graph":[{"@type":"WebPage","@id":"https:\/\/anivet.lt\/elparduotuve\/produktas\/virbac-fiziologinis-akiu-valiklis-125ml\/","url":"https:\/\/anivet.lt\/elparduotuve\/produktas\/virbac-fiziologinis-akiu-valiklis-125ml\/","name":"Virbac fiziologinis aki\u0173 valiklis 125ml - anivet.lt","isPartOf":{"@id":"https:\/\/anivet.lt\/elparduotuve\/#website"},"primaryImageOfPage":{"@id":"https:\/\/anivet.lt\/elparduotuve\/produktas\/virbac-fiziologinis-akiu-valiklis-125ml\/#primaryimage"},"image":{"@id":"https:\/\/anivet.lt\/elparduotuve\/produktas\/virbac-fiziologinis-akiu-valiklis-125ml\/#primaryimage"},"thumbnailUrl":"https:\/\/anivet.lt\/elparduotuve\/wp-content\/uploads\/2024\/01\/Fiziologinis-akiu_chien_chat.jpg","datePublished":"2024-01-30T11:11:19+00:00","dateModified":"2025-09-24T08:46:01+00:00","description":"\u0160velnus aki\u0173 ir vok\u0173 valiklis, skirtas reguliariai \u0161un\u0173 ir ka\u010di\u0173 aki\u0173 prie\u017ei\u016brai. Idealiai tinka\u00a0 \u0160velni sud\u0117tis: Sud\u0117tyje yra salicilo ir boro r\u016bg\u0161\u010di\u0173,","breadcrumb":{"@id":"https:\/\/anivet.lt\/elparduotuve\/produktas\/virbac-fiziologinis-akiu-valiklis-125ml\/#breadcrumb"},"inLanguage":"lt-LT","potentialAction":[{"@type":"ReadAction","target":["https:\/\/anivet.lt\/elparduotuve\/produktas\/virbac-fiziologinis-akiu-valiklis-125ml\/"]}]},{"@type":"ImageObject","inLanguage":"lt-LT","@id":"https:\/\/anivet.lt\/elparduotuve\/produktas\/virbac-fiziologinis-akiu-valiklis-125ml\/#primaryimage","url":"https:\/\/anivet.lt\/elparduotuve\/wp-content\/uploads\/2024\/01\/Fiziologinis-akiu_chien_chat.jpg","contentUrl":"https:\/\/anivet.lt\/elparduotuve\/wp-content\/uploads\/2024\/01\/Fiziologinis-akiu_chien_chat.jpg","width":600,"height":600,"caption":"Virbac fiziologinis aki\u0173 valiklis 125ml"},{"@type":"BreadcrumbList","@id":"https:\/\/anivet.lt\/elparduotuve\/produktas\/virbac-fiziologinis-akiu-valiklis-125ml\/#breadcrumb","itemListElement":[{"@type":"ListItem","position":1,"name":"Home","item":"https:\/\/anivet.lt\/elparduotuve\/"},{"@type":"ListItem","position":2,"name":"Produktai","item":"https:\/\/anivet.lt\/elparduotuve\/produktai\/"},{"@type":"ListItem","position":3,"name":"Virbac fiziologinis aki\u0173 valiklis 125ml"}]},{"@type":"WebSite","@id":"https:\/\/anivet.lt\/elparduotuve\/#website","url":"https:\/\/anivet.lt\/elparduotuve\/","name":"anivet.lt","description":"Viskas J\u016bs\u0173 \u0161uns, kat\u0117s prie\u017ei\u016brai","publisher":{"@id":"https:\/\/anivet.lt\/elparduotuve\/#organization"},"alternateName":"Viskas J\u016bs\u0173 \u0161uns, kat\u0117s prie\u017ei\u016brai","potentialAction":[{"@type":"SearchAction","target":{"@type":"EntryPoint","urlTemplate":"https:\/\/anivet.lt\/elparduotuve\/?s={search_term_string}"},"query-input":{"@type":"PropertyValueSpecification","valueRequired":true,"valueName":"search_term_string"}}],"inLanguage":"lt-LT"},{"@type":"Organization","@id":"https:\/\/anivet.lt\/elparduotuve\/#organization","name":"Viskas J\u016bs\u0173 \u0161uns, kat\u0117s prie\u017ei\u016brai","url":"https:\/\/anivet.lt\/elparduotuve\/","logo":{"@type":"ImageObject","inLanguage":"lt-LT","@id":"https:\/\/anivet.lt\/elparduotuve\/#\/schema\/logo\/image\/","url":"https:\/\/anivet.lt\/elparduotuve\/wp-content\/uploads\/2023\/06\/logo2.jpg","contentUrl":"https:\/\/anivet.lt\/elparduotuve\/wp-content\/uploads\/2023\/06\/logo2.jpg","width":655,"height":194,"caption":"Viskas J\u016bs\u0173 \u0161uns, kat\u0117s prie\u017ei\u016brai"},"image":{"@id":"https:\/\/anivet.lt\/elparduotuve\/#\/schema\/logo\/image\/"}}]}},"_links":{"self":[{"href":"https:\/\/anivet.lt\/elparduotuve\/wp-json\/wp\/v2\/product\/13138","targetHints":{"allow":["GET"]}}],"collection":[{"href":"https:\/\/anivet.lt\/elparduotuve\/wp-json\/wp\/v2\/product"}],"about":[{"href":"https:\/\/anivet.lt\/elparduotuve\/wp-json\/wp\/v2\/types\/product"}],"wp:featuredmedia":[{"embeddable":true,"href":"https:\/\/anivet.lt\/elparduotuve\/wp-json\/wp\/v2\/media\/13139"}],"wp:attachment":[{"href":"https:\/\/anivet.lt\/elparduotuve\/wp-json\/wp\/v2\/media?parent=13138"}],"wp:term":[{"taxonomy":"product_brand","embeddable":true,"href":"https:\/\/anivet.lt\/elparduotuve\/wp-json\/wp\/v2\/product_brand?post=13138"},{"taxonomy":"product_cat","embeddable":true,"href":"https:\/\/anivet.lt\/elparduotuve\/wp-json\/wp\/v2\/product_cat?post=13138"},{"taxonomy":"product_tag","embeddable":true,"href":"https:\/\/anivet.lt\/elparduotuve\/wp-json\/wp\/v2\/product_tag?post=13138"}],"curies":[{"name":"wp","href":"https:\/\/api.w.org\/{rel}","templated":true}]}}