{"id":13159,"date":"2024-02-05T09:56:17","date_gmt":"2024-02-05T09:56:17","guid":{"rendered":"https:\/\/anivet.lt\/elparduotuve\/?post_type=product&#038;p=13159"},"modified":"2025-05-27T13:25:55","modified_gmt":"2025-05-27T13:25:55","slug":"vetilea-neuro-cdp-pasaro-papildas-sunims-ir-katems-50ml","status":"publish","type":"product","link":"https:\/\/anivet.lt\/elparduotuve\/produktas\/vetilea-neuro-cdp-pasaro-papildas-sunims-ir-katems-50ml\/","title":{"rendered":"Vetilea\u00a0 Neuro-Cdp pa\u0161aro papildas \u0161unims ir kat\u0117ms 50ml"},"content":{"rendered":"<ul>\n<li style=\"font-weight: 400;\" aria-level=\"1\"><span style=\"font-weight: 400;\">Neuroprotekcin\u0117 funkcija: Sud\u0117tyje esantis Citicolinas palaiko neuron\u0173 membran\u0173 biosintez\u0119 ir neurotransmisijos procesus.<\/span><\/li>\n<li style=\"font-weight: 400;\" aria-level=\"1\"><span style=\"font-weight: 400;\">B grup\u0117s vitaminai: Prisideda prie centrin\u0117s nerv\u0173 sistemos veiklos ir energijos apykaitos.<\/span><\/li>\n<li style=\"font-weight: 400;\" aria-level=\"1\"><span style=\"font-weight: 400;\">Kognityvin\u0117s funkcijos palaikymas: Padeda gerinti atmint\u012f, mokym\u0105si ir suvokim\u0105 kognityvin\u0117s disfunkcijos atvejais.<\/span><\/li>\n<li style=\"font-weight: 400;\" aria-level=\"1\"><span style=\"font-weight: 400;\">Reg\u0117jimo apsauga: L\u0117tina glaukomos progresavim\u0105 ir teikia tinkamas maistines med\u017eiagas tinklain\u0117s sveikatai palaikyti.<\/span><\/li>\n<li style=\"font-weight: 400;\" aria-level=\"1\"><span style=\"font-weight: 400;\">Universalus naudojimas: Tinka tiek \u0161unims, tiek kat\u0117ms.<\/span><\/li>\n<\/ul>\n<p><span style=\"font-weight: 400;\">\u0160is papildas yra moksli\u0161kai pagr\u012fstas sprendimas, kuris ne tik palaiko j\u016bs\u0173 augintinio nerv\u0173 sistemos sveikat\u0105, bet ir prisideda prie geresn\u0117s gyvenimo kokyb\u0117s. Sud\u0117tis u\u017etikrina efektyvi\u0105 pagalb\u0105 esant neurologin\u0117ms ar reg\u0117jimo problemoms, tod\u0117l tai puikus pasirinkimas r\u016bpinantis j\u016bs\u0173 augintinio sveikata ir gerove.<\/span><\/p>\n","protected":false},"excerpt":{"rendered":"<p><span style=\"font-weight: 400;\">Pa\u017eangus neuroprotekcinis pa\u0161aro papildas, skirtas \u0161unims ir kat\u0117ms, padedantis spr\u0119sti neurologines ir oftalmologines problemas. Tai efektyvus sprendimas geresnei gyvenimo kokybei palaikyti sergant kognityvin\u0117s disfunkcijos sindromu ar tokiomis aki\u0173 ligomis kaip glaukoma ar diabetin\u0117 retinopatija.<\/span><\/p>\n","protected":false},"featured_media":13161,"template":"","meta":[],"product_brand":[],"product_cat":[101,102,113,124],"product_tag":[],"class_list":{"0":"post-13159","1":"product","2":"type-product","3":"status-publish","4":"has-post-thumbnail","6":"product_cat-sunims","7":"product_cat-katems","8":"product_cat-vitaminai-ir-papildai","9":"product_cat-vitaminai-ir-papildai-katems","10":"pa_prekinis-zenklas-vetilea-ispanija","12":"first","13":"instock","14":"taxable","15":"shipping-taxable","16":"purchasable","17":"product-type-simple"},"yoast_head":"<!-- This site is optimized with the Yoast SEO Premium plugin v27.1 (Yoast SEO v27.5) - https:\/\/yoast.com\/product\/yoast-seo-premium-wordpress\/ -->\n<title>Vetilea\u00a0 Neuro-Cdp pa\u0161aro papildas \u0161unims ir kat\u0117ms 50ml - anivet.lt<\/title>\n<meta name=\"description\" content=\"Pa\u017eangus neuroprotekcinis pa\u0161aro papildas, skirtas \u0161unims ir kat\u0117ms, padedantis spr\u0119sti neurologines ir oftalmologines problemas. Tai efektyvus sprendimas geresnei gyvenimo kokybei palaikyti sergant kognityvin\u0117s disfunkcijos sindromu ar tokiomis aki\u0173 ligomis kaip glaukoma ar diabetin\u0117 retinopatija.\" \/>\n<meta name=\"robots\" content=\"index, follow, max-snippet:-1, max-image-preview:large, max-video-preview:-1\" \/>\n<link rel=\"canonical\" href=\"https:\/\/anivet.lt\/elparduotuve\/produktas\/vetilea-neuro-cdp-pasaro-papildas-sunims-ir-katems-50ml\/\" \/>\n<meta property=\"og:locale\" content=\"lt_LT\" \/>\n<meta property=\"og:type\" content=\"article\" \/>\n<meta property=\"og:title\" content=\"Vetilea\u00a0 Neuro-Cdp pa\u0161aro papildas \u0161unims ir kat\u0117ms 50ml\" \/>\n<meta property=\"og:description\" content=\"Pa\u017eangus neuroprotekcinis pa\u0161aro papildas, skirtas \u0161unims ir kat\u0117ms, padedantis spr\u0119sti neurologines ir oftalmologines problemas. Tai efektyvus sprendimas geresnei gyvenimo kokybei palaikyti sergant kognityvin\u0117s disfunkcijos sindromu ar tokiomis aki\u0173 ligomis kaip glaukoma ar diabetin\u0117 retinopatija.\" \/>\n<meta property=\"og:url\" content=\"https:\/\/anivet.lt\/elparduotuve\/produktas\/vetilea-neuro-cdp-pasaro-papildas-sunims-ir-katems-50ml\/\" \/>\n<meta property=\"og:site_name\" content=\"anivet.lt\" \/>\n<meta property=\"article:modified_time\" content=\"2025-05-27T13:25:55+00:00\" \/>\n<meta property=\"og:image\" content=\"https:\/\/anivet.lt\/elparduotuve\/wp-content\/uploads\/2024\/02\/vetilea-neuro-cdp-gel2.jpg\" \/>\n\t<meta property=\"og:image:width\" content=\"250\" \/>\n\t<meta property=\"og:image:height\" content=\"250\" \/>\n\t<meta property=\"og:image:type\" content=\"image\/jpeg\" \/>\n<meta name=\"twitter:card\" content=\"summary_large_image\" \/>\n<meta name=\"twitter:label1\" content=\"Est. reading time\" \/>\n\t<meta name=\"twitter:data1\" content=\"1 minut\u0117\" \/>\n<script type=\"application\/ld+json\" class=\"yoast-schema-graph\">{\"@context\":\"https:\\\/\\\/schema.org\",\"@graph\":[{\"@type\":\"WebPage\",\"@id\":\"https:\\\/\\\/anivet.lt\\\/elparduotuve\\\/produktas\\\/vetilea-neuro-cdp-pasaro-papildas-sunims-ir-katems-50ml\\\/\",\"url\":\"https:\\\/\\\/anivet.lt\\\/elparduotuve\\\/produktas\\\/vetilea-neuro-cdp-pasaro-papildas-sunims-ir-katems-50ml\\\/\",\"name\":\"Vetilea\u00a0 Neuro-Cdp pa\u0161aro papildas \u0161unims ir kat\u0117ms 50ml - anivet.lt\",\"isPartOf\":{\"@id\":\"https:\\\/\\\/anivet.lt\\\/elparduotuve\\\/#website\"},\"primaryImageOfPage\":{\"@id\":\"https:\\\/\\\/anivet.lt\\\/elparduotuve\\\/produktas\\\/vetilea-neuro-cdp-pasaro-papildas-sunims-ir-katems-50ml\\\/#primaryimage\"},\"image\":{\"@id\":\"https:\\\/\\\/anivet.lt\\\/elparduotuve\\\/produktas\\\/vetilea-neuro-cdp-pasaro-papildas-sunims-ir-katems-50ml\\\/#primaryimage\"},\"thumbnailUrl\":\"https:\\\/\\\/anivet.lt\\\/elparduotuve\\\/wp-content\\\/uploads\\\/2024\\\/02\\\/vetilea-neuro-cdp-gel2.jpg\",\"datePublished\":\"2024-02-05T09:56:17+00:00\",\"dateModified\":\"2025-05-27T13:25:55+00:00\",\"description\":\"Pa\u017eangus neuroprotekcinis pa\u0161aro papildas, skirtas \u0161unims ir kat\u0117ms, padedantis spr\u0119sti neurologines ir oftalmologines problemas. Tai efektyvus sprendimas geresnei gyvenimo kokybei palaikyti sergant kognityvin\u0117s disfunkcijos sindromu ar tokiomis aki\u0173 ligomis kaip glaukoma ar diabetin\u0117 retinopatija.\",\"breadcrumb\":{\"@id\":\"https:\\\/\\\/anivet.lt\\\/elparduotuve\\\/produktas\\\/vetilea-neuro-cdp-pasaro-papildas-sunims-ir-katems-50ml\\\/#breadcrumb\"},\"inLanguage\":\"lt-LT\",\"potentialAction\":[{\"@type\":\"ReadAction\",\"target\":[\"https:\\\/\\\/anivet.lt\\\/elparduotuve\\\/produktas\\\/vetilea-neuro-cdp-pasaro-papildas-sunims-ir-katems-50ml\\\/\"]}]},{\"@type\":\"ImageObject\",\"inLanguage\":\"lt-LT\",\"@id\":\"https:\\\/\\\/anivet.lt\\\/elparduotuve\\\/produktas\\\/vetilea-neuro-cdp-pasaro-papildas-sunims-ir-katems-50ml\\\/#primaryimage\",\"url\":\"https:\\\/\\\/anivet.lt\\\/elparduotuve\\\/wp-content\\\/uploads\\\/2024\\\/02\\\/vetilea-neuro-cdp-gel2.jpg\",\"contentUrl\":\"https:\\\/\\\/anivet.lt\\\/elparduotuve\\\/wp-content\\\/uploads\\\/2024\\\/02\\\/vetilea-neuro-cdp-gel2.jpg\",\"width\":250,\"height\":250,\"caption\":\"Vetilea\u00a0 Neuro-Cdp pa\u0161aro papildas \u0161unims ir kat\u0117ms 50ml\"},{\"@type\":\"BreadcrumbList\",\"@id\":\"https:\\\/\\\/anivet.lt\\\/elparduotuve\\\/produktas\\\/vetilea-neuro-cdp-pasaro-papildas-sunims-ir-katems-50ml\\\/#breadcrumb\",\"itemListElement\":[{\"@type\":\"ListItem\",\"position\":1,\"name\":\"Home\",\"item\":\"https:\\\/\\\/anivet.lt\\\/elparduotuve\\\/\"},{\"@type\":\"ListItem\",\"position\":2,\"name\":\"Produktai\",\"item\":\"https:\\\/\\\/anivet.lt\\\/elparduotuve\\\/produktai\\\/\"},{\"@type\":\"ListItem\",\"position\":3,\"name\":\"Vetilea\u00a0 Neuro-Cdp pa\u0161aro papildas \u0161unims ir kat\u0117ms 50ml\"}]},{\"@type\":\"WebSite\",\"@id\":\"https:\\\/\\\/anivet.lt\\\/elparduotuve\\\/#website\",\"url\":\"https:\\\/\\\/anivet.lt\\\/elparduotuve\\\/\",\"name\":\"anivet.lt\",\"description\":\"Viskas J\u016bs\u0173 \u0161uns, kat\u0117s prie\u017ei\u016brai\",\"publisher\":{\"@id\":\"https:\\\/\\\/anivet.lt\\\/elparduotuve\\\/#organization\"},\"alternateName\":\"Viskas J\u016bs\u0173 \u0161uns, kat\u0117s prie\u017ei\u016brai\",\"potentialAction\":[{\"@type\":\"SearchAction\",\"target\":{\"@type\":\"EntryPoint\",\"urlTemplate\":\"https:\\\/\\\/anivet.lt\\\/elparduotuve\\\/?s={search_term_string}\"},\"query-input\":{\"@type\":\"PropertyValueSpecification\",\"valueRequired\":true,\"valueName\":\"search_term_string\"}}],\"inLanguage\":\"lt-LT\"},{\"@type\":\"Organization\",\"@id\":\"https:\\\/\\\/anivet.lt\\\/elparduotuve\\\/#organization\",\"name\":\"Viskas J\u016bs\u0173 \u0161uns, kat\u0117s prie\u017ei\u016brai\",\"url\":\"https:\\\/\\\/anivet.lt\\\/elparduotuve\\\/\",\"logo\":{\"@type\":\"ImageObject\",\"inLanguage\":\"lt-LT\",\"@id\":\"https:\\\/\\\/anivet.lt\\\/elparduotuve\\\/#\\\/schema\\\/logo\\\/image\\\/\",\"url\":\"https:\\\/\\\/anivet.lt\\\/elparduotuve\\\/wp-content\\\/uploads\\\/2023\\\/06\\\/logo2.jpg\",\"contentUrl\":\"https:\\\/\\\/anivet.lt\\\/elparduotuve\\\/wp-content\\\/uploads\\\/2023\\\/06\\\/logo2.jpg\",\"width\":655,\"height\":194,\"caption\":\"Viskas J\u016bs\u0173 \u0161uns, kat\u0117s prie\u017ei\u016brai\"},\"image\":{\"@id\":\"https:\\\/\\\/anivet.lt\\\/elparduotuve\\\/#\\\/schema\\\/logo\\\/image\\\/\"}}]}<\/script>\n<!-- \/ Yoast SEO Premium plugin. -->","yoast_head_json":{"title":"Vetilea\u00a0 Neuro-Cdp pa\u0161aro papildas \u0161unims ir kat\u0117ms 50ml - anivet.lt","description":"Pa\u017eangus neuroprotekcinis pa\u0161aro papildas, skirtas \u0161unims ir kat\u0117ms, padedantis spr\u0119sti neurologines ir oftalmologines problemas. Tai efektyvus sprendimas geresnei gyvenimo kokybei palaikyti sergant kognityvin\u0117s disfunkcijos sindromu ar tokiomis aki\u0173 ligomis kaip glaukoma ar diabetin\u0117 retinopatija.","robots":{"index":"index","follow":"follow","max-snippet":"max-snippet:-1","max-image-preview":"max-image-preview:large","max-video-preview":"max-video-preview:-1"},"canonical":"https:\/\/anivet.lt\/elparduotuve\/produktas\/vetilea-neuro-cdp-pasaro-papildas-sunims-ir-katems-50ml\/","og_locale":"lt_LT","og_type":"article","og_title":"Vetilea\u00a0 Neuro-Cdp pa\u0161aro papildas \u0161unims ir kat\u0117ms 50ml","og_description":"Pa\u017eangus neuroprotekcinis pa\u0161aro papildas, skirtas \u0161unims ir kat\u0117ms, padedantis spr\u0119sti neurologines ir oftalmologines problemas. Tai efektyvus sprendimas geresnei gyvenimo kokybei palaikyti sergant kognityvin\u0117s disfunkcijos sindromu ar tokiomis aki\u0173 ligomis kaip glaukoma ar diabetin\u0117 retinopatija.","og_url":"https:\/\/anivet.lt\/elparduotuve\/produktas\/vetilea-neuro-cdp-pasaro-papildas-sunims-ir-katems-50ml\/","og_site_name":"anivet.lt","article_modified_time":"2025-05-27T13:25:55+00:00","og_image":[{"width":250,"height":250,"url":"https:\/\/anivet.lt\/elparduotuve\/wp-content\/uploads\/2024\/02\/vetilea-neuro-cdp-gel2.jpg","type":"image\/jpeg"}],"twitter_card":"summary_large_image","twitter_misc":{"Est. reading time":"1 minut\u0117"},"schema":{"@context":"https:\/\/schema.org","@graph":[{"@type":"WebPage","@id":"https:\/\/anivet.lt\/elparduotuve\/produktas\/vetilea-neuro-cdp-pasaro-papildas-sunims-ir-katems-50ml\/","url":"https:\/\/anivet.lt\/elparduotuve\/produktas\/vetilea-neuro-cdp-pasaro-papildas-sunims-ir-katems-50ml\/","name":"Vetilea\u00a0 Neuro-Cdp pa\u0161aro papildas \u0161unims ir kat\u0117ms 50ml - anivet.lt","isPartOf":{"@id":"https:\/\/anivet.lt\/elparduotuve\/#website"},"primaryImageOfPage":{"@id":"https:\/\/anivet.lt\/elparduotuve\/produktas\/vetilea-neuro-cdp-pasaro-papildas-sunims-ir-katems-50ml\/#primaryimage"},"image":{"@id":"https:\/\/anivet.lt\/elparduotuve\/produktas\/vetilea-neuro-cdp-pasaro-papildas-sunims-ir-katems-50ml\/#primaryimage"},"thumbnailUrl":"https:\/\/anivet.lt\/elparduotuve\/wp-content\/uploads\/2024\/02\/vetilea-neuro-cdp-gel2.jpg","datePublished":"2024-02-05T09:56:17+00:00","dateModified":"2025-05-27T13:25:55+00:00","description":"Pa\u017eangus neuroprotekcinis pa\u0161aro papildas, skirtas \u0161unims ir kat\u0117ms, padedantis spr\u0119sti neurologines ir oftalmologines problemas. Tai efektyvus sprendimas geresnei gyvenimo kokybei palaikyti sergant kognityvin\u0117s disfunkcijos sindromu ar tokiomis aki\u0173 ligomis kaip glaukoma ar diabetin\u0117 retinopatija.","breadcrumb":{"@id":"https:\/\/anivet.lt\/elparduotuve\/produktas\/vetilea-neuro-cdp-pasaro-papildas-sunims-ir-katems-50ml\/#breadcrumb"},"inLanguage":"lt-LT","potentialAction":[{"@type":"ReadAction","target":["https:\/\/anivet.lt\/elparduotuve\/produktas\/vetilea-neuro-cdp-pasaro-papildas-sunims-ir-katems-50ml\/"]}]},{"@type":"ImageObject","inLanguage":"lt-LT","@id":"https:\/\/anivet.lt\/elparduotuve\/produktas\/vetilea-neuro-cdp-pasaro-papildas-sunims-ir-katems-50ml\/#primaryimage","url":"https:\/\/anivet.lt\/elparduotuve\/wp-content\/uploads\/2024\/02\/vetilea-neuro-cdp-gel2.jpg","contentUrl":"https:\/\/anivet.lt\/elparduotuve\/wp-content\/uploads\/2024\/02\/vetilea-neuro-cdp-gel2.jpg","width":250,"height":250,"caption":"Vetilea\u00a0 Neuro-Cdp pa\u0161aro papildas \u0161unims ir kat\u0117ms 50ml"},{"@type":"BreadcrumbList","@id":"https:\/\/anivet.lt\/elparduotuve\/produktas\/vetilea-neuro-cdp-pasaro-papildas-sunims-ir-katems-50ml\/#breadcrumb","itemListElement":[{"@type":"ListItem","position":1,"name":"Home","item":"https:\/\/anivet.lt\/elparduotuve\/"},{"@type":"ListItem","position":2,"name":"Produktai","item":"https:\/\/anivet.lt\/elparduotuve\/produktai\/"},{"@type":"ListItem","position":3,"name":"Vetilea\u00a0 Neuro-Cdp pa\u0161aro papildas \u0161unims ir kat\u0117ms 50ml"}]},{"@type":"WebSite","@id":"https:\/\/anivet.lt\/elparduotuve\/#website","url":"https:\/\/anivet.lt\/elparduotuve\/","name":"anivet.lt","description":"Viskas J\u016bs\u0173 \u0161uns, kat\u0117s prie\u017ei\u016brai","publisher":{"@id":"https:\/\/anivet.lt\/elparduotuve\/#organization"},"alternateName":"Viskas J\u016bs\u0173 \u0161uns, kat\u0117s prie\u017ei\u016brai","potentialAction":[{"@type":"SearchAction","target":{"@type":"EntryPoint","urlTemplate":"https:\/\/anivet.lt\/elparduotuve\/?s={search_term_string}"},"query-input":{"@type":"PropertyValueSpecification","valueRequired":true,"valueName":"search_term_string"}}],"inLanguage":"lt-LT"},{"@type":"Organization","@id":"https:\/\/anivet.lt\/elparduotuve\/#organization","name":"Viskas J\u016bs\u0173 \u0161uns, kat\u0117s prie\u017ei\u016brai","url":"https:\/\/anivet.lt\/elparduotuve\/","logo":{"@type":"ImageObject","inLanguage":"lt-LT","@id":"https:\/\/anivet.lt\/elparduotuve\/#\/schema\/logo\/image\/","url":"https:\/\/anivet.lt\/elparduotuve\/wp-content\/uploads\/2023\/06\/logo2.jpg","contentUrl":"https:\/\/anivet.lt\/elparduotuve\/wp-content\/uploads\/2023\/06\/logo2.jpg","width":655,"height":194,"caption":"Viskas J\u016bs\u0173 \u0161uns, kat\u0117s prie\u017ei\u016brai"},"image":{"@id":"https:\/\/anivet.lt\/elparduotuve\/#\/schema\/logo\/image\/"}}]}},"_links":{"self":[{"href":"https:\/\/anivet.lt\/elparduotuve\/wp-json\/wp\/v2\/product\/13159","targetHints":{"allow":["GET"]}}],"collection":[{"href":"https:\/\/anivet.lt\/elparduotuve\/wp-json\/wp\/v2\/product"}],"about":[{"href":"https:\/\/anivet.lt\/elparduotuve\/wp-json\/wp\/v2\/types\/product"}],"wp:featuredmedia":[{"embeddable":true,"href":"https:\/\/anivet.lt\/elparduotuve\/wp-json\/wp\/v2\/media\/13161"}],"wp:attachment":[{"href":"https:\/\/anivet.lt\/elparduotuve\/wp-json\/wp\/v2\/media?parent=13159"}],"wp:term":[{"taxonomy":"product_brand","embeddable":true,"href":"https:\/\/anivet.lt\/elparduotuve\/wp-json\/wp\/v2\/product_brand?post=13159"},{"taxonomy":"product_cat","embeddable":true,"href":"https:\/\/anivet.lt\/elparduotuve\/wp-json\/wp\/v2\/product_cat?post=13159"},{"taxonomy":"product_tag","embeddable":true,"href":"https:\/\/anivet.lt\/elparduotuve\/wp-json\/wp\/v2\/product_tag?post=13159"}],"curies":[{"name":"wp","href":"https:\/\/api.w.org\/{rel}","templated":true}]}}