{"id":13162,"date":"2024-02-05T10:06:17","date_gmt":"2024-02-05T10:06:17","guid":{"rendered":"https:\/\/anivet.lt\/elparduotuve\/?post_type=product&#038;p=13162"},"modified":"2025-05-27T13:35:22","modified_gmt":"2025-05-27T13:35:22","slug":"vetilea-neuro-cpd-pasaro-papildas-sunims-30tab","status":"publish","type":"product","link":"https:\/\/anivet.lt\/elparduotuve\/produktas\/vetilea-neuro-cpd-pasaro-papildas-sunims-30tab\/","title":{"rendered":"VETILEA NEURO &#8211; CPD pa\u0161aro papildas \u0161unims nerv\u0173 sistemai 30tab."},"content":{"rendered":"<ul>\n<li style=\"font-weight: 400;\" aria-level=\"1\"><span style=\"font-weight: 400;\">Neuroapsauginis poveikis: Padeda apsaugoti neuronus ir palaikyti smegen\u0173 funkcijas.<\/span><\/li>\n<li style=\"font-weight: 400;\" aria-level=\"1\"><span style=\"font-weight: 400;\">Kognityvin\u0117s funkcijos stimuliacija: Skatina atmint\u012f, suvokim\u0105 ir mokymosi procesus.<\/span><\/li>\n<li style=\"font-weight: 400;\" aria-level=\"1\"><span style=\"font-weight: 400;\">Pagalba regos b\u016bkl\u0117ms: Pritaikytas glaukoma ar diabetine retinopatija sergantiems \u0161unims.<\/span><\/li>\n<li style=\"font-weight: 400;\" aria-level=\"1\"><span style=\"font-weight: 400;\">Praturtintas citikolinu: Palaiko neuron\u0173 membran\u0173 fosfolipid\u0173 sintez\u0119 ir nervini\u0173 signal\u0173 perdavim\u0105.<\/span><\/li>\n<li style=\"font-weight: 400;\" aria-level=\"1\"><span style=\"font-weight: 400;\">B grup\u0117s vitaminai: Padeda palaikyti centrin\u0117s nerv\u0173 sistemos veikl\u0105 ir energijos apykait\u0105.<\/span><\/li>\n<\/ul>\n<p><span style=\"font-weight: 400;\">Veiksmingas sprendimas \u0161unims, kuri\u0173 kognityvin\u0117s funkcijos pradeda silpn\u0117ti. Citikolinas ir B grup\u0117s vitaminai u\u017etikrina tiek smegen\u0173, tiek regos sistemos param\u0105, tod\u0117l papildas ypa\u010d naudingas senstantiems arba neurologini\u0173 bei oftalmologini\u0173 problem\u0173 turintiems augintiniams. Tai patikimas b\u016bdas pagerinti j\u0173 kasdien\u0119 savijaut\u0105 ir gyvenimo kokyb\u0119.<\/span><\/p>\n","protected":false},"excerpt":{"rendered":"<p><span style=\"font-weight: 400;\">Specialiai sukurtas papildas \u0161unims, skirtas pad\u0117ti kognityvin\u0117s disfunkcijos sindromo atvejais bei esant regos nervo ir tinklain\u0117s problemoms, tokioms kaip glaukoma ar diabetin\u0117 retinopatija. Tai inovatyvus sprendimas, siekiant pagerinti \u0161un\u0173 kognityvines funkcijas ir gyvenimo kokyb\u0119.<\/span><\/p>\n","protected":false},"featured_media":16314,"template":"","meta":[],"product_brand":[],"product_cat":[101,113],"product_tag":[],"class_list":{"0":"post-13162","1":"product","2":"type-product","3":"status-publish","4":"has-post-thumbnail","6":"product_cat-sunims","7":"product_cat-vitaminai-ir-papildai","8":"pa_prekinis-zenklas-vetilea-ispanija","10":"first","11":"instock","12":"taxable","13":"shipping-taxable","14":"purchasable","15":"product-type-simple"},"yoast_head":"<!-- This site is optimized with the Yoast SEO Premium plugin v27.1 (Yoast SEO v27.5) - https:\/\/yoast.com\/product\/yoast-seo-premium-wordpress\/ -->\n<title>VETILEA NEURO - CPD pa\u0161aro papildas \u0161unims nerv\u0173 sistemai 30tab. - anivet.lt<\/title>\n<meta name=\"description\" content=\"Specialiai sukurtas papildas \u0161unims, skirtas pad\u0117ti kognityvin\u0117s disfunkcijos sindromo atvejais bei esant regos nervo ir tinklain\u0117s problemoms, tokioms kaip glaukoma ar diabetin\u0117 retinopatija. Tai inovatyvus sprendimas, siekiant pagerinti \u0161un\u0173 kognityvines funkcijas ir gyvenimo kokyb\u0119.\" \/>\n<meta name=\"robots\" content=\"index, follow, max-snippet:-1, max-image-preview:large, max-video-preview:-1\" \/>\n<link rel=\"canonical\" href=\"https:\/\/anivet.lt\/elparduotuve\/produktas\/vetilea-neuro-cpd-pasaro-papildas-sunims-30tab\/\" \/>\n<meta property=\"og:locale\" content=\"lt_LT\" \/>\n<meta property=\"og:type\" content=\"article\" \/>\n<meta property=\"og:title\" content=\"VETILEA NEURO - CPD pa\u0161aro papildas \u0161unims nerv\u0173 sistemai 30tab.\" \/>\n<meta property=\"og:description\" content=\"Specialiai sukurtas papildas \u0161unims, skirtas pad\u0117ti kognityvin\u0117s disfunkcijos sindromo atvejais bei esant regos nervo ir tinklain\u0117s problemoms, tokioms kaip glaukoma ar diabetin\u0117 retinopatija. Tai inovatyvus sprendimas, siekiant pagerinti \u0161un\u0173 kognityvines funkcijas ir gyvenimo kokyb\u0119.\" \/>\n<meta property=\"og:url\" content=\"https:\/\/anivet.lt\/elparduotuve\/produktas\/vetilea-neuro-cpd-pasaro-papildas-sunims-30tab\/\" \/>\n<meta property=\"og:site_name\" content=\"anivet.lt\" \/>\n<meta property=\"article:modified_time\" content=\"2025-05-27T13:35:22+00:00\" \/>\n<meta property=\"og:image\" content=\"https:\/\/anivet.lt\/elparduotuve\/wp-content\/uploads\/2024\/02\/neuro_cdp_collage.png\" \/>\n\t<meta property=\"og:image:width\" content=\"500\" \/>\n\t<meta property=\"og:image:height\" content=\"498\" \/>\n\t<meta property=\"og:image:type\" content=\"image\/png\" \/>\n<meta name=\"twitter:card\" content=\"summary_large_image\" \/>\n<meta name=\"twitter:label1\" content=\"Est. reading time\" \/>\n\t<meta name=\"twitter:data1\" content=\"1 minut\u0117\" \/>\n<script type=\"application\/ld+json\" class=\"yoast-schema-graph\">{\"@context\":\"https:\\\/\\\/schema.org\",\"@graph\":[{\"@type\":\"WebPage\",\"@id\":\"https:\\\/\\\/anivet.lt\\\/elparduotuve\\\/produktas\\\/vetilea-neuro-cpd-pasaro-papildas-sunims-30tab\\\/\",\"url\":\"https:\\\/\\\/anivet.lt\\\/elparduotuve\\\/produktas\\\/vetilea-neuro-cpd-pasaro-papildas-sunims-30tab\\\/\",\"name\":\"VETILEA NEURO - CPD pa\u0161aro papildas \u0161unims nerv\u0173 sistemai 30tab. - anivet.lt\",\"isPartOf\":{\"@id\":\"https:\\\/\\\/anivet.lt\\\/elparduotuve\\\/#website\"},\"primaryImageOfPage\":{\"@id\":\"https:\\\/\\\/anivet.lt\\\/elparduotuve\\\/produktas\\\/vetilea-neuro-cpd-pasaro-papildas-sunims-30tab\\\/#primaryimage\"},\"image\":{\"@id\":\"https:\\\/\\\/anivet.lt\\\/elparduotuve\\\/produktas\\\/vetilea-neuro-cpd-pasaro-papildas-sunims-30tab\\\/#primaryimage\"},\"thumbnailUrl\":\"https:\\\/\\\/anivet.lt\\\/elparduotuve\\\/wp-content\\\/uploads\\\/2024\\\/02\\\/neuro_cdp_collage.png\",\"datePublished\":\"2024-02-05T10:06:17+00:00\",\"dateModified\":\"2025-05-27T13:35:22+00:00\",\"description\":\"Specialiai sukurtas papildas \u0161unims, skirtas pad\u0117ti kognityvin\u0117s disfunkcijos sindromo atvejais bei esant regos nervo ir tinklain\u0117s problemoms, tokioms kaip glaukoma ar diabetin\u0117 retinopatija. Tai inovatyvus sprendimas, siekiant pagerinti \u0161un\u0173 kognityvines funkcijas ir gyvenimo kokyb\u0119.\",\"breadcrumb\":{\"@id\":\"https:\\\/\\\/anivet.lt\\\/elparduotuve\\\/produktas\\\/vetilea-neuro-cpd-pasaro-papildas-sunims-30tab\\\/#breadcrumb\"},\"inLanguage\":\"lt-LT\",\"potentialAction\":[{\"@type\":\"ReadAction\",\"target\":[\"https:\\\/\\\/anivet.lt\\\/elparduotuve\\\/produktas\\\/vetilea-neuro-cpd-pasaro-papildas-sunims-30tab\\\/\"]}]},{\"@type\":\"ImageObject\",\"inLanguage\":\"lt-LT\",\"@id\":\"https:\\\/\\\/anivet.lt\\\/elparduotuve\\\/produktas\\\/vetilea-neuro-cpd-pasaro-papildas-sunims-30tab\\\/#primaryimage\",\"url\":\"https:\\\/\\\/anivet.lt\\\/elparduotuve\\\/wp-content\\\/uploads\\\/2024\\\/02\\\/neuro_cdp_collage.png\",\"contentUrl\":\"https:\\\/\\\/anivet.lt\\\/elparduotuve\\\/wp-content\\\/uploads\\\/2024\\\/02\\\/neuro_cdp_collage.png\",\"width\":500,\"height\":498,\"caption\":\"VETILEA NEURO - CPD pa\u0161aro papildas \u0161unims nerv\u0173 sistemai 30tab.\"},{\"@type\":\"BreadcrumbList\",\"@id\":\"https:\\\/\\\/anivet.lt\\\/elparduotuve\\\/produktas\\\/vetilea-neuro-cpd-pasaro-papildas-sunims-30tab\\\/#breadcrumb\",\"itemListElement\":[{\"@type\":\"ListItem\",\"position\":1,\"name\":\"Home\",\"item\":\"https:\\\/\\\/anivet.lt\\\/elparduotuve\\\/\"},{\"@type\":\"ListItem\",\"position\":2,\"name\":\"Produktai\",\"item\":\"https:\\\/\\\/anivet.lt\\\/elparduotuve\\\/produktai\\\/\"},{\"@type\":\"ListItem\",\"position\":3,\"name\":\"VETILEA NEURO &#8211; CPD pa\u0161aro papildas \u0161unims nerv\u0173 sistemai 30tab.\"}]},{\"@type\":\"WebSite\",\"@id\":\"https:\\\/\\\/anivet.lt\\\/elparduotuve\\\/#website\",\"url\":\"https:\\\/\\\/anivet.lt\\\/elparduotuve\\\/\",\"name\":\"anivet.lt\",\"description\":\"Viskas J\u016bs\u0173 \u0161uns, kat\u0117s prie\u017ei\u016brai\",\"publisher\":{\"@id\":\"https:\\\/\\\/anivet.lt\\\/elparduotuve\\\/#organization\"},\"alternateName\":\"Viskas J\u016bs\u0173 \u0161uns, kat\u0117s prie\u017ei\u016brai\",\"potentialAction\":[{\"@type\":\"SearchAction\",\"target\":{\"@type\":\"EntryPoint\",\"urlTemplate\":\"https:\\\/\\\/anivet.lt\\\/elparduotuve\\\/?s={search_term_string}\"},\"query-input\":{\"@type\":\"PropertyValueSpecification\",\"valueRequired\":true,\"valueName\":\"search_term_string\"}}],\"inLanguage\":\"lt-LT\"},{\"@type\":\"Organization\",\"@id\":\"https:\\\/\\\/anivet.lt\\\/elparduotuve\\\/#organization\",\"name\":\"Viskas J\u016bs\u0173 \u0161uns, kat\u0117s prie\u017ei\u016brai\",\"url\":\"https:\\\/\\\/anivet.lt\\\/elparduotuve\\\/\",\"logo\":{\"@type\":\"ImageObject\",\"inLanguage\":\"lt-LT\",\"@id\":\"https:\\\/\\\/anivet.lt\\\/elparduotuve\\\/#\\\/schema\\\/logo\\\/image\\\/\",\"url\":\"https:\\\/\\\/anivet.lt\\\/elparduotuve\\\/wp-content\\\/uploads\\\/2023\\\/06\\\/logo2.jpg\",\"contentUrl\":\"https:\\\/\\\/anivet.lt\\\/elparduotuve\\\/wp-content\\\/uploads\\\/2023\\\/06\\\/logo2.jpg\",\"width\":655,\"height\":194,\"caption\":\"Viskas J\u016bs\u0173 \u0161uns, kat\u0117s prie\u017ei\u016brai\"},\"image\":{\"@id\":\"https:\\\/\\\/anivet.lt\\\/elparduotuve\\\/#\\\/schema\\\/logo\\\/image\\\/\"}}]}<\/script>\n<!-- \/ Yoast SEO Premium plugin. -->","yoast_head_json":{"title":"VETILEA NEURO - CPD pa\u0161aro papildas \u0161unims nerv\u0173 sistemai 30tab. - anivet.lt","description":"Specialiai sukurtas papildas \u0161unims, skirtas pad\u0117ti kognityvin\u0117s disfunkcijos sindromo atvejais bei esant regos nervo ir tinklain\u0117s problemoms, tokioms kaip glaukoma ar diabetin\u0117 retinopatija. Tai inovatyvus sprendimas, siekiant pagerinti \u0161un\u0173 kognityvines funkcijas ir gyvenimo kokyb\u0119.","robots":{"index":"index","follow":"follow","max-snippet":"max-snippet:-1","max-image-preview":"max-image-preview:large","max-video-preview":"max-video-preview:-1"},"canonical":"https:\/\/anivet.lt\/elparduotuve\/produktas\/vetilea-neuro-cpd-pasaro-papildas-sunims-30tab\/","og_locale":"lt_LT","og_type":"article","og_title":"VETILEA NEURO - CPD pa\u0161aro papildas \u0161unims nerv\u0173 sistemai 30tab.","og_description":"Specialiai sukurtas papildas \u0161unims, skirtas pad\u0117ti kognityvin\u0117s disfunkcijos sindromo atvejais bei esant regos nervo ir tinklain\u0117s problemoms, tokioms kaip glaukoma ar diabetin\u0117 retinopatija. Tai inovatyvus sprendimas, siekiant pagerinti \u0161un\u0173 kognityvines funkcijas ir gyvenimo kokyb\u0119.","og_url":"https:\/\/anivet.lt\/elparduotuve\/produktas\/vetilea-neuro-cpd-pasaro-papildas-sunims-30tab\/","og_site_name":"anivet.lt","article_modified_time":"2025-05-27T13:35:22+00:00","og_image":[{"width":500,"height":498,"url":"https:\/\/anivet.lt\/elparduotuve\/wp-content\/uploads\/2024\/02\/neuro_cdp_collage.png","type":"image\/png"}],"twitter_card":"summary_large_image","twitter_misc":{"Est. reading time":"1 minut\u0117"},"schema":{"@context":"https:\/\/schema.org","@graph":[{"@type":"WebPage","@id":"https:\/\/anivet.lt\/elparduotuve\/produktas\/vetilea-neuro-cpd-pasaro-papildas-sunims-30tab\/","url":"https:\/\/anivet.lt\/elparduotuve\/produktas\/vetilea-neuro-cpd-pasaro-papildas-sunims-30tab\/","name":"VETILEA NEURO - CPD pa\u0161aro papildas \u0161unims nerv\u0173 sistemai 30tab. - anivet.lt","isPartOf":{"@id":"https:\/\/anivet.lt\/elparduotuve\/#website"},"primaryImageOfPage":{"@id":"https:\/\/anivet.lt\/elparduotuve\/produktas\/vetilea-neuro-cpd-pasaro-papildas-sunims-30tab\/#primaryimage"},"image":{"@id":"https:\/\/anivet.lt\/elparduotuve\/produktas\/vetilea-neuro-cpd-pasaro-papildas-sunims-30tab\/#primaryimage"},"thumbnailUrl":"https:\/\/anivet.lt\/elparduotuve\/wp-content\/uploads\/2024\/02\/neuro_cdp_collage.png","datePublished":"2024-02-05T10:06:17+00:00","dateModified":"2025-05-27T13:35:22+00:00","description":"Specialiai sukurtas papildas \u0161unims, skirtas pad\u0117ti kognityvin\u0117s disfunkcijos sindromo atvejais bei esant regos nervo ir tinklain\u0117s problemoms, tokioms kaip glaukoma ar diabetin\u0117 retinopatija. Tai inovatyvus sprendimas, siekiant pagerinti \u0161un\u0173 kognityvines funkcijas ir gyvenimo kokyb\u0119.","breadcrumb":{"@id":"https:\/\/anivet.lt\/elparduotuve\/produktas\/vetilea-neuro-cpd-pasaro-papildas-sunims-30tab\/#breadcrumb"},"inLanguage":"lt-LT","potentialAction":[{"@type":"ReadAction","target":["https:\/\/anivet.lt\/elparduotuve\/produktas\/vetilea-neuro-cpd-pasaro-papildas-sunims-30tab\/"]}]},{"@type":"ImageObject","inLanguage":"lt-LT","@id":"https:\/\/anivet.lt\/elparduotuve\/produktas\/vetilea-neuro-cpd-pasaro-papildas-sunims-30tab\/#primaryimage","url":"https:\/\/anivet.lt\/elparduotuve\/wp-content\/uploads\/2024\/02\/neuro_cdp_collage.png","contentUrl":"https:\/\/anivet.lt\/elparduotuve\/wp-content\/uploads\/2024\/02\/neuro_cdp_collage.png","width":500,"height":498,"caption":"VETILEA NEURO - CPD pa\u0161aro papildas \u0161unims nerv\u0173 sistemai 30tab."},{"@type":"BreadcrumbList","@id":"https:\/\/anivet.lt\/elparduotuve\/produktas\/vetilea-neuro-cpd-pasaro-papildas-sunims-30tab\/#breadcrumb","itemListElement":[{"@type":"ListItem","position":1,"name":"Home","item":"https:\/\/anivet.lt\/elparduotuve\/"},{"@type":"ListItem","position":2,"name":"Produktai","item":"https:\/\/anivet.lt\/elparduotuve\/produktai\/"},{"@type":"ListItem","position":3,"name":"VETILEA NEURO &#8211; CPD pa\u0161aro papildas \u0161unims nerv\u0173 sistemai 30tab."}]},{"@type":"WebSite","@id":"https:\/\/anivet.lt\/elparduotuve\/#website","url":"https:\/\/anivet.lt\/elparduotuve\/","name":"anivet.lt","description":"Viskas J\u016bs\u0173 \u0161uns, kat\u0117s prie\u017ei\u016brai","publisher":{"@id":"https:\/\/anivet.lt\/elparduotuve\/#organization"},"alternateName":"Viskas J\u016bs\u0173 \u0161uns, kat\u0117s prie\u017ei\u016brai","potentialAction":[{"@type":"SearchAction","target":{"@type":"EntryPoint","urlTemplate":"https:\/\/anivet.lt\/elparduotuve\/?s={search_term_string}"},"query-input":{"@type":"PropertyValueSpecification","valueRequired":true,"valueName":"search_term_string"}}],"inLanguage":"lt-LT"},{"@type":"Organization","@id":"https:\/\/anivet.lt\/elparduotuve\/#organization","name":"Viskas J\u016bs\u0173 \u0161uns, kat\u0117s prie\u017ei\u016brai","url":"https:\/\/anivet.lt\/elparduotuve\/","logo":{"@type":"ImageObject","inLanguage":"lt-LT","@id":"https:\/\/anivet.lt\/elparduotuve\/#\/schema\/logo\/image\/","url":"https:\/\/anivet.lt\/elparduotuve\/wp-content\/uploads\/2023\/06\/logo2.jpg","contentUrl":"https:\/\/anivet.lt\/elparduotuve\/wp-content\/uploads\/2023\/06\/logo2.jpg","width":655,"height":194,"caption":"Viskas J\u016bs\u0173 \u0161uns, kat\u0117s prie\u017ei\u016brai"},"image":{"@id":"https:\/\/anivet.lt\/elparduotuve\/#\/schema\/logo\/image\/"}}]}},"_links":{"self":[{"href":"https:\/\/anivet.lt\/elparduotuve\/wp-json\/wp\/v2\/product\/13162","targetHints":{"allow":["GET"]}}],"collection":[{"href":"https:\/\/anivet.lt\/elparduotuve\/wp-json\/wp\/v2\/product"}],"about":[{"href":"https:\/\/anivet.lt\/elparduotuve\/wp-json\/wp\/v2\/types\/product"}],"wp:featuredmedia":[{"embeddable":true,"href":"https:\/\/anivet.lt\/elparduotuve\/wp-json\/wp\/v2\/media\/16314"}],"wp:attachment":[{"href":"https:\/\/anivet.lt\/elparduotuve\/wp-json\/wp\/v2\/media?parent=13162"}],"wp:term":[{"taxonomy":"product_brand","embeddable":true,"href":"https:\/\/anivet.lt\/elparduotuve\/wp-json\/wp\/v2\/product_brand?post=13162"},{"taxonomy":"product_cat","embeddable":true,"href":"https:\/\/anivet.lt\/elparduotuve\/wp-json\/wp\/v2\/product_cat?post=13162"},{"taxonomy":"product_tag","embeddable":true,"href":"https:\/\/anivet.lt\/elparduotuve\/wp-json\/wp\/v2\/product_tag?post=13162"}],"curies":[{"name":"wp","href":"https:\/\/api.w.org\/{rel}","templated":true}]}}