{"id":13274,"date":"2024-03-04T12:32:16","date_gmt":"2024-03-04T12:32:16","guid":{"rendered":"https:\/\/anivet.lt\/elparduotuve\/?post_type=product&#038;p=13274"},"modified":"2025-12-11T21:32:21","modified_gmt":"2025-12-11T21:32:21","slug":"advance-atopic-mini-dog-upetakis-15-kg","status":"publish","type":"product","link":"https:\/\/anivet.lt\/elparduotuve\/produktas\/advance-atopic-mini-dog-upetakis-15-kg\/","title":{"rendered":"Advance Atopic Mini Dog (up\u0117takis) 1,5 kg"},"content":{"rendered":"<ul>\n<li style=\"font-weight: 400;\" aria-level=\"1\"><span style=\"font-weight: 400;\">Odos sveikatos palaikymas: Auk\u0161tos kokyb\u0117s up\u0117takis (18%) ir hidrolizuotas kolagenas (2,6%) padeda atkurti ir i\u0161laikyti sveik\u0105 odos funkcij\u0105.<\/span><\/li>\n<li style=\"font-weight: 400;\" aria-level=\"1\"><span style=\"font-weight: 400;\">Omega-3 ir Omega-6 riebal\u0173 r\u016bg\u0161tys: Suteikia odai elastingumo, ma\u017eina u\u017edegim\u0105 ir stiprina kailio blizges\u012f.<\/span><\/li>\n<li style=\"font-weight: 400;\" aria-level=\"1\"><span style=\"font-weight: 400;\">Nat\u016bral\u016bs antioksidantai: Alyvuogi\u0173 lap\u0173 ekstraktas ir vitaminas C palaiko imunin\u0119 sistem\u0105 ir padeda kovoti su oksidaciniu stresu.<\/span><\/li>\n<li style=\"font-weight: 400;\" aria-level=\"1\"><span style=\"font-weight: 400;\">Ma\u017eina maistini\u0173 med\u017eiag\u0173 netoleravim\u0105: Specialiai atrinkti baltym\u0173 \u0161altiniai (kukur\u016bzai, bulv\u0117s, miel\u0117s) u\u017etikrina ger\u0105 vir\u0161kinamum\u0105 ir suma\u017eina galim\u0173 alergini\u0173 reakcij\u0173 rizik\u0105.<\/span><\/li>\n<li style=\"font-weight: 400;\" aria-level=\"1\"><span style=\"font-weight: 400;\">Lengvas vir\u0161kinimas: Ry\u017eiai, burok\u0117li\u0173 mink\u0161timas ir dar\u017eovi\u0173 skaidulos padeda palaikyti skland\u017ei\u0105 vir\u0161kinimo funkcij\u0105.<\/span><\/li>\n<\/ul>\n<p><span style=\"font-weight: 400;\">\u0160is pa\u0161aras yra puikus pasirinkimas jautriems ma\u017e\u0173 veisli\u0173 \u0161unims, kurie turi odos problem\u0173 ar link\u0119 \u012f maisto netoleravim\u0105. \u201eAdvance Atopic Mini\u201c u\u017etikrina subalansuot\u0105 mityb\u0105, ger\u0105 savijaut\u0105 ir sveik\u0105 kail\u012f.<\/span><\/p>\n","protected":false},"excerpt":{"rendered":"<p><span style=\"font-weight: 400;\">Specialiai sukurtas ma\u017e\u0173 veisli\u0173 \u0161unims, sergantiems dermatoze ar turintiems padid\u0117jus\u012f plauk\u0173 slinkim\u0105. \u0160is super premium klas\u0117s dietinis pa\u0161aras padeda palaikyti odos funkcij\u0105 ir ma\u017eina maisto med\u017eiag\u0173 netoleravimo rizik\u0105. Tinka \u0161unims nuo 4 m\u0117nesi\u0173 am\u017eiaus.<\/span><\/p>\n","protected":false},"featured_media":17943,"template":"","meta":[],"product_brand":[],"product_cat":[101,103,316,107],"product_tag":[],"class_list":{"0":"post-13274","1":"product","2":"type-product","3":"status-publish","4":"has-post-thumbnail","6":"product_cat-sunims","7":"product_cat-sunu-maistas","8":"product_cat-advance-sunu-maistas","9":"product_cat-veterinarine-dieta","10":"pa_prekinis-zenklas-advance","12":"first","13":"instock","14":"taxable","15":"shipping-taxable","16":"purchasable","17":"product-type-simple"},"yoast_head":"<!-- This site is optimized with the Yoast SEO Premium plugin v27.1 (Yoast SEO v27.5) - https:\/\/yoast.com\/product\/yoast-seo-premium-wordpress\/ -->\n<title>Advance Atopic Mini Dog (up\u0117takis) 1,5 kg - anivet.lt<\/title>\n<meta name=\"description\" content=\"Specialiai sukurtas ma\u017e\u0173 veisli\u0173 \u0161unims, sergantiems dermatoze ar turintiems padid\u0117jus\u012f plauk\u0173 slinkim\u0105. \u0160is super premium klas\u0117s dietinis pa\u0161aras padeda palaikyti odos funkcij\u0105 ir ma\u017eina maisto med\u017eiag\u0173 netoleravimo rizik\u0105. Tinka \u0161unims nuo 4 m\u0117nesi\u0173 am\u017eiaus.\" \/>\n<meta name=\"robots\" content=\"index, follow, max-snippet:-1, max-image-preview:large, max-video-preview:-1\" \/>\n<link rel=\"canonical\" href=\"https:\/\/anivet.lt\/elparduotuve\/produktas\/advance-atopic-mini-dog-upetakis-15-kg\/\" \/>\n<meta property=\"og:locale\" content=\"lt_LT\" \/>\n<meta property=\"og:type\" content=\"article\" \/>\n<meta property=\"og:title\" content=\"Advance Atopic Mini Dog (up\u0117takis) 1,5 kg\" \/>\n<meta property=\"og:description\" content=\"Specialiai sukurtas ma\u017e\u0173 veisli\u0173 \u0161unims, sergantiems dermatoze ar turintiems padid\u0117jus\u012f plauk\u0173 slinkim\u0105. \u0160is super premium klas\u0117s dietinis pa\u0161aras padeda palaikyti odos funkcij\u0105 ir ma\u017eina maisto med\u017eiag\u0173 netoleravimo rizik\u0105. Tinka \u0161unims nuo 4 m\u0117nesi\u0173 am\u017eiaus.\" \/>\n<meta property=\"og:url\" content=\"https:\/\/anivet.lt\/elparduotuve\/produktas\/advance-atopic-mini-dog-upetakis-15-kg\/\" \/>\n<meta property=\"og:site_name\" content=\"anivet.lt\" \/>\n<meta property=\"article:modified_time\" content=\"2025-12-11T21:32:21+00:00\" \/>\n<meta property=\"og:image\" content=\"https:\/\/anivet.lt\/elparduotuve\/wp-content\/uploads\/2024\/03\/Advance-Atopic-Mini.jpg\" \/>\n\t<meta property=\"og:image:width\" content=\"650\" \/>\n\t<meta property=\"og:image:height\" content=\"826\" \/>\n\t<meta property=\"og:image:type\" content=\"image\/jpeg\" \/>\n<meta name=\"twitter:card\" content=\"summary_large_image\" \/>\n<meta name=\"twitter:label1\" content=\"Est. reading time\" \/>\n\t<meta name=\"twitter:data1\" content=\"1 minut\u0117\" \/>\n<script type=\"application\/ld+json\" class=\"yoast-schema-graph\">{\"@context\":\"https:\\\/\\\/schema.org\",\"@graph\":[{\"@type\":\"WebPage\",\"@id\":\"https:\\\/\\\/anivet.lt\\\/elparduotuve\\\/produktas\\\/advance-atopic-mini-dog-upetakis-15-kg\\\/\",\"url\":\"https:\\\/\\\/anivet.lt\\\/elparduotuve\\\/produktas\\\/advance-atopic-mini-dog-upetakis-15-kg\\\/\",\"name\":\"Advance Atopic Mini Dog (up\u0117takis) 1,5 kg - anivet.lt\",\"isPartOf\":{\"@id\":\"https:\\\/\\\/anivet.lt\\\/elparduotuve\\\/#website\"},\"primaryImageOfPage\":{\"@id\":\"https:\\\/\\\/anivet.lt\\\/elparduotuve\\\/produktas\\\/advance-atopic-mini-dog-upetakis-15-kg\\\/#primaryimage\"},\"image\":{\"@id\":\"https:\\\/\\\/anivet.lt\\\/elparduotuve\\\/produktas\\\/advance-atopic-mini-dog-upetakis-15-kg\\\/#primaryimage\"},\"thumbnailUrl\":\"https:\\\/\\\/anivet.lt\\\/elparduotuve\\\/wp-content\\\/uploads\\\/2024\\\/03\\\/Advance-Atopic-Mini.jpg\",\"datePublished\":\"2024-03-04T12:32:16+00:00\",\"dateModified\":\"2025-12-11T21:32:21+00:00\",\"description\":\"Specialiai sukurtas ma\u017e\u0173 veisli\u0173 \u0161unims, sergantiems dermatoze ar turintiems padid\u0117jus\u012f plauk\u0173 slinkim\u0105. \u0160is super premium klas\u0117s dietinis pa\u0161aras padeda palaikyti odos funkcij\u0105 ir ma\u017eina maisto med\u017eiag\u0173 netoleravimo rizik\u0105. Tinka \u0161unims nuo 4 m\u0117nesi\u0173 am\u017eiaus.\",\"breadcrumb\":{\"@id\":\"https:\\\/\\\/anivet.lt\\\/elparduotuve\\\/produktas\\\/advance-atopic-mini-dog-upetakis-15-kg\\\/#breadcrumb\"},\"inLanguage\":\"lt-LT\",\"potentialAction\":[{\"@type\":\"ReadAction\",\"target\":[\"https:\\\/\\\/anivet.lt\\\/elparduotuve\\\/produktas\\\/advance-atopic-mini-dog-upetakis-15-kg\\\/\"]}]},{\"@type\":\"ImageObject\",\"inLanguage\":\"lt-LT\",\"@id\":\"https:\\\/\\\/anivet.lt\\\/elparduotuve\\\/produktas\\\/advance-atopic-mini-dog-upetakis-15-kg\\\/#primaryimage\",\"url\":\"https:\\\/\\\/anivet.lt\\\/elparduotuve\\\/wp-content\\\/uploads\\\/2024\\\/03\\\/Advance-Atopic-Mini.jpg\",\"contentUrl\":\"https:\\\/\\\/anivet.lt\\\/elparduotuve\\\/wp-content\\\/uploads\\\/2024\\\/03\\\/Advance-Atopic-Mini.jpg\",\"width\":650,\"height\":826,\"caption\":\"Advance Atopic Mini Dog (up\u0117takis) 1,5 kg\"},{\"@type\":\"BreadcrumbList\",\"@id\":\"https:\\\/\\\/anivet.lt\\\/elparduotuve\\\/produktas\\\/advance-atopic-mini-dog-upetakis-15-kg\\\/#breadcrumb\",\"itemListElement\":[{\"@type\":\"ListItem\",\"position\":1,\"name\":\"Home\",\"item\":\"https:\\\/\\\/anivet.lt\\\/elparduotuve\\\/\"},{\"@type\":\"ListItem\",\"position\":2,\"name\":\"Produktai\",\"item\":\"https:\\\/\\\/anivet.lt\\\/elparduotuve\\\/produktai\\\/\"},{\"@type\":\"ListItem\",\"position\":3,\"name\":\"Advance Atopic Mini Dog (up\u0117takis) 1,5 kg\"}]},{\"@type\":\"WebSite\",\"@id\":\"https:\\\/\\\/anivet.lt\\\/elparduotuve\\\/#website\",\"url\":\"https:\\\/\\\/anivet.lt\\\/elparduotuve\\\/\",\"name\":\"anivet.lt\",\"description\":\"Viskas J\u016bs\u0173 \u0161uns, kat\u0117s prie\u017ei\u016brai\",\"publisher\":{\"@id\":\"https:\\\/\\\/anivet.lt\\\/elparduotuve\\\/#organization\"},\"alternateName\":\"Viskas J\u016bs\u0173 \u0161uns, kat\u0117s prie\u017ei\u016brai\",\"potentialAction\":[{\"@type\":\"SearchAction\",\"target\":{\"@type\":\"EntryPoint\",\"urlTemplate\":\"https:\\\/\\\/anivet.lt\\\/elparduotuve\\\/?s={search_term_string}\"},\"query-input\":{\"@type\":\"PropertyValueSpecification\",\"valueRequired\":true,\"valueName\":\"search_term_string\"}}],\"inLanguage\":\"lt-LT\"},{\"@type\":\"Organization\",\"@id\":\"https:\\\/\\\/anivet.lt\\\/elparduotuve\\\/#organization\",\"name\":\"Viskas J\u016bs\u0173 \u0161uns, kat\u0117s prie\u017ei\u016brai\",\"url\":\"https:\\\/\\\/anivet.lt\\\/elparduotuve\\\/\",\"logo\":{\"@type\":\"ImageObject\",\"inLanguage\":\"lt-LT\",\"@id\":\"https:\\\/\\\/anivet.lt\\\/elparduotuve\\\/#\\\/schema\\\/logo\\\/image\\\/\",\"url\":\"https:\\\/\\\/anivet.lt\\\/elparduotuve\\\/wp-content\\\/uploads\\\/2023\\\/06\\\/logo2.jpg\",\"contentUrl\":\"https:\\\/\\\/anivet.lt\\\/elparduotuve\\\/wp-content\\\/uploads\\\/2023\\\/06\\\/logo2.jpg\",\"width\":655,\"height\":194,\"caption\":\"Viskas J\u016bs\u0173 \u0161uns, kat\u0117s prie\u017ei\u016brai\"},\"image\":{\"@id\":\"https:\\\/\\\/anivet.lt\\\/elparduotuve\\\/#\\\/schema\\\/logo\\\/image\\\/\"}}]}<\/script>\n<!-- \/ Yoast SEO Premium plugin. -->","yoast_head_json":{"title":"Advance Atopic Mini Dog (up\u0117takis) 1,5 kg - anivet.lt","description":"Specialiai sukurtas ma\u017e\u0173 veisli\u0173 \u0161unims, sergantiems dermatoze ar turintiems padid\u0117jus\u012f plauk\u0173 slinkim\u0105. \u0160is super premium klas\u0117s dietinis pa\u0161aras padeda palaikyti odos funkcij\u0105 ir ma\u017eina maisto med\u017eiag\u0173 netoleravimo rizik\u0105. Tinka \u0161unims nuo 4 m\u0117nesi\u0173 am\u017eiaus.","robots":{"index":"index","follow":"follow","max-snippet":"max-snippet:-1","max-image-preview":"max-image-preview:large","max-video-preview":"max-video-preview:-1"},"canonical":"https:\/\/anivet.lt\/elparduotuve\/produktas\/advance-atopic-mini-dog-upetakis-15-kg\/","og_locale":"lt_LT","og_type":"article","og_title":"Advance Atopic Mini Dog (up\u0117takis) 1,5 kg","og_description":"Specialiai sukurtas ma\u017e\u0173 veisli\u0173 \u0161unims, sergantiems dermatoze ar turintiems padid\u0117jus\u012f plauk\u0173 slinkim\u0105. \u0160is super premium klas\u0117s dietinis pa\u0161aras padeda palaikyti odos funkcij\u0105 ir ma\u017eina maisto med\u017eiag\u0173 netoleravimo rizik\u0105. Tinka \u0161unims nuo 4 m\u0117nesi\u0173 am\u017eiaus.","og_url":"https:\/\/anivet.lt\/elparduotuve\/produktas\/advance-atopic-mini-dog-upetakis-15-kg\/","og_site_name":"anivet.lt","article_modified_time":"2025-12-11T21:32:21+00:00","og_image":[{"width":650,"height":826,"url":"https:\/\/anivet.lt\/elparduotuve\/wp-content\/uploads\/2024\/03\/Advance-Atopic-Mini.jpg","type":"image\/jpeg"}],"twitter_card":"summary_large_image","twitter_misc":{"Est. reading time":"1 minut\u0117"},"schema":{"@context":"https:\/\/schema.org","@graph":[{"@type":"WebPage","@id":"https:\/\/anivet.lt\/elparduotuve\/produktas\/advance-atopic-mini-dog-upetakis-15-kg\/","url":"https:\/\/anivet.lt\/elparduotuve\/produktas\/advance-atopic-mini-dog-upetakis-15-kg\/","name":"Advance Atopic Mini Dog (up\u0117takis) 1,5 kg - anivet.lt","isPartOf":{"@id":"https:\/\/anivet.lt\/elparduotuve\/#website"},"primaryImageOfPage":{"@id":"https:\/\/anivet.lt\/elparduotuve\/produktas\/advance-atopic-mini-dog-upetakis-15-kg\/#primaryimage"},"image":{"@id":"https:\/\/anivet.lt\/elparduotuve\/produktas\/advance-atopic-mini-dog-upetakis-15-kg\/#primaryimage"},"thumbnailUrl":"https:\/\/anivet.lt\/elparduotuve\/wp-content\/uploads\/2024\/03\/Advance-Atopic-Mini.jpg","datePublished":"2024-03-04T12:32:16+00:00","dateModified":"2025-12-11T21:32:21+00:00","description":"Specialiai sukurtas ma\u017e\u0173 veisli\u0173 \u0161unims, sergantiems dermatoze ar turintiems padid\u0117jus\u012f plauk\u0173 slinkim\u0105. \u0160is super premium klas\u0117s dietinis pa\u0161aras padeda palaikyti odos funkcij\u0105 ir ma\u017eina maisto med\u017eiag\u0173 netoleravimo rizik\u0105. Tinka \u0161unims nuo 4 m\u0117nesi\u0173 am\u017eiaus.","breadcrumb":{"@id":"https:\/\/anivet.lt\/elparduotuve\/produktas\/advance-atopic-mini-dog-upetakis-15-kg\/#breadcrumb"},"inLanguage":"lt-LT","potentialAction":[{"@type":"ReadAction","target":["https:\/\/anivet.lt\/elparduotuve\/produktas\/advance-atopic-mini-dog-upetakis-15-kg\/"]}]},{"@type":"ImageObject","inLanguage":"lt-LT","@id":"https:\/\/anivet.lt\/elparduotuve\/produktas\/advance-atopic-mini-dog-upetakis-15-kg\/#primaryimage","url":"https:\/\/anivet.lt\/elparduotuve\/wp-content\/uploads\/2024\/03\/Advance-Atopic-Mini.jpg","contentUrl":"https:\/\/anivet.lt\/elparduotuve\/wp-content\/uploads\/2024\/03\/Advance-Atopic-Mini.jpg","width":650,"height":826,"caption":"Advance Atopic Mini Dog (up\u0117takis) 1,5 kg"},{"@type":"BreadcrumbList","@id":"https:\/\/anivet.lt\/elparduotuve\/produktas\/advance-atopic-mini-dog-upetakis-15-kg\/#breadcrumb","itemListElement":[{"@type":"ListItem","position":1,"name":"Home","item":"https:\/\/anivet.lt\/elparduotuve\/"},{"@type":"ListItem","position":2,"name":"Produktai","item":"https:\/\/anivet.lt\/elparduotuve\/produktai\/"},{"@type":"ListItem","position":3,"name":"Advance Atopic Mini Dog (up\u0117takis) 1,5 kg"}]},{"@type":"WebSite","@id":"https:\/\/anivet.lt\/elparduotuve\/#website","url":"https:\/\/anivet.lt\/elparduotuve\/","name":"anivet.lt","description":"Viskas J\u016bs\u0173 \u0161uns, kat\u0117s prie\u017ei\u016brai","publisher":{"@id":"https:\/\/anivet.lt\/elparduotuve\/#organization"},"alternateName":"Viskas J\u016bs\u0173 \u0161uns, kat\u0117s prie\u017ei\u016brai","potentialAction":[{"@type":"SearchAction","target":{"@type":"EntryPoint","urlTemplate":"https:\/\/anivet.lt\/elparduotuve\/?s={search_term_string}"},"query-input":{"@type":"PropertyValueSpecification","valueRequired":true,"valueName":"search_term_string"}}],"inLanguage":"lt-LT"},{"@type":"Organization","@id":"https:\/\/anivet.lt\/elparduotuve\/#organization","name":"Viskas J\u016bs\u0173 \u0161uns, kat\u0117s prie\u017ei\u016brai","url":"https:\/\/anivet.lt\/elparduotuve\/","logo":{"@type":"ImageObject","inLanguage":"lt-LT","@id":"https:\/\/anivet.lt\/elparduotuve\/#\/schema\/logo\/image\/","url":"https:\/\/anivet.lt\/elparduotuve\/wp-content\/uploads\/2023\/06\/logo2.jpg","contentUrl":"https:\/\/anivet.lt\/elparduotuve\/wp-content\/uploads\/2023\/06\/logo2.jpg","width":655,"height":194,"caption":"Viskas J\u016bs\u0173 \u0161uns, kat\u0117s prie\u017ei\u016brai"},"image":{"@id":"https:\/\/anivet.lt\/elparduotuve\/#\/schema\/logo\/image\/"}}]}},"_links":{"self":[{"href":"https:\/\/anivet.lt\/elparduotuve\/wp-json\/wp\/v2\/product\/13274","targetHints":{"allow":["GET"]}}],"collection":[{"href":"https:\/\/anivet.lt\/elparduotuve\/wp-json\/wp\/v2\/product"}],"about":[{"href":"https:\/\/anivet.lt\/elparduotuve\/wp-json\/wp\/v2\/types\/product"}],"wp:featuredmedia":[{"embeddable":true,"href":"https:\/\/anivet.lt\/elparduotuve\/wp-json\/wp\/v2\/media\/17943"}],"wp:attachment":[{"href":"https:\/\/anivet.lt\/elparduotuve\/wp-json\/wp\/v2\/media?parent=13274"}],"wp:term":[{"taxonomy":"product_brand","embeddable":true,"href":"https:\/\/anivet.lt\/elparduotuve\/wp-json\/wp\/v2\/product_brand?post=13274"},{"taxonomy":"product_cat","embeddable":true,"href":"https:\/\/anivet.lt\/elparduotuve\/wp-json\/wp\/v2\/product_cat?post=13274"},{"taxonomy":"product_tag","embeddable":true,"href":"https:\/\/anivet.lt\/elparduotuve\/wp-json\/wp\/v2\/product_tag?post=13274"}],"curies":[{"name":"wp","href":"https:\/\/api.w.org\/{rel}","templated":true}]}}