{"id":13277,"date":"2024-03-04T13:22:01","date_gmt":"2024-03-04T13:22:01","guid":{"rendered":"https:\/\/anivet.lt\/elparduotuve\/?post_type=product&#038;p=13277"},"modified":"2026-04-03T18:13:54","modified_gmt":"2026-04-03T18:13:54","slug":"advance-atopic-dog-med-max-upetakis","status":"publish","type":"product","link":"https:\/\/anivet.lt\/elparduotuve\/produktas\/advance-atopic-dog-med-max-upetakis\/","title":{"rendered":"Advance Atopic Dog Med\/Max (up\u0117takis)"},"content":{"rendered":"<ul>\n<li style=\"font-weight: 400;\"><span style=\"font-weight: 400;\">Odos sveikatos palaikymas: Auk\u0161tos kokyb\u0117s ingredientai, tokie kaip up\u0117takis (17%), hidrolizuotas kolagenas (2,6%) ir alyvuogi\u0173 lap\u0173 ekstraktas, prisideda prie odos regeneracijos ir funkcijos palaikymo.<\/span><\/li>\n<li style=\"font-weight: 400;\"><span style=\"font-weight: 400;\">Maistini\u0173 med\u017eiag\u0173 tolerancija: Specialiai atrinkti baltym\u0173 \u0161altiniai (kukur\u016bzai, bulv\u0117s, miel\u0117s) ma\u017eina netoleravimo rizik\u0105.<\/span><\/li>\n<li style=\"font-weight: 400;\"><span style=\"font-weight: 400;\">Omega riebal\u0173 r\u016bg\u0161tys: Omega-3 (0,63%) ir linolo r\u016bg\u0161tis (2,9%) palaiko odos elastingum\u0105, ma\u017eina u\u017edegim\u0105 ir suteikia kailiui sveik\u0105 blizges\u012f.<\/span><\/li>\n<li style=\"font-weight: 400;\"><span style=\"font-weight: 400;\">Nat\u016bral\u016bs antioksidantai: Alyvuogi\u0173 lap\u0173 ekstraktas ir vitaminas C padeda kovoti su oksidaciniu stresu ir palaiko bendr\u0105 imunitet\u0105.<\/span><\/li>\n<li style=\"font-weight: 400;\"><span style=\"font-weight: 400;\">Lengvas vir\u0161kinimas: Lengvai vir\u0161kinami ingredientai, tokie kaip ry\u017eiai ir burok\u0117li\u0173 mink\u0161timas, u\u017etikrina ger\u0105 vir\u0161kinimo sistemos darb\u0105.<\/span><\/li>\n<\/ul>\n<p><span style=\"font-weight: 400;\">Idealus pasirinkimas \u0161unims, kuriems reikia papildomos odos prie\u017ei\u016bros ir subalansuotos mitybos. \u0160is pa\u0161aras padeda suma\u017einti odos problemas, stiprina kail\u012f ir gerina bendr\u0105 \u0161uns savijaut\u0105.<\/span><\/p>\n","protected":false},"excerpt":{"rendered":"<p><span style=\"font-weight: 400;\">Specialiai sukurtas vidutini\u0173 ir dideli\u0173 veisli\u0173 \u0161unims, \u0161is super premium klas\u0117s pa\u0161aras padeda palaikyti odos funkcij\u0105 sergant dermatoze, esant padid\u0117jusiam plauk\u0173 slinkimui, taip pat ma\u017eina maistini\u0173 med\u017eiag\u0173 netoleravimo rizik\u0105. Tinka naudoti nuo 4 m\u0117nesi\u0173 am\u017eiaus.<\/span><\/p>\n","protected":false},"featured_media":17058,"template":"","meta":[],"product_brand":[],"product_cat":[101,103,316,107],"product_tag":[],"class_list":{"0":"post-13277","1":"product","2":"type-product","3":"status-publish","4":"has-post-thumbnail","6":"product_cat-sunims","7":"product_cat-sunu-maistas","8":"product_cat-advance-sunu-maistas","9":"product_cat-veterinarine-dieta","10":"pa_prekinis-zenklas-advance","12":"first","13":"instock","14":"taxable","15":"shipping-taxable","16":"purchasable","17":"product-type-variable"},"yoast_head":"<!-- This site is optimized with the Yoast SEO Premium plugin v27.1 (Yoast SEO v27.5) - https:\/\/yoast.com\/product\/yoast-seo-premium-wordpress\/ -->\n<title>Advance Atopic Dog Med\/Max (up\u0117takis) - anivet.lt<\/title>\n<meta name=\"description\" content=\"Specialiai sukurtas vidutini\u0173 ir dideli\u0173 veisli\u0173 \u0161unims, \u0161is super premium klas\u0117s pa\u0161aras padeda palaikyti odos funkcij\u0105 sergant dermatoze, esant padid\u0117jusiam plauk\u0173 slinkimui, taip pat ma\u017eina maistini\u0173 med\u017eiag\u0173 netoleravimo rizik\u0105. Tinka naudoti nuo 4 m\u0117nesi\u0173 am\u017eiaus.\" \/>\n<meta name=\"robots\" content=\"index, follow, max-snippet:-1, max-image-preview:large, max-video-preview:-1\" \/>\n<link rel=\"canonical\" href=\"https:\/\/anivet.lt\/elparduotuve\/produktas\/advance-atopic-dog-med-max-upetakis\/\" \/>\n<meta property=\"og:locale\" content=\"lt_LT\" \/>\n<meta property=\"og:type\" content=\"article\" \/>\n<meta property=\"og:title\" content=\"Advance Atopic Dog Med\/Max (up\u0117takis)\" \/>\n<meta property=\"og:description\" content=\"Specialiai sukurtas vidutini\u0173 ir dideli\u0173 veisli\u0173 \u0161unims, \u0161is super premium klas\u0117s pa\u0161aras padeda palaikyti odos funkcij\u0105 sergant dermatoze, esant padid\u0117jusiam plauk\u0173 slinkimui, taip pat ma\u017eina maistini\u0173 med\u017eiag\u0173 netoleravimo rizik\u0105. Tinka naudoti nuo 4 m\u0117nesi\u0173 am\u017eiaus.\" \/>\n<meta property=\"og:url\" content=\"https:\/\/anivet.lt\/elparduotuve\/produktas\/advance-atopic-dog-med-max-upetakis\/\" \/>\n<meta property=\"og:site_name\" content=\"anivet.lt\" \/>\n<meta property=\"article:modified_time\" content=\"2026-04-03T18:13:54+00:00\" \/>\n<meta property=\"og:image\" content=\"https:\/\/anivet.lt\/elparduotuve\/wp-content\/uploads\/2024\/03\/Advance-atopic-med-max-trout.jpg\" \/>\n\t<meta property=\"og:image:width\" content=\"650\" \/>\n\t<meta property=\"og:image:height\" content=\"650\" \/>\n\t<meta property=\"og:image:type\" content=\"image\/jpeg\" \/>\n<meta name=\"twitter:card\" content=\"summary_large_image\" \/>\n<meta name=\"twitter:label1\" content=\"Est. reading time\" \/>\n\t<meta name=\"twitter:data1\" content=\"1 minut\u0117\" \/>\n<script type=\"application\/ld+json\" class=\"yoast-schema-graph\">{\"@context\":\"https:\\\/\\\/schema.org\",\"@graph\":[{\"@type\":\"WebPage\",\"@id\":\"https:\\\/\\\/anivet.lt\\\/elparduotuve\\\/produktas\\\/advance-atopic-dog-med-max-upetakis\\\/\",\"url\":\"https:\\\/\\\/anivet.lt\\\/elparduotuve\\\/produktas\\\/advance-atopic-dog-med-max-upetakis\\\/\",\"name\":\"Advance Atopic Dog Med\\\/Max (up\u0117takis) - anivet.lt\",\"isPartOf\":{\"@id\":\"https:\\\/\\\/anivet.lt\\\/elparduotuve\\\/#website\"},\"primaryImageOfPage\":{\"@id\":\"https:\\\/\\\/anivet.lt\\\/elparduotuve\\\/produktas\\\/advance-atopic-dog-med-max-upetakis\\\/#primaryimage\"},\"image\":{\"@id\":\"https:\\\/\\\/anivet.lt\\\/elparduotuve\\\/produktas\\\/advance-atopic-dog-med-max-upetakis\\\/#primaryimage\"},\"thumbnailUrl\":\"https:\\\/\\\/anivet.lt\\\/elparduotuve\\\/wp-content\\\/uploads\\\/2024\\\/03\\\/Advance-atopic-med-max-trout.jpg\",\"datePublished\":\"2024-03-04T13:22:01+00:00\",\"dateModified\":\"2026-04-03T18:13:54+00:00\",\"description\":\"Specialiai sukurtas vidutini\u0173 ir dideli\u0173 veisli\u0173 \u0161unims, \u0161is super premium klas\u0117s pa\u0161aras padeda palaikyti odos funkcij\u0105 sergant dermatoze, esant padid\u0117jusiam plauk\u0173 slinkimui, taip pat ma\u017eina maistini\u0173 med\u017eiag\u0173 netoleravimo rizik\u0105. Tinka naudoti nuo 4 m\u0117nesi\u0173 am\u017eiaus.\",\"breadcrumb\":{\"@id\":\"https:\\\/\\\/anivet.lt\\\/elparduotuve\\\/produktas\\\/advance-atopic-dog-med-max-upetakis\\\/#breadcrumb\"},\"inLanguage\":\"lt-LT\",\"potentialAction\":[{\"@type\":\"ReadAction\",\"target\":[\"https:\\\/\\\/anivet.lt\\\/elparduotuve\\\/produktas\\\/advance-atopic-dog-med-max-upetakis\\\/\"]}]},{\"@type\":\"ImageObject\",\"inLanguage\":\"lt-LT\",\"@id\":\"https:\\\/\\\/anivet.lt\\\/elparduotuve\\\/produktas\\\/advance-atopic-dog-med-max-upetakis\\\/#primaryimage\",\"url\":\"https:\\\/\\\/anivet.lt\\\/elparduotuve\\\/wp-content\\\/uploads\\\/2024\\\/03\\\/Advance-atopic-med-max-trout.jpg\",\"contentUrl\":\"https:\\\/\\\/anivet.lt\\\/elparduotuve\\\/wp-content\\\/uploads\\\/2024\\\/03\\\/Advance-atopic-med-max-trout.jpg\",\"width\":650,\"height\":650,\"caption\":\"Advance Atopic Dog Med\\\/Max (up\u0117takis)\"},{\"@type\":\"BreadcrumbList\",\"@id\":\"https:\\\/\\\/anivet.lt\\\/elparduotuve\\\/produktas\\\/advance-atopic-dog-med-max-upetakis\\\/#breadcrumb\",\"itemListElement\":[{\"@type\":\"ListItem\",\"position\":1,\"name\":\"Home\",\"item\":\"https:\\\/\\\/anivet.lt\\\/elparduotuve\\\/\"},{\"@type\":\"ListItem\",\"position\":2,\"name\":\"Produktai\",\"item\":\"https:\\\/\\\/anivet.lt\\\/elparduotuve\\\/produktai\\\/\"},{\"@type\":\"ListItem\",\"position\":3,\"name\":\"Advance Atopic Dog Med\\\/Max (up\u0117takis)\"}]},{\"@type\":\"WebSite\",\"@id\":\"https:\\\/\\\/anivet.lt\\\/elparduotuve\\\/#website\",\"url\":\"https:\\\/\\\/anivet.lt\\\/elparduotuve\\\/\",\"name\":\"anivet.lt\",\"description\":\"Viskas J\u016bs\u0173 \u0161uns, kat\u0117s prie\u017ei\u016brai\",\"publisher\":{\"@id\":\"https:\\\/\\\/anivet.lt\\\/elparduotuve\\\/#organization\"},\"alternateName\":\"Viskas J\u016bs\u0173 \u0161uns, kat\u0117s prie\u017ei\u016brai\",\"potentialAction\":[{\"@type\":\"SearchAction\",\"target\":{\"@type\":\"EntryPoint\",\"urlTemplate\":\"https:\\\/\\\/anivet.lt\\\/elparduotuve\\\/?s={search_term_string}\"},\"query-input\":{\"@type\":\"PropertyValueSpecification\",\"valueRequired\":true,\"valueName\":\"search_term_string\"}}],\"inLanguage\":\"lt-LT\"},{\"@type\":\"Organization\",\"@id\":\"https:\\\/\\\/anivet.lt\\\/elparduotuve\\\/#organization\",\"name\":\"Viskas J\u016bs\u0173 \u0161uns, kat\u0117s prie\u017ei\u016brai\",\"url\":\"https:\\\/\\\/anivet.lt\\\/elparduotuve\\\/\",\"logo\":{\"@type\":\"ImageObject\",\"inLanguage\":\"lt-LT\",\"@id\":\"https:\\\/\\\/anivet.lt\\\/elparduotuve\\\/#\\\/schema\\\/logo\\\/image\\\/\",\"url\":\"https:\\\/\\\/anivet.lt\\\/elparduotuve\\\/wp-content\\\/uploads\\\/2023\\\/06\\\/logo2.jpg\",\"contentUrl\":\"https:\\\/\\\/anivet.lt\\\/elparduotuve\\\/wp-content\\\/uploads\\\/2023\\\/06\\\/logo2.jpg\",\"width\":655,\"height\":194,\"caption\":\"Viskas J\u016bs\u0173 \u0161uns, kat\u0117s prie\u017ei\u016brai\"},\"image\":{\"@id\":\"https:\\\/\\\/anivet.lt\\\/elparduotuve\\\/#\\\/schema\\\/logo\\\/image\\\/\"}}]}<\/script>\n<!-- \/ Yoast SEO Premium plugin. -->","yoast_head_json":{"title":"Advance Atopic Dog Med\/Max (up\u0117takis) - anivet.lt","description":"Specialiai sukurtas vidutini\u0173 ir dideli\u0173 veisli\u0173 \u0161unims, \u0161is super premium klas\u0117s pa\u0161aras padeda palaikyti odos funkcij\u0105 sergant dermatoze, esant padid\u0117jusiam plauk\u0173 slinkimui, taip pat ma\u017eina maistini\u0173 med\u017eiag\u0173 netoleravimo rizik\u0105. Tinka naudoti nuo 4 m\u0117nesi\u0173 am\u017eiaus.","robots":{"index":"index","follow":"follow","max-snippet":"max-snippet:-1","max-image-preview":"max-image-preview:large","max-video-preview":"max-video-preview:-1"},"canonical":"https:\/\/anivet.lt\/elparduotuve\/produktas\/advance-atopic-dog-med-max-upetakis\/","og_locale":"lt_LT","og_type":"article","og_title":"Advance Atopic Dog Med\/Max (up\u0117takis)","og_description":"Specialiai sukurtas vidutini\u0173 ir dideli\u0173 veisli\u0173 \u0161unims, \u0161is super premium klas\u0117s pa\u0161aras padeda palaikyti odos funkcij\u0105 sergant dermatoze, esant padid\u0117jusiam plauk\u0173 slinkimui, taip pat ma\u017eina maistini\u0173 med\u017eiag\u0173 netoleravimo rizik\u0105. Tinka naudoti nuo 4 m\u0117nesi\u0173 am\u017eiaus.","og_url":"https:\/\/anivet.lt\/elparduotuve\/produktas\/advance-atopic-dog-med-max-upetakis\/","og_site_name":"anivet.lt","article_modified_time":"2026-04-03T18:13:54+00:00","og_image":[{"width":650,"height":650,"url":"https:\/\/anivet.lt\/elparduotuve\/wp-content\/uploads\/2024\/03\/Advance-atopic-med-max-trout.jpg","type":"image\/jpeg"}],"twitter_card":"summary_large_image","twitter_misc":{"Est. reading time":"1 minut\u0117"},"schema":{"@context":"https:\/\/schema.org","@graph":[{"@type":"WebPage","@id":"https:\/\/anivet.lt\/elparduotuve\/produktas\/advance-atopic-dog-med-max-upetakis\/","url":"https:\/\/anivet.lt\/elparduotuve\/produktas\/advance-atopic-dog-med-max-upetakis\/","name":"Advance Atopic Dog Med\/Max (up\u0117takis) - anivet.lt","isPartOf":{"@id":"https:\/\/anivet.lt\/elparduotuve\/#website"},"primaryImageOfPage":{"@id":"https:\/\/anivet.lt\/elparduotuve\/produktas\/advance-atopic-dog-med-max-upetakis\/#primaryimage"},"image":{"@id":"https:\/\/anivet.lt\/elparduotuve\/produktas\/advance-atopic-dog-med-max-upetakis\/#primaryimage"},"thumbnailUrl":"https:\/\/anivet.lt\/elparduotuve\/wp-content\/uploads\/2024\/03\/Advance-atopic-med-max-trout.jpg","datePublished":"2024-03-04T13:22:01+00:00","dateModified":"2026-04-03T18:13:54+00:00","description":"Specialiai sukurtas vidutini\u0173 ir dideli\u0173 veisli\u0173 \u0161unims, \u0161is super premium klas\u0117s pa\u0161aras padeda palaikyti odos funkcij\u0105 sergant dermatoze, esant padid\u0117jusiam plauk\u0173 slinkimui, taip pat ma\u017eina maistini\u0173 med\u017eiag\u0173 netoleravimo rizik\u0105. Tinka naudoti nuo 4 m\u0117nesi\u0173 am\u017eiaus.","breadcrumb":{"@id":"https:\/\/anivet.lt\/elparduotuve\/produktas\/advance-atopic-dog-med-max-upetakis\/#breadcrumb"},"inLanguage":"lt-LT","potentialAction":[{"@type":"ReadAction","target":["https:\/\/anivet.lt\/elparduotuve\/produktas\/advance-atopic-dog-med-max-upetakis\/"]}]},{"@type":"ImageObject","inLanguage":"lt-LT","@id":"https:\/\/anivet.lt\/elparduotuve\/produktas\/advance-atopic-dog-med-max-upetakis\/#primaryimage","url":"https:\/\/anivet.lt\/elparduotuve\/wp-content\/uploads\/2024\/03\/Advance-atopic-med-max-trout.jpg","contentUrl":"https:\/\/anivet.lt\/elparduotuve\/wp-content\/uploads\/2024\/03\/Advance-atopic-med-max-trout.jpg","width":650,"height":650,"caption":"Advance Atopic Dog Med\/Max (up\u0117takis)"},{"@type":"BreadcrumbList","@id":"https:\/\/anivet.lt\/elparduotuve\/produktas\/advance-atopic-dog-med-max-upetakis\/#breadcrumb","itemListElement":[{"@type":"ListItem","position":1,"name":"Home","item":"https:\/\/anivet.lt\/elparduotuve\/"},{"@type":"ListItem","position":2,"name":"Produktai","item":"https:\/\/anivet.lt\/elparduotuve\/produktai\/"},{"@type":"ListItem","position":3,"name":"Advance Atopic Dog Med\/Max (up\u0117takis)"}]},{"@type":"WebSite","@id":"https:\/\/anivet.lt\/elparduotuve\/#website","url":"https:\/\/anivet.lt\/elparduotuve\/","name":"anivet.lt","description":"Viskas J\u016bs\u0173 \u0161uns, kat\u0117s prie\u017ei\u016brai","publisher":{"@id":"https:\/\/anivet.lt\/elparduotuve\/#organization"},"alternateName":"Viskas J\u016bs\u0173 \u0161uns, kat\u0117s prie\u017ei\u016brai","potentialAction":[{"@type":"SearchAction","target":{"@type":"EntryPoint","urlTemplate":"https:\/\/anivet.lt\/elparduotuve\/?s={search_term_string}"},"query-input":{"@type":"PropertyValueSpecification","valueRequired":true,"valueName":"search_term_string"}}],"inLanguage":"lt-LT"},{"@type":"Organization","@id":"https:\/\/anivet.lt\/elparduotuve\/#organization","name":"Viskas J\u016bs\u0173 \u0161uns, kat\u0117s prie\u017ei\u016brai","url":"https:\/\/anivet.lt\/elparduotuve\/","logo":{"@type":"ImageObject","inLanguage":"lt-LT","@id":"https:\/\/anivet.lt\/elparduotuve\/#\/schema\/logo\/image\/","url":"https:\/\/anivet.lt\/elparduotuve\/wp-content\/uploads\/2023\/06\/logo2.jpg","contentUrl":"https:\/\/anivet.lt\/elparduotuve\/wp-content\/uploads\/2023\/06\/logo2.jpg","width":655,"height":194,"caption":"Viskas J\u016bs\u0173 \u0161uns, kat\u0117s prie\u017ei\u016brai"},"image":{"@id":"https:\/\/anivet.lt\/elparduotuve\/#\/schema\/logo\/image\/"}}]}},"_links":{"self":[{"href":"https:\/\/anivet.lt\/elparduotuve\/wp-json\/wp\/v2\/product\/13277","targetHints":{"allow":["GET"]}}],"collection":[{"href":"https:\/\/anivet.lt\/elparduotuve\/wp-json\/wp\/v2\/product"}],"about":[{"href":"https:\/\/anivet.lt\/elparduotuve\/wp-json\/wp\/v2\/types\/product"}],"wp:featuredmedia":[{"embeddable":true,"href":"https:\/\/anivet.lt\/elparduotuve\/wp-json\/wp\/v2\/media\/17058"}],"wp:attachment":[{"href":"https:\/\/anivet.lt\/elparduotuve\/wp-json\/wp\/v2\/media?parent=13277"}],"wp:term":[{"taxonomy":"product_brand","embeddable":true,"href":"https:\/\/anivet.lt\/elparduotuve\/wp-json\/wp\/v2\/product_brand?post=13277"},{"taxonomy":"product_cat","embeddable":true,"href":"https:\/\/anivet.lt\/elparduotuve\/wp-json\/wp\/v2\/product_cat?post=13277"},{"taxonomy":"product_tag","embeddable":true,"href":"https:\/\/anivet.lt\/elparduotuve\/wp-json\/wp\/v2\/product_tag?post=13277"}],"curies":[{"name":"wp","href":"https:\/\/api.w.org\/{rel}","templated":true}]}}