{"id":13299,"date":"2024-03-05T12:41:27","date_gmt":"2024-03-05T12:41:27","guid":{"rendered":"https:\/\/anivet.lt\/elparduotuve\/?post_type=product&#038;p=13299"},"modified":"2026-03-03T11:23:33","modified_gmt":"2026-03-03T11:23:33","slug":"advance-wet-urinary-cat-konservai-12x85g","status":"publish","type":"product","link":"https:\/\/anivet.lt\/elparduotuve\/produktas\/advance-wet-urinary-cat-konservai-12x85g\/","title":{"rendered":"Advance Wet Urinary Cat konservai 12x85g"},"content":{"rendered":"<ul>\n<li style=\"font-weight: 400;\" aria-level=\"1\">Magnio kiekio kontrol\u0117: Ma\u017eas magnio kiekis padeda tirpdyti struvitinius akmenis ir suma\u017einti j\u0173 susidarymo rizik\u0105.<\/li>\n<li style=\"font-weight: 400;\" aria-level=\"1\">Subalansuota sud\u0117tis: Sud\u0117tyje yra svarbi\u0173 vitamin\u0173, mineral\u0173 ir taurino, kurie palaiko bendr\u0105 sveikat\u0105.<\/li>\n<li style=\"font-weight: 400;\" aria-level=\"1\">Tinka kasdieniam \u0161\u0117rimui: Praturtintas vi\u0161tiena, kad b\u016bt\u0173 u\u017etikrintas puikus skonis ir mitybos vert\u0117.<\/li>\n<li style=\"font-weight: 400;\" aria-level=\"1\">\u0160lapimo pH reguliavimas: Padeda palaikyti tinkam\u0105 \u0161lapimo pH lyg\u012f, ma\u017einant \u0161lapimo tak\u0173 sutrikim\u0173 rizik\u0105.<\/li>\n<li style=\"font-weight: 400;\" aria-level=\"1\">Veterinarinis sprendimas: Puikiai tinka gydant ir prevenci\u0161kai \u0161eriant kates su \u0161lapimo tak\u0173 problemomis.<\/li>\n<\/ul>\n<p>\u201eAdvance Wet Urinary Cat\u201d konservai u\u017etikrina j\u016bs\u0173 kat\u0117s \u0161lapimo tak\u0173 sveikat\u0105 ir suma\u017eina \u0161lapimo akmen\u0173 susidarymo rizik\u0105. \u0160is veterinarinis pa\u0161aras puikiai tinka kasdieniam \u0161\u0117rimui, suteikiant reikaling\u0173 maistini\u0173 med\u017eiag\u0173 ir ger\u0105 skon\u012f.<\/p>\n","protected":false},"excerpt":{"rendered":"<p>\u0160ie konservai yra specialiai sukurti suaugusioms kat\u0117ms, turin\u010dioms \u0161lapimo tak\u0173 problem\u0173, \u012fskaitant struvitini\u0173 akmen\u0173 tirpdym\u0105. Subalansuota formul\u0117 padeda palaikyti sveik\u0105 \u0161lapimo tak\u0173 funkcij\u0105.<\/p>\n","protected":false},"featured_media":13300,"template":"","meta":[],"product_brand":[],"product_cat":[114,102,325,118],"product_tag":[],"class_list":{"0":"post-13299","1":"product","2":"type-product","3":"status-publish","4":"has-post-thumbnail","6":"product_cat-kaciu-maistas","7":"product_cat-katems","8":"product_cat-advance-kaciu-maistas","9":"product_cat-veterinarinis-maistas-katems","10":"pa_prekinis-zenklas-advance","12":"first","13":"instock","14":"sale","15":"taxable","16":"shipping-taxable","17":"purchasable","18":"product-type-simple"},"yoast_head":"<!-- This site is optimized with the Yoast SEO Premium plugin v27.1 (Yoast SEO v27.5) - https:\/\/yoast.com\/product\/yoast-seo-premium-wordpress\/ -->\n<title>Advance Wet Urinary Cat konservai 12x85g - anivet.lt<\/title>\n<meta name=\"description\" content=\"\u0160ie konservai yra specialiai sukurti suaugusioms kat\u0117ms, turin\u010dioms \u0161lapimo tak\u0173 problem\u0173, \u012fskaitant struvitini\u0173 akmen\u0173 tirpdym\u0105. Subalansuota formul\u0117 padeda palaikyti sveik\u0105 \u0161lapimo tak\u0173 funkcij\u0105.\" \/>\n<meta name=\"robots\" content=\"index, follow, max-snippet:-1, max-image-preview:large, max-video-preview:-1\" \/>\n<link rel=\"canonical\" href=\"https:\/\/anivet.lt\/elparduotuve\/produktas\/advance-wet-urinary-cat-konservai-12x85g\/\" \/>\n<meta property=\"og:locale\" content=\"lt_LT\" \/>\n<meta property=\"og:type\" content=\"article\" \/>\n<meta property=\"og:title\" content=\"Advance Wet Urinary Cat konservai 12x85g\" \/>\n<meta property=\"og:description\" content=\"\u0160ie konservai yra specialiai sukurti suaugusioms kat\u0117ms, turin\u010dioms \u0161lapimo tak\u0173 problem\u0173, \u012fskaitant struvitini\u0173 akmen\u0173 tirpdym\u0105. Subalansuota formul\u0117 padeda palaikyti sveik\u0105 \u0161lapimo tak\u0173 funkcij\u0105.\" \/>\n<meta property=\"og:url\" content=\"https:\/\/anivet.lt\/elparduotuve\/produktas\/advance-wet-urinary-cat-konservai-12x85g\/\" \/>\n<meta property=\"og:site_name\" content=\"anivet.lt\" \/>\n<meta property=\"article:modified_time\" content=\"2026-03-03T11:23:33+00:00\" \/>\n<meta property=\"og:image\" content=\"https:\/\/anivet.lt\/elparduotuve\/wp-content\/uploads\/2024\/03\/advance-wet-cat-urinary.jpg\" \/>\n\t<meta property=\"og:image:width\" content=\"800\" \/>\n\t<meta property=\"og:image:height\" content=\"1084\" \/>\n\t<meta property=\"og:image:type\" content=\"image\/jpeg\" \/>\n<meta name=\"twitter:card\" content=\"summary_large_image\" \/>\n<meta name=\"twitter:label1\" content=\"Est. reading time\" \/>\n\t<meta name=\"twitter:data1\" content=\"1 minut\u0117\" \/>\n<script type=\"application\/ld+json\" class=\"yoast-schema-graph\">{\"@context\":\"https:\\\/\\\/schema.org\",\"@graph\":[{\"@type\":\"WebPage\",\"@id\":\"https:\\\/\\\/anivet.lt\\\/elparduotuve\\\/produktas\\\/advance-wet-urinary-cat-konservai-12x85g\\\/\",\"url\":\"https:\\\/\\\/anivet.lt\\\/elparduotuve\\\/produktas\\\/advance-wet-urinary-cat-konservai-12x85g\\\/\",\"name\":\"Advance Wet Urinary Cat konservai 12x85g - anivet.lt\",\"isPartOf\":{\"@id\":\"https:\\\/\\\/anivet.lt\\\/elparduotuve\\\/#website\"},\"primaryImageOfPage\":{\"@id\":\"https:\\\/\\\/anivet.lt\\\/elparduotuve\\\/produktas\\\/advance-wet-urinary-cat-konservai-12x85g\\\/#primaryimage\"},\"image\":{\"@id\":\"https:\\\/\\\/anivet.lt\\\/elparduotuve\\\/produktas\\\/advance-wet-urinary-cat-konservai-12x85g\\\/#primaryimage\"},\"thumbnailUrl\":\"https:\\\/\\\/anivet.lt\\\/elparduotuve\\\/wp-content\\\/uploads\\\/2024\\\/03\\\/advance-wet-cat-urinary.jpg\",\"datePublished\":\"2024-03-05T12:41:27+00:00\",\"dateModified\":\"2026-03-03T11:23:33+00:00\",\"description\":\"\u0160ie konservai yra specialiai sukurti suaugusioms kat\u0117ms, turin\u010dioms \u0161lapimo tak\u0173 problem\u0173, \u012fskaitant struvitini\u0173 akmen\u0173 tirpdym\u0105. Subalansuota formul\u0117 padeda palaikyti sveik\u0105 \u0161lapimo tak\u0173 funkcij\u0105.\",\"breadcrumb\":{\"@id\":\"https:\\\/\\\/anivet.lt\\\/elparduotuve\\\/produktas\\\/advance-wet-urinary-cat-konservai-12x85g\\\/#breadcrumb\"},\"inLanguage\":\"lt-LT\",\"potentialAction\":[{\"@type\":\"ReadAction\",\"target\":[\"https:\\\/\\\/anivet.lt\\\/elparduotuve\\\/produktas\\\/advance-wet-urinary-cat-konservai-12x85g\\\/\"]}]},{\"@type\":\"ImageObject\",\"inLanguage\":\"lt-LT\",\"@id\":\"https:\\\/\\\/anivet.lt\\\/elparduotuve\\\/produktas\\\/advance-wet-urinary-cat-konservai-12x85g\\\/#primaryimage\",\"url\":\"https:\\\/\\\/anivet.lt\\\/elparduotuve\\\/wp-content\\\/uploads\\\/2024\\\/03\\\/advance-wet-cat-urinary.jpg\",\"contentUrl\":\"https:\\\/\\\/anivet.lt\\\/elparduotuve\\\/wp-content\\\/uploads\\\/2024\\\/03\\\/advance-wet-cat-urinary.jpg\",\"width\":800,\"height\":1084,\"caption\":\"Advance Wet Urinary Cat konservai 12x85g\"},{\"@type\":\"BreadcrumbList\",\"@id\":\"https:\\\/\\\/anivet.lt\\\/elparduotuve\\\/produktas\\\/advance-wet-urinary-cat-konservai-12x85g\\\/#breadcrumb\",\"itemListElement\":[{\"@type\":\"ListItem\",\"position\":1,\"name\":\"Home\",\"item\":\"https:\\\/\\\/anivet.lt\\\/elparduotuve\\\/\"},{\"@type\":\"ListItem\",\"position\":2,\"name\":\"Produktai\",\"item\":\"https:\\\/\\\/anivet.lt\\\/elparduotuve\\\/produktai\\\/\"},{\"@type\":\"ListItem\",\"position\":3,\"name\":\"Advance Wet Urinary Cat konservai 12x85g\"}]},{\"@type\":\"WebSite\",\"@id\":\"https:\\\/\\\/anivet.lt\\\/elparduotuve\\\/#website\",\"url\":\"https:\\\/\\\/anivet.lt\\\/elparduotuve\\\/\",\"name\":\"anivet.lt\",\"description\":\"Viskas J\u016bs\u0173 \u0161uns, kat\u0117s prie\u017ei\u016brai\",\"publisher\":{\"@id\":\"https:\\\/\\\/anivet.lt\\\/elparduotuve\\\/#organization\"},\"alternateName\":\"Viskas J\u016bs\u0173 \u0161uns, kat\u0117s prie\u017ei\u016brai\",\"potentialAction\":[{\"@type\":\"SearchAction\",\"target\":{\"@type\":\"EntryPoint\",\"urlTemplate\":\"https:\\\/\\\/anivet.lt\\\/elparduotuve\\\/?s={search_term_string}\"},\"query-input\":{\"@type\":\"PropertyValueSpecification\",\"valueRequired\":true,\"valueName\":\"search_term_string\"}}],\"inLanguage\":\"lt-LT\"},{\"@type\":\"Organization\",\"@id\":\"https:\\\/\\\/anivet.lt\\\/elparduotuve\\\/#organization\",\"name\":\"Viskas J\u016bs\u0173 \u0161uns, kat\u0117s prie\u017ei\u016brai\",\"url\":\"https:\\\/\\\/anivet.lt\\\/elparduotuve\\\/\",\"logo\":{\"@type\":\"ImageObject\",\"inLanguage\":\"lt-LT\",\"@id\":\"https:\\\/\\\/anivet.lt\\\/elparduotuve\\\/#\\\/schema\\\/logo\\\/image\\\/\",\"url\":\"https:\\\/\\\/anivet.lt\\\/elparduotuve\\\/wp-content\\\/uploads\\\/2023\\\/06\\\/logo2.jpg\",\"contentUrl\":\"https:\\\/\\\/anivet.lt\\\/elparduotuve\\\/wp-content\\\/uploads\\\/2023\\\/06\\\/logo2.jpg\",\"width\":655,\"height\":194,\"caption\":\"Viskas J\u016bs\u0173 \u0161uns, kat\u0117s prie\u017ei\u016brai\"},\"image\":{\"@id\":\"https:\\\/\\\/anivet.lt\\\/elparduotuve\\\/#\\\/schema\\\/logo\\\/image\\\/\"}}]}<\/script>\n<!-- \/ Yoast SEO Premium plugin. -->","yoast_head_json":{"title":"Advance Wet Urinary Cat konservai 12x85g - anivet.lt","description":"\u0160ie konservai yra specialiai sukurti suaugusioms kat\u0117ms, turin\u010dioms \u0161lapimo tak\u0173 problem\u0173, \u012fskaitant struvitini\u0173 akmen\u0173 tirpdym\u0105. Subalansuota formul\u0117 padeda palaikyti sveik\u0105 \u0161lapimo tak\u0173 funkcij\u0105.","robots":{"index":"index","follow":"follow","max-snippet":"max-snippet:-1","max-image-preview":"max-image-preview:large","max-video-preview":"max-video-preview:-1"},"canonical":"https:\/\/anivet.lt\/elparduotuve\/produktas\/advance-wet-urinary-cat-konservai-12x85g\/","og_locale":"lt_LT","og_type":"article","og_title":"Advance Wet Urinary Cat konservai 12x85g","og_description":"\u0160ie konservai yra specialiai sukurti suaugusioms kat\u0117ms, turin\u010dioms \u0161lapimo tak\u0173 problem\u0173, \u012fskaitant struvitini\u0173 akmen\u0173 tirpdym\u0105. Subalansuota formul\u0117 padeda palaikyti sveik\u0105 \u0161lapimo tak\u0173 funkcij\u0105.","og_url":"https:\/\/anivet.lt\/elparduotuve\/produktas\/advance-wet-urinary-cat-konservai-12x85g\/","og_site_name":"anivet.lt","article_modified_time":"2026-03-03T11:23:33+00:00","og_image":[{"width":800,"height":1084,"url":"https:\/\/anivet.lt\/elparduotuve\/wp-content\/uploads\/2024\/03\/advance-wet-cat-urinary.jpg","type":"image\/jpeg"}],"twitter_card":"summary_large_image","twitter_misc":{"Est. reading time":"1 minut\u0117"},"schema":{"@context":"https:\/\/schema.org","@graph":[{"@type":"WebPage","@id":"https:\/\/anivet.lt\/elparduotuve\/produktas\/advance-wet-urinary-cat-konservai-12x85g\/","url":"https:\/\/anivet.lt\/elparduotuve\/produktas\/advance-wet-urinary-cat-konservai-12x85g\/","name":"Advance Wet Urinary Cat konservai 12x85g - anivet.lt","isPartOf":{"@id":"https:\/\/anivet.lt\/elparduotuve\/#website"},"primaryImageOfPage":{"@id":"https:\/\/anivet.lt\/elparduotuve\/produktas\/advance-wet-urinary-cat-konservai-12x85g\/#primaryimage"},"image":{"@id":"https:\/\/anivet.lt\/elparduotuve\/produktas\/advance-wet-urinary-cat-konservai-12x85g\/#primaryimage"},"thumbnailUrl":"https:\/\/anivet.lt\/elparduotuve\/wp-content\/uploads\/2024\/03\/advance-wet-cat-urinary.jpg","datePublished":"2024-03-05T12:41:27+00:00","dateModified":"2026-03-03T11:23:33+00:00","description":"\u0160ie konservai yra specialiai sukurti suaugusioms kat\u0117ms, turin\u010dioms \u0161lapimo tak\u0173 problem\u0173, \u012fskaitant struvitini\u0173 akmen\u0173 tirpdym\u0105. Subalansuota formul\u0117 padeda palaikyti sveik\u0105 \u0161lapimo tak\u0173 funkcij\u0105.","breadcrumb":{"@id":"https:\/\/anivet.lt\/elparduotuve\/produktas\/advance-wet-urinary-cat-konservai-12x85g\/#breadcrumb"},"inLanguage":"lt-LT","potentialAction":[{"@type":"ReadAction","target":["https:\/\/anivet.lt\/elparduotuve\/produktas\/advance-wet-urinary-cat-konservai-12x85g\/"]}]},{"@type":"ImageObject","inLanguage":"lt-LT","@id":"https:\/\/anivet.lt\/elparduotuve\/produktas\/advance-wet-urinary-cat-konservai-12x85g\/#primaryimage","url":"https:\/\/anivet.lt\/elparduotuve\/wp-content\/uploads\/2024\/03\/advance-wet-cat-urinary.jpg","contentUrl":"https:\/\/anivet.lt\/elparduotuve\/wp-content\/uploads\/2024\/03\/advance-wet-cat-urinary.jpg","width":800,"height":1084,"caption":"Advance Wet Urinary Cat konservai 12x85g"},{"@type":"BreadcrumbList","@id":"https:\/\/anivet.lt\/elparduotuve\/produktas\/advance-wet-urinary-cat-konservai-12x85g\/#breadcrumb","itemListElement":[{"@type":"ListItem","position":1,"name":"Home","item":"https:\/\/anivet.lt\/elparduotuve\/"},{"@type":"ListItem","position":2,"name":"Produktai","item":"https:\/\/anivet.lt\/elparduotuve\/produktai\/"},{"@type":"ListItem","position":3,"name":"Advance Wet Urinary Cat konservai 12x85g"}]},{"@type":"WebSite","@id":"https:\/\/anivet.lt\/elparduotuve\/#website","url":"https:\/\/anivet.lt\/elparduotuve\/","name":"anivet.lt","description":"Viskas J\u016bs\u0173 \u0161uns, kat\u0117s prie\u017ei\u016brai","publisher":{"@id":"https:\/\/anivet.lt\/elparduotuve\/#organization"},"alternateName":"Viskas J\u016bs\u0173 \u0161uns, kat\u0117s prie\u017ei\u016brai","potentialAction":[{"@type":"SearchAction","target":{"@type":"EntryPoint","urlTemplate":"https:\/\/anivet.lt\/elparduotuve\/?s={search_term_string}"},"query-input":{"@type":"PropertyValueSpecification","valueRequired":true,"valueName":"search_term_string"}}],"inLanguage":"lt-LT"},{"@type":"Organization","@id":"https:\/\/anivet.lt\/elparduotuve\/#organization","name":"Viskas J\u016bs\u0173 \u0161uns, kat\u0117s prie\u017ei\u016brai","url":"https:\/\/anivet.lt\/elparduotuve\/","logo":{"@type":"ImageObject","inLanguage":"lt-LT","@id":"https:\/\/anivet.lt\/elparduotuve\/#\/schema\/logo\/image\/","url":"https:\/\/anivet.lt\/elparduotuve\/wp-content\/uploads\/2023\/06\/logo2.jpg","contentUrl":"https:\/\/anivet.lt\/elparduotuve\/wp-content\/uploads\/2023\/06\/logo2.jpg","width":655,"height":194,"caption":"Viskas J\u016bs\u0173 \u0161uns, kat\u0117s prie\u017ei\u016brai"},"image":{"@id":"https:\/\/anivet.lt\/elparduotuve\/#\/schema\/logo\/image\/"}}]}},"_links":{"self":[{"href":"https:\/\/anivet.lt\/elparduotuve\/wp-json\/wp\/v2\/product\/13299","targetHints":{"allow":["GET"]}}],"collection":[{"href":"https:\/\/anivet.lt\/elparduotuve\/wp-json\/wp\/v2\/product"}],"about":[{"href":"https:\/\/anivet.lt\/elparduotuve\/wp-json\/wp\/v2\/types\/product"}],"wp:featuredmedia":[{"embeddable":true,"href":"https:\/\/anivet.lt\/elparduotuve\/wp-json\/wp\/v2\/media\/13300"}],"wp:attachment":[{"href":"https:\/\/anivet.lt\/elparduotuve\/wp-json\/wp\/v2\/media?parent=13299"}],"wp:term":[{"taxonomy":"product_brand","embeddable":true,"href":"https:\/\/anivet.lt\/elparduotuve\/wp-json\/wp\/v2\/product_brand?post=13299"},{"taxonomy":"product_cat","embeddable":true,"href":"https:\/\/anivet.lt\/elparduotuve\/wp-json\/wp\/v2\/product_cat?post=13299"},{"taxonomy":"product_tag","embeddable":true,"href":"https:\/\/anivet.lt\/elparduotuve\/wp-json\/wp\/v2\/product_tag?post=13299"}],"curies":[{"name":"wp","href":"https:\/\/api.w.org\/{rel}","templated":true}]}}