{"id":13350,"date":"2024-03-09T22:27:10","date_gmt":"2024-03-09T22:27:10","guid":{"rendered":"https:\/\/anivet.lt\/elparduotuve\/?post_type=product&#038;p=13350"},"modified":"2026-02-24T15:37:22","modified_gmt":"2026-02-24T15:37:22","slug":"healthy-meat-cavallo-e-patate-monoproteininis-pastetas-sunims-su-arkliena-ir-bulvemis-400g","status":"publish","type":"product","link":"https:\/\/anivet.lt\/elparduotuve\/produktas\/healthy-meat-cavallo-e-patate-monoproteininis-pastetas-sunims-su-arkliena-ir-bulvemis-400g\/","title":{"rendered":"Healthy Meat Cavallo e Patate monoproteininis pa\u0161tetas \u0161unims su arkliena ir bulv\u0117mis"},"content":{"rendered":"<ul>\n<li style=\"font-weight: 400;\" aria-level=\"1\"><span style=\"font-weight: 400;\">Monoproteinin\u0117 sud\u0117tis: Tik vienas gyv\u016bnin\u0117s kilm\u0117s ingredientas \u2013 arkliena, suma\u017einant alergini\u0173 reakcij\u0173 rizik\u0105.<\/span><\/li>\n<li style=\"font-weight: 400;\" aria-level=\"1\"><span style=\"font-weight: 400;\">Lengvai vir\u0161kinami angliavandeniai: Bulv\u0117s suteikia energijos ir yra \u0161velnios vir\u0161kinimui.<\/span><\/li>\n<li style=\"font-weight: 400;\" aria-level=\"1\"><span style=\"font-weight: 400;\">Nat\u016bral\u016bs ingredientai: 95% arklienos ir 4% bulvi\u0173 u\u017etikrina auk\u0161t\u0105 maistin\u0119 vert\u0119.<\/span><\/li>\n<li style=\"font-weight: 400;\" aria-level=\"1\"><span style=\"font-weight: 400;\">Papildytas vitaminais ir mineralais: Sud\u0117tyje yra vitamin\u0173 A ir D3 bei mikroelement\u0173, toki\u0173 kaip cinkas, gele\u017eis ir selenas.<\/span><\/li>\n<li style=\"font-weight: 400;\" aria-level=\"1\"><span style=\"font-weight: 400;\">Sveikatai naudingi aliejai: Praturtintas saul\u0117gr\u0105\u017e\u0173 aliejumi, kuris palaiko odos ir kailio b\u016bkl\u0119.<\/span><\/li>\n<\/ul>\n<p><span style=\"font-weight: 400;\">\u0160is pa\u0161aras tinka \u0161unims, kuriems reikia ma\u017eiau sudedam\u0173j\u0173 dali\u0173 d\u0117l maisto netoleravimo ar jautrumo. Idealiai subalansuotas kasdieniam \u0161uns mitybos poreiki\u0173 u\u017etikrinimui.<\/span><\/p>\n","protected":false},"excerpt":{"rendered":"<p><span style=\"font-weight: 400;\">\u0160is visavertis dietinis pa\u0161aras yra sukurtas suaugusiems \u0161unims, kuriems reikalingas ribotas maistini\u0173 med\u017eiag\u0173 rinkinys. Jame naudojamas tik vienas gyv\u016bnin\u0117s kilm\u0117s baltym\u0173 \u0161altinis \u2013 arkliena \u2013 ir lengvai vir\u0161kinami angliavandeniai i\u0161 bulvi\u0173.<\/span><\/p>\n","protected":false},"featured_media":13351,"template":"","meta":[],"product_brand":[],"product_cat":[101,103,105],"product_tag":[],"class_list":{"0":"post-13350","1":"product","2":"type-product","3":"status-publish","4":"has-post-thumbnail","6":"product_cat-sunims","7":"product_cat-sunu-maistas","8":"product_cat-konservai","9":"pa_prekinis-zenklas-healthy-meat","11":"first","12":"instock","13":"taxable","14":"shipping-taxable","15":"purchasable","16":"product-type-variable"},"yoast_head":"<!-- This site is optimized with the Yoast SEO Premium plugin v27.1 (Yoast SEO v27.5) - https:\/\/yoast.com\/product\/yoast-seo-premium-wordpress\/ -->\n<title>Healthy Meat Cavallo e Patate monoproteininis pa\u0161tetas \u0161unims su arkliena ir bulv\u0117mis - anivet.lt<\/title>\n<meta name=\"description\" content=\"\u0160is visavertis dietinis pa\u0161aras yra sukurtas suaugusiems \u0161unims, kuriems reikalingas ribotas maistini\u0173 med\u017eiag\u0173 rinkinys. Jame naudojamas tik vienas gyv\u016bnin\u0117s kilm\u0117s baltym\u0173 \u0161altinis \u2013 arkliena \u2013 ir lengvai vir\u0161kinami angliavandeniai i\u0161 bulvi\u0173.\" \/>\n<meta name=\"robots\" content=\"index, follow, max-snippet:-1, max-image-preview:large, max-video-preview:-1\" \/>\n<link rel=\"canonical\" href=\"https:\/\/anivet.lt\/elparduotuve\/produktas\/healthy-meat-cavallo-e-patate-monoproteininis-pastetas-sunims-su-arkliena-ir-bulvemis-400g\/\" \/>\n<meta property=\"og:locale\" content=\"lt_LT\" \/>\n<meta property=\"og:type\" content=\"article\" \/>\n<meta property=\"og:title\" content=\"Healthy Meat Cavallo e Patate monoproteininis pa\u0161tetas \u0161unims su arkliena ir bulv\u0117mis\" \/>\n<meta property=\"og:description\" content=\"\u0160is visavertis dietinis pa\u0161aras yra sukurtas suaugusiems \u0161unims, kuriems reikalingas ribotas maistini\u0173 med\u017eiag\u0173 rinkinys. Jame naudojamas tik vienas gyv\u016bnin\u0117s kilm\u0117s baltym\u0173 \u0161altinis \u2013 arkliena \u2013 ir lengvai vir\u0161kinami angliavandeniai i\u0161 bulvi\u0173.\" \/>\n<meta property=\"og:url\" content=\"https:\/\/anivet.lt\/elparduotuve\/produktas\/healthy-meat-cavallo-e-patate-monoproteininis-pastetas-sunims-su-arkliena-ir-bulvemis-400g\/\" \/>\n<meta property=\"og:site_name\" content=\"anivet.lt\" \/>\n<meta property=\"article:modified_time\" content=\"2026-02-24T15:37:22+00:00\" \/>\n<meta property=\"og:image\" content=\"https:\/\/anivet.lt\/elparduotuve\/wp-content\/uploads\/2024\/03\/Healthymeat-Cavallo-1.jpg\" \/>\n\t<meta property=\"og:image:width\" content=\"528\" \/>\n\t<meta property=\"og:image:height\" content=\"528\" \/>\n\t<meta property=\"og:image:type\" content=\"image\/jpeg\" \/>\n<meta name=\"twitter:card\" content=\"summary_large_image\" \/>\n<meta name=\"twitter:label1\" content=\"Est. reading time\" \/>\n\t<meta name=\"twitter:data1\" content=\"1 minut\u0117\" \/>\n<script type=\"application\/ld+json\" class=\"yoast-schema-graph\">{\"@context\":\"https:\\\/\\\/schema.org\",\"@graph\":[{\"@type\":\"WebPage\",\"@id\":\"https:\\\/\\\/anivet.lt\\\/elparduotuve\\\/produktas\\\/healthy-meat-cavallo-e-patate-monoproteininis-pastetas-sunims-su-arkliena-ir-bulvemis-400g\\\/\",\"url\":\"https:\\\/\\\/anivet.lt\\\/elparduotuve\\\/produktas\\\/healthy-meat-cavallo-e-patate-monoproteininis-pastetas-sunims-su-arkliena-ir-bulvemis-400g\\\/\",\"name\":\"Healthy Meat Cavallo e Patate monoproteininis pa\u0161tetas \u0161unims su arkliena ir bulv\u0117mis - anivet.lt\",\"isPartOf\":{\"@id\":\"https:\\\/\\\/anivet.lt\\\/elparduotuve\\\/#website\"},\"primaryImageOfPage\":{\"@id\":\"https:\\\/\\\/anivet.lt\\\/elparduotuve\\\/produktas\\\/healthy-meat-cavallo-e-patate-monoproteininis-pastetas-sunims-su-arkliena-ir-bulvemis-400g\\\/#primaryimage\"},\"image\":{\"@id\":\"https:\\\/\\\/anivet.lt\\\/elparduotuve\\\/produktas\\\/healthy-meat-cavallo-e-patate-monoproteininis-pastetas-sunims-su-arkliena-ir-bulvemis-400g\\\/#primaryimage\"},\"thumbnailUrl\":\"https:\\\/\\\/anivet.lt\\\/elparduotuve\\\/wp-content\\\/uploads\\\/2024\\\/03\\\/Healthymeat-Cavallo-1.jpg\",\"datePublished\":\"2024-03-09T22:27:10+00:00\",\"dateModified\":\"2026-02-24T15:37:22+00:00\",\"description\":\"\u0160is visavertis dietinis pa\u0161aras yra sukurtas suaugusiems \u0161unims, kuriems reikalingas ribotas maistini\u0173 med\u017eiag\u0173 rinkinys. Jame naudojamas tik vienas gyv\u016bnin\u0117s kilm\u0117s baltym\u0173 \u0161altinis \u2013 arkliena \u2013 ir lengvai vir\u0161kinami angliavandeniai i\u0161 bulvi\u0173.\",\"breadcrumb\":{\"@id\":\"https:\\\/\\\/anivet.lt\\\/elparduotuve\\\/produktas\\\/healthy-meat-cavallo-e-patate-monoproteininis-pastetas-sunims-su-arkliena-ir-bulvemis-400g\\\/#breadcrumb\"},\"inLanguage\":\"lt-LT\",\"potentialAction\":[{\"@type\":\"ReadAction\",\"target\":[\"https:\\\/\\\/anivet.lt\\\/elparduotuve\\\/produktas\\\/healthy-meat-cavallo-e-patate-monoproteininis-pastetas-sunims-su-arkliena-ir-bulvemis-400g\\\/\"]}]},{\"@type\":\"ImageObject\",\"inLanguage\":\"lt-LT\",\"@id\":\"https:\\\/\\\/anivet.lt\\\/elparduotuve\\\/produktas\\\/healthy-meat-cavallo-e-patate-monoproteininis-pastetas-sunims-su-arkliena-ir-bulvemis-400g\\\/#primaryimage\",\"url\":\"https:\\\/\\\/anivet.lt\\\/elparduotuve\\\/wp-content\\\/uploads\\\/2024\\\/03\\\/Healthymeat-Cavallo-1.jpg\",\"contentUrl\":\"https:\\\/\\\/anivet.lt\\\/elparduotuve\\\/wp-content\\\/uploads\\\/2024\\\/03\\\/Healthymeat-Cavallo-1.jpg\",\"width\":528,\"height\":528,\"caption\":\"Healthy Meat Cavallo e Patate monoproteininis pa\u0161tetas \u0161unims su arkliena ir bulv\u0117mis\"},{\"@type\":\"BreadcrumbList\",\"@id\":\"https:\\\/\\\/anivet.lt\\\/elparduotuve\\\/produktas\\\/healthy-meat-cavallo-e-patate-monoproteininis-pastetas-sunims-su-arkliena-ir-bulvemis-400g\\\/#breadcrumb\",\"itemListElement\":[{\"@type\":\"ListItem\",\"position\":1,\"name\":\"Home\",\"item\":\"https:\\\/\\\/anivet.lt\\\/elparduotuve\\\/\"},{\"@type\":\"ListItem\",\"position\":2,\"name\":\"Produktai\",\"item\":\"https:\\\/\\\/anivet.lt\\\/elparduotuve\\\/produktai\\\/\"},{\"@type\":\"ListItem\",\"position\":3,\"name\":\"Healthy Meat Cavallo e Patate monoproteininis pa\u0161tetas \u0161unims su arkliena ir bulv\u0117mis\"}]},{\"@type\":\"WebSite\",\"@id\":\"https:\\\/\\\/anivet.lt\\\/elparduotuve\\\/#website\",\"url\":\"https:\\\/\\\/anivet.lt\\\/elparduotuve\\\/\",\"name\":\"anivet.lt\",\"description\":\"Viskas J\u016bs\u0173 \u0161uns, kat\u0117s prie\u017ei\u016brai\",\"publisher\":{\"@id\":\"https:\\\/\\\/anivet.lt\\\/elparduotuve\\\/#organization\"},\"alternateName\":\"Viskas J\u016bs\u0173 \u0161uns, kat\u0117s prie\u017ei\u016brai\",\"potentialAction\":[{\"@type\":\"SearchAction\",\"target\":{\"@type\":\"EntryPoint\",\"urlTemplate\":\"https:\\\/\\\/anivet.lt\\\/elparduotuve\\\/?s={search_term_string}\"},\"query-input\":{\"@type\":\"PropertyValueSpecification\",\"valueRequired\":true,\"valueName\":\"search_term_string\"}}],\"inLanguage\":\"lt-LT\"},{\"@type\":\"Organization\",\"@id\":\"https:\\\/\\\/anivet.lt\\\/elparduotuve\\\/#organization\",\"name\":\"Viskas J\u016bs\u0173 \u0161uns, kat\u0117s prie\u017ei\u016brai\",\"url\":\"https:\\\/\\\/anivet.lt\\\/elparduotuve\\\/\",\"logo\":{\"@type\":\"ImageObject\",\"inLanguage\":\"lt-LT\",\"@id\":\"https:\\\/\\\/anivet.lt\\\/elparduotuve\\\/#\\\/schema\\\/logo\\\/image\\\/\",\"url\":\"https:\\\/\\\/anivet.lt\\\/elparduotuve\\\/wp-content\\\/uploads\\\/2023\\\/06\\\/logo2.jpg\",\"contentUrl\":\"https:\\\/\\\/anivet.lt\\\/elparduotuve\\\/wp-content\\\/uploads\\\/2023\\\/06\\\/logo2.jpg\",\"width\":655,\"height\":194,\"caption\":\"Viskas J\u016bs\u0173 \u0161uns, kat\u0117s prie\u017ei\u016brai\"},\"image\":{\"@id\":\"https:\\\/\\\/anivet.lt\\\/elparduotuve\\\/#\\\/schema\\\/logo\\\/image\\\/\"}}]}<\/script>\n<!-- \/ Yoast SEO Premium plugin. -->","yoast_head_json":{"title":"Healthy Meat Cavallo e Patate monoproteininis pa\u0161tetas \u0161unims su arkliena ir bulv\u0117mis - anivet.lt","description":"\u0160is visavertis dietinis pa\u0161aras yra sukurtas suaugusiems \u0161unims, kuriems reikalingas ribotas maistini\u0173 med\u017eiag\u0173 rinkinys. Jame naudojamas tik vienas gyv\u016bnin\u0117s kilm\u0117s baltym\u0173 \u0161altinis \u2013 arkliena \u2013 ir lengvai vir\u0161kinami angliavandeniai i\u0161 bulvi\u0173.","robots":{"index":"index","follow":"follow","max-snippet":"max-snippet:-1","max-image-preview":"max-image-preview:large","max-video-preview":"max-video-preview:-1"},"canonical":"https:\/\/anivet.lt\/elparduotuve\/produktas\/healthy-meat-cavallo-e-patate-monoproteininis-pastetas-sunims-su-arkliena-ir-bulvemis-400g\/","og_locale":"lt_LT","og_type":"article","og_title":"Healthy Meat Cavallo e Patate monoproteininis pa\u0161tetas \u0161unims su arkliena ir bulv\u0117mis","og_description":"\u0160is visavertis dietinis pa\u0161aras yra sukurtas suaugusiems \u0161unims, kuriems reikalingas ribotas maistini\u0173 med\u017eiag\u0173 rinkinys. Jame naudojamas tik vienas gyv\u016bnin\u0117s kilm\u0117s baltym\u0173 \u0161altinis \u2013 arkliena \u2013 ir lengvai vir\u0161kinami angliavandeniai i\u0161 bulvi\u0173.","og_url":"https:\/\/anivet.lt\/elparduotuve\/produktas\/healthy-meat-cavallo-e-patate-monoproteininis-pastetas-sunims-su-arkliena-ir-bulvemis-400g\/","og_site_name":"anivet.lt","article_modified_time":"2026-02-24T15:37:22+00:00","og_image":[{"width":528,"height":528,"url":"https:\/\/anivet.lt\/elparduotuve\/wp-content\/uploads\/2024\/03\/Healthymeat-Cavallo-1.jpg","type":"image\/jpeg"}],"twitter_card":"summary_large_image","twitter_misc":{"Est. reading time":"1 minut\u0117"},"schema":{"@context":"https:\/\/schema.org","@graph":[{"@type":"WebPage","@id":"https:\/\/anivet.lt\/elparduotuve\/produktas\/healthy-meat-cavallo-e-patate-monoproteininis-pastetas-sunims-su-arkliena-ir-bulvemis-400g\/","url":"https:\/\/anivet.lt\/elparduotuve\/produktas\/healthy-meat-cavallo-e-patate-monoproteininis-pastetas-sunims-su-arkliena-ir-bulvemis-400g\/","name":"Healthy Meat Cavallo e Patate monoproteininis pa\u0161tetas \u0161unims su arkliena ir bulv\u0117mis - anivet.lt","isPartOf":{"@id":"https:\/\/anivet.lt\/elparduotuve\/#website"},"primaryImageOfPage":{"@id":"https:\/\/anivet.lt\/elparduotuve\/produktas\/healthy-meat-cavallo-e-patate-monoproteininis-pastetas-sunims-su-arkliena-ir-bulvemis-400g\/#primaryimage"},"image":{"@id":"https:\/\/anivet.lt\/elparduotuve\/produktas\/healthy-meat-cavallo-e-patate-monoproteininis-pastetas-sunims-su-arkliena-ir-bulvemis-400g\/#primaryimage"},"thumbnailUrl":"https:\/\/anivet.lt\/elparduotuve\/wp-content\/uploads\/2024\/03\/Healthymeat-Cavallo-1.jpg","datePublished":"2024-03-09T22:27:10+00:00","dateModified":"2026-02-24T15:37:22+00:00","description":"\u0160is visavertis dietinis pa\u0161aras yra sukurtas suaugusiems \u0161unims, kuriems reikalingas ribotas maistini\u0173 med\u017eiag\u0173 rinkinys. Jame naudojamas tik vienas gyv\u016bnin\u0117s kilm\u0117s baltym\u0173 \u0161altinis \u2013 arkliena \u2013 ir lengvai vir\u0161kinami angliavandeniai i\u0161 bulvi\u0173.","breadcrumb":{"@id":"https:\/\/anivet.lt\/elparduotuve\/produktas\/healthy-meat-cavallo-e-patate-monoproteininis-pastetas-sunims-su-arkliena-ir-bulvemis-400g\/#breadcrumb"},"inLanguage":"lt-LT","potentialAction":[{"@type":"ReadAction","target":["https:\/\/anivet.lt\/elparduotuve\/produktas\/healthy-meat-cavallo-e-patate-monoproteininis-pastetas-sunims-su-arkliena-ir-bulvemis-400g\/"]}]},{"@type":"ImageObject","inLanguage":"lt-LT","@id":"https:\/\/anivet.lt\/elparduotuve\/produktas\/healthy-meat-cavallo-e-patate-monoproteininis-pastetas-sunims-su-arkliena-ir-bulvemis-400g\/#primaryimage","url":"https:\/\/anivet.lt\/elparduotuve\/wp-content\/uploads\/2024\/03\/Healthymeat-Cavallo-1.jpg","contentUrl":"https:\/\/anivet.lt\/elparduotuve\/wp-content\/uploads\/2024\/03\/Healthymeat-Cavallo-1.jpg","width":528,"height":528,"caption":"Healthy Meat Cavallo e Patate monoproteininis pa\u0161tetas \u0161unims su arkliena ir bulv\u0117mis"},{"@type":"BreadcrumbList","@id":"https:\/\/anivet.lt\/elparduotuve\/produktas\/healthy-meat-cavallo-e-patate-monoproteininis-pastetas-sunims-su-arkliena-ir-bulvemis-400g\/#breadcrumb","itemListElement":[{"@type":"ListItem","position":1,"name":"Home","item":"https:\/\/anivet.lt\/elparduotuve\/"},{"@type":"ListItem","position":2,"name":"Produktai","item":"https:\/\/anivet.lt\/elparduotuve\/produktai\/"},{"@type":"ListItem","position":3,"name":"Healthy Meat Cavallo e Patate monoproteininis pa\u0161tetas \u0161unims su arkliena ir bulv\u0117mis"}]},{"@type":"WebSite","@id":"https:\/\/anivet.lt\/elparduotuve\/#website","url":"https:\/\/anivet.lt\/elparduotuve\/","name":"anivet.lt","description":"Viskas J\u016bs\u0173 \u0161uns, kat\u0117s prie\u017ei\u016brai","publisher":{"@id":"https:\/\/anivet.lt\/elparduotuve\/#organization"},"alternateName":"Viskas J\u016bs\u0173 \u0161uns, kat\u0117s prie\u017ei\u016brai","potentialAction":[{"@type":"SearchAction","target":{"@type":"EntryPoint","urlTemplate":"https:\/\/anivet.lt\/elparduotuve\/?s={search_term_string}"},"query-input":{"@type":"PropertyValueSpecification","valueRequired":true,"valueName":"search_term_string"}}],"inLanguage":"lt-LT"},{"@type":"Organization","@id":"https:\/\/anivet.lt\/elparduotuve\/#organization","name":"Viskas J\u016bs\u0173 \u0161uns, kat\u0117s prie\u017ei\u016brai","url":"https:\/\/anivet.lt\/elparduotuve\/","logo":{"@type":"ImageObject","inLanguage":"lt-LT","@id":"https:\/\/anivet.lt\/elparduotuve\/#\/schema\/logo\/image\/","url":"https:\/\/anivet.lt\/elparduotuve\/wp-content\/uploads\/2023\/06\/logo2.jpg","contentUrl":"https:\/\/anivet.lt\/elparduotuve\/wp-content\/uploads\/2023\/06\/logo2.jpg","width":655,"height":194,"caption":"Viskas J\u016bs\u0173 \u0161uns, kat\u0117s prie\u017ei\u016brai"},"image":{"@id":"https:\/\/anivet.lt\/elparduotuve\/#\/schema\/logo\/image\/"}}]}},"_links":{"self":[{"href":"https:\/\/anivet.lt\/elparduotuve\/wp-json\/wp\/v2\/product\/13350","targetHints":{"allow":["GET"]}}],"collection":[{"href":"https:\/\/anivet.lt\/elparduotuve\/wp-json\/wp\/v2\/product"}],"about":[{"href":"https:\/\/anivet.lt\/elparduotuve\/wp-json\/wp\/v2\/types\/product"}],"wp:featuredmedia":[{"embeddable":true,"href":"https:\/\/anivet.lt\/elparduotuve\/wp-json\/wp\/v2\/media\/13351"}],"wp:attachment":[{"href":"https:\/\/anivet.lt\/elparduotuve\/wp-json\/wp\/v2\/media?parent=13350"}],"wp:term":[{"taxonomy":"product_brand","embeddable":true,"href":"https:\/\/anivet.lt\/elparduotuve\/wp-json\/wp\/v2\/product_brand?post=13350"},{"taxonomy":"product_cat","embeddable":true,"href":"https:\/\/anivet.lt\/elparduotuve\/wp-json\/wp\/v2\/product_cat?post=13350"},{"taxonomy":"product_tag","embeddable":true,"href":"https:\/\/anivet.lt\/elparduotuve\/wp-json\/wp\/v2\/product_tag?post=13350"}],"curies":[{"name":"wp","href":"https:\/\/api.w.org\/{rel}","templated":true}]}}