{"id":13355,"date":"2024-03-09T22:41:30","date_gmt":"2024-03-09T22:41:30","guid":{"rendered":"https:\/\/anivet.lt\/elparduotuve\/?post_type=product&#038;p=13355"},"modified":"2025-05-30T13:15:34","modified_gmt":"2025-05-30T13:15:34","slug":"healthy-meat-coniglio-monoproteininis-pastetas-sunims-su-triusiena-150g","status":"publish","type":"product","link":"https:\/\/anivet.lt\/elparduotuve\/produktas\/healthy-meat-coniglio-monoproteininis-pastetas-sunims-su-triusiena-150g\/","title":{"rendered":"Healthy Meat Coniglio monoproteininis pa\u0161tetas \u0161unims su triu\u0161iena 150g"},"content":{"rendered":"<ul>\n<li style=\"font-weight: 400;\" aria-level=\"1\"><span style=\"font-weight: 400;\">95% triu\u0161ienos: Auk\u0161tos kokyb\u0117s ir lengvai vir\u0161kinamas baltymas.<\/span><\/li>\n<li style=\"font-weight: 400;\" aria-level=\"1\"><span style=\"font-weight: 400;\">Vienas baltym\u0173 \u0161altinis: Idealus pasirinkimas jautriems ar alergi\u0161kiems \u0161unims.<\/span><\/li>\n<li style=\"font-weight: 400;\" aria-level=\"1\"><span style=\"font-weight: 400;\">Praturtintas saul\u0117gr\u0105\u017e\u0173 aliejumi: Palaiko sveik\u0105 od\u0105 ir kail\u012f.<\/span><\/li>\n<li style=\"font-weight: 400;\" aria-level=\"1\"><span style=\"font-weight: 400;\">Ma\u017eai riebal\u0173: Puikiai tinka norint i\u0161laikyti \u0161uns optimali\u0105 k\u016bno form\u0105.<\/span><\/li>\n<li style=\"font-weight: 400;\" aria-level=\"1\"><span style=\"font-weight: 400;\">Tinka kaip dietinis pa\u0161aras: Padeda valdyti netoleravim\u0105 maistui.<\/span><\/li>\n<\/ul>\n<p><span style=\"font-weight: 400;\">\u0160is pa\u0161tetas yra puikus pasirinkimas tiek \u0161unims, turintiems jautri\u0105 vir\u0161kinimo sistem\u0105, tiek tiems, kurie vertina auk\u0161tos kokyb\u0117s, nat\u016bral\u0173 pa\u0161ar\u0105. Naudojamas tik vienas gyv\u016bnin\u0117s kilm\u0117s baltymas, tod\u0117l produktas padeda i\u0161vengti galim\u0173 alergini\u0173 reakcij\u0173. <\/span><\/p>\n","protected":false},"excerpt":{"rendered":"<p><span style=\"font-weight: 400;\">Visavertis dietinis pa\u0161tetas suaugusiems \u0161unims, sukurtas siekiant suma\u017einti sudedam\u0173j\u0173 dali\u0173 ir maistini\u0173 med\u017eiag\u0173 netoleravim\u0105. Paprasta ir subalansuota sud\u0117tis u\u017etikrina kokyb\u0119 bei skon\u012f.<\/span><\/p>\n","protected":false},"featured_media":13356,"template":"","meta":[],"product_brand":[],"product_cat":[101,103,105],"product_tag":[],"class_list":{"0":"post-13355","1":"product","2":"type-product","3":"status-publish","4":"has-post-thumbnail","6":"product_cat-sunims","7":"product_cat-sunu-maistas","8":"product_cat-konservai","9":"pa_prekinis-zenklas-healthy-meat","11":"first","12":"instock","13":"taxable","14":"shipping-taxable","15":"purchasable","16":"product-type-simple"},"yoast_head":"<!-- This site is optimized with the Yoast SEO Premium plugin v27.1 (Yoast SEO v27.5) - https:\/\/yoast.com\/product\/yoast-seo-premium-wordpress\/ -->\n<title>Healthy Meat Coniglio monoproteininis pa\u0161tetas \u0161unims su triu\u0161iena 150g - anivet.lt<\/title>\n<meta name=\"description\" content=\"Visavertis dietinis pa\u0161tetas suaugusiems \u0161unims, sukurtas siekiant suma\u017einti sudedam\u0173j\u0173 dali\u0173 ir maistini\u0173 med\u017eiag\u0173 netoleravim\u0105. Paprasta ir subalansuota sud\u0117tis u\u017etikrina kokyb\u0119 bei skon\u012f.\" \/>\n<meta name=\"robots\" content=\"index, follow, max-snippet:-1, max-image-preview:large, max-video-preview:-1\" \/>\n<link rel=\"canonical\" href=\"https:\/\/anivet.lt\/elparduotuve\/produktas\/healthy-meat-coniglio-monoproteininis-pastetas-sunims-su-triusiena-150g\/\" \/>\n<meta property=\"og:locale\" content=\"lt_LT\" \/>\n<meta property=\"og:type\" content=\"article\" \/>\n<meta property=\"og:title\" content=\"Healthy Meat Coniglio monoproteininis pa\u0161tetas \u0161unims su triu\u0161iena 150g\" \/>\n<meta property=\"og:description\" content=\"Visavertis dietinis pa\u0161tetas suaugusiems \u0161unims, sukurtas siekiant suma\u017einti sudedam\u0173j\u0173 dali\u0173 ir maistini\u0173 med\u017eiag\u0173 netoleravim\u0105. Paprasta ir subalansuota sud\u0117tis u\u017etikrina kokyb\u0119 bei skon\u012f.\" \/>\n<meta property=\"og:url\" content=\"https:\/\/anivet.lt\/elparduotuve\/produktas\/healthy-meat-coniglio-monoproteininis-pastetas-sunims-su-triusiena-150g\/\" \/>\n<meta property=\"og:site_name\" content=\"anivet.lt\" \/>\n<meta property=\"article:modified_time\" content=\"2025-05-30T13:15:34+00:00\" \/>\n<meta property=\"og:image\" content=\"https:\/\/anivet.lt\/elparduotuve\/wp-content\/uploads\/2024\/03\/Healthy-Meat-Coniglio.jpg\" \/>\n\t<meta property=\"og:image:width\" content=\"528\" \/>\n\t<meta property=\"og:image:height\" content=\"528\" \/>\n\t<meta property=\"og:image:type\" content=\"image\/jpeg\" \/>\n<meta name=\"twitter:card\" content=\"summary_large_image\" \/>\n<meta name=\"twitter:label1\" content=\"Est. reading time\" \/>\n\t<meta name=\"twitter:data1\" content=\"1 minut\u0117\" \/>\n<script type=\"application\/ld+json\" class=\"yoast-schema-graph\">{\"@context\":\"https:\\\/\\\/schema.org\",\"@graph\":[{\"@type\":\"WebPage\",\"@id\":\"https:\\\/\\\/anivet.lt\\\/elparduotuve\\\/produktas\\\/healthy-meat-coniglio-monoproteininis-pastetas-sunims-su-triusiena-150g\\\/\",\"url\":\"https:\\\/\\\/anivet.lt\\\/elparduotuve\\\/produktas\\\/healthy-meat-coniglio-monoproteininis-pastetas-sunims-su-triusiena-150g\\\/\",\"name\":\"Healthy Meat Coniglio monoproteininis pa\u0161tetas \u0161unims su triu\u0161iena 150g - anivet.lt\",\"isPartOf\":{\"@id\":\"https:\\\/\\\/anivet.lt\\\/elparduotuve\\\/#website\"},\"primaryImageOfPage\":{\"@id\":\"https:\\\/\\\/anivet.lt\\\/elparduotuve\\\/produktas\\\/healthy-meat-coniglio-monoproteininis-pastetas-sunims-su-triusiena-150g\\\/#primaryimage\"},\"image\":{\"@id\":\"https:\\\/\\\/anivet.lt\\\/elparduotuve\\\/produktas\\\/healthy-meat-coniglio-monoproteininis-pastetas-sunims-su-triusiena-150g\\\/#primaryimage\"},\"thumbnailUrl\":\"https:\\\/\\\/anivet.lt\\\/elparduotuve\\\/wp-content\\\/uploads\\\/2024\\\/03\\\/Healthy-Meat-Coniglio.jpg\",\"datePublished\":\"2024-03-09T22:41:30+00:00\",\"dateModified\":\"2025-05-30T13:15:34+00:00\",\"description\":\"Visavertis dietinis pa\u0161tetas suaugusiems \u0161unims, sukurtas siekiant suma\u017einti sudedam\u0173j\u0173 dali\u0173 ir maistini\u0173 med\u017eiag\u0173 netoleravim\u0105. Paprasta ir subalansuota sud\u0117tis u\u017etikrina kokyb\u0119 bei skon\u012f.\",\"breadcrumb\":{\"@id\":\"https:\\\/\\\/anivet.lt\\\/elparduotuve\\\/produktas\\\/healthy-meat-coniglio-monoproteininis-pastetas-sunims-su-triusiena-150g\\\/#breadcrumb\"},\"inLanguage\":\"lt-LT\",\"potentialAction\":[{\"@type\":\"ReadAction\",\"target\":[\"https:\\\/\\\/anivet.lt\\\/elparduotuve\\\/produktas\\\/healthy-meat-coniglio-monoproteininis-pastetas-sunims-su-triusiena-150g\\\/\"]}]},{\"@type\":\"ImageObject\",\"inLanguage\":\"lt-LT\",\"@id\":\"https:\\\/\\\/anivet.lt\\\/elparduotuve\\\/produktas\\\/healthy-meat-coniglio-monoproteininis-pastetas-sunims-su-triusiena-150g\\\/#primaryimage\",\"url\":\"https:\\\/\\\/anivet.lt\\\/elparduotuve\\\/wp-content\\\/uploads\\\/2024\\\/03\\\/Healthy-Meat-Coniglio.jpg\",\"contentUrl\":\"https:\\\/\\\/anivet.lt\\\/elparduotuve\\\/wp-content\\\/uploads\\\/2024\\\/03\\\/Healthy-Meat-Coniglio.jpg\",\"width\":528,\"height\":528,\"caption\":\"Healthy Meat Coniglio monoproteininis pa\u0161tetas \u0161unims su triu\u0161iena 150g\"},{\"@type\":\"BreadcrumbList\",\"@id\":\"https:\\\/\\\/anivet.lt\\\/elparduotuve\\\/produktas\\\/healthy-meat-coniglio-monoproteininis-pastetas-sunims-su-triusiena-150g\\\/#breadcrumb\",\"itemListElement\":[{\"@type\":\"ListItem\",\"position\":1,\"name\":\"Home\",\"item\":\"https:\\\/\\\/anivet.lt\\\/elparduotuve\\\/\"},{\"@type\":\"ListItem\",\"position\":2,\"name\":\"Produktai\",\"item\":\"https:\\\/\\\/anivet.lt\\\/elparduotuve\\\/produktai\\\/\"},{\"@type\":\"ListItem\",\"position\":3,\"name\":\"Healthy Meat Coniglio monoproteininis pa\u0161tetas \u0161unims su triu\u0161iena 150g\"}]},{\"@type\":\"WebSite\",\"@id\":\"https:\\\/\\\/anivet.lt\\\/elparduotuve\\\/#website\",\"url\":\"https:\\\/\\\/anivet.lt\\\/elparduotuve\\\/\",\"name\":\"anivet.lt\",\"description\":\"Viskas J\u016bs\u0173 \u0161uns, kat\u0117s prie\u017ei\u016brai\",\"publisher\":{\"@id\":\"https:\\\/\\\/anivet.lt\\\/elparduotuve\\\/#organization\"},\"alternateName\":\"Viskas J\u016bs\u0173 \u0161uns, kat\u0117s prie\u017ei\u016brai\",\"potentialAction\":[{\"@type\":\"SearchAction\",\"target\":{\"@type\":\"EntryPoint\",\"urlTemplate\":\"https:\\\/\\\/anivet.lt\\\/elparduotuve\\\/?s={search_term_string}\"},\"query-input\":{\"@type\":\"PropertyValueSpecification\",\"valueRequired\":true,\"valueName\":\"search_term_string\"}}],\"inLanguage\":\"lt-LT\"},{\"@type\":\"Organization\",\"@id\":\"https:\\\/\\\/anivet.lt\\\/elparduotuve\\\/#organization\",\"name\":\"Viskas J\u016bs\u0173 \u0161uns, kat\u0117s prie\u017ei\u016brai\",\"url\":\"https:\\\/\\\/anivet.lt\\\/elparduotuve\\\/\",\"logo\":{\"@type\":\"ImageObject\",\"inLanguage\":\"lt-LT\",\"@id\":\"https:\\\/\\\/anivet.lt\\\/elparduotuve\\\/#\\\/schema\\\/logo\\\/image\\\/\",\"url\":\"https:\\\/\\\/anivet.lt\\\/elparduotuve\\\/wp-content\\\/uploads\\\/2023\\\/06\\\/logo2.jpg\",\"contentUrl\":\"https:\\\/\\\/anivet.lt\\\/elparduotuve\\\/wp-content\\\/uploads\\\/2023\\\/06\\\/logo2.jpg\",\"width\":655,\"height\":194,\"caption\":\"Viskas J\u016bs\u0173 \u0161uns, kat\u0117s prie\u017ei\u016brai\"},\"image\":{\"@id\":\"https:\\\/\\\/anivet.lt\\\/elparduotuve\\\/#\\\/schema\\\/logo\\\/image\\\/\"}}]}<\/script>\n<!-- \/ Yoast SEO Premium plugin. -->","yoast_head_json":{"title":"Healthy Meat Coniglio monoproteininis pa\u0161tetas \u0161unims su triu\u0161iena 150g - anivet.lt","description":"Visavertis dietinis pa\u0161tetas suaugusiems \u0161unims, sukurtas siekiant suma\u017einti sudedam\u0173j\u0173 dali\u0173 ir maistini\u0173 med\u017eiag\u0173 netoleravim\u0105. Paprasta ir subalansuota sud\u0117tis u\u017etikrina kokyb\u0119 bei skon\u012f.","robots":{"index":"index","follow":"follow","max-snippet":"max-snippet:-1","max-image-preview":"max-image-preview:large","max-video-preview":"max-video-preview:-1"},"canonical":"https:\/\/anivet.lt\/elparduotuve\/produktas\/healthy-meat-coniglio-monoproteininis-pastetas-sunims-su-triusiena-150g\/","og_locale":"lt_LT","og_type":"article","og_title":"Healthy Meat Coniglio monoproteininis pa\u0161tetas \u0161unims su triu\u0161iena 150g","og_description":"Visavertis dietinis pa\u0161tetas suaugusiems \u0161unims, sukurtas siekiant suma\u017einti sudedam\u0173j\u0173 dali\u0173 ir maistini\u0173 med\u017eiag\u0173 netoleravim\u0105. Paprasta ir subalansuota sud\u0117tis u\u017etikrina kokyb\u0119 bei skon\u012f.","og_url":"https:\/\/anivet.lt\/elparduotuve\/produktas\/healthy-meat-coniglio-monoproteininis-pastetas-sunims-su-triusiena-150g\/","og_site_name":"anivet.lt","article_modified_time":"2025-05-30T13:15:34+00:00","og_image":[{"width":528,"height":528,"url":"https:\/\/anivet.lt\/elparduotuve\/wp-content\/uploads\/2024\/03\/Healthy-Meat-Coniglio.jpg","type":"image\/jpeg"}],"twitter_card":"summary_large_image","twitter_misc":{"Est. reading time":"1 minut\u0117"},"schema":{"@context":"https:\/\/schema.org","@graph":[{"@type":"WebPage","@id":"https:\/\/anivet.lt\/elparduotuve\/produktas\/healthy-meat-coniglio-monoproteininis-pastetas-sunims-su-triusiena-150g\/","url":"https:\/\/anivet.lt\/elparduotuve\/produktas\/healthy-meat-coniglio-monoproteininis-pastetas-sunims-su-triusiena-150g\/","name":"Healthy Meat Coniglio monoproteininis pa\u0161tetas \u0161unims su triu\u0161iena 150g - anivet.lt","isPartOf":{"@id":"https:\/\/anivet.lt\/elparduotuve\/#website"},"primaryImageOfPage":{"@id":"https:\/\/anivet.lt\/elparduotuve\/produktas\/healthy-meat-coniglio-monoproteininis-pastetas-sunims-su-triusiena-150g\/#primaryimage"},"image":{"@id":"https:\/\/anivet.lt\/elparduotuve\/produktas\/healthy-meat-coniglio-monoproteininis-pastetas-sunims-su-triusiena-150g\/#primaryimage"},"thumbnailUrl":"https:\/\/anivet.lt\/elparduotuve\/wp-content\/uploads\/2024\/03\/Healthy-Meat-Coniglio.jpg","datePublished":"2024-03-09T22:41:30+00:00","dateModified":"2025-05-30T13:15:34+00:00","description":"Visavertis dietinis pa\u0161tetas suaugusiems \u0161unims, sukurtas siekiant suma\u017einti sudedam\u0173j\u0173 dali\u0173 ir maistini\u0173 med\u017eiag\u0173 netoleravim\u0105. Paprasta ir subalansuota sud\u0117tis u\u017etikrina kokyb\u0119 bei skon\u012f.","breadcrumb":{"@id":"https:\/\/anivet.lt\/elparduotuve\/produktas\/healthy-meat-coniglio-monoproteininis-pastetas-sunims-su-triusiena-150g\/#breadcrumb"},"inLanguage":"lt-LT","potentialAction":[{"@type":"ReadAction","target":["https:\/\/anivet.lt\/elparduotuve\/produktas\/healthy-meat-coniglio-monoproteininis-pastetas-sunims-su-triusiena-150g\/"]}]},{"@type":"ImageObject","inLanguage":"lt-LT","@id":"https:\/\/anivet.lt\/elparduotuve\/produktas\/healthy-meat-coniglio-monoproteininis-pastetas-sunims-su-triusiena-150g\/#primaryimage","url":"https:\/\/anivet.lt\/elparduotuve\/wp-content\/uploads\/2024\/03\/Healthy-Meat-Coniglio.jpg","contentUrl":"https:\/\/anivet.lt\/elparduotuve\/wp-content\/uploads\/2024\/03\/Healthy-Meat-Coniglio.jpg","width":528,"height":528,"caption":"Healthy Meat Coniglio monoproteininis pa\u0161tetas \u0161unims su triu\u0161iena 150g"},{"@type":"BreadcrumbList","@id":"https:\/\/anivet.lt\/elparduotuve\/produktas\/healthy-meat-coniglio-monoproteininis-pastetas-sunims-su-triusiena-150g\/#breadcrumb","itemListElement":[{"@type":"ListItem","position":1,"name":"Home","item":"https:\/\/anivet.lt\/elparduotuve\/"},{"@type":"ListItem","position":2,"name":"Produktai","item":"https:\/\/anivet.lt\/elparduotuve\/produktai\/"},{"@type":"ListItem","position":3,"name":"Healthy Meat Coniglio monoproteininis pa\u0161tetas \u0161unims su triu\u0161iena 150g"}]},{"@type":"WebSite","@id":"https:\/\/anivet.lt\/elparduotuve\/#website","url":"https:\/\/anivet.lt\/elparduotuve\/","name":"anivet.lt","description":"Viskas J\u016bs\u0173 \u0161uns, kat\u0117s prie\u017ei\u016brai","publisher":{"@id":"https:\/\/anivet.lt\/elparduotuve\/#organization"},"alternateName":"Viskas J\u016bs\u0173 \u0161uns, kat\u0117s prie\u017ei\u016brai","potentialAction":[{"@type":"SearchAction","target":{"@type":"EntryPoint","urlTemplate":"https:\/\/anivet.lt\/elparduotuve\/?s={search_term_string}"},"query-input":{"@type":"PropertyValueSpecification","valueRequired":true,"valueName":"search_term_string"}}],"inLanguage":"lt-LT"},{"@type":"Organization","@id":"https:\/\/anivet.lt\/elparduotuve\/#organization","name":"Viskas J\u016bs\u0173 \u0161uns, kat\u0117s prie\u017ei\u016brai","url":"https:\/\/anivet.lt\/elparduotuve\/","logo":{"@type":"ImageObject","inLanguage":"lt-LT","@id":"https:\/\/anivet.lt\/elparduotuve\/#\/schema\/logo\/image\/","url":"https:\/\/anivet.lt\/elparduotuve\/wp-content\/uploads\/2023\/06\/logo2.jpg","contentUrl":"https:\/\/anivet.lt\/elparduotuve\/wp-content\/uploads\/2023\/06\/logo2.jpg","width":655,"height":194,"caption":"Viskas J\u016bs\u0173 \u0161uns, kat\u0117s prie\u017ei\u016brai"},"image":{"@id":"https:\/\/anivet.lt\/elparduotuve\/#\/schema\/logo\/image\/"}}]}},"_links":{"self":[{"href":"https:\/\/anivet.lt\/elparduotuve\/wp-json\/wp\/v2\/product\/13355","targetHints":{"allow":["GET"]}}],"collection":[{"href":"https:\/\/anivet.lt\/elparduotuve\/wp-json\/wp\/v2\/product"}],"about":[{"href":"https:\/\/anivet.lt\/elparduotuve\/wp-json\/wp\/v2\/types\/product"}],"wp:featuredmedia":[{"embeddable":true,"href":"https:\/\/anivet.lt\/elparduotuve\/wp-json\/wp\/v2\/media\/13356"}],"wp:attachment":[{"href":"https:\/\/anivet.lt\/elparduotuve\/wp-json\/wp\/v2\/media?parent=13355"}],"wp:term":[{"taxonomy":"product_brand","embeddable":true,"href":"https:\/\/anivet.lt\/elparduotuve\/wp-json\/wp\/v2\/product_brand?post=13355"},{"taxonomy":"product_cat","embeddable":true,"href":"https:\/\/anivet.lt\/elparduotuve\/wp-json\/wp\/v2\/product_cat?post=13355"},{"taxonomy":"product_tag","embeddable":true,"href":"https:\/\/anivet.lt\/elparduotuve\/wp-json\/wp\/v2\/product_tag?post=13355"}],"curies":[{"name":"wp","href":"https:\/\/api.w.org\/{rel}","templated":true}]}}