{"id":13357,"date":"2024-03-09T22:52:24","date_gmt":"2024-03-09T22:52:24","guid":{"rendered":"https:\/\/anivet.lt\/elparduotuve\/?post_type=product&#038;p=13357"},"modified":"2026-02-24T15:35:43","modified_gmt":"2026-02-24T15:35:43","slug":"healthy-meat-coniglio-con-riso-monoproteininis-pastetas-sunims-su-triusiena-ir-ryziais-400g","status":"publish","type":"product","link":"https:\/\/anivet.lt\/elparduotuve\/produktas\/healthy-meat-coniglio-con-riso-monoproteininis-pastetas-sunims-su-triusiena-ir-ryziais-400g\/","title":{"rendered":"Healthy Meat Coniglio con Riso monoproteininis pa\u0161tetas \u0161unims su triu\u0161iena ir ry\u017eiais 400g"},"content":{"rendered":"<ul>\n<li style=\"font-weight: 400;\" aria-level=\"1\"><span style=\"font-weight: 400;\">Monoproteininis: Vienas gyv\u016bnin\u0117s kilm\u0117s baltym\u0173 \u0161altinis (triu\u0161iena) ma\u017eina alergini\u0173 reakcij\u0173 rizik\u0105.<\/span><\/li>\n<li style=\"font-weight: 400;\" aria-level=\"1\"><span style=\"font-weight: 400;\">Nat\u016brali sud\u0117tis: Sud\u0117tyje 95 % triu\u0161ienos ir 4 % ry\u017ei\u0173 \u2013 paprasti, lengvai vir\u0161kinami ingredientai.<\/span><\/li>\n<li style=\"font-weight: 400;\" aria-level=\"1\"><span style=\"font-weight: 400;\">Be glitimo: Tinka \u0161unims, jautriems gr\u016bdams.<\/span><\/li>\n<li style=\"font-weight: 400;\" aria-level=\"1\"><span style=\"font-weight: 400;\">Praturtintas vitamin\u0173 ir mineral\u0173 kompleksu: Palaiko bendr\u0105 \u0161uns sveikat\u0105 ir energij\u0105.<\/span><\/li>\n<li style=\"font-weight: 400;\" aria-level=\"1\"><span style=\"font-weight: 400;\">Universalus naudojimas: Puikus pasirinkimas jautriems \u0161unims ar kaip kasdienis, subalansuotas pa\u0161aras.<\/span><\/li>\n<\/ul>\n<p><span style=\"font-weight: 400;\">U\u017etikrina auk\u0161tos kokyb\u0117s, lengvai vir\u0161kinam\u0105 mityb\u0105 j\u016bs\u0173 augintiniui. Puikiai tinka jautriems \u0161unims ar tiems, kurie netoleruoja daugelio ingredient\u0173. Paprasta, bet maistinga sud\u0117tis padeda palaikyti j\u016bs\u0173 \u0161uns sveikat\u0105 ir gerov\u0119 kiekvien\u0105 dien\u0105.<\/span><\/p>\n","protected":false},"excerpt":{"rendered":"<p><span style=\"font-weight: 400;\">Monoproteininis pa\u0161tetas su triu\u0161iena ir ry\u017eiais, skirtas suaugusiems \u0161unims. \u0160is dietinis pa\u0161aras sukurtas siekiant suma\u017einti maistini\u0173 med\u017eiag\u0173 netoleravim\u0105, ta\u010diau puikiai tinka ir kasdieniam \u0161uns maitinimui.<\/span><\/p>\n","protected":false},"featured_media":13358,"template":"","meta":[],"product_brand":[],"product_cat":[101,103,105],"product_tag":[],"class_list":{"0":"post-13357","1":"product","2":"type-product","3":"status-publish","4":"has-post-thumbnail","6":"product_cat-sunims","7":"product_cat-sunu-maistas","8":"product_cat-konservai","9":"pa_prekinis-zenklas-healthy-meat","11":"first","12":"instock","13":"taxable","14":"shipping-taxable","15":"purchasable","16":"product-type-simple"},"yoast_head":"<!-- This site is optimized with the Yoast SEO Premium plugin v27.1 (Yoast SEO v27.5) - https:\/\/yoast.com\/product\/yoast-seo-premium-wordpress\/ -->\n<title>Healthy Meat Coniglio con Riso monoproteininis pa\u0161tetas \u0161unims su triu\u0161iena ir ry\u017eiais 400g - anivet.lt<\/title>\n<meta name=\"description\" content=\"Monoproteininis pa\u0161tetas su triu\u0161iena ir ry\u017eiais, skirtas suaugusiems \u0161unims. \u0160is dietinis pa\u0161aras sukurtas siekiant suma\u017einti maistini\u0173 med\u017eiag\u0173 netoleravim\u0105, ta\u010diau puikiai tinka ir kasdieniam \u0161uns maitinimui.\" \/>\n<meta name=\"robots\" content=\"index, follow, max-snippet:-1, max-image-preview:large, max-video-preview:-1\" \/>\n<link rel=\"canonical\" href=\"https:\/\/anivet.lt\/elparduotuve\/produktas\/healthy-meat-coniglio-con-riso-monoproteininis-pastetas-sunims-su-triusiena-ir-ryziais-400g\/\" \/>\n<meta property=\"og:locale\" content=\"lt_LT\" \/>\n<meta property=\"og:type\" content=\"article\" \/>\n<meta property=\"og:title\" content=\"Healthy Meat Coniglio con Riso monoproteininis pa\u0161tetas \u0161unims su triu\u0161iena ir ry\u017eiais 400g\" \/>\n<meta property=\"og:description\" content=\"Monoproteininis pa\u0161tetas su triu\u0161iena ir ry\u017eiais, skirtas suaugusiems \u0161unims. \u0160is dietinis pa\u0161aras sukurtas siekiant suma\u017einti maistini\u0173 med\u017eiag\u0173 netoleravim\u0105, ta\u010diau puikiai tinka ir kasdieniam \u0161uns maitinimui.\" \/>\n<meta property=\"og:url\" content=\"https:\/\/anivet.lt\/elparduotuve\/produktas\/healthy-meat-coniglio-con-riso-monoproteininis-pastetas-sunims-su-triusiena-ir-ryziais-400g\/\" \/>\n<meta property=\"og:site_name\" content=\"anivet.lt\" \/>\n<meta property=\"article:modified_time\" content=\"2026-02-24T15:35:43+00:00\" \/>\n<meta property=\"og:image\" content=\"https:\/\/anivet.lt\/elparduotuve\/wp-content\/uploads\/2024\/03\/Healthymeat-Coniglio-con-Riso.jpg\" \/>\n\t<meta property=\"og:image:width\" content=\"528\" \/>\n\t<meta property=\"og:image:height\" content=\"528\" \/>\n\t<meta property=\"og:image:type\" content=\"image\/jpeg\" \/>\n<meta name=\"twitter:card\" content=\"summary_large_image\" \/>\n<meta name=\"twitter:label1\" content=\"Est. reading time\" \/>\n\t<meta name=\"twitter:data1\" content=\"1 minut\u0117\" \/>\n<script type=\"application\/ld+json\" class=\"yoast-schema-graph\">{\"@context\":\"https:\\\/\\\/schema.org\",\"@graph\":[{\"@type\":\"WebPage\",\"@id\":\"https:\\\/\\\/anivet.lt\\\/elparduotuve\\\/produktas\\\/healthy-meat-coniglio-con-riso-monoproteininis-pastetas-sunims-su-triusiena-ir-ryziais-400g\\\/\",\"url\":\"https:\\\/\\\/anivet.lt\\\/elparduotuve\\\/produktas\\\/healthy-meat-coniglio-con-riso-monoproteininis-pastetas-sunims-su-triusiena-ir-ryziais-400g\\\/\",\"name\":\"Healthy Meat Coniglio con Riso monoproteininis pa\u0161tetas \u0161unims su triu\u0161iena ir ry\u017eiais 400g - anivet.lt\",\"isPartOf\":{\"@id\":\"https:\\\/\\\/anivet.lt\\\/elparduotuve\\\/#website\"},\"primaryImageOfPage\":{\"@id\":\"https:\\\/\\\/anivet.lt\\\/elparduotuve\\\/produktas\\\/healthy-meat-coniglio-con-riso-monoproteininis-pastetas-sunims-su-triusiena-ir-ryziais-400g\\\/#primaryimage\"},\"image\":{\"@id\":\"https:\\\/\\\/anivet.lt\\\/elparduotuve\\\/produktas\\\/healthy-meat-coniglio-con-riso-monoproteininis-pastetas-sunims-su-triusiena-ir-ryziais-400g\\\/#primaryimage\"},\"thumbnailUrl\":\"https:\\\/\\\/anivet.lt\\\/elparduotuve\\\/wp-content\\\/uploads\\\/2024\\\/03\\\/Healthymeat-Coniglio-con-Riso.jpg\",\"datePublished\":\"2024-03-09T22:52:24+00:00\",\"dateModified\":\"2026-02-24T15:35:43+00:00\",\"description\":\"Monoproteininis pa\u0161tetas su triu\u0161iena ir ry\u017eiais, skirtas suaugusiems \u0161unims. \u0160is dietinis pa\u0161aras sukurtas siekiant suma\u017einti maistini\u0173 med\u017eiag\u0173 netoleravim\u0105, ta\u010diau puikiai tinka ir kasdieniam \u0161uns maitinimui.\",\"breadcrumb\":{\"@id\":\"https:\\\/\\\/anivet.lt\\\/elparduotuve\\\/produktas\\\/healthy-meat-coniglio-con-riso-monoproteininis-pastetas-sunims-su-triusiena-ir-ryziais-400g\\\/#breadcrumb\"},\"inLanguage\":\"lt-LT\",\"potentialAction\":[{\"@type\":\"ReadAction\",\"target\":[\"https:\\\/\\\/anivet.lt\\\/elparduotuve\\\/produktas\\\/healthy-meat-coniglio-con-riso-monoproteininis-pastetas-sunims-su-triusiena-ir-ryziais-400g\\\/\"]}]},{\"@type\":\"ImageObject\",\"inLanguage\":\"lt-LT\",\"@id\":\"https:\\\/\\\/anivet.lt\\\/elparduotuve\\\/produktas\\\/healthy-meat-coniglio-con-riso-monoproteininis-pastetas-sunims-su-triusiena-ir-ryziais-400g\\\/#primaryimage\",\"url\":\"https:\\\/\\\/anivet.lt\\\/elparduotuve\\\/wp-content\\\/uploads\\\/2024\\\/03\\\/Healthymeat-Coniglio-con-Riso.jpg\",\"contentUrl\":\"https:\\\/\\\/anivet.lt\\\/elparduotuve\\\/wp-content\\\/uploads\\\/2024\\\/03\\\/Healthymeat-Coniglio-con-Riso.jpg\",\"width\":528,\"height\":528,\"caption\":\"Healthy Meat Coniglio con Riso monoproteininis pa\u0161tetas \u0161unims su triu\u0161iena ir ry\u017eiais 400g\"},{\"@type\":\"BreadcrumbList\",\"@id\":\"https:\\\/\\\/anivet.lt\\\/elparduotuve\\\/produktas\\\/healthy-meat-coniglio-con-riso-monoproteininis-pastetas-sunims-su-triusiena-ir-ryziais-400g\\\/#breadcrumb\",\"itemListElement\":[{\"@type\":\"ListItem\",\"position\":1,\"name\":\"Home\",\"item\":\"https:\\\/\\\/anivet.lt\\\/elparduotuve\\\/\"},{\"@type\":\"ListItem\",\"position\":2,\"name\":\"Produktai\",\"item\":\"https:\\\/\\\/anivet.lt\\\/elparduotuve\\\/produktai\\\/\"},{\"@type\":\"ListItem\",\"position\":3,\"name\":\"Healthy Meat Coniglio con Riso monoproteininis pa\u0161tetas \u0161unims su triu\u0161iena ir ry\u017eiais 400g\"}]},{\"@type\":\"WebSite\",\"@id\":\"https:\\\/\\\/anivet.lt\\\/elparduotuve\\\/#website\",\"url\":\"https:\\\/\\\/anivet.lt\\\/elparduotuve\\\/\",\"name\":\"anivet.lt\",\"description\":\"Viskas J\u016bs\u0173 \u0161uns, kat\u0117s prie\u017ei\u016brai\",\"publisher\":{\"@id\":\"https:\\\/\\\/anivet.lt\\\/elparduotuve\\\/#organization\"},\"alternateName\":\"Viskas J\u016bs\u0173 \u0161uns, kat\u0117s prie\u017ei\u016brai\",\"potentialAction\":[{\"@type\":\"SearchAction\",\"target\":{\"@type\":\"EntryPoint\",\"urlTemplate\":\"https:\\\/\\\/anivet.lt\\\/elparduotuve\\\/?s={search_term_string}\"},\"query-input\":{\"@type\":\"PropertyValueSpecification\",\"valueRequired\":true,\"valueName\":\"search_term_string\"}}],\"inLanguage\":\"lt-LT\"},{\"@type\":\"Organization\",\"@id\":\"https:\\\/\\\/anivet.lt\\\/elparduotuve\\\/#organization\",\"name\":\"Viskas J\u016bs\u0173 \u0161uns, kat\u0117s prie\u017ei\u016brai\",\"url\":\"https:\\\/\\\/anivet.lt\\\/elparduotuve\\\/\",\"logo\":{\"@type\":\"ImageObject\",\"inLanguage\":\"lt-LT\",\"@id\":\"https:\\\/\\\/anivet.lt\\\/elparduotuve\\\/#\\\/schema\\\/logo\\\/image\\\/\",\"url\":\"https:\\\/\\\/anivet.lt\\\/elparduotuve\\\/wp-content\\\/uploads\\\/2023\\\/06\\\/logo2.jpg\",\"contentUrl\":\"https:\\\/\\\/anivet.lt\\\/elparduotuve\\\/wp-content\\\/uploads\\\/2023\\\/06\\\/logo2.jpg\",\"width\":655,\"height\":194,\"caption\":\"Viskas J\u016bs\u0173 \u0161uns, kat\u0117s prie\u017ei\u016brai\"},\"image\":{\"@id\":\"https:\\\/\\\/anivet.lt\\\/elparduotuve\\\/#\\\/schema\\\/logo\\\/image\\\/\"}}]}<\/script>\n<!-- \/ Yoast SEO Premium plugin. -->","yoast_head_json":{"title":"Healthy Meat Coniglio con Riso monoproteininis pa\u0161tetas \u0161unims su triu\u0161iena ir ry\u017eiais 400g - anivet.lt","description":"Monoproteininis pa\u0161tetas su triu\u0161iena ir ry\u017eiais, skirtas suaugusiems \u0161unims. \u0160is dietinis pa\u0161aras sukurtas siekiant suma\u017einti maistini\u0173 med\u017eiag\u0173 netoleravim\u0105, ta\u010diau puikiai tinka ir kasdieniam \u0161uns maitinimui.","robots":{"index":"index","follow":"follow","max-snippet":"max-snippet:-1","max-image-preview":"max-image-preview:large","max-video-preview":"max-video-preview:-1"},"canonical":"https:\/\/anivet.lt\/elparduotuve\/produktas\/healthy-meat-coniglio-con-riso-monoproteininis-pastetas-sunims-su-triusiena-ir-ryziais-400g\/","og_locale":"lt_LT","og_type":"article","og_title":"Healthy Meat Coniglio con Riso monoproteininis pa\u0161tetas \u0161unims su triu\u0161iena ir ry\u017eiais 400g","og_description":"Monoproteininis pa\u0161tetas su triu\u0161iena ir ry\u017eiais, skirtas suaugusiems \u0161unims. \u0160is dietinis pa\u0161aras sukurtas siekiant suma\u017einti maistini\u0173 med\u017eiag\u0173 netoleravim\u0105, ta\u010diau puikiai tinka ir kasdieniam \u0161uns maitinimui.","og_url":"https:\/\/anivet.lt\/elparduotuve\/produktas\/healthy-meat-coniglio-con-riso-monoproteininis-pastetas-sunims-su-triusiena-ir-ryziais-400g\/","og_site_name":"anivet.lt","article_modified_time":"2026-02-24T15:35:43+00:00","og_image":[{"width":528,"height":528,"url":"https:\/\/anivet.lt\/elparduotuve\/wp-content\/uploads\/2024\/03\/Healthymeat-Coniglio-con-Riso.jpg","type":"image\/jpeg"}],"twitter_card":"summary_large_image","twitter_misc":{"Est. reading time":"1 minut\u0117"},"schema":{"@context":"https:\/\/schema.org","@graph":[{"@type":"WebPage","@id":"https:\/\/anivet.lt\/elparduotuve\/produktas\/healthy-meat-coniglio-con-riso-monoproteininis-pastetas-sunims-su-triusiena-ir-ryziais-400g\/","url":"https:\/\/anivet.lt\/elparduotuve\/produktas\/healthy-meat-coniglio-con-riso-monoproteininis-pastetas-sunims-su-triusiena-ir-ryziais-400g\/","name":"Healthy Meat Coniglio con Riso monoproteininis pa\u0161tetas \u0161unims su triu\u0161iena ir ry\u017eiais 400g - anivet.lt","isPartOf":{"@id":"https:\/\/anivet.lt\/elparduotuve\/#website"},"primaryImageOfPage":{"@id":"https:\/\/anivet.lt\/elparduotuve\/produktas\/healthy-meat-coniglio-con-riso-monoproteininis-pastetas-sunims-su-triusiena-ir-ryziais-400g\/#primaryimage"},"image":{"@id":"https:\/\/anivet.lt\/elparduotuve\/produktas\/healthy-meat-coniglio-con-riso-monoproteininis-pastetas-sunims-su-triusiena-ir-ryziais-400g\/#primaryimage"},"thumbnailUrl":"https:\/\/anivet.lt\/elparduotuve\/wp-content\/uploads\/2024\/03\/Healthymeat-Coniglio-con-Riso.jpg","datePublished":"2024-03-09T22:52:24+00:00","dateModified":"2026-02-24T15:35:43+00:00","description":"Monoproteininis pa\u0161tetas su triu\u0161iena ir ry\u017eiais, skirtas suaugusiems \u0161unims. \u0160is dietinis pa\u0161aras sukurtas siekiant suma\u017einti maistini\u0173 med\u017eiag\u0173 netoleravim\u0105, ta\u010diau puikiai tinka ir kasdieniam \u0161uns maitinimui.","breadcrumb":{"@id":"https:\/\/anivet.lt\/elparduotuve\/produktas\/healthy-meat-coniglio-con-riso-monoproteininis-pastetas-sunims-su-triusiena-ir-ryziais-400g\/#breadcrumb"},"inLanguage":"lt-LT","potentialAction":[{"@type":"ReadAction","target":["https:\/\/anivet.lt\/elparduotuve\/produktas\/healthy-meat-coniglio-con-riso-monoproteininis-pastetas-sunims-su-triusiena-ir-ryziais-400g\/"]}]},{"@type":"ImageObject","inLanguage":"lt-LT","@id":"https:\/\/anivet.lt\/elparduotuve\/produktas\/healthy-meat-coniglio-con-riso-monoproteininis-pastetas-sunims-su-triusiena-ir-ryziais-400g\/#primaryimage","url":"https:\/\/anivet.lt\/elparduotuve\/wp-content\/uploads\/2024\/03\/Healthymeat-Coniglio-con-Riso.jpg","contentUrl":"https:\/\/anivet.lt\/elparduotuve\/wp-content\/uploads\/2024\/03\/Healthymeat-Coniglio-con-Riso.jpg","width":528,"height":528,"caption":"Healthy Meat Coniglio con Riso monoproteininis pa\u0161tetas \u0161unims su triu\u0161iena ir ry\u017eiais 400g"},{"@type":"BreadcrumbList","@id":"https:\/\/anivet.lt\/elparduotuve\/produktas\/healthy-meat-coniglio-con-riso-monoproteininis-pastetas-sunims-su-triusiena-ir-ryziais-400g\/#breadcrumb","itemListElement":[{"@type":"ListItem","position":1,"name":"Home","item":"https:\/\/anivet.lt\/elparduotuve\/"},{"@type":"ListItem","position":2,"name":"Produktai","item":"https:\/\/anivet.lt\/elparduotuve\/produktai\/"},{"@type":"ListItem","position":3,"name":"Healthy Meat Coniglio con Riso monoproteininis pa\u0161tetas \u0161unims su triu\u0161iena ir ry\u017eiais 400g"}]},{"@type":"WebSite","@id":"https:\/\/anivet.lt\/elparduotuve\/#website","url":"https:\/\/anivet.lt\/elparduotuve\/","name":"anivet.lt","description":"Viskas J\u016bs\u0173 \u0161uns, kat\u0117s prie\u017ei\u016brai","publisher":{"@id":"https:\/\/anivet.lt\/elparduotuve\/#organization"},"alternateName":"Viskas J\u016bs\u0173 \u0161uns, kat\u0117s prie\u017ei\u016brai","potentialAction":[{"@type":"SearchAction","target":{"@type":"EntryPoint","urlTemplate":"https:\/\/anivet.lt\/elparduotuve\/?s={search_term_string}"},"query-input":{"@type":"PropertyValueSpecification","valueRequired":true,"valueName":"search_term_string"}}],"inLanguage":"lt-LT"},{"@type":"Organization","@id":"https:\/\/anivet.lt\/elparduotuve\/#organization","name":"Viskas J\u016bs\u0173 \u0161uns, kat\u0117s prie\u017ei\u016brai","url":"https:\/\/anivet.lt\/elparduotuve\/","logo":{"@type":"ImageObject","inLanguage":"lt-LT","@id":"https:\/\/anivet.lt\/elparduotuve\/#\/schema\/logo\/image\/","url":"https:\/\/anivet.lt\/elparduotuve\/wp-content\/uploads\/2023\/06\/logo2.jpg","contentUrl":"https:\/\/anivet.lt\/elparduotuve\/wp-content\/uploads\/2023\/06\/logo2.jpg","width":655,"height":194,"caption":"Viskas J\u016bs\u0173 \u0161uns, kat\u0117s prie\u017ei\u016brai"},"image":{"@id":"https:\/\/anivet.lt\/elparduotuve\/#\/schema\/logo\/image\/"}}]}},"_links":{"self":[{"href":"https:\/\/anivet.lt\/elparduotuve\/wp-json\/wp\/v2\/product\/13357","targetHints":{"allow":["GET"]}}],"collection":[{"href":"https:\/\/anivet.lt\/elparduotuve\/wp-json\/wp\/v2\/product"}],"about":[{"href":"https:\/\/anivet.lt\/elparduotuve\/wp-json\/wp\/v2\/types\/product"}],"wp:featuredmedia":[{"embeddable":true,"href":"https:\/\/anivet.lt\/elparduotuve\/wp-json\/wp\/v2\/media\/13358"}],"wp:attachment":[{"href":"https:\/\/anivet.lt\/elparduotuve\/wp-json\/wp\/v2\/media?parent=13357"}],"wp:term":[{"taxonomy":"product_brand","embeddable":true,"href":"https:\/\/anivet.lt\/elparduotuve\/wp-json\/wp\/v2\/product_brand?post=13357"},{"taxonomy":"product_cat","embeddable":true,"href":"https:\/\/anivet.lt\/elparduotuve\/wp-json\/wp\/v2\/product_cat?post=13357"},{"taxonomy":"product_tag","embeddable":true,"href":"https:\/\/anivet.lt\/elparduotuve\/wp-json\/wp\/v2\/product_tag?post=13357"}],"curies":[{"name":"wp","href":"https:\/\/api.w.org\/{rel}","templated":true}]}}