{"id":13359,"date":"2024-03-09T23:07:52","date_gmt":"2024-03-09T23:07:52","guid":{"rendered":"https:\/\/anivet.lt\/elparduotuve\/?post_type=product&#038;p=13359"},"modified":"2025-05-27T13:26:19","modified_gmt":"2025-05-27T13:26:19","slug":"healthy-meat-cinghiale-e-patate-pastetas-sunims-su-serniena-ir-bulvemis-400g","status":"publish","type":"product","link":"https:\/\/anivet.lt\/elparduotuve\/produktas\/healthy-meat-cinghiale-e-patate-pastetas-sunims-su-serniena-ir-bulvemis-400g\/","title":{"rendered":"Healthy Meat Cinghiale e Patate pa\u0161tetas \u0161unims su \u0161erniena ir bulv\u0117mis 400g"},"content":{"rendered":"<ul>\n<li style=\"font-weight: 400;\" aria-level=\"1\"><span style=\"font-weight: 400;\">Vienas baltym\u0173 \u0161altinis: Sud\u0117tyje tik \u0161erniena, puikiai tinkanti \u0161unims, turintiems maisto alergij\u0173 ar netoleravim\u0173.<\/span><\/li>\n<li style=\"font-weight: 400;\" aria-level=\"1\"><span style=\"font-weight: 400;\">Lengvai vir\u0161kinamas: Bulv\u0117s kaip angliavandeni\u0173 \u0161altinis padeda u\u017etikrinti lengv\u0105 vir\u0161kinim\u0105.<\/span><\/li>\n<li style=\"font-weight: 400;\" aria-level=\"1\"><span style=\"font-weight: 400;\">Subalansuota mityba: Sud\u0117tyje yra visos reikalingos maistin\u0117s med\u017eiagos, vitaminai ir mineralai.<\/span><\/li>\n<li style=\"font-weight: 400;\" aria-level=\"1\"><span style=\"font-weight: 400;\">Be dirbtini\u0173 pried\u0173: N\u0117ra dirbtini\u0173 da\u017eikli\u0173 ir skonio stiprikli\u0173, tik nat\u016bral\u016bs ingredientai.<\/span><\/li>\n<li style=\"font-weight: 400;\" aria-level=\"1\"><span style=\"font-weight: 400;\">Padeda palaikyti sveikat\u0105: Palaiko bendr\u0105 \u0161uns sveikat\u0105 ir gerov\u0119, suteikia reikaling\u0173 vitamin\u0173 ir mineral\u0173.<\/span><\/li>\n<\/ul>\n<p><span style=\"font-weight: 400;\">\u201eHealthy Meat Cinghiale e Patate\u201d pa\u0161tetas yra puikus pasirinkimas \u0161unims, kurie turi maisto alergij\u0173 arba netoleravim\u0173. \u0160is dietinis pa\u0161aras u\u017etikrina subalansuot\u0105 mityb\u0105, naudojant tik nat\u016bralius ir lengvai vir\u0161kinamus ingredientus, kurie palaiko sveik\u0105 vir\u0161kinimo sistem\u0105 ir bendr\u0105 \u0161uns gerov\u0119.<\/span><\/p>\n","protected":false},"excerpt":{"rendered":"<p><span style=\"font-weight: 400;\">\u0160is visavertis dietinis pa\u0161aras yra sukurtas siekiant suma\u017einti sudedam\u0173j\u0173 dali\u0173 ir maistini\u0173 med\u017eiag\u0173 netoleravim\u0105. Jame naudojama tik viena gyv\u016bnin\u0117s kilm\u0117s baltym\u0173 r\u016b\u0161is \u2013 \u0161erniena, o angliavandeni\u0173 \u0161altinis yra bulv\u0117s.<\/span><\/p>\n","protected":false},"featured_media":13360,"template":"","meta":[],"product_brand":[],"product_cat":[101,103,105],"product_tag":[],"class_list":{"0":"post-13359","1":"product","2":"type-product","3":"status-publish","4":"has-post-thumbnail","6":"product_cat-sunims","7":"product_cat-sunu-maistas","8":"product_cat-konservai","9":"pa_prekinis-zenklas-healthy-meat","11":"first","12":"instock","13":"taxable","14":"shipping-taxable","15":"purchasable","16":"product-type-simple"},"yoast_head":"<!-- This site is optimized with the Yoast SEO Premium plugin v27.1 (Yoast SEO v27.5) - https:\/\/yoast.com\/product\/yoast-seo-premium-wordpress\/ -->\n<title>Healthy Meat Cinghiale e Patate pa\u0161tetas \u0161unims su \u0161erniena ir bulv\u0117mis 400g - anivet.lt<\/title>\n<meta name=\"description\" content=\"\u0160is visavertis dietinis pa\u0161aras yra sukurtas siekiant suma\u017einti sudedam\u0173j\u0173 dali\u0173 ir maistini\u0173 med\u017eiag\u0173 netoleravim\u0105. Jame naudojama tik viena gyv\u016bnin\u0117s kilm\u0117s baltym\u0173 r\u016b\u0161is \u2013 \u0161erniena, o angliavandeni\u0173 \u0161altinis yra bulv\u0117s.\" \/>\n<meta name=\"robots\" content=\"index, follow, max-snippet:-1, max-image-preview:large, max-video-preview:-1\" \/>\n<link rel=\"canonical\" href=\"https:\/\/anivet.lt\/elparduotuve\/produktas\/healthy-meat-cinghiale-e-patate-pastetas-sunims-su-serniena-ir-bulvemis-400g\/\" \/>\n<meta property=\"og:locale\" content=\"lt_LT\" \/>\n<meta property=\"og:type\" content=\"article\" \/>\n<meta property=\"og:title\" content=\"Healthy Meat Cinghiale e Patate pa\u0161tetas \u0161unims su \u0161erniena ir bulv\u0117mis 400g\" \/>\n<meta property=\"og:description\" content=\"\u0160is visavertis dietinis pa\u0161aras yra sukurtas siekiant suma\u017einti sudedam\u0173j\u0173 dali\u0173 ir maistini\u0173 med\u017eiag\u0173 netoleravim\u0105. Jame naudojama tik viena gyv\u016bnin\u0117s kilm\u0117s baltym\u0173 r\u016b\u0161is \u2013 \u0161erniena, o angliavandeni\u0173 \u0161altinis yra bulv\u0117s.\" \/>\n<meta property=\"og:url\" content=\"https:\/\/anivet.lt\/elparduotuve\/produktas\/healthy-meat-cinghiale-e-patate-pastetas-sunims-su-serniena-ir-bulvemis-400g\/\" \/>\n<meta property=\"og:site_name\" content=\"anivet.lt\" \/>\n<meta property=\"article:modified_time\" content=\"2025-05-27T13:26:19+00:00\" \/>\n<meta property=\"og:image\" content=\"https:\/\/anivet.lt\/elparduotuve\/wp-content\/uploads\/2024\/03\/Healthy-Meat-Cinghiale-e-Patate.jpg\" \/>\n\t<meta property=\"og:image:width\" content=\"528\" \/>\n\t<meta property=\"og:image:height\" content=\"528\" \/>\n\t<meta property=\"og:image:type\" content=\"image\/jpeg\" \/>\n<meta name=\"twitter:card\" content=\"summary_large_image\" \/>\n<meta name=\"twitter:label1\" content=\"Est. reading time\" \/>\n\t<meta name=\"twitter:data1\" content=\"1 minut\u0117\" \/>\n<script type=\"application\/ld+json\" class=\"yoast-schema-graph\">{\"@context\":\"https:\\\/\\\/schema.org\",\"@graph\":[{\"@type\":\"WebPage\",\"@id\":\"https:\\\/\\\/anivet.lt\\\/elparduotuve\\\/produktas\\\/healthy-meat-cinghiale-e-patate-pastetas-sunims-su-serniena-ir-bulvemis-400g\\\/\",\"url\":\"https:\\\/\\\/anivet.lt\\\/elparduotuve\\\/produktas\\\/healthy-meat-cinghiale-e-patate-pastetas-sunims-su-serniena-ir-bulvemis-400g\\\/\",\"name\":\"Healthy Meat Cinghiale e Patate pa\u0161tetas \u0161unims su \u0161erniena ir bulv\u0117mis 400g - anivet.lt\",\"isPartOf\":{\"@id\":\"https:\\\/\\\/anivet.lt\\\/elparduotuve\\\/#website\"},\"primaryImageOfPage\":{\"@id\":\"https:\\\/\\\/anivet.lt\\\/elparduotuve\\\/produktas\\\/healthy-meat-cinghiale-e-patate-pastetas-sunims-su-serniena-ir-bulvemis-400g\\\/#primaryimage\"},\"image\":{\"@id\":\"https:\\\/\\\/anivet.lt\\\/elparduotuve\\\/produktas\\\/healthy-meat-cinghiale-e-patate-pastetas-sunims-su-serniena-ir-bulvemis-400g\\\/#primaryimage\"},\"thumbnailUrl\":\"https:\\\/\\\/anivet.lt\\\/elparduotuve\\\/wp-content\\\/uploads\\\/2024\\\/03\\\/Healthy-Meat-Cinghiale-e-Patate.jpg\",\"datePublished\":\"2024-03-09T23:07:52+00:00\",\"dateModified\":\"2025-05-27T13:26:19+00:00\",\"description\":\"\u0160is visavertis dietinis pa\u0161aras yra sukurtas siekiant suma\u017einti sudedam\u0173j\u0173 dali\u0173 ir maistini\u0173 med\u017eiag\u0173 netoleravim\u0105. Jame naudojama tik viena gyv\u016bnin\u0117s kilm\u0117s baltym\u0173 r\u016b\u0161is \u2013 \u0161erniena, o angliavandeni\u0173 \u0161altinis yra bulv\u0117s.\",\"breadcrumb\":{\"@id\":\"https:\\\/\\\/anivet.lt\\\/elparduotuve\\\/produktas\\\/healthy-meat-cinghiale-e-patate-pastetas-sunims-su-serniena-ir-bulvemis-400g\\\/#breadcrumb\"},\"inLanguage\":\"lt-LT\",\"potentialAction\":[{\"@type\":\"ReadAction\",\"target\":[\"https:\\\/\\\/anivet.lt\\\/elparduotuve\\\/produktas\\\/healthy-meat-cinghiale-e-patate-pastetas-sunims-su-serniena-ir-bulvemis-400g\\\/\"]}]},{\"@type\":\"ImageObject\",\"inLanguage\":\"lt-LT\",\"@id\":\"https:\\\/\\\/anivet.lt\\\/elparduotuve\\\/produktas\\\/healthy-meat-cinghiale-e-patate-pastetas-sunims-su-serniena-ir-bulvemis-400g\\\/#primaryimage\",\"url\":\"https:\\\/\\\/anivet.lt\\\/elparduotuve\\\/wp-content\\\/uploads\\\/2024\\\/03\\\/Healthy-Meat-Cinghiale-e-Patate.jpg\",\"contentUrl\":\"https:\\\/\\\/anivet.lt\\\/elparduotuve\\\/wp-content\\\/uploads\\\/2024\\\/03\\\/Healthy-Meat-Cinghiale-e-Patate.jpg\",\"width\":528,\"height\":528,\"caption\":\"Healthy Meat Cinghiale e Patate pa\u0161tetas \u0161unims su \u0161erniena ir bulv\u0117mis 400g\"},{\"@type\":\"BreadcrumbList\",\"@id\":\"https:\\\/\\\/anivet.lt\\\/elparduotuve\\\/produktas\\\/healthy-meat-cinghiale-e-patate-pastetas-sunims-su-serniena-ir-bulvemis-400g\\\/#breadcrumb\",\"itemListElement\":[{\"@type\":\"ListItem\",\"position\":1,\"name\":\"Home\",\"item\":\"https:\\\/\\\/anivet.lt\\\/elparduotuve\\\/\"},{\"@type\":\"ListItem\",\"position\":2,\"name\":\"Produktai\",\"item\":\"https:\\\/\\\/anivet.lt\\\/elparduotuve\\\/produktai\\\/\"},{\"@type\":\"ListItem\",\"position\":3,\"name\":\"Healthy Meat Cinghiale e Patate pa\u0161tetas \u0161unims su \u0161erniena ir bulv\u0117mis 400g\"}]},{\"@type\":\"WebSite\",\"@id\":\"https:\\\/\\\/anivet.lt\\\/elparduotuve\\\/#website\",\"url\":\"https:\\\/\\\/anivet.lt\\\/elparduotuve\\\/\",\"name\":\"anivet.lt\",\"description\":\"Viskas J\u016bs\u0173 \u0161uns, kat\u0117s prie\u017ei\u016brai\",\"publisher\":{\"@id\":\"https:\\\/\\\/anivet.lt\\\/elparduotuve\\\/#organization\"},\"alternateName\":\"Viskas J\u016bs\u0173 \u0161uns, kat\u0117s prie\u017ei\u016brai\",\"potentialAction\":[{\"@type\":\"SearchAction\",\"target\":{\"@type\":\"EntryPoint\",\"urlTemplate\":\"https:\\\/\\\/anivet.lt\\\/elparduotuve\\\/?s={search_term_string}\"},\"query-input\":{\"@type\":\"PropertyValueSpecification\",\"valueRequired\":true,\"valueName\":\"search_term_string\"}}],\"inLanguage\":\"lt-LT\"},{\"@type\":\"Organization\",\"@id\":\"https:\\\/\\\/anivet.lt\\\/elparduotuve\\\/#organization\",\"name\":\"Viskas J\u016bs\u0173 \u0161uns, kat\u0117s prie\u017ei\u016brai\",\"url\":\"https:\\\/\\\/anivet.lt\\\/elparduotuve\\\/\",\"logo\":{\"@type\":\"ImageObject\",\"inLanguage\":\"lt-LT\",\"@id\":\"https:\\\/\\\/anivet.lt\\\/elparduotuve\\\/#\\\/schema\\\/logo\\\/image\\\/\",\"url\":\"https:\\\/\\\/anivet.lt\\\/elparduotuve\\\/wp-content\\\/uploads\\\/2023\\\/06\\\/logo2.jpg\",\"contentUrl\":\"https:\\\/\\\/anivet.lt\\\/elparduotuve\\\/wp-content\\\/uploads\\\/2023\\\/06\\\/logo2.jpg\",\"width\":655,\"height\":194,\"caption\":\"Viskas J\u016bs\u0173 \u0161uns, kat\u0117s prie\u017ei\u016brai\"},\"image\":{\"@id\":\"https:\\\/\\\/anivet.lt\\\/elparduotuve\\\/#\\\/schema\\\/logo\\\/image\\\/\"}}]}<\/script>\n<!-- \/ Yoast SEO Premium plugin. -->","yoast_head_json":{"title":"Healthy Meat Cinghiale e Patate pa\u0161tetas \u0161unims su \u0161erniena ir bulv\u0117mis 400g - anivet.lt","description":"\u0160is visavertis dietinis pa\u0161aras yra sukurtas siekiant suma\u017einti sudedam\u0173j\u0173 dali\u0173 ir maistini\u0173 med\u017eiag\u0173 netoleravim\u0105. Jame naudojama tik viena gyv\u016bnin\u0117s kilm\u0117s baltym\u0173 r\u016b\u0161is \u2013 \u0161erniena, o angliavandeni\u0173 \u0161altinis yra bulv\u0117s.","robots":{"index":"index","follow":"follow","max-snippet":"max-snippet:-1","max-image-preview":"max-image-preview:large","max-video-preview":"max-video-preview:-1"},"canonical":"https:\/\/anivet.lt\/elparduotuve\/produktas\/healthy-meat-cinghiale-e-patate-pastetas-sunims-su-serniena-ir-bulvemis-400g\/","og_locale":"lt_LT","og_type":"article","og_title":"Healthy Meat Cinghiale e Patate pa\u0161tetas \u0161unims su \u0161erniena ir bulv\u0117mis 400g","og_description":"\u0160is visavertis dietinis pa\u0161aras yra sukurtas siekiant suma\u017einti sudedam\u0173j\u0173 dali\u0173 ir maistini\u0173 med\u017eiag\u0173 netoleravim\u0105. Jame naudojama tik viena gyv\u016bnin\u0117s kilm\u0117s baltym\u0173 r\u016b\u0161is \u2013 \u0161erniena, o angliavandeni\u0173 \u0161altinis yra bulv\u0117s.","og_url":"https:\/\/anivet.lt\/elparduotuve\/produktas\/healthy-meat-cinghiale-e-patate-pastetas-sunims-su-serniena-ir-bulvemis-400g\/","og_site_name":"anivet.lt","article_modified_time":"2025-05-27T13:26:19+00:00","og_image":[{"width":528,"height":528,"url":"https:\/\/anivet.lt\/elparduotuve\/wp-content\/uploads\/2024\/03\/Healthy-Meat-Cinghiale-e-Patate.jpg","type":"image\/jpeg"}],"twitter_card":"summary_large_image","twitter_misc":{"Est. reading time":"1 minut\u0117"},"schema":{"@context":"https:\/\/schema.org","@graph":[{"@type":"WebPage","@id":"https:\/\/anivet.lt\/elparduotuve\/produktas\/healthy-meat-cinghiale-e-patate-pastetas-sunims-su-serniena-ir-bulvemis-400g\/","url":"https:\/\/anivet.lt\/elparduotuve\/produktas\/healthy-meat-cinghiale-e-patate-pastetas-sunims-su-serniena-ir-bulvemis-400g\/","name":"Healthy Meat Cinghiale e Patate pa\u0161tetas \u0161unims su \u0161erniena ir bulv\u0117mis 400g - anivet.lt","isPartOf":{"@id":"https:\/\/anivet.lt\/elparduotuve\/#website"},"primaryImageOfPage":{"@id":"https:\/\/anivet.lt\/elparduotuve\/produktas\/healthy-meat-cinghiale-e-patate-pastetas-sunims-su-serniena-ir-bulvemis-400g\/#primaryimage"},"image":{"@id":"https:\/\/anivet.lt\/elparduotuve\/produktas\/healthy-meat-cinghiale-e-patate-pastetas-sunims-su-serniena-ir-bulvemis-400g\/#primaryimage"},"thumbnailUrl":"https:\/\/anivet.lt\/elparduotuve\/wp-content\/uploads\/2024\/03\/Healthy-Meat-Cinghiale-e-Patate.jpg","datePublished":"2024-03-09T23:07:52+00:00","dateModified":"2025-05-27T13:26:19+00:00","description":"\u0160is visavertis dietinis pa\u0161aras yra sukurtas siekiant suma\u017einti sudedam\u0173j\u0173 dali\u0173 ir maistini\u0173 med\u017eiag\u0173 netoleravim\u0105. Jame naudojama tik viena gyv\u016bnin\u0117s kilm\u0117s baltym\u0173 r\u016b\u0161is \u2013 \u0161erniena, o angliavandeni\u0173 \u0161altinis yra bulv\u0117s.","breadcrumb":{"@id":"https:\/\/anivet.lt\/elparduotuve\/produktas\/healthy-meat-cinghiale-e-patate-pastetas-sunims-su-serniena-ir-bulvemis-400g\/#breadcrumb"},"inLanguage":"lt-LT","potentialAction":[{"@type":"ReadAction","target":["https:\/\/anivet.lt\/elparduotuve\/produktas\/healthy-meat-cinghiale-e-patate-pastetas-sunims-su-serniena-ir-bulvemis-400g\/"]}]},{"@type":"ImageObject","inLanguage":"lt-LT","@id":"https:\/\/anivet.lt\/elparduotuve\/produktas\/healthy-meat-cinghiale-e-patate-pastetas-sunims-su-serniena-ir-bulvemis-400g\/#primaryimage","url":"https:\/\/anivet.lt\/elparduotuve\/wp-content\/uploads\/2024\/03\/Healthy-Meat-Cinghiale-e-Patate.jpg","contentUrl":"https:\/\/anivet.lt\/elparduotuve\/wp-content\/uploads\/2024\/03\/Healthy-Meat-Cinghiale-e-Patate.jpg","width":528,"height":528,"caption":"Healthy Meat Cinghiale e Patate pa\u0161tetas \u0161unims su \u0161erniena ir bulv\u0117mis 400g"},{"@type":"BreadcrumbList","@id":"https:\/\/anivet.lt\/elparduotuve\/produktas\/healthy-meat-cinghiale-e-patate-pastetas-sunims-su-serniena-ir-bulvemis-400g\/#breadcrumb","itemListElement":[{"@type":"ListItem","position":1,"name":"Home","item":"https:\/\/anivet.lt\/elparduotuve\/"},{"@type":"ListItem","position":2,"name":"Produktai","item":"https:\/\/anivet.lt\/elparduotuve\/produktai\/"},{"@type":"ListItem","position":3,"name":"Healthy Meat Cinghiale e Patate pa\u0161tetas \u0161unims su \u0161erniena ir bulv\u0117mis 400g"}]},{"@type":"WebSite","@id":"https:\/\/anivet.lt\/elparduotuve\/#website","url":"https:\/\/anivet.lt\/elparduotuve\/","name":"anivet.lt","description":"Viskas J\u016bs\u0173 \u0161uns, kat\u0117s prie\u017ei\u016brai","publisher":{"@id":"https:\/\/anivet.lt\/elparduotuve\/#organization"},"alternateName":"Viskas J\u016bs\u0173 \u0161uns, kat\u0117s prie\u017ei\u016brai","potentialAction":[{"@type":"SearchAction","target":{"@type":"EntryPoint","urlTemplate":"https:\/\/anivet.lt\/elparduotuve\/?s={search_term_string}"},"query-input":{"@type":"PropertyValueSpecification","valueRequired":true,"valueName":"search_term_string"}}],"inLanguage":"lt-LT"},{"@type":"Organization","@id":"https:\/\/anivet.lt\/elparduotuve\/#organization","name":"Viskas J\u016bs\u0173 \u0161uns, kat\u0117s prie\u017ei\u016brai","url":"https:\/\/anivet.lt\/elparduotuve\/","logo":{"@type":"ImageObject","inLanguage":"lt-LT","@id":"https:\/\/anivet.lt\/elparduotuve\/#\/schema\/logo\/image\/","url":"https:\/\/anivet.lt\/elparduotuve\/wp-content\/uploads\/2023\/06\/logo2.jpg","contentUrl":"https:\/\/anivet.lt\/elparduotuve\/wp-content\/uploads\/2023\/06\/logo2.jpg","width":655,"height":194,"caption":"Viskas J\u016bs\u0173 \u0161uns, kat\u0117s prie\u017ei\u016brai"},"image":{"@id":"https:\/\/anivet.lt\/elparduotuve\/#\/schema\/logo\/image\/"}}]}},"_links":{"self":[{"href":"https:\/\/anivet.lt\/elparduotuve\/wp-json\/wp\/v2\/product\/13359","targetHints":{"allow":["GET"]}}],"collection":[{"href":"https:\/\/anivet.lt\/elparduotuve\/wp-json\/wp\/v2\/product"}],"about":[{"href":"https:\/\/anivet.lt\/elparduotuve\/wp-json\/wp\/v2\/types\/product"}],"wp:featuredmedia":[{"embeddable":true,"href":"https:\/\/anivet.lt\/elparduotuve\/wp-json\/wp\/v2\/media\/13360"}],"wp:attachment":[{"href":"https:\/\/anivet.lt\/elparduotuve\/wp-json\/wp\/v2\/media?parent=13359"}],"wp:term":[{"taxonomy":"product_brand","embeddable":true,"href":"https:\/\/anivet.lt\/elparduotuve\/wp-json\/wp\/v2\/product_brand?post=13359"},{"taxonomy":"product_cat","embeddable":true,"href":"https:\/\/anivet.lt\/elparduotuve\/wp-json\/wp\/v2\/product_cat?post=13359"},{"taxonomy":"product_tag","embeddable":true,"href":"https:\/\/anivet.lt\/elparduotuve\/wp-json\/wp\/v2\/product_tag?post=13359"}],"curies":[{"name":"wp","href":"https:\/\/api.w.org\/{rel}","templated":true}]}}