{"id":13361,"date":"2024-03-09T23:28:48","date_gmt":"2024-03-09T23:28:48","guid":{"rendered":"https:\/\/anivet.lt\/elparduotuve\/?post_type=product&#038;p=13361"},"modified":"2026-02-18T14:25:23","modified_gmt":"2026-02-18T14:25:23","slug":"maiseliai-su-rankenomis-ismatoms-rinkti-n80-juodi","status":"publish","type":"product","link":"https:\/\/anivet.lt\/elparduotuve\/produktas\/maiseliai-su-rankenomis-ismatoms-rinkti-n80-juodi\/","title":{"rendered":"Mai\u0161eliai i\u0161matoms rinkti N80 (juodi)"},"content":{"rendered":"<ul>\n<li style=\"font-weight: 400;\" aria-level=\"1\"><span style=\"font-weight: 400;\">Patogios rankenos: \u201eEasy-close\u201d rankenos leid\u017eia lengvai u\u017edaryti mai\u0161el\u012f, u\u017etikrinant higieni\u0161k\u0105 atliek\u0173 surinkim\u0105.<\/span><\/li>\n<li style=\"font-weight: 400;\" aria-level=\"1\"><span style=\"font-weight: 400;\">Didel\u0117 talpa: Vienoje d\u0117\u017eut\u0117je yra net 80 mai\u0161eli\u0173 \u2013 u\u017etenka ilgam laikui.<\/span><\/li>\n<li style=\"font-weight: 400;\" aria-level=\"1\"><span style=\"font-weight: 400;\">Kompakti\u0161ki matmenys: Matmenys 18\u00d734,5 cm puikiai tinka patogiam naudojimui.<\/span><\/li>\n<li style=\"font-weight: 400;\" aria-level=\"1\"><span style=\"font-weight: 400;\">Tvirta med\u017eiaga: Pagaminti i\u0161 HDPE pl\u0117vel\u0117s, kuri yra patvari ir saugi naudoti.<\/span><\/li>\n<li style=\"font-weight: 400;\" aria-level=\"1\"><span style=\"font-weight: 400;\">Universalumas: Tinka ne tik \u0161unims, bet ir kat\u0117ms \u2013 vienas sprendimas visiems augintiniams.<\/span><\/li>\n<\/ul>\n<p><span style=\"font-weight: 400;\">\u0160ie prakti\u0161ki mai\u0161eliai u\u017etikrina \u0161var\u0105 tiek kasdieniuose pasivaik\u0161\u010diojimuose, tiek namuose. Pasirinkite \u0161var\u0173 ir atsaking\u0105 sprendim\u0105 su mai\u0161eliais, kurie yra lengvai naudojami ir patikimi.<\/span><\/p>\n","protected":false},"excerpt":{"rendered":"<p><span style=\"font-weight: 400;\">Juodi i\u0161mat\u0173 surinkimo mai\u0161eliai su rankenomis \u2013 patogumas ir higiena j\u016bs\u0173 pasivaik\u0161\u010diojimuose su augintiniu. \u0160ie mai\u0161eliai yra prakti\u0161ki ir patog\u016bs naudoti, u\u017etikrinant \u0161var\u0105 bei tvark\u0105 aplinkoje.<\/span><\/p>\n","protected":false},"featured_media":13362,"template":"","meta":[],"product_brand":[],"product_cat":[101,108,312],"product_tag":[],"class_list":{"0":"post-13361","1":"product","2":"type-product","3":"status-publish","4":"has-post-thumbnail","6":"product_cat-sunims","7":"product_cat-prieziuros-priemones","8":"product_cat-kitos-priemones-prieziuros-priemones","10":"first","11":"outofstock","12":"taxable","13":"shipping-taxable","14":"purchasable","15":"product-type-simple"},"yoast_head":"<!-- This site is optimized with the Yoast SEO Premium plugin v27.1 (Yoast SEO v27.5) - https:\/\/yoast.com\/product\/yoast-seo-premium-wordpress\/ -->\n<title>Mai\u0161eliai i\u0161matoms rinkti N80 (juodi) - anivet.lt<\/title>\n<meta name=\"description\" content=\"Juodi i\u0161mat\u0173 surinkimo mai\u0161eliai su rankenomis \u2013 patogumas ir higiena j\u016bs\u0173 pasivaik\u0161\u010diojimuose su augintiniu. \u0160ie mai\u0161eliai yra prakti\u0161ki ir patog\u016bs naudoti, u\u017etikrinant \u0161var\u0105 bei tvark\u0105 aplinkoje.\" \/>\n<meta name=\"robots\" content=\"index, follow, max-snippet:-1, max-image-preview:large, max-video-preview:-1\" \/>\n<link rel=\"canonical\" href=\"https:\/\/anivet.lt\/elparduotuve\/produktas\/maiseliai-su-rankenomis-ismatoms-rinkti-n80-juodi\/\" \/>\n<meta property=\"og:locale\" content=\"lt_LT\" \/>\n<meta property=\"og:type\" content=\"article\" \/>\n<meta property=\"og:title\" content=\"Mai\u0161eliai i\u0161matoms rinkti N80 (juodi)\" \/>\n<meta property=\"og:description\" content=\"Juodi i\u0161mat\u0173 surinkimo mai\u0161eliai su rankenomis \u2013 patogumas ir higiena j\u016bs\u0173 pasivaik\u0161\u010diojimuose su augintiniu. \u0160ie mai\u0161eliai yra prakti\u0161ki ir patog\u016bs naudoti, u\u017etikrinant \u0161var\u0105 bei tvark\u0105 aplinkoje.\" \/>\n<meta property=\"og:url\" content=\"https:\/\/anivet.lt\/elparduotuve\/produktas\/maiseliai-su-rankenomis-ismatoms-rinkti-n80-juodi\/\" \/>\n<meta property=\"og:site_name\" content=\"anivet.lt\" \/>\n<meta property=\"article:modified_time\" content=\"2026-02-18T14:25:23+00:00\" \/>\n<meta property=\"og:image\" content=\"https:\/\/anivet.lt\/elparduotuve\/wp-content\/uploads\/2024\/03\/5414365367213_prd_webl.webp\" \/>\n\t<meta property=\"og:image:width\" content=\"713\" \/>\n\t<meta property=\"og:image:height\" content=\"713\" \/>\n\t<meta property=\"og:image:type\" content=\"image\/webp\" \/>\n<meta name=\"twitter:card\" content=\"summary_large_image\" \/>\n<meta name=\"twitter:label1\" content=\"Est. reading time\" \/>\n\t<meta name=\"twitter:data1\" content=\"1 minut\u0117\" \/>\n<script type=\"application\/ld+json\" class=\"yoast-schema-graph\">{\"@context\":\"https:\\\/\\\/schema.org\",\"@graph\":[{\"@type\":\"WebPage\",\"@id\":\"https:\\\/\\\/anivet.lt\\\/elparduotuve\\\/produktas\\\/maiseliai-su-rankenomis-ismatoms-rinkti-n80-juodi\\\/\",\"url\":\"https:\\\/\\\/anivet.lt\\\/elparduotuve\\\/produktas\\\/maiseliai-su-rankenomis-ismatoms-rinkti-n80-juodi\\\/\",\"name\":\"Mai\u0161eliai i\u0161matoms rinkti N80 (juodi) - anivet.lt\",\"isPartOf\":{\"@id\":\"https:\\\/\\\/anivet.lt\\\/elparduotuve\\\/#website\"},\"primaryImageOfPage\":{\"@id\":\"https:\\\/\\\/anivet.lt\\\/elparduotuve\\\/produktas\\\/maiseliai-su-rankenomis-ismatoms-rinkti-n80-juodi\\\/#primaryimage\"},\"image\":{\"@id\":\"https:\\\/\\\/anivet.lt\\\/elparduotuve\\\/produktas\\\/maiseliai-su-rankenomis-ismatoms-rinkti-n80-juodi\\\/#primaryimage\"},\"thumbnailUrl\":\"https:\\\/\\\/anivet.lt\\\/elparduotuve\\\/wp-content\\\/uploads\\\/2024\\\/03\\\/5414365367213_prd_webl.webp\",\"datePublished\":\"2024-03-09T23:28:48+00:00\",\"dateModified\":\"2026-02-18T14:25:23+00:00\",\"description\":\"Juodi i\u0161mat\u0173 surinkimo mai\u0161eliai su rankenomis \u2013 patogumas ir higiena j\u016bs\u0173 pasivaik\u0161\u010diojimuose su augintiniu. \u0160ie mai\u0161eliai yra prakti\u0161ki ir patog\u016bs naudoti, u\u017etikrinant \u0161var\u0105 bei tvark\u0105 aplinkoje.\",\"breadcrumb\":{\"@id\":\"https:\\\/\\\/anivet.lt\\\/elparduotuve\\\/produktas\\\/maiseliai-su-rankenomis-ismatoms-rinkti-n80-juodi\\\/#breadcrumb\"},\"inLanguage\":\"lt-LT\",\"potentialAction\":[{\"@type\":\"ReadAction\",\"target\":[\"https:\\\/\\\/anivet.lt\\\/elparduotuve\\\/produktas\\\/maiseliai-su-rankenomis-ismatoms-rinkti-n80-juodi\\\/\"]}]},{\"@type\":\"ImageObject\",\"inLanguage\":\"lt-LT\",\"@id\":\"https:\\\/\\\/anivet.lt\\\/elparduotuve\\\/produktas\\\/maiseliai-su-rankenomis-ismatoms-rinkti-n80-juodi\\\/#primaryimage\",\"url\":\"https:\\\/\\\/anivet.lt\\\/elparduotuve\\\/wp-content\\\/uploads\\\/2024\\\/03\\\/5414365367213_prd_webl.webp\",\"contentUrl\":\"https:\\\/\\\/anivet.lt\\\/elparduotuve\\\/wp-content\\\/uploads\\\/2024\\\/03\\\/5414365367213_prd_webl.webp\",\"width\":713,\"height\":713,\"caption\":\"Mai\u0161eliai i\u0161matoms rinkti N80 (juodi)\"},{\"@type\":\"BreadcrumbList\",\"@id\":\"https:\\\/\\\/anivet.lt\\\/elparduotuve\\\/produktas\\\/maiseliai-su-rankenomis-ismatoms-rinkti-n80-juodi\\\/#breadcrumb\",\"itemListElement\":[{\"@type\":\"ListItem\",\"position\":1,\"name\":\"Home\",\"item\":\"https:\\\/\\\/anivet.lt\\\/elparduotuve\\\/\"},{\"@type\":\"ListItem\",\"position\":2,\"name\":\"Produktai\",\"item\":\"https:\\\/\\\/anivet.lt\\\/elparduotuve\\\/produktai\\\/\"},{\"@type\":\"ListItem\",\"position\":3,\"name\":\"Mai\u0161eliai i\u0161matoms rinkti N80 (juodi)\"}]},{\"@type\":\"WebSite\",\"@id\":\"https:\\\/\\\/anivet.lt\\\/elparduotuve\\\/#website\",\"url\":\"https:\\\/\\\/anivet.lt\\\/elparduotuve\\\/\",\"name\":\"anivet.lt\",\"description\":\"Viskas J\u016bs\u0173 \u0161uns, kat\u0117s prie\u017ei\u016brai\",\"publisher\":{\"@id\":\"https:\\\/\\\/anivet.lt\\\/elparduotuve\\\/#organization\"},\"alternateName\":\"Viskas J\u016bs\u0173 \u0161uns, kat\u0117s prie\u017ei\u016brai\",\"potentialAction\":[{\"@type\":\"SearchAction\",\"target\":{\"@type\":\"EntryPoint\",\"urlTemplate\":\"https:\\\/\\\/anivet.lt\\\/elparduotuve\\\/?s={search_term_string}\"},\"query-input\":{\"@type\":\"PropertyValueSpecification\",\"valueRequired\":true,\"valueName\":\"search_term_string\"}}],\"inLanguage\":\"lt-LT\"},{\"@type\":\"Organization\",\"@id\":\"https:\\\/\\\/anivet.lt\\\/elparduotuve\\\/#organization\",\"name\":\"Viskas J\u016bs\u0173 \u0161uns, kat\u0117s prie\u017ei\u016brai\",\"url\":\"https:\\\/\\\/anivet.lt\\\/elparduotuve\\\/\",\"logo\":{\"@type\":\"ImageObject\",\"inLanguage\":\"lt-LT\",\"@id\":\"https:\\\/\\\/anivet.lt\\\/elparduotuve\\\/#\\\/schema\\\/logo\\\/image\\\/\",\"url\":\"https:\\\/\\\/anivet.lt\\\/elparduotuve\\\/wp-content\\\/uploads\\\/2023\\\/06\\\/logo2.jpg\",\"contentUrl\":\"https:\\\/\\\/anivet.lt\\\/elparduotuve\\\/wp-content\\\/uploads\\\/2023\\\/06\\\/logo2.jpg\",\"width\":655,\"height\":194,\"caption\":\"Viskas J\u016bs\u0173 \u0161uns, kat\u0117s prie\u017ei\u016brai\"},\"image\":{\"@id\":\"https:\\\/\\\/anivet.lt\\\/elparduotuve\\\/#\\\/schema\\\/logo\\\/image\\\/\"}}]}<\/script>\n<!-- \/ Yoast SEO Premium plugin. -->","yoast_head_json":{"title":"Mai\u0161eliai i\u0161matoms rinkti N80 (juodi) - anivet.lt","description":"Juodi i\u0161mat\u0173 surinkimo mai\u0161eliai su rankenomis \u2013 patogumas ir higiena j\u016bs\u0173 pasivaik\u0161\u010diojimuose su augintiniu. \u0160ie mai\u0161eliai yra prakti\u0161ki ir patog\u016bs naudoti, u\u017etikrinant \u0161var\u0105 bei tvark\u0105 aplinkoje.","robots":{"index":"index","follow":"follow","max-snippet":"max-snippet:-1","max-image-preview":"max-image-preview:large","max-video-preview":"max-video-preview:-1"},"canonical":"https:\/\/anivet.lt\/elparduotuve\/produktas\/maiseliai-su-rankenomis-ismatoms-rinkti-n80-juodi\/","og_locale":"lt_LT","og_type":"article","og_title":"Mai\u0161eliai i\u0161matoms rinkti N80 (juodi)","og_description":"Juodi i\u0161mat\u0173 surinkimo mai\u0161eliai su rankenomis \u2013 patogumas ir higiena j\u016bs\u0173 pasivaik\u0161\u010diojimuose su augintiniu. \u0160ie mai\u0161eliai yra prakti\u0161ki ir patog\u016bs naudoti, u\u017etikrinant \u0161var\u0105 bei tvark\u0105 aplinkoje.","og_url":"https:\/\/anivet.lt\/elparduotuve\/produktas\/maiseliai-su-rankenomis-ismatoms-rinkti-n80-juodi\/","og_site_name":"anivet.lt","article_modified_time":"2026-02-18T14:25:23+00:00","og_image":[{"width":713,"height":713,"url":"https:\/\/anivet.lt\/elparduotuve\/wp-content\/uploads\/2024\/03\/5414365367213_prd_webl.webp","type":"image\/webp"}],"twitter_card":"summary_large_image","twitter_misc":{"Est. reading time":"1 minut\u0117"},"schema":{"@context":"https:\/\/schema.org","@graph":[{"@type":"WebPage","@id":"https:\/\/anivet.lt\/elparduotuve\/produktas\/maiseliai-su-rankenomis-ismatoms-rinkti-n80-juodi\/","url":"https:\/\/anivet.lt\/elparduotuve\/produktas\/maiseliai-su-rankenomis-ismatoms-rinkti-n80-juodi\/","name":"Mai\u0161eliai i\u0161matoms rinkti N80 (juodi) - anivet.lt","isPartOf":{"@id":"https:\/\/anivet.lt\/elparduotuve\/#website"},"primaryImageOfPage":{"@id":"https:\/\/anivet.lt\/elparduotuve\/produktas\/maiseliai-su-rankenomis-ismatoms-rinkti-n80-juodi\/#primaryimage"},"image":{"@id":"https:\/\/anivet.lt\/elparduotuve\/produktas\/maiseliai-su-rankenomis-ismatoms-rinkti-n80-juodi\/#primaryimage"},"thumbnailUrl":"https:\/\/anivet.lt\/elparduotuve\/wp-content\/uploads\/2024\/03\/5414365367213_prd_webl.webp","datePublished":"2024-03-09T23:28:48+00:00","dateModified":"2026-02-18T14:25:23+00:00","description":"Juodi i\u0161mat\u0173 surinkimo mai\u0161eliai su rankenomis \u2013 patogumas ir higiena j\u016bs\u0173 pasivaik\u0161\u010diojimuose su augintiniu. \u0160ie mai\u0161eliai yra prakti\u0161ki ir patog\u016bs naudoti, u\u017etikrinant \u0161var\u0105 bei tvark\u0105 aplinkoje.","breadcrumb":{"@id":"https:\/\/anivet.lt\/elparduotuve\/produktas\/maiseliai-su-rankenomis-ismatoms-rinkti-n80-juodi\/#breadcrumb"},"inLanguage":"lt-LT","potentialAction":[{"@type":"ReadAction","target":["https:\/\/anivet.lt\/elparduotuve\/produktas\/maiseliai-su-rankenomis-ismatoms-rinkti-n80-juodi\/"]}]},{"@type":"ImageObject","inLanguage":"lt-LT","@id":"https:\/\/anivet.lt\/elparduotuve\/produktas\/maiseliai-su-rankenomis-ismatoms-rinkti-n80-juodi\/#primaryimage","url":"https:\/\/anivet.lt\/elparduotuve\/wp-content\/uploads\/2024\/03\/5414365367213_prd_webl.webp","contentUrl":"https:\/\/anivet.lt\/elparduotuve\/wp-content\/uploads\/2024\/03\/5414365367213_prd_webl.webp","width":713,"height":713,"caption":"Mai\u0161eliai i\u0161matoms rinkti N80 (juodi)"},{"@type":"BreadcrumbList","@id":"https:\/\/anivet.lt\/elparduotuve\/produktas\/maiseliai-su-rankenomis-ismatoms-rinkti-n80-juodi\/#breadcrumb","itemListElement":[{"@type":"ListItem","position":1,"name":"Home","item":"https:\/\/anivet.lt\/elparduotuve\/"},{"@type":"ListItem","position":2,"name":"Produktai","item":"https:\/\/anivet.lt\/elparduotuve\/produktai\/"},{"@type":"ListItem","position":3,"name":"Mai\u0161eliai i\u0161matoms rinkti N80 (juodi)"}]},{"@type":"WebSite","@id":"https:\/\/anivet.lt\/elparduotuve\/#website","url":"https:\/\/anivet.lt\/elparduotuve\/","name":"anivet.lt","description":"Viskas J\u016bs\u0173 \u0161uns, kat\u0117s prie\u017ei\u016brai","publisher":{"@id":"https:\/\/anivet.lt\/elparduotuve\/#organization"},"alternateName":"Viskas J\u016bs\u0173 \u0161uns, kat\u0117s prie\u017ei\u016brai","potentialAction":[{"@type":"SearchAction","target":{"@type":"EntryPoint","urlTemplate":"https:\/\/anivet.lt\/elparduotuve\/?s={search_term_string}"},"query-input":{"@type":"PropertyValueSpecification","valueRequired":true,"valueName":"search_term_string"}}],"inLanguage":"lt-LT"},{"@type":"Organization","@id":"https:\/\/anivet.lt\/elparduotuve\/#organization","name":"Viskas J\u016bs\u0173 \u0161uns, kat\u0117s prie\u017ei\u016brai","url":"https:\/\/anivet.lt\/elparduotuve\/","logo":{"@type":"ImageObject","inLanguage":"lt-LT","@id":"https:\/\/anivet.lt\/elparduotuve\/#\/schema\/logo\/image\/","url":"https:\/\/anivet.lt\/elparduotuve\/wp-content\/uploads\/2023\/06\/logo2.jpg","contentUrl":"https:\/\/anivet.lt\/elparduotuve\/wp-content\/uploads\/2023\/06\/logo2.jpg","width":655,"height":194,"caption":"Viskas J\u016bs\u0173 \u0161uns, kat\u0117s prie\u017ei\u016brai"},"image":{"@id":"https:\/\/anivet.lt\/elparduotuve\/#\/schema\/logo\/image\/"}}]}},"_links":{"self":[{"href":"https:\/\/anivet.lt\/elparduotuve\/wp-json\/wp\/v2\/product\/13361","targetHints":{"allow":["GET"]}}],"collection":[{"href":"https:\/\/anivet.lt\/elparduotuve\/wp-json\/wp\/v2\/product"}],"about":[{"href":"https:\/\/anivet.lt\/elparduotuve\/wp-json\/wp\/v2\/types\/product"}],"wp:featuredmedia":[{"embeddable":true,"href":"https:\/\/anivet.lt\/elparduotuve\/wp-json\/wp\/v2\/media\/13362"}],"wp:attachment":[{"href":"https:\/\/anivet.lt\/elparduotuve\/wp-json\/wp\/v2\/media?parent=13361"}],"wp:term":[{"taxonomy":"product_brand","embeddable":true,"href":"https:\/\/anivet.lt\/elparduotuve\/wp-json\/wp\/v2\/product_brand?post=13361"},{"taxonomy":"product_cat","embeddable":true,"href":"https:\/\/anivet.lt\/elparduotuve\/wp-json\/wp\/v2\/product_cat?post=13361"},{"taxonomy":"product_tag","embeddable":true,"href":"https:\/\/anivet.lt\/elparduotuve\/wp-json\/wp\/v2\/product_tag?post=13361"}],"curies":[{"name":"wp","href":"https:\/\/api.w.org\/{rel}","templated":true}]}}