{"id":13384,"date":"2024-03-17T11:45:28","date_gmt":"2024-03-17T11:45:28","guid":{"rendered":"https:\/\/anivet.lt\/elparduotuve\/?post_type=product&#038;p=13384"},"modified":"2026-03-16T14:25:31","modified_gmt":"2026-03-16T14:25:31","slug":"primal-iberian-pork-pasaras-sunim-su-kiauliena-12kg","status":"publish","type":"product","link":"https:\/\/anivet.lt\/elparduotuve\/produktas\/primal-iberian-pork-pasaras-sunim-su-kiauliena-12kg\/","title":{"rendered":"PRIMAL IBERIAN Pork pa\u0161aras \u0161unims su kiauliena 12kg"},"content":{"rendered":"<ul>\n<li style=\"font-weight: 400;\" aria-level=\"1\"><span style=\"font-weight: 400;\">70% \u0161vie\u017eios Iberijos kiaulienos: Auk\u0161tos kokyb\u0117s baltym\u0173 \u0161altinis, gerinantis raumen\u0173 vystym\u0105si.<\/span><\/li>\n<li style=\"font-weight: 400;\" aria-level=\"1\"><span style=\"font-weight: 400;\">Be glitimo: Tinka jautri\u0105 vir\u0161kinimo sistem\u0105 turintiems \u0161unims.<\/span><\/li>\n<li style=\"font-weight: 400;\" aria-level=\"1\"><span style=\"font-weight: 400;\">Be m\u0117sos milt\u0173 ir extruduot\u0173 produkt\u0173: U\u017etikrina nat\u016bralum\u0105 ir suma\u017eina alergijos rizik\u0105.<\/span><\/li>\n<li style=\"font-weight: 400;\" aria-level=\"1\"><span style=\"font-weight: 400;\">Ciber\u017eol\u0117: Nat\u016bralus prie\u0161u\u017edegiminis priedas, palaikantis bendr\u0105 sveikat\u0105.<\/span><\/li>\n<li style=\"font-weight: 400;\" aria-level=\"1\"><span style=\"font-weight: 400;\">Alaus miel\u0117s: Skatina sveik\u0105 od\u0105 ir \u017evilgant\u012f kail\u012f.<\/span><\/li>\n<\/ul>\n<p><span style=\"font-weight: 400;\">\u0160is pa\u0161aras yra subalansuotas, lengvai vir\u0161kinamas ir praturtintas auk\u0161tos kokyb\u0117s ingredientais. \u0160vie\u017eia Iberijos kiauliena ne tik suteikia puik\u0173 skon\u012f, bet ir yra gerai toleruojama net jautriausi\u0173 augintini\u0173. Tai idealus pasirinkimas sveikai kasdienei mitybai, nes sud\u0117tis pritaikyta tiek bendrai \u0161un\u0173 gerovei, tiek specifiniams j\u0173 poreikiams.<\/span><\/p>\n","protected":false},"excerpt":{"rendered":"<p><span style=\"font-weight: 400;\">Auk\u0161\u010diausios kokyb\u0117s dr\u0117gnas pa\u0161aras suaugusiems \u0161unims, sukurtas siekiant u\u017etikrinti subalansuot\u0105 ir lengvai vir\u0161kinam\u0105 mityb\u0105. Sud\u0117tyje n\u0117ra m\u0117sos milt\u0173, glitimo ar sintetini\u0173 pried\u0173, tod\u0117l tai puikus pasirinkimas jautriems \u0161unims ar tiems, kurie link\u0119 \u012f alergijas.<\/span><\/p>\n","protected":false},"featured_media":13386,"template":"","meta":[],"product_brand":[],"product_cat":[101,103,104,440],"product_tag":[],"class_list":{"0":"post-13384","1":"product","2":"type-product","3":"status-publish","4":"has-post-thumbnail","6":"product_cat-sunims","7":"product_cat-sunu-maistas","8":"product_cat-sausas-maistas","9":"product_cat-primal-spirit-sunu-maistas","10":"pa_prekinis-zenklas-primal-spirit","12":"first","13":"instock","14":"taxable","15":"shipping-taxable","16":"purchasable","17":"product-type-simple"},"yoast_head":"<!-- This site is optimized with the Yoast SEO Premium plugin v27.1 (Yoast SEO v27.5) - https:\/\/yoast.com\/product\/yoast-seo-premium-wordpress\/ -->\n<title>PRIMAL IBERIAN Pork pa\u0161aras \u0161unims su kiauliena 12kg - anivet.lt<\/title>\n<meta name=\"description\" content=\"Auk\u0161\u010diausios kokyb\u0117s dr\u0117gnas pa\u0161aras suaugusiems \u0161unims, sukurtas siekiant u\u017etikrinti subalansuot\u0105 ir lengvai vir\u0161kinam\u0105 mityb\u0105. Sud\u0117tyje n\u0117ra m\u0117sos milt\u0173, glitimo ar sintetini\u0173 pried\u0173, tod\u0117l tai puikus pasirinkimas jautriems \u0161unims ar tiems, kurie link\u0119 \u012f alergijas.\" \/>\n<meta name=\"robots\" content=\"index, follow, max-snippet:-1, max-image-preview:large, max-video-preview:-1\" \/>\n<link rel=\"canonical\" href=\"https:\/\/anivet.lt\/elparduotuve\/produktas\/primal-iberian-pork-pasaras-sunim-su-kiauliena-12kg\/\" \/>\n<meta property=\"og:locale\" content=\"lt_LT\" \/>\n<meta property=\"og:type\" content=\"article\" \/>\n<meta property=\"og:title\" content=\"PRIMAL IBERIAN Pork pa\u0161aras \u0161unims su kiauliena 12kg\" \/>\n<meta property=\"og:description\" content=\"Auk\u0161\u010diausios kokyb\u0117s dr\u0117gnas pa\u0161aras suaugusiems \u0161unims, sukurtas siekiant u\u017etikrinti subalansuot\u0105 ir lengvai vir\u0161kinam\u0105 mityb\u0105. Sud\u0117tyje n\u0117ra m\u0117sos milt\u0173, glitimo ar sintetini\u0173 pried\u0173, tod\u0117l tai puikus pasirinkimas jautriems \u0161unims ar tiems, kurie link\u0119 \u012f alergijas.\" \/>\n<meta property=\"og:url\" content=\"https:\/\/anivet.lt\/elparduotuve\/produktas\/primal-iberian-pork-pasaras-sunim-su-kiauliena-12kg\/\" \/>\n<meta property=\"og:site_name\" content=\"anivet.lt\" \/>\n<meta property=\"article:modified_time\" content=\"2026-03-16T14:25:31+00:00\" \/>\n<meta property=\"og:image\" content=\"https:\/\/anivet.lt\/elparduotuve\/wp-content\/uploads\/2024\/03\/primal-spirit-dog-70-iberian-pork-with-ham-12kg.jpg\" \/>\n\t<meta property=\"og:image:width\" content=\"800\" \/>\n\t<meta property=\"og:image:height\" content=\"800\" \/>\n\t<meta property=\"og:image:type\" content=\"image\/jpeg\" \/>\n<meta name=\"twitter:card\" content=\"summary_large_image\" \/>\n<meta name=\"twitter:label1\" content=\"Est. reading time\" \/>\n\t<meta name=\"twitter:data1\" content=\"1 minut\u0117\" \/>\n<script type=\"application\/ld+json\" class=\"yoast-schema-graph\">{\"@context\":\"https:\\\/\\\/schema.org\",\"@graph\":[{\"@type\":\"WebPage\",\"@id\":\"https:\\\/\\\/anivet.lt\\\/elparduotuve\\\/produktas\\\/primal-iberian-pork-pasaras-sunim-su-kiauliena-12kg\\\/\",\"url\":\"https:\\\/\\\/anivet.lt\\\/elparduotuve\\\/produktas\\\/primal-iberian-pork-pasaras-sunim-su-kiauliena-12kg\\\/\",\"name\":\"PRIMAL IBERIAN Pork pa\u0161aras \u0161unims su kiauliena 12kg - anivet.lt\",\"isPartOf\":{\"@id\":\"https:\\\/\\\/anivet.lt\\\/elparduotuve\\\/#website\"},\"primaryImageOfPage\":{\"@id\":\"https:\\\/\\\/anivet.lt\\\/elparduotuve\\\/produktas\\\/primal-iberian-pork-pasaras-sunim-su-kiauliena-12kg\\\/#primaryimage\"},\"image\":{\"@id\":\"https:\\\/\\\/anivet.lt\\\/elparduotuve\\\/produktas\\\/primal-iberian-pork-pasaras-sunim-su-kiauliena-12kg\\\/#primaryimage\"},\"thumbnailUrl\":\"https:\\\/\\\/anivet.lt\\\/elparduotuve\\\/wp-content\\\/uploads\\\/2024\\\/03\\\/primal-spirit-dog-70-iberian-pork-with-ham-12kg.jpg\",\"datePublished\":\"2024-03-17T11:45:28+00:00\",\"dateModified\":\"2026-03-16T14:25:31+00:00\",\"description\":\"Auk\u0161\u010diausios kokyb\u0117s dr\u0117gnas pa\u0161aras suaugusiems \u0161unims, sukurtas siekiant u\u017etikrinti subalansuot\u0105 ir lengvai vir\u0161kinam\u0105 mityb\u0105. Sud\u0117tyje n\u0117ra m\u0117sos milt\u0173, glitimo ar sintetini\u0173 pried\u0173, tod\u0117l tai puikus pasirinkimas jautriems \u0161unims ar tiems, kurie link\u0119 \u012f alergijas.\",\"breadcrumb\":{\"@id\":\"https:\\\/\\\/anivet.lt\\\/elparduotuve\\\/produktas\\\/primal-iberian-pork-pasaras-sunim-su-kiauliena-12kg\\\/#breadcrumb\"},\"inLanguage\":\"lt-LT\",\"potentialAction\":[{\"@type\":\"ReadAction\",\"target\":[\"https:\\\/\\\/anivet.lt\\\/elparduotuve\\\/produktas\\\/primal-iberian-pork-pasaras-sunim-su-kiauliena-12kg\\\/\"]}]},{\"@type\":\"ImageObject\",\"inLanguage\":\"lt-LT\",\"@id\":\"https:\\\/\\\/anivet.lt\\\/elparduotuve\\\/produktas\\\/primal-iberian-pork-pasaras-sunim-su-kiauliena-12kg\\\/#primaryimage\",\"url\":\"https:\\\/\\\/anivet.lt\\\/elparduotuve\\\/wp-content\\\/uploads\\\/2024\\\/03\\\/primal-spirit-dog-70-iberian-pork-with-ham-12kg.jpg\",\"contentUrl\":\"https:\\\/\\\/anivet.lt\\\/elparduotuve\\\/wp-content\\\/uploads\\\/2024\\\/03\\\/primal-spirit-dog-70-iberian-pork-with-ham-12kg.jpg\",\"width\":800,\"height\":800,\"caption\":\"PRIMAL IBERIAN Pork pa\u0161aras \u0161unims su kiauliena 12kg\"},{\"@type\":\"BreadcrumbList\",\"@id\":\"https:\\\/\\\/anivet.lt\\\/elparduotuve\\\/produktas\\\/primal-iberian-pork-pasaras-sunim-su-kiauliena-12kg\\\/#breadcrumb\",\"itemListElement\":[{\"@type\":\"ListItem\",\"position\":1,\"name\":\"Home\",\"item\":\"https:\\\/\\\/anivet.lt\\\/elparduotuve\\\/\"},{\"@type\":\"ListItem\",\"position\":2,\"name\":\"Produktai\",\"item\":\"https:\\\/\\\/anivet.lt\\\/elparduotuve\\\/produktai\\\/\"},{\"@type\":\"ListItem\",\"position\":3,\"name\":\"PRIMAL IBERIAN Pork pa\u0161aras \u0161unims su kiauliena 12kg\"}]},{\"@type\":\"WebSite\",\"@id\":\"https:\\\/\\\/anivet.lt\\\/elparduotuve\\\/#website\",\"url\":\"https:\\\/\\\/anivet.lt\\\/elparduotuve\\\/\",\"name\":\"anivet.lt\",\"description\":\"Viskas J\u016bs\u0173 \u0161uns, kat\u0117s prie\u017ei\u016brai\",\"publisher\":{\"@id\":\"https:\\\/\\\/anivet.lt\\\/elparduotuve\\\/#organization\"},\"alternateName\":\"Viskas J\u016bs\u0173 \u0161uns, kat\u0117s prie\u017ei\u016brai\",\"potentialAction\":[{\"@type\":\"SearchAction\",\"target\":{\"@type\":\"EntryPoint\",\"urlTemplate\":\"https:\\\/\\\/anivet.lt\\\/elparduotuve\\\/?s={search_term_string}\"},\"query-input\":{\"@type\":\"PropertyValueSpecification\",\"valueRequired\":true,\"valueName\":\"search_term_string\"}}],\"inLanguage\":\"lt-LT\"},{\"@type\":\"Organization\",\"@id\":\"https:\\\/\\\/anivet.lt\\\/elparduotuve\\\/#organization\",\"name\":\"Viskas J\u016bs\u0173 \u0161uns, kat\u0117s prie\u017ei\u016brai\",\"url\":\"https:\\\/\\\/anivet.lt\\\/elparduotuve\\\/\",\"logo\":{\"@type\":\"ImageObject\",\"inLanguage\":\"lt-LT\",\"@id\":\"https:\\\/\\\/anivet.lt\\\/elparduotuve\\\/#\\\/schema\\\/logo\\\/image\\\/\",\"url\":\"https:\\\/\\\/anivet.lt\\\/elparduotuve\\\/wp-content\\\/uploads\\\/2023\\\/06\\\/logo2.jpg\",\"contentUrl\":\"https:\\\/\\\/anivet.lt\\\/elparduotuve\\\/wp-content\\\/uploads\\\/2023\\\/06\\\/logo2.jpg\",\"width\":655,\"height\":194,\"caption\":\"Viskas J\u016bs\u0173 \u0161uns, kat\u0117s prie\u017ei\u016brai\"},\"image\":{\"@id\":\"https:\\\/\\\/anivet.lt\\\/elparduotuve\\\/#\\\/schema\\\/logo\\\/image\\\/\"}}]}<\/script>\n<!-- \/ Yoast SEO Premium plugin. -->","yoast_head_json":{"title":"PRIMAL IBERIAN Pork pa\u0161aras \u0161unims su kiauliena 12kg - anivet.lt","description":"Auk\u0161\u010diausios kokyb\u0117s dr\u0117gnas pa\u0161aras suaugusiems \u0161unims, sukurtas siekiant u\u017etikrinti subalansuot\u0105 ir lengvai vir\u0161kinam\u0105 mityb\u0105. Sud\u0117tyje n\u0117ra m\u0117sos milt\u0173, glitimo ar sintetini\u0173 pried\u0173, tod\u0117l tai puikus pasirinkimas jautriems \u0161unims ar tiems, kurie link\u0119 \u012f alergijas.","robots":{"index":"index","follow":"follow","max-snippet":"max-snippet:-1","max-image-preview":"max-image-preview:large","max-video-preview":"max-video-preview:-1"},"canonical":"https:\/\/anivet.lt\/elparduotuve\/produktas\/primal-iberian-pork-pasaras-sunim-su-kiauliena-12kg\/","og_locale":"lt_LT","og_type":"article","og_title":"PRIMAL IBERIAN Pork pa\u0161aras \u0161unims su kiauliena 12kg","og_description":"Auk\u0161\u010diausios kokyb\u0117s dr\u0117gnas pa\u0161aras suaugusiems \u0161unims, sukurtas siekiant u\u017etikrinti subalansuot\u0105 ir lengvai vir\u0161kinam\u0105 mityb\u0105. Sud\u0117tyje n\u0117ra m\u0117sos milt\u0173, glitimo ar sintetini\u0173 pried\u0173, tod\u0117l tai puikus pasirinkimas jautriems \u0161unims ar tiems, kurie link\u0119 \u012f alergijas.","og_url":"https:\/\/anivet.lt\/elparduotuve\/produktas\/primal-iberian-pork-pasaras-sunim-su-kiauliena-12kg\/","og_site_name":"anivet.lt","article_modified_time":"2026-03-16T14:25:31+00:00","og_image":[{"width":800,"height":800,"url":"https:\/\/anivet.lt\/elparduotuve\/wp-content\/uploads\/2024\/03\/primal-spirit-dog-70-iberian-pork-with-ham-12kg.jpg","type":"image\/jpeg"}],"twitter_card":"summary_large_image","twitter_misc":{"Est. reading time":"1 minut\u0117"},"schema":{"@context":"https:\/\/schema.org","@graph":[{"@type":"WebPage","@id":"https:\/\/anivet.lt\/elparduotuve\/produktas\/primal-iberian-pork-pasaras-sunim-su-kiauliena-12kg\/","url":"https:\/\/anivet.lt\/elparduotuve\/produktas\/primal-iberian-pork-pasaras-sunim-su-kiauliena-12kg\/","name":"PRIMAL IBERIAN Pork pa\u0161aras \u0161unims su kiauliena 12kg - anivet.lt","isPartOf":{"@id":"https:\/\/anivet.lt\/elparduotuve\/#website"},"primaryImageOfPage":{"@id":"https:\/\/anivet.lt\/elparduotuve\/produktas\/primal-iberian-pork-pasaras-sunim-su-kiauliena-12kg\/#primaryimage"},"image":{"@id":"https:\/\/anivet.lt\/elparduotuve\/produktas\/primal-iberian-pork-pasaras-sunim-su-kiauliena-12kg\/#primaryimage"},"thumbnailUrl":"https:\/\/anivet.lt\/elparduotuve\/wp-content\/uploads\/2024\/03\/primal-spirit-dog-70-iberian-pork-with-ham-12kg.jpg","datePublished":"2024-03-17T11:45:28+00:00","dateModified":"2026-03-16T14:25:31+00:00","description":"Auk\u0161\u010diausios kokyb\u0117s dr\u0117gnas pa\u0161aras suaugusiems \u0161unims, sukurtas siekiant u\u017etikrinti subalansuot\u0105 ir lengvai vir\u0161kinam\u0105 mityb\u0105. Sud\u0117tyje n\u0117ra m\u0117sos milt\u0173, glitimo ar sintetini\u0173 pried\u0173, tod\u0117l tai puikus pasirinkimas jautriems \u0161unims ar tiems, kurie link\u0119 \u012f alergijas.","breadcrumb":{"@id":"https:\/\/anivet.lt\/elparduotuve\/produktas\/primal-iberian-pork-pasaras-sunim-su-kiauliena-12kg\/#breadcrumb"},"inLanguage":"lt-LT","potentialAction":[{"@type":"ReadAction","target":["https:\/\/anivet.lt\/elparduotuve\/produktas\/primal-iberian-pork-pasaras-sunim-su-kiauliena-12kg\/"]}]},{"@type":"ImageObject","inLanguage":"lt-LT","@id":"https:\/\/anivet.lt\/elparduotuve\/produktas\/primal-iberian-pork-pasaras-sunim-su-kiauliena-12kg\/#primaryimage","url":"https:\/\/anivet.lt\/elparduotuve\/wp-content\/uploads\/2024\/03\/primal-spirit-dog-70-iberian-pork-with-ham-12kg.jpg","contentUrl":"https:\/\/anivet.lt\/elparduotuve\/wp-content\/uploads\/2024\/03\/primal-spirit-dog-70-iberian-pork-with-ham-12kg.jpg","width":800,"height":800,"caption":"PRIMAL IBERIAN Pork pa\u0161aras \u0161unims su kiauliena 12kg"},{"@type":"BreadcrumbList","@id":"https:\/\/anivet.lt\/elparduotuve\/produktas\/primal-iberian-pork-pasaras-sunim-su-kiauliena-12kg\/#breadcrumb","itemListElement":[{"@type":"ListItem","position":1,"name":"Home","item":"https:\/\/anivet.lt\/elparduotuve\/"},{"@type":"ListItem","position":2,"name":"Produktai","item":"https:\/\/anivet.lt\/elparduotuve\/produktai\/"},{"@type":"ListItem","position":3,"name":"PRIMAL IBERIAN Pork pa\u0161aras \u0161unims su kiauliena 12kg"}]},{"@type":"WebSite","@id":"https:\/\/anivet.lt\/elparduotuve\/#website","url":"https:\/\/anivet.lt\/elparduotuve\/","name":"anivet.lt","description":"Viskas J\u016bs\u0173 \u0161uns, kat\u0117s prie\u017ei\u016brai","publisher":{"@id":"https:\/\/anivet.lt\/elparduotuve\/#organization"},"alternateName":"Viskas J\u016bs\u0173 \u0161uns, kat\u0117s prie\u017ei\u016brai","potentialAction":[{"@type":"SearchAction","target":{"@type":"EntryPoint","urlTemplate":"https:\/\/anivet.lt\/elparduotuve\/?s={search_term_string}"},"query-input":{"@type":"PropertyValueSpecification","valueRequired":true,"valueName":"search_term_string"}}],"inLanguage":"lt-LT"},{"@type":"Organization","@id":"https:\/\/anivet.lt\/elparduotuve\/#organization","name":"Viskas J\u016bs\u0173 \u0161uns, kat\u0117s prie\u017ei\u016brai","url":"https:\/\/anivet.lt\/elparduotuve\/","logo":{"@type":"ImageObject","inLanguage":"lt-LT","@id":"https:\/\/anivet.lt\/elparduotuve\/#\/schema\/logo\/image\/","url":"https:\/\/anivet.lt\/elparduotuve\/wp-content\/uploads\/2023\/06\/logo2.jpg","contentUrl":"https:\/\/anivet.lt\/elparduotuve\/wp-content\/uploads\/2023\/06\/logo2.jpg","width":655,"height":194,"caption":"Viskas J\u016bs\u0173 \u0161uns, kat\u0117s prie\u017ei\u016brai"},"image":{"@id":"https:\/\/anivet.lt\/elparduotuve\/#\/schema\/logo\/image\/"}}]}},"_links":{"self":[{"href":"https:\/\/anivet.lt\/elparduotuve\/wp-json\/wp\/v2\/product\/13384","targetHints":{"allow":["GET"]}}],"collection":[{"href":"https:\/\/anivet.lt\/elparduotuve\/wp-json\/wp\/v2\/product"}],"about":[{"href":"https:\/\/anivet.lt\/elparduotuve\/wp-json\/wp\/v2\/types\/product"}],"wp:featuredmedia":[{"embeddable":true,"href":"https:\/\/anivet.lt\/elparduotuve\/wp-json\/wp\/v2\/media\/13386"}],"wp:attachment":[{"href":"https:\/\/anivet.lt\/elparduotuve\/wp-json\/wp\/v2\/media?parent=13384"}],"wp:term":[{"taxonomy":"product_brand","embeddable":true,"href":"https:\/\/anivet.lt\/elparduotuve\/wp-json\/wp\/v2\/product_brand?post=13384"},{"taxonomy":"product_cat","embeddable":true,"href":"https:\/\/anivet.lt\/elparduotuve\/wp-json\/wp\/v2\/product_cat?post=13384"},{"taxonomy":"product_tag","embeddable":true,"href":"https:\/\/anivet.lt\/elparduotuve\/wp-json\/wp\/v2\/product_tag?post=13384"}],"curies":[{"name":"wp","href":"https:\/\/api.w.org\/{rel}","templated":true}]}}