{"id":13398,"date":"2024-03-18T12:57:13","date_gmt":"2024-03-18T12:57:13","guid":{"rendered":"https:\/\/anivet.lt\/elparduotuve\/?post_type=product&#038;p=13398"},"modified":"2026-05-06T07:57:47","modified_gmt":"2026-05-06T07:57:47","slug":"primal-iberian-sardin-pasaras-sunim-su-sardine-12kg","status":"publish","type":"product","link":"https:\/\/anivet.lt\/elparduotuve\/produktas\/primal-iberian-sardin-pasaras-sunim-su-sardine-12kg\/","title":{"rendered":"PRIMAL IBERIAN Sardin pa\u0161aras \u0161unims su sardine 12kg"},"content":{"rendered":"<ul>\n<li style=\"font-weight: 400;\" aria-level=\"1\"><span style=\"font-weight: 400;\">Be glitimo ir m\u0117sos milt\u0173: Pa\u0161aras lengvai vir\u0161kinamas, padeda i\u0161vengti alergij\u0173 ir vir\u0161kinimo problem\u0173.<\/span><\/li>\n<li style=\"font-weight: 400;\" aria-level=\"1\"><span style=\"font-weight: 400;\">Nat\u016brali sud\u0117tis: Pagamintas tik i\u0161 \u0161vie\u017eios Iberijos kiaulienos (40%) ir sardini\u0173 (30%), praturtintas ry\u017eiais bei alaus miel\u0117mis.<\/span><\/li>\n<li style=\"font-weight: 400;\" aria-level=\"1\"><span style=\"font-weight: 400;\">Sveikas odai ir kailiui: Sud\u0117tyje esanti ciber\u017eol\u0117 padeda palaikyti sveik\u0105 odos b\u016bkl\u0119.<\/span><\/li>\n<li style=\"font-weight: 400;\" aria-level=\"1\"><span style=\"font-weight: 400;\">Be da\u017eikli\u0173 ir kvapikli\u0173: Visi\u0161kai nat\u016bralus, puikiai tinkantis jautriems \u0161unims.<\/span><\/li>\n<li style=\"font-weight: 400;\" aria-level=\"1\"><span style=\"font-weight: 400;\">Didelis baltym\u0173 kiekis: \u017dali baltymai sudaro 28,2%, u\u017etikrinantys optimal\u0173 augim\u0105 ir energij\u0105.<\/span><\/li>\n<\/ul>\n<p><span style=\"font-weight: 400;\">\u201ePrimal Iberian Sardin\u201c yra puikus pasirinkimas \u0161unims, kuriems svarbu nat\u016brali, sveika ir subalansuota mityba. Be dirbtini\u0173 pried\u0173, \u0161is pa\u0161aras padeda palaikyti ger\u0105 vir\u0161kinim\u0105, stipr\u0173 imunitet\u0105 ir gyvybingum\u0105 kasdieniame gyvenime.<\/span><\/p>\n","protected":false},"excerpt":{"rendered":"<p><span style=\"font-weight: 400;\">Visavertis dr\u0117gnas pa\u0161aras suaugusiems \u0161unims, pagamintas i\u0161 auk\u0161tos kokyb\u0117s \u0161vie\u017ei\u0173 ingredient\u0173 \u2013 Iberijos kiaulienos ir sardini\u0173. Pa\u0161aras sukurtas be glitimo, m\u0117sos milt\u0173, da\u017eikli\u0173 ar kvapikli\u0173, tod\u0117l yra nat\u016bralus ir tinkamas \u0161unims, turintiems jautri\u0105 vir\u0161kinimo sistem\u0105.<\/span><\/p>\n","protected":false},"featured_media":13399,"template":"","meta":[],"product_brand":[],"product_cat":[101,103,104,440],"product_tag":[],"class_list":{"0":"post-13398","1":"product","2":"type-product","3":"status-publish","4":"has-post-thumbnail","6":"product_cat-sunims","7":"product_cat-sunu-maistas","8":"product_cat-sausas-maistas","9":"product_cat-primal-spirit-sunu-maistas","10":"pa_prekinis-zenklas-primal-spirit","12":"first","13":"instock","14":"sale","15":"taxable","16":"shipping-taxable","17":"purchasable","18":"product-type-simple"},"yoast_head":"<!-- This site is optimized with the Yoast SEO Premium plugin v27.1 (Yoast SEO v27.5) - https:\/\/yoast.com\/product\/yoast-seo-premium-wordpress\/ -->\n<title>PRIMAL IBERIAN Sardin pa\u0161aras \u0161unims su sardine 12kg - anivet.lt<\/title>\n<meta name=\"description\" content=\"Visavertis dr\u0117gnas pa\u0161aras suaugusiems \u0161unims, pagamintas i\u0161 auk\u0161tos kokyb\u0117s \u0161vie\u017ei\u0173 ingredient\u0173 \u2013 Iberijos kiaulienos ir sardini\u0173. Pa\u0161aras sukurtas be glitimo, m\u0117sos milt\u0173, da\u017eikli\u0173 ar kvapikli\u0173, tod\u0117l yra nat\u016bralus ir tinkamas \u0161unims, turintiems jautri\u0105 vir\u0161kinimo sistem\u0105.\" \/>\n<meta name=\"robots\" content=\"index, follow, max-snippet:-1, max-image-preview:large, max-video-preview:-1\" \/>\n<link rel=\"canonical\" href=\"https:\/\/anivet.lt\/elparduotuve\/produktas\/primal-iberian-sardin-pasaras-sunim-su-sardine-12kg\/\" \/>\n<meta property=\"og:locale\" content=\"lt_LT\" \/>\n<meta property=\"og:type\" content=\"article\" \/>\n<meta property=\"og:title\" content=\"PRIMAL IBERIAN Sardin pa\u0161aras \u0161unims su sardine 12kg\" \/>\n<meta property=\"og:description\" content=\"Visavertis dr\u0117gnas pa\u0161aras suaugusiems \u0161unims, pagamintas i\u0161 auk\u0161tos kokyb\u0117s \u0161vie\u017ei\u0173 ingredient\u0173 \u2013 Iberijos kiaulienos ir sardini\u0173. Pa\u0161aras sukurtas be glitimo, m\u0117sos milt\u0173, da\u017eikli\u0173 ar kvapikli\u0173, tod\u0117l yra nat\u016bralus ir tinkamas \u0161unims, turintiems jautri\u0105 vir\u0161kinimo sistem\u0105.\" \/>\n<meta property=\"og:url\" content=\"https:\/\/anivet.lt\/elparduotuve\/produktas\/primal-iberian-sardin-pasaras-sunim-su-sardine-12kg\/\" \/>\n<meta property=\"og:site_name\" content=\"anivet.lt\" \/>\n<meta property=\"article:modified_time\" content=\"2026-05-06T07:57:47+00:00\" \/>\n<meta property=\"og:image\" content=\"https:\/\/anivet.lt\/elparduotuve\/wp-content\/uploads\/2024\/03\/primal-spirit-iberian-sardine-sausas-maistas-sunims-su-sardinemis-12kg.jpg\" \/>\n\t<meta property=\"og:image:width\" content=\"1000\" \/>\n\t<meta property=\"og:image:height\" content=\"1000\" \/>\n\t<meta property=\"og:image:type\" content=\"image\/jpeg\" \/>\n<meta name=\"twitter:card\" content=\"summary_large_image\" \/>\n<meta name=\"twitter:label1\" content=\"Est. reading time\" \/>\n\t<meta name=\"twitter:data1\" content=\"1 minut\u0117\" \/>\n<script type=\"application\/ld+json\" class=\"yoast-schema-graph\">{\"@context\":\"https:\\\/\\\/schema.org\",\"@graph\":[{\"@type\":\"WebPage\",\"@id\":\"https:\\\/\\\/anivet.lt\\\/elparduotuve\\\/produktas\\\/primal-iberian-sardin-pasaras-sunim-su-sardine-12kg\\\/\",\"url\":\"https:\\\/\\\/anivet.lt\\\/elparduotuve\\\/produktas\\\/primal-iberian-sardin-pasaras-sunim-su-sardine-12kg\\\/\",\"name\":\"PRIMAL IBERIAN Sardin pa\u0161aras \u0161unims su sardine 12kg - anivet.lt\",\"isPartOf\":{\"@id\":\"https:\\\/\\\/anivet.lt\\\/elparduotuve\\\/#website\"},\"primaryImageOfPage\":{\"@id\":\"https:\\\/\\\/anivet.lt\\\/elparduotuve\\\/produktas\\\/primal-iberian-sardin-pasaras-sunim-su-sardine-12kg\\\/#primaryimage\"},\"image\":{\"@id\":\"https:\\\/\\\/anivet.lt\\\/elparduotuve\\\/produktas\\\/primal-iberian-sardin-pasaras-sunim-su-sardine-12kg\\\/#primaryimage\"},\"thumbnailUrl\":\"https:\\\/\\\/anivet.lt\\\/elparduotuve\\\/wp-content\\\/uploads\\\/2024\\\/03\\\/primal-spirit-iberian-sardine-sausas-maistas-sunims-su-sardinemis-12kg.jpg\",\"datePublished\":\"2024-03-18T12:57:13+00:00\",\"dateModified\":\"2026-05-06T07:57:47+00:00\",\"description\":\"Visavertis dr\u0117gnas pa\u0161aras suaugusiems \u0161unims, pagamintas i\u0161 auk\u0161tos kokyb\u0117s \u0161vie\u017ei\u0173 ingredient\u0173 \u2013 Iberijos kiaulienos ir sardini\u0173. Pa\u0161aras sukurtas be glitimo, m\u0117sos milt\u0173, da\u017eikli\u0173 ar kvapikli\u0173, tod\u0117l yra nat\u016bralus ir tinkamas \u0161unims, turintiems jautri\u0105 vir\u0161kinimo sistem\u0105.\",\"breadcrumb\":{\"@id\":\"https:\\\/\\\/anivet.lt\\\/elparduotuve\\\/produktas\\\/primal-iberian-sardin-pasaras-sunim-su-sardine-12kg\\\/#breadcrumb\"},\"inLanguage\":\"lt-LT\",\"potentialAction\":[{\"@type\":\"ReadAction\",\"target\":[\"https:\\\/\\\/anivet.lt\\\/elparduotuve\\\/produktas\\\/primal-iberian-sardin-pasaras-sunim-su-sardine-12kg\\\/\"]}]},{\"@type\":\"ImageObject\",\"inLanguage\":\"lt-LT\",\"@id\":\"https:\\\/\\\/anivet.lt\\\/elparduotuve\\\/produktas\\\/primal-iberian-sardin-pasaras-sunim-su-sardine-12kg\\\/#primaryimage\",\"url\":\"https:\\\/\\\/anivet.lt\\\/elparduotuve\\\/wp-content\\\/uploads\\\/2024\\\/03\\\/primal-spirit-iberian-sardine-sausas-maistas-sunims-su-sardinemis-12kg.jpg\",\"contentUrl\":\"https:\\\/\\\/anivet.lt\\\/elparduotuve\\\/wp-content\\\/uploads\\\/2024\\\/03\\\/primal-spirit-iberian-sardine-sausas-maistas-sunims-su-sardinemis-12kg.jpg\",\"width\":1000,\"height\":1000,\"caption\":\"PRIMAL IBERIAN Sardin pa\u0161aras \u0161unims su sardine 12kg\"},{\"@type\":\"BreadcrumbList\",\"@id\":\"https:\\\/\\\/anivet.lt\\\/elparduotuve\\\/produktas\\\/primal-iberian-sardin-pasaras-sunim-su-sardine-12kg\\\/#breadcrumb\",\"itemListElement\":[{\"@type\":\"ListItem\",\"position\":1,\"name\":\"Home\",\"item\":\"https:\\\/\\\/anivet.lt\\\/elparduotuve\\\/\"},{\"@type\":\"ListItem\",\"position\":2,\"name\":\"Produktai\",\"item\":\"https:\\\/\\\/anivet.lt\\\/elparduotuve\\\/produktai\\\/\"},{\"@type\":\"ListItem\",\"position\":3,\"name\":\"PRIMAL IBERIAN Sardin pa\u0161aras \u0161unims su sardine 12kg\"}]},{\"@type\":\"WebSite\",\"@id\":\"https:\\\/\\\/anivet.lt\\\/elparduotuve\\\/#website\",\"url\":\"https:\\\/\\\/anivet.lt\\\/elparduotuve\\\/\",\"name\":\"anivet.lt\",\"description\":\"Viskas J\u016bs\u0173 \u0161uns, kat\u0117s prie\u017ei\u016brai\",\"publisher\":{\"@id\":\"https:\\\/\\\/anivet.lt\\\/elparduotuve\\\/#organization\"},\"alternateName\":\"Viskas J\u016bs\u0173 \u0161uns, kat\u0117s prie\u017ei\u016brai\",\"potentialAction\":[{\"@type\":\"SearchAction\",\"target\":{\"@type\":\"EntryPoint\",\"urlTemplate\":\"https:\\\/\\\/anivet.lt\\\/elparduotuve\\\/?s={search_term_string}\"},\"query-input\":{\"@type\":\"PropertyValueSpecification\",\"valueRequired\":true,\"valueName\":\"search_term_string\"}}],\"inLanguage\":\"lt-LT\"},{\"@type\":\"Organization\",\"@id\":\"https:\\\/\\\/anivet.lt\\\/elparduotuve\\\/#organization\",\"name\":\"Viskas J\u016bs\u0173 \u0161uns, kat\u0117s prie\u017ei\u016brai\",\"url\":\"https:\\\/\\\/anivet.lt\\\/elparduotuve\\\/\",\"logo\":{\"@type\":\"ImageObject\",\"inLanguage\":\"lt-LT\",\"@id\":\"https:\\\/\\\/anivet.lt\\\/elparduotuve\\\/#\\\/schema\\\/logo\\\/image\\\/\",\"url\":\"https:\\\/\\\/anivet.lt\\\/elparduotuve\\\/wp-content\\\/uploads\\\/2023\\\/06\\\/logo2.jpg\",\"contentUrl\":\"https:\\\/\\\/anivet.lt\\\/elparduotuve\\\/wp-content\\\/uploads\\\/2023\\\/06\\\/logo2.jpg\",\"width\":655,\"height\":194,\"caption\":\"Viskas J\u016bs\u0173 \u0161uns, kat\u0117s prie\u017ei\u016brai\"},\"image\":{\"@id\":\"https:\\\/\\\/anivet.lt\\\/elparduotuve\\\/#\\\/schema\\\/logo\\\/image\\\/\"}}]}<\/script>\n<!-- \/ Yoast SEO Premium plugin. -->","yoast_head_json":{"title":"PRIMAL IBERIAN Sardin pa\u0161aras \u0161unims su sardine 12kg - anivet.lt","description":"Visavertis dr\u0117gnas pa\u0161aras suaugusiems \u0161unims, pagamintas i\u0161 auk\u0161tos kokyb\u0117s \u0161vie\u017ei\u0173 ingredient\u0173 \u2013 Iberijos kiaulienos ir sardini\u0173. Pa\u0161aras sukurtas be glitimo, m\u0117sos milt\u0173, da\u017eikli\u0173 ar kvapikli\u0173, tod\u0117l yra nat\u016bralus ir tinkamas \u0161unims, turintiems jautri\u0105 vir\u0161kinimo sistem\u0105.","robots":{"index":"index","follow":"follow","max-snippet":"max-snippet:-1","max-image-preview":"max-image-preview:large","max-video-preview":"max-video-preview:-1"},"canonical":"https:\/\/anivet.lt\/elparduotuve\/produktas\/primal-iberian-sardin-pasaras-sunim-su-sardine-12kg\/","og_locale":"lt_LT","og_type":"article","og_title":"PRIMAL IBERIAN Sardin pa\u0161aras \u0161unims su sardine 12kg","og_description":"Visavertis dr\u0117gnas pa\u0161aras suaugusiems \u0161unims, pagamintas i\u0161 auk\u0161tos kokyb\u0117s \u0161vie\u017ei\u0173 ingredient\u0173 \u2013 Iberijos kiaulienos ir sardini\u0173. Pa\u0161aras sukurtas be glitimo, m\u0117sos milt\u0173, da\u017eikli\u0173 ar kvapikli\u0173, tod\u0117l yra nat\u016bralus ir tinkamas \u0161unims, turintiems jautri\u0105 vir\u0161kinimo sistem\u0105.","og_url":"https:\/\/anivet.lt\/elparduotuve\/produktas\/primal-iberian-sardin-pasaras-sunim-su-sardine-12kg\/","og_site_name":"anivet.lt","article_modified_time":"2026-05-06T07:57:47+00:00","og_image":[{"width":1000,"height":1000,"url":"https:\/\/anivet.lt\/elparduotuve\/wp-content\/uploads\/2024\/03\/primal-spirit-iberian-sardine-sausas-maistas-sunims-su-sardinemis-12kg.jpg","type":"image\/jpeg"}],"twitter_card":"summary_large_image","twitter_misc":{"Est. reading time":"1 minut\u0117"},"schema":{"@context":"https:\/\/schema.org","@graph":[{"@type":"WebPage","@id":"https:\/\/anivet.lt\/elparduotuve\/produktas\/primal-iberian-sardin-pasaras-sunim-su-sardine-12kg\/","url":"https:\/\/anivet.lt\/elparduotuve\/produktas\/primal-iberian-sardin-pasaras-sunim-su-sardine-12kg\/","name":"PRIMAL IBERIAN Sardin pa\u0161aras \u0161unims su sardine 12kg - anivet.lt","isPartOf":{"@id":"https:\/\/anivet.lt\/elparduotuve\/#website"},"primaryImageOfPage":{"@id":"https:\/\/anivet.lt\/elparduotuve\/produktas\/primal-iberian-sardin-pasaras-sunim-su-sardine-12kg\/#primaryimage"},"image":{"@id":"https:\/\/anivet.lt\/elparduotuve\/produktas\/primal-iberian-sardin-pasaras-sunim-su-sardine-12kg\/#primaryimage"},"thumbnailUrl":"https:\/\/anivet.lt\/elparduotuve\/wp-content\/uploads\/2024\/03\/primal-spirit-iberian-sardine-sausas-maistas-sunims-su-sardinemis-12kg.jpg","datePublished":"2024-03-18T12:57:13+00:00","dateModified":"2026-05-06T07:57:47+00:00","description":"Visavertis dr\u0117gnas pa\u0161aras suaugusiems \u0161unims, pagamintas i\u0161 auk\u0161tos kokyb\u0117s \u0161vie\u017ei\u0173 ingredient\u0173 \u2013 Iberijos kiaulienos ir sardini\u0173. Pa\u0161aras sukurtas be glitimo, m\u0117sos milt\u0173, da\u017eikli\u0173 ar kvapikli\u0173, tod\u0117l yra nat\u016bralus ir tinkamas \u0161unims, turintiems jautri\u0105 vir\u0161kinimo sistem\u0105.","breadcrumb":{"@id":"https:\/\/anivet.lt\/elparduotuve\/produktas\/primal-iberian-sardin-pasaras-sunim-su-sardine-12kg\/#breadcrumb"},"inLanguage":"lt-LT","potentialAction":[{"@type":"ReadAction","target":["https:\/\/anivet.lt\/elparduotuve\/produktas\/primal-iberian-sardin-pasaras-sunim-su-sardine-12kg\/"]}]},{"@type":"ImageObject","inLanguage":"lt-LT","@id":"https:\/\/anivet.lt\/elparduotuve\/produktas\/primal-iberian-sardin-pasaras-sunim-su-sardine-12kg\/#primaryimage","url":"https:\/\/anivet.lt\/elparduotuve\/wp-content\/uploads\/2024\/03\/primal-spirit-iberian-sardine-sausas-maistas-sunims-su-sardinemis-12kg.jpg","contentUrl":"https:\/\/anivet.lt\/elparduotuve\/wp-content\/uploads\/2024\/03\/primal-spirit-iberian-sardine-sausas-maistas-sunims-su-sardinemis-12kg.jpg","width":1000,"height":1000,"caption":"PRIMAL IBERIAN Sardin pa\u0161aras \u0161unims su sardine 12kg"},{"@type":"BreadcrumbList","@id":"https:\/\/anivet.lt\/elparduotuve\/produktas\/primal-iberian-sardin-pasaras-sunim-su-sardine-12kg\/#breadcrumb","itemListElement":[{"@type":"ListItem","position":1,"name":"Home","item":"https:\/\/anivet.lt\/elparduotuve\/"},{"@type":"ListItem","position":2,"name":"Produktai","item":"https:\/\/anivet.lt\/elparduotuve\/produktai\/"},{"@type":"ListItem","position":3,"name":"PRIMAL IBERIAN Sardin pa\u0161aras \u0161unims su sardine 12kg"}]},{"@type":"WebSite","@id":"https:\/\/anivet.lt\/elparduotuve\/#website","url":"https:\/\/anivet.lt\/elparduotuve\/","name":"anivet.lt","description":"Viskas J\u016bs\u0173 \u0161uns, kat\u0117s prie\u017ei\u016brai","publisher":{"@id":"https:\/\/anivet.lt\/elparduotuve\/#organization"},"alternateName":"Viskas J\u016bs\u0173 \u0161uns, kat\u0117s prie\u017ei\u016brai","potentialAction":[{"@type":"SearchAction","target":{"@type":"EntryPoint","urlTemplate":"https:\/\/anivet.lt\/elparduotuve\/?s={search_term_string}"},"query-input":{"@type":"PropertyValueSpecification","valueRequired":true,"valueName":"search_term_string"}}],"inLanguage":"lt-LT"},{"@type":"Organization","@id":"https:\/\/anivet.lt\/elparduotuve\/#organization","name":"Viskas J\u016bs\u0173 \u0161uns, kat\u0117s prie\u017ei\u016brai","url":"https:\/\/anivet.lt\/elparduotuve\/","logo":{"@type":"ImageObject","inLanguage":"lt-LT","@id":"https:\/\/anivet.lt\/elparduotuve\/#\/schema\/logo\/image\/","url":"https:\/\/anivet.lt\/elparduotuve\/wp-content\/uploads\/2023\/06\/logo2.jpg","contentUrl":"https:\/\/anivet.lt\/elparduotuve\/wp-content\/uploads\/2023\/06\/logo2.jpg","width":655,"height":194,"caption":"Viskas J\u016bs\u0173 \u0161uns, kat\u0117s prie\u017ei\u016brai"},"image":{"@id":"https:\/\/anivet.lt\/elparduotuve\/#\/schema\/logo\/image\/"}}]}},"_links":{"self":[{"href":"https:\/\/anivet.lt\/elparduotuve\/wp-json\/wp\/v2\/product\/13398","targetHints":{"allow":["GET"]}}],"collection":[{"href":"https:\/\/anivet.lt\/elparduotuve\/wp-json\/wp\/v2\/product"}],"about":[{"href":"https:\/\/anivet.lt\/elparduotuve\/wp-json\/wp\/v2\/types\/product"}],"wp:featuredmedia":[{"embeddable":true,"href":"https:\/\/anivet.lt\/elparduotuve\/wp-json\/wp\/v2\/media\/13399"}],"wp:attachment":[{"href":"https:\/\/anivet.lt\/elparduotuve\/wp-json\/wp\/v2\/media?parent=13398"}],"wp:term":[{"taxonomy":"product_brand","embeddable":true,"href":"https:\/\/anivet.lt\/elparduotuve\/wp-json\/wp\/v2\/product_brand?post=13398"},{"taxonomy":"product_cat","embeddable":true,"href":"https:\/\/anivet.lt\/elparduotuve\/wp-json\/wp\/v2\/product_cat?post=13398"},{"taxonomy":"product_tag","embeddable":true,"href":"https:\/\/anivet.lt\/elparduotuve\/wp-json\/wp\/v2\/product_tag?post=13398"}],"curies":[{"name":"wp","href":"https:\/\/api.w.org\/{rel}","templated":true}]}}