{"id":13401,"date":"2024-03-18T13:04:26","date_gmt":"2024-03-18T13:04:26","guid":{"rendered":"https:\/\/anivet.lt\/elparduotuve\/?post_type=product&#038;p=13401"},"modified":"2026-03-24T08:12:34","modified_gmt":"2026-03-24T08:12:34","slug":"primal-iberian-sardin-pasaras-sunims-su-sardine-1kg","status":"publish","type":"product","link":"https:\/\/anivet.lt\/elparduotuve\/produktas\/primal-iberian-sardin-pasaras-sunims-su-sardine-1kg\/","title":{"rendered":"PRIMAL IBERIAN Sardin pa\u0161aras \u0161unims su sardine 1kg"},"content":{"rendered":"<p><span style=\"font-weight: 400;\">Subalansuotas dr\u0117gnas pa\u0161aras, skirtas suaugusiems \u0161unims. Sud\u0117tyje derinami auk\u0161tos kokyb\u0117s Iberijos kiauliena ir sardin\u0117s, u\u017etikrinant sveik\u0105 ir skani\u0105 mityb\u0105.<\/span><\/p>\n<ul>\n<li style=\"font-weight: 400;\" aria-level=\"1\"><span style=\"font-weight: 400;\">Be glitimo: Tinka \u0161unims su jautria vir\u0161kinimo sistema.<\/span><\/li>\n<li style=\"font-weight: 400;\" aria-level=\"1\"><span style=\"font-weight: 400;\">Be m\u0117sos milt\u0173: Suma\u017einama vir\u0161kinimo problem\u0173 ir alergij\u0173 rizika.<\/span><\/li>\n<li style=\"font-weight: 400;\" aria-level=\"1\"><span style=\"font-weight: 400;\">Nat\u016brali sud\u0117tis: N\u0117ra da\u017eikli\u0173, kvapikli\u0173 ar ekstruduot\u0173 produkt\u0173.<\/span><\/li>\n<li style=\"font-weight: 400;\" aria-level=\"1\"><span style=\"font-weight: 400;\">Turtingas mineralais: Gele\u017eis, cinkas, fosforas ir selenas prisideda prie bendros sveikatos palaikymo.<\/span><\/li>\n<li style=\"font-weight: 400;\" aria-level=\"1\"><span style=\"font-weight: 400;\">Vitamin\u0173 \u0161altinis: Sud\u0117tyje esantys tiaminas, riboflavinas, niacinas, B6 ir B12 vitaminai palaiko energij\u0105 ir sveik\u0105 organizmo veikl\u0105.<\/span><\/li>\n<\/ul>\n<p><span style=\"font-weight: 400;\">\u201ePrimal Spirit Iberian Sardin\u201c yra nat\u016brali ir subalansuota mityba j\u016bs\u0173 \u0161uniui. Iberijos kiauliena ne tik suteikia auk\u0161tos kokyb\u0117s baltym\u0173, bet ir gaus\u0173 kiek\u012f mineral\u0173 bei vitamin\u0173, kurie padeda palaikyti energij\u0105 ir bendr\u0105 sveikat\u0105. Sardin\u0117s praturtina pa\u0161ar\u0105 omega-3 riebal\u0173 r\u016bg\u0161timis, naudingomis odai, kailiui ir s\u0105nariams, o nat\u016brali sud\u0117tis u\u017etikrina, kad pa\u0161aras tinka net jautriems augintiniams.<\/span><\/p>\n","protected":false},"excerpt":{"rendered":"<p>Subalansuotas dr\u0117gnas pa\u0161aras, skirtas suaugusiems \u0161unims. Sud\u0117tyje derinami auk\u0161tos kokyb\u0117s Iberijos kiauliena ir sardin\u0117s, u\u017etikrinant sveik\u0105 ir skani\u0105 mityb\u0105. Be<\/p>\n","protected":false},"featured_media":13402,"template":"","meta":[],"product_brand":[],"product_cat":[101,103,104,440],"product_tag":[],"class_list":{"0":"post-13401","1":"product","2":"type-product","3":"status-publish","4":"has-post-thumbnail","6":"product_cat-sunims","7":"product_cat-sunu-maistas","8":"product_cat-sausas-maistas","9":"product_cat-primal-spirit-sunu-maistas","10":"pa_prekinis-zenklas-primal-spirit","12":"first","13":"outofstock","14":"taxable","15":"shipping-taxable","16":"purchasable","17":"product-type-simple"},"yoast_head":"<!-- This site is optimized with the Yoast SEO Premium plugin v27.1 (Yoast SEO v27.5) - https:\/\/yoast.com\/product\/yoast-seo-premium-wordpress\/ -->\n<title>PRIMAL IBERIAN Sardin pa\u0161aras \u0161unims su sardine 1kg - anivet.lt<\/title>\n<meta name=\"description\" content=\"Subalansuotas dr\u0117gnas pa\u0161aras, skirtas suaugusiems \u0161unims. Sud\u0117tyje derinami auk\u0161tos kokyb\u0117s Iberijos kiauliena ir sardin\u0117s, u\u017etikrinant sveik\u0105 ir skani\u0105\" \/>\n<meta name=\"robots\" content=\"index, follow, max-snippet:-1, max-image-preview:large, max-video-preview:-1\" \/>\n<link rel=\"canonical\" href=\"https:\/\/anivet.lt\/elparduotuve\/produktas\/primal-iberian-sardin-pasaras-sunims-su-sardine-1kg\/\" \/>\n<meta property=\"og:locale\" content=\"lt_LT\" \/>\n<meta property=\"og:type\" content=\"article\" \/>\n<meta property=\"og:title\" content=\"PRIMAL IBERIAN Sardin pa\u0161aras \u0161unims su sardine 1kg\" \/>\n<meta property=\"og:description\" content=\"Subalansuotas dr\u0117gnas pa\u0161aras, skirtas suaugusiems \u0161unims. Sud\u0117tyje derinami auk\u0161tos kokyb\u0117s Iberijos kiauliena ir sardin\u0117s, u\u017etikrinant sveik\u0105 ir skani\u0105\" \/>\n<meta property=\"og:url\" content=\"https:\/\/anivet.lt\/elparduotuve\/produktas\/primal-iberian-sardin-pasaras-sunims-su-sardine-1kg\/\" \/>\n<meta property=\"og:site_name\" content=\"anivet.lt\" \/>\n<meta property=\"article:modified_time\" content=\"2026-03-24T08:12:34+00:00\" \/>\n<meta property=\"og:image\" content=\"https:\/\/anivet.lt\/elparduotuve\/wp-content\/uploads\/2024\/03\/primal-spirit-dog-70-iberian-pork-with-sardine-1kg1.jpg\" \/>\n\t<meta property=\"og:image:width\" content=\"800\" \/>\n\t<meta property=\"og:image:height\" content=\"800\" \/>\n\t<meta property=\"og:image:type\" content=\"image\/jpeg\" \/>\n<meta name=\"twitter:card\" content=\"summary_large_image\" \/>\n<meta name=\"twitter:label1\" content=\"Est. reading time\" \/>\n\t<meta name=\"twitter:data1\" content=\"1 minut\u0117\" \/>\n<script type=\"application\/ld+json\" class=\"yoast-schema-graph\">{\"@context\":\"https:\\\/\\\/schema.org\",\"@graph\":[{\"@type\":\"WebPage\",\"@id\":\"https:\\\/\\\/anivet.lt\\\/elparduotuve\\\/produktas\\\/primal-iberian-sardin-pasaras-sunims-su-sardine-1kg\\\/\",\"url\":\"https:\\\/\\\/anivet.lt\\\/elparduotuve\\\/produktas\\\/primal-iberian-sardin-pasaras-sunims-su-sardine-1kg\\\/\",\"name\":\"PRIMAL IBERIAN Sardin pa\u0161aras \u0161unims su sardine 1kg - anivet.lt\",\"isPartOf\":{\"@id\":\"https:\\\/\\\/anivet.lt\\\/elparduotuve\\\/#website\"},\"primaryImageOfPage\":{\"@id\":\"https:\\\/\\\/anivet.lt\\\/elparduotuve\\\/produktas\\\/primal-iberian-sardin-pasaras-sunims-su-sardine-1kg\\\/#primaryimage\"},\"image\":{\"@id\":\"https:\\\/\\\/anivet.lt\\\/elparduotuve\\\/produktas\\\/primal-iberian-sardin-pasaras-sunims-su-sardine-1kg\\\/#primaryimage\"},\"thumbnailUrl\":\"https:\\\/\\\/anivet.lt\\\/elparduotuve\\\/wp-content\\\/uploads\\\/2024\\\/03\\\/primal-spirit-dog-70-iberian-pork-with-sardine-1kg1.jpg\",\"datePublished\":\"2024-03-18T13:04:26+00:00\",\"dateModified\":\"2026-03-24T08:12:34+00:00\",\"description\":\"Subalansuotas dr\u0117gnas pa\u0161aras, skirtas suaugusiems \u0161unims. Sud\u0117tyje derinami auk\u0161tos kokyb\u0117s Iberijos kiauliena ir sardin\u0117s, u\u017etikrinant sveik\u0105 ir skani\u0105\",\"breadcrumb\":{\"@id\":\"https:\\\/\\\/anivet.lt\\\/elparduotuve\\\/produktas\\\/primal-iberian-sardin-pasaras-sunims-su-sardine-1kg\\\/#breadcrumb\"},\"inLanguage\":\"lt-LT\",\"potentialAction\":[{\"@type\":\"ReadAction\",\"target\":[\"https:\\\/\\\/anivet.lt\\\/elparduotuve\\\/produktas\\\/primal-iberian-sardin-pasaras-sunims-su-sardine-1kg\\\/\"]}]},{\"@type\":\"ImageObject\",\"inLanguage\":\"lt-LT\",\"@id\":\"https:\\\/\\\/anivet.lt\\\/elparduotuve\\\/produktas\\\/primal-iberian-sardin-pasaras-sunims-su-sardine-1kg\\\/#primaryimage\",\"url\":\"https:\\\/\\\/anivet.lt\\\/elparduotuve\\\/wp-content\\\/uploads\\\/2024\\\/03\\\/primal-spirit-dog-70-iberian-pork-with-sardine-1kg1.jpg\",\"contentUrl\":\"https:\\\/\\\/anivet.lt\\\/elparduotuve\\\/wp-content\\\/uploads\\\/2024\\\/03\\\/primal-spirit-dog-70-iberian-pork-with-sardine-1kg1.jpg\",\"width\":800,\"height\":800,\"caption\":\"PRIMAL IBERIAN Sardin pa\u0161aras \u0161unims su sardine 1kg\"},{\"@type\":\"BreadcrumbList\",\"@id\":\"https:\\\/\\\/anivet.lt\\\/elparduotuve\\\/produktas\\\/primal-iberian-sardin-pasaras-sunims-su-sardine-1kg\\\/#breadcrumb\",\"itemListElement\":[{\"@type\":\"ListItem\",\"position\":1,\"name\":\"Home\",\"item\":\"https:\\\/\\\/anivet.lt\\\/elparduotuve\\\/\"},{\"@type\":\"ListItem\",\"position\":2,\"name\":\"Produktai\",\"item\":\"https:\\\/\\\/anivet.lt\\\/elparduotuve\\\/produktai\\\/\"},{\"@type\":\"ListItem\",\"position\":3,\"name\":\"PRIMAL IBERIAN Sardin pa\u0161aras \u0161unims su sardine 1kg\"}]},{\"@type\":\"WebSite\",\"@id\":\"https:\\\/\\\/anivet.lt\\\/elparduotuve\\\/#website\",\"url\":\"https:\\\/\\\/anivet.lt\\\/elparduotuve\\\/\",\"name\":\"anivet.lt\",\"description\":\"Viskas J\u016bs\u0173 \u0161uns, kat\u0117s prie\u017ei\u016brai\",\"publisher\":{\"@id\":\"https:\\\/\\\/anivet.lt\\\/elparduotuve\\\/#organization\"},\"alternateName\":\"Viskas J\u016bs\u0173 \u0161uns, kat\u0117s prie\u017ei\u016brai\",\"potentialAction\":[{\"@type\":\"SearchAction\",\"target\":{\"@type\":\"EntryPoint\",\"urlTemplate\":\"https:\\\/\\\/anivet.lt\\\/elparduotuve\\\/?s={search_term_string}\"},\"query-input\":{\"@type\":\"PropertyValueSpecification\",\"valueRequired\":true,\"valueName\":\"search_term_string\"}}],\"inLanguage\":\"lt-LT\"},{\"@type\":\"Organization\",\"@id\":\"https:\\\/\\\/anivet.lt\\\/elparduotuve\\\/#organization\",\"name\":\"Viskas J\u016bs\u0173 \u0161uns, kat\u0117s prie\u017ei\u016brai\",\"url\":\"https:\\\/\\\/anivet.lt\\\/elparduotuve\\\/\",\"logo\":{\"@type\":\"ImageObject\",\"inLanguage\":\"lt-LT\",\"@id\":\"https:\\\/\\\/anivet.lt\\\/elparduotuve\\\/#\\\/schema\\\/logo\\\/image\\\/\",\"url\":\"https:\\\/\\\/anivet.lt\\\/elparduotuve\\\/wp-content\\\/uploads\\\/2023\\\/06\\\/logo2.jpg\",\"contentUrl\":\"https:\\\/\\\/anivet.lt\\\/elparduotuve\\\/wp-content\\\/uploads\\\/2023\\\/06\\\/logo2.jpg\",\"width\":655,\"height\":194,\"caption\":\"Viskas J\u016bs\u0173 \u0161uns, kat\u0117s prie\u017ei\u016brai\"},\"image\":{\"@id\":\"https:\\\/\\\/anivet.lt\\\/elparduotuve\\\/#\\\/schema\\\/logo\\\/image\\\/\"}}]}<\/script>\n<!-- \/ Yoast SEO Premium plugin. -->","yoast_head_json":{"title":"PRIMAL IBERIAN Sardin pa\u0161aras \u0161unims su sardine 1kg - anivet.lt","description":"Subalansuotas dr\u0117gnas pa\u0161aras, skirtas suaugusiems \u0161unims. Sud\u0117tyje derinami auk\u0161tos kokyb\u0117s Iberijos kiauliena ir sardin\u0117s, u\u017etikrinant sveik\u0105 ir skani\u0105","robots":{"index":"index","follow":"follow","max-snippet":"max-snippet:-1","max-image-preview":"max-image-preview:large","max-video-preview":"max-video-preview:-1"},"canonical":"https:\/\/anivet.lt\/elparduotuve\/produktas\/primal-iberian-sardin-pasaras-sunims-su-sardine-1kg\/","og_locale":"lt_LT","og_type":"article","og_title":"PRIMAL IBERIAN Sardin pa\u0161aras \u0161unims su sardine 1kg","og_description":"Subalansuotas dr\u0117gnas pa\u0161aras, skirtas suaugusiems \u0161unims. Sud\u0117tyje derinami auk\u0161tos kokyb\u0117s Iberijos kiauliena ir sardin\u0117s, u\u017etikrinant sveik\u0105 ir skani\u0105","og_url":"https:\/\/anivet.lt\/elparduotuve\/produktas\/primal-iberian-sardin-pasaras-sunims-su-sardine-1kg\/","og_site_name":"anivet.lt","article_modified_time":"2026-03-24T08:12:34+00:00","og_image":[{"width":800,"height":800,"url":"https:\/\/anivet.lt\/elparduotuve\/wp-content\/uploads\/2024\/03\/primal-spirit-dog-70-iberian-pork-with-sardine-1kg1.jpg","type":"image\/jpeg"}],"twitter_card":"summary_large_image","twitter_misc":{"Est. reading time":"1 minut\u0117"},"schema":{"@context":"https:\/\/schema.org","@graph":[{"@type":"WebPage","@id":"https:\/\/anivet.lt\/elparduotuve\/produktas\/primal-iberian-sardin-pasaras-sunims-su-sardine-1kg\/","url":"https:\/\/anivet.lt\/elparduotuve\/produktas\/primal-iberian-sardin-pasaras-sunims-su-sardine-1kg\/","name":"PRIMAL IBERIAN Sardin pa\u0161aras \u0161unims su sardine 1kg - anivet.lt","isPartOf":{"@id":"https:\/\/anivet.lt\/elparduotuve\/#website"},"primaryImageOfPage":{"@id":"https:\/\/anivet.lt\/elparduotuve\/produktas\/primal-iberian-sardin-pasaras-sunims-su-sardine-1kg\/#primaryimage"},"image":{"@id":"https:\/\/anivet.lt\/elparduotuve\/produktas\/primal-iberian-sardin-pasaras-sunims-su-sardine-1kg\/#primaryimage"},"thumbnailUrl":"https:\/\/anivet.lt\/elparduotuve\/wp-content\/uploads\/2024\/03\/primal-spirit-dog-70-iberian-pork-with-sardine-1kg1.jpg","datePublished":"2024-03-18T13:04:26+00:00","dateModified":"2026-03-24T08:12:34+00:00","description":"Subalansuotas dr\u0117gnas pa\u0161aras, skirtas suaugusiems \u0161unims. Sud\u0117tyje derinami auk\u0161tos kokyb\u0117s Iberijos kiauliena ir sardin\u0117s, u\u017etikrinant sveik\u0105 ir skani\u0105","breadcrumb":{"@id":"https:\/\/anivet.lt\/elparduotuve\/produktas\/primal-iberian-sardin-pasaras-sunims-su-sardine-1kg\/#breadcrumb"},"inLanguage":"lt-LT","potentialAction":[{"@type":"ReadAction","target":["https:\/\/anivet.lt\/elparduotuve\/produktas\/primal-iberian-sardin-pasaras-sunims-su-sardine-1kg\/"]}]},{"@type":"ImageObject","inLanguage":"lt-LT","@id":"https:\/\/anivet.lt\/elparduotuve\/produktas\/primal-iberian-sardin-pasaras-sunims-su-sardine-1kg\/#primaryimage","url":"https:\/\/anivet.lt\/elparduotuve\/wp-content\/uploads\/2024\/03\/primal-spirit-dog-70-iberian-pork-with-sardine-1kg1.jpg","contentUrl":"https:\/\/anivet.lt\/elparduotuve\/wp-content\/uploads\/2024\/03\/primal-spirit-dog-70-iberian-pork-with-sardine-1kg1.jpg","width":800,"height":800,"caption":"PRIMAL IBERIAN Sardin pa\u0161aras \u0161unims su sardine 1kg"},{"@type":"BreadcrumbList","@id":"https:\/\/anivet.lt\/elparduotuve\/produktas\/primal-iberian-sardin-pasaras-sunims-su-sardine-1kg\/#breadcrumb","itemListElement":[{"@type":"ListItem","position":1,"name":"Home","item":"https:\/\/anivet.lt\/elparduotuve\/"},{"@type":"ListItem","position":2,"name":"Produktai","item":"https:\/\/anivet.lt\/elparduotuve\/produktai\/"},{"@type":"ListItem","position":3,"name":"PRIMAL IBERIAN Sardin pa\u0161aras \u0161unims su sardine 1kg"}]},{"@type":"WebSite","@id":"https:\/\/anivet.lt\/elparduotuve\/#website","url":"https:\/\/anivet.lt\/elparduotuve\/","name":"anivet.lt","description":"Viskas J\u016bs\u0173 \u0161uns, kat\u0117s prie\u017ei\u016brai","publisher":{"@id":"https:\/\/anivet.lt\/elparduotuve\/#organization"},"alternateName":"Viskas J\u016bs\u0173 \u0161uns, kat\u0117s prie\u017ei\u016brai","potentialAction":[{"@type":"SearchAction","target":{"@type":"EntryPoint","urlTemplate":"https:\/\/anivet.lt\/elparduotuve\/?s={search_term_string}"},"query-input":{"@type":"PropertyValueSpecification","valueRequired":true,"valueName":"search_term_string"}}],"inLanguage":"lt-LT"},{"@type":"Organization","@id":"https:\/\/anivet.lt\/elparduotuve\/#organization","name":"Viskas J\u016bs\u0173 \u0161uns, kat\u0117s prie\u017ei\u016brai","url":"https:\/\/anivet.lt\/elparduotuve\/","logo":{"@type":"ImageObject","inLanguage":"lt-LT","@id":"https:\/\/anivet.lt\/elparduotuve\/#\/schema\/logo\/image\/","url":"https:\/\/anivet.lt\/elparduotuve\/wp-content\/uploads\/2023\/06\/logo2.jpg","contentUrl":"https:\/\/anivet.lt\/elparduotuve\/wp-content\/uploads\/2023\/06\/logo2.jpg","width":655,"height":194,"caption":"Viskas J\u016bs\u0173 \u0161uns, kat\u0117s prie\u017ei\u016brai"},"image":{"@id":"https:\/\/anivet.lt\/elparduotuve\/#\/schema\/logo\/image\/"}}]}},"_links":{"self":[{"href":"https:\/\/anivet.lt\/elparduotuve\/wp-json\/wp\/v2\/product\/13401","targetHints":{"allow":["GET"]}}],"collection":[{"href":"https:\/\/anivet.lt\/elparduotuve\/wp-json\/wp\/v2\/product"}],"about":[{"href":"https:\/\/anivet.lt\/elparduotuve\/wp-json\/wp\/v2\/types\/product"}],"wp:featuredmedia":[{"embeddable":true,"href":"https:\/\/anivet.lt\/elparduotuve\/wp-json\/wp\/v2\/media\/13402"}],"wp:attachment":[{"href":"https:\/\/anivet.lt\/elparduotuve\/wp-json\/wp\/v2\/media?parent=13401"}],"wp:term":[{"taxonomy":"product_brand","embeddable":true,"href":"https:\/\/anivet.lt\/elparduotuve\/wp-json\/wp\/v2\/product_brand?post=13401"},{"taxonomy":"product_cat","embeddable":true,"href":"https:\/\/anivet.lt\/elparduotuve\/wp-json\/wp\/v2\/product_cat?post=13401"},{"taxonomy":"product_tag","embeddable":true,"href":"https:\/\/anivet.lt\/elparduotuve\/wp-json\/wp\/v2\/product_tag?post=13401"}],"curies":[{"name":"wp","href":"https:\/\/api.w.org\/{rel}","templated":true}]}}