{"id":13413,"date":"2024-03-23T10:24:40","date_gmt":"2024-03-23T10:24:40","guid":{"rendered":"https:\/\/anivet.lt\/elparduotuve\/?post_type=product&#038;p=13413"},"modified":"2026-02-04T11:18:28","modified_gmt":"2026-02-04T11:18:28","slug":"13413","status":"publish","type":"product","link":"https:\/\/anivet.lt\/elparduotuve\/produktas\/13413\/","title":{"rendered":"PRIMAL IBERIAN Salmon pa\u0161aras \u0161unims su la\u0161i\u0161a 12kg"},"content":{"rendered":"<ul>\n<li style=\"font-weight: 400;\" aria-level=\"1\"><span style=\"font-weight: 400;\">Nat\u016brali sud\u0117tis: Sud\u0117tyje tik \u0161vie\u017eia Iberijos kiauliena (40%) ir la\u0161i\u0161a (30%) \u2013 n\u0117ra m\u0117sos milt\u0173 ar chemini\u0173 pried\u0173.<\/span><\/li>\n<li style=\"font-weight: 400;\" aria-level=\"1\"><span style=\"font-weight: 400;\">Be glitimo: Tinka jautriems \u0161unims, vengiant kvie\u010di\u0173 ar kit\u0173 gr\u016bd\u0173 sukelt\u0173 vir\u0161kinimo problem\u0173.<\/span><\/li>\n<li style=\"font-weight: 400;\" aria-level=\"1\"><span style=\"font-weight: 400;\">Gerina vir\u0161kinim\u0105: Praturtintas maltais cukriniais runkeliais ir alaus miel\u0117mis, padedan\u010diomis palaikyti sveik\u0105 \u017earnyno mikroflor\u0105.<\/span><\/li>\n<li style=\"font-weight: 400;\" aria-level=\"1\"><span style=\"font-weight: 400;\">Papildytas ciber\u017eole: Nat\u016bralus prie\u0161u\u017edegiminis poveikis, naudingas bendrai organizmo b\u016bklei.<\/span><\/li>\n<li style=\"font-weight: 400;\" aria-level=\"1\"><span style=\"font-weight: 400;\">Subalansuota mityba: Puikus baltym\u0173 (28,2%) ir riebal\u0173 (16,8%) santykis u\u017etikrina energij\u0105 ir raumen\u0173 palaikym\u0105.<\/span><\/li>\n<\/ul>\n<p><span style=\"font-weight: 400;\">\u201ePRIMAL IBERIAN\u201d pa\u0161aras u\u017etikrina nat\u016brali\u0105 ir subalansuot\u0105 mityb\u0105, kuri padeda palaikyti sveik\u0105 vir\u0161kinim\u0105 ir \u0161uns ger\u0105 savijaut\u0105. Be chemini\u0173 pried\u0173 ir su ypatingu d\u0117mesiu \u0161un\u0173 jautrumui, \u0161is pa\u0161aras yra puikus pasirinkimas ie\u0161kantiems auk\u0161tos kokyb\u0117s maisto su nat\u016braliais ingredientais.<\/span><\/p>\n","protected":false},"excerpt":{"rendered":"<p><span style=\"font-weight: 400;\">Visavertis dr\u0117gnas pa\u0161aras suaugusiems \u0161unims, praturtintas \u0161vie\u017eia Iberijos kiauliena ir la\u0161i\u0161a. Be glitimo, m\u0117sos milt\u0173, da\u017eikli\u0173 ar kvapikli\u0173 \u2013 tai puikus pasirinkimas \u0161unims, turintiems jautr\u0173 vir\u0161kinim\u0105 ar alergij\u0173 rizik\u0105.<\/span><\/p>\n","protected":false},"featured_media":13414,"template":"","meta":[],"product_brand":[],"product_cat":[101,103,104,440],"product_tag":[],"class_list":{"0":"post-13413","1":"product","2":"type-product","3":"status-publish","4":"has-post-thumbnail","6":"product_cat-sunims","7":"product_cat-sunu-maistas","8":"product_cat-sausas-maistas","9":"product_cat-primal-spirit-sunu-maistas","10":"pa_prekinis-zenklas-primal-spirit","12":"first","13":"instock","14":"taxable","15":"shipping-taxable","16":"purchasable","17":"product-type-simple"},"yoast_head":"<!-- This site is optimized with the Yoast SEO Premium plugin v27.1 (Yoast SEO v27.5) - https:\/\/yoast.com\/product\/yoast-seo-premium-wordpress\/ -->\n<title>PRIMAL IBERIAN Salmon pa\u0161aras \u0161unims su la\u0161i\u0161a 12kg - anivet.lt<\/title>\n<meta name=\"description\" content=\"Visavertis dr\u0117gnas pa\u0161aras suaugusiems \u0161unims, praturtintas \u0161vie\u017eia Iberijos kiauliena ir la\u0161i\u0161a. Be glitimo, m\u0117sos milt\u0173, da\u017eikli\u0173 ar kvapikli\u0173 \u2013 tai puikus pasirinkimas \u0161unims, turintiems jautr\u0173 vir\u0161kinim\u0105 ar alergij\u0173 rizik\u0105.\" \/>\n<meta name=\"robots\" content=\"index, follow, max-snippet:-1, max-image-preview:large, max-video-preview:-1\" \/>\n<link rel=\"canonical\" href=\"https:\/\/anivet.lt\/elparduotuve\/produktas\/13413\/\" \/>\n<meta property=\"og:locale\" content=\"lt_LT\" \/>\n<meta property=\"og:type\" content=\"article\" \/>\n<meta property=\"og:title\" content=\"PRIMAL IBERIAN Salmon pa\u0161aras \u0161unims su la\u0161i\u0161a 12kg\" \/>\n<meta property=\"og:description\" content=\"Visavertis dr\u0117gnas pa\u0161aras suaugusiems \u0161unims, praturtintas \u0161vie\u017eia Iberijos kiauliena ir la\u0161i\u0161a. Be glitimo, m\u0117sos milt\u0173, da\u017eikli\u0173 ar kvapikli\u0173 \u2013 tai puikus pasirinkimas \u0161unims, turintiems jautr\u0173 vir\u0161kinim\u0105 ar alergij\u0173 rizik\u0105.\" \/>\n<meta property=\"og:url\" content=\"https:\/\/anivet.lt\/elparduotuve\/produktas\/13413\/\" \/>\n<meta property=\"og:site_name\" content=\"anivet.lt\" \/>\n<meta property=\"article:modified_time\" content=\"2026-02-04T11:18:28+00:00\" \/>\n<meta property=\"og:image\" content=\"https:\/\/anivet.lt\/elparduotuve\/wp-content\/uploads\/2024\/03\/primal-spirit-dog-70-iberian-pork-with-salmone-12kg.jpg\" \/>\n\t<meta property=\"og:image:width\" content=\"800\" \/>\n\t<meta property=\"og:image:height\" content=\"800\" \/>\n\t<meta property=\"og:image:type\" content=\"image\/jpeg\" \/>\n<meta name=\"twitter:card\" content=\"summary_large_image\" \/>\n<meta name=\"twitter:label1\" content=\"Est. reading time\" \/>\n\t<meta name=\"twitter:data1\" content=\"1 minut\u0117\" \/>\n<script type=\"application\/ld+json\" class=\"yoast-schema-graph\">{\"@context\":\"https:\\\/\\\/schema.org\",\"@graph\":[{\"@type\":\"WebPage\",\"@id\":\"https:\\\/\\\/anivet.lt\\\/elparduotuve\\\/produktas\\\/13413\\\/\",\"url\":\"https:\\\/\\\/anivet.lt\\\/elparduotuve\\\/produktas\\\/13413\\\/\",\"name\":\"PRIMAL IBERIAN Salmon pa\u0161aras \u0161unims su la\u0161i\u0161a 12kg - anivet.lt\",\"isPartOf\":{\"@id\":\"https:\\\/\\\/anivet.lt\\\/elparduotuve\\\/#website\"},\"primaryImageOfPage\":{\"@id\":\"https:\\\/\\\/anivet.lt\\\/elparduotuve\\\/produktas\\\/13413\\\/#primaryimage\"},\"image\":{\"@id\":\"https:\\\/\\\/anivet.lt\\\/elparduotuve\\\/produktas\\\/13413\\\/#primaryimage\"},\"thumbnailUrl\":\"https:\\\/\\\/anivet.lt\\\/elparduotuve\\\/wp-content\\\/uploads\\\/2024\\\/03\\\/primal-spirit-dog-70-iberian-pork-with-salmone-12kg.jpg\",\"datePublished\":\"2024-03-23T10:24:40+00:00\",\"dateModified\":\"2026-02-04T11:18:28+00:00\",\"description\":\"Visavertis dr\u0117gnas pa\u0161aras suaugusiems \u0161unims, praturtintas \u0161vie\u017eia Iberijos kiauliena ir la\u0161i\u0161a. Be glitimo, m\u0117sos milt\u0173, da\u017eikli\u0173 ar kvapikli\u0173 \u2013 tai puikus pasirinkimas \u0161unims, turintiems jautr\u0173 vir\u0161kinim\u0105 ar alergij\u0173 rizik\u0105.\",\"breadcrumb\":{\"@id\":\"https:\\\/\\\/anivet.lt\\\/elparduotuve\\\/produktas\\\/13413\\\/#breadcrumb\"},\"inLanguage\":\"lt-LT\",\"potentialAction\":[{\"@type\":\"ReadAction\",\"target\":[\"https:\\\/\\\/anivet.lt\\\/elparduotuve\\\/produktas\\\/13413\\\/\"]}]},{\"@type\":\"ImageObject\",\"inLanguage\":\"lt-LT\",\"@id\":\"https:\\\/\\\/anivet.lt\\\/elparduotuve\\\/produktas\\\/13413\\\/#primaryimage\",\"url\":\"https:\\\/\\\/anivet.lt\\\/elparduotuve\\\/wp-content\\\/uploads\\\/2024\\\/03\\\/primal-spirit-dog-70-iberian-pork-with-salmone-12kg.jpg\",\"contentUrl\":\"https:\\\/\\\/anivet.lt\\\/elparduotuve\\\/wp-content\\\/uploads\\\/2024\\\/03\\\/primal-spirit-dog-70-iberian-pork-with-salmone-12kg.jpg\",\"width\":800,\"height\":800,\"caption\":\"PRIMAL IBERIAN Salmon pa\u0161aras \u0161unims su la\u0161i\u0161a 12kg\"},{\"@type\":\"BreadcrumbList\",\"@id\":\"https:\\\/\\\/anivet.lt\\\/elparduotuve\\\/produktas\\\/13413\\\/#breadcrumb\",\"itemListElement\":[{\"@type\":\"ListItem\",\"position\":1,\"name\":\"Home\",\"item\":\"https:\\\/\\\/anivet.lt\\\/elparduotuve\\\/\"},{\"@type\":\"ListItem\",\"position\":2,\"name\":\"Produktai\",\"item\":\"https:\\\/\\\/anivet.lt\\\/elparduotuve\\\/produktai\\\/\"},{\"@type\":\"ListItem\",\"position\":3,\"name\":\"PRIMAL IBERIAN Salmon pa\u0161aras \u0161unims su la\u0161i\u0161a 12kg\"}]},{\"@type\":\"WebSite\",\"@id\":\"https:\\\/\\\/anivet.lt\\\/elparduotuve\\\/#website\",\"url\":\"https:\\\/\\\/anivet.lt\\\/elparduotuve\\\/\",\"name\":\"anivet.lt\",\"description\":\"Viskas J\u016bs\u0173 \u0161uns, kat\u0117s prie\u017ei\u016brai\",\"publisher\":{\"@id\":\"https:\\\/\\\/anivet.lt\\\/elparduotuve\\\/#organization\"},\"alternateName\":\"Viskas J\u016bs\u0173 \u0161uns, kat\u0117s prie\u017ei\u016brai\",\"potentialAction\":[{\"@type\":\"SearchAction\",\"target\":{\"@type\":\"EntryPoint\",\"urlTemplate\":\"https:\\\/\\\/anivet.lt\\\/elparduotuve\\\/?s={search_term_string}\"},\"query-input\":{\"@type\":\"PropertyValueSpecification\",\"valueRequired\":true,\"valueName\":\"search_term_string\"}}],\"inLanguage\":\"lt-LT\"},{\"@type\":\"Organization\",\"@id\":\"https:\\\/\\\/anivet.lt\\\/elparduotuve\\\/#organization\",\"name\":\"Viskas J\u016bs\u0173 \u0161uns, kat\u0117s prie\u017ei\u016brai\",\"url\":\"https:\\\/\\\/anivet.lt\\\/elparduotuve\\\/\",\"logo\":{\"@type\":\"ImageObject\",\"inLanguage\":\"lt-LT\",\"@id\":\"https:\\\/\\\/anivet.lt\\\/elparduotuve\\\/#\\\/schema\\\/logo\\\/image\\\/\",\"url\":\"https:\\\/\\\/anivet.lt\\\/elparduotuve\\\/wp-content\\\/uploads\\\/2023\\\/06\\\/logo2.jpg\",\"contentUrl\":\"https:\\\/\\\/anivet.lt\\\/elparduotuve\\\/wp-content\\\/uploads\\\/2023\\\/06\\\/logo2.jpg\",\"width\":655,\"height\":194,\"caption\":\"Viskas J\u016bs\u0173 \u0161uns, kat\u0117s prie\u017ei\u016brai\"},\"image\":{\"@id\":\"https:\\\/\\\/anivet.lt\\\/elparduotuve\\\/#\\\/schema\\\/logo\\\/image\\\/\"}}]}<\/script>\n<!-- \/ Yoast SEO Premium plugin. -->","yoast_head_json":{"title":"PRIMAL IBERIAN Salmon pa\u0161aras \u0161unims su la\u0161i\u0161a 12kg - anivet.lt","description":"Visavertis dr\u0117gnas pa\u0161aras suaugusiems \u0161unims, praturtintas \u0161vie\u017eia Iberijos kiauliena ir la\u0161i\u0161a. Be glitimo, m\u0117sos milt\u0173, da\u017eikli\u0173 ar kvapikli\u0173 \u2013 tai puikus pasirinkimas \u0161unims, turintiems jautr\u0173 vir\u0161kinim\u0105 ar alergij\u0173 rizik\u0105.","robots":{"index":"index","follow":"follow","max-snippet":"max-snippet:-1","max-image-preview":"max-image-preview:large","max-video-preview":"max-video-preview:-1"},"canonical":"https:\/\/anivet.lt\/elparduotuve\/produktas\/13413\/","og_locale":"lt_LT","og_type":"article","og_title":"PRIMAL IBERIAN Salmon pa\u0161aras \u0161unims su la\u0161i\u0161a 12kg","og_description":"Visavertis dr\u0117gnas pa\u0161aras suaugusiems \u0161unims, praturtintas \u0161vie\u017eia Iberijos kiauliena ir la\u0161i\u0161a. Be glitimo, m\u0117sos milt\u0173, da\u017eikli\u0173 ar kvapikli\u0173 \u2013 tai puikus pasirinkimas \u0161unims, turintiems jautr\u0173 vir\u0161kinim\u0105 ar alergij\u0173 rizik\u0105.","og_url":"https:\/\/anivet.lt\/elparduotuve\/produktas\/13413\/","og_site_name":"anivet.lt","article_modified_time":"2026-02-04T11:18:28+00:00","og_image":[{"width":800,"height":800,"url":"https:\/\/anivet.lt\/elparduotuve\/wp-content\/uploads\/2024\/03\/primal-spirit-dog-70-iberian-pork-with-salmone-12kg.jpg","type":"image\/jpeg"}],"twitter_card":"summary_large_image","twitter_misc":{"Est. reading time":"1 minut\u0117"},"schema":{"@context":"https:\/\/schema.org","@graph":[{"@type":"WebPage","@id":"https:\/\/anivet.lt\/elparduotuve\/produktas\/13413\/","url":"https:\/\/anivet.lt\/elparduotuve\/produktas\/13413\/","name":"PRIMAL IBERIAN Salmon pa\u0161aras \u0161unims su la\u0161i\u0161a 12kg - anivet.lt","isPartOf":{"@id":"https:\/\/anivet.lt\/elparduotuve\/#website"},"primaryImageOfPage":{"@id":"https:\/\/anivet.lt\/elparduotuve\/produktas\/13413\/#primaryimage"},"image":{"@id":"https:\/\/anivet.lt\/elparduotuve\/produktas\/13413\/#primaryimage"},"thumbnailUrl":"https:\/\/anivet.lt\/elparduotuve\/wp-content\/uploads\/2024\/03\/primal-spirit-dog-70-iberian-pork-with-salmone-12kg.jpg","datePublished":"2024-03-23T10:24:40+00:00","dateModified":"2026-02-04T11:18:28+00:00","description":"Visavertis dr\u0117gnas pa\u0161aras suaugusiems \u0161unims, praturtintas \u0161vie\u017eia Iberijos kiauliena ir la\u0161i\u0161a. Be glitimo, m\u0117sos milt\u0173, da\u017eikli\u0173 ar kvapikli\u0173 \u2013 tai puikus pasirinkimas \u0161unims, turintiems jautr\u0173 vir\u0161kinim\u0105 ar alergij\u0173 rizik\u0105.","breadcrumb":{"@id":"https:\/\/anivet.lt\/elparduotuve\/produktas\/13413\/#breadcrumb"},"inLanguage":"lt-LT","potentialAction":[{"@type":"ReadAction","target":["https:\/\/anivet.lt\/elparduotuve\/produktas\/13413\/"]}]},{"@type":"ImageObject","inLanguage":"lt-LT","@id":"https:\/\/anivet.lt\/elparduotuve\/produktas\/13413\/#primaryimage","url":"https:\/\/anivet.lt\/elparduotuve\/wp-content\/uploads\/2024\/03\/primal-spirit-dog-70-iberian-pork-with-salmone-12kg.jpg","contentUrl":"https:\/\/anivet.lt\/elparduotuve\/wp-content\/uploads\/2024\/03\/primal-spirit-dog-70-iberian-pork-with-salmone-12kg.jpg","width":800,"height":800,"caption":"PRIMAL IBERIAN Salmon pa\u0161aras \u0161unims su la\u0161i\u0161a 12kg"},{"@type":"BreadcrumbList","@id":"https:\/\/anivet.lt\/elparduotuve\/produktas\/13413\/#breadcrumb","itemListElement":[{"@type":"ListItem","position":1,"name":"Home","item":"https:\/\/anivet.lt\/elparduotuve\/"},{"@type":"ListItem","position":2,"name":"Produktai","item":"https:\/\/anivet.lt\/elparduotuve\/produktai\/"},{"@type":"ListItem","position":3,"name":"PRIMAL IBERIAN Salmon pa\u0161aras \u0161unims su la\u0161i\u0161a 12kg"}]},{"@type":"WebSite","@id":"https:\/\/anivet.lt\/elparduotuve\/#website","url":"https:\/\/anivet.lt\/elparduotuve\/","name":"anivet.lt","description":"Viskas J\u016bs\u0173 \u0161uns, kat\u0117s prie\u017ei\u016brai","publisher":{"@id":"https:\/\/anivet.lt\/elparduotuve\/#organization"},"alternateName":"Viskas J\u016bs\u0173 \u0161uns, kat\u0117s prie\u017ei\u016brai","potentialAction":[{"@type":"SearchAction","target":{"@type":"EntryPoint","urlTemplate":"https:\/\/anivet.lt\/elparduotuve\/?s={search_term_string}"},"query-input":{"@type":"PropertyValueSpecification","valueRequired":true,"valueName":"search_term_string"}}],"inLanguage":"lt-LT"},{"@type":"Organization","@id":"https:\/\/anivet.lt\/elparduotuve\/#organization","name":"Viskas J\u016bs\u0173 \u0161uns, kat\u0117s prie\u017ei\u016brai","url":"https:\/\/anivet.lt\/elparduotuve\/","logo":{"@type":"ImageObject","inLanguage":"lt-LT","@id":"https:\/\/anivet.lt\/elparduotuve\/#\/schema\/logo\/image\/","url":"https:\/\/anivet.lt\/elparduotuve\/wp-content\/uploads\/2023\/06\/logo2.jpg","contentUrl":"https:\/\/anivet.lt\/elparduotuve\/wp-content\/uploads\/2023\/06\/logo2.jpg","width":655,"height":194,"caption":"Viskas J\u016bs\u0173 \u0161uns, kat\u0117s prie\u017ei\u016brai"},"image":{"@id":"https:\/\/anivet.lt\/elparduotuve\/#\/schema\/logo\/image\/"}}]}},"_links":{"self":[{"href":"https:\/\/anivet.lt\/elparduotuve\/wp-json\/wp\/v2\/product\/13413","targetHints":{"allow":["GET"]}}],"collection":[{"href":"https:\/\/anivet.lt\/elparduotuve\/wp-json\/wp\/v2\/product"}],"about":[{"href":"https:\/\/anivet.lt\/elparduotuve\/wp-json\/wp\/v2\/types\/product"}],"wp:featuredmedia":[{"embeddable":true,"href":"https:\/\/anivet.lt\/elparduotuve\/wp-json\/wp\/v2\/media\/13414"}],"wp:attachment":[{"href":"https:\/\/anivet.lt\/elparduotuve\/wp-json\/wp\/v2\/media?parent=13413"}],"wp:term":[{"taxonomy":"product_brand","embeddable":true,"href":"https:\/\/anivet.lt\/elparduotuve\/wp-json\/wp\/v2\/product_brand?post=13413"},{"taxonomy":"product_cat","embeddable":true,"href":"https:\/\/anivet.lt\/elparduotuve\/wp-json\/wp\/v2\/product_cat?post=13413"},{"taxonomy":"product_tag","embeddable":true,"href":"https:\/\/anivet.lt\/elparduotuve\/wp-json\/wp\/v2\/product_tag?post=13413"}],"curies":[{"name":"wp","href":"https:\/\/api.w.org\/{rel}","templated":true}]}}