{"id":13546,"date":"2024-04-09T09:49:23","date_gmt":"2024-04-09T09:49:23","guid":{"rendered":"https:\/\/anivet.lt\/elparduotuve\/?post_type=product&#038;p=13546"},"modified":"2025-11-30T02:28:30","modified_gmt":"2025-11-30T02:28:30","slug":"zaislas-kong-extreme","status":"publish","type":"product","link":"https:\/\/anivet.lt\/elparduotuve\/produktas\/zaislas-kong-extreme\/","title":{"rendered":"\u017daislas KONG Extreme"},"content":{"rendered":"<ul>\n<li style=\"font-weight: 400;\" aria-level=\"1\"><span style=\"font-weight: 400;\">Tinka stipriausiems kramtytojams: Pagamintas i\u0161 itin patvarios juodos KONG gumos.<\/span><\/li>\n<li style=\"font-weight: 400;\" aria-level=\"1\"><span style=\"font-weight: 400;\">Stimuliuoja nat\u016bralius instinktus: Tobulina m\u0105stym\u0105 ir u\u017etikrina ilg\u0105 \u017eaidimo laik\u0105.<\/span><\/li>\n<li style=\"font-weight: 400;\" aria-level=\"1\"><span style=\"font-weight: 400;\">Nenusp\u0117jamas \u0161okin\u0117jimas: Skatina aktyv\u0173 \u017eaidim\u0105 ir pritraukia \u0161uns d\u0117mes\u012f.<\/span><\/li>\n<li style=\"font-weight: 400;\" aria-level=\"1\"><span style=\"font-weight: 400;\">Galimyb\u0117 naudoti su skan\u0117stais: Pripildomas skan\u0117stais, KONG Easy Treat ar rie\u0161ut\u0173 sviestu \u2013 galima ir su\u0161aldyti.<\/span><\/li>\n<li style=\"font-weight: 400;\" aria-level=\"1\"><span style=\"font-weight: 400;\">Rekomenduojamas profesional\u0173: Veterinarai ir dresuotojai rekomenduoja KONG Extreme kaip vien\u0105 geriausi\u0173 \u017eaisl\u0173 aktyviems \u0161unims.<\/span><\/li>\n<\/ul>\n<p><span style=\"font-weight: 400;\">Puikus pasirinkimas \u0161unims, kuriems reikia stipri\u0173 \u017eaisl\u0173, galin\u010di\u0173 atlaikyti ilgus kramtymo ir \u017eaidimo seansus. \u0160is \u017eaislas ne tik prailgina \u017eaidimo laik\u0105, bet ir padeda kovoti su nuoboduliu, ugdant \u0161uns \u012fg\u016bd\u017eius. Be to, galimyb\u0117 prid\u0117ti skan\u0117st\u0173 suteikia papildom\u0105 d\u017eiaugsm\u0105 j\u016bs\u0173 augintiniui.<\/span><\/p>\n","protected":false},"excerpt":{"rendered":"<p><span style=\"font-weight: 400;\">Specialiai sukurtas \u0161unims, kurie m\u0117gsta intensyviai kramtyti ir \u017eaisti. Pagamintas i\u0161 itin patvarios nat\u016bralios gumos, \u0161is \u017eaislas ne tik patenkina nat\u016bralius kramtymo instinktus, bet ir suteikia puik\u0173 b\u016bd\u0105 stimuliuoti j\u016bs\u0173 augintinio m\u0105stym\u0105. D\u0117l savo nenusp\u0117jam\u0173 \u0161okin\u0117jimo savybi\u0173 \u017eaislas u\u017etikrina ilgesnius ir \u012fdomesnius \u017eaidimus.<\/span><\/p>\n","protected":false},"featured_media":13549,"template":"","meta":[],"product_brand":[],"product_cat":[101,108,311],"product_tag":[],"class_list":{"0":"post-13546","1":"product","2":"type-product","3":"status-publish","4":"has-post-thumbnail","6":"product_cat-sunims","7":"product_cat-prieziuros-priemones","8":"product_cat-zaislai-prieziuros-priemones","10":"first","11":"instock","12":"taxable","13":"shipping-taxable","14":"purchasable","15":"product-type-variable"},"yoast_head":"<!-- This site is optimized with the Yoast SEO Premium plugin v27.1 (Yoast SEO v27.5) - https:\/\/yoast.com\/product\/yoast-seo-premium-wordpress\/ -->\n<title>\u017daislas KONG Extreme - anivet.lt<\/title>\n<meta name=\"description\" content=\"Specialiai sukurtas \u0161unims, kurie m\u0117gsta intensyviai kramtyti ir \u017eaisti. Pagamintas i\u0161 itin patvarios nat\u016bralios gumos, \u0161is \u017eaislas ne tik patenkina nat\u016bralius kramtymo instinktus, bet ir suteikia puik\u0173 b\u016bd\u0105 stimuliuoti j\u016bs\u0173 augintinio m\u0105stym\u0105. D\u0117l savo nenusp\u0117jam\u0173 \u0161okin\u0117jimo savybi\u0173 \u017eaislas u\u017etikrina ilgesnius ir \u012fdomesnius \u017eaidimus.\" \/>\n<meta name=\"robots\" content=\"index, follow, max-snippet:-1, max-image-preview:large, max-video-preview:-1\" \/>\n<link rel=\"canonical\" href=\"https:\/\/anivet.lt\/elparduotuve\/produktas\/zaislas-kong-extreme\/\" \/>\n<meta property=\"og:locale\" content=\"lt_LT\" \/>\n<meta property=\"og:type\" content=\"article\" \/>\n<meta property=\"og:title\" content=\"\u017daislas KONG Extreme\" \/>\n<meta property=\"og:description\" content=\"Specialiai sukurtas \u0161unims, kurie m\u0117gsta intensyviai kramtyti ir \u017eaisti. Pagamintas i\u0161 itin patvarios nat\u016bralios gumos, \u0161is \u017eaislas ne tik patenkina nat\u016bralius kramtymo instinktus, bet ir suteikia puik\u0173 b\u016bd\u0105 stimuliuoti j\u016bs\u0173 augintinio m\u0105stym\u0105. D\u0117l savo nenusp\u0117jam\u0173 \u0161okin\u0117jimo savybi\u0173 \u017eaislas u\u017etikrina ilgesnius ir \u012fdomesnius \u017eaidimus.\" \/>\n<meta property=\"og:url\" content=\"https:\/\/anivet.lt\/elparduotuve\/produktas\/zaislas-kong-extreme\/\" \/>\n<meta property=\"og:site_name\" content=\"anivet.lt\" \/>\n<meta property=\"article:modified_time\" content=\"2025-11-30T02:28:30+00:00\" \/>\n<meta property=\"og:image\" content=\"https:\/\/anivet.lt\/elparduotuve\/wp-content\/uploads\/2024\/04\/kong-classic-guminis-zaislas-sunims-kramtymui-kopija-1.png\" \/>\n\t<meta property=\"og:image:width\" content=\"388\" \/>\n\t<meta property=\"og:image:height\" content=\"388\" \/>\n\t<meta property=\"og:image:type\" content=\"image\/png\" \/>\n<meta name=\"twitter:card\" content=\"summary_large_image\" \/>\n<meta name=\"twitter:label1\" content=\"Est. reading time\" \/>\n\t<meta name=\"twitter:data1\" content=\"1 minut\u0117\" \/>\n<script type=\"application\/ld+json\" class=\"yoast-schema-graph\">{\"@context\":\"https:\\\/\\\/schema.org\",\"@graph\":[{\"@type\":\"WebPage\",\"@id\":\"https:\\\/\\\/anivet.lt\\\/elparduotuve\\\/produktas\\\/zaislas-kong-extreme\\\/\",\"url\":\"https:\\\/\\\/anivet.lt\\\/elparduotuve\\\/produktas\\\/zaislas-kong-extreme\\\/\",\"name\":\"\u017daislas KONG Extreme - anivet.lt\",\"isPartOf\":{\"@id\":\"https:\\\/\\\/anivet.lt\\\/elparduotuve\\\/#website\"},\"primaryImageOfPage\":{\"@id\":\"https:\\\/\\\/anivet.lt\\\/elparduotuve\\\/produktas\\\/zaislas-kong-extreme\\\/#primaryimage\"},\"image\":{\"@id\":\"https:\\\/\\\/anivet.lt\\\/elparduotuve\\\/produktas\\\/zaislas-kong-extreme\\\/#primaryimage\"},\"thumbnailUrl\":\"https:\\\/\\\/anivet.lt\\\/elparduotuve\\\/wp-content\\\/uploads\\\/2024\\\/04\\\/kong-classic-guminis-zaislas-sunims-kramtymui-kopija-1.png\",\"datePublished\":\"2024-04-09T09:49:23+00:00\",\"dateModified\":\"2025-11-30T02:28:30+00:00\",\"description\":\"Specialiai sukurtas \u0161unims, kurie m\u0117gsta intensyviai kramtyti ir \u017eaisti. Pagamintas i\u0161 itin patvarios nat\u016bralios gumos, \u0161is \u017eaislas ne tik patenkina nat\u016bralius kramtymo instinktus, bet ir suteikia puik\u0173 b\u016bd\u0105 stimuliuoti j\u016bs\u0173 augintinio m\u0105stym\u0105. D\u0117l savo nenusp\u0117jam\u0173 \u0161okin\u0117jimo savybi\u0173 \u017eaislas u\u017etikrina ilgesnius ir \u012fdomesnius \u017eaidimus.\",\"breadcrumb\":{\"@id\":\"https:\\\/\\\/anivet.lt\\\/elparduotuve\\\/produktas\\\/zaislas-kong-extreme\\\/#breadcrumb\"},\"inLanguage\":\"lt-LT\",\"potentialAction\":[{\"@type\":\"ReadAction\",\"target\":[\"https:\\\/\\\/anivet.lt\\\/elparduotuve\\\/produktas\\\/zaislas-kong-extreme\\\/\"]}]},{\"@type\":\"ImageObject\",\"inLanguage\":\"lt-LT\",\"@id\":\"https:\\\/\\\/anivet.lt\\\/elparduotuve\\\/produktas\\\/zaislas-kong-extreme\\\/#primaryimage\",\"url\":\"https:\\\/\\\/anivet.lt\\\/elparduotuve\\\/wp-content\\\/uploads\\\/2024\\\/04\\\/kong-classic-guminis-zaislas-sunims-kramtymui-kopija-1.png\",\"contentUrl\":\"https:\\\/\\\/anivet.lt\\\/elparduotuve\\\/wp-content\\\/uploads\\\/2024\\\/04\\\/kong-classic-guminis-zaislas-sunims-kramtymui-kopija-1.png\",\"width\":388,\"height\":388,\"caption\":\"\u017daislas KONG Extreme\"},{\"@type\":\"BreadcrumbList\",\"@id\":\"https:\\\/\\\/anivet.lt\\\/elparduotuve\\\/produktas\\\/zaislas-kong-extreme\\\/#breadcrumb\",\"itemListElement\":[{\"@type\":\"ListItem\",\"position\":1,\"name\":\"Home\",\"item\":\"https:\\\/\\\/anivet.lt\\\/elparduotuve\\\/\"},{\"@type\":\"ListItem\",\"position\":2,\"name\":\"Produktai\",\"item\":\"https:\\\/\\\/anivet.lt\\\/elparduotuve\\\/produktai\\\/\"},{\"@type\":\"ListItem\",\"position\":3,\"name\":\"\u017daislas KONG Extreme\"}]},{\"@type\":\"WebSite\",\"@id\":\"https:\\\/\\\/anivet.lt\\\/elparduotuve\\\/#website\",\"url\":\"https:\\\/\\\/anivet.lt\\\/elparduotuve\\\/\",\"name\":\"anivet.lt\",\"description\":\"Viskas J\u016bs\u0173 \u0161uns, kat\u0117s prie\u017ei\u016brai\",\"publisher\":{\"@id\":\"https:\\\/\\\/anivet.lt\\\/elparduotuve\\\/#organization\"},\"alternateName\":\"Viskas J\u016bs\u0173 \u0161uns, kat\u0117s prie\u017ei\u016brai\",\"potentialAction\":[{\"@type\":\"SearchAction\",\"target\":{\"@type\":\"EntryPoint\",\"urlTemplate\":\"https:\\\/\\\/anivet.lt\\\/elparduotuve\\\/?s={search_term_string}\"},\"query-input\":{\"@type\":\"PropertyValueSpecification\",\"valueRequired\":true,\"valueName\":\"search_term_string\"}}],\"inLanguage\":\"lt-LT\"},{\"@type\":\"Organization\",\"@id\":\"https:\\\/\\\/anivet.lt\\\/elparduotuve\\\/#organization\",\"name\":\"Viskas J\u016bs\u0173 \u0161uns, kat\u0117s prie\u017ei\u016brai\",\"url\":\"https:\\\/\\\/anivet.lt\\\/elparduotuve\\\/\",\"logo\":{\"@type\":\"ImageObject\",\"inLanguage\":\"lt-LT\",\"@id\":\"https:\\\/\\\/anivet.lt\\\/elparduotuve\\\/#\\\/schema\\\/logo\\\/image\\\/\",\"url\":\"https:\\\/\\\/anivet.lt\\\/elparduotuve\\\/wp-content\\\/uploads\\\/2023\\\/06\\\/logo2.jpg\",\"contentUrl\":\"https:\\\/\\\/anivet.lt\\\/elparduotuve\\\/wp-content\\\/uploads\\\/2023\\\/06\\\/logo2.jpg\",\"width\":655,\"height\":194,\"caption\":\"Viskas J\u016bs\u0173 \u0161uns, kat\u0117s prie\u017ei\u016brai\"},\"image\":{\"@id\":\"https:\\\/\\\/anivet.lt\\\/elparduotuve\\\/#\\\/schema\\\/logo\\\/image\\\/\"}}]}<\/script>\n<!-- \/ Yoast SEO Premium plugin. -->","yoast_head_json":{"title":"\u017daislas KONG Extreme - anivet.lt","description":"Specialiai sukurtas \u0161unims, kurie m\u0117gsta intensyviai kramtyti ir \u017eaisti. Pagamintas i\u0161 itin patvarios nat\u016bralios gumos, \u0161is \u017eaislas ne tik patenkina nat\u016bralius kramtymo instinktus, bet ir suteikia puik\u0173 b\u016bd\u0105 stimuliuoti j\u016bs\u0173 augintinio m\u0105stym\u0105. D\u0117l savo nenusp\u0117jam\u0173 \u0161okin\u0117jimo savybi\u0173 \u017eaislas u\u017etikrina ilgesnius ir \u012fdomesnius \u017eaidimus.","robots":{"index":"index","follow":"follow","max-snippet":"max-snippet:-1","max-image-preview":"max-image-preview:large","max-video-preview":"max-video-preview:-1"},"canonical":"https:\/\/anivet.lt\/elparduotuve\/produktas\/zaislas-kong-extreme\/","og_locale":"lt_LT","og_type":"article","og_title":"\u017daislas KONG Extreme","og_description":"Specialiai sukurtas \u0161unims, kurie m\u0117gsta intensyviai kramtyti ir \u017eaisti. Pagamintas i\u0161 itin patvarios nat\u016bralios gumos, \u0161is \u017eaislas ne tik patenkina nat\u016bralius kramtymo instinktus, bet ir suteikia puik\u0173 b\u016bd\u0105 stimuliuoti j\u016bs\u0173 augintinio m\u0105stym\u0105. D\u0117l savo nenusp\u0117jam\u0173 \u0161okin\u0117jimo savybi\u0173 \u017eaislas u\u017etikrina ilgesnius ir \u012fdomesnius \u017eaidimus.","og_url":"https:\/\/anivet.lt\/elparduotuve\/produktas\/zaislas-kong-extreme\/","og_site_name":"anivet.lt","article_modified_time":"2025-11-30T02:28:30+00:00","og_image":[{"width":388,"height":388,"url":"https:\/\/anivet.lt\/elparduotuve\/wp-content\/uploads\/2024\/04\/kong-classic-guminis-zaislas-sunims-kramtymui-kopija-1.png","type":"image\/png"}],"twitter_card":"summary_large_image","twitter_misc":{"Est. reading time":"1 minut\u0117"},"schema":{"@context":"https:\/\/schema.org","@graph":[{"@type":"WebPage","@id":"https:\/\/anivet.lt\/elparduotuve\/produktas\/zaislas-kong-extreme\/","url":"https:\/\/anivet.lt\/elparduotuve\/produktas\/zaislas-kong-extreme\/","name":"\u017daislas KONG Extreme - anivet.lt","isPartOf":{"@id":"https:\/\/anivet.lt\/elparduotuve\/#website"},"primaryImageOfPage":{"@id":"https:\/\/anivet.lt\/elparduotuve\/produktas\/zaislas-kong-extreme\/#primaryimage"},"image":{"@id":"https:\/\/anivet.lt\/elparduotuve\/produktas\/zaislas-kong-extreme\/#primaryimage"},"thumbnailUrl":"https:\/\/anivet.lt\/elparduotuve\/wp-content\/uploads\/2024\/04\/kong-classic-guminis-zaislas-sunims-kramtymui-kopija-1.png","datePublished":"2024-04-09T09:49:23+00:00","dateModified":"2025-11-30T02:28:30+00:00","description":"Specialiai sukurtas \u0161unims, kurie m\u0117gsta intensyviai kramtyti ir \u017eaisti. Pagamintas i\u0161 itin patvarios nat\u016bralios gumos, \u0161is \u017eaislas ne tik patenkina nat\u016bralius kramtymo instinktus, bet ir suteikia puik\u0173 b\u016bd\u0105 stimuliuoti j\u016bs\u0173 augintinio m\u0105stym\u0105. D\u0117l savo nenusp\u0117jam\u0173 \u0161okin\u0117jimo savybi\u0173 \u017eaislas u\u017etikrina ilgesnius ir \u012fdomesnius \u017eaidimus.","breadcrumb":{"@id":"https:\/\/anivet.lt\/elparduotuve\/produktas\/zaislas-kong-extreme\/#breadcrumb"},"inLanguage":"lt-LT","potentialAction":[{"@type":"ReadAction","target":["https:\/\/anivet.lt\/elparduotuve\/produktas\/zaislas-kong-extreme\/"]}]},{"@type":"ImageObject","inLanguage":"lt-LT","@id":"https:\/\/anivet.lt\/elparduotuve\/produktas\/zaislas-kong-extreme\/#primaryimage","url":"https:\/\/anivet.lt\/elparduotuve\/wp-content\/uploads\/2024\/04\/kong-classic-guminis-zaislas-sunims-kramtymui-kopija-1.png","contentUrl":"https:\/\/anivet.lt\/elparduotuve\/wp-content\/uploads\/2024\/04\/kong-classic-guminis-zaislas-sunims-kramtymui-kopija-1.png","width":388,"height":388,"caption":"\u017daislas KONG Extreme"},{"@type":"BreadcrumbList","@id":"https:\/\/anivet.lt\/elparduotuve\/produktas\/zaislas-kong-extreme\/#breadcrumb","itemListElement":[{"@type":"ListItem","position":1,"name":"Home","item":"https:\/\/anivet.lt\/elparduotuve\/"},{"@type":"ListItem","position":2,"name":"Produktai","item":"https:\/\/anivet.lt\/elparduotuve\/produktai\/"},{"@type":"ListItem","position":3,"name":"\u017daislas KONG Extreme"}]},{"@type":"WebSite","@id":"https:\/\/anivet.lt\/elparduotuve\/#website","url":"https:\/\/anivet.lt\/elparduotuve\/","name":"anivet.lt","description":"Viskas J\u016bs\u0173 \u0161uns, kat\u0117s prie\u017ei\u016brai","publisher":{"@id":"https:\/\/anivet.lt\/elparduotuve\/#organization"},"alternateName":"Viskas J\u016bs\u0173 \u0161uns, kat\u0117s prie\u017ei\u016brai","potentialAction":[{"@type":"SearchAction","target":{"@type":"EntryPoint","urlTemplate":"https:\/\/anivet.lt\/elparduotuve\/?s={search_term_string}"},"query-input":{"@type":"PropertyValueSpecification","valueRequired":true,"valueName":"search_term_string"}}],"inLanguage":"lt-LT"},{"@type":"Organization","@id":"https:\/\/anivet.lt\/elparduotuve\/#organization","name":"Viskas J\u016bs\u0173 \u0161uns, kat\u0117s prie\u017ei\u016brai","url":"https:\/\/anivet.lt\/elparduotuve\/","logo":{"@type":"ImageObject","inLanguage":"lt-LT","@id":"https:\/\/anivet.lt\/elparduotuve\/#\/schema\/logo\/image\/","url":"https:\/\/anivet.lt\/elparduotuve\/wp-content\/uploads\/2023\/06\/logo2.jpg","contentUrl":"https:\/\/anivet.lt\/elparduotuve\/wp-content\/uploads\/2023\/06\/logo2.jpg","width":655,"height":194,"caption":"Viskas J\u016bs\u0173 \u0161uns, kat\u0117s prie\u017ei\u016brai"},"image":{"@id":"https:\/\/anivet.lt\/elparduotuve\/#\/schema\/logo\/image\/"}}]}},"_links":{"self":[{"href":"https:\/\/anivet.lt\/elparduotuve\/wp-json\/wp\/v2\/product\/13546","targetHints":{"allow":["GET"]}}],"collection":[{"href":"https:\/\/anivet.lt\/elparduotuve\/wp-json\/wp\/v2\/product"}],"about":[{"href":"https:\/\/anivet.lt\/elparduotuve\/wp-json\/wp\/v2\/types\/product"}],"wp:featuredmedia":[{"embeddable":true,"href":"https:\/\/anivet.lt\/elparduotuve\/wp-json\/wp\/v2\/media\/13549"}],"wp:attachment":[{"href":"https:\/\/anivet.lt\/elparduotuve\/wp-json\/wp\/v2\/media?parent=13546"}],"wp:term":[{"taxonomy":"product_brand","embeddable":true,"href":"https:\/\/anivet.lt\/elparduotuve\/wp-json\/wp\/v2\/product_brand?post=13546"},{"taxonomy":"product_cat","embeddable":true,"href":"https:\/\/anivet.lt\/elparduotuve\/wp-json\/wp\/v2\/product_cat?post=13546"},{"taxonomy":"product_tag","embeddable":true,"href":"https:\/\/anivet.lt\/elparduotuve\/wp-json\/wp\/v2\/product_tag?post=13546"}],"curies":[{"name":"wp","href":"https:\/\/api.w.org\/{rel}","templated":true}]}}