{"id":13551,"date":"2024-04-09T10:05:36","date_gmt":"2024-04-09T10:05:36","guid":{"rendered":"https:\/\/anivet.lt\/elparduotuve\/?post_type=product&#038;p=13551"},"modified":"2025-05-27T13:26:36","modified_gmt":"2025-05-27T13:26:36","slug":"kong-classic-zaislas-sunims","status":"publish","type":"product","link":"https:\/\/anivet.lt\/elparduotuve\/produktas\/kong-classic-zaislas-sunims\/","title":{"rendered":"KONG CLASSIC \u017dAISLAS \u0160UNIMS"},"content":{"rendered":"<ul>\n<li style=\"font-weight: 400;\" aria-level=\"1\"><span style=\"font-weight: 400;\">Skatina m\u0105stym\u0105: \u017daislas padeda patenkinti \u0161uns nat\u016bralius instinktus, skatindamas problem\u0173 sprendimo geb\u0117jimus.<\/span><\/li>\n<li style=\"font-weight: 400;\" aria-level=\"1\"><span style=\"font-weight: 400;\">Tvirtas ir ilgaam\u017eis: Klasikin\u0117 raudonos gumos formul\u0117 puikiai tinka vidutiniams kramtytojams, u\u017etikrinant ilg\u0105 naudojimo laik\u0105.<\/span><\/li>\n<li style=\"font-weight: 400;\" aria-level=\"1\"><span style=\"font-weight: 400;\">Nenusp\u0117jamas \u0161okin\u0117jimas: D\u0117l netaisyklingo jud\u0117jimo \u017eaidimai tampa dinami\u0161ki ir \u012fdom\u016bs.<\/span><\/li>\n<li style=\"font-weight: 400;\" aria-level=\"1\"><span style=\"font-weight: 400;\">Suderinamas su skan\u0117stais: Galite prid\u0117ti pa\u0161aro, skan\u0117st\u0173 ar KONG Easy Treat, kad prailgintum\u0117te \u017eaidimo laik\u0105.<\/span><\/li>\n<li style=\"font-weight: 400;\" aria-level=\"1\"><span style=\"font-weight: 400;\">Veterinar\u0173 ir dresuotoj\u0173 rekomenduojamas: Populiarus pasirinkimas d\u0117l savo patikimumo ir naudos \u0161uns vystymuisi.<\/span><\/li>\n<\/ul>\n<p><span style=\"font-weight: 400;\">Tai \u017eaislas, kur\u012f m\u0117gsta \u0161unys ir patvirtina ekspertai. Puikiai tinka kramtymui, \u017eaidimams ir u\u017eimtumui tiek viduje, tiek lauke. Suteikite savo augintiniui valand\u0173 d\u017eiaugsmo ir praturtinkite jo kasdienyb\u0119.<\/span><\/p>\n","protected":false},"excerpt":{"rendered":"<p><span style=\"font-weight: 400;\">\u201eKONG Classic\u201c \u017eaislas \u0161unims \u2013 tai pasaulinis standartas \u0161un\u0173 \u017eaisl\u0173 kategorijoje, skirtas patenkinti j\u016bs\u0173 augintinio nat\u016bralius instinktus. \u0160is patvarus ir funkcionalus \u017eaislas suteikia galimyb\u0119 ne tik \u017eaisti, bet ir skatinti protin\u012f vystym\u0105si.<\/span><\/p>\n","protected":false},"featured_media":13558,"template":"","meta":[],"product_brand":[],"product_cat":[101,108,311],"product_tag":[],"class_list":{"0":"post-13551","1":"product","2":"type-product","3":"status-publish","4":"has-post-thumbnail","6":"product_cat-sunims","7":"product_cat-prieziuros-priemones","8":"product_cat-zaislai-prieziuros-priemones","10":"first","11":"instock","12":"taxable","13":"shipping-taxable","14":"purchasable","15":"product-type-variable"},"yoast_head":"<!-- This site is optimized with the Yoast SEO Premium plugin v27.1 (Yoast SEO v27.5) - https:\/\/yoast.com\/product\/yoast-seo-premium-wordpress\/ -->\n<title>KONG CLASSIC \u017dAISLAS \u0160UNIMS - anivet.lt<\/title>\n<meta name=\"description\" content=\"\u201eKONG Classic\u201c \u017eaislas \u0161unims \u2013 tai pasaulinis standartas \u0161un\u0173 \u017eaisl\u0173 kategorijoje, skirtas patenkinti j\u016bs\u0173 augintinio nat\u016bralius instinktus. \u0160is patvarus ir funkcionalus \u017eaislas suteikia galimyb\u0119 ne tik \u017eaisti, bet ir skatinti protin\u012f vystym\u0105si.\" \/>\n<meta name=\"robots\" content=\"index, follow, max-snippet:-1, max-image-preview:large, max-video-preview:-1\" \/>\n<link rel=\"canonical\" href=\"https:\/\/anivet.lt\/elparduotuve\/produktas\/kong-classic-zaislas-sunims\/\" \/>\n<meta property=\"og:locale\" content=\"lt_LT\" \/>\n<meta property=\"og:type\" content=\"article\" \/>\n<meta property=\"og:title\" content=\"KONG CLASSIC \u017dAISLAS \u0160UNIMS\" \/>\n<meta property=\"og:description\" content=\"\u201eKONG Classic\u201c \u017eaislas \u0161unims \u2013 tai pasaulinis standartas \u0161un\u0173 \u017eaisl\u0173 kategorijoje, skirtas patenkinti j\u016bs\u0173 augintinio nat\u016bralius instinktus. \u0160is patvarus ir funkcionalus \u017eaislas suteikia galimyb\u0119 ne tik \u017eaisti, bet ir skatinti protin\u012f vystym\u0105si.\" \/>\n<meta property=\"og:url\" content=\"https:\/\/anivet.lt\/elparduotuve\/produktas\/kong-classic-zaislas-sunims\/\" \/>\n<meta property=\"og:site_name\" content=\"anivet.lt\" \/>\n<meta property=\"article:modified_time\" content=\"2025-05-27T13:26:36+00:00\" \/>\n<meta property=\"og:image\" content=\"https:\/\/anivet.lt\/elparduotuve\/wp-content\/uploads\/2024\/04\/T1E_OFF_PK_1_569x569.webp\" \/>\n\t<meta property=\"og:image:width\" content=\"569\" \/>\n\t<meta property=\"og:image:height\" content=\"569\" \/>\n\t<meta property=\"og:image:type\" content=\"image\/webp\" \/>\n<meta name=\"twitter:card\" content=\"summary_large_image\" \/>\n<meta name=\"twitter:label1\" content=\"Est. reading time\" \/>\n\t<meta name=\"twitter:data1\" content=\"1 minut\u0117\" \/>\n<script type=\"application\/ld+json\" class=\"yoast-schema-graph\">{\"@context\":\"https:\\\/\\\/schema.org\",\"@graph\":[{\"@type\":\"WebPage\",\"@id\":\"https:\\\/\\\/anivet.lt\\\/elparduotuve\\\/produktas\\\/kong-classic-zaislas-sunims\\\/\",\"url\":\"https:\\\/\\\/anivet.lt\\\/elparduotuve\\\/produktas\\\/kong-classic-zaislas-sunims\\\/\",\"name\":\"KONG CLASSIC \u017dAISLAS \u0160UNIMS - anivet.lt\",\"isPartOf\":{\"@id\":\"https:\\\/\\\/anivet.lt\\\/elparduotuve\\\/#website\"},\"primaryImageOfPage\":{\"@id\":\"https:\\\/\\\/anivet.lt\\\/elparduotuve\\\/produktas\\\/kong-classic-zaislas-sunims\\\/#primaryimage\"},\"image\":{\"@id\":\"https:\\\/\\\/anivet.lt\\\/elparduotuve\\\/produktas\\\/kong-classic-zaislas-sunims\\\/#primaryimage\"},\"thumbnailUrl\":\"https:\\\/\\\/anivet.lt\\\/elparduotuve\\\/wp-content\\\/uploads\\\/2024\\\/04\\\/T1E_OFF_PK_1_569x569.webp\",\"datePublished\":\"2024-04-09T10:05:36+00:00\",\"dateModified\":\"2025-05-27T13:26:36+00:00\",\"description\":\"\u201eKONG Classic\u201c \u017eaislas \u0161unims \u2013 tai pasaulinis standartas \u0161un\u0173 \u017eaisl\u0173 kategorijoje, skirtas patenkinti j\u016bs\u0173 augintinio nat\u016bralius instinktus. \u0160is patvarus ir funkcionalus \u017eaislas suteikia galimyb\u0119 ne tik \u017eaisti, bet ir skatinti protin\u012f vystym\u0105si.\",\"breadcrumb\":{\"@id\":\"https:\\\/\\\/anivet.lt\\\/elparduotuve\\\/produktas\\\/kong-classic-zaislas-sunims\\\/#breadcrumb\"},\"inLanguage\":\"lt-LT\",\"potentialAction\":[{\"@type\":\"ReadAction\",\"target\":[\"https:\\\/\\\/anivet.lt\\\/elparduotuve\\\/produktas\\\/kong-classic-zaislas-sunims\\\/\"]}]},{\"@type\":\"ImageObject\",\"inLanguage\":\"lt-LT\",\"@id\":\"https:\\\/\\\/anivet.lt\\\/elparduotuve\\\/produktas\\\/kong-classic-zaislas-sunims\\\/#primaryimage\",\"url\":\"https:\\\/\\\/anivet.lt\\\/elparduotuve\\\/wp-content\\\/uploads\\\/2024\\\/04\\\/T1E_OFF_PK_1_569x569.webp\",\"contentUrl\":\"https:\\\/\\\/anivet.lt\\\/elparduotuve\\\/wp-content\\\/uploads\\\/2024\\\/04\\\/T1E_OFF_PK_1_569x569.webp\",\"width\":569,\"height\":569,\"caption\":\"KONG CLASSIC \u017dAISLAS \u0160UNIMS\"},{\"@type\":\"BreadcrumbList\",\"@id\":\"https:\\\/\\\/anivet.lt\\\/elparduotuve\\\/produktas\\\/kong-classic-zaislas-sunims\\\/#breadcrumb\",\"itemListElement\":[{\"@type\":\"ListItem\",\"position\":1,\"name\":\"Home\",\"item\":\"https:\\\/\\\/anivet.lt\\\/elparduotuve\\\/\"},{\"@type\":\"ListItem\",\"position\":2,\"name\":\"Produktai\",\"item\":\"https:\\\/\\\/anivet.lt\\\/elparduotuve\\\/produktai\\\/\"},{\"@type\":\"ListItem\",\"position\":3,\"name\":\"KONG CLASSIC \u017dAISLAS \u0160UNIMS\"}]},{\"@type\":\"WebSite\",\"@id\":\"https:\\\/\\\/anivet.lt\\\/elparduotuve\\\/#website\",\"url\":\"https:\\\/\\\/anivet.lt\\\/elparduotuve\\\/\",\"name\":\"anivet.lt\",\"description\":\"Viskas J\u016bs\u0173 \u0161uns, kat\u0117s prie\u017ei\u016brai\",\"publisher\":{\"@id\":\"https:\\\/\\\/anivet.lt\\\/elparduotuve\\\/#organization\"},\"alternateName\":\"Viskas J\u016bs\u0173 \u0161uns, kat\u0117s prie\u017ei\u016brai\",\"potentialAction\":[{\"@type\":\"SearchAction\",\"target\":{\"@type\":\"EntryPoint\",\"urlTemplate\":\"https:\\\/\\\/anivet.lt\\\/elparduotuve\\\/?s={search_term_string}\"},\"query-input\":{\"@type\":\"PropertyValueSpecification\",\"valueRequired\":true,\"valueName\":\"search_term_string\"}}],\"inLanguage\":\"lt-LT\"},{\"@type\":\"Organization\",\"@id\":\"https:\\\/\\\/anivet.lt\\\/elparduotuve\\\/#organization\",\"name\":\"Viskas J\u016bs\u0173 \u0161uns, kat\u0117s prie\u017ei\u016brai\",\"url\":\"https:\\\/\\\/anivet.lt\\\/elparduotuve\\\/\",\"logo\":{\"@type\":\"ImageObject\",\"inLanguage\":\"lt-LT\",\"@id\":\"https:\\\/\\\/anivet.lt\\\/elparduotuve\\\/#\\\/schema\\\/logo\\\/image\\\/\",\"url\":\"https:\\\/\\\/anivet.lt\\\/elparduotuve\\\/wp-content\\\/uploads\\\/2023\\\/06\\\/logo2.jpg\",\"contentUrl\":\"https:\\\/\\\/anivet.lt\\\/elparduotuve\\\/wp-content\\\/uploads\\\/2023\\\/06\\\/logo2.jpg\",\"width\":655,\"height\":194,\"caption\":\"Viskas J\u016bs\u0173 \u0161uns, kat\u0117s prie\u017ei\u016brai\"},\"image\":{\"@id\":\"https:\\\/\\\/anivet.lt\\\/elparduotuve\\\/#\\\/schema\\\/logo\\\/image\\\/\"}}]}<\/script>\n<!-- \/ Yoast SEO Premium plugin. -->","yoast_head_json":{"title":"KONG CLASSIC \u017dAISLAS \u0160UNIMS - anivet.lt","description":"\u201eKONG Classic\u201c \u017eaislas \u0161unims \u2013 tai pasaulinis standartas \u0161un\u0173 \u017eaisl\u0173 kategorijoje, skirtas patenkinti j\u016bs\u0173 augintinio nat\u016bralius instinktus. \u0160is patvarus ir funkcionalus \u017eaislas suteikia galimyb\u0119 ne tik \u017eaisti, bet ir skatinti protin\u012f vystym\u0105si.","robots":{"index":"index","follow":"follow","max-snippet":"max-snippet:-1","max-image-preview":"max-image-preview:large","max-video-preview":"max-video-preview:-1"},"canonical":"https:\/\/anivet.lt\/elparduotuve\/produktas\/kong-classic-zaislas-sunims\/","og_locale":"lt_LT","og_type":"article","og_title":"KONG CLASSIC \u017dAISLAS \u0160UNIMS","og_description":"\u201eKONG Classic\u201c \u017eaislas \u0161unims \u2013 tai pasaulinis standartas \u0161un\u0173 \u017eaisl\u0173 kategorijoje, skirtas patenkinti j\u016bs\u0173 augintinio nat\u016bralius instinktus. \u0160is patvarus ir funkcionalus \u017eaislas suteikia galimyb\u0119 ne tik \u017eaisti, bet ir skatinti protin\u012f vystym\u0105si.","og_url":"https:\/\/anivet.lt\/elparduotuve\/produktas\/kong-classic-zaislas-sunims\/","og_site_name":"anivet.lt","article_modified_time":"2025-05-27T13:26:36+00:00","og_image":[{"width":569,"height":569,"url":"https:\/\/anivet.lt\/elparduotuve\/wp-content\/uploads\/2024\/04\/T1E_OFF_PK_1_569x569.webp","type":"image\/webp"}],"twitter_card":"summary_large_image","twitter_misc":{"Est. reading time":"1 minut\u0117"},"schema":{"@context":"https:\/\/schema.org","@graph":[{"@type":"WebPage","@id":"https:\/\/anivet.lt\/elparduotuve\/produktas\/kong-classic-zaislas-sunims\/","url":"https:\/\/anivet.lt\/elparduotuve\/produktas\/kong-classic-zaislas-sunims\/","name":"KONG CLASSIC \u017dAISLAS \u0160UNIMS - anivet.lt","isPartOf":{"@id":"https:\/\/anivet.lt\/elparduotuve\/#website"},"primaryImageOfPage":{"@id":"https:\/\/anivet.lt\/elparduotuve\/produktas\/kong-classic-zaislas-sunims\/#primaryimage"},"image":{"@id":"https:\/\/anivet.lt\/elparduotuve\/produktas\/kong-classic-zaislas-sunims\/#primaryimage"},"thumbnailUrl":"https:\/\/anivet.lt\/elparduotuve\/wp-content\/uploads\/2024\/04\/T1E_OFF_PK_1_569x569.webp","datePublished":"2024-04-09T10:05:36+00:00","dateModified":"2025-05-27T13:26:36+00:00","description":"\u201eKONG Classic\u201c \u017eaislas \u0161unims \u2013 tai pasaulinis standartas \u0161un\u0173 \u017eaisl\u0173 kategorijoje, skirtas patenkinti j\u016bs\u0173 augintinio nat\u016bralius instinktus. \u0160is patvarus ir funkcionalus \u017eaislas suteikia galimyb\u0119 ne tik \u017eaisti, bet ir skatinti protin\u012f vystym\u0105si.","breadcrumb":{"@id":"https:\/\/anivet.lt\/elparduotuve\/produktas\/kong-classic-zaislas-sunims\/#breadcrumb"},"inLanguage":"lt-LT","potentialAction":[{"@type":"ReadAction","target":["https:\/\/anivet.lt\/elparduotuve\/produktas\/kong-classic-zaislas-sunims\/"]}]},{"@type":"ImageObject","inLanguage":"lt-LT","@id":"https:\/\/anivet.lt\/elparduotuve\/produktas\/kong-classic-zaislas-sunims\/#primaryimage","url":"https:\/\/anivet.lt\/elparduotuve\/wp-content\/uploads\/2024\/04\/T1E_OFF_PK_1_569x569.webp","contentUrl":"https:\/\/anivet.lt\/elparduotuve\/wp-content\/uploads\/2024\/04\/T1E_OFF_PK_1_569x569.webp","width":569,"height":569,"caption":"KONG CLASSIC \u017dAISLAS \u0160UNIMS"},{"@type":"BreadcrumbList","@id":"https:\/\/anivet.lt\/elparduotuve\/produktas\/kong-classic-zaislas-sunims\/#breadcrumb","itemListElement":[{"@type":"ListItem","position":1,"name":"Home","item":"https:\/\/anivet.lt\/elparduotuve\/"},{"@type":"ListItem","position":2,"name":"Produktai","item":"https:\/\/anivet.lt\/elparduotuve\/produktai\/"},{"@type":"ListItem","position":3,"name":"KONG CLASSIC \u017dAISLAS \u0160UNIMS"}]},{"@type":"WebSite","@id":"https:\/\/anivet.lt\/elparduotuve\/#website","url":"https:\/\/anivet.lt\/elparduotuve\/","name":"anivet.lt","description":"Viskas J\u016bs\u0173 \u0161uns, kat\u0117s prie\u017ei\u016brai","publisher":{"@id":"https:\/\/anivet.lt\/elparduotuve\/#organization"},"alternateName":"Viskas J\u016bs\u0173 \u0161uns, kat\u0117s prie\u017ei\u016brai","potentialAction":[{"@type":"SearchAction","target":{"@type":"EntryPoint","urlTemplate":"https:\/\/anivet.lt\/elparduotuve\/?s={search_term_string}"},"query-input":{"@type":"PropertyValueSpecification","valueRequired":true,"valueName":"search_term_string"}}],"inLanguage":"lt-LT"},{"@type":"Organization","@id":"https:\/\/anivet.lt\/elparduotuve\/#organization","name":"Viskas J\u016bs\u0173 \u0161uns, kat\u0117s prie\u017ei\u016brai","url":"https:\/\/anivet.lt\/elparduotuve\/","logo":{"@type":"ImageObject","inLanguage":"lt-LT","@id":"https:\/\/anivet.lt\/elparduotuve\/#\/schema\/logo\/image\/","url":"https:\/\/anivet.lt\/elparduotuve\/wp-content\/uploads\/2023\/06\/logo2.jpg","contentUrl":"https:\/\/anivet.lt\/elparduotuve\/wp-content\/uploads\/2023\/06\/logo2.jpg","width":655,"height":194,"caption":"Viskas J\u016bs\u0173 \u0161uns, kat\u0117s prie\u017ei\u016brai"},"image":{"@id":"https:\/\/anivet.lt\/elparduotuve\/#\/schema\/logo\/image\/"}}]}},"_links":{"self":[{"href":"https:\/\/anivet.lt\/elparduotuve\/wp-json\/wp\/v2\/product\/13551","targetHints":{"allow":["GET"]}}],"collection":[{"href":"https:\/\/anivet.lt\/elparduotuve\/wp-json\/wp\/v2\/product"}],"about":[{"href":"https:\/\/anivet.lt\/elparduotuve\/wp-json\/wp\/v2\/types\/product"}],"wp:featuredmedia":[{"embeddable":true,"href":"https:\/\/anivet.lt\/elparduotuve\/wp-json\/wp\/v2\/media\/13558"}],"wp:attachment":[{"href":"https:\/\/anivet.lt\/elparduotuve\/wp-json\/wp\/v2\/media?parent=13551"}],"wp:term":[{"taxonomy":"product_brand","embeddable":true,"href":"https:\/\/anivet.lt\/elparduotuve\/wp-json\/wp\/v2\/product_brand?post=13551"},{"taxonomy":"product_cat","embeddable":true,"href":"https:\/\/anivet.lt\/elparduotuve\/wp-json\/wp\/v2\/product_cat?post=13551"},{"taxonomy":"product_tag","embeddable":true,"href":"https:\/\/anivet.lt\/elparduotuve\/wp-json\/wp\/v2\/product_tag?post=13551"}],"curies":[{"name":"wp","href":"https:\/\/api.w.org\/{rel}","templated":true}]}}