{"id":13566,"date":"2024-04-09T13:51:27","date_gmt":"2024-04-09T13:51:27","guid":{"rendered":"https:\/\/anivet.lt\/elparduotuve\/?post_type=product&#038;p=13566"},"modified":"2025-10-15T07:16:11","modified_gmt":"2025-10-15T07:16:11","slug":"landfleisch-classic-konservai-sunims-su-antiena-eriena-ir-bulvemis-800g","status":"publish","type":"product","link":"https:\/\/anivet.lt\/elparduotuve\/produktas\/landfleisch-classic-konservai-sunims-su-antiena-eriena-ir-bulvemis-800g\/","title":{"rendered":"LandFleisch classic konservai \u0161unims su antiena, \u0117riena ir bulv\u0117mis 800g"},"content":{"rendered":"<ul>\n<li style=\"font-weight: 400;\" aria-level=\"1\"><span style=\"font-weight: 400;\">Nat\u016bral\u016bs ingredientai: 65% m\u0117sos (antiena ir \u0117riena) u\u017etikrina auk\u0161t\u0105 baltym\u0173 kiek\u012f ir nat\u016brali\u0105 mityb\u0105.<\/span><\/li>\n<li style=\"font-weight: 400;\" aria-level=\"1\"><span style=\"font-weight: 400;\">Praturtintas raps\u0173 aliejumi: Puikus Omega-3 ir Omega-6 riebal\u0173 r\u016bg\u0161\u010di\u0173 \u0161altinis sveikai odai ir kailiui.<\/span><\/li>\n<li style=\"font-weight: 400;\" aria-level=\"1\"><span style=\"font-weight: 400;\">\u017darnyno sveikatai: Sud\u0117tyje esantys prebiotikai ir inulinas palaiko nauding\u0173 bakterij\u0173 balans\u0105.<\/span><\/li>\n<li style=\"font-weight: 400;\" aria-level=\"1\"><span style=\"font-weight: 400;\">Be dirbtini\u0173 pried\u0173: N\u0117ra prid\u0117tinio cukraus, gliuteno, GMO ar sojos produkt\u0173.<\/span><\/li>\n<li style=\"font-weight: 400;\" aria-level=\"1\"><span style=\"font-weight: 400;\">Pagaminta Vokietijoje: Auk\u0161tos kokyb\u0117s standartai u\u017etikrina maisto saugum\u0105 ir efektyvum\u0105.<\/span><\/li>\n<\/ul>\n<p><span style=\"font-weight: 400;\">\u201eLandFleisch Classic\u201d yra puikus pasirinkimas tiems, kurie ie\u0161ko nat\u016bralios ir maistingos mitybos savo \u0161uniui. Su auk\u0161tos kokyb\u0117s m\u0117sos \u0161altiniais ir sveikatai palankiais priedais, \u0161is \u0117dalas ne tik skaniai papildys j\u016bs\u0173 augintinio duben\u0117l\u012f, bet ir prisid\u0117s prie jo bendros gerov\u0117s.<\/span><\/p>\n","protected":false},"excerpt":{"rendered":"<p><span style=\"font-weight: 400;\">Visavertis \u0161lapias maistas, specialiai sukurtas suaugusiems \u0161unims. \u0160io konservuoto \u0117dalo sud\u0117tis u\u017etikrina maisting\u0105 ir subalansuot\u0105 racion\u0105, praturtint\u0105 nat\u016braliais ingredientais.<\/span><\/p>\n","protected":false},"featured_media":18851,"template":"","meta":[],"product_brand":[],"product_cat":[101,103,105],"product_tag":[],"class_list":{"0":"post-13566","1":"product","2":"type-product","3":"status-publish","4":"has-post-thumbnail","6":"product_cat-sunims","7":"product_cat-sunu-maistas","8":"product_cat-konservai","9":"pa_prekinis-zenklas-landfleisch","11":"first","12":"instock","13":"sale","14":"taxable","15":"shipping-taxable","16":"purchasable","17":"product-type-simple"},"yoast_head":"<!-- This site is optimized with the Yoast SEO Premium plugin v27.1 (Yoast SEO v27.5) - https:\/\/yoast.com\/product\/yoast-seo-premium-wordpress\/ -->\n<title>LandFleisch classic konservai \u0161unims su antiena, \u0117riena ir bulv\u0117mis 800g - anivet.lt<\/title>\n<meta name=\"description\" content=\"Visavertis \u0161lapias maistas, specialiai sukurtas suaugusiems \u0161unims. \u0160io konservuoto \u0117dalo sud\u0117tis u\u017etikrina maisting\u0105 ir subalansuot\u0105 racion\u0105, praturtint\u0105 nat\u016braliais ingredientais.\" \/>\n<meta name=\"robots\" content=\"index, follow, max-snippet:-1, max-image-preview:large, max-video-preview:-1\" \/>\n<link rel=\"canonical\" href=\"https:\/\/anivet.lt\/elparduotuve\/produktas\/landfleisch-classic-konservai-sunims-su-antiena-eriena-ir-bulvemis-800g\/\" \/>\n<meta property=\"og:locale\" content=\"lt_LT\" \/>\n<meta property=\"og:type\" content=\"article\" \/>\n<meta property=\"og:title\" content=\"LandFleisch classic konservai \u0161unims su antiena, \u0117riena ir bulv\u0117mis 800g\" \/>\n<meta property=\"og:description\" content=\"Visavertis \u0161lapias maistas, specialiai sukurtas suaugusiems \u0161unims. \u0160io konservuoto \u0117dalo sud\u0117tis u\u017etikrina maisting\u0105 ir subalansuot\u0105 racion\u0105, praturtint\u0105 nat\u016braliais ingredientais.\" \/>\n<meta property=\"og:url\" content=\"https:\/\/anivet.lt\/elparduotuve\/produktas\/landfleisch-classic-konservai-sunims-su-antiena-eriena-ir-bulvemis-800g\/\" \/>\n<meta property=\"og:site_name\" content=\"anivet.lt\" \/>\n<meta property=\"article:modified_time\" content=\"2025-10-15T07:16:11+00:00\" \/>\n<meta property=\"og:image\" content=\"https:\/\/anivet.lt\/elparduotuve\/wp-content\/uploads\/2024\/04\/LandFleisch-classic-konservai-sunims-su-antiena-eriena-ir-bulvemis-800g.jpg\" \/>\n\t<meta property=\"og:image:width\" content=\"600\" \/>\n\t<meta property=\"og:image:height\" content=\"600\" \/>\n\t<meta property=\"og:image:type\" content=\"image\/jpeg\" \/>\n<meta name=\"twitter:card\" content=\"summary_large_image\" \/>\n<meta name=\"twitter:label1\" content=\"Est. reading time\" \/>\n\t<meta name=\"twitter:data1\" content=\"1 minut\u0117\" \/>\n<script type=\"application\/ld+json\" class=\"yoast-schema-graph\">{\"@context\":\"https:\\\/\\\/schema.org\",\"@graph\":[{\"@type\":\"WebPage\",\"@id\":\"https:\\\/\\\/anivet.lt\\\/elparduotuve\\\/produktas\\\/landfleisch-classic-konservai-sunims-su-antiena-eriena-ir-bulvemis-800g\\\/\",\"url\":\"https:\\\/\\\/anivet.lt\\\/elparduotuve\\\/produktas\\\/landfleisch-classic-konservai-sunims-su-antiena-eriena-ir-bulvemis-800g\\\/\",\"name\":\"LandFleisch classic konservai \u0161unims su antiena, \u0117riena ir bulv\u0117mis 800g - anivet.lt\",\"isPartOf\":{\"@id\":\"https:\\\/\\\/anivet.lt\\\/elparduotuve\\\/#website\"},\"primaryImageOfPage\":{\"@id\":\"https:\\\/\\\/anivet.lt\\\/elparduotuve\\\/produktas\\\/landfleisch-classic-konservai-sunims-su-antiena-eriena-ir-bulvemis-800g\\\/#primaryimage\"},\"image\":{\"@id\":\"https:\\\/\\\/anivet.lt\\\/elparduotuve\\\/produktas\\\/landfleisch-classic-konservai-sunims-su-antiena-eriena-ir-bulvemis-800g\\\/#primaryimage\"},\"thumbnailUrl\":\"https:\\\/\\\/anivet.lt\\\/elparduotuve\\\/wp-content\\\/uploads\\\/2024\\\/04\\\/LandFleisch-classic-konservai-sunims-su-antiena-eriena-ir-bulvemis-800g.jpg\",\"datePublished\":\"2024-04-09T13:51:27+00:00\",\"dateModified\":\"2025-10-15T07:16:11+00:00\",\"description\":\"Visavertis \u0161lapias maistas, specialiai sukurtas suaugusiems \u0161unims. \u0160io konservuoto \u0117dalo sud\u0117tis u\u017etikrina maisting\u0105 ir subalansuot\u0105 racion\u0105, praturtint\u0105 nat\u016braliais ingredientais.\",\"breadcrumb\":{\"@id\":\"https:\\\/\\\/anivet.lt\\\/elparduotuve\\\/produktas\\\/landfleisch-classic-konservai-sunims-su-antiena-eriena-ir-bulvemis-800g\\\/#breadcrumb\"},\"inLanguage\":\"lt-LT\",\"potentialAction\":[{\"@type\":\"ReadAction\",\"target\":[\"https:\\\/\\\/anivet.lt\\\/elparduotuve\\\/produktas\\\/landfleisch-classic-konservai-sunims-su-antiena-eriena-ir-bulvemis-800g\\\/\"]}]},{\"@type\":\"ImageObject\",\"inLanguage\":\"lt-LT\",\"@id\":\"https:\\\/\\\/anivet.lt\\\/elparduotuve\\\/produktas\\\/landfleisch-classic-konservai-sunims-su-antiena-eriena-ir-bulvemis-800g\\\/#primaryimage\",\"url\":\"https:\\\/\\\/anivet.lt\\\/elparduotuve\\\/wp-content\\\/uploads\\\/2024\\\/04\\\/LandFleisch-classic-konservai-sunims-su-antiena-eriena-ir-bulvemis-800g.jpg\",\"contentUrl\":\"https:\\\/\\\/anivet.lt\\\/elparduotuve\\\/wp-content\\\/uploads\\\/2024\\\/04\\\/LandFleisch-classic-konservai-sunims-su-antiena-eriena-ir-bulvemis-800g.jpg\",\"width\":600,\"height\":600,\"caption\":\"LandFleisch classic konservai \u0161unims su antiena, \u0117riena ir bulv\u0117mis 800g\"},{\"@type\":\"BreadcrumbList\",\"@id\":\"https:\\\/\\\/anivet.lt\\\/elparduotuve\\\/produktas\\\/landfleisch-classic-konservai-sunims-su-antiena-eriena-ir-bulvemis-800g\\\/#breadcrumb\",\"itemListElement\":[{\"@type\":\"ListItem\",\"position\":1,\"name\":\"Home\",\"item\":\"https:\\\/\\\/anivet.lt\\\/elparduotuve\\\/\"},{\"@type\":\"ListItem\",\"position\":2,\"name\":\"Produktai\",\"item\":\"https:\\\/\\\/anivet.lt\\\/elparduotuve\\\/produktai\\\/\"},{\"@type\":\"ListItem\",\"position\":3,\"name\":\"LandFleisch classic konservai \u0161unims su antiena, \u0117riena ir bulv\u0117mis 800g\"}]},{\"@type\":\"WebSite\",\"@id\":\"https:\\\/\\\/anivet.lt\\\/elparduotuve\\\/#website\",\"url\":\"https:\\\/\\\/anivet.lt\\\/elparduotuve\\\/\",\"name\":\"anivet.lt\",\"description\":\"Viskas J\u016bs\u0173 \u0161uns, kat\u0117s prie\u017ei\u016brai\",\"publisher\":{\"@id\":\"https:\\\/\\\/anivet.lt\\\/elparduotuve\\\/#organization\"},\"alternateName\":\"Viskas J\u016bs\u0173 \u0161uns, kat\u0117s prie\u017ei\u016brai\",\"potentialAction\":[{\"@type\":\"SearchAction\",\"target\":{\"@type\":\"EntryPoint\",\"urlTemplate\":\"https:\\\/\\\/anivet.lt\\\/elparduotuve\\\/?s={search_term_string}\"},\"query-input\":{\"@type\":\"PropertyValueSpecification\",\"valueRequired\":true,\"valueName\":\"search_term_string\"}}],\"inLanguage\":\"lt-LT\"},{\"@type\":\"Organization\",\"@id\":\"https:\\\/\\\/anivet.lt\\\/elparduotuve\\\/#organization\",\"name\":\"Viskas J\u016bs\u0173 \u0161uns, kat\u0117s prie\u017ei\u016brai\",\"url\":\"https:\\\/\\\/anivet.lt\\\/elparduotuve\\\/\",\"logo\":{\"@type\":\"ImageObject\",\"inLanguage\":\"lt-LT\",\"@id\":\"https:\\\/\\\/anivet.lt\\\/elparduotuve\\\/#\\\/schema\\\/logo\\\/image\\\/\",\"url\":\"https:\\\/\\\/anivet.lt\\\/elparduotuve\\\/wp-content\\\/uploads\\\/2023\\\/06\\\/logo2.jpg\",\"contentUrl\":\"https:\\\/\\\/anivet.lt\\\/elparduotuve\\\/wp-content\\\/uploads\\\/2023\\\/06\\\/logo2.jpg\",\"width\":655,\"height\":194,\"caption\":\"Viskas J\u016bs\u0173 \u0161uns, kat\u0117s prie\u017ei\u016brai\"},\"image\":{\"@id\":\"https:\\\/\\\/anivet.lt\\\/elparduotuve\\\/#\\\/schema\\\/logo\\\/image\\\/\"}}]}<\/script>\n<!-- \/ Yoast SEO Premium plugin. -->","yoast_head_json":{"title":"LandFleisch classic konservai \u0161unims su antiena, \u0117riena ir bulv\u0117mis 800g - anivet.lt","description":"Visavertis \u0161lapias maistas, specialiai sukurtas suaugusiems \u0161unims. \u0160io konservuoto \u0117dalo sud\u0117tis u\u017etikrina maisting\u0105 ir subalansuot\u0105 racion\u0105, praturtint\u0105 nat\u016braliais ingredientais.","robots":{"index":"index","follow":"follow","max-snippet":"max-snippet:-1","max-image-preview":"max-image-preview:large","max-video-preview":"max-video-preview:-1"},"canonical":"https:\/\/anivet.lt\/elparduotuve\/produktas\/landfleisch-classic-konservai-sunims-su-antiena-eriena-ir-bulvemis-800g\/","og_locale":"lt_LT","og_type":"article","og_title":"LandFleisch classic konservai \u0161unims su antiena, \u0117riena ir bulv\u0117mis 800g","og_description":"Visavertis \u0161lapias maistas, specialiai sukurtas suaugusiems \u0161unims. \u0160io konservuoto \u0117dalo sud\u0117tis u\u017etikrina maisting\u0105 ir subalansuot\u0105 racion\u0105, praturtint\u0105 nat\u016braliais ingredientais.","og_url":"https:\/\/anivet.lt\/elparduotuve\/produktas\/landfleisch-classic-konservai-sunims-su-antiena-eriena-ir-bulvemis-800g\/","og_site_name":"anivet.lt","article_modified_time":"2025-10-15T07:16:11+00:00","og_image":[{"width":600,"height":600,"url":"https:\/\/anivet.lt\/elparduotuve\/wp-content\/uploads\/2024\/04\/LandFleisch-classic-konservai-sunims-su-antiena-eriena-ir-bulvemis-800g.jpg","type":"image\/jpeg"}],"twitter_card":"summary_large_image","twitter_misc":{"Est. reading time":"1 minut\u0117"},"schema":{"@context":"https:\/\/schema.org","@graph":[{"@type":"WebPage","@id":"https:\/\/anivet.lt\/elparduotuve\/produktas\/landfleisch-classic-konservai-sunims-su-antiena-eriena-ir-bulvemis-800g\/","url":"https:\/\/anivet.lt\/elparduotuve\/produktas\/landfleisch-classic-konservai-sunims-su-antiena-eriena-ir-bulvemis-800g\/","name":"LandFleisch classic konservai \u0161unims su antiena, \u0117riena ir bulv\u0117mis 800g - anivet.lt","isPartOf":{"@id":"https:\/\/anivet.lt\/elparduotuve\/#website"},"primaryImageOfPage":{"@id":"https:\/\/anivet.lt\/elparduotuve\/produktas\/landfleisch-classic-konservai-sunims-su-antiena-eriena-ir-bulvemis-800g\/#primaryimage"},"image":{"@id":"https:\/\/anivet.lt\/elparduotuve\/produktas\/landfleisch-classic-konservai-sunims-su-antiena-eriena-ir-bulvemis-800g\/#primaryimage"},"thumbnailUrl":"https:\/\/anivet.lt\/elparduotuve\/wp-content\/uploads\/2024\/04\/LandFleisch-classic-konservai-sunims-su-antiena-eriena-ir-bulvemis-800g.jpg","datePublished":"2024-04-09T13:51:27+00:00","dateModified":"2025-10-15T07:16:11+00:00","description":"Visavertis \u0161lapias maistas, specialiai sukurtas suaugusiems \u0161unims. \u0160io konservuoto \u0117dalo sud\u0117tis u\u017etikrina maisting\u0105 ir subalansuot\u0105 racion\u0105, praturtint\u0105 nat\u016braliais ingredientais.","breadcrumb":{"@id":"https:\/\/anivet.lt\/elparduotuve\/produktas\/landfleisch-classic-konservai-sunims-su-antiena-eriena-ir-bulvemis-800g\/#breadcrumb"},"inLanguage":"lt-LT","potentialAction":[{"@type":"ReadAction","target":["https:\/\/anivet.lt\/elparduotuve\/produktas\/landfleisch-classic-konservai-sunims-su-antiena-eriena-ir-bulvemis-800g\/"]}]},{"@type":"ImageObject","inLanguage":"lt-LT","@id":"https:\/\/anivet.lt\/elparduotuve\/produktas\/landfleisch-classic-konservai-sunims-su-antiena-eriena-ir-bulvemis-800g\/#primaryimage","url":"https:\/\/anivet.lt\/elparduotuve\/wp-content\/uploads\/2024\/04\/LandFleisch-classic-konservai-sunims-su-antiena-eriena-ir-bulvemis-800g.jpg","contentUrl":"https:\/\/anivet.lt\/elparduotuve\/wp-content\/uploads\/2024\/04\/LandFleisch-classic-konservai-sunims-su-antiena-eriena-ir-bulvemis-800g.jpg","width":600,"height":600,"caption":"LandFleisch classic konservai \u0161unims su antiena, \u0117riena ir bulv\u0117mis 800g"},{"@type":"BreadcrumbList","@id":"https:\/\/anivet.lt\/elparduotuve\/produktas\/landfleisch-classic-konservai-sunims-su-antiena-eriena-ir-bulvemis-800g\/#breadcrumb","itemListElement":[{"@type":"ListItem","position":1,"name":"Home","item":"https:\/\/anivet.lt\/elparduotuve\/"},{"@type":"ListItem","position":2,"name":"Produktai","item":"https:\/\/anivet.lt\/elparduotuve\/produktai\/"},{"@type":"ListItem","position":3,"name":"LandFleisch classic konservai \u0161unims su antiena, \u0117riena ir bulv\u0117mis 800g"}]},{"@type":"WebSite","@id":"https:\/\/anivet.lt\/elparduotuve\/#website","url":"https:\/\/anivet.lt\/elparduotuve\/","name":"anivet.lt","description":"Viskas J\u016bs\u0173 \u0161uns, kat\u0117s prie\u017ei\u016brai","publisher":{"@id":"https:\/\/anivet.lt\/elparduotuve\/#organization"},"alternateName":"Viskas J\u016bs\u0173 \u0161uns, kat\u0117s prie\u017ei\u016brai","potentialAction":[{"@type":"SearchAction","target":{"@type":"EntryPoint","urlTemplate":"https:\/\/anivet.lt\/elparduotuve\/?s={search_term_string}"},"query-input":{"@type":"PropertyValueSpecification","valueRequired":true,"valueName":"search_term_string"}}],"inLanguage":"lt-LT"},{"@type":"Organization","@id":"https:\/\/anivet.lt\/elparduotuve\/#organization","name":"Viskas J\u016bs\u0173 \u0161uns, kat\u0117s prie\u017ei\u016brai","url":"https:\/\/anivet.lt\/elparduotuve\/","logo":{"@type":"ImageObject","inLanguage":"lt-LT","@id":"https:\/\/anivet.lt\/elparduotuve\/#\/schema\/logo\/image\/","url":"https:\/\/anivet.lt\/elparduotuve\/wp-content\/uploads\/2023\/06\/logo2.jpg","contentUrl":"https:\/\/anivet.lt\/elparduotuve\/wp-content\/uploads\/2023\/06\/logo2.jpg","width":655,"height":194,"caption":"Viskas J\u016bs\u0173 \u0161uns, kat\u0117s prie\u017ei\u016brai"},"image":{"@id":"https:\/\/anivet.lt\/elparduotuve\/#\/schema\/logo\/image\/"}}]}},"_links":{"self":[{"href":"https:\/\/anivet.lt\/elparduotuve\/wp-json\/wp\/v2\/product\/13566","targetHints":{"allow":["GET"]}}],"collection":[{"href":"https:\/\/anivet.lt\/elparduotuve\/wp-json\/wp\/v2\/product"}],"about":[{"href":"https:\/\/anivet.lt\/elparduotuve\/wp-json\/wp\/v2\/types\/product"}],"wp:featuredmedia":[{"embeddable":true,"href":"https:\/\/anivet.lt\/elparduotuve\/wp-json\/wp\/v2\/media\/18851"}],"wp:attachment":[{"href":"https:\/\/anivet.lt\/elparduotuve\/wp-json\/wp\/v2\/media?parent=13566"}],"wp:term":[{"taxonomy":"product_brand","embeddable":true,"href":"https:\/\/anivet.lt\/elparduotuve\/wp-json\/wp\/v2\/product_brand?post=13566"},{"taxonomy":"product_cat","embeddable":true,"href":"https:\/\/anivet.lt\/elparduotuve\/wp-json\/wp\/v2\/product_cat?post=13566"},{"taxonomy":"product_tag","embeddable":true,"href":"https:\/\/anivet.lt\/elparduotuve\/wp-json\/wp\/v2\/product_tag?post=13566"}],"curies":[{"name":"wp","href":"https:\/\/api.w.org\/{rel}","templated":true}]}}