{"id":13636,"date":"2024-04-16T09:44:15","date_gmt":"2024-04-16T09:44:15","guid":{"rendered":"https:\/\/anivet.lt\/elparduotuve\/?post_type=product&#038;p=13636"},"modified":"2025-05-27T13:26:40","modified_gmt":"2025-05-27T13:26:40","slug":"vetilea-hepato-gel-papildas-sveikai-kepenu-funkcijai-palaikyti-60ml","status":"publish","type":"product","link":"https:\/\/anivet.lt\/elparduotuve\/produktas\/vetilea-hepato-gel-papildas-sveikai-kepenu-funkcijai-palaikyti-60ml\/","title":{"rendered":"Vetilea hepato gel papildas sveikai kepen\u0173 funkcijai palaikyti 60ml"},"content":{"rendered":"<p><span style=\"font-weight: 400;\">Pa\u0161aro papildas, skirtas palaikyti sveik\u0105 kepen\u0173 funkcij\u0105 tiek \u0161unims, tiek kat\u0117ms. \u0160is papildas praturtintas kruop\u0161\u010diai atrinktais ingredientais, kurie padeda apsaugoti kepenis ir skatinti j\u0173 atsigavim\u0105, ypa\u010d esant padidintai apkrovai ar ligoms.<\/span><\/p>\n<ul>\n<li style=\"font-weight: 400;\" aria-level=\"1\"><span style=\"font-weight: 400;\">Pieno er\u0161k\u0117\u010dio s\u0117kl\u0173 ekstraktas: \u017einomas d\u0117l savo kepenis apsaugan\u010dio ir regeneruojan\u010dio poveikio.<\/span><\/li>\n<li style=\"font-weight: 400;\" aria-level=\"1\"><span style=\"font-weight: 400;\">Taurinas: palaiko kepen\u0173 detoksikacijos procesus ir bendr\u0105 sveikat\u0105.<\/span><\/li>\n<li style=\"font-weight: 400;\" aria-level=\"1\"><span style=\"font-weight: 400;\">Vitaminai C ir E: veikia kaip antioksidantai, apsaugantys kepenis nuo laisv\u0173j\u0173 radikal\u0173 pa\u017eeidim\u0173.<\/span><\/li>\n<li style=\"font-weight: 400;\" aria-level=\"1\"><span style=\"font-weight: 400;\">Cinkas ir selenitas: stiprina imunitet\u0105 ir skatina kepen\u0173 funkcij\u0173 atsigavim\u0105.<\/span><\/li>\n<li style=\"font-weight: 400;\" aria-level=\"1\"><span style=\"font-weight: 400;\">Gauruotosios sojos aliejus: nat\u016bralus augalinis aliejus, palaikantis med\u017eiag\u0173 apykait\u0105.<\/span><\/li>\n<li style=\"font-weight: 400;\" aria-level=\"1\"><span style=\"font-weight: 400;\">Inaktyvuotos miel\u0117s su metioninu: prisideda prie baltym\u0173 sintez\u0117s ir kepen\u0173 l\u0105steli\u0173 apsaugos.<\/span><\/li>\n<\/ul>\n<p><span style=\"font-weight: 400;\">\u201eVetilea Hepato Gel\u201c yra paprastas ir veiksmingas b\u016bdas r\u016bpintis j\u016bs\u0173 augintinio kepen\u0173 sveikata. Tai patikimas sprendimas, padedantis palaikyti normali\u0105 kepen\u0173 funkcij\u0105 ir bendr\u0105 organizmo gerov\u0119.<\/span><\/p>\n","protected":false},"excerpt":{"rendered":"<p>Pa\u0161aro papildas, skirtas palaikyti sveik\u0105 kepen\u0173 funkcij\u0105 tiek \u0161unims, tiek kat\u0117ms. \u0160is papildas praturtintas kruop\u0161\u010diai atrinktais ingredientais, kurie padeda apsaugoti<\/p>\n","protected":false},"featured_media":13637,"template":"","meta":[],"product_brand":[],"product_cat":[101,102,113,124],"product_tag":[],"class_list":{"0":"post-13636","1":"product","2":"type-product","3":"status-publish","4":"has-post-thumbnail","6":"product_cat-sunims","7":"product_cat-katems","8":"product_cat-vitaminai-ir-papildai","9":"product_cat-vitaminai-ir-papildai-katems","10":"pa_prekinis-zenklas-vetilea-ispanija","12":"first","13":"instock","14":"taxable","15":"shipping-taxable","16":"purchasable","17":"product-type-simple"},"yoast_head":"<!-- This site is optimized with the Yoast SEO Premium plugin v27.1 (Yoast SEO v27.5) - https:\/\/yoast.com\/product\/yoast-seo-premium-wordpress\/ -->\n<title>Vetilea hepato gel papildas sveikai kepen\u0173 funkcijai palaikyti 60ml - anivet.lt<\/title>\n<meta name=\"description\" content=\"Pa\u0161aro papildas, skirtas palaikyti sveik\u0105 kepen\u0173 funkcij\u0105 tiek \u0161unims, tiek kat\u0117ms. \u0160is papildas praturtintas kruop\u0161\u010diai atrinktais ingredientais, kurie\" \/>\n<meta name=\"robots\" content=\"index, follow, max-snippet:-1, max-image-preview:large, max-video-preview:-1\" \/>\n<link rel=\"canonical\" href=\"https:\/\/anivet.lt\/elparduotuve\/produktas\/vetilea-hepato-gel-papildas-sveikai-kepenu-funkcijai-palaikyti-60ml\/\" \/>\n<meta property=\"og:locale\" content=\"lt_LT\" \/>\n<meta property=\"og:type\" content=\"article\" \/>\n<meta property=\"og:title\" content=\"Vetilea hepato gel papildas sveikai kepen\u0173 funkcijai palaikyti 60ml\" \/>\n<meta property=\"og:description\" content=\"Pa\u0161aro papildas, skirtas palaikyti sveik\u0105 kepen\u0173 funkcij\u0105 tiek \u0161unims, tiek kat\u0117ms. \u0160is papildas praturtintas kruop\u0161\u010diai atrinktais ingredientais, kurie\" \/>\n<meta property=\"og:url\" content=\"https:\/\/anivet.lt\/elparduotuve\/produktas\/vetilea-hepato-gel-papildas-sveikai-kepenu-funkcijai-palaikyti-60ml\/\" \/>\n<meta property=\"og:site_name\" content=\"anivet.lt\" \/>\n<meta property=\"article:modified_time\" content=\"2025-05-27T13:26:40+00:00\" \/>\n<meta property=\"og:image\" content=\"https:\/\/anivet.lt\/elparduotuve\/wp-content\/uploads\/2024\/04\/vetilea-hepato-gel-600x776-1.webp\" \/>\n\t<meta property=\"og:image:width\" content=\"600\" \/>\n\t<meta property=\"og:image:height\" content=\"776\" \/>\n\t<meta property=\"og:image:type\" content=\"image\/webp\" \/>\n<meta name=\"twitter:card\" content=\"summary_large_image\" \/>\n<meta name=\"twitter:label1\" content=\"Est. reading time\" \/>\n\t<meta name=\"twitter:data1\" content=\"1 minut\u0117\" \/>\n<script type=\"application\/ld+json\" class=\"yoast-schema-graph\">{\"@context\":\"https:\\\/\\\/schema.org\",\"@graph\":[{\"@type\":\"WebPage\",\"@id\":\"https:\\\/\\\/anivet.lt\\\/elparduotuve\\\/produktas\\\/vetilea-hepato-gel-papildas-sveikai-kepenu-funkcijai-palaikyti-60ml\\\/\",\"url\":\"https:\\\/\\\/anivet.lt\\\/elparduotuve\\\/produktas\\\/vetilea-hepato-gel-papildas-sveikai-kepenu-funkcijai-palaikyti-60ml\\\/\",\"name\":\"Vetilea hepato gel papildas sveikai kepen\u0173 funkcijai palaikyti 60ml - anivet.lt\",\"isPartOf\":{\"@id\":\"https:\\\/\\\/anivet.lt\\\/elparduotuve\\\/#website\"},\"primaryImageOfPage\":{\"@id\":\"https:\\\/\\\/anivet.lt\\\/elparduotuve\\\/produktas\\\/vetilea-hepato-gel-papildas-sveikai-kepenu-funkcijai-palaikyti-60ml\\\/#primaryimage\"},\"image\":{\"@id\":\"https:\\\/\\\/anivet.lt\\\/elparduotuve\\\/produktas\\\/vetilea-hepato-gel-papildas-sveikai-kepenu-funkcijai-palaikyti-60ml\\\/#primaryimage\"},\"thumbnailUrl\":\"https:\\\/\\\/anivet.lt\\\/elparduotuve\\\/wp-content\\\/uploads\\\/2024\\\/04\\\/vetilea-hepato-gel-600x776-1.webp\",\"datePublished\":\"2024-04-16T09:44:15+00:00\",\"dateModified\":\"2025-05-27T13:26:40+00:00\",\"description\":\"Pa\u0161aro papildas, skirtas palaikyti sveik\u0105 kepen\u0173 funkcij\u0105 tiek \u0161unims, tiek kat\u0117ms. \u0160is papildas praturtintas kruop\u0161\u010diai atrinktais ingredientais, kurie\",\"breadcrumb\":{\"@id\":\"https:\\\/\\\/anivet.lt\\\/elparduotuve\\\/produktas\\\/vetilea-hepato-gel-papildas-sveikai-kepenu-funkcijai-palaikyti-60ml\\\/#breadcrumb\"},\"inLanguage\":\"lt-LT\",\"potentialAction\":[{\"@type\":\"ReadAction\",\"target\":[\"https:\\\/\\\/anivet.lt\\\/elparduotuve\\\/produktas\\\/vetilea-hepato-gel-papildas-sveikai-kepenu-funkcijai-palaikyti-60ml\\\/\"]}]},{\"@type\":\"ImageObject\",\"inLanguage\":\"lt-LT\",\"@id\":\"https:\\\/\\\/anivet.lt\\\/elparduotuve\\\/produktas\\\/vetilea-hepato-gel-papildas-sveikai-kepenu-funkcijai-palaikyti-60ml\\\/#primaryimage\",\"url\":\"https:\\\/\\\/anivet.lt\\\/elparduotuve\\\/wp-content\\\/uploads\\\/2024\\\/04\\\/vetilea-hepato-gel-600x776-1.webp\",\"contentUrl\":\"https:\\\/\\\/anivet.lt\\\/elparduotuve\\\/wp-content\\\/uploads\\\/2024\\\/04\\\/vetilea-hepato-gel-600x776-1.webp\",\"width\":600,\"height\":776,\"caption\":\"Vetilea hepato gel papildas sveikai kepen\u0173 funkcijai palaikyti 60ml\"},{\"@type\":\"BreadcrumbList\",\"@id\":\"https:\\\/\\\/anivet.lt\\\/elparduotuve\\\/produktas\\\/vetilea-hepato-gel-papildas-sveikai-kepenu-funkcijai-palaikyti-60ml\\\/#breadcrumb\",\"itemListElement\":[{\"@type\":\"ListItem\",\"position\":1,\"name\":\"Home\",\"item\":\"https:\\\/\\\/anivet.lt\\\/elparduotuve\\\/\"},{\"@type\":\"ListItem\",\"position\":2,\"name\":\"Produktai\",\"item\":\"https:\\\/\\\/anivet.lt\\\/elparduotuve\\\/produktai\\\/\"},{\"@type\":\"ListItem\",\"position\":3,\"name\":\"Vetilea hepato gel papildas sveikai kepen\u0173 funkcijai palaikyti 60ml\"}]},{\"@type\":\"WebSite\",\"@id\":\"https:\\\/\\\/anivet.lt\\\/elparduotuve\\\/#website\",\"url\":\"https:\\\/\\\/anivet.lt\\\/elparduotuve\\\/\",\"name\":\"anivet.lt\",\"description\":\"Viskas J\u016bs\u0173 \u0161uns, kat\u0117s prie\u017ei\u016brai\",\"publisher\":{\"@id\":\"https:\\\/\\\/anivet.lt\\\/elparduotuve\\\/#organization\"},\"alternateName\":\"Viskas J\u016bs\u0173 \u0161uns, kat\u0117s prie\u017ei\u016brai\",\"potentialAction\":[{\"@type\":\"SearchAction\",\"target\":{\"@type\":\"EntryPoint\",\"urlTemplate\":\"https:\\\/\\\/anivet.lt\\\/elparduotuve\\\/?s={search_term_string}\"},\"query-input\":{\"@type\":\"PropertyValueSpecification\",\"valueRequired\":true,\"valueName\":\"search_term_string\"}}],\"inLanguage\":\"lt-LT\"},{\"@type\":\"Organization\",\"@id\":\"https:\\\/\\\/anivet.lt\\\/elparduotuve\\\/#organization\",\"name\":\"Viskas J\u016bs\u0173 \u0161uns, kat\u0117s prie\u017ei\u016brai\",\"url\":\"https:\\\/\\\/anivet.lt\\\/elparduotuve\\\/\",\"logo\":{\"@type\":\"ImageObject\",\"inLanguage\":\"lt-LT\",\"@id\":\"https:\\\/\\\/anivet.lt\\\/elparduotuve\\\/#\\\/schema\\\/logo\\\/image\\\/\",\"url\":\"https:\\\/\\\/anivet.lt\\\/elparduotuve\\\/wp-content\\\/uploads\\\/2023\\\/06\\\/logo2.jpg\",\"contentUrl\":\"https:\\\/\\\/anivet.lt\\\/elparduotuve\\\/wp-content\\\/uploads\\\/2023\\\/06\\\/logo2.jpg\",\"width\":655,\"height\":194,\"caption\":\"Viskas J\u016bs\u0173 \u0161uns, kat\u0117s prie\u017ei\u016brai\"},\"image\":{\"@id\":\"https:\\\/\\\/anivet.lt\\\/elparduotuve\\\/#\\\/schema\\\/logo\\\/image\\\/\"}}]}<\/script>\n<!-- \/ Yoast SEO Premium plugin. -->","yoast_head_json":{"title":"Vetilea hepato gel papildas sveikai kepen\u0173 funkcijai palaikyti 60ml - anivet.lt","description":"Pa\u0161aro papildas, skirtas palaikyti sveik\u0105 kepen\u0173 funkcij\u0105 tiek \u0161unims, tiek kat\u0117ms. \u0160is papildas praturtintas kruop\u0161\u010diai atrinktais ingredientais, kurie","robots":{"index":"index","follow":"follow","max-snippet":"max-snippet:-1","max-image-preview":"max-image-preview:large","max-video-preview":"max-video-preview:-1"},"canonical":"https:\/\/anivet.lt\/elparduotuve\/produktas\/vetilea-hepato-gel-papildas-sveikai-kepenu-funkcijai-palaikyti-60ml\/","og_locale":"lt_LT","og_type":"article","og_title":"Vetilea hepato gel papildas sveikai kepen\u0173 funkcijai palaikyti 60ml","og_description":"Pa\u0161aro papildas, skirtas palaikyti sveik\u0105 kepen\u0173 funkcij\u0105 tiek \u0161unims, tiek kat\u0117ms. \u0160is papildas praturtintas kruop\u0161\u010diai atrinktais ingredientais, kurie","og_url":"https:\/\/anivet.lt\/elparduotuve\/produktas\/vetilea-hepato-gel-papildas-sveikai-kepenu-funkcijai-palaikyti-60ml\/","og_site_name":"anivet.lt","article_modified_time":"2025-05-27T13:26:40+00:00","og_image":[{"width":600,"height":776,"url":"https:\/\/anivet.lt\/elparduotuve\/wp-content\/uploads\/2024\/04\/vetilea-hepato-gel-600x776-1.webp","type":"image\/webp"}],"twitter_card":"summary_large_image","twitter_misc":{"Est. reading time":"1 minut\u0117"},"schema":{"@context":"https:\/\/schema.org","@graph":[{"@type":"WebPage","@id":"https:\/\/anivet.lt\/elparduotuve\/produktas\/vetilea-hepato-gel-papildas-sveikai-kepenu-funkcijai-palaikyti-60ml\/","url":"https:\/\/anivet.lt\/elparduotuve\/produktas\/vetilea-hepato-gel-papildas-sveikai-kepenu-funkcijai-palaikyti-60ml\/","name":"Vetilea hepato gel papildas sveikai kepen\u0173 funkcijai palaikyti 60ml - anivet.lt","isPartOf":{"@id":"https:\/\/anivet.lt\/elparduotuve\/#website"},"primaryImageOfPage":{"@id":"https:\/\/anivet.lt\/elparduotuve\/produktas\/vetilea-hepato-gel-papildas-sveikai-kepenu-funkcijai-palaikyti-60ml\/#primaryimage"},"image":{"@id":"https:\/\/anivet.lt\/elparduotuve\/produktas\/vetilea-hepato-gel-papildas-sveikai-kepenu-funkcijai-palaikyti-60ml\/#primaryimage"},"thumbnailUrl":"https:\/\/anivet.lt\/elparduotuve\/wp-content\/uploads\/2024\/04\/vetilea-hepato-gel-600x776-1.webp","datePublished":"2024-04-16T09:44:15+00:00","dateModified":"2025-05-27T13:26:40+00:00","description":"Pa\u0161aro papildas, skirtas palaikyti sveik\u0105 kepen\u0173 funkcij\u0105 tiek \u0161unims, tiek kat\u0117ms. \u0160is papildas praturtintas kruop\u0161\u010diai atrinktais ingredientais, kurie","breadcrumb":{"@id":"https:\/\/anivet.lt\/elparduotuve\/produktas\/vetilea-hepato-gel-papildas-sveikai-kepenu-funkcijai-palaikyti-60ml\/#breadcrumb"},"inLanguage":"lt-LT","potentialAction":[{"@type":"ReadAction","target":["https:\/\/anivet.lt\/elparduotuve\/produktas\/vetilea-hepato-gel-papildas-sveikai-kepenu-funkcijai-palaikyti-60ml\/"]}]},{"@type":"ImageObject","inLanguage":"lt-LT","@id":"https:\/\/anivet.lt\/elparduotuve\/produktas\/vetilea-hepato-gel-papildas-sveikai-kepenu-funkcijai-palaikyti-60ml\/#primaryimage","url":"https:\/\/anivet.lt\/elparduotuve\/wp-content\/uploads\/2024\/04\/vetilea-hepato-gel-600x776-1.webp","contentUrl":"https:\/\/anivet.lt\/elparduotuve\/wp-content\/uploads\/2024\/04\/vetilea-hepato-gel-600x776-1.webp","width":600,"height":776,"caption":"Vetilea hepato gel papildas sveikai kepen\u0173 funkcijai palaikyti 60ml"},{"@type":"BreadcrumbList","@id":"https:\/\/anivet.lt\/elparduotuve\/produktas\/vetilea-hepato-gel-papildas-sveikai-kepenu-funkcijai-palaikyti-60ml\/#breadcrumb","itemListElement":[{"@type":"ListItem","position":1,"name":"Home","item":"https:\/\/anivet.lt\/elparduotuve\/"},{"@type":"ListItem","position":2,"name":"Produktai","item":"https:\/\/anivet.lt\/elparduotuve\/produktai\/"},{"@type":"ListItem","position":3,"name":"Vetilea hepato gel papildas sveikai kepen\u0173 funkcijai palaikyti 60ml"}]},{"@type":"WebSite","@id":"https:\/\/anivet.lt\/elparduotuve\/#website","url":"https:\/\/anivet.lt\/elparduotuve\/","name":"anivet.lt","description":"Viskas J\u016bs\u0173 \u0161uns, kat\u0117s prie\u017ei\u016brai","publisher":{"@id":"https:\/\/anivet.lt\/elparduotuve\/#organization"},"alternateName":"Viskas J\u016bs\u0173 \u0161uns, kat\u0117s prie\u017ei\u016brai","potentialAction":[{"@type":"SearchAction","target":{"@type":"EntryPoint","urlTemplate":"https:\/\/anivet.lt\/elparduotuve\/?s={search_term_string}"},"query-input":{"@type":"PropertyValueSpecification","valueRequired":true,"valueName":"search_term_string"}}],"inLanguage":"lt-LT"},{"@type":"Organization","@id":"https:\/\/anivet.lt\/elparduotuve\/#organization","name":"Viskas J\u016bs\u0173 \u0161uns, kat\u0117s prie\u017ei\u016brai","url":"https:\/\/anivet.lt\/elparduotuve\/","logo":{"@type":"ImageObject","inLanguage":"lt-LT","@id":"https:\/\/anivet.lt\/elparduotuve\/#\/schema\/logo\/image\/","url":"https:\/\/anivet.lt\/elparduotuve\/wp-content\/uploads\/2023\/06\/logo2.jpg","contentUrl":"https:\/\/anivet.lt\/elparduotuve\/wp-content\/uploads\/2023\/06\/logo2.jpg","width":655,"height":194,"caption":"Viskas J\u016bs\u0173 \u0161uns, kat\u0117s prie\u017ei\u016brai"},"image":{"@id":"https:\/\/anivet.lt\/elparduotuve\/#\/schema\/logo\/image\/"}}]}},"_links":{"self":[{"href":"https:\/\/anivet.lt\/elparduotuve\/wp-json\/wp\/v2\/product\/13636","targetHints":{"allow":["GET"]}}],"collection":[{"href":"https:\/\/anivet.lt\/elparduotuve\/wp-json\/wp\/v2\/product"}],"about":[{"href":"https:\/\/anivet.lt\/elparduotuve\/wp-json\/wp\/v2\/types\/product"}],"wp:featuredmedia":[{"embeddable":true,"href":"https:\/\/anivet.lt\/elparduotuve\/wp-json\/wp\/v2\/media\/13637"}],"wp:attachment":[{"href":"https:\/\/anivet.lt\/elparduotuve\/wp-json\/wp\/v2\/media?parent=13636"}],"wp:term":[{"taxonomy":"product_brand","embeddable":true,"href":"https:\/\/anivet.lt\/elparduotuve\/wp-json\/wp\/v2\/product_brand?post=13636"},{"taxonomy":"product_cat","embeddable":true,"href":"https:\/\/anivet.lt\/elparduotuve\/wp-json\/wp\/v2\/product_cat?post=13636"},{"taxonomy":"product_tag","embeddable":true,"href":"https:\/\/anivet.lt\/elparduotuve\/wp-json\/wp\/v2\/product_tag?post=13636"}],"curies":[{"name":"wp","href":"https:\/\/api.w.org\/{rel}","templated":true}]}}