{"id":13646,"date":"2024-04-22T08:08:32","date_gmt":"2024-04-22T08:08:32","guid":{"rendered":"https:\/\/anivet.lt\/elparduotuve\/?post_type=product&#038;p=13646"},"modified":"2026-02-18T14:27:20","modified_gmt":"2026-02-18T14:27:20","slug":"trixie-augintiniu-ismatu-maiseliai-kompostuojami-4x10-maiseliu","status":"publish","type":"product","link":"https:\/\/anivet.lt\/elparduotuve\/produktas\/trixie-augintiniu-ismatu-maiseliai-kompostuojami-4x10-maiseliu\/","title":{"rendered":"TRIXIE augintini\u0173 i\u0161mat\u0173 mai\u0161eliai kompostuojami 4\u00d710 mai\u0161eli\u0173"},"content":{"rendered":"<ul>\n<li style=\"font-weight: 400;\" aria-level=\"1\"><span style=\"font-weight: 400;\">Kompostuojami: Gali b\u016bti i\u0161metami \u012f komposto talpykl\u0105, nekenkia aplinkai.<\/span><\/li>\n<li style=\"font-weight: 400;\" aria-level=\"1\"><span style=\"font-weight: 400;\">Suma\u017eina tar\u0161\u0105: Pagaminti taip, kad ma\u017eint\u0173 neigiam\u0105 poveik\u012f gamtai.<\/span><\/li>\n<li style=\"font-weight: 400;\" aria-level=\"1\"><span style=\"font-weight: 400;\">Tvirti ir patvar\u016bs: U\u017etikrina saug\u0173 ir \u0161var\u0173 naudojim\u0105.<\/span><\/li>\n<li style=\"font-weight: 400;\" aria-level=\"1\"><span style=\"font-weight: 400;\">Patog\u016bs naudoti: Tinkamo dyd\u017eio, lengvai transportuojami.<\/span><\/li>\n<li style=\"font-weight: 400;\" aria-level=\"1\"><span style=\"font-weight: 400;\">Prakti\u0161ki kasdieniam naudojimui: Sukurti specialiai augintini\u0173 i\u0161matoms tvarkyti.<\/span><\/li>\n<\/ul>\n<p><span style=\"font-weight: 400;\">\u201eTRIXIE\u201d kompostuojami i\u0161mat\u0173 mai\u0161eliai yra idealus pasirinkimas tiems, kurie vertina \u0161var\u0105 ir r\u016bpinasi aplinka. Jie u\u017etikrina patog\u0173 naudojim\u0105, tvirtum\u0105 bei yra draugi\u0161ki gamtai, tod\u0117l padeda prisid\u0117ti prie tvarios gyvensenos.<\/span><\/p>\n","protected":false},"excerpt":{"rendered":"<p><span style=\"font-weight: 400;\">Patog\u016bs ir aplinkai draugi\u0161ki, augintini\u0173 i\u0161mat\u0173 mai\u0161eliai yra sukurti suma\u017einti aplinkos tar\u0161\u0105. Jie yra tvirti, patvar\u016bs ir pritaikyti patogiam naudojimui, tuo pa\u010diu saugant gamt\u0105.<\/span><\/p>\n","protected":false},"featured_media":13647,"template":"","meta":[],"product_brand":[],"product_cat":[101,102,108,119,312,310],"product_tag":[],"class_list":{"0":"post-13646","1":"product","2":"type-product","3":"status-publish","4":"has-post-thumbnail","6":"product_cat-sunims","7":"product_cat-katems","8":"product_cat-prieziuros-priemones","9":"product_cat-prieziuros-priemones-katems","10":"product_cat-kitos-priemones-prieziuros-priemones","11":"product_cat-kitos-priemones","12":"pa_prekinis-zenklas-trixie","14":"first","15":"instock","16":"taxable","17":"shipping-taxable","18":"purchasable","19":"product-type-simple"},"yoast_head":"<!-- This site is optimized with the Yoast SEO Premium plugin v27.1 (Yoast SEO v27.5) - https:\/\/yoast.com\/product\/yoast-seo-premium-wordpress\/ -->\n<title>TRIXIE augintini\u0173 i\u0161mat\u0173 mai\u0161eliai kompostuojami 4\u00d710 mai\u0161eli\u0173 - anivet.lt<\/title>\n<meta name=\"description\" content=\"Patog\u016bs ir aplinkai draugi\u0161ki, augintini\u0173 i\u0161mat\u0173 mai\u0161eliai yra sukurti suma\u017einti aplinkos tar\u0161\u0105. Jie yra tvirti, patvar\u016bs ir pritaikyti patogiam naudojimui, tuo pa\u010diu saugant gamt\u0105.\" \/>\n<meta name=\"robots\" content=\"index, follow, max-snippet:-1, max-image-preview:large, max-video-preview:-1\" \/>\n<link rel=\"canonical\" href=\"https:\/\/anivet.lt\/elparduotuve\/produktas\/trixie-augintiniu-ismatu-maiseliai-kompostuojami-4x10-maiseliu\/\" \/>\n<meta property=\"og:locale\" content=\"lt_LT\" \/>\n<meta property=\"og:type\" content=\"article\" \/>\n<meta property=\"og:title\" content=\"TRIXIE augintini\u0173 i\u0161mat\u0173 mai\u0161eliai kompostuojami 4\u00d710 mai\u0161eli\u0173\" \/>\n<meta property=\"og:description\" content=\"Patog\u016bs ir aplinkai draugi\u0161ki, augintini\u0173 i\u0161mat\u0173 mai\u0161eliai yra sukurti suma\u017einti aplinkos tar\u0161\u0105. Jie yra tvirti, patvar\u016bs ir pritaikyti patogiam naudojimui, tuo pa\u010diu saugant gamt\u0105.\" \/>\n<meta property=\"og:url\" content=\"https:\/\/anivet.lt\/elparduotuve\/produktas\/trixie-augintiniu-ismatu-maiseliai-kompostuojami-4x10-maiseliu\/\" \/>\n<meta property=\"og:site_name\" content=\"anivet.lt\" \/>\n<meta property=\"article:modified_time\" content=\"2026-02-18T14:27:20+00:00\" \/>\n<meta property=\"og:image\" content=\"https:\/\/anivet.lt\/elparduotuve\/wp-content\/uploads\/2024\/04\/TRIXIE-Sunu-ismatu-maiseliai-kompostuojami-4x10-maiseliu.jpg\" \/>\n\t<meta property=\"og:image:width\" content=\"566\" \/>\n\t<meta property=\"og:image:height\" content=\"1000\" \/>\n\t<meta property=\"og:image:type\" content=\"image\/jpeg\" \/>\n<meta name=\"twitter:card\" content=\"summary_large_image\" \/>\n<meta name=\"twitter:label1\" content=\"Est. reading time\" \/>\n\t<meta name=\"twitter:data1\" content=\"1 minut\u0117\" \/>\n<script type=\"application\/ld+json\" class=\"yoast-schema-graph\">{\"@context\":\"https:\\\/\\\/schema.org\",\"@graph\":[{\"@type\":\"WebPage\",\"@id\":\"https:\\\/\\\/anivet.lt\\\/elparduotuve\\\/produktas\\\/trixie-augintiniu-ismatu-maiseliai-kompostuojami-4x10-maiseliu\\\/\",\"url\":\"https:\\\/\\\/anivet.lt\\\/elparduotuve\\\/produktas\\\/trixie-augintiniu-ismatu-maiseliai-kompostuojami-4x10-maiseliu\\\/\",\"name\":\"TRIXIE augintini\u0173 i\u0161mat\u0173 mai\u0161eliai kompostuojami 4\u00d710 mai\u0161eli\u0173 - anivet.lt\",\"isPartOf\":{\"@id\":\"https:\\\/\\\/anivet.lt\\\/elparduotuve\\\/#website\"},\"primaryImageOfPage\":{\"@id\":\"https:\\\/\\\/anivet.lt\\\/elparduotuve\\\/produktas\\\/trixie-augintiniu-ismatu-maiseliai-kompostuojami-4x10-maiseliu\\\/#primaryimage\"},\"image\":{\"@id\":\"https:\\\/\\\/anivet.lt\\\/elparduotuve\\\/produktas\\\/trixie-augintiniu-ismatu-maiseliai-kompostuojami-4x10-maiseliu\\\/#primaryimage\"},\"thumbnailUrl\":\"https:\\\/\\\/anivet.lt\\\/elparduotuve\\\/wp-content\\\/uploads\\\/2024\\\/04\\\/TRIXIE-Sunu-ismatu-maiseliai-kompostuojami-4x10-maiseliu.jpg\",\"datePublished\":\"2024-04-22T08:08:32+00:00\",\"dateModified\":\"2026-02-18T14:27:20+00:00\",\"description\":\"Patog\u016bs ir aplinkai draugi\u0161ki, augintini\u0173 i\u0161mat\u0173 mai\u0161eliai yra sukurti suma\u017einti aplinkos tar\u0161\u0105. Jie yra tvirti, patvar\u016bs ir pritaikyti patogiam naudojimui, tuo pa\u010diu saugant gamt\u0105.\",\"breadcrumb\":{\"@id\":\"https:\\\/\\\/anivet.lt\\\/elparduotuve\\\/produktas\\\/trixie-augintiniu-ismatu-maiseliai-kompostuojami-4x10-maiseliu\\\/#breadcrumb\"},\"inLanguage\":\"lt-LT\",\"potentialAction\":[{\"@type\":\"ReadAction\",\"target\":[\"https:\\\/\\\/anivet.lt\\\/elparduotuve\\\/produktas\\\/trixie-augintiniu-ismatu-maiseliai-kompostuojami-4x10-maiseliu\\\/\"]}]},{\"@type\":\"ImageObject\",\"inLanguage\":\"lt-LT\",\"@id\":\"https:\\\/\\\/anivet.lt\\\/elparduotuve\\\/produktas\\\/trixie-augintiniu-ismatu-maiseliai-kompostuojami-4x10-maiseliu\\\/#primaryimage\",\"url\":\"https:\\\/\\\/anivet.lt\\\/elparduotuve\\\/wp-content\\\/uploads\\\/2024\\\/04\\\/TRIXIE-Sunu-ismatu-maiseliai-kompostuojami-4x10-maiseliu.jpg\",\"contentUrl\":\"https:\\\/\\\/anivet.lt\\\/elparduotuve\\\/wp-content\\\/uploads\\\/2024\\\/04\\\/TRIXIE-Sunu-ismatu-maiseliai-kompostuojami-4x10-maiseliu.jpg\",\"width\":566,\"height\":1000,\"caption\":\"TRIXIE augintini\u0173 i\u0161mat\u0173 mai\u0161eliai kompostuojami 4\u00d710 mai\u0161eli\u0173\"},{\"@type\":\"BreadcrumbList\",\"@id\":\"https:\\\/\\\/anivet.lt\\\/elparduotuve\\\/produktas\\\/trixie-augintiniu-ismatu-maiseliai-kompostuojami-4x10-maiseliu\\\/#breadcrumb\",\"itemListElement\":[{\"@type\":\"ListItem\",\"position\":1,\"name\":\"Home\",\"item\":\"https:\\\/\\\/anivet.lt\\\/elparduotuve\\\/\"},{\"@type\":\"ListItem\",\"position\":2,\"name\":\"Produktai\",\"item\":\"https:\\\/\\\/anivet.lt\\\/elparduotuve\\\/produktai\\\/\"},{\"@type\":\"ListItem\",\"position\":3,\"name\":\"TRIXIE augintini\u0173 i\u0161mat\u0173 mai\u0161eliai kompostuojami 4\u00d710 mai\u0161eli\u0173\"}]},{\"@type\":\"WebSite\",\"@id\":\"https:\\\/\\\/anivet.lt\\\/elparduotuve\\\/#website\",\"url\":\"https:\\\/\\\/anivet.lt\\\/elparduotuve\\\/\",\"name\":\"anivet.lt\",\"description\":\"Viskas J\u016bs\u0173 \u0161uns, kat\u0117s prie\u017ei\u016brai\",\"publisher\":{\"@id\":\"https:\\\/\\\/anivet.lt\\\/elparduotuve\\\/#organization\"},\"alternateName\":\"Viskas J\u016bs\u0173 \u0161uns, kat\u0117s prie\u017ei\u016brai\",\"potentialAction\":[{\"@type\":\"SearchAction\",\"target\":{\"@type\":\"EntryPoint\",\"urlTemplate\":\"https:\\\/\\\/anivet.lt\\\/elparduotuve\\\/?s={search_term_string}\"},\"query-input\":{\"@type\":\"PropertyValueSpecification\",\"valueRequired\":true,\"valueName\":\"search_term_string\"}}],\"inLanguage\":\"lt-LT\"},{\"@type\":\"Organization\",\"@id\":\"https:\\\/\\\/anivet.lt\\\/elparduotuve\\\/#organization\",\"name\":\"Viskas J\u016bs\u0173 \u0161uns, kat\u0117s prie\u017ei\u016brai\",\"url\":\"https:\\\/\\\/anivet.lt\\\/elparduotuve\\\/\",\"logo\":{\"@type\":\"ImageObject\",\"inLanguage\":\"lt-LT\",\"@id\":\"https:\\\/\\\/anivet.lt\\\/elparduotuve\\\/#\\\/schema\\\/logo\\\/image\\\/\",\"url\":\"https:\\\/\\\/anivet.lt\\\/elparduotuve\\\/wp-content\\\/uploads\\\/2023\\\/06\\\/logo2.jpg\",\"contentUrl\":\"https:\\\/\\\/anivet.lt\\\/elparduotuve\\\/wp-content\\\/uploads\\\/2023\\\/06\\\/logo2.jpg\",\"width\":655,\"height\":194,\"caption\":\"Viskas J\u016bs\u0173 \u0161uns, kat\u0117s prie\u017ei\u016brai\"},\"image\":{\"@id\":\"https:\\\/\\\/anivet.lt\\\/elparduotuve\\\/#\\\/schema\\\/logo\\\/image\\\/\"}}]}<\/script>\n<!-- \/ Yoast SEO Premium plugin. -->","yoast_head_json":{"title":"TRIXIE augintini\u0173 i\u0161mat\u0173 mai\u0161eliai kompostuojami 4\u00d710 mai\u0161eli\u0173 - anivet.lt","description":"Patog\u016bs ir aplinkai draugi\u0161ki, augintini\u0173 i\u0161mat\u0173 mai\u0161eliai yra sukurti suma\u017einti aplinkos tar\u0161\u0105. Jie yra tvirti, patvar\u016bs ir pritaikyti patogiam naudojimui, tuo pa\u010diu saugant gamt\u0105.","robots":{"index":"index","follow":"follow","max-snippet":"max-snippet:-1","max-image-preview":"max-image-preview:large","max-video-preview":"max-video-preview:-1"},"canonical":"https:\/\/anivet.lt\/elparduotuve\/produktas\/trixie-augintiniu-ismatu-maiseliai-kompostuojami-4x10-maiseliu\/","og_locale":"lt_LT","og_type":"article","og_title":"TRIXIE augintini\u0173 i\u0161mat\u0173 mai\u0161eliai kompostuojami 4\u00d710 mai\u0161eli\u0173","og_description":"Patog\u016bs ir aplinkai draugi\u0161ki, augintini\u0173 i\u0161mat\u0173 mai\u0161eliai yra sukurti suma\u017einti aplinkos tar\u0161\u0105. Jie yra tvirti, patvar\u016bs ir pritaikyti patogiam naudojimui, tuo pa\u010diu saugant gamt\u0105.","og_url":"https:\/\/anivet.lt\/elparduotuve\/produktas\/trixie-augintiniu-ismatu-maiseliai-kompostuojami-4x10-maiseliu\/","og_site_name":"anivet.lt","article_modified_time":"2026-02-18T14:27:20+00:00","og_image":[{"width":566,"height":1000,"url":"https:\/\/anivet.lt\/elparduotuve\/wp-content\/uploads\/2024\/04\/TRIXIE-Sunu-ismatu-maiseliai-kompostuojami-4x10-maiseliu.jpg","type":"image\/jpeg"}],"twitter_card":"summary_large_image","twitter_misc":{"Est. reading time":"1 minut\u0117"},"schema":{"@context":"https:\/\/schema.org","@graph":[{"@type":"WebPage","@id":"https:\/\/anivet.lt\/elparduotuve\/produktas\/trixie-augintiniu-ismatu-maiseliai-kompostuojami-4x10-maiseliu\/","url":"https:\/\/anivet.lt\/elparduotuve\/produktas\/trixie-augintiniu-ismatu-maiseliai-kompostuojami-4x10-maiseliu\/","name":"TRIXIE augintini\u0173 i\u0161mat\u0173 mai\u0161eliai kompostuojami 4\u00d710 mai\u0161eli\u0173 - anivet.lt","isPartOf":{"@id":"https:\/\/anivet.lt\/elparduotuve\/#website"},"primaryImageOfPage":{"@id":"https:\/\/anivet.lt\/elparduotuve\/produktas\/trixie-augintiniu-ismatu-maiseliai-kompostuojami-4x10-maiseliu\/#primaryimage"},"image":{"@id":"https:\/\/anivet.lt\/elparduotuve\/produktas\/trixie-augintiniu-ismatu-maiseliai-kompostuojami-4x10-maiseliu\/#primaryimage"},"thumbnailUrl":"https:\/\/anivet.lt\/elparduotuve\/wp-content\/uploads\/2024\/04\/TRIXIE-Sunu-ismatu-maiseliai-kompostuojami-4x10-maiseliu.jpg","datePublished":"2024-04-22T08:08:32+00:00","dateModified":"2026-02-18T14:27:20+00:00","description":"Patog\u016bs ir aplinkai draugi\u0161ki, augintini\u0173 i\u0161mat\u0173 mai\u0161eliai yra sukurti suma\u017einti aplinkos tar\u0161\u0105. Jie yra tvirti, patvar\u016bs ir pritaikyti patogiam naudojimui, tuo pa\u010diu saugant gamt\u0105.","breadcrumb":{"@id":"https:\/\/anivet.lt\/elparduotuve\/produktas\/trixie-augintiniu-ismatu-maiseliai-kompostuojami-4x10-maiseliu\/#breadcrumb"},"inLanguage":"lt-LT","potentialAction":[{"@type":"ReadAction","target":["https:\/\/anivet.lt\/elparduotuve\/produktas\/trixie-augintiniu-ismatu-maiseliai-kompostuojami-4x10-maiseliu\/"]}]},{"@type":"ImageObject","inLanguage":"lt-LT","@id":"https:\/\/anivet.lt\/elparduotuve\/produktas\/trixie-augintiniu-ismatu-maiseliai-kompostuojami-4x10-maiseliu\/#primaryimage","url":"https:\/\/anivet.lt\/elparduotuve\/wp-content\/uploads\/2024\/04\/TRIXIE-Sunu-ismatu-maiseliai-kompostuojami-4x10-maiseliu.jpg","contentUrl":"https:\/\/anivet.lt\/elparduotuve\/wp-content\/uploads\/2024\/04\/TRIXIE-Sunu-ismatu-maiseliai-kompostuojami-4x10-maiseliu.jpg","width":566,"height":1000,"caption":"TRIXIE augintini\u0173 i\u0161mat\u0173 mai\u0161eliai kompostuojami 4\u00d710 mai\u0161eli\u0173"},{"@type":"BreadcrumbList","@id":"https:\/\/anivet.lt\/elparduotuve\/produktas\/trixie-augintiniu-ismatu-maiseliai-kompostuojami-4x10-maiseliu\/#breadcrumb","itemListElement":[{"@type":"ListItem","position":1,"name":"Home","item":"https:\/\/anivet.lt\/elparduotuve\/"},{"@type":"ListItem","position":2,"name":"Produktai","item":"https:\/\/anivet.lt\/elparduotuve\/produktai\/"},{"@type":"ListItem","position":3,"name":"TRIXIE augintini\u0173 i\u0161mat\u0173 mai\u0161eliai kompostuojami 4\u00d710 mai\u0161eli\u0173"}]},{"@type":"WebSite","@id":"https:\/\/anivet.lt\/elparduotuve\/#website","url":"https:\/\/anivet.lt\/elparduotuve\/","name":"anivet.lt","description":"Viskas J\u016bs\u0173 \u0161uns, kat\u0117s prie\u017ei\u016brai","publisher":{"@id":"https:\/\/anivet.lt\/elparduotuve\/#organization"},"alternateName":"Viskas J\u016bs\u0173 \u0161uns, kat\u0117s prie\u017ei\u016brai","potentialAction":[{"@type":"SearchAction","target":{"@type":"EntryPoint","urlTemplate":"https:\/\/anivet.lt\/elparduotuve\/?s={search_term_string}"},"query-input":{"@type":"PropertyValueSpecification","valueRequired":true,"valueName":"search_term_string"}}],"inLanguage":"lt-LT"},{"@type":"Organization","@id":"https:\/\/anivet.lt\/elparduotuve\/#organization","name":"Viskas J\u016bs\u0173 \u0161uns, kat\u0117s prie\u017ei\u016brai","url":"https:\/\/anivet.lt\/elparduotuve\/","logo":{"@type":"ImageObject","inLanguage":"lt-LT","@id":"https:\/\/anivet.lt\/elparduotuve\/#\/schema\/logo\/image\/","url":"https:\/\/anivet.lt\/elparduotuve\/wp-content\/uploads\/2023\/06\/logo2.jpg","contentUrl":"https:\/\/anivet.lt\/elparduotuve\/wp-content\/uploads\/2023\/06\/logo2.jpg","width":655,"height":194,"caption":"Viskas J\u016bs\u0173 \u0161uns, kat\u0117s prie\u017ei\u016brai"},"image":{"@id":"https:\/\/anivet.lt\/elparduotuve\/#\/schema\/logo\/image\/"}}]}},"_links":{"self":[{"href":"https:\/\/anivet.lt\/elparduotuve\/wp-json\/wp\/v2\/product\/13646","targetHints":{"allow":["GET"]}}],"collection":[{"href":"https:\/\/anivet.lt\/elparduotuve\/wp-json\/wp\/v2\/product"}],"about":[{"href":"https:\/\/anivet.lt\/elparduotuve\/wp-json\/wp\/v2\/types\/product"}],"wp:featuredmedia":[{"embeddable":true,"href":"https:\/\/anivet.lt\/elparduotuve\/wp-json\/wp\/v2\/media\/13647"}],"wp:attachment":[{"href":"https:\/\/anivet.lt\/elparduotuve\/wp-json\/wp\/v2\/media?parent=13646"}],"wp:term":[{"taxonomy":"product_brand","embeddable":true,"href":"https:\/\/anivet.lt\/elparduotuve\/wp-json\/wp\/v2\/product_brand?post=13646"},{"taxonomy":"product_cat","embeddable":true,"href":"https:\/\/anivet.lt\/elparduotuve\/wp-json\/wp\/v2\/product_cat?post=13646"},{"taxonomy":"product_tag","embeddable":true,"href":"https:\/\/anivet.lt\/elparduotuve\/wp-json\/wp\/v2\/product_tag?post=13646"}],"curies":[{"name":"wp","href":"https:\/\/api.w.org\/{rel}","templated":true}]}}