{"id":13648,"date":"2024-04-22T08:15:18","date_gmt":"2024-04-22T08:15:18","guid":{"rendered":"https:\/\/anivet.lt\/elparduotuve\/?post_type=product&#038;p=13648"},"modified":"2025-05-27T13:26:41","modified_gmt":"2025-05-27T13:26:41","slug":"trixie-ismatu-maiseliai-levandu-kvapo-4x20","status":"publish","type":"product","link":"https:\/\/anivet.lt\/elparduotuve\/produktas\/trixie-ismatu-maiseliai-levandu-kvapo-4x20\/","title":{"rendered":"Trixie i\u0161mat\u0173 mai\u0161eliai levand\u0173 kvapo 4&#215;20"},"content":{"rendered":"<ul>\n<li style=\"font-weight: 400;\" aria-level=\"1\"><span style=\"font-weight: 400;\">Malonus levand\u0173 kvapas: Neutralizuoja nemalonius kvapus.<\/span><\/li>\n<li style=\"font-weight: 400;\" aria-level=\"1\"><span style=\"font-weight: 400;\">Universalus dydis: Tinka \u012fvairi\u0173 dyd\u017ei\u0173 laikikliams.<\/span><\/li>\n<li style=\"font-weight: 400;\" aria-level=\"1\"><span style=\"font-weight: 400;\">Tvirtos med\u017eiagos: Patikimi naudojimui be prakiurimo.<\/span><\/li>\n<li style=\"font-weight: 400;\" aria-level=\"1\"><span style=\"font-weight: 400;\">Kompakti\u0161ka pakuot\u0117: Lengvai ne\u0161iojami.<\/span><\/li>\n<li style=\"font-weight: 400;\" aria-level=\"1\"><span style=\"font-weight: 400;\">Ekologi\u0161kesnis sprendimas: Lengvas ir saugus atliek\u0173 tvarkymas.<\/span><\/li>\n<\/ul>\n<p><span style=\"font-weight: 400;\">\u0160ie mai\u0161eliai su levand\u0173 kvapu ne tik veiksmingai suma\u017eina nemalon\u0173 kvap\u0105, bet ir yra itin patog\u016bs naudoti. \u201eTRIXIE\u201d r\u016bpinasi j\u016bs\u0173 patogumu ir aplinkos \u0161vara, tod\u0117l \u0161is pasirinkimas puikiai atitiks kasdienius poreikius.<\/span><\/p>\n","protected":false},"excerpt":{"rendered":"<p><span style=\"font-weight: 400;\">\u0160ie levand\u0173 kvapo i\u0161mat\u0173 mai\u0161eliai \u2013 tai higieni\u0161kas ir patogus pasirinkimas \u0161un\u0173 augintojams, siekiantiems u\u017etikrinti \u0161var\u0105 pasivaik\u0161\u010diojim\u0173 metu.<\/span><\/p>\n","protected":false},"featured_media":13649,"template":"","meta":[],"product_brand":[],"product_cat":[101,102,108,119,312,310],"product_tag":[],"class_list":{"0":"post-13648","1":"product","2":"type-product","3":"status-publish","4":"has-post-thumbnail","6":"product_cat-sunims","7":"product_cat-katems","8":"product_cat-prieziuros-priemones","9":"product_cat-prieziuros-priemones-katems","10":"product_cat-kitos-priemones-prieziuros-priemones","11":"product_cat-kitos-priemones","12":"pa_prekinis-zenklas-trixie","14":"first","15":"instock","16":"taxable","17":"shipping-taxable","18":"purchasable","19":"product-type-simple"},"yoast_head":"<!-- This site is optimized with the Yoast SEO Premium plugin v27.1 (Yoast SEO v27.5) - https:\/\/yoast.com\/product\/yoast-seo-premium-wordpress\/ -->\n<title>Trixie i\u0161mat\u0173 mai\u0161eliai levand\u0173 kvapo 4x20 - anivet.lt<\/title>\n<meta name=\"description\" content=\"\u0160ie levand\u0173 kvapo i\u0161mat\u0173 mai\u0161eliai \u2013 tai higieni\u0161kas ir patogus pasirinkimas \u0161un\u0173 augintojams, siekiantiems u\u017etikrinti \u0161var\u0105 pasivaik\u0161\u010diojim\u0173 metu.\" \/>\n<meta name=\"robots\" content=\"index, follow, max-snippet:-1, max-image-preview:large, max-video-preview:-1\" \/>\n<link rel=\"canonical\" href=\"https:\/\/anivet.lt\/elparduotuve\/produktas\/trixie-ismatu-maiseliai-levandu-kvapo-4x20\/\" \/>\n<meta property=\"og:locale\" content=\"lt_LT\" \/>\n<meta property=\"og:type\" content=\"article\" \/>\n<meta property=\"og:title\" content=\"Trixie i\u0161mat\u0173 mai\u0161eliai levand\u0173 kvapo 4x20\" \/>\n<meta property=\"og:description\" content=\"\u0160ie levand\u0173 kvapo i\u0161mat\u0173 mai\u0161eliai \u2013 tai higieni\u0161kas ir patogus pasirinkimas \u0161un\u0173 augintojams, siekiantiems u\u017etikrinti \u0161var\u0105 pasivaik\u0161\u010diojim\u0173 metu.\" \/>\n<meta property=\"og:url\" content=\"https:\/\/anivet.lt\/elparduotuve\/produktas\/trixie-ismatu-maiseliai-levandu-kvapo-4x20\/\" \/>\n<meta property=\"og:site_name\" content=\"anivet.lt\" \/>\n<meta property=\"article:modified_time\" content=\"2025-05-27T13:26:41+00:00\" \/>\n<meta property=\"og:image\" content=\"https:\/\/anivet.lt\/elparduotuve\/wp-content\/uploads\/2024\/04\/trixie-ismatu-maiseliai-su-levandu-kvapu-sunims.jpg\" \/>\n\t<meta property=\"og:image:width\" content=\"555\" \/>\n\t<meta property=\"og:image:height\" content=\"617\" \/>\n\t<meta property=\"og:image:type\" content=\"image\/jpeg\" \/>\n<meta name=\"twitter:card\" content=\"summary_large_image\" \/>\n<meta name=\"twitter:label1\" content=\"Est. reading time\" \/>\n\t<meta name=\"twitter:data1\" content=\"1 minut\u0117\" \/>\n<script type=\"application\/ld+json\" class=\"yoast-schema-graph\">{\"@context\":\"https:\\\/\\\/schema.org\",\"@graph\":[{\"@type\":\"WebPage\",\"@id\":\"https:\\\/\\\/anivet.lt\\\/elparduotuve\\\/produktas\\\/trixie-ismatu-maiseliai-levandu-kvapo-4x20\\\/\",\"url\":\"https:\\\/\\\/anivet.lt\\\/elparduotuve\\\/produktas\\\/trixie-ismatu-maiseliai-levandu-kvapo-4x20\\\/\",\"name\":\"Trixie i\u0161mat\u0173 mai\u0161eliai levand\u0173 kvapo 4x20 - anivet.lt\",\"isPartOf\":{\"@id\":\"https:\\\/\\\/anivet.lt\\\/elparduotuve\\\/#website\"},\"primaryImageOfPage\":{\"@id\":\"https:\\\/\\\/anivet.lt\\\/elparduotuve\\\/produktas\\\/trixie-ismatu-maiseliai-levandu-kvapo-4x20\\\/#primaryimage\"},\"image\":{\"@id\":\"https:\\\/\\\/anivet.lt\\\/elparduotuve\\\/produktas\\\/trixie-ismatu-maiseliai-levandu-kvapo-4x20\\\/#primaryimage\"},\"thumbnailUrl\":\"https:\\\/\\\/anivet.lt\\\/elparduotuve\\\/wp-content\\\/uploads\\\/2024\\\/04\\\/trixie-ismatu-maiseliai-su-levandu-kvapu-sunims.jpg\",\"datePublished\":\"2024-04-22T08:15:18+00:00\",\"dateModified\":\"2025-05-27T13:26:41+00:00\",\"description\":\"\u0160ie levand\u0173 kvapo i\u0161mat\u0173 mai\u0161eliai \u2013 tai higieni\u0161kas ir patogus pasirinkimas \u0161un\u0173 augintojams, siekiantiems u\u017etikrinti \u0161var\u0105 pasivaik\u0161\u010diojim\u0173 metu.\",\"breadcrumb\":{\"@id\":\"https:\\\/\\\/anivet.lt\\\/elparduotuve\\\/produktas\\\/trixie-ismatu-maiseliai-levandu-kvapo-4x20\\\/#breadcrumb\"},\"inLanguage\":\"lt-LT\",\"potentialAction\":[{\"@type\":\"ReadAction\",\"target\":[\"https:\\\/\\\/anivet.lt\\\/elparduotuve\\\/produktas\\\/trixie-ismatu-maiseliai-levandu-kvapo-4x20\\\/\"]}]},{\"@type\":\"ImageObject\",\"inLanguage\":\"lt-LT\",\"@id\":\"https:\\\/\\\/anivet.lt\\\/elparduotuve\\\/produktas\\\/trixie-ismatu-maiseliai-levandu-kvapo-4x20\\\/#primaryimage\",\"url\":\"https:\\\/\\\/anivet.lt\\\/elparduotuve\\\/wp-content\\\/uploads\\\/2024\\\/04\\\/trixie-ismatu-maiseliai-su-levandu-kvapu-sunims.jpg\",\"contentUrl\":\"https:\\\/\\\/anivet.lt\\\/elparduotuve\\\/wp-content\\\/uploads\\\/2024\\\/04\\\/trixie-ismatu-maiseliai-su-levandu-kvapu-sunims.jpg\",\"width\":555,\"height\":617,\"caption\":\"Trixie i\u0161mat\u0173 mai\u0161eliai levand\u0173 kvapo 4x20\"},{\"@type\":\"BreadcrumbList\",\"@id\":\"https:\\\/\\\/anivet.lt\\\/elparduotuve\\\/produktas\\\/trixie-ismatu-maiseliai-levandu-kvapo-4x20\\\/#breadcrumb\",\"itemListElement\":[{\"@type\":\"ListItem\",\"position\":1,\"name\":\"Home\",\"item\":\"https:\\\/\\\/anivet.lt\\\/elparduotuve\\\/\"},{\"@type\":\"ListItem\",\"position\":2,\"name\":\"Produktai\",\"item\":\"https:\\\/\\\/anivet.lt\\\/elparduotuve\\\/produktai\\\/\"},{\"@type\":\"ListItem\",\"position\":3,\"name\":\"Trixie i\u0161mat\u0173 mai\u0161eliai levand\u0173 kvapo 4&#215;20\"}]},{\"@type\":\"WebSite\",\"@id\":\"https:\\\/\\\/anivet.lt\\\/elparduotuve\\\/#website\",\"url\":\"https:\\\/\\\/anivet.lt\\\/elparduotuve\\\/\",\"name\":\"anivet.lt\",\"description\":\"Viskas J\u016bs\u0173 \u0161uns, kat\u0117s prie\u017ei\u016brai\",\"publisher\":{\"@id\":\"https:\\\/\\\/anivet.lt\\\/elparduotuve\\\/#organization\"},\"alternateName\":\"Viskas J\u016bs\u0173 \u0161uns, kat\u0117s prie\u017ei\u016brai\",\"potentialAction\":[{\"@type\":\"SearchAction\",\"target\":{\"@type\":\"EntryPoint\",\"urlTemplate\":\"https:\\\/\\\/anivet.lt\\\/elparduotuve\\\/?s={search_term_string}\"},\"query-input\":{\"@type\":\"PropertyValueSpecification\",\"valueRequired\":true,\"valueName\":\"search_term_string\"}}],\"inLanguage\":\"lt-LT\"},{\"@type\":\"Organization\",\"@id\":\"https:\\\/\\\/anivet.lt\\\/elparduotuve\\\/#organization\",\"name\":\"Viskas J\u016bs\u0173 \u0161uns, kat\u0117s prie\u017ei\u016brai\",\"url\":\"https:\\\/\\\/anivet.lt\\\/elparduotuve\\\/\",\"logo\":{\"@type\":\"ImageObject\",\"inLanguage\":\"lt-LT\",\"@id\":\"https:\\\/\\\/anivet.lt\\\/elparduotuve\\\/#\\\/schema\\\/logo\\\/image\\\/\",\"url\":\"https:\\\/\\\/anivet.lt\\\/elparduotuve\\\/wp-content\\\/uploads\\\/2023\\\/06\\\/logo2.jpg\",\"contentUrl\":\"https:\\\/\\\/anivet.lt\\\/elparduotuve\\\/wp-content\\\/uploads\\\/2023\\\/06\\\/logo2.jpg\",\"width\":655,\"height\":194,\"caption\":\"Viskas J\u016bs\u0173 \u0161uns, kat\u0117s prie\u017ei\u016brai\"},\"image\":{\"@id\":\"https:\\\/\\\/anivet.lt\\\/elparduotuve\\\/#\\\/schema\\\/logo\\\/image\\\/\"}}]}<\/script>\n<!-- \/ Yoast SEO Premium plugin. -->","yoast_head_json":{"title":"Trixie i\u0161mat\u0173 mai\u0161eliai levand\u0173 kvapo 4x20 - anivet.lt","description":"\u0160ie levand\u0173 kvapo i\u0161mat\u0173 mai\u0161eliai \u2013 tai higieni\u0161kas ir patogus pasirinkimas \u0161un\u0173 augintojams, siekiantiems u\u017etikrinti \u0161var\u0105 pasivaik\u0161\u010diojim\u0173 metu.","robots":{"index":"index","follow":"follow","max-snippet":"max-snippet:-1","max-image-preview":"max-image-preview:large","max-video-preview":"max-video-preview:-1"},"canonical":"https:\/\/anivet.lt\/elparduotuve\/produktas\/trixie-ismatu-maiseliai-levandu-kvapo-4x20\/","og_locale":"lt_LT","og_type":"article","og_title":"Trixie i\u0161mat\u0173 mai\u0161eliai levand\u0173 kvapo 4x20","og_description":"\u0160ie levand\u0173 kvapo i\u0161mat\u0173 mai\u0161eliai \u2013 tai higieni\u0161kas ir patogus pasirinkimas \u0161un\u0173 augintojams, siekiantiems u\u017etikrinti \u0161var\u0105 pasivaik\u0161\u010diojim\u0173 metu.","og_url":"https:\/\/anivet.lt\/elparduotuve\/produktas\/trixie-ismatu-maiseliai-levandu-kvapo-4x20\/","og_site_name":"anivet.lt","article_modified_time":"2025-05-27T13:26:41+00:00","og_image":[{"width":555,"height":617,"url":"https:\/\/anivet.lt\/elparduotuve\/wp-content\/uploads\/2024\/04\/trixie-ismatu-maiseliai-su-levandu-kvapu-sunims.jpg","type":"image\/jpeg"}],"twitter_card":"summary_large_image","twitter_misc":{"Est. reading time":"1 minut\u0117"},"schema":{"@context":"https:\/\/schema.org","@graph":[{"@type":"WebPage","@id":"https:\/\/anivet.lt\/elparduotuve\/produktas\/trixie-ismatu-maiseliai-levandu-kvapo-4x20\/","url":"https:\/\/anivet.lt\/elparduotuve\/produktas\/trixie-ismatu-maiseliai-levandu-kvapo-4x20\/","name":"Trixie i\u0161mat\u0173 mai\u0161eliai levand\u0173 kvapo 4x20 - anivet.lt","isPartOf":{"@id":"https:\/\/anivet.lt\/elparduotuve\/#website"},"primaryImageOfPage":{"@id":"https:\/\/anivet.lt\/elparduotuve\/produktas\/trixie-ismatu-maiseliai-levandu-kvapo-4x20\/#primaryimage"},"image":{"@id":"https:\/\/anivet.lt\/elparduotuve\/produktas\/trixie-ismatu-maiseliai-levandu-kvapo-4x20\/#primaryimage"},"thumbnailUrl":"https:\/\/anivet.lt\/elparduotuve\/wp-content\/uploads\/2024\/04\/trixie-ismatu-maiseliai-su-levandu-kvapu-sunims.jpg","datePublished":"2024-04-22T08:15:18+00:00","dateModified":"2025-05-27T13:26:41+00:00","description":"\u0160ie levand\u0173 kvapo i\u0161mat\u0173 mai\u0161eliai \u2013 tai higieni\u0161kas ir patogus pasirinkimas \u0161un\u0173 augintojams, siekiantiems u\u017etikrinti \u0161var\u0105 pasivaik\u0161\u010diojim\u0173 metu.","breadcrumb":{"@id":"https:\/\/anivet.lt\/elparduotuve\/produktas\/trixie-ismatu-maiseliai-levandu-kvapo-4x20\/#breadcrumb"},"inLanguage":"lt-LT","potentialAction":[{"@type":"ReadAction","target":["https:\/\/anivet.lt\/elparduotuve\/produktas\/trixie-ismatu-maiseliai-levandu-kvapo-4x20\/"]}]},{"@type":"ImageObject","inLanguage":"lt-LT","@id":"https:\/\/anivet.lt\/elparduotuve\/produktas\/trixie-ismatu-maiseliai-levandu-kvapo-4x20\/#primaryimage","url":"https:\/\/anivet.lt\/elparduotuve\/wp-content\/uploads\/2024\/04\/trixie-ismatu-maiseliai-su-levandu-kvapu-sunims.jpg","contentUrl":"https:\/\/anivet.lt\/elparduotuve\/wp-content\/uploads\/2024\/04\/trixie-ismatu-maiseliai-su-levandu-kvapu-sunims.jpg","width":555,"height":617,"caption":"Trixie i\u0161mat\u0173 mai\u0161eliai levand\u0173 kvapo 4x20"},{"@type":"BreadcrumbList","@id":"https:\/\/anivet.lt\/elparduotuve\/produktas\/trixie-ismatu-maiseliai-levandu-kvapo-4x20\/#breadcrumb","itemListElement":[{"@type":"ListItem","position":1,"name":"Home","item":"https:\/\/anivet.lt\/elparduotuve\/"},{"@type":"ListItem","position":2,"name":"Produktai","item":"https:\/\/anivet.lt\/elparduotuve\/produktai\/"},{"@type":"ListItem","position":3,"name":"Trixie i\u0161mat\u0173 mai\u0161eliai levand\u0173 kvapo 4&#215;20"}]},{"@type":"WebSite","@id":"https:\/\/anivet.lt\/elparduotuve\/#website","url":"https:\/\/anivet.lt\/elparduotuve\/","name":"anivet.lt","description":"Viskas J\u016bs\u0173 \u0161uns, kat\u0117s prie\u017ei\u016brai","publisher":{"@id":"https:\/\/anivet.lt\/elparduotuve\/#organization"},"alternateName":"Viskas J\u016bs\u0173 \u0161uns, kat\u0117s prie\u017ei\u016brai","potentialAction":[{"@type":"SearchAction","target":{"@type":"EntryPoint","urlTemplate":"https:\/\/anivet.lt\/elparduotuve\/?s={search_term_string}"},"query-input":{"@type":"PropertyValueSpecification","valueRequired":true,"valueName":"search_term_string"}}],"inLanguage":"lt-LT"},{"@type":"Organization","@id":"https:\/\/anivet.lt\/elparduotuve\/#organization","name":"Viskas J\u016bs\u0173 \u0161uns, kat\u0117s prie\u017ei\u016brai","url":"https:\/\/anivet.lt\/elparduotuve\/","logo":{"@type":"ImageObject","inLanguage":"lt-LT","@id":"https:\/\/anivet.lt\/elparduotuve\/#\/schema\/logo\/image\/","url":"https:\/\/anivet.lt\/elparduotuve\/wp-content\/uploads\/2023\/06\/logo2.jpg","contentUrl":"https:\/\/anivet.lt\/elparduotuve\/wp-content\/uploads\/2023\/06\/logo2.jpg","width":655,"height":194,"caption":"Viskas J\u016bs\u0173 \u0161uns, kat\u0117s prie\u017ei\u016brai"},"image":{"@id":"https:\/\/anivet.lt\/elparduotuve\/#\/schema\/logo\/image\/"}}]}},"_links":{"self":[{"href":"https:\/\/anivet.lt\/elparduotuve\/wp-json\/wp\/v2\/product\/13648","targetHints":{"allow":["GET"]}}],"collection":[{"href":"https:\/\/anivet.lt\/elparduotuve\/wp-json\/wp\/v2\/product"}],"about":[{"href":"https:\/\/anivet.lt\/elparduotuve\/wp-json\/wp\/v2\/types\/product"}],"wp:featuredmedia":[{"embeddable":true,"href":"https:\/\/anivet.lt\/elparduotuve\/wp-json\/wp\/v2\/media\/13649"}],"wp:attachment":[{"href":"https:\/\/anivet.lt\/elparduotuve\/wp-json\/wp\/v2\/media?parent=13648"}],"wp:term":[{"taxonomy":"product_brand","embeddable":true,"href":"https:\/\/anivet.lt\/elparduotuve\/wp-json\/wp\/v2\/product_brand?post=13648"},{"taxonomy":"product_cat","embeddable":true,"href":"https:\/\/anivet.lt\/elparduotuve\/wp-json\/wp\/v2\/product_cat?post=13648"},{"taxonomy":"product_tag","embeddable":true,"href":"https:\/\/anivet.lt\/elparduotuve\/wp-json\/wp\/v2\/product_tag?post=13648"}],"curies":[{"name":"wp","href":"https:\/\/api.w.org\/{rel}","templated":true}]}}