{"id":13662,"date":"2024-04-23T07:12:22","date_gmt":"2024-04-23T07:12:22","guid":{"rendered":"https:\/\/anivet.lt\/elparduotuve\/?post_type=product&#038;p=13662"},"modified":"2025-08-05T20:18:55","modified_gmt":"2025-08-05T20:18:55","slug":"primal-iberian-sardin-pasaras-katem-su-sardine-1kg","status":"publish","type":"product","link":"https:\/\/anivet.lt\/elparduotuve\/produktas\/primal-iberian-sardin-pasaras-katem-su-sardine-1kg\/","title":{"rendered":"PRIMAL IBERIAN Sardin pa\u0161aras kat\u0117ms su sardine 1kg"},"content":{"rendered":"<ul>\n<li style=\"font-weight: 400;\" aria-level=\"1\"><span style=\"font-weight: 400;\">Be glitimo: Tinkamas kat\u0117ms su jautriu vir\u0161kinimu.<\/span><\/li>\n<li style=\"font-weight: 400;\" aria-level=\"1\"><span style=\"font-weight: 400;\">Be m\u0117sos milt\u0173: Suma\u017eina alergij\u0173 ir vir\u0161kinimo problem\u0173 tikimyb\u0119.<\/span><\/li>\n<li style=\"font-weight: 400;\" aria-level=\"1\"><span style=\"font-weight: 400;\">Auk\u0161tos kokyb\u0117s baltymai: 49% \u0161vie\u017eios Iberijos kiaulienos ir 26% sardini\u0173 u\u017etikrina puik\u0173 maistini\u0173 med\u017eiag\u0173 pasisavinim\u0105.<\/span><\/li>\n<li style=\"font-weight: 400;\" aria-level=\"1\"><span style=\"font-weight: 400;\">Sveika oda ir kailis: Alaus miel\u0117s ir ciber\u017eol\u0117 padeda palaikyti sveik\u0105 odos b\u016bkl\u0119 ir blizgant\u012f kail\u012f.<\/span><\/li>\n<li style=\"font-weight: 400;\" aria-level=\"1\"><span style=\"font-weight: 400;\">Taurinas ir L-karnitinas: Gerina \u0161irdies funkcij\u0105, energijos lyg\u012f ir med\u017eiag\u0173 apykait\u0105.<\/span><\/li>\n<\/ul>\n<p><span style=\"font-weight: 400;\">\u0160is pa\u0161aras \u2013 puikus pasirinkimas suaugusioms kat\u0117ms, ie\u0161kan\u010dioms sveiko ir nat\u016bralaus maisto. Subalansuotas ingredient\u0173 mi\u0161inys u\u017etikrina puiki\u0105 kat\u0117s sveikat\u0105, energij\u0105 ir vir\u0161kinim\u0105, tuo pa\u010diu si\u016blant i\u0161skirtin\u012f skon\u012f be nereikaling\u0173 pried\u0173.<\/span><\/p>\n","protected":false},"excerpt":{"rendered":"<p><span style=\"font-weight: 400;\">Auk\u0161\u010diausios kokyb\u0117s visavertis pa\u0161aras suaugusioms kat\u0117ms, kuriame derinama Iberijos kiauliena ir sardin\u0117s. D\u0117l unikalaus recepto, pa\u0161aras lengvai vir\u0161kinamas ir suma\u017eina alergini\u0173 reakcij\u0173 rizik\u0105. Gaminamas be glitimo, m\u0117sos milt\u0173, da\u017eikli\u0173 ir kvapikli\u0173.<\/span><\/p>\n","protected":false},"featured_media":13663,"template":"","meta":[],"product_brand":[],"product_cat":[114,115,102,445],"product_tag":[],"class_list":{"0":"post-13662","1":"product","2":"type-product","3":"status-publish","4":"has-post-thumbnail","6":"product_cat-kaciu-maistas","7":"product_cat-sausas-maistas-ir-skanestai-katems","8":"product_cat-katems","9":"product_cat-primal-spirit-kaciu-maistas","10":"pa_prekinis-zenklas-primal-spirit","12":"first","13":"outofstock","14":"taxable","15":"shipping-taxable","16":"purchasable","17":"product-type-simple"},"yoast_head":"<!-- This site is optimized with the Yoast SEO Premium plugin v27.1 (Yoast SEO v27.5) - https:\/\/yoast.com\/product\/yoast-seo-premium-wordpress\/ -->\n<title>PRIMAL IBERIAN Sardin pa\u0161aras kat\u0117ms su sardine 1kg - anivet.lt<\/title>\n<meta name=\"description\" content=\"Auk\u0161\u010diausios kokyb\u0117s visavertis pa\u0161aras suaugusioms kat\u0117ms, kuriame derinama Iberijos kiauliena ir sardin\u0117s. D\u0117l unikalaus recepto, pa\u0161aras lengvai vir\u0161kinamas ir suma\u017eina alergini\u0173 reakcij\u0173 rizik\u0105. Gaminamas be glitimo, m\u0117sos milt\u0173, da\u017eikli\u0173 ir kvapikli\u0173.\" \/>\n<meta name=\"robots\" content=\"index, follow, max-snippet:-1, max-image-preview:large, max-video-preview:-1\" \/>\n<link rel=\"canonical\" href=\"https:\/\/anivet.lt\/elparduotuve\/produktas\/primal-iberian-sardin-pasaras-katem-su-sardine-1kg\/\" \/>\n<meta property=\"og:locale\" content=\"lt_LT\" \/>\n<meta property=\"og:type\" content=\"article\" \/>\n<meta property=\"og:title\" content=\"PRIMAL IBERIAN Sardin pa\u0161aras kat\u0117ms su sardine 1kg\" \/>\n<meta property=\"og:description\" content=\"Auk\u0161\u010diausios kokyb\u0117s visavertis pa\u0161aras suaugusioms kat\u0117ms, kuriame derinama Iberijos kiauliena ir sardin\u0117s. D\u0117l unikalaus recepto, pa\u0161aras lengvai vir\u0161kinamas ir suma\u017eina alergini\u0173 reakcij\u0173 rizik\u0105. Gaminamas be glitimo, m\u0117sos milt\u0173, da\u017eikli\u0173 ir kvapikli\u0173.\" \/>\n<meta property=\"og:url\" content=\"https:\/\/anivet.lt\/elparduotuve\/produktas\/primal-iberian-sardin-pasaras-katem-su-sardine-1kg\/\" \/>\n<meta property=\"og:site_name\" content=\"anivet.lt\" \/>\n<meta property=\"article:modified_time\" content=\"2025-08-05T20:18:55+00:00\" \/>\n<meta property=\"og:image\" content=\"https:\/\/anivet.lt\/elparduotuve\/wp-content\/uploads\/2024\/04\/CAT-sardine-1kg1-800x800-1.webp\" \/>\n\t<meta property=\"og:image:width\" content=\"800\" \/>\n\t<meta property=\"og:image:height\" content=\"800\" \/>\n\t<meta property=\"og:image:type\" content=\"image\/webp\" \/>\n<meta name=\"twitter:card\" content=\"summary_large_image\" \/>\n<meta name=\"twitter:label1\" content=\"Est. reading time\" \/>\n\t<meta name=\"twitter:data1\" content=\"1 minut\u0117\" \/>\n<script type=\"application\/ld+json\" class=\"yoast-schema-graph\">{\"@context\":\"https:\\\/\\\/schema.org\",\"@graph\":[{\"@type\":\"WebPage\",\"@id\":\"https:\\\/\\\/anivet.lt\\\/elparduotuve\\\/produktas\\\/primal-iberian-sardin-pasaras-katem-su-sardine-1kg\\\/\",\"url\":\"https:\\\/\\\/anivet.lt\\\/elparduotuve\\\/produktas\\\/primal-iberian-sardin-pasaras-katem-su-sardine-1kg\\\/\",\"name\":\"PRIMAL IBERIAN Sardin pa\u0161aras kat\u0117ms su sardine 1kg - anivet.lt\",\"isPartOf\":{\"@id\":\"https:\\\/\\\/anivet.lt\\\/elparduotuve\\\/#website\"},\"primaryImageOfPage\":{\"@id\":\"https:\\\/\\\/anivet.lt\\\/elparduotuve\\\/produktas\\\/primal-iberian-sardin-pasaras-katem-su-sardine-1kg\\\/#primaryimage\"},\"image\":{\"@id\":\"https:\\\/\\\/anivet.lt\\\/elparduotuve\\\/produktas\\\/primal-iberian-sardin-pasaras-katem-su-sardine-1kg\\\/#primaryimage\"},\"thumbnailUrl\":\"https:\\\/\\\/anivet.lt\\\/elparduotuve\\\/wp-content\\\/uploads\\\/2024\\\/04\\\/CAT-sardine-1kg1-800x800-1.webp\",\"datePublished\":\"2024-04-23T07:12:22+00:00\",\"dateModified\":\"2025-08-05T20:18:55+00:00\",\"description\":\"Auk\u0161\u010diausios kokyb\u0117s visavertis pa\u0161aras suaugusioms kat\u0117ms, kuriame derinama Iberijos kiauliena ir sardin\u0117s. D\u0117l unikalaus recepto, pa\u0161aras lengvai vir\u0161kinamas ir suma\u017eina alergini\u0173 reakcij\u0173 rizik\u0105. Gaminamas be glitimo, m\u0117sos milt\u0173, da\u017eikli\u0173 ir kvapikli\u0173.\",\"breadcrumb\":{\"@id\":\"https:\\\/\\\/anivet.lt\\\/elparduotuve\\\/produktas\\\/primal-iberian-sardin-pasaras-katem-su-sardine-1kg\\\/#breadcrumb\"},\"inLanguage\":\"lt-LT\",\"potentialAction\":[{\"@type\":\"ReadAction\",\"target\":[\"https:\\\/\\\/anivet.lt\\\/elparduotuve\\\/produktas\\\/primal-iberian-sardin-pasaras-katem-su-sardine-1kg\\\/\"]}]},{\"@type\":\"ImageObject\",\"inLanguage\":\"lt-LT\",\"@id\":\"https:\\\/\\\/anivet.lt\\\/elparduotuve\\\/produktas\\\/primal-iberian-sardin-pasaras-katem-su-sardine-1kg\\\/#primaryimage\",\"url\":\"https:\\\/\\\/anivet.lt\\\/elparduotuve\\\/wp-content\\\/uploads\\\/2024\\\/04\\\/CAT-sardine-1kg1-800x800-1.webp\",\"contentUrl\":\"https:\\\/\\\/anivet.lt\\\/elparduotuve\\\/wp-content\\\/uploads\\\/2024\\\/04\\\/CAT-sardine-1kg1-800x800-1.webp\",\"width\":800,\"height\":800,\"caption\":\"PRIMAL IBERIAN Sardin pa\u0161aras kat\u0117ms su sardine 1kg\"},{\"@type\":\"BreadcrumbList\",\"@id\":\"https:\\\/\\\/anivet.lt\\\/elparduotuve\\\/produktas\\\/primal-iberian-sardin-pasaras-katem-su-sardine-1kg\\\/#breadcrumb\",\"itemListElement\":[{\"@type\":\"ListItem\",\"position\":1,\"name\":\"Home\",\"item\":\"https:\\\/\\\/anivet.lt\\\/elparduotuve\\\/\"},{\"@type\":\"ListItem\",\"position\":2,\"name\":\"Produktai\",\"item\":\"https:\\\/\\\/anivet.lt\\\/elparduotuve\\\/produktai\\\/\"},{\"@type\":\"ListItem\",\"position\":3,\"name\":\"PRIMAL IBERIAN Sardin pa\u0161aras kat\u0117ms su sardine 1kg\"}]},{\"@type\":\"WebSite\",\"@id\":\"https:\\\/\\\/anivet.lt\\\/elparduotuve\\\/#website\",\"url\":\"https:\\\/\\\/anivet.lt\\\/elparduotuve\\\/\",\"name\":\"anivet.lt\",\"description\":\"Viskas J\u016bs\u0173 \u0161uns, kat\u0117s prie\u017ei\u016brai\",\"publisher\":{\"@id\":\"https:\\\/\\\/anivet.lt\\\/elparduotuve\\\/#organization\"},\"alternateName\":\"Viskas J\u016bs\u0173 \u0161uns, kat\u0117s prie\u017ei\u016brai\",\"potentialAction\":[{\"@type\":\"SearchAction\",\"target\":{\"@type\":\"EntryPoint\",\"urlTemplate\":\"https:\\\/\\\/anivet.lt\\\/elparduotuve\\\/?s={search_term_string}\"},\"query-input\":{\"@type\":\"PropertyValueSpecification\",\"valueRequired\":true,\"valueName\":\"search_term_string\"}}],\"inLanguage\":\"lt-LT\"},{\"@type\":\"Organization\",\"@id\":\"https:\\\/\\\/anivet.lt\\\/elparduotuve\\\/#organization\",\"name\":\"Viskas J\u016bs\u0173 \u0161uns, kat\u0117s prie\u017ei\u016brai\",\"url\":\"https:\\\/\\\/anivet.lt\\\/elparduotuve\\\/\",\"logo\":{\"@type\":\"ImageObject\",\"inLanguage\":\"lt-LT\",\"@id\":\"https:\\\/\\\/anivet.lt\\\/elparduotuve\\\/#\\\/schema\\\/logo\\\/image\\\/\",\"url\":\"https:\\\/\\\/anivet.lt\\\/elparduotuve\\\/wp-content\\\/uploads\\\/2023\\\/06\\\/logo2.jpg\",\"contentUrl\":\"https:\\\/\\\/anivet.lt\\\/elparduotuve\\\/wp-content\\\/uploads\\\/2023\\\/06\\\/logo2.jpg\",\"width\":655,\"height\":194,\"caption\":\"Viskas J\u016bs\u0173 \u0161uns, kat\u0117s prie\u017ei\u016brai\"},\"image\":{\"@id\":\"https:\\\/\\\/anivet.lt\\\/elparduotuve\\\/#\\\/schema\\\/logo\\\/image\\\/\"}}]}<\/script>\n<!-- \/ Yoast SEO Premium plugin. -->","yoast_head_json":{"title":"PRIMAL IBERIAN Sardin pa\u0161aras kat\u0117ms su sardine 1kg - anivet.lt","description":"Auk\u0161\u010diausios kokyb\u0117s visavertis pa\u0161aras suaugusioms kat\u0117ms, kuriame derinama Iberijos kiauliena ir sardin\u0117s. D\u0117l unikalaus recepto, pa\u0161aras lengvai vir\u0161kinamas ir suma\u017eina alergini\u0173 reakcij\u0173 rizik\u0105. Gaminamas be glitimo, m\u0117sos milt\u0173, da\u017eikli\u0173 ir kvapikli\u0173.","robots":{"index":"index","follow":"follow","max-snippet":"max-snippet:-1","max-image-preview":"max-image-preview:large","max-video-preview":"max-video-preview:-1"},"canonical":"https:\/\/anivet.lt\/elparduotuve\/produktas\/primal-iberian-sardin-pasaras-katem-su-sardine-1kg\/","og_locale":"lt_LT","og_type":"article","og_title":"PRIMAL IBERIAN Sardin pa\u0161aras kat\u0117ms su sardine 1kg","og_description":"Auk\u0161\u010diausios kokyb\u0117s visavertis pa\u0161aras suaugusioms kat\u0117ms, kuriame derinama Iberijos kiauliena ir sardin\u0117s. D\u0117l unikalaus recepto, pa\u0161aras lengvai vir\u0161kinamas ir suma\u017eina alergini\u0173 reakcij\u0173 rizik\u0105. Gaminamas be glitimo, m\u0117sos milt\u0173, da\u017eikli\u0173 ir kvapikli\u0173.","og_url":"https:\/\/anivet.lt\/elparduotuve\/produktas\/primal-iberian-sardin-pasaras-katem-su-sardine-1kg\/","og_site_name":"anivet.lt","article_modified_time":"2025-08-05T20:18:55+00:00","og_image":[{"width":800,"height":800,"url":"https:\/\/anivet.lt\/elparduotuve\/wp-content\/uploads\/2024\/04\/CAT-sardine-1kg1-800x800-1.webp","type":"image\/webp"}],"twitter_card":"summary_large_image","twitter_misc":{"Est. reading time":"1 minut\u0117"},"schema":{"@context":"https:\/\/schema.org","@graph":[{"@type":"WebPage","@id":"https:\/\/anivet.lt\/elparduotuve\/produktas\/primal-iberian-sardin-pasaras-katem-su-sardine-1kg\/","url":"https:\/\/anivet.lt\/elparduotuve\/produktas\/primal-iberian-sardin-pasaras-katem-su-sardine-1kg\/","name":"PRIMAL IBERIAN Sardin pa\u0161aras kat\u0117ms su sardine 1kg - anivet.lt","isPartOf":{"@id":"https:\/\/anivet.lt\/elparduotuve\/#website"},"primaryImageOfPage":{"@id":"https:\/\/anivet.lt\/elparduotuve\/produktas\/primal-iberian-sardin-pasaras-katem-su-sardine-1kg\/#primaryimage"},"image":{"@id":"https:\/\/anivet.lt\/elparduotuve\/produktas\/primal-iberian-sardin-pasaras-katem-su-sardine-1kg\/#primaryimage"},"thumbnailUrl":"https:\/\/anivet.lt\/elparduotuve\/wp-content\/uploads\/2024\/04\/CAT-sardine-1kg1-800x800-1.webp","datePublished":"2024-04-23T07:12:22+00:00","dateModified":"2025-08-05T20:18:55+00:00","description":"Auk\u0161\u010diausios kokyb\u0117s visavertis pa\u0161aras suaugusioms kat\u0117ms, kuriame derinama Iberijos kiauliena ir sardin\u0117s. D\u0117l unikalaus recepto, pa\u0161aras lengvai vir\u0161kinamas ir suma\u017eina alergini\u0173 reakcij\u0173 rizik\u0105. Gaminamas be glitimo, m\u0117sos milt\u0173, da\u017eikli\u0173 ir kvapikli\u0173.","breadcrumb":{"@id":"https:\/\/anivet.lt\/elparduotuve\/produktas\/primal-iberian-sardin-pasaras-katem-su-sardine-1kg\/#breadcrumb"},"inLanguage":"lt-LT","potentialAction":[{"@type":"ReadAction","target":["https:\/\/anivet.lt\/elparduotuve\/produktas\/primal-iberian-sardin-pasaras-katem-su-sardine-1kg\/"]}]},{"@type":"ImageObject","inLanguage":"lt-LT","@id":"https:\/\/anivet.lt\/elparduotuve\/produktas\/primal-iberian-sardin-pasaras-katem-su-sardine-1kg\/#primaryimage","url":"https:\/\/anivet.lt\/elparduotuve\/wp-content\/uploads\/2024\/04\/CAT-sardine-1kg1-800x800-1.webp","contentUrl":"https:\/\/anivet.lt\/elparduotuve\/wp-content\/uploads\/2024\/04\/CAT-sardine-1kg1-800x800-1.webp","width":800,"height":800,"caption":"PRIMAL IBERIAN Sardin pa\u0161aras kat\u0117ms su sardine 1kg"},{"@type":"BreadcrumbList","@id":"https:\/\/anivet.lt\/elparduotuve\/produktas\/primal-iberian-sardin-pasaras-katem-su-sardine-1kg\/#breadcrumb","itemListElement":[{"@type":"ListItem","position":1,"name":"Home","item":"https:\/\/anivet.lt\/elparduotuve\/"},{"@type":"ListItem","position":2,"name":"Produktai","item":"https:\/\/anivet.lt\/elparduotuve\/produktai\/"},{"@type":"ListItem","position":3,"name":"PRIMAL IBERIAN Sardin pa\u0161aras kat\u0117ms su sardine 1kg"}]},{"@type":"WebSite","@id":"https:\/\/anivet.lt\/elparduotuve\/#website","url":"https:\/\/anivet.lt\/elparduotuve\/","name":"anivet.lt","description":"Viskas J\u016bs\u0173 \u0161uns, kat\u0117s prie\u017ei\u016brai","publisher":{"@id":"https:\/\/anivet.lt\/elparduotuve\/#organization"},"alternateName":"Viskas J\u016bs\u0173 \u0161uns, kat\u0117s prie\u017ei\u016brai","potentialAction":[{"@type":"SearchAction","target":{"@type":"EntryPoint","urlTemplate":"https:\/\/anivet.lt\/elparduotuve\/?s={search_term_string}"},"query-input":{"@type":"PropertyValueSpecification","valueRequired":true,"valueName":"search_term_string"}}],"inLanguage":"lt-LT"},{"@type":"Organization","@id":"https:\/\/anivet.lt\/elparduotuve\/#organization","name":"Viskas J\u016bs\u0173 \u0161uns, kat\u0117s prie\u017ei\u016brai","url":"https:\/\/anivet.lt\/elparduotuve\/","logo":{"@type":"ImageObject","inLanguage":"lt-LT","@id":"https:\/\/anivet.lt\/elparduotuve\/#\/schema\/logo\/image\/","url":"https:\/\/anivet.lt\/elparduotuve\/wp-content\/uploads\/2023\/06\/logo2.jpg","contentUrl":"https:\/\/anivet.lt\/elparduotuve\/wp-content\/uploads\/2023\/06\/logo2.jpg","width":655,"height":194,"caption":"Viskas J\u016bs\u0173 \u0161uns, kat\u0117s prie\u017ei\u016brai"},"image":{"@id":"https:\/\/anivet.lt\/elparduotuve\/#\/schema\/logo\/image\/"}}]}},"_links":{"self":[{"href":"https:\/\/anivet.lt\/elparduotuve\/wp-json\/wp\/v2\/product\/13662","targetHints":{"allow":["GET"]}}],"collection":[{"href":"https:\/\/anivet.lt\/elparduotuve\/wp-json\/wp\/v2\/product"}],"about":[{"href":"https:\/\/anivet.lt\/elparduotuve\/wp-json\/wp\/v2\/types\/product"}],"wp:featuredmedia":[{"embeddable":true,"href":"https:\/\/anivet.lt\/elparduotuve\/wp-json\/wp\/v2\/media\/13663"}],"wp:attachment":[{"href":"https:\/\/anivet.lt\/elparduotuve\/wp-json\/wp\/v2\/media?parent=13662"}],"wp:term":[{"taxonomy":"product_brand","embeddable":true,"href":"https:\/\/anivet.lt\/elparduotuve\/wp-json\/wp\/v2\/product_brand?post=13662"},{"taxonomy":"product_cat","embeddable":true,"href":"https:\/\/anivet.lt\/elparduotuve\/wp-json\/wp\/v2\/product_cat?post=13662"},{"taxonomy":"product_tag","embeddable":true,"href":"https:\/\/anivet.lt\/elparduotuve\/wp-json\/wp\/v2\/product_tag?post=13662"}],"curies":[{"name":"wp","href":"https:\/\/api.w.org\/{rel}","templated":true}]}}