{"id":13742,"date":"2024-05-08T12:49:34","date_gmt":"2024-05-08T12:49:34","guid":{"rendered":"https:\/\/anivet.lt\/elparduotuve\/?post_type=product&#038;p=13742"},"modified":"2026-04-21T06:55:54","modified_gmt":"2026-04-21T06:55:54","slug":"alpha-spirit-duck-pasaras-sunims-su-antiena-12kg","status":"publish","type":"product","link":"https:\/\/anivet.lt\/elparduotuve\/produktas\/alpha-spirit-duck-pasaras-sunims-su-antiena-12kg\/","title":{"rendered":"ALPHA SPIRIT DUCK Pa\u0161aras \u0160unims Su Antiena 12kg"},"content":{"rendered":"<ul>\n<li style=\"font-weight: 400;\" aria-level=\"1\"><span style=\"font-weight: 400;\">Didelis m\u0117sos kiekis: 45% \u0161vie\u017eios antienos, 20% \u0161vie\u017eios vi\u0161tienos ir 20% \u0161vie\u017eios \u017euvies suteikia auk\u0161tos kokyb\u0117s baltym\u0173, reikaling\u0173 raumen\u0173 augimui ir energijai.<\/span><\/li>\n<li style=\"font-weight: 400;\" aria-level=\"1\"><span style=\"font-weight: 400;\">Omega-3 r\u016bg\u0161tys: Sud\u0117tyje esantys EPA ir DHA palaiko sveik\u0105 od\u0105, kail\u012f ir \u0161irdies veikl\u0105.<\/span><\/li>\n<li style=\"font-weight: 400;\" aria-level=\"1\"><span style=\"font-weight: 400;\">S\u0105nari\u0173 sveikata: Gliukozaminas padeda stiprinti s\u0105narius ir palaikyti j\u0173 judrum\u0105.<\/span><\/li>\n<li style=\"font-weight: 400;\" aria-level=\"1\"><span style=\"font-weight: 400;\">Nat\u016bral\u016bs ingredientai: Vaisiai, dar\u017eov\u0117s ir prieskoniai, tokie kaip ananasai, ciber\u017eol\u0117 ir raudon\u0117lis, praturtina pa\u0161ar\u0105 vitaminais ir antioksidantais.<\/span><\/li>\n<li style=\"font-weight: 400;\" aria-level=\"1\"><span style=\"font-weight: 400;\">Lengvas vir\u0161kinimas: Be gr\u016bd\u0173 ir glitimo, tod\u0117l tinka jautriems augintiniams.<\/span><\/li>\n<\/ul>\n<p><span style=\"font-weight: 400;\">\u0160is pa\u0161aras puikiai tiks augintiniams, kurie vertina puik\u0173 skon\u012f ir subalansuot\u0105 mityb\u0105. Su \u201eAlpha Spirit Free Range Duck\u201c j\u016bs\u0173 \u0161uo gaus visas reikalingas maistines med\u017eiagas, palaikys optimal\u0173 svor\u012f ir m\u0117gausis puikia sveikata bei energija kasdien.<\/span><\/p>\n","protected":false},"excerpt":{"rendered":"<p><span style=\"font-weight: 400;\">Visavertis pa\u0161aras suaugusiems \u0161unims, pagamintas i\u0161 auk\u0161tos kokyb\u0117s \u0161vie\u017eios antienos. \u0160is pa\u0161aras praturtintas nat\u016braliais ingredientais, tokiais kaip \u0161vie\u017eia vi\u0161tiena ir \u017euvis, suteikiant reikaling\u0173 maistini\u0173 med\u017eiag\u0173 vis\u0173 veisli\u0173 \u0161unims. Formul\u0117 be gr\u016bd\u0173 u\u017etikrina lengv\u0105 vir\u0161kinim\u0105 ir tinka jautri\u0105 vir\u0161kinimo sistem\u0105 turintiems augintiniams.<\/span><\/p>\n","protected":false},"featured_media":13743,"template":"","meta":[],"product_brand":[],"product_cat":[101,103,104,331],"product_tag":[],"class_list":{"0":"post-13742","1":"product","2":"type-product","3":"status-publish","4":"has-post-thumbnail","6":"product_cat-sunims","7":"product_cat-sunu-maistas","8":"product_cat-sausas-maistas","9":"product_cat-alpha-spirit-maistas","10":"pa_prekinis-zenklas-alpha-spirit","12":"first","13":"instock","14":"taxable","15":"shipping-taxable","16":"purchasable","17":"product-type-simple"},"yoast_head":"<!-- This site is optimized with the Yoast SEO Premium plugin v27.1 (Yoast SEO v27.5) - https:\/\/yoast.com\/product\/yoast-seo-premium-wordpress\/ -->\n<title>ALPHA SPIRIT DUCK Pa\u0161aras \u0160unims Su Antiena 12kg - anivet.lt<\/title>\n<meta name=\"description\" content=\"Visavertis pa\u0161aras suaugusiems \u0161unims, pagamintas i\u0161 auk\u0161tos kokyb\u0117s \u0161vie\u017eios antienos. \u0160is pa\u0161aras praturtintas nat\u016braliais ingredientais, tokiais kaip \u0161vie\u017eia vi\u0161tiena ir \u017euvis, suteikiant reikaling\u0173 maistini\u0173 med\u017eiag\u0173 vis\u0173 veisli\u0173 \u0161unims. Formul\u0117 be gr\u016bd\u0173 u\u017etikrina lengv\u0105 vir\u0161kinim\u0105 ir tinka jautri\u0105 vir\u0161kinimo sistem\u0105 turintiems augintiniams.\" \/>\n<meta name=\"robots\" content=\"index, follow, max-snippet:-1, max-image-preview:large, max-video-preview:-1\" \/>\n<link rel=\"canonical\" href=\"https:\/\/anivet.lt\/elparduotuve\/produktas\/alpha-spirit-duck-pasaras-sunims-su-antiena-12kg\/\" \/>\n<meta property=\"og:locale\" content=\"lt_LT\" \/>\n<meta property=\"og:type\" content=\"article\" \/>\n<meta property=\"og:title\" content=\"ALPHA SPIRIT DUCK Pa\u0161aras \u0160unims Su Antiena 12kg\" \/>\n<meta property=\"og:description\" content=\"Visavertis pa\u0161aras suaugusiems \u0161unims, pagamintas i\u0161 auk\u0161tos kokyb\u0117s \u0161vie\u017eios antienos. \u0160is pa\u0161aras praturtintas nat\u016braliais ingredientais, tokiais kaip \u0161vie\u017eia vi\u0161tiena ir \u017euvis, suteikiant reikaling\u0173 maistini\u0173 med\u017eiag\u0173 vis\u0173 veisli\u0173 \u0161unims. Formul\u0117 be gr\u016bd\u0173 u\u017etikrina lengv\u0105 vir\u0161kinim\u0105 ir tinka jautri\u0105 vir\u0161kinimo sistem\u0105 turintiems augintiniams.\" \/>\n<meta property=\"og:url\" content=\"https:\/\/anivet.lt\/elparduotuve\/produktas\/alpha-spirit-duck-pasaras-sunims-su-antiena-12kg\/\" \/>\n<meta property=\"og:site_name\" content=\"anivet.lt\" \/>\n<meta property=\"article:modified_time\" content=\"2026-04-21T06:55:54+00:00\" \/>\n<meta property=\"og:image\" content=\"https:\/\/anivet.lt\/elparduotuve\/wp-content\/uploads\/2024\/05\/A4204512-alpha-spirit-duck-pasaras-sunims-12kg.jpg\" \/>\n\t<meta property=\"og:image:width\" content=\"800\" \/>\n\t<meta property=\"og:image:height\" content=\"800\" \/>\n\t<meta property=\"og:image:type\" content=\"image\/jpeg\" \/>\n<meta name=\"twitter:card\" content=\"summary_large_image\" \/>\n<meta name=\"twitter:label1\" content=\"Est. reading time\" \/>\n\t<meta name=\"twitter:data1\" content=\"1 minut\u0117\" \/>\n<script type=\"application\/ld+json\" class=\"yoast-schema-graph\">{\"@context\":\"https:\\\/\\\/schema.org\",\"@graph\":[{\"@type\":\"WebPage\",\"@id\":\"https:\\\/\\\/anivet.lt\\\/elparduotuve\\\/produktas\\\/alpha-spirit-duck-pasaras-sunims-su-antiena-12kg\\\/\",\"url\":\"https:\\\/\\\/anivet.lt\\\/elparduotuve\\\/produktas\\\/alpha-spirit-duck-pasaras-sunims-su-antiena-12kg\\\/\",\"name\":\"ALPHA SPIRIT DUCK Pa\u0161aras \u0160unims Su Antiena 12kg - anivet.lt\",\"isPartOf\":{\"@id\":\"https:\\\/\\\/anivet.lt\\\/elparduotuve\\\/#website\"},\"primaryImageOfPage\":{\"@id\":\"https:\\\/\\\/anivet.lt\\\/elparduotuve\\\/produktas\\\/alpha-spirit-duck-pasaras-sunims-su-antiena-12kg\\\/#primaryimage\"},\"image\":{\"@id\":\"https:\\\/\\\/anivet.lt\\\/elparduotuve\\\/produktas\\\/alpha-spirit-duck-pasaras-sunims-su-antiena-12kg\\\/#primaryimage\"},\"thumbnailUrl\":\"https:\\\/\\\/anivet.lt\\\/elparduotuve\\\/wp-content\\\/uploads\\\/2024\\\/05\\\/A4204512-alpha-spirit-duck-pasaras-sunims-12kg.jpg\",\"datePublished\":\"2024-05-08T12:49:34+00:00\",\"dateModified\":\"2026-04-21T06:55:54+00:00\",\"description\":\"Visavertis pa\u0161aras suaugusiems \u0161unims, pagamintas i\u0161 auk\u0161tos kokyb\u0117s \u0161vie\u017eios antienos. \u0160is pa\u0161aras praturtintas nat\u016braliais ingredientais, tokiais kaip \u0161vie\u017eia vi\u0161tiena ir \u017euvis, suteikiant reikaling\u0173 maistini\u0173 med\u017eiag\u0173 vis\u0173 veisli\u0173 \u0161unims. Formul\u0117 be gr\u016bd\u0173 u\u017etikrina lengv\u0105 vir\u0161kinim\u0105 ir tinka jautri\u0105 vir\u0161kinimo sistem\u0105 turintiems augintiniams.\",\"breadcrumb\":{\"@id\":\"https:\\\/\\\/anivet.lt\\\/elparduotuve\\\/produktas\\\/alpha-spirit-duck-pasaras-sunims-su-antiena-12kg\\\/#breadcrumb\"},\"inLanguage\":\"lt-LT\",\"potentialAction\":[{\"@type\":\"ReadAction\",\"target\":[\"https:\\\/\\\/anivet.lt\\\/elparduotuve\\\/produktas\\\/alpha-spirit-duck-pasaras-sunims-su-antiena-12kg\\\/\"]}]},{\"@type\":\"ImageObject\",\"inLanguage\":\"lt-LT\",\"@id\":\"https:\\\/\\\/anivet.lt\\\/elparduotuve\\\/produktas\\\/alpha-spirit-duck-pasaras-sunims-su-antiena-12kg\\\/#primaryimage\",\"url\":\"https:\\\/\\\/anivet.lt\\\/elparduotuve\\\/wp-content\\\/uploads\\\/2024\\\/05\\\/A4204512-alpha-spirit-duck-pasaras-sunims-12kg.jpg\",\"contentUrl\":\"https:\\\/\\\/anivet.lt\\\/elparduotuve\\\/wp-content\\\/uploads\\\/2024\\\/05\\\/A4204512-alpha-spirit-duck-pasaras-sunims-12kg.jpg\",\"width\":800,\"height\":800,\"caption\":\"ALPHA SPIRIT DUCK Pa\u0161aras \u0160unims Su Antiena 12kg\"},{\"@type\":\"BreadcrumbList\",\"@id\":\"https:\\\/\\\/anivet.lt\\\/elparduotuve\\\/produktas\\\/alpha-spirit-duck-pasaras-sunims-su-antiena-12kg\\\/#breadcrumb\",\"itemListElement\":[{\"@type\":\"ListItem\",\"position\":1,\"name\":\"Home\",\"item\":\"https:\\\/\\\/anivet.lt\\\/elparduotuve\\\/\"},{\"@type\":\"ListItem\",\"position\":2,\"name\":\"Produktai\",\"item\":\"https:\\\/\\\/anivet.lt\\\/elparduotuve\\\/produktai\\\/\"},{\"@type\":\"ListItem\",\"position\":3,\"name\":\"ALPHA SPIRIT DUCK Pa\u0161aras \u0160unims Su Antiena 12kg\"}]},{\"@type\":\"WebSite\",\"@id\":\"https:\\\/\\\/anivet.lt\\\/elparduotuve\\\/#website\",\"url\":\"https:\\\/\\\/anivet.lt\\\/elparduotuve\\\/\",\"name\":\"anivet.lt\",\"description\":\"Viskas J\u016bs\u0173 \u0161uns, kat\u0117s prie\u017ei\u016brai\",\"publisher\":{\"@id\":\"https:\\\/\\\/anivet.lt\\\/elparduotuve\\\/#organization\"},\"alternateName\":\"Viskas J\u016bs\u0173 \u0161uns, kat\u0117s prie\u017ei\u016brai\",\"potentialAction\":[{\"@type\":\"SearchAction\",\"target\":{\"@type\":\"EntryPoint\",\"urlTemplate\":\"https:\\\/\\\/anivet.lt\\\/elparduotuve\\\/?s={search_term_string}\"},\"query-input\":{\"@type\":\"PropertyValueSpecification\",\"valueRequired\":true,\"valueName\":\"search_term_string\"}}],\"inLanguage\":\"lt-LT\"},{\"@type\":\"Organization\",\"@id\":\"https:\\\/\\\/anivet.lt\\\/elparduotuve\\\/#organization\",\"name\":\"Viskas J\u016bs\u0173 \u0161uns, kat\u0117s prie\u017ei\u016brai\",\"url\":\"https:\\\/\\\/anivet.lt\\\/elparduotuve\\\/\",\"logo\":{\"@type\":\"ImageObject\",\"inLanguage\":\"lt-LT\",\"@id\":\"https:\\\/\\\/anivet.lt\\\/elparduotuve\\\/#\\\/schema\\\/logo\\\/image\\\/\",\"url\":\"https:\\\/\\\/anivet.lt\\\/elparduotuve\\\/wp-content\\\/uploads\\\/2023\\\/06\\\/logo2.jpg\",\"contentUrl\":\"https:\\\/\\\/anivet.lt\\\/elparduotuve\\\/wp-content\\\/uploads\\\/2023\\\/06\\\/logo2.jpg\",\"width\":655,\"height\":194,\"caption\":\"Viskas J\u016bs\u0173 \u0161uns, kat\u0117s prie\u017ei\u016brai\"},\"image\":{\"@id\":\"https:\\\/\\\/anivet.lt\\\/elparduotuve\\\/#\\\/schema\\\/logo\\\/image\\\/\"}}]}<\/script>\n<!-- \/ Yoast SEO Premium plugin. -->","yoast_head_json":{"title":"ALPHA SPIRIT DUCK Pa\u0161aras \u0160unims Su Antiena 12kg - anivet.lt","description":"Visavertis pa\u0161aras suaugusiems \u0161unims, pagamintas i\u0161 auk\u0161tos kokyb\u0117s \u0161vie\u017eios antienos. \u0160is pa\u0161aras praturtintas nat\u016braliais ingredientais, tokiais kaip \u0161vie\u017eia vi\u0161tiena ir \u017euvis, suteikiant reikaling\u0173 maistini\u0173 med\u017eiag\u0173 vis\u0173 veisli\u0173 \u0161unims. Formul\u0117 be gr\u016bd\u0173 u\u017etikrina lengv\u0105 vir\u0161kinim\u0105 ir tinka jautri\u0105 vir\u0161kinimo sistem\u0105 turintiems augintiniams.","robots":{"index":"index","follow":"follow","max-snippet":"max-snippet:-1","max-image-preview":"max-image-preview:large","max-video-preview":"max-video-preview:-1"},"canonical":"https:\/\/anivet.lt\/elparduotuve\/produktas\/alpha-spirit-duck-pasaras-sunims-su-antiena-12kg\/","og_locale":"lt_LT","og_type":"article","og_title":"ALPHA SPIRIT DUCK Pa\u0161aras \u0160unims Su Antiena 12kg","og_description":"Visavertis pa\u0161aras suaugusiems \u0161unims, pagamintas i\u0161 auk\u0161tos kokyb\u0117s \u0161vie\u017eios antienos. \u0160is pa\u0161aras praturtintas nat\u016braliais ingredientais, tokiais kaip \u0161vie\u017eia vi\u0161tiena ir \u017euvis, suteikiant reikaling\u0173 maistini\u0173 med\u017eiag\u0173 vis\u0173 veisli\u0173 \u0161unims. Formul\u0117 be gr\u016bd\u0173 u\u017etikrina lengv\u0105 vir\u0161kinim\u0105 ir tinka jautri\u0105 vir\u0161kinimo sistem\u0105 turintiems augintiniams.","og_url":"https:\/\/anivet.lt\/elparduotuve\/produktas\/alpha-spirit-duck-pasaras-sunims-su-antiena-12kg\/","og_site_name":"anivet.lt","article_modified_time":"2026-04-21T06:55:54+00:00","og_image":[{"width":800,"height":800,"url":"https:\/\/anivet.lt\/elparduotuve\/wp-content\/uploads\/2024\/05\/A4204512-alpha-spirit-duck-pasaras-sunims-12kg.jpg","type":"image\/jpeg"}],"twitter_card":"summary_large_image","twitter_misc":{"Est. reading time":"1 minut\u0117"},"schema":{"@context":"https:\/\/schema.org","@graph":[{"@type":"WebPage","@id":"https:\/\/anivet.lt\/elparduotuve\/produktas\/alpha-spirit-duck-pasaras-sunims-su-antiena-12kg\/","url":"https:\/\/anivet.lt\/elparduotuve\/produktas\/alpha-spirit-duck-pasaras-sunims-su-antiena-12kg\/","name":"ALPHA SPIRIT DUCK Pa\u0161aras \u0160unims Su Antiena 12kg - anivet.lt","isPartOf":{"@id":"https:\/\/anivet.lt\/elparduotuve\/#website"},"primaryImageOfPage":{"@id":"https:\/\/anivet.lt\/elparduotuve\/produktas\/alpha-spirit-duck-pasaras-sunims-su-antiena-12kg\/#primaryimage"},"image":{"@id":"https:\/\/anivet.lt\/elparduotuve\/produktas\/alpha-spirit-duck-pasaras-sunims-su-antiena-12kg\/#primaryimage"},"thumbnailUrl":"https:\/\/anivet.lt\/elparduotuve\/wp-content\/uploads\/2024\/05\/A4204512-alpha-spirit-duck-pasaras-sunims-12kg.jpg","datePublished":"2024-05-08T12:49:34+00:00","dateModified":"2026-04-21T06:55:54+00:00","description":"Visavertis pa\u0161aras suaugusiems \u0161unims, pagamintas i\u0161 auk\u0161tos kokyb\u0117s \u0161vie\u017eios antienos. \u0160is pa\u0161aras praturtintas nat\u016braliais ingredientais, tokiais kaip \u0161vie\u017eia vi\u0161tiena ir \u017euvis, suteikiant reikaling\u0173 maistini\u0173 med\u017eiag\u0173 vis\u0173 veisli\u0173 \u0161unims. Formul\u0117 be gr\u016bd\u0173 u\u017etikrina lengv\u0105 vir\u0161kinim\u0105 ir tinka jautri\u0105 vir\u0161kinimo sistem\u0105 turintiems augintiniams.","breadcrumb":{"@id":"https:\/\/anivet.lt\/elparduotuve\/produktas\/alpha-spirit-duck-pasaras-sunims-su-antiena-12kg\/#breadcrumb"},"inLanguage":"lt-LT","potentialAction":[{"@type":"ReadAction","target":["https:\/\/anivet.lt\/elparduotuve\/produktas\/alpha-spirit-duck-pasaras-sunims-su-antiena-12kg\/"]}]},{"@type":"ImageObject","inLanguage":"lt-LT","@id":"https:\/\/anivet.lt\/elparduotuve\/produktas\/alpha-spirit-duck-pasaras-sunims-su-antiena-12kg\/#primaryimage","url":"https:\/\/anivet.lt\/elparduotuve\/wp-content\/uploads\/2024\/05\/A4204512-alpha-spirit-duck-pasaras-sunims-12kg.jpg","contentUrl":"https:\/\/anivet.lt\/elparduotuve\/wp-content\/uploads\/2024\/05\/A4204512-alpha-spirit-duck-pasaras-sunims-12kg.jpg","width":800,"height":800,"caption":"ALPHA SPIRIT DUCK Pa\u0161aras \u0160unims Su Antiena 12kg"},{"@type":"BreadcrumbList","@id":"https:\/\/anivet.lt\/elparduotuve\/produktas\/alpha-spirit-duck-pasaras-sunims-su-antiena-12kg\/#breadcrumb","itemListElement":[{"@type":"ListItem","position":1,"name":"Home","item":"https:\/\/anivet.lt\/elparduotuve\/"},{"@type":"ListItem","position":2,"name":"Produktai","item":"https:\/\/anivet.lt\/elparduotuve\/produktai\/"},{"@type":"ListItem","position":3,"name":"ALPHA SPIRIT DUCK Pa\u0161aras \u0160unims Su Antiena 12kg"}]},{"@type":"WebSite","@id":"https:\/\/anivet.lt\/elparduotuve\/#website","url":"https:\/\/anivet.lt\/elparduotuve\/","name":"anivet.lt","description":"Viskas J\u016bs\u0173 \u0161uns, kat\u0117s prie\u017ei\u016brai","publisher":{"@id":"https:\/\/anivet.lt\/elparduotuve\/#organization"},"alternateName":"Viskas J\u016bs\u0173 \u0161uns, kat\u0117s prie\u017ei\u016brai","potentialAction":[{"@type":"SearchAction","target":{"@type":"EntryPoint","urlTemplate":"https:\/\/anivet.lt\/elparduotuve\/?s={search_term_string}"},"query-input":{"@type":"PropertyValueSpecification","valueRequired":true,"valueName":"search_term_string"}}],"inLanguage":"lt-LT"},{"@type":"Organization","@id":"https:\/\/anivet.lt\/elparduotuve\/#organization","name":"Viskas J\u016bs\u0173 \u0161uns, kat\u0117s prie\u017ei\u016brai","url":"https:\/\/anivet.lt\/elparduotuve\/","logo":{"@type":"ImageObject","inLanguage":"lt-LT","@id":"https:\/\/anivet.lt\/elparduotuve\/#\/schema\/logo\/image\/","url":"https:\/\/anivet.lt\/elparduotuve\/wp-content\/uploads\/2023\/06\/logo2.jpg","contentUrl":"https:\/\/anivet.lt\/elparduotuve\/wp-content\/uploads\/2023\/06\/logo2.jpg","width":655,"height":194,"caption":"Viskas J\u016bs\u0173 \u0161uns, kat\u0117s prie\u017ei\u016brai"},"image":{"@id":"https:\/\/anivet.lt\/elparduotuve\/#\/schema\/logo\/image\/"}}]}},"_links":{"self":[{"href":"https:\/\/anivet.lt\/elparduotuve\/wp-json\/wp\/v2\/product\/13742","targetHints":{"allow":["GET"]}}],"collection":[{"href":"https:\/\/anivet.lt\/elparduotuve\/wp-json\/wp\/v2\/product"}],"about":[{"href":"https:\/\/anivet.lt\/elparduotuve\/wp-json\/wp\/v2\/types\/product"}],"wp:featuredmedia":[{"embeddable":true,"href":"https:\/\/anivet.lt\/elparduotuve\/wp-json\/wp\/v2\/media\/13743"}],"wp:attachment":[{"href":"https:\/\/anivet.lt\/elparduotuve\/wp-json\/wp\/v2\/media?parent=13742"}],"wp:term":[{"taxonomy":"product_brand","embeddable":true,"href":"https:\/\/anivet.lt\/elparduotuve\/wp-json\/wp\/v2\/product_brand?post=13742"},{"taxonomy":"product_cat","embeddable":true,"href":"https:\/\/anivet.lt\/elparduotuve\/wp-json\/wp\/v2\/product_cat?post=13742"},{"taxonomy":"product_tag","embeddable":true,"href":"https:\/\/anivet.lt\/elparduotuve\/wp-json\/wp\/v2\/product_tag?post=13742"}],"curies":[{"name":"wp","href":"https:\/\/api.w.org\/{rel}","templated":true}]}}