{"id":13833,"date":"2024-05-27T06:31:02","date_gmt":"2024-05-27T06:31:02","guid":{"rendered":"https:\/\/anivet.lt\/elparduotuve\/?post_type=product&#038;p=13833"},"modified":"2025-05-27T13:26:45","modified_gmt":"2025-05-27T13:26:45","slug":"croci-breeze-vesinantis-kilimas-90x50cm","status":"publish","type":"product","link":"https:\/\/anivet.lt\/elparduotuve\/produktas\/croci-breeze-vesinantis-kilimas-90x50cm\/","title":{"rendered":"CROCI BREEZE v\u0117sinantis kilimas 90x50cm"},"content":{"rendered":"<ul>\n<li style=\"font-weight: 400;\" aria-level=\"1\"><span style=\"font-weight: 400;\">Nat\u016bralus v\u0117sinimas: Geliu u\u017epildytas kilim\u0117lis nat\u016braliai palaiko \u017eemesn\u0119 temperat\u016br\u0105 nei gyv\u016bno k\u016bnas.<\/span><\/li>\n<li style=\"font-weight: 400;\" aria-level=\"1\"><span style=\"font-weight: 400;\">Patogus naudojimas: Kilim\u0117lis yra sulankstomas, tod\u0117l lengvai transportuojamas ir laikomas.<\/span><\/li>\n<li style=\"font-weight: 400;\" aria-level=\"1\"><span style=\"font-weight: 400;\">Lengva prie\u017ei\u016bra: Pagamintas i\u0161 lengvai valom\u0173 med\u017eiag\u0173, u\u017etikrinant higien\u0105 ir paprast\u0105 prie\u017ei\u016br\u0105.<\/span><\/li>\n<li style=\"font-weight: 400;\" aria-level=\"1\"><span style=\"font-weight: 400;\">Saugus augintiniui: Tinkamas naudoti be chemini\u0173 pried\u0173 ar kenksming\u0173 med\u017eiag\u0173.<\/span><\/li>\n<li style=\"font-weight: 400;\" aria-level=\"1\"><span style=\"font-weight: 400;\">Universalus dydis: 90&#215;50 cm kilim\u0117lis puikiai tinka \u012fvairaus dyd\u017eio gyv\u016bnams.<\/span><\/li>\n<\/ul>\n<p><span style=\"font-weight: 400;\">\u0160is kilim\u0117lis yra nepakei\u010diamas vasaros metu ir u\u017etikrinantis komfort\u0105, bei padedantis i\u0161vengti perkaitimo j\u016bs\u0173 augintiniui. Lengvai naudojamas ir patvarus, jis taps augintinio m\u0117gstama vieta poilsiui.<\/span><\/p>\n","protected":false},"excerpt":{"rendered":"<p><span style=\"font-weight: 400;\">Prakti\u0161kas ir efektyvus kilim\u0117lis, skirtas u\u017etikrinti augintinio komfort\u0105 kar\u0161tomis dienomis. U\u017epildytas specialiu geliu, kuris nat\u016braliai palaiko \u017eemesn\u0119 temperat\u016br\u0105 nei gyv\u016bno k\u016bnas, taip sukuriant gaivinant\u012f efekt\u0105.<\/span><\/p>\n","protected":false},"featured_media":13834,"template":"","meta":[],"product_brand":[],"product_cat":[101,108,312],"product_tag":[],"class_list":{"0":"post-13833","1":"product","2":"type-product","3":"status-publish","4":"has-post-thumbnail","6":"product_cat-sunims","7":"product_cat-prieziuros-priemones","8":"product_cat-kitos-priemones-prieziuros-priemones","9":"pa_prekinis-zenklas-croci","11":"first","12":"instock","13":"taxable","14":"shipping-taxable","15":"purchasable","16":"product-type-simple"},"yoast_head":"<!-- This site is optimized with the Yoast SEO Premium plugin v27.1 (Yoast SEO v27.3) - https:\/\/yoast.com\/product\/yoast-seo-premium-wordpress\/ -->\n<title>CROCI BREEZE v\u0117sinantis kilimas 90x50cm - anivet.lt<\/title>\n<meta name=\"description\" content=\"Prakti\u0161kas ir efektyvus kilim\u0117lis, skirtas u\u017etikrinti augintinio komfort\u0105 kar\u0161tomis dienomis. U\u017epildytas specialiu geliu, kuris nat\u016braliai palaiko \u017eemesn\u0119 temperat\u016br\u0105 nei gyv\u016bno k\u016bnas, taip sukuriant gaivinant\u012f efekt\u0105.\" \/>\n<meta name=\"robots\" content=\"index, follow, max-snippet:-1, max-image-preview:large, max-video-preview:-1\" \/>\n<link rel=\"canonical\" href=\"https:\/\/anivet.lt\/elparduotuve\/produktas\/croci-breeze-vesinantis-kilimas-90x50cm\/\" \/>\n<meta property=\"og:locale\" content=\"lt_LT\" \/>\n<meta property=\"og:type\" content=\"article\" \/>\n<meta property=\"og:title\" content=\"CROCI BREEZE v\u0117sinantis kilimas 90x50cm\" \/>\n<meta property=\"og:description\" content=\"Prakti\u0161kas ir efektyvus kilim\u0117lis, skirtas u\u017etikrinti augintinio komfort\u0105 kar\u0161tomis dienomis. U\u017epildytas specialiu geliu, kuris nat\u016braliai palaiko \u017eemesn\u0119 temperat\u016br\u0105 nei gyv\u016bno k\u016bnas, taip sukuriant gaivinant\u012f efekt\u0105.\" \/>\n<meta property=\"og:url\" content=\"https:\/\/anivet.lt\/elparduotuve\/produktas\/croci-breeze-vesinantis-kilimas-90x50cm\/\" \/>\n<meta property=\"og:site_name\" content=\"anivet.lt\" \/>\n<meta property=\"article:modified_time\" content=\"2025-05-27T13:26:45+00:00\" \/>\n<meta property=\"og:image\" content=\"https:\/\/anivet.lt\/elparduotuve\/wp-content\/uploads\/2024\/05\/C6107384.webp\" \/>\n\t<meta property=\"og:image:width\" content=\"774\" \/>\n\t<meta property=\"og:image:height\" content=\"355\" \/>\n\t<meta property=\"og:image:type\" content=\"image\/webp\" \/>\n<meta name=\"twitter:card\" content=\"summary_large_image\" \/>\n<meta name=\"twitter:label1\" content=\"Est. reading time\" \/>\n\t<meta name=\"twitter:data1\" content=\"1 minut\u0117\" \/>\n<script type=\"application\/ld+json\" class=\"yoast-schema-graph\">{\"@context\":\"https:\\\/\\\/schema.org\",\"@graph\":[{\"@type\":\"WebPage\",\"@id\":\"https:\\\/\\\/anivet.lt\\\/elparduotuve\\\/produktas\\\/croci-breeze-vesinantis-kilimas-90x50cm\\\/\",\"url\":\"https:\\\/\\\/anivet.lt\\\/elparduotuve\\\/produktas\\\/croci-breeze-vesinantis-kilimas-90x50cm\\\/\",\"name\":\"CROCI BREEZE v\u0117sinantis kilimas 90x50cm - anivet.lt\",\"isPartOf\":{\"@id\":\"https:\\\/\\\/anivet.lt\\\/elparduotuve\\\/#website\"},\"primaryImageOfPage\":{\"@id\":\"https:\\\/\\\/anivet.lt\\\/elparduotuve\\\/produktas\\\/croci-breeze-vesinantis-kilimas-90x50cm\\\/#primaryimage\"},\"image\":{\"@id\":\"https:\\\/\\\/anivet.lt\\\/elparduotuve\\\/produktas\\\/croci-breeze-vesinantis-kilimas-90x50cm\\\/#primaryimage\"},\"thumbnailUrl\":\"https:\\\/\\\/anivet.lt\\\/elparduotuve\\\/wp-content\\\/uploads\\\/2024\\\/05\\\/C6107384.webp\",\"datePublished\":\"2024-05-27T06:31:02+00:00\",\"dateModified\":\"2025-05-27T13:26:45+00:00\",\"description\":\"Prakti\u0161kas ir efektyvus kilim\u0117lis, skirtas u\u017etikrinti augintinio komfort\u0105 kar\u0161tomis dienomis. U\u017epildytas specialiu geliu, kuris nat\u016braliai palaiko \u017eemesn\u0119 temperat\u016br\u0105 nei gyv\u016bno k\u016bnas, taip sukuriant gaivinant\u012f efekt\u0105.\",\"breadcrumb\":{\"@id\":\"https:\\\/\\\/anivet.lt\\\/elparduotuve\\\/produktas\\\/croci-breeze-vesinantis-kilimas-90x50cm\\\/#breadcrumb\"},\"inLanguage\":\"lt-LT\",\"potentialAction\":[{\"@type\":\"ReadAction\",\"target\":[\"https:\\\/\\\/anivet.lt\\\/elparduotuve\\\/produktas\\\/croci-breeze-vesinantis-kilimas-90x50cm\\\/\"]}]},{\"@type\":\"ImageObject\",\"inLanguage\":\"lt-LT\",\"@id\":\"https:\\\/\\\/anivet.lt\\\/elparduotuve\\\/produktas\\\/croci-breeze-vesinantis-kilimas-90x50cm\\\/#primaryimage\",\"url\":\"https:\\\/\\\/anivet.lt\\\/elparduotuve\\\/wp-content\\\/uploads\\\/2024\\\/05\\\/C6107384.webp\",\"contentUrl\":\"https:\\\/\\\/anivet.lt\\\/elparduotuve\\\/wp-content\\\/uploads\\\/2024\\\/05\\\/C6107384.webp\",\"width\":774,\"height\":355,\"caption\":\"CROCI BREEZE v\u0117sinantis kilimas 90x50cm\"},{\"@type\":\"BreadcrumbList\",\"@id\":\"https:\\\/\\\/anivet.lt\\\/elparduotuve\\\/produktas\\\/croci-breeze-vesinantis-kilimas-90x50cm\\\/#breadcrumb\",\"itemListElement\":[{\"@type\":\"ListItem\",\"position\":1,\"name\":\"Home\",\"item\":\"https:\\\/\\\/anivet.lt\\\/elparduotuve\\\/\"},{\"@type\":\"ListItem\",\"position\":2,\"name\":\"Produktai\",\"item\":\"https:\\\/\\\/anivet.lt\\\/elparduotuve\\\/produktai\\\/\"},{\"@type\":\"ListItem\",\"position\":3,\"name\":\"CROCI BREEZE v\u0117sinantis kilimas 90x50cm\"}]},{\"@type\":\"WebSite\",\"@id\":\"https:\\\/\\\/anivet.lt\\\/elparduotuve\\\/#website\",\"url\":\"https:\\\/\\\/anivet.lt\\\/elparduotuve\\\/\",\"name\":\"anivet.lt\",\"description\":\"Viskas J\u016bs\u0173 \u0161uns, kat\u0117s prie\u017ei\u016brai\",\"publisher\":{\"@id\":\"https:\\\/\\\/anivet.lt\\\/elparduotuve\\\/#organization\"},\"alternateName\":\"Viskas J\u016bs\u0173 \u0161uns, kat\u0117s prie\u017ei\u016brai\",\"potentialAction\":[{\"@type\":\"SearchAction\",\"target\":{\"@type\":\"EntryPoint\",\"urlTemplate\":\"https:\\\/\\\/anivet.lt\\\/elparduotuve\\\/?s={search_term_string}\"},\"query-input\":{\"@type\":\"PropertyValueSpecification\",\"valueRequired\":true,\"valueName\":\"search_term_string\"}}],\"inLanguage\":\"lt-LT\"},{\"@type\":\"Organization\",\"@id\":\"https:\\\/\\\/anivet.lt\\\/elparduotuve\\\/#organization\",\"name\":\"Viskas J\u016bs\u0173 \u0161uns, kat\u0117s prie\u017ei\u016brai\",\"url\":\"https:\\\/\\\/anivet.lt\\\/elparduotuve\\\/\",\"logo\":{\"@type\":\"ImageObject\",\"inLanguage\":\"lt-LT\",\"@id\":\"https:\\\/\\\/anivet.lt\\\/elparduotuve\\\/#\\\/schema\\\/logo\\\/image\\\/\",\"url\":\"https:\\\/\\\/anivet.lt\\\/elparduotuve\\\/wp-content\\\/uploads\\\/2023\\\/06\\\/logo2.jpg\",\"contentUrl\":\"https:\\\/\\\/anivet.lt\\\/elparduotuve\\\/wp-content\\\/uploads\\\/2023\\\/06\\\/logo2.jpg\",\"width\":655,\"height\":194,\"caption\":\"Viskas J\u016bs\u0173 \u0161uns, kat\u0117s prie\u017ei\u016brai\"},\"image\":{\"@id\":\"https:\\\/\\\/anivet.lt\\\/elparduotuve\\\/#\\\/schema\\\/logo\\\/image\\\/\"}}]}<\/script>\n<!-- \/ Yoast SEO Premium plugin. -->","yoast_head_json":{"title":"CROCI BREEZE v\u0117sinantis kilimas 90x50cm - anivet.lt","description":"Prakti\u0161kas ir efektyvus kilim\u0117lis, skirtas u\u017etikrinti augintinio komfort\u0105 kar\u0161tomis dienomis. U\u017epildytas specialiu geliu, kuris nat\u016braliai palaiko \u017eemesn\u0119 temperat\u016br\u0105 nei gyv\u016bno k\u016bnas, taip sukuriant gaivinant\u012f efekt\u0105.","robots":{"index":"index","follow":"follow","max-snippet":"max-snippet:-1","max-image-preview":"max-image-preview:large","max-video-preview":"max-video-preview:-1"},"canonical":"https:\/\/anivet.lt\/elparduotuve\/produktas\/croci-breeze-vesinantis-kilimas-90x50cm\/","og_locale":"lt_LT","og_type":"article","og_title":"CROCI BREEZE v\u0117sinantis kilimas 90x50cm","og_description":"Prakti\u0161kas ir efektyvus kilim\u0117lis, skirtas u\u017etikrinti augintinio komfort\u0105 kar\u0161tomis dienomis. U\u017epildytas specialiu geliu, kuris nat\u016braliai palaiko \u017eemesn\u0119 temperat\u016br\u0105 nei gyv\u016bno k\u016bnas, taip sukuriant gaivinant\u012f efekt\u0105.","og_url":"https:\/\/anivet.lt\/elparduotuve\/produktas\/croci-breeze-vesinantis-kilimas-90x50cm\/","og_site_name":"anivet.lt","article_modified_time":"2025-05-27T13:26:45+00:00","og_image":[{"width":774,"height":355,"url":"https:\/\/anivet.lt\/elparduotuve\/wp-content\/uploads\/2024\/05\/C6107384.webp","type":"image\/webp"}],"twitter_card":"summary_large_image","twitter_misc":{"Est. reading time":"1 minut\u0117"},"schema":{"@context":"https:\/\/schema.org","@graph":[{"@type":"WebPage","@id":"https:\/\/anivet.lt\/elparduotuve\/produktas\/croci-breeze-vesinantis-kilimas-90x50cm\/","url":"https:\/\/anivet.lt\/elparduotuve\/produktas\/croci-breeze-vesinantis-kilimas-90x50cm\/","name":"CROCI BREEZE v\u0117sinantis kilimas 90x50cm - anivet.lt","isPartOf":{"@id":"https:\/\/anivet.lt\/elparduotuve\/#website"},"primaryImageOfPage":{"@id":"https:\/\/anivet.lt\/elparduotuve\/produktas\/croci-breeze-vesinantis-kilimas-90x50cm\/#primaryimage"},"image":{"@id":"https:\/\/anivet.lt\/elparduotuve\/produktas\/croci-breeze-vesinantis-kilimas-90x50cm\/#primaryimage"},"thumbnailUrl":"https:\/\/anivet.lt\/elparduotuve\/wp-content\/uploads\/2024\/05\/C6107384.webp","datePublished":"2024-05-27T06:31:02+00:00","dateModified":"2025-05-27T13:26:45+00:00","description":"Prakti\u0161kas ir efektyvus kilim\u0117lis, skirtas u\u017etikrinti augintinio komfort\u0105 kar\u0161tomis dienomis. U\u017epildytas specialiu geliu, kuris nat\u016braliai palaiko \u017eemesn\u0119 temperat\u016br\u0105 nei gyv\u016bno k\u016bnas, taip sukuriant gaivinant\u012f efekt\u0105.","breadcrumb":{"@id":"https:\/\/anivet.lt\/elparduotuve\/produktas\/croci-breeze-vesinantis-kilimas-90x50cm\/#breadcrumb"},"inLanguage":"lt-LT","potentialAction":[{"@type":"ReadAction","target":["https:\/\/anivet.lt\/elparduotuve\/produktas\/croci-breeze-vesinantis-kilimas-90x50cm\/"]}]},{"@type":"ImageObject","inLanguage":"lt-LT","@id":"https:\/\/anivet.lt\/elparduotuve\/produktas\/croci-breeze-vesinantis-kilimas-90x50cm\/#primaryimage","url":"https:\/\/anivet.lt\/elparduotuve\/wp-content\/uploads\/2024\/05\/C6107384.webp","contentUrl":"https:\/\/anivet.lt\/elparduotuve\/wp-content\/uploads\/2024\/05\/C6107384.webp","width":774,"height":355,"caption":"CROCI BREEZE v\u0117sinantis kilimas 90x50cm"},{"@type":"BreadcrumbList","@id":"https:\/\/anivet.lt\/elparduotuve\/produktas\/croci-breeze-vesinantis-kilimas-90x50cm\/#breadcrumb","itemListElement":[{"@type":"ListItem","position":1,"name":"Home","item":"https:\/\/anivet.lt\/elparduotuve\/"},{"@type":"ListItem","position":2,"name":"Produktai","item":"https:\/\/anivet.lt\/elparduotuve\/produktai\/"},{"@type":"ListItem","position":3,"name":"CROCI BREEZE v\u0117sinantis kilimas 90x50cm"}]},{"@type":"WebSite","@id":"https:\/\/anivet.lt\/elparduotuve\/#website","url":"https:\/\/anivet.lt\/elparduotuve\/","name":"anivet.lt","description":"Viskas J\u016bs\u0173 \u0161uns, kat\u0117s prie\u017ei\u016brai","publisher":{"@id":"https:\/\/anivet.lt\/elparduotuve\/#organization"},"alternateName":"Viskas J\u016bs\u0173 \u0161uns, kat\u0117s prie\u017ei\u016brai","potentialAction":[{"@type":"SearchAction","target":{"@type":"EntryPoint","urlTemplate":"https:\/\/anivet.lt\/elparduotuve\/?s={search_term_string}"},"query-input":{"@type":"PropertyValueSpecification","valueRequired":true,"valueName":"search_term_string"}}],"inLanguage":"lt-LT"},{"@type":"Organization","@id":"https:\/\/anivet.lt\/elparduotuve\/#organization","name":"Viskas J\u016bs\u0173 \u0161uns, kat\u0117s prie\u017ei\u016brai","url":"https:\/\/anivet.lt\/elparduotuve\/","logo":{"@type":"ImageObject","inLanguage":"lt-LT","@id":"https:\/\/anivet.lt\/elparduotuve\/#\/schema\/logo\/image\/","url":"https:\/\/anivet.lt\/elparduotuve\/wp-content\/uploads\/2023\/06\/logo2.jpg","contentUrl":"https:\/\/anivet.lt\/elparduotuve\/wp-content\/uploads\/2023\/06\/logo2.jpg","width":655,"height":194,"caption":"Viskas J\u016bs\u0173 \u0161uns, kat\u0117s prie\u017ei\u016brai"},"image":{"@id":"https:\/\/anivet.lt\/elparduotuve\/#\/schema\/logo\/image\/"}}]}},"_links":{"self":[{"href":"https:\/\/anivet.lt\/elparduotuve\/wp-json\/wp\/v2\/product\/13833","targetHints":{"allow":["GET"]}}],"collection":[{"href":"https:\/\/anivet.lt\/elparduotuve\/wp-json\/wp\/v2\/product"}],"about":[{"href":"https:\/\/anivet.lt\/elparduotuve\/wp-json\/wp\/v2\/types\/product"}],"wp:featuredmedia":[{"embeddable":true,"href":"https:\/\/anivet.lt\/elparduotuve\/wp-json\/wp\/v2\/media\/13834"}],"wp:attachment":[{"href":"https:\/\/anivet.lt\/elparduotuve\/wp-json\/wp\/v2\/media?parent=13833"}],"wp:term":[{"taxonomy":"product_brand","embeddable":true,"href":"https:\/\/anivet.lt\/elparduotuve\/wp-json\/wp\/v2\/product_brand?post=13833"},{"taxonomy":"product_cat","embeddable":true,"href":"https:\/\/anivet.lt\/elparduotuve\/wp-json\/wp\/v2\/product_cat?post=13833"},{"taxonomy":"product_tag","embeddable":true,"href":"https:\/\/anivet.lt\/elparduotuve\/wp-json\/wp\/v2\/product_tag?post=13833"}],"curies":[{"name":"wp","href":"https:\/\/api.w.org\/{rel}","templated":true}]}}