{"id":13859,"date":"2024-05-31T13:24:46","date_gmt":"2024-05-31T13:24:46","guid":{"rendered":"https:\/\/anivet.lt\/elparduotuve\/?post_type=product&#038;p=13859"},"modified":"2025-05-27T13:26:47","modified_gmt":"2025-05-27T13:26:47","slug":"dogslife-pirmosios-pagalbos-rinkinys-augintiniams","status":"publish","type":"product","link":"https:\/\/anivet.lt\/elparduotuve\/produktas\/dogslife-pirmosios-pagalbos-rinkinys-augintiniams\/","title":{"rendered":"DOGSLIFE pirmosios pagalbos rinkinys augintiniams"},"content":{"rendered":"<ul>\n<li style=\"font-weight: 400;\" aria-level=\"1\"><span style=\"font-weight: 400;\">Visapusi\u0161kas turinys: Apima tvars\u010dius, bintus, erki\u0173 i\u0161trauk\u0117jus, \u0161virk\u0161t\u0105, pirmosios pagalbos apklot\u0105, pir\u0161tines ir dar daugiau reikaling\u0173 priemoni\u0173.<\/span><\/li>\n<li style=\"font-weight: 400;\" aria-level=\"1\"><span style=\"font-weight: 400;\">Patogumas kelion\u0117se: Nedidel\u0117 ir tvarkinga d\u0117\u017eut\u0117 tinka tiek namuose, tiek automobilio baga\u017ein\u0117je ar kuprin\u0117je.<\/span><\/li>\n<li style=\"font-weight: 400;\" aria-level=\"1\"><span style=\"font-weight: 400;\">Skubiai pagalbai: Komplekte yra specializuoti \u012frankiai, tokie kaip CPR kauk\u0117 ir aki\u0173 praplovimo skystis, u\u017etikrinantys tinkam\u0105 reakcij\u0105 kritiniais atvejais.<\/span><\/li>\n<li style=\"font-weight: 400;\" aria-level=\"1\"><span style=\"font-weight: 400;\">Higiena ir saugumas: Pakuot\u0117je esantys spiritiniai ir jodu suvilgyti servet\u0117l\u0117s padeda u\u017etikrinti \u017eaizd\u0173 \u0161var\u0105.<\/span><\/li>\n<li style=\"font-weight: 400;\" aria-level=\"1\"><span style=\"font-weight: 400;\">Naudinga kasdien: Rinkinyje taip pat rasite karabin\u0105, \u0161vilpuk\u0105 ir atliek\u0173 mai\u0161us \u2013 praktinius daiktus kasdien\u0117ms situacijoms.<\/span><\/li>\n<\/ul>\n<p><span style=\"font-weight: 400;\">\u0160is rinkinys yra i\u0161skirtinai naudingas atsargumo priemon\u0117, tinkanti \u012fvairiems scenarijams \u2013 nuo ma\u017e\u0173 \u012fbr\u0117\u017eim\u0173 iki sud\u0117tingesni\u0173 situacij\u0173, pavyzd\u017eiui, erki\u0173 \u0161alinimo ar pirmosios pagalbos. Auk\u0161tos kokyb\u0117s priemon\u0117s u\u017etikrina veiksming\u0105 pagalb\u0105 j\u016bs\u0173 augintiniui. <\/span><\/p>\n","protected":false},"excerpt":{"rendered":"<p><span style=\"font-weight: 400;\">Pirmosios pagalbos rinkinys augintiniams, skirtas greitai reaguoti \u012f netik\u0117tas situacijas. \u0160is rinkinys \u2013 b\u016btinas \u012frankis atsakingiems augintini\u0173 savininkams, ypa\u010d kelioni\u0173 metu ar esant aktyviam gyvenimo b\u016bdui. Kompakti\u0161ka ir patogi pakuot\u0117 leid\u017eia lengvai j\u012f tur\u0117ti po ranka.<\/span><\/p>\n","protected":false},"featured_media":13861,"template":"","meta":[],"product_brand":[],"product_cat":[101,108,312],"product_tag":[],"class_list":{"0":"post-13859","1":"product","2":"type-product","3":"status-publish","4":"has-post-thumbnail","6":"product_cat-sunims","7":"product_cat-prieziuros-priemones","8":"product_cat-kitos-priemones-prieziuros-priemones","10":"first","11":"instock","12":"taxable","13":"shipping-taxable","14":"purchasable","15":"product-type-simple"},"yoast_head":"<!-- This site is optimized with the Yoast SEO Premium plugin v27.1 (Yoast SEO v27.3) - https:\/\/yoast.com\/product\/yoast-seo-premium-wordpress\/ -->\n<title>DOGSLIFE pirmosios pagalbos rinkinys augintiniams - anivet.lt<\/title>\n<meta name=\"description\" content=\"Pirmosios pagalbos rinkinys augintiniams, skirtas greitai reaguoti \u012f netik\u0117tas situacijas. \u0160is rinkinys \u2013 b\u016btinas \u012frankis atsakingiems augintini\u0173 savininkams, ypa\u010d kelioni\u0173 metu ar esant aktyviam gyvenimo b\u016bdui. Kompakti\u0161ka ir patogi pakuot\u0117 leid\u017eia lengvai j\u012f tur\u0117ti po ranka.\" \/>\n<meta name=\"robots\" content=\"index, follow, max-snippet:-1, max-image-preview:large, max-video-preview:-1\" \/>\n<link rel=\"canonical\" href=\"https:\/\/anivet.lt\/elparduotuve\/produktas\/dogslife-pirmosios-pagalbos-rinkinys-augintiniams\/\" \/>\n<meta property=\"og:locale\" content=\"lt_LT\" \/>\n<meta property=\"og:type\" content=\"article\" \/>\n<meta property=\"og:title\" content=\"DOGSLIFE pirmosios pagalbos rinkinys augintiniams\" \/>\n<meta property=\"og:description\" content=\"Pirmosios pagalbos rinkinys augintiniams, skirtas greitai reaguoti \u012f netik\u0117tas situacijas. \u0160is rinkinys \u2013 b\u016btinas \u012frankis atsakingiems augintini\u0173 savininkams, ypa\u010d kelioni\u0173 metu ar esant aktyviam gyvenimo b\u016bdui. Kompakti\u0161ka ir patogi pakuot\u0117 leid\u017eia lengvai j\u012f tur\u0117ti po ranka.\" \/>\n<meta property=\"og:url\" content=\"https:\/\/anivet.lt\/elparduotuve\/produktas\/dogslife-pirmosios-pagalbos-rinkinys-augintiniams\/\" \/>\n<meta property=\"og:site_name\" content=\"anivet.lt\" \/>\n<meta property=\"article:modified_time\" content=\"2025-05-27T13:26:47+00:00\" \/>\n<meta property=\"og:image\" content=\"https:\/\/anivet.lt\/elparduotuve\/wp-content\/uploads\/2024\/05\/0008270_dogslife-pirmosios-pagalbos-rinkinys-augintiniams_600.png\" \/>\n\t<meta property=\"og:image:width\" content=\"600\" \/>\n\t<meta property=\"og:image:height\" content=\"600\" \/>\n\t<meta property=\"og:image:type\" content=\"image\/png\" \/>\n<meta name=\"twitter:card\" content=\"summary_large_image\" \/>\n<meta name=\"twitter:label1\" content=\"Est. reading time\" \/>\n\t<meta name=\"twitter:data1\" content=\"1 minut\u0117\" \/>\n<script type=\"application\/ld+json\" class=\"yoast-schema-graph\">{\"@context\":\"https:\\\/\\\/schema.org\",\"@graph\":[{\"@type\":\"WebPage\",\"@id\":\"https:\\\/\\\/anivet.lt\\\/elparduotuve\\\/produktas\\\/dogslife-pirmosios-pagalbos-rinkinys-augintiniams\\\/\",\"url\":\"https:\\\/\\\/anivet.lt\\\/elparduotuve\\\/produktas\\\/dogslife-pirmosios-pagalbos-rinkinys-augintiniams\\\/\",\"name\":\"DOGSLIFE pirmosios pagalbos rinkinys augintiniams - anivet.lt\",\"isPartOf\":{\"@id\":\"https:\\\/\\\/anivet.lt\\\/elparduotuve\\\/#website\"},\"primaryImageOfPage\":{\"@id\":\"https:\\\/\\\/anivet.lt\\\/elparduotuve\\\/produktas\\\/dogslife-pirmosios-pagalbos-rinkinys-augintiniams\\\/#primaryimage\"},\"image\":{\"@id\":\"https:\\\/\\\/anivet.lt\\\/elparduotuve\\\/produktas\\\/dogslife-pirmosios-pagalbos-rinkinys-augintiniams\\\/#primaryimage\"},\"thumbnailUrl\":\"https:\\\/\\\/anivet.lt\\\/elparduotuve\\\/wp-content\\\/uploads\\\/2024\\\/05\\\/0008270_dogslife-pirmosios-pagalbos-rinkinys-augintiniams_600.png\",\"datePublished\":\"2024-05-31T13:24:46+00:00\",\"dateModified\":\"2025-05-27T13:26:47+00:00\",\"description\":\"Pirmosios pagalbos rinkinys augintiniams, skirtas greitai reaguoti \u012f netik\u0117tas situacijas. \u0160is rinkinys \u2013 b\u016btinas \u012frankis atsakingiems augintini\u0173 savininkams, ypa\u010d kelioni\u0173 metu ar esant aktyviam gyvenimo b\u016bdui. Kompakti\u0161ka ir patogi pakuot\u0117 leid\u017eia lengvai j\u012f tur\u0117ti po ranka.\",\"breadcrumb\":{\"@id\":\"https:\\\/\\\/anivet.lt\\\/elparduotuve\\\/produktas\\\/dogslife-pirmosios-pagalbos-rinkinys-augintiniams\\\/#breadcrumb\"},\"inLanguage\":\"lt-LT\",\"potentialAction\":[{\"@type\":\"ReadAction\",\"target\":[\"https:\\\/\\\/anivet.lt\\\/elparduotuve\\\/produktas\\\/dogslife-pirmosios-pagalbos-rinkinys-augintiniams\\\/\"]}]},{\"@type\":\"ImageObject\",\"inLanguage\":\"lt-LT\",\"@id\":\"https:\\\/\\\/anivet.lt\\\/elparduotuve\\\/produktas\\\/dogslife-pirmosios-pagalbos-rinkinys-augintiniams\\\/#primaryimage\",\"url\":\"https:\\\/\\\/anivet.lt\\\/elparduotuve\\\/wp-content\\\/uploads\\\/2024\\\/05\\\/0008270_dogslife-pirmosios-pagalbos-rinkinys-augintiniams_600.png\",\"contentUrl\":\"https:\\\/\\\/anivet.lt\\\/elparduotuve\\\/wp-content\\\/uploads\\\/2024\\\/05\\\/0008270_dogslife-pirmosios-pagalbos-rinkinys-augintiniams_600.png\",\"width\":600,\"height\":600,\"caption\":\"DOGSLIFE pirmosios pagalbos rinkinys augintiniams\"},{\"@type\":\"BreadcrumbList\",\"@id\":\"https:\\\/\\\/anivet.lt\\\/elparduotuve\\\/produktas\\\/dogslife-pirmosios-pagalbos-rinkinys-augintiniams\\\/#breadcrumb\",\"itemListElement\":[{\"@type\":\"ListItem\",\"position\":1,\"name\":\"Home\",\"item\":\"https:\\\/\\\/anivet.lt\\\/elparduotuve\\\/\"},{\"@type\":\"ListItem\",\"position\":2,\"name\":\"Produktai\",\"item\":\"https:\\\/\\\/anivet.lt\\\/elparduotuve\\\/produktai\\\/\"},{\"@type\":\"ListItem\",\"position\":3,\"name\":\"DOGSLIFE pirmosios pagalbos rinkinys augintiniams\"}]},{\"@type\":\"WebSite\",\"@id\":\"https:\\\/\\\/anivet.lt\\\/elparduotuve\\\/#website\",\"url\":\"https:\\\/\\\/anivet.lt\\\/elparduotuve\\\/\",\"name\":\"anivet.lt\",\"description\":\"Viskas J\u016bs\u0173 \u0161uns, kat\u0117s prie\u017ei\u016brai\",\"publisher\":{\"@id\":\"https:\\\/\\\/anivet.lt\\\/elparduotuve\\\/#organization\"},\"alternateName\":\"Viskas J\u016bs\u0173 \u0161uns, kat\u0117s prie\u017ei\u016brai\",\"potentialAction\":[{\"@type\":\"SearchAction\",\"target\":{\"@type\":\"EntryPoint\",\"urlTemplate\":\"https:\\\/\\\/anivet.lt\\\/elparduotuve\\\/?s={search_term_string}\"},\"query-input\":{\"@type\":\"PropertyValueSpecification\",\"valueRequired\":true,\"valueName\":\"search_term_string\"}}],\"inLanguage\":\"lt-LT\"},{\"@type\":\"Organization\",\"@id\":\"https:\\\/\\\/anivet.lt\\\/elparduotuve\\\/#organization\",\"name\":\"Viskas J\u016bs\u0173 \u0161uns, kat\u0117s prie\u017ei\u016brai\",\"url\":\"https:\\\/\\\/anivet.lt\\\/elparduotuve\\\/\",\"logo\":{\"@type\":\"ImageObject\",\"inLanguage\":\"lt-LT\",\"@id\":\"https:\\\/\\\/anivet.lt\\\/elparduotuve\\\/#\\\/schema\\\/logo\\\/image\\\/\",\"url\":\"https:\\\/\\\/anivet.lt\\\/elparduotuve\\\/wp-content\\\/uploads\\\/2023\\\/06\\\/logo2.jpg\",\"contentUrl\":\"https:\\\/\\\/anivet.lt\\\/elparduotuve\\\/wp-content\\\/uploads\\\/2023\\\/06\\\/logo2.jpg\",\"width\":655,\"height\":194,\"caption\":\"Viskas J\u016bs\u0173 \u0161uns, kat\u0117s prie\u017ei\u016brai\"},\"image\":{\"@id\":\"https:\\\/\\\/anivet.lt\\\/elparduotuve\\\/#\\\/schema\\\/logo\\\/image\\\/\"}}]}<\/script>\n<!-- \/ Yoast SEO Premium plugin. -->","yoast_head_json":{"title":"DOGSLIFE pirmosios pagalbos rinkinys augintiniams - anivet.lt","description":"Pirmosios pagalbos rinkinys augintiniams, skirtas greitai reaguoti \u012f netik\u0117tas situacijas. \u0160is rinkinys \u2013 b\u016btinas \u012frankis atsakingiems augintini\u0173 savininkams, ypa\u010d kelioni\u0173 metu ar esant aktyviam gyvenimo b\u016bdui. Kompakti\u0161ka ir patogi pakuot\u0117 leid\u017eia lengvai j\u012f tur\u0117ti po ranka.","robots":{"index":"index","follow":"follow","max-snippet":"max-snippet:-1","max-image-preview":"max-image-preview:large","max-video-preview":"max-video-preview:-1"},"canonical":"https:\/\/anivet.lt\/elparduotuve\/produktas\/dogslife-pirmosios-pagalbos-rinkinys-augintiniams\/","og_locale":"lt_LT","og_type":"article","og_title":"DOGSLIFE pirmosios pagalbos rinkinys augintiniams","og_description":"Pirmosios pagalbos rinkinys augintiniams, skirtas greitai reaguoti \u012f netik\u0117tas situacijas. \u0160is rinkinys \u2013 b\u016btinas \u012frankis atsakingiems augintini\u0173 savininkams, ypa\u010d kelioni\u0173 metu ar esant aktyviam gyvenimo b\u016bdui. Kompakti\u0161ka ir patogi pakuot\u0117 leid\u017eia lengvai j\u012f tur\u0117ti po ranka.","og_url":"https:\/\/anivet.lt\/elparduotuve\/produktas\/dogslife-pirmosios-pagalbos-rinkinys-augintiniams\/","og_site_name":"anivet.lt","article_modified_time":"2025-05-27T13:26:47+00:00","og_image":[{"width":600,"height":600,"url":"https:\/\/anivet.lt\/elparduotuve\/wp-content\/uploads\/2024\/05\/0008270_dogslife-pirmosios-pagalbos-rinkinys-augintiniams_600.png","type":"image\/png"}],"twitter_card":"summary_large_image","twitter_misc":{"Est. reading time":"1 minut\u0117"},"schema":{"@context":"https:\/\/schema.org","@graph":[{"@type":"WebPage","@id":"https:\/\/anivet.lt\/elparduotuve\/produktas\/dogslife-pirmosios-pagalbos-rinkinys-augintiniams\/","url":"https:\/\/anivet.lt\/elparduotuve\/produktas\/dogslife-pirmosios-pagalbos-rinkinys-augintiniams\/","name":"DOGSLIFE pirmosios pagalbos rinkinys augintiniams - anivet.lt","isPartOf":{"@id":"https:\/\/anivet.lt\/elparduotuve\/#website"},"primaryImageOfPage":{"@id":"https:\/\/anivet.lt\/elparduotuve\/produktas\/dogslife-pirmosios-pagalbos-rinkinys-augintiniams\/#primaryimage"},"image":{"@id":"https:\/\/anivet.lt\/elparduotuve\/produktas\/dogslife-pirmosios-pagalbos-rinkinys-augintiniams\/#primaryimage"},"thumbnailUrl":"https:\/\/anivet.lt\/elparduotuve\/wp-content\/uploads\/2024\/05\/0008270_dogslife-pirmosios-pagalbos-rinkinys-augintiniams_600.png","datePublished":"2024-05-31T13:24:46+00:00","dateModified":"2025-05-27T13:26:47+00:00","description":"Pirmosios pagalbos rinkinys augintiniams, skirtas greitai reaguoti \u012f netik\u0117tas situacijas. \u0160is rinkinys \u2013 b\u016btinas \u012frankis atsakingiems augintini\u0173 savininkams, ypa\u010d kelioni\u0173 metu ar esant aktyviam gyvenimo b\u016bdui. Kompakti\u0161ka ir patogi pakuot\u0117 leid\u017eia lengvai j\u012f tur\u0117ti po ranka.","breadcrumb":{"@id":"https:\/\/anivet.lt\/elparduotuve\/produktas\/dogslife-pirmosios-pagalbos-rinkinys-augintiniams\/#breadcrumb"},"inLanguage":"lt-LT","potentialAction":[{"@type":"ReadAction","target":["https:\/\/anivet.lt\/elparduotuve\/produktas\/dogslife-pirmosios-pagalbos-rinkinys-augintiniams\/"]}]},{"@type":"ImageObject","inLanguage":"lt-LT","@id":"https:\/\/anivet.lt\/elparduotuve\/produktas\/dogslife-pirmosios-pagalbos-rinkinys-augintiniams\/#primaryimage","url":"https:\/\/anivet.lt\/elparduotuve\/wp-content\/uploads\/2024\/05\/0008270_dogslife-pirmosios-pagalbos-rinkinys-augintiniams_600.png","contentUrl":"https:\/\/anivet.lt\/elparduotuve\/wp-content\/uploads\/2024\/05\/0008270_dogslife-pirmosios-pagalbos-rinkinys-augintiniams_600.png","width":600,"height":600,"caption":"DOGSLIFE pirmosios pagalbos rinkinys augintiniams"},{"@type":"BreadcrumbList","@id":"https:\/\/anivet.lt\/elparduotuve\/produktas\/dogslife-pirmosios-pagalbos-rinkinys-augintiniams\/#breadcrumb","itemListElement":[{"@type":"ListItem","position":1,"name":"Home","item":"https:\/\/anivet.lt\/elparduotuve\/"},{"@type":"ListItem","position":2,"name":"Produktai","item":"https:\/\/anivet.lt\/elparduotuve\/produktai\/"},{"@type":"ListItem","position":3,"name":"DOGSLIFE pirmosios pagalbos rinkinys augintiniams"}]},{"@type":"WebSite","@id":"https:\/\/anivet.lt\/elparduotuve\/#website","url":"https:\/\/anivet.lt\/elparduotuve\/","name":"anivet.lt","description":"Viskas J\u016bs\u0173 \u0161uns, kat\u0117s prie\u017ei\u016brai","publisher":{"@id":"https:\/\/anivet.lt\/elparduotuve\/#organization"},"alternateName":"Viskas J\u016bs\u0173 \u0161uns, kat\u0117s prie\u017ei\u016brai","potentialAction":[{"@type":"SearchAction","target":{"@type":"EntryPoint","urlTemplate":"https:\/\/anivet.lt\/elparduotuve\/?s={search_term_string}"},"query-input":{"@type":"PropertyValueSpecification","valueRequired":true,"valueName":"search_term_string"}}],"inLanguage":"lt-LT"},{"@type":"Organization","@id":"https:\/\/anivet.lt\/elparduotuve\/#organization","name":"Viskas J\u016bs\u0173 \u0161uns, kat\u0117s prie\u017ei\u016brai","url":"https:\/\/anivet.lt\/elparduotuve\/","logo":{"@type":"ImageObject","inLanguage":"lt-LT","@id":"https:\/\/anivet.lt\/elparduotuve\/#\/schema\/logo\/image\/","url":"https:\/\/anivet.lt\/elparduotuve\/wp-content\/uploads\/2023\/06\/logo2.jpg","contentUrl":"https:\/\/anivet.lt\/elparduotuve\/wp-content\/uploads\/2023\/06\/logo2.jpg","width":655,"height":194,"caption":"Viskas J\u016bs\u0173 \u0161uns, kat\u0117s prie\u017ei\u016brai"},"image":{"@id":"https:\/\/anivet.lt\/elparduotuve\/#\/schema\/logo\/image\/"}}]}},"_links":{"self":[{"href":"https:\/\/anivet.lt\/elparduotuve\/wp-json\/wp\/v2\/product\/13859","targetHints":{"allow":["GET"]}}],"collection":[{"href":"https:\/\/anivet.lt\/elparduotuve\/wp-json\/wp\/v2\/product"}],"about":[{"href":"https:\/\/anivet.lt\/elparduotuve\/wp-json\/wp\/v2\/types\/product"}],"wp:featuredmedia":[{"embeddable":true,"href":"https:\/\/anivet.lt\/elparduotuve\/wp-json\/wp\/v2\/media\/13861"}],"wp:attachment":[{"href":"https:\/\/anivet.lt\/elparduotuve\/wp-json\/wp\/v2\/media?parent=13859"}],"wp:term":[{"taxonomy":"product_brand","embeddable":true,"href":"https:\/\/anivet.lt\/elparduotuve\/wp-json\/wp\/v2\/product_brand?post=13859"},{"taxonomy":"product_cat","embeddable":true,"href":"https:\/\/anivet.lt\/elparduotuve\/wp-json\/wp\/v2\/product_cat?post=13859"},{"taxonomy":"product_tag","embeddable":true,"href":"https:\/\/anivet.lt\/elparduotuve\/wp-json\/wp\/v2\/product_tag?post=13859"}],"curies":[{"name":"wp","href":"https:\/\/api.w.org\/{rel}","templated":true}]}}