{"id":14008,"date":"2024-06-20T22:38:01","date_gmt":"2024-06-20T22:38:01","guid":{"rendered":"https:\/\/anivet.lt\/elparduotuve\/?post_type=product&#038;p=14008"},"modified":"2025-05-27T13:16:05","modified_gmt":"2025-05-27T13:16:05","slug":"josera-help-renal-cat-dry-sausas-maistas-katems-10kg","status":"publish","type":"product","link":"https:\/\/anivet.lt\/elparduotuve\/produktas\/josera-help-renal-cat-dry-sausas-maistas-katems-10kg\/","title":{"rendered":"Josera Help Renal Cat Dry sausas maistas kat\u0117ms 10kg"},"content":{"rendered":"<p><span style=\"font-weight: 400\">\u0160is visavertis, be glitimo \u0117dalas specialiai sukurtas kat\u0117ms, ken\u010dian\u010dioms nuo l\u0117tin\u0117s inkst\u0173 ligos, padeda suma\u017einti inkst\u0173 apkrov\u0105 ir palaikyti ger\u0105 augintinio savijaut\u0105.<\/span><\/p>\n<ul>\n<li style=\"font-weight: 400\"><span style=\"font-weight: 400\">Ma\u017eas baltym\u0173 ir fosforo kiekis: Palengvina inkst\u0173 darb\u0105 ir ma\u017eina med\u017eiag\u0173 apykaitos organ\u0173 apkrov\u0105.<\/span><\/li>\n<li style=\"font-weight: 400\"><span style=\"font-weight: 400\">B grup\u0117s vitaminai: Papildo organizm\u0105, nes jie grei\u010diau pa\u0161alinami sergant inkst\u0173 ligomis.<\/span><\/li>\n<li style=\"font-weight: 400\"><span style=\"font-weight: 400\">Fitogeninis kompleksas su dilg\u0117l\u0117mis: Skatina \u0161lapinim\u0105si ir padeda valyti \u0161lapimo takus.<\/span><\/li>\n<li style=\"font-weight: 400\"><span style=\"font-weight: 400\">La\u0161i\u0161\u0173 aliejus: Omega-3 riebal\u0173 r\u016bg\u0161tys ma\u017eina u\u017edegim\u0105 ir palaiko imunin\u0119 sistem\u0105.<\/span><\/li>\n<li style=\"font-weight: 400\"><span style=\"font-weight: 400\">Didelis energijos tankis: Gyv\u016bnas ilgiau i\u0161lieka energingas ir gerai toleruoja maist\u0105.<\/span><\/li>\n<\/ul>\n<p><span style=\"font-weight: 400\">\u201eJosera Help Renal\u201c yra puikus pasirinkimas siekiant pagerinti kat\u0117s gyvenimo kokyb\u0119, sergant l\u0117tiniu inkst\u0173 nepakankamumu. Jo sud\u0117tis optimizuota ma\u017einti inkst\u0173 apkrov\u0105 ir apr\u016bpinti b\u016btinomis maistin\u0117mis med\u017eiagomis, tuo pa\u010diu u\u017etikrinant skani\u0105 ir sveik\u0105 mityb\u0105, kuri\u0105 kat\u0117 lengvai toleruoja.<\/span><\/p>\n","protected":false},"excerpt":{"rendered":"<p><span style=\"color: #ff0000\"><strong>D\u0117l u\u017esakymo teirautis tel. +370 671 55300 arba fizin\u0117je parduotuv\u0117je.<\/strong><\/span><\/p>\n","protected":false},"featured_media":10980,"template":"","meta":[],"product_brand":[],"product_cat":[114,102,118,342],"product_tag":[],"class_list":{"0":"post-14008","1":"product","2":"type-product","3":"status-publish","4":"has-post-thumbnail","6":"product_cat-kaciu-maistas","7":"product_cat-katems","8":"product_cat-veterinarinis-maistas-katems","9":"product_cat-josera-kaciu-maistas","10":"pa_prekinis-zenklas-josera-help","12":"first","13":"instock","14":"taxable","15":"shipping-taxable","16":"product-type-simple"},"yoast_head":"<!-- This site is optimized with the Yoast SEO Premium plugin v27.1 (Yoast SEO v27.3) - https:\/\/yoast.com\/product\/yoast-seo-premium-wordpress\/ -->\n<title>Josera Help Renal Cat Dry sausas maistas kat\u0117ms 10kg - anivet.lt<\/title>\n<meta name=\"description\" content=\"D\u0117l u\u017esakymo teirautis tel. +370 671 55300 arba fizin\u0117je parduotuv\u0117je.\" \/>\n<meta name=\"robots\" content=\"index, follow, max-snippet:-1, max-image-preview:large, max-video-preview:-1\" \/>\n<link rel=\"canonical\" href=\"https:\/\/anivet.lt\/elparduotuve\/produktas\/josera-help-renal-cat-dry-sausas-maistas-katems-10kg\/\" \/>\n<meta property=\"og:locale\" content=\"lt_LT\" \/>\n<meta property=\"og:type\" content=\"article\" \/>\n<meta property=\"og:title\" content=\"Josera Help Renal Cat Dry sausas maistas kat\u0117ms 10kg\" \/>\n<meta property=\"og:description\" content=\"D\u0117l u\u017esakymo teirautis tel. +370 671 55300 arba fizin\u0117je parduotuv\u0117je.\" \/>\n<meta property=\"og:url\" content=\"https:\/\/anivet.lt\/elparduotuve\/produktas\/josera-help-renal-cat-dry-sausas-maistas-katems-10kg\/\" \/>\n<meta property=\"og:site_name\" content=\"anivet.lt\" \/>\n<meta property=\"article:modified_time\" content=\"2025-05-27T13:16:05+00:00\" \/>\n<meta property=\"og:image\" content=\"https:\/\/anivet.lt\/elparduotuve\/wp-content\/uploads\/2023\/07\/4032254768418_Katze_Josera_Help_Renal_10kg_seitlich.png\" \/>\n\t<meta property=\"og:image:width\" content=\"1850\" \/>\n\t<meta property=\"og:image:height\" content=\"2312\" \/>\n\t<meta property=\"og:image:type\" content=\"image\/png\" \/>\n<meta name=\"twitter:card\" content=\"summary_large_image\" \/>\n<meta name=\"twitter:label1\" content=\"Est. reading time\" \/>\n\t<meta name=\"twitter:data1\" content=\"1 minut\u0117\" \/>\n<script type=\"application\/ld+json\" class=\"yoast-schema-graph\">{\"@context\":\"https:\\\/\\\/schema.org\",\"@graph\":[{\"@type\":\"WebPage\",\"@id\":\"https:\\\/\\\/anivet.lt\\\/elparduotuve\\\/produktas\\\/josera-help-renal-cat-dry-sausas-maistas-katems-10kg\\\/\",\"url\":\"https:\\\/\\\/anivet.lt\\\/elparduotuve\\\/produktas\\\/josera-help-renal-cat-dry-sausas-maistas-katems-10kg\\\/\",\"name\":\"Josera Help Renal Cat Dry sausas maistas kat\u0117ms 10kg - anivet.lt\",\"isPartOf\":{\"@id\":\"https:\\\/\\\/anivet.lt\\\/elparduotuve\\\/#website\"},\"primaryImageOfPage\":{\"@id\":\"https:\\\/\\\/anivet.lt\\\/elparduotuve\\\/produktas\\\/josera-help-renal-cat-dry-sausas-maistas-katems-10kg\\\/#primaryimage\"},\"image\":{\"@id\":\"https:\\\/\\\/anivet.lt\\\/elparduotuve\\\/produktas\\\/josera-help-renal-cat-dry-sausas-maistas-katems-10kg\\\/#primaryimage\"},\"thumbnailUrl\":\"https:\\\/\\\/anivet.lt\\\/elparduotuve\\\/wp-content\\\/uploads\\\/2023\\\/07\\\/4032254768418_Katze_Josera_Help_Renal_10kg_seitlich.png\",\"datePublished\":\"2024-06-20T22:38:01+00:00\",\"dateModified\":\"2025-05-27T13:16:05+00:00\",\"description\":\"D\u0117l u\u017esakymo teirautis tel. +370 671 55300 arba fizin\u0117je parduotuv\u0117je.\",\"breadcrumb\":{\"@id\":\"https:\\\/\\\/anivet.lt\\\/elparduotuve\\\/produktas\\\/josera-help-renal-cat-dry-sausas-maistas-katems-10kg\\\/#breadcrumb\"},\"inLanguage\":\"lt-LT\",\"potentialAction\":[{\"@type\":\"ReadAction\",\"target\":[\"https:\\\/\\\/anivet.lt\\\/elparduotuve\\\/produktas\\\/josera-help-renal-cat-dry-sausas-maistas-katems-10kg\\\/\"]}]},{\"@type\":\"ImageObject\",\"inLanguage\":\"lt-LT\",\"@id\":\"https:\\\/\\\/anivet.lt\\\/elparduotuve\\\/produktas\\\/josera-help-renal-cat-dry-sausas-maistas-katems-10kg\\\/#primaryimage\",\"url\":\"https:\\\/\\\/anivet.lt\\\/elparduotuve\\\/wp-content\\\/uploads\\\/2023\\\/07\\\/4032254768418_Katze_Josera_Help_Renal_10kg_seitlich.png\",\"contentUrl\":\"https:\\\/\\\/anivet.lt\\\/elparduotuve\\\/wp-content\\\/uploads\\\/2023\\\/07\\\/4032254768418_Katze_Josera_Help_Renal_10kg_seitlich.png\",\"width\":1850,\"height\":2312,\"caption\":\"Josera Help Renal Cat Dry sausas maistas kat\u0117ms 2kg\"},{\"@type\":\"BreadcrumbList\",\"@id\":\"https:\\\/\\\/anivet.lt\\\/elparduotuve\\\/produktas\\\/josera-help-renal-cat-dry-sausas-maistas-katems-10kg\\\/#breadcrumb\",\"itemListElement\":[{\"@type\":\"ListItem\",\"position\":1,\"name\":\"Home\",\"item\":\"https:\\\/\\\/anivet.lt\\\/elparduotuve\\\/\"},{\"@type\":\"ListItem\",\"position\":2,\"name\":\"Produktai\",\"item\":\"https:\\\/\\\/anivet.lt\\\/elparduotuve\\\/produktai\\\/\"},{\"@type\":\"ListItem\",\"position\":3,\"name\":\"Josera Help Renal Cat Dry sausas maistas kat\u0117ms 10kg\"}]},{\"@type\":\"WebSite\",\"@id\":\"https:\\\/\\\/anivet.lt\\\/elparduotuve\\\/#website\",\"url\":\"https:\\\/\\\/anivet.lt\\\/elparduotuve\\\/\",\"name\":\"anivet.lt\",\"description\":\"Viskas J\u016bs\u0173 \u0161uns, kat\u0117s prie\u017ei\u016brai\",\"publisher\":{\"@id\":\"https:\\\/\\\/anivet.lt\\\/elparduotuve\\\/#organization\"},\"alternateName\":\"Viskas J\u016bs\u0173 \u0161uns, kat\u0117s prie\u017ei\u016brai\",\"potentialAction\":[{\"@type\":\"SearchAction\",\"target\":{\"@type\":\"EntryPoint\",\"urlTemplate\":\"https:\\\/\\\/anivet.lt\\\/elparduotuve\\\/?s={search_term_string}\"},\"query-input\":{\"@type\":\"PropertyValueSpecification\",\"valueRequired\":true,\"valueName\":\"search_term_string\"}}],\"inLanguage\":\"lt-LT\"},{\"@type\":\"Organization\",\"@id\":\"https:\\\/\\\/anivet.lt\\\/elparduotuve\\\/#organization\",\"name\":\"Viskas J\u016bs\u0173 \u0161uns, kat\u0117s prie\u017ei\u016brai\",\"url\":\"https:\\\/\\\/anivet.lt\\\/elparduotuve\\\/\",\"logo\":{\"@type\":\"ImageObject\",\"inLanguage\":\"lt-LT\",\"@id\":\"https:\\\/\\\/anivet.lt\\\/elparduotuve\\\/#\\\/schema\\\/logo\\\/image\\\/\",\"url\":\"https:\\\/\\\/anivet.lt\\\/elparduotuve\\\/wp-content\\\/uploads\\\/2023\\\/06\\\/logo2.jpg\",\"contentUrl\":\"https:\\\/\\\/anivet.lt\\\/elparduotuve\\\/wp-content\\\/uploads\\\/2023\\\/06\\\/logo2.jpg\",\"width\":655,\"height\":194,\"caption\":\"Viskas J\u016bs\u0173 \u0161uns, kat\u0117s prie\u017ei\u016brai\"},\"image\":{\"@id\":\"https:\\\/\\\/anivet.lt\\\/elparduotuve\\\/#\\\/schema\\\/logo\\\/image\\\/\"}}]}<\/script>\n<!-- \/ Yoast SEO Premium plugin. -->","yoast_head_json":{"title":"Josera Help Renal Cat Dry sausas maistas kat\u0117ms 10kg - anivet.lt","description":"D\u0117l u\u017esakymo teirautis tel. +370 671 55300 arba fizin\u0117je parduotuv\u0117je.","robots":{"index":"index","follow":"follow","max-snippet":"max-snippet:-1","max-image-preview":"max-image-preview:large","max-video-preview":"max-video-preview:-1"},"canonical":"https:\/\/anivet.lt\/elparduotuve\/produktas\/josera-help-renal-cat-dry-sausas-maistas-katems-10kg\/","og_locale":"lt_LT","og_type":"article","og_title":"Josera Help Renal Cat Dry sausas maistas kat\u0117ms 10kg","og_description":"D\u0117l u\u017esakymo teirautis tel. +370 671 55300 arba fizin\u0117je parduotuv\u0117je.","og_url":"https:\/\/anivet.lt\/elparduotuve\/produktas\/josera-help-renal-cat-dry-sausas-maistas-katems-10kg\/","og_site_name":"anivet.lt","article_modified_time":"2025-05-27T13:16:05+00:00","og_image":[{"width":1850,"height":2312,"url":"https:\/\/anivet.lt\/elparduotuve\/wp-content\/uploads\/2023\/07\/4032254768418_Katze_Josera_Help_Renal_10kg_seitlich.png","type":"image\/png"}],"twitter_card":"summary_large_image","twitter_misc":{"Est. reading time":"1 minut\u0117"},"schema":{"@context":"https:\/\/schema.org","@graph":[{"@type":"WebPage","@id":"https:\/\/anivet.lt\/elparduotuve\/produktas\/josera-help-renal-cat-dry-sausas-maistas-katems-10kg\/","url":"https:\/\/anivet.lt\/elparduotuve\/produktas\/josera-help-renal-cat-dry-sausas-maistas-katems-10kg\/","name":"Josera Help Renal Cat Dry sausas maistas kat\u0117ms 10kg - anivet.lt","isPartOf":{"@id":"https:\/\/anivet.lt\/elparduotuve\/#website"},"primaryImageOfPage":{"@id":"https:\/\/anivet.lt\/elparduotuve\/produktas\/josera-help-renal-cat-dry-sausas-maistas-katems-10kg\/#primaryimage"},"image":{"@id":"https:\/\/anivet.lt\/elparduotuve\/produktas\/josera-help-renal-cat-dry-sausas-maistas-katems-10kg\/#primaryimage"},"thumbnailUrl":"https:\/\/anivet.lt\/elparduotuve\/wp-content\/uploads\/2023\/07\/4032254768418_Katze_Josera_Help_Renal_10kg_seitlich.png","datePublished":"2024-06-20T22:38:01+00:00","dateModified":"2025-05-27T13:16:05+00:00","description":"D\u0117l u\u017esakymo teirautis tel. +370 671 55300 arba fizin\u0117je parduotuv\u0117je.","breadcrumb":{"@id":"https:\/\/anivet.lt\/elparduotuve\/produktas\/josera-help-renal-cat-dry-sausas-maistas-katems-10kg\/#breadcrumb"},"inLanguage":"lt-LT","potentialAction":[{"@type":"ReadAction","target":["https:\/\/anivet.lt\/elparduotuve\/produktas\/josera-help-renal-cat-dry-sausas-maistas-katems-10kg\/"]}]},{"@type":"ImageObject","inLanguage":"lt-LT","@id":"https:\/\/anivet.lt\/elparduotuve\/produktas\/josera-help-renal-cat-dry-sausas-maistas-katems-10kg\/#primaryimage","url":"https:\/\/anivet.lt\/elparduotuve\/wp-content\/uploads\/2023\/07\/4032254768418_Katze_Josera_Help_Renal_10kg_seitlich.png","contentUrl":"https:\/\/anivet.lt\/elparduotuve\/wp-content\/uploads\/2023\/07\/4032254768418_Katze_Josera_Help_Renal_10kg_seitlich.png","width":1850,"height":2312,"caption":"Josera Help Renal Cat Dry sausas maistas kat\u0117ms 2kg"},{"@type":"BreadcrumbList","@id":"https:\/\/anivet.lt\/elparduotuve\/produktas\/josera-help-renal-cat-dry-sausas-maistas-katems-10kg\/#breadcrumb","itemListElement":[{"@type":"ListItem","position":1,"name":"Home","item":"https:\/\/anivet.lt\/elparduotuve\/"},{"@type":"ListItem","position":2,"name":"Produktai","item":"https:\/\/anivet.lt\/elparduotuve\/produktai\/"},{"@type":"ListItem","position":3,"name":"Josera Help Renal Cat Dry sausas maistas kat\u0117ms 10kg"}]},{"@type":"WebSite","@id":"https:\/\/anivet.lt\/elparduotuve\/#website","url":"https:\/\/anivet.lt\/elparduotuve\/","name":"anivet.lt","description":"Viskas J\u016bs\u0173 \u0161uns, kat\u0117s prie\u017ei\u016brai","publisher":{"@id":"https:\/\/anivet.lt\/elparduotuve\/#organization"},"alternateName":"Viskas J\u016bs\u0173 \u0161uns, kat\u0117s prie\u017ei\u016brai","potentialAction":[{"@type":"SearchAction","target":{"@type":"EntryPoint","urlTemplate":"https:\/\/anivet.lt\/elparduotuve\/?s={search_term_string}"},"query-input":{"@type":"PropertyValueSpecification","valueRequired":true,"valueName":"search_term_string"}}],"inLanguage":"lt-LT"},{"@type":"Organization","@id":"https:\/\/anivet.lt\/elparduotuve\/#organization","name":"Viskas J\u016bs\u0173 \u0161uns, kat\u0117s prie\u017ei\u016brai","url":"https:\/\/anivet.lt\/elparduotuve\/","logo":{"@type":"ImageObject","inLanguage":"lt-LT","@id":"https:\/\/anivet.lt\/elparduotuve\/#\/schema\/logo\/image\/","url":"https:\/\/anivet.lt\/elparduotuve\/wp-content\/uploads\/2023\/06\/logo2.jpg","contentUrl":"https:\/\/anivet.lt\/elparduotuve\/wp-content\/uploads\/2023\/06\/logo2.jpg","width":655,"height":194,"caption":"Viskas J\u016bs\u0173 \u0161uns, kat\u0117s prie\u017ei\u016brai"},"image":{"@id":"https:\/\/anivet.lt\/elparduotuve\/#\/schema\/logo\/image\/"}}]}},"_links":{"self":[{"href":"https:\/\/anivet.lt\/elparduotuve\/wp-json\/wp\/v2\/product\/14008","targetHints":{"allow":["GET"]}}],"collection":[{"href":"https:\/\/anivet.lt\/elparduotuve\/wp-json\/wp\/v2\/product"}],"about":[{"href":"https:\/\/anivet.lt\/elparduotuve\/wp-json\/wp\/v2\/types\/product"}],"wp:featuredmedia":[{"embeddable":true,"href":"https:\/\/anivet.lt\/elparduotuve\/wp-json\/wp\/v2\/media\/10980"}],"wp:attachment":[{"href":"https:\/\/anivet.lt\/elparduotuve\/wp-json\/wp\/v2\/media?parent=14008"}],"wp:term":[{"taxonomy":"product_brand","embeddable":true,"href":"https:\/\/anivet.lt\/elparduotuve\/wp-json\/wp\/v2\/product_brand?post=14008"},{"taxonomy":"product_cat","embeddable":true,"href":"https:\/\/anivet.lt\/elparduotuve\/wp-json\/wp\/v2\/product_cat?post=14008"},{"taxonomy":"product_tag","embeddable":true,"href":"https:\/\/anivet.lt\/elparduotuve\/wp-json\/wp\/v2\/product_tag?post=14008"}],"curies":[{"name":"wp","href":"https:\/\/api.w.org\/{rel}","templated":true}]}}