{"id":14010,"date":"2024-06-20T23:01:59","date_gmt":"2024-06-20T23:01:59","guid":{"rendered":"https:\/\/anivet.lt\/elparduotuve\/?post_type=product&#038;p=14010"},"modified":"2025-05-27T13:16:02","modified_gmt":"2025-05-27T13:16:02","slug":"josera-help-hypoallergenic-cat-dry-hipoalerginis-maistas-katems-10kg","status":"publish","type":"product","link":"https:\/\/anivet.lt\/elparduotuve\/produktas\/josera-help-hypoallergenic-cat-dry-hipoalerginis-maistas-katems-10kg\/","title":{"rendered":"Josera Help Hypoallergenic Cat Dry hipoalerginis maistas kat\u0117ms 10kg"},"content":{"rendered":"<p><span style=\"font-weight: 400\">\u0160is visavertis sausas \u0117dalas yra specialiai sukurtas suaugusioms kat\u0117ms, turin\u010dioms maisto netoleravimo ar alergij\u0173 problem\u0173. Subalansuota sud\u0117tis su la\u0161i\u0161os baltymais kaip vieninteliu gyv\u016bnin\u0117s kilm\u0117s baltym\u0173 \u0161altiniu padeda ma\u017einti alergijos simptomus ir palaikyti bendr\u0105 sveikat\u0105.<\/span><\/p>\n<ul>\n<li style=\"font-weight: 400\"><span style=\"font-weight: 400\">Monobaltymin\u0117 formul\u0117: Tik vienas gyv\u016bnin\u0117s kilm\u0117s baltym\u0173 \u0161altinis \u2013 la\u0161i\u0161a, tinkanti jautrioms kat\u0117ms.<\/span><\/li>\n<li style=\"font-weight: 400\"><span style=\"font-weight: 400\">Be gr\u016bd\u0173: Lengvai vir\u0161kinamas, tinka kat\u0117ms, kurios netoleruoja gr\u016bd\u0173 ar turi jautri\u0105 vir\u0161kinimo sistem\u0105.<\/span><\/li>\n<li style=\"font-weight: 400\"><span style=\"font-weight: 400\">Ma\u017eina alergijos simptomus: Padeda suma\u017einti nie\u017e\u0117jim\u0105, odos problemas ar vir\u0161kinimo sutrikimus.<\/span><\/li>\n<li style=\"font-weight: 400\"><span style=\"font-weight: 400\">Atrankin\u0117 dieta: Nedidelis ingredient\u0173 skai\u010dius u\u017etikrina geresn\u012f toleravim\u0105 ir suma\u017eina alergini\u0173 reakcij\u0173 rizik\u0105.<\/span><\/li>\n<li style=\"font-weight: 400\"><span style=\"font-weight: 400\">Rinktiniai angliavandeniai: Pirminis terminis apdorojimas padidina ingredient\u0173 vir\u0161kinamum\u0105 ir suma\u017eina netoleravimo rizik\u0105.<\/span><\/li>\n<\/ul>\n<p><span style=\"font-weight: 400\">Puikus pasirinkimas jautrioms kat\u0117ms, kurios ken\u010dia nuo alergij\u0173 ar netoleravimo. Jo subalansuota formul\u0117 be gr\u016bd\u0173 ir su auk\u0161tos kokyb\u0117s la\u0161i\u0161os baltymais u\u017etikrina, kad J\u016bs\u0173 kat\u0117 gal\u0117s m\u0117gautis \u0117dalu be diskomforto, palaikant sveik\u0105 od\u0105, kail\u012f ir vir\u0161kinim\u0105.<\/span><\/p>\n","protected":false},"excerpt":{"rendered":"<p><span style=\"color: #ff0000\"><strong>D\u0117l u\u017esakymo teirautis tel. +370 671 55300 arba fizin\u0117je parduotuv\u0117je.<\/strong><\/span><\/p>\n","protected":false},"featured_media":10972,"template":"","meta":[],"product_brand":[],"product_cat":[114,102,118,342],"product_tag":[],"class_list":{"0":"post-14010","1":"product","2":"type-product","3":"status-publish","4":"has-post-thumbnail","6":"product_cat-kaciu-maistas","7":"product_cat-katems","8":"product_cat-veterinarinis-maistas-katems","9":"product_cat-josera-kaciu-maistas","10":"pa_prekinis-zenklas-josera-help","12":"first","13":"instock","14":"taxable","15":"shipping-taxable","16":"product-type-simple"},"yoast_head":"<!-- This site is optimized with the Yoast SEO Premium plugin v27.1 (Yoast SEO v27.3) - https:\/\/yoast.com\/product\/yoast-seo-premium-wordpress\/ -->\n<title>Josera Help Hypoallergenic Cat Dry hipoalerginis maistas kat\u0117ms 10kg - anivet.lt<\/title>\n<meta name=\"description\" content=\"D\u0117l u\u017esakymo teirautis tel. +370 671 55300 arba fizin\u0117je parduotuv\u0117je.\" \/>\n<meta name=\"robots\" content=\"index, follow, max-snippet:-1, max-image-preview:large, max-video-preview:-1\" \/>\n<link rel=\"canonical\" href=\"https:\/\/anivet.lt\/elparduotuve\/produktas\/josera-help-hypoallergenic-cat-dry-hipoalerginis-maistas-katems-10kg\/\" \/>\n<meta property=\"og:locale\" content=\"lt_LT\" \/>\n<meta property=\"og:type\" content=\"article\" \/>\n<meta property=\"og:title\" content=\"Josera Help Hypoallergenic Cat Dry hipoalerginis maistas kat\u0117ms 10kg\" \/>\n<meta property=\"og:description\" content=\"D\u0117l u\u017esakymo teirautis tel. +370 671 55300 arba fizin\u0117je parduotuv\u0117je.\" \/>\n<meta property=\"og:url\" content=\"https:\/\/anivet.lt\/elparduotuve\/produktas\/josera-help-hypoallergenic-cat-dry-hipoalerginis-maistas-katems-10kg\/\" \/>\n<meta property=\"og:site_name\" content=\"anivet.lt\" \/>\n<meta property=\"article:modified_time\" content=\"2025-05-27T13:16:02+00:00\" \/>\n<meta property=\"og:image\" content=\"https:\/\/anivet.lt\/elparduotuve\/wp-content\/uploads\/2023\/07\/4032254768463_Katze_Josera_Help_Hypoallergenic_10kg_seitlich.png\" \/>\n\t<meta property=\"og:image:width\" content=\"1850\" \/>\n\t<meta property=\"og:image:height\" content=\"2312\" \/>\n\t<meta property=\"og:image:type\" content=\"image\/png\" \/>\n<meta name=\"twitter:card\" content=\"summary_large_image\" \/>\n<meta name=\"twitter:label1\" content=\"Est. reading time\" \/>\n\t<meta name=\"twitter:data1\" content=\"1 minut\u0117\" \/>\n<script type=\"application\/ld+json\" class=\"yoast-schema-graph\">{\"@context\":\"https:\\\/\\\/schema.org\",\"@graph\":[{\"@type\":\"WebPage\",\"@id\":\"https:\\\/\\\/anivet.lt\\\/elparduotuve\\\/produktas\\\/josera-help-hypoallergenic-cat-dry-hipoalerginis-maistas-katems-10kg\\\/\",\"url\":\"https:\\\/\\\/anivet.lt\\\/elparduotuve\\\/produktas\\\/josera-help-hypoallergenic-cat-dry-hipoalerginis-maistas-katems-10kg\\\/\",\"name\":\"Josera Help Hypoallergenic Cat Dry hipoalerginis maistas kat\u0117ms 10kg - anivet.lt\",\"isPartOf\":{\"@id\":\"https:\\\/\\\/anivet.lt\\\/elparduotuve\\\/#website\"},\"primaryImageOfPage\":{\"@id\":\"https:\\\/\\\/anivet.lt\\\/elparduotuve\\\/produktas\\\/josera-help-hypoallergenic-cat-dry-hipoalerginis-maistas-katems-10kg\\\/#primaryimage\"},\"image\":{\"@id\":\"https:\\\/\\\/anivet.lt\\\/elparduotuve\\\/produktas\\\/josera-help-hypoallergenic-cat-dry-hipoalerginis-maistas-katems-10kg\\\/#primaryimage\"},\"thumbnailUrl\":\"https:\\\/\\\/anivet.lt\\\/elparduotuve\\\/wp-content\\\/uploads\\\/2023\\\/07\\\/4032254768463_Katze_Josera_Help_Hypoallergenic_10kg_seitlich.png\",\"datePublished\":\"2024-06-20T23:01:59+00:00\",\"dateModified\":\"2025-05-27T13:16:02+00:00\",\"description\":\"D\u0117l u\u017esakymo teirautis tel. +370 671 55300 arba fizin\u0117je parduotuv\u0117je.\",\"breadcrumb\":{\"@id\":\"https:\\\/\\\/anivet.lt\\\/elparduotuve\\\/produktas\\\/josera-help-hypoallergenic-cat-dry-hipoalerginis-maistas-katems-10kg\\\/#breadcrumb\"},\"inLanguage\":\"lt-LT\",\"potentialAction\":[{\"@type\":\"ReadAction\",\"target\":[\"https:\\\/\\\/anivet.lt\\\/elparduotuve\\\/produktas\\\/josera-help-hypoallergenic-cat-dry-hipoalerginis-maistas-katems-10kg\\\/\"]}]},{\"@type\":\"ImageObject\",\"inLanguage\":\"lt-LT\",\"@id\":\"https:\\\/\\\/anivet.lt\\\/elparduotuve\\\/produktas\\\/josera-help-hypoallergenic-cat-dry-hipoalerginis-maistas-katems-10kg\\\/#primaryimage\",\"url\":\"https:\\\/\\\/anivet.lt\\\/elparduotuve\\\/wp-content\\\/uploads\\\/2023\\\/07\\\/4032254768463_Katze_Josera_Help_Hypoallergenic_10kg_seitlich.png\",\"contentUrl\":\"https:\\\/\\\/anivet.lt\\\/elparduotuve\\\/wp-content\\\/uploads\\\/2023\\\/07\\\/4032254768463_Katze_Josera_Help_Hypoallergenic_10kg_seitlich.png\",\"width\":1850,\"height\":2312,\"caption\":\"Josera Help Hypoallergenic Cat Dry hipoalerginis maistas kat\u0117ms 2kg\"},{\"@type\":\"BreadcrumbList\",\"@id\":\"https:\\\/\\\/anivet.lt\\\/elparduotuve\\\/produktas\\\/josera-help-hypoallergenic-cat-dry-hipoalerginis-maistas-katems-10kg\\\/#breadcrumb\",\"itemListElement\":[{\"@type\":\"ListItem\",\"position\":1,\"name\":\"Home\",\"item\":\"https:\\\/\\\/anivet.lt\\\/elparduotuve\\\/\"},{\"@type\":\"ListItem\",\"position\":2,\"name\":\"Produktai\",\"item\":\"https:\\\/\\\/anivet.lt\\\/elparduotuve\\\/produktai\\\/\"},{\"@type\":\"ListItem\",\"position\":3,\"name\":\"Josera Help Hypoallergenic Cat Dry hipoalerginis maistas kat\u0117ms 10kg\"}]},{\"@type\":\"WebSite\",\"@id\":\"https:\\\/\\\/anivet.lt\\\/elparduotuve\\\/#website\",\"url\":\"https:\\\/\\\/anivet.lt\\\/elparduotuve\\\/\",\"name\":\"anivet.lt\",\"description\":\"Viskas J\u016bs\u0173 \u0161uns, kat\u0117s prie\u017ei\u016brai\",\"publisher\":{\"@id\":\"https:\\\/\\\/anivet.lt\\\/elparduotuve\\\/#organization\"},\"alternateName\":\"Viskas J\u016bs\u0173 \u0161uns, kat\u0117s prie\u017ei\u016brai\",\"potentialAction\":[{\"@type\":\"SearchAction\",\"target\":{\"@type\":\"EntryPoint\",\"urlTemplate\":\"https:\\\/\\\/anivet.lt\\\/elparduotuve\\\/?s={search_term_string}\"},\"query-input\":{\"@type\":\"PropertyValueSpecification\",\"valueRequired\":true,\"valueName\":\"search_term_string\"}}],\"inLanguage\":\"lt-LT\"},{\"@type\":\"Organization\",\"@id\":\"https:\\\/\\\/anivet.lt\\\/elparduotuve\\\/#organization\",\"name\":\"Viskas J\u016bs\u0173 \u0161uns, kat\u0117s prie\u017ei\u016brai\",\"url\":\"https:\\\/\\\/anivet.lt\\\/elparduotuve\\\/\",\"logo\":{\"@type\":\"ImageObject\",\"inLanguage\":\"lt-LT\",\"@id\":\"https:\\\/\\\/anivet.lt\\\/elparduotuve\\\/#\\\/schema\\\/logo\\\/image\\\/\",\"url\":\"https:\\\/\\\/anivet.lt\\\/elparduotuve\\\/wp-content\\\/uploads\\\/2023\\\/06\\\/logo2.jpg\",\"contentUrl\":\"https:\\\/\\\/anivet.lt\\\/elparduotuve\\\/wp-content\\\/uploads\\\/2023\\\/06\\\/logo2.jpg\",\"width\":655,\"height\":194,\"caption\":\"Viskas J\u016bs\u0173 \u0161uns, kat\u0117s prie\u017ei\u016brai\"},\"image\":{\"@id\":\"https:\\\/\\\/anivet.lt\\\/elparduotuve\\\/#\\\/schema\\\/logo\\\/image\\\/\"}}]}<\/script>\n<!-- \/ Yoast SEO Premium plugin. -->","yoast_head_json":{"title":"Josera Help Hypoallergenic Cat Dry hipoalerginis maistas kat\u0117ms 10kg - anivet.lt","description":"D\u0117l u\u017esakymo teirautis tel. +370 671 55300 arba fizin\u0117je parduotuv\u0117je.","robots":{"index":"index","follow":"follow","max-snippet":"max-snippet:-1","max-image-preview":"max-image-preview:large","max-video-preview":"max-video-preview:-1"},"canonical":"https:\/\/anivet.lt\/elparduotuve\/produktas\/josera-help-hypoallergenic-cat-dry-hipoalerginis-maistas-katems-10kg\/","og_locale":"lt_LT","og_type":"article","og_title":"Josera Help Hypoallergenic Cat Dry hipoalerginis maistas kat\u0117ms 10kg","og_description":"D\u0117l u\u017esakymo teirautis tel. +370 671 55300 arba fizin\u0117je parduotuv\u0117je.","og_url":"https:\/\/anivet.lt\/elparduotuve\/produktas\/josera-help-hypoallergenic-cat-dry-hipoalerginis-maistas-katems-10kg\/","og_site_name":"anivet.lt","article_modified_time":"2025-05-27T13:16:02+00:00","og_image":[{"width":1850,"height":2312,"url":"https:\/\/anivet.lt\/elparduotuve\/wp-content\/uploads\/2023\/07\/4032254768463_Katze_Josera_Help_Hypoallergenic_10kg_seitlich.png","type":"image\/png"}],"twitter_card":"summary_large_image","twitter_misc":{"Est. reading time":"1 minut\u0117"},"schema":{"@context":"https:\/\/schema.org","@graph":[{"@type":"WebPage","@id":"https:\/\/anivet.lt\/elparduotuve\/produktas\/josera-help-hypoallergenic-cat-dry-hipoalerginis-maistas-katems-10kg\/","url":"https:\/\/anivet.lt\/elparduotuve\/produktas\/josera-help-hypoallergenic-cat-dry-hipoalerginis-maistas-katems-10kg\/","name":"Josera Help Hypoallergenic Cat Dry hipoalerginis maistas kat\u0117ms 10kg - anivet.lt","isPartOf":{"@id":"https:\/\/anivet.lt\/elparduotuve\/#website"},"primaryImageOfPage":{"@id":"https:\/\/anivet.lt\/elparduotuve\/produktas\/josera-help-hypoallergenic-cat-dry-hipoalerginis-maistas-katems-10kg\/#primaryimage"},"image":{"@id":"https:\/\/anivet.lt\/elparduotuve\/produktas\/josera-help-hypoallergenic-cat-dry-hipoalerginis-maistas-katems-10kg\/#primaryimage"},"thumbnailUrl":"https:\/\/anivet.lt\/elparduotuve\/wp-content\/uploads\/2023\/07\/4032254768463_Katze_Josera_Help_Hypoallergenic_10kg_seitlich.png","datePublished":"2024-06-20T23:01:59+00:00","dateModified":"2025-05-27T13:16:02+00:00","description":"D\u0117l u\u017esakymo teirautis tel. +370 671 55300 arba fizin\u0117je parduotuv\u0117je.","breadcrumb":{"@id":"https:\/\/anivet.lt\/elparduotuve\/produktas\/josera-help-hypoallergenic-cat-dry-hipoalerginis-maistas-katems-10kg\/#breadcrumb"},"inLanguage":"lt-LT","potentialAction":[{"@type":"ReadAction","target":["https:\/\/anivet.lt\/elparduotuve\/produktas\/josera-help-hypoallergenic-cat-dry-hipoalerginis-maistas-katems-10kg\/"]}]},{"@type":"ImageObject","inLanguage":"lt-LT","@id":"https:\/\/anivet.lt\/elparduotuve\/produktas\/josera-help-hypoallergenic-cat-dry-hipoalerginis-maistas-katems-10kg\/#primaryimage","url":"https:\/\/anivet.lt\/elparduotuve\/wp-content\/uploads\/2023\/07\/4032254768463_Katze_Josera_Help_Hypoallergenic_10kg_seitlich.png","contentUrl":"https:\/\/anivet.lt\/elparduotuve\/wp-content\/uploads\/2023\/07\/4032254768463_Katze_Josera_Help_Hypoallergenic_10kg_seitlich.png","width":1850,"height":2312,"caption":"Josera Help Hypoallergenic Cat Dry hipoalerginis maistas kat\u0117ms 2kg"},{"@type":"BreadcrumbList","@id":"https:\/\/anivet.lt\/elparduotuve\/produktas\/josera-help-hypoallergenic-cat-dry-hipoalerginis-maistas-katems-10kg\/#breadcrumb","itemListElement":[{"@type":"ListItem","position":1,"name":"Home","item":"https:\/\/anivet.lt\/elparduotuve\/"},{"@type":"ListItem","position":2,"name":"Produktai","item":"https:\/\/anivet.lt\/elparduotuve\/produktai\/"},{"@type":"ListItem","position":3,"name":"Josera Help Hypoallergenic Cat Dry hipoalerginis maistas kat\u0117ms 10kg"}]},{"@type":"WebSite","@id":"https:\/\/anivet.lt\/elparduotuve\/#website","url":"https:\/\/anivet.lt\/elparduotuve\/","name":"anivet.lt","description":"Viskas J\u016bs\u0173 \u0161uns, kat\u0117s prie\u017ei\u016brai","publisher":{"@id":"https:\/\/anivet.lt\/elparduotuve\/#organization"},"alternateName":"Viskas J\u016bs\u0173 \u0161uns, kat\u0117s prie\u017ei\u016brai","potentialAction":[{"@type":"SearchAction","target":{"@type":"EntryPoint","urlTemplate":"https:\/\/anivet.lt\/elparduotuve\/?s={search_term_string}"},"query-input":{"@type":"PropertyValueSpecification","valueRequired":true,"valueName":"search_term_string"}}],"inLanguage":"lt-LT"},{"@type":"Organization","@id":"https:\/\/anivet.lt\/elparduotuve\/#organization","name":"Viskas J\u016bs\u0173 \u0161uns, kat\u0117s prie\u017ei\u016brai","url":"https:\/\/anivet.lt\/elparduotuve\/","logo":{"@type":"ImageObject","inLanguage":"lt-LT","@id":"https:\/\/anivet.lt\/elparduotuve\/#\/schema\/logo\/image\/","url":"https:\/\/anivet.lt\/elparduotuve\/wp-content\/uploads\/2023\/06\/logo2.jpg","contentUrl":"https:\/\/anivet.lt\/elparduotuve\/wp-content\/uploads\/2023\/06\/logo2.jpg","width":655,"height":194,"caption":"Viskas J\u016bs\u0173 \u0161uns, kat\u0117s prie\u017ei\u016brai"},"image":{"@id":"https:\/\/anivet.lt\/elparduotuve\/#\/schema\/logo\/image\/"}}]}},"_links":{"self":[{"href":"https:\/\/anivet.lt\/elparduotuve\/wp-json\/wp\/v2\/product\/14010","targetHints":{"allow":["GET"]}}],"collection":[{"href":"https:\/\/anivet.lt\/elparduotuve\/wp-json\/wp\/v2\/product"}],"about":[{"href":"https:\/\/anivet.lt\/elparduotuve\/wp-json\/wp\/v2\/types\/product"}],"wp:featuredmedia":[{"embeddable":true,"href":"https:\/\/anivet.lt\/elparduotuve\/wp-json\/wp\/v2\/media\/10972"}],"wp:attachment":[{"href":"https:\/\/anivet.lt\/elparduotuve\/wp-json\/wp\/v2\/media?parent=14010"}],"wp:term":[{"taxonomy":"product_brand","embeddable":true,"href":"https:\/\/anivet.lt\/elparduotuve\/wp-json\/wp\/v2\/product_brand?post=14010"},{"taxonomy":"product_cat","embeddable":true,"href":"https:\/\/anivet.lt\/elparduotuve\/wp-json\/wp\/v2\/product_cat?post=14010"},{"taxonomy":"product_tag","embeddable":true,"href":"https:\/\/anivet.lt\/elparduotuve\/wp-json\/wp\/v2\/product_tag?post=14010"}],"curies":[{"name":"wp","href":"https:\/\/api.w.org\/{rel}","templated":true}]}}