{"id":14013,"date":"2024-06-21T08:42:50","date_gmt":"2024-06-21T08:42:50","guid":{"rendered":"https:\/\/anivet.lt\/elparduotuve\/?post_type=product&#038;p=14013"},"modified":"2025-08-07T09:00:33","modified_gmt":"2025-08-07T09:00:33","slug":"josera-help-weight-diabetic-dog-dry-sausas-maistas-sunims-900g","status":"publish","type":"product","link":"https:\/\/anivet.lt\/elparduotuve\/produktas\/josera-help-weight-diabetic-dog-dry-sausas-maistas-sunims-900g\/","title":{"rendered":"Josera Help Weight &amp; Diabetic Dog Dry sausas maistas \u0161unims 900g"},"content":{"rendered":"<ul>\n<li style=\"font-weight: 400;\" aria-level=\"1\"><span style=\"font-weight: 400;\">Suma\u017eintas kalorij\u0173 ir cukraus kiekis: Padeda ma\u017einti svor\u012f ir palaikyti normal\u0173 cukraus kiek\u012f kraujyje.<\/span><\/li>\n<li style=\"font-weight: 400;\" aria-level=\"1\"><span style=\"font-weight: 400;\">Daug maistini\u0173 skaidul\u0173: Palaiko sotumo jausm\u0105 ir padeda kontroliuoti apetit\u0105.<\/span><\/li>\n<li style=\"font-weight: 400;\" aria-level=\"1\"><span style=\"font-weight: 400;\">Fitogeninis kompleksas: Imbiero \u0161aknis skatina vir\u0161kinim\u0105 ir palaiko normal\u0173 metabolizm\u0105.<\/span><\/li>\n<li style=\"font-weight: 400;\" aria-level=\"1\"><span style=\"font-weight: 400;\">L-karnitinas: Stimuliuoja riebal\u0173 skaidym\u0105 ir palaiko raumen\u0173 mas\u0119.<\/span><\/li>\n<li style=\"font-weight: 400;\" aria-level=\"1\"><span style=\"font-weight: 400;\">Didelis baltym\u0173 kiekis: Palaiko raumen\u0173 tonus\u0105 ir skatina med\u017eiag\u0173 apykait\u0105.<\/span><\/li>\n<li style=\"font-weight: 400;\" aria-level=\"1\"><span style=\"font-weight: 400;\">Tinka svorio ma\u017einimo ir diabeto gydymo dietai.<\/span><\/li>\n<\/ul>\n<p><span style=\"font-weight: 400;\">\u0160is pa\u0161aras yra idealus pasirinkimas \u0161unims, kuriems reikia palaikyti sveik\u0105 svor\u012f ir kontroliuoti cukraus kiek\u012f kraujyje. D\u0117l savo subalansuotos sud\u0117ties ir nat\u016brali\u0173 ingredient\u0173, jis padeda \u0161unims jaustis sotiems, nesukeliant streso organizmui. <\/span><\/p>\n","protected":false},"excerpt":{"rendered":"<p><span style=\"color: #000000;\"><strong><span style=\"color: #ff0000;\">D\u0117l u\u017esakymo teirautis tel. +370 671 55300 arba fizin\u0117je parduotuv\u0117je.<\/span><\/strong> <\/span><\/p>\n<p><span style=\"font-weight: 400;\">Specialiai sukurtas dietinis pa\u0161aras \u0161unims, sergantiems nutukimu arba cukriniu diabetu. \u0160is \u0117dalas padeda palaikyti sveik\u0105 svor\u012f, ma\u017eina kalorij\u0173 kiek\u012f ir palaiko normal\u0173 cukraus lyg\u012f kraujyje. Jo subalansuota sud\u0117tis u\u017etikrina, kad \u0161uo gaut\u0173 reikiam\u0105 energij\u0105 ir maistines med\u017eiagas, tuo pa\u010diu nesukeliant papildomo streso organizmui.<\/span><\/p>\n","protected":false},"featured_media":10960,"template":"","meta":[],"product_brand":[],"product_cat":[101,103,107,334],"product_tag":[],"class_list":{"0":"post-14013","1":"product","2":"type-product","3":"status-publish","4":"has-post-thumbnail","6":"product_cat-sunims","7":"product_cat-sunu-maistas","8":"product_cat-veterinarine-dieta","9":"product_cat-josera-sunu-maistas","10":"pa_prekinis-zenklas-josera-help","12":"first","13":"instock","14":"taxable","15":"shipping-taxable","16":"product-type-simple"},"yoast_head":"<!-- This site is optimized with the Yoast SEO Premium plugin v27.1 (Yoast SEO v27.3) - https:\/\/yoast.com\/product\/yoast-seo-premium-wordpress\/ -->\n<title>Josera Help Weight &amp; Diabetic Dog Dry sausas maistas \u0161unims 900g - anivet.lt<\/title>\n<meta name=\"description\" content=\"D\u0117l u\u017esakymo teirautis tel. +370 671 55300 arba fizin\u0117je parduotuv\u0117je.   Specialiai sukurtas dietinis pa\u0161aras \u0161unims, sergantiems nutukimu arba cukriniu diabetu. \u0160is \u0117dalas padeda palaikyti sveik\u0105 svor\u012f, ma\u017eina kalorij\u0173 kiek\u012f ir palaiko normal\u0173 cukraus lyg\u012f kraujyje. Jo subalansuota sud\u0117tis u\u017etikrina, kad \u0161uo gaut\u0173 reikiam\u0105 energij\u0105 ir maistines med\u017eiagas, tuo pa\u010diu nesukeliant papildomo streso organizmui.\" \/>\n<meta name=\"robots\" content=\"index, follow, max-snippet:-1, max-image-preview:large, max-video-preview:-1\" \/>\n<link rel=\"canonical\" href=\"https:\/\/anivet.lt\/elparduotuve\/produktas\/josera-help-weight-diabetic-dog-dry-sausas-maistas-sunims-900g\/\" \/>\n<meta property=\"og:locale\" content=\"lt_LT\" \/>\n<meta property=\"og:type\" content=\"article\" \/>\n<meta property=\"og:title\" content=\"Josera Help Weight &amp; Diabetic Dog Dry sausas maistas \u0161unims 900g\" \/>\n<meta property=\"og:description\" content=\"D\u0117l u\u017esakymo teirautis tel. +370 671 55300 arba fizin\u0117je parduotuv\u0117je.   Specialiai sukurtas dietinis pa\u0161aras \u0161unims, sergantiems nutukimu arba cukriniu diabetu. \u0160is \u0117dalas padeda palaikyti sveik\u0105 svor\u012f, ma\u017eina kalorij\u0173 kiek\u012f ir palaiko normal\u0173 cukraus lyg\u012f kraujyje. Jo subalansuota sud\u0117tis u\u017etikrina, kad \u0161uo gaut\u0173 reikiam\u0105 energij\u0105 ir maistines med\u017eiagas, tuo pa\u010diu nesukeliant papildomo streso organizmui.\" \/>\n<meta property=\"og:url\" content=\"https:\/\/anivet.lt\/elparduotuve\/produktas\/josera-help-weight-diabetic-dog-dry-sausas-maistas-sunims-900g\/\" \/>\n<meta property=\"og:site_name\" content=\"anivet.lt\" \/>\n<meta property=\"article:modified_time\" content=\"2025-08-07T09:00:33+00:00\" \/>\n<meta property=\"og:image\" content=\"https:\/\/anivet.lt\/elparduotuve\/wp-content\/uploads\/2023\/07\/4032254768180_hund_josera_help_weight_diabetic_900g_seitlich_3.png\" \/>\n\t<meta property=\"og:image:width\" content=\"960\" \/>\n\t<meta property=\"og:image:height\" content=\"1200\" \/>\n\t<meta property=\"og:image:type\" content=\"image\/png\" \/>\n<meta name=\"twitter:card\" content=\"summary_large_image\" \/>\n<meta name=\"twitter:label1\" content=\"Est. reading time\" \/>\n\t<meta name=\"twitter:data1\" content=\"1 minut\u0117\" \/>\n<script type=\"application\/ld+json\" class=\"yoast-schema-graph\">{\"@context\":\"https:\\\/\\\/schema.org\",\"@graph\":[{\"@type\":\"WebPage\",\"@id\":\"https:\\\/\\\/anivet.lt\\\/elparduotuve\\\/produktas\\\/josera-help-weight-diabetic-dog-dry-sausas-maistas-sunims-900g\\\/\",\"url\":\"https:\\\/\\\/anivet.lt\\\/elparduotuve\\\/produktas\\\/josera-help-weight-diabetic-dog-dry-sausas-maistas-sunims-900g\\\/\",\"name\":\"Josera Help Weight &amp; Diabetic Dog Dry sausas maistas \u0161unims 900g - anivet.lt\",\"isPartOf\":{\"@id\":\"https:\\\/\\\/anivet.lt\\\/elparduotuve\\\/#website\"},\"primaryImageOfPage\":{\"@id\":\"https:\\\/\\\/anivet.lt\\\/elparduotuve\\\/produktas\\\/josera-help-weight-diabetic-dog-dry-sausas-maistas-sunims-900g\\\/#primaryimage\"},\"image\":{\"@id\":\"https:\\\/\\\/anivet.lt\\\/elparduotuve\\\/produktas\\\/josera-help-weight-diabetic-dog-dry-sausas-maistas-sunims-900g\\\/#primaryimage\"},\"thumbnailUrl\":\"https:\\\/\\\/anivet.lt\\\/elparduotuve\\\/wp-content\\\/uploads\\\/2023\\\/07\\\/4032254768180_hund_josera_help_weight_diabetic_900g_seitlich_3.png\",\"datePublished\":\"2024-06-21T08:42:50+00:00\",\"dateModified\":\"2025-08-07T09:00:33+00:00\",\"description\":\"D\u0117l u\u017esakymo teirautis tel. +370 671 55300 arba fizin\u0117je parduotuv\u0117je. Specialiai sukurtas dietinis pa\u0161aras \u0161unims, sergantiems nutukimu arba cukriniu diabetu. \u0160is \u0117dalas padeda palaikyti sveik\u0105 svor\u012f, ma\u017eina kalorij\u0173 kiek\u012f ir palaiko normal\u0173 cukraus lyg\u012f kraujyje. Jo subalansuota sud\u0117tis u\u017etikrina, kad \u0161uo gaut\u0173 reikiam\u0105 energij\u0105 ir maistines med\u017eiagas, tuo pa\u010diu nesukeliant papildomo streso organizmui.\",\"breadcrumb\":{\"@id\":\"https:\\\/\\\/anivet.lt\\\/elparduotuve\\\/produktas\\\/josera-help-weight-diabetic-dog-dry-sausas-maistas-sunims-900g\\\/#breadcrumb\"},\"inLanguage\":\"lt-LT\",\"potentialAction\":[{\"@type\":\"ReadAction\",\"target\":[\"https:\\\/\\\/anivet.lt\\\/elparduotuve\\\/produktas\\\/josera-help-weight-diabetic-dog-dry-sausas-maistas-sunims-900g\\\/\"]}]},{\"@type\":\"ImageObject\",\"inLanguage\":\"lt-LT\",\"@id\":\"https:\\\/\\\/anivet.lt\\\/elparduotuve\\\/produktas\\\/josera-help-weight-diabetic-dog-dry-sausas-maistas-sunims-900g\\\/#primaryimage\",\"url\":\"https:\\\/\\\/anivet.lt\\\/elparduotuve\\\/wp-content\\\/uploads\\\/2023\\\/07\\\/4032254768180_hund_josera_help_weight_diabetic_900g_seitlich_3.png\",\"contentUrl\":\"https:\\\/\\\/anivet.lt\\\/elparduotuve\\\/wp-content\\\/uploads\\\/2023\\\/07\\\/4032254768180_hund_josera_help_weight_diabetic_900g_seitlich_3.png\",\"width\":960,\"height\":1200,\"caption\":\"Josera Help Weight &amp; Diabetic Dog Dry sausas maistas \u0161unims 10kg\"},{\"@type\":\"BreadcrumbList\",\"@id\":\"https:\\\/\\\/anivet.lt\\\/elparduotuve\\\/produktas\\\/josera-help-weight-diabetic-dog-dry-sausas-maistas-sunims-900g\\\/#breadcrumb\",\"itemListElement\":[{\"@type\":\"ListItem\",\"position\":1,\"name\":\"Home\",\"item\":\"https:\\\/\\\/anivet.lt\\\/elparduotuve\\\/\"},{\"@type\":\"ListItem\",\"position\":2,\"name\":\"Produktai\",\"item\":\"https:\\\/\\\/anivet.lt\\\/elparduotuve\\\/produktai\\\/\"},{\"@type\":\"ListItem\",\"position\":3,\"name\":\"Josera Help Weight &amp; Diabetic Dog Dry sausas maistas \u0161unims 900g\"}]},{\"@type\":\"WebSite\",\"@id\":\"https:\\\/\\\/anivet.lt\\\/elparduotuve\\\/#website\",\"url\":\"https:\\\/\\\/anivet.lt\\\/elparduotuve\\\/\",\"name\":\"anivet.lt\",\"description\":\"Viskas J\u016bs\u0173 \u0161uns, kat\u0117s prie\u017ei\u016brai\",\"publisher\":{\"@id\":\"https:\\\/\\\/anivet.lt\\\/elparduotuve\\\/#organization\"},\"alternateName\":\"Viskas J\u016bs\u0173 \u0161uns, kat\u0117s prie\u017ei\u016brai\",\"potentialAction\":[{\"@type\":\"SearchAction\",\"target\":{\"@type\":\"EntryPoint\",\"urlTemplate\":\"https:\\\/\\\/anivet.lt\\\/elparduotuve\\\/?s={search_term_string}\"},\"query-input\":{\"@type\":\"PropertyValueSpecification\",\"valueRequired\":true,\"valueName\":\"search_term_string\"}}],\"inLanguage\":\"lt-LT\"},{\"@type\":\"Organization\",\"@id\":\"https:\\\/\\\/anivet.lt\\\/elparduotuve\\\/#organization\",\"name\":\"Viskas J\u016bs\u0173 \u0161uns, kat\u0117s prie\u017ei\u016brai\",\"url\":\"https:\\\/\\\/anivet.lt\\\/elparduotuve\\\/\",\"logo\":{\"@type\":\"ImageObject\",\"inLanguage\":\"lt-LT\",\"@id\":\"https:\\\/\\\/anivet.lt\\\/elparduotuve\\\/#\\\/schema\\\/logo\\\/image\\\/\",\"url\":\"https:\\\/\\\/anivet.lt\\\/elparduotuve\\\/wp-content\\\/uploads\\\/2023\\\/06\\\/logo2.jpg\",\"contentUrl\":\"https:\\\/\\\/anivet.lt\\\/elparduotuve\\\/wp-content\\\/uploads\\\/2023\\\/06\\\/logo2.jpg\",\"width\":655,\"height\":194,\"caption\":\"Viskas J\u016bs\u0173 \u0161uns, kat\u0117s prie\u017ei\u016brai\"},\"image\":{\"@id\":\"https:\\\/\\\/anivet.lt\\\/elparduotuve\\\/#\\\/schema\\\/logo\\\/image\\\/\"}}]}<\/script>\n<!-- \/ Yoast SEO Premium plugin. -->","yoast_head_json":{"title":"Josera Help Weight &amp; Diabetic Dog Dry sausas maistas \u0161unims 900g - anivet.lt","description":"D\u0117l u\u017esakymo teirautis tel. +370 671 55300 arba fizin\u0117je parduotuv\u0117je.   Specialiai sukurtas dietinis pa\u0161aras \u0161unims, sergantiems nutukimu arba cukriniu diabetu. \u0160is \u0117dalas padeda palaikyti sveik\u0105 svor\u012f, ma\u017eina kalorij\u0173 kiek\u012f ir palaiko normal\u0173 cukraus lyg\u012f kraujyje. Jo subalansuota sud\u0117tis u\u017etikrina, kad \u0161uo gaut\u0173 reikiam\u0105 energij\u0105 ir maistines med\u017eiagas, tuo pa\u010diu nesukeliant papildomo streso organizmui.","robots":{"index":"index","follow":"follow","max-snippet":"max-snippet:-1","max-image-preview":"max-image-preview:large","max-video-preview":"max-video-preview:-1"},"canonical":"https:\/\/anivet.lt\/elparduotuve\/produktas\/josera-help-weight-diabetic-dog-dry-sausas-maistas-sunims-900g\/","og_locale":"lt_LT","og_type":"article","og_title":"Josera Help Weight &amp; Diabetic Dog Dry sausas maistas \u0161unims 900g","og_description":"D\u0117l u\u017esakymo teirautis tel. +370 671 55300 arba fizin\u0117je parduotuv\u0117je.   Specialiai sukurtas dietinis pa\u0161aras \u0161unims, sergantiems nutukimu arba cukriniu diabetu. \u0160is \u0117dalas padeda palaikyti sveik\u0105 svor\u012f, ma\u017eina kalorij\u0173 kiek\u012f ir palaiko normal\u0173 cukraus lyg\u012f kraujyje. Jo subalansuota sud\u0117tis u\u017etikrina, kad \u0161uo gaut\u0173 reikiam\u0105 energij\u0105 ir maistines med\u017eiagas, tuo pa\u010diu nesukeliant papildomo streso organizmui.","og_url":"https:\/\/anivet.lt\/elparduotuve\/produktas\/josera-help-weight-diabetic-dog-dry-sausas-maistas-sunims-900g\/","og_site_name":"anivet.lt","article_modified_time":"2025-08-07T09:00:33+00:00","og_image":[{"width":960,"height":1200,"url":"https:\/\/anivet.lt\/elparduotuve\/wp-content\/uploads\/2023\/07\/4032254768180_hund_josera_help_weight_diabetic_900g_seitlich_3.png","type":"image\/png"}],"twitter_card":"summary_large_image","twitter_misc":{"Est. reading time":"1 minut\u0117"},"schema":{"@context":"https:\/\/schema.org","@graph":[{"@type":"WebPage","@id":"https:\/\/anivet.lt\/elparduotuve\/produktas\/josera-help-weight-diabetic-dog-dry-sausas-maistas-sunims-900g\/","url":"https:\/\/anivet.lt\/elparduotuve\/produktas\/josera-help-weight-diabetic-dog-dry-sausas-maistas-sunims-900g\/","name":"Josera Help Weight &amp; Diabetic Dog Dry sausas maistas \u0161unims 900g - anivet.lt","isPartOf":{"@id":"https:\/\/anivet.lt\/elparduotuve\/#website"},"primaryImageOfPage":{"@id":"https:\/\/anivet.lt\/elparduotuve\/produktas\/josera-help-weight-diabetic-dog-dry-sausas-maistas-sunims-900g\/#primaryimage"},"image":{"@id":"https:\/\/anivet.lt\/elparduotuve\/produktas\/josera-help-weight-diabetic-dog-dry-sausas-maistas-sunims-900g\/#primaryimage"},"thumbnailUrl":"https:\/\/anivet.lt\/elparduotuve\/wp-content\/uploads\/2023\/07\/4032254768180_hund_josera_help_weight_diabetic_900g_seitlich_3.png","datePublished":"2024-06-21T08:42:50+00:00","dateModified":"2025-08-07T09:00:33+00:00","description":"D\u0117l u\u017esakymo teirautis tel. +370 671 55300 arba fizin\u0117je parduotuv\u0117je. Specialiai sukurtas dietinis pa\u0161aras \u0161unims, sergantiems nutukimu arba cukriniu diabetu. \u0160is \u0117dalas padeda palaikyti sveik\u0105 svor\u012f, ma\u017eina kalorij\u0173 kiek\u012f ir palaiko normal\u0173 cukraus lyg\u012f kraujyje. Jo subalansuota sud\u0117tis u\u017etikrina, kad \u0161uo gaut\u0173 reikiam\u0105 energij\u0105 ir maistines med\u017eiagas, tuo pa\u010diu nesukeliant papildomo streso organizmui.","breadcrumb":{"@id":"https:\/\/anivet.lt\/elparduotuve\/produktas\/josera-help-weight-diabetic-dog-dry-sausas-maistas-sunims-900g\/#breadcrumb"},"inLanguage":"lt-LT","potentialAction":[{"@type":"ReadAction","target":["https:\/\/anivet.lt\/elparduotuve\/produktas\/josera-help-weight-diabetic-dog-dry-sausas-maistas-sunims-900g\/"]}]},{"@type":"ImageObject","inLanguage":"lt-LT","@id":"https:\/\/anivet.lt\/elparduotuve\/produktas\/josera-help-weight-diabetic-dog-dry-sausas-maistas-sunims-900g\/#primaryimage","url":"https:\/\/anivet.lt\/elparduotuve\/wp-content\/uploads\/2023\/07\/4032254768180_hund_josera_help_weight_diabetic_900g_seitlich_3.png","contentUrl":"https:\/\/anivet.lt\/elparduotuve\/wp-content\/uploads\/2023\/07\/4032254768180_hund_josera_help_weight_diabetic_900g_seitlich_3.png","width":960,"height":1200,"caption":"Josera Help Weight &amp; Diabetic Dog Dry sausas maistas \u0161unims 10kg"},{"@type":"BreadcrumbList","@id":"https:\/\/anivet.lt\/elparduotuve\/produktas\/josera-help-weight-diabetic-dog-dry-sausas-maistas-sunims-900g\/#breadcrumb","itemListElement":[{"@type":"ListItem","position":1,"name":"Home","item":"https:\/\/anivet.lt\/elparduotuve\/"},{"@type":"ListItem","position":2,"name":"Produktai","item":"https:\/\/anivet.lt\/elparduotuve\/produktai\/"},{"@type":"ListItem","position":3,"name":"Josera Help Weight &amp; Diabetic Dog Dry sausas maistas \u0161unims 900g"}]},{"@type":"WebSite","@id":"https:\/\/anivet.lt\/elparduotuve\/#website","url":"https:\/\/anivet.lt\/elparduotuve\/","name":"anivet.lt","description":"Viskas J\u016bs\u0173 \u0161uns, kat\u0117s prie\u017ei\u016brai","publisher":{"@id":"https:\/\/anivet.lt\/elparduotuve\/#organization"},"alternateName":"Viskas J\u016bs\u0173 \u0161uns, kat\u0117s prie\u017ei\u016brai","potentialAction":[{"@type":"SearchAction","target":{"@type":"EntryPoint","urlTemplate":"https:\/\/anivet.lt\/elparduotuve\/?s={search_term_string}"},"query-input":{"@type":"PropertyValueSpecification","valueRequired":true,"valueName":"search_term_string"}}],"inLanguage":"lt-LT"},{"@type":"Organization","@id":"https:\/\/anivet.lt\/elparduotuve\/#organization","name":"Viskas J\u016bs\u0173 \u0161uns, kat\u0117s prie\u017ei\u016brai","url":"https:\/\/anivet.lt\/elparduotuve\/","logo":{"@type":"ImageObject","inLanguage":"lt-LT","@id":"https:\/\/anivet.lt\/elparduotuve\/#\/schema\/logo\/image\/","url":"https:\/\/anivet.lt\/elparduotuve\/wp-content\/uploads\/2023\/06\/logo2.jpg","contentUrl":"https:\/\/anivet.lt\/elparduotuve\/wp-content\/uploads\/2023\/06\/logo2.jpg","width":655,"height":194,"caption":"Viskas J\u016bs\u0173 \u0161uns, kat\u0117s prie\u017ei\u016brai"},"image":{"@id":"https:\/\/anivet.lt\/elparduotuve\/#\/schema\/logo\/image\/"}}]}},"_links":{"self":[{"href":"https:\/\/anivet.lt\/elparduotuve\/wp-json\/wp\/v2\/product\/14013","targetHints":{"allow":["GET"]}}],"collection":[{"href":"https:\/\/anivet.lt\/elparduotuve\/wp-json\/wp\/v2\/product"}],"about":[{"href":"https:\/\/anivet.lt\/elparduotuve\/wp-json\/wp\/v2\/types\/product"}],"wp:featuredmedia":[{"embeddable":true,"href":"https:\/\/anivet.lt\/elparduotuve\/wp-json\/wp\/v2\/media\/10960"}],"wp:attachment":[{"href":"https:\/\/anivet.lt\/elparduotuve\/wp-json\/wp\/v2\/media?parent=14013"}],"wp:term":[{"taxonomy":"product_brand","embeddable":true,"href":"https:\/\/anivet.lt\/elparduotuve\/wp-json\/wp\/v2\/product_brand?post=14013"},{"taxonomy":"product_cat","embeddable":true,"href":"https:\/\/anivet.lt\/elparduotuve\/wp-json\/wp\/v2\/product_cat?post=14013"},{"taxonomy":"product_tag","embeddable":true,"href":"https:\/\/anivet.lt\/elparduotuve\/wp-json\/wp\/v2\/product_tag?post=14013"}],"curies":[{"name":"wp","href":"https:\/\/api.w.org\/{rel}","templated":true}]}}