{"id":14024,"date":"2024-06-21T13:12:56","date_gmt":"2024-06-21T13:12:56","guid":{"rendered":"https:\/\/anivet.lt\/elparduotuve\/?post_type=product&#038;p=14024"},"modified":"2025-05-27T13:15:46","modified_gmt":"2025-05-27T13:15:46","slug":"josera-help-heart-dog-dry-sausas-maistas-sunims-900g","status":"publish","type":"product","link":"https:\/\/anivet.lt\/elparduotuve\/produktas\/josera-help-heart-dog-dry-sausas-maistas-sunims-900g\/","title":{"rendered":"Josera Help Heart Dog Dry sausas maistas \u0161unims 900g"},"content":{"rendered":"<p><span style=\"font-weight: 400;\">Visavertis dietinis sausas maistas suaugusiems \u0161unims, sukurtas \u0161irdies sveikatai palaikyti ir gyv\u016bn\u0173, sergan\u010di\u0173 l\u0117tiniu \u0161irdies nepakankamumu, gyvenimo kokybei gerinti.<\/span><\/p>\n<ul>\n<li style=\"font-weight: 400;\" aria-level=\"1\"><span style=\"font-weight: 400;\">Ma\u017eiau natrio ir kalcio: Palengvina \u0161irdies veikl\u0105 ir ma\u017eina apkrov\u0105.<\/span><\/li>\n<li style=\"font-weight: 400;\" aria-level=\"1\"><span style=\"font-weight: 400;\">Papildyta vitaminais E ir C, taurinu bei L-karnitinu: Palaiko sveik\u0105 \u0161irdies funkcij\u0105.<\/span><\/li>\n<li style=\"font-weight: 400;\" aria-level=\"1\"><span style=\"font-weight: 400;\">Fitogeninis kompleksas: Rozmarinas tradici\u0161kai vartojamas \u0161irdies stiprinimui.<\/span><\/li>\n<li style=\"font-weight: 400;\" aria-level=\"1\"><span style=\"font-weight: 400;\">La\u0161i\u0161\u0173 aliejus: Omega-3 r\u016bg\u0161tys ma\u017eina u\u017edegim\u0105 ir stiprina imunin\u0119 sistem\u0105.<\/span><\/li>\n<li style=\"font-weight: 400;\" aria-level=\"1\"><span style=\"font-weight: 400;\">Nat\u016bral\u016bs ingredientai: Lengvai vir\u0161kinamas ir gerai toleruojamas.<\/span><\/li>\n<\/ul>\n<p><span style=\"font-weight: 400;\">\u0160is maistas yra idealus sprendimas \u0161unims, sergantiems \u0161irdies nepakankamumu, nes specialiai parinktos sudedamosios dalys suma\u017eina \u0161irdies apkrov\u0105 ir padeda palaikyti bendr\u0105 sveikat\u0105. Fitogeniniai komponentai ir omega-3 riebal\u0173 r\u016bg\u0161tys suteikia prie\u0161u\u017edegimin\u012f poveik\u012f, o vitaminai ir mineralai palaiko bendr\u0105 gyv\u016bno gerov\u0119.<\/span><\/p>\n","protected":false},"excerpt":{"rendered":"<p lang=\"lt-LT\"><span style=\"color: #ff0000;\"><strong>D\u0117l u\u017esakymo teirautis tel. <span lang=\"en-US\">+370 671 55300 <\/span>arba fizin\u0117je parduotuv\u0117je.<\/strong><\/span><\/p>\n","protected":false},"featured_media":10944,"template":"","meta":[],"product_brand":[],"product_cat":[101,103,107,334],"product_tag":[],"class_list":{"0":"post-14024","1":"product","2":"type-product","3":"status-publish","4":"has-post-thumbnail","6":"product_cat-sunims","7":"product_cat-sunu-maistas","8":"product_cat-veterinarine-dieta","9":"product_cat-josera-sunu-maistas","10":"pa_prekinis-zenklas-josera-help","12":"first","13":"instock","14":"taxable","15":"shipping-taxable","16":"product-type-simple"},"yoast_head":"<!-- This site is optimized with the Yoast SEO Premium plugin v27.1 (Yoast SEO v27.3) - https:\/\/yoast.com\/product\/yoast-seo-premium-wordpress\/ -->\n<title>Josera Help Heart Dog Dry sausas maistas \u0161unims 900g - anivet.lt<\/title>\n<meta name=\"description\" content=\"D\u0117l u\u017esakymo teirautis tel. +370 671 55300 arba fizin\u0117je parduotuv\u0117je.\" \/>\n<meta name=\"robots\" content=\"index, follow, max-snippet:-1, max-image-preview:large, max-video-preview:-1\" \/>\n<link rel=\"canonical\" href=\"https:\/\/anivet.lt\/elparduotuve\/produktas\/josera-help-heart-dog-dry-sausas-maistas-sunims-900g\/\" \/>\n<meta property=\"og:locale\" content=\"lt_LT\" \/>\n<meta property=\"og:type\" content=\"article\" \/>\n<meta property=\"og:title\" content=\"Josera Help Heart Dog Dry sausas maistas \u0161unims 900g\" \/>\n<meta property=\"og:description\" content=\"D\u0117l u\u017esakymo teirautis tel. +370 671 55300 arba fizin\u0117je parduotuv\u0117je.\" \/>\n<meta property=\"og:url\" content=\"https:\/\/anivet.lt\/elparduotuve\/produktas\/josera-help-heart-dog-dry-sausas-maistas-sunims-900g\/\" \/>\n<meta property=\"og:site_name\" content=\"anivet.lt\" \/>\n<meta property=\"article:modified_time\" content=\"2025-05-27T13:15:46+00:00\" \/>\n<meta property=\"og:image\" content=\"https:\/\/anivet.lt\/elparduotuve\/wp-content\/uploads\/2023\/07\/4032254768210_hund_josera_help_heart_900g_seitlich_3.png\" \/>\n\t<meta property=\"og:image:width\" content=\"960\" \/>\n\t<meta property=\"og:image:height\" content=\"1200\" \/>\n\t<meta property=\"og:image:type\" content=\"image\/png\" \/>\n<meta name=\"twitter:card\" content=\"summary_large_image\" \/>\n<meta name=\"twitter:label1\" content=\"Est. reading time\" \/>\n\t<meta name=\"twitter:data1\" content=\"1 minut\u0117\" \/>\n<script type=\"application\/ld+json\" class=\"yoast-schema-graph\">{\"@context\":\"https:\\\/\\\/schema.org\",\"@graph\":[{\"@type\":\"WebPage\",\"@id\":\"https:\\\/\\\/anivet.lt\\\/elparduotuve\\\/produktas\\\/josera-help-heart-dog-dry-sausas-maistas-sunims-900g\\\/\",\"url\":\"https:\\\/\\\/anivet.lt\\\/elparduotuve\\\/produktas\\\/josera-help-heart-dog-dry-sausas-maistas-sunims-900g\\\/\",\"name\":\"Josera Help Heart Dog Dry sausas maistas \u0161unims 900g - anivet.lt\",\"isPartOf\":{\"@id\":\"https:\\\/\\\/anivet.lt\\\/elparduotuve\\\/#website\"},\"primaryImageOfPage\":{\"@id\":\"https:\\\/\\\/anivet.lt\\\/elparduotuve\\\/produktas\\\/josera-help-heart-dog-dry-sausas-maistas-sunims-900g\\\/#primaryimage\"},\"image\":{\"@id\":\"https:\\\/\\\/anivet.lt\\\/elparduotuve\\\/produktas\\\/josera-help-heart-dog-dry-sausas-maistas-sunims-900g\\\/#primaryimage\"},\"thumbnailUrl\":\"https:\\\/\\\/anivet.lt\\\/elparduotuve\\\/wp-content\\\/uploads\\\/2023\\\/07\\\/4032254768210_hund_josera_help_heart_900g_seitlich_3.png\",\"datePublished\":\"2024-06-21T13:12:56+00:00\",\"dateModified\":\"2025-05-27T13:15:46+00:00\",\"description\":\"D\u0117l u\u017esakymo teirautis tel. +370 671 55300 arba fizin\u0117je parduotuv\u0117je.\",\"breadcrumb\":{\"@id\":\"https:\\\/\\\/anivet.lt\\\/elparduotuve\\\/produktas\\\/josera-help-heart-dog-dry-sausas-maistas-sunims-900g\\\/#breadcrumb\"},\"inLanguage\":\"lt-LT\",\"potentialAction\":[{\"@type\":\"ReadAction\",\"target\":[\"https:\\\/\\\/anivet.lt\\\/elparduotuve\\\/produktas\\\/josera-help-heart-dog-dry-sausas-maistas-sunims-900g\\\/\"]}]},{\"@type\":\"ImageObject\",\"inLanguage\":\"lt-LT\",\"@id\":\"https:\\\/\\\/anivet.lt\\\/elparduotuve\\\/produktas\\\/josera-help-heart-dog-dry-sausas-maistas-sunims-900g\\\/#primaryimage\",\"url\":\"https:\\\/\\\/anivet.lt\\\/elparduotuve\\\/wp-content\\\/uploads\\\/2023\\\/07\\\/4032254768210_hund_josera_help_heart_900g_seitlich_3.png\",\"contentUrl\":\"https:\\\/\\\/anivet.lt\\\/elparduotuve\\\/wp-content\\\/uploads\\\/2023\\\/07\\\/4032254768210_hund_josera_help_heart_900g_seitlich_3.png\",\"width\":960,\"height\":1200,\"caption\":\"Josera Help Heart Dog Dry sausas maistas \u0161unims 10kg\"},{\"@type\":\"BreadcrumbList\",\"@id\":\"https:\\\/\\\/anivet.lt\\\/elparduotuve\\\/produktas\\\/josera-help-heart-dog-dry-sausas-maistas-sunims-900g\\\/#breadcrumb\",\"itemListElement\":[{\"@type\":\"ListItem\",\"position\":1,\"name\":\"Home\",\"item\":\"https:\\\/\\\/anivet.lt\\\/elparduotuve\\\/\"},{\"@type\":\"ListItem\",\"position\":2,\"name\":\"Produktai\",\"item\":\"https:\\\/\\\/anivet.lt\\\/elparduotuve\\\/produktai\\\/\"},{\"@type\":\"ListItem\",\"position\":3,\"name\":\"Josera Help Heart Dog Dry sausas maistas \u0161unims 900g\"}]},{\"@type\":\"WebSite\",\"@id\":\"https:\\\/\\\/anivet.lt\\\/elparduotuve\\\/#website\",\"url\":\"https:\\\/\\\/anivet.lt\\\/elparduotuve\\\/\",\"name\":\"anivet.lt\",\"description\":\"Viskas J\u016bs\u0173 \u0161uns, kat\u0117s prie\u017ei\u016brai\",\"publisher\":{\"@id\":\"https:\\\/\\\/anivet.lt\\\/elparduotuve\\\/#organization\"},\"alternateName\":\"Viskas J\u016bs\u0173 \u0161uns, kat\u0117s prie\u017ei\u016brai\",\"potentialAction\":[{\"@type\":\"SearchAction\",\"target\":{\"@type\":\"EntryPoint\",\"urlTemplate\":\"https:\\\/\\\/anivet.lt\\\/elparduotuve\\\/?s={search_term_string}\"},\"query-input\":{\"@type\":\"PropertyValueSpecification\",\"valueRequired\":true,\"valueName\":\"search_term_string\"}}],\"inLanguage\":\"lt-LT\"},{\"@type\":\"Organization\",\"@id\":\"https:\\\/\\\/anivet.lt\\\/elparduotuve\\\/#organization\",\"name\":\"Viskas J\u016bs\u0173 \u0161uns, kat\u0117s prie\u017ei\u016brai\",\"url\":\"https:\\\/\\\/anivet.lt\\\/elparduotuve\\\/\",\"logo\":{\"@type\":\"ImageObject\",\"inLanguage\":\"lt-LT\",\"@id\":\"https:\\\/\\\/anivet.lt\\\/elparduotuve\\\/#\\\/schema\\\/logo\\\/image\\\/\",\"url\":\"https:\\\/\\\/anivet.lt\\\/elparduotuve\\\/wp-content\\\/uploads\\\/2023\\\/06\\\/logo2.jpg\",\"contentUrl\":\"https:\\\/\\\/anivet.lt\\\/elparduotuve\\\/wp-content\\\/uploads\\\/2023\\\/06\\\/logo2.jpg\",\"width\":655,\"height\":194,\"caption\":\"Viskas J\u016bs\u0173 \u0161uns, kat\u0117s prie\u017ei\u016brai\"},\"image\":{\"@id\":\"https:\\\/\\\/anivet.lt\\\/elparduotuve\\\/#\\\/schema\\\/logo\\\/image\\\/\"}}]}<\/script>\n<!-- \/ Yoast SEO Premium plugin. -->","yoast_head_json":{"title":"Josera Help Heart Dog Dry sausas maistas \u0161unims 900g - anivet.lt","description":"D\u0117l u\u017esakymo teirautis tel. +370 671 55300 arba fizin\u0117je parduotuv\u0117je.","robots":{"index":"index","follow":"follow","max-snippet":"max-snippet:-1","max-image-preview":"max-image-preview:large","max-video-preview":"max-video-preview:-1"},"canonical":"https:\/\/anivet.lt\/elparduotuve\/produktas\/josera-help-heart-dog-dry-sausas-maistas-sunims-900g\/","og_locale":"lt_LT","og_type":"article","og_title":"Josera Help Heart Dog Dry sausas maistas \u0161unims 900g","og_description":"D\u0117l u\u017esakymo teirautis tel. +370 671 55300 arba fizin\u0117je parduotuv\u0117je.","og_url":"https:\/\/anivet.lt\/elparduotuve\/produktas\/josera-help-heart-dog-dry-sausas-maistas-sunims-900g\/","og_site_name":"anivet.lt","article_modified_time":"2025-05-27T13:15:46+00:00","og_image":[{"width":960,"height":1200,"url":"https:\/\/anivet.lt\/elparduotuve\/wp-content\/uploads\/2023\/07\/4032254768210_hund_josera_help_heart_900g_seitlich_3.png","type":"image\/png"}],"twitter_card":"summary_large_image","twitter_misc":{"Est. reading time":"1 minut\u0117"},"schema":{"@context":"https:\/\/schema.org","@graph":[{"@type":"WebPage","@id":"https:\/\/anivet.lt\/elparduotuve\/produktas\/josera-help-heart-dog-dry-sausas-maistas-sunims-900g\/","url":"https:\/\/anivet.lt\/elparduotuve\/produktas\/josera-help-heart-dog-dry-sausas-maistas-sunims-900g\/","name":"Josera Help Heart Dog Dry sausas maistas \u0161unims 900g - anivet.lt","isPartOf":{"@id":"https:\/\/anivet.lt\/elparduotuve\/#website"},"primaryImageOfPage":{"@id":"https:\/\/anivet.lt\/elparduotuve\/produktas\/josera-help-heart-dog-dry-sausas-maistas-sunims-900g\/#primaryimage"},"image":{"@id":"https:\/\/anivet.lt\/elparduotuve\/produktas\/josera-help-heart-dog-dry-sausas-maistas-sunims-900g\/#primaryimage"},"thumbnailUrl":"https:\/\/anivet.lt\/elparduotuve\/wp-content\/uploads\/2023\/07\/4032254768210_hund_josera_help_heart_900g_seitlich_3.png","datePublished":"2024-06-21T13:12:56+00:00","dateModified":"2025-05-27T13:15:46+00:00","description":"D\u0117l u\u017esakymo teirautis tel. +370 671 55300 arba fizin\u0117je parduotuv\u0117je.","breadcrumb":{"@id":"https:\/\/anivet.lt\/elparduotuve\/produktas\/josera-help-heart-dog-dry-sausas-maistas-sunims-900g\/#breadcrumb"},"inLanguage":"lt-LT","potentialAction":[{"@type":"ReadAction","target":["https:\/\/anivet.lt\/elparduotuve\/produktas\/josera-help-heart-dog-dry-sausas-maistas-sunims-900g\/"]}]},{"@type":"ImageObject","inLanguage":"lt-LT","@id":"https:\/\/anivet.lt\/elparduotuve\/produktas\/josera-help-heart-dog-dry-sausas-maistas-sunims-900g\/#primaryimage","url":"https:\/\/anivet.lt\/elparduotuve\/wp-content\/uploads\/2023\/07\/4032254768210_hund_josera_help_heart_900g_seitlich_3.png","contentUrl":"https:\/\/anivet.lt\/elparduotuve\/wp-content\/uploads\/2023\/07\/4032254768210_hund_josera_help_heart_900g_seitlich_3.png","width":960,"height":1200,"caption":"Josera Help Heart Dog Dry sausas maistas \u0161unims 10kg"},{"@type":"BreadcrumbList","@id":"https:\/\/anivet.lt\/elparduotuve\/produktas\/josera-help-heart-dog-dry-sausas-maistas-sunims-900g\/#breadcrumb","itemListElement":[{"@type":"ListItem","position":1,"name":"Home","item":"https:\/\/anivet.lt\/elparduotuve\/"},{"@type":"ListItem","position":2,"name":"Produktai","item":"https:\/\/anivet.lt\/elparduotuve\/produktai\/"},{"@type":"ListItem","position":3,"name":"Josera Help Heart Dog Dry sausas maistas \u0161unims 900g"}]},{"@type":"WebSite","@id":"https:\/\/anivet.lt\/elparduotuve\/#website","url":"https:\/\/anivet.lt\/elparduotuve\/","name":"anivet.lt","description":"Viskas J\u016bs\u0173 \u0161uns, kat\u0117s prie\u017ei\u016brai","publisher":{"@id":"https:\/\/anivet.lt\/elparduotuve\/#organization"},"alternateName":"Viskas J\u016bs\u0173 \u0161uns, kat\u0117s prie\u017ei\u016brai","potentialAction":[{"@type":"SearchAction","target":{"@type":"EntryPoint","urlTemplate":"https:\/\/anivet.lt\/elparduotuve\/?s={search_term_string}"},"query-input":{"@type":"PropertyValueSpecification","valueRequired":true,"valueName":"search_term_string"}}],"inLanguage":"lt-LT"},{"@type":"Organization","@id":"https:\/\/anivet.lt\/elparduotuve\/#organization","name":"Viskas J\u016bs\u0173 \u0161uns, kat\u0117s prie\u017ei\u016brai","url":"https:\/\/anivet.lt\/elparduotuve\/","logo":{"@type":"ImageObject","inLanguage":"lt-LT","@id":"https:\/\/anivet.lt\/elparduotuve\/#\/schema\/logo\/image\/","url":"https:\/\/anivet.lt\/elparduotuve\/wp-content\/uploads\/2023\/06\/logo2.jpg","contentUrl":"https:\/\/anivet.lt\/elparduotuve\/wp-content\/uploads\/2023\/06\/logo2.jpg","width":655,"height":194,"caption":"Viskas J\u016bs\u0173 \u0161uns, kat\u0117s prie\u017ei\u016brai"},"image":{"@id":"https:\/\/anivet.lt\/elparduotuve\/#\/schema\/logo\/image\/"}}]}},"_links":{"self":[{"href":"https:\/\/anivet.lt\/elparduotuve\/wp-json\/wp\/v2\/product\/14024","targetHints":{"allow":["GET"]}}],"collection":[{"href":"https:\/\/anivet.lt\/elparduotuve\/wp-json\/wp\/v2\/product"}],"about":[{"href":"https:\/\/anivet.lt\/elparduotuve\/wp-json\/wp\/v2\/types\/product"}],"wp:featuredmedia":[{"embeddable":true,"href":"https:\/\/anivet.lt\/elparduotuve\/wp-json\/wp\/v2\/media\/10944"}],"wp:attachment":[{"href":"https:\/\/anivet.lt\/elparduotuve\/wp-json\/wp\/v2\/media?parent=14024"}],"wp:term":[{"taxonomy":"product_brand","embeddable":true,"href":"https:\/\/anivet.lt\/elparduotuve\/wp-json\/wp\/v2\/product_brand?post=14024"},{"taxonomy":"product_cat","embeddable":true,"href":"https:\/\/anivet.lt\/elparduotuve\/wp-json\/wp\/v2\/product_cat?post=14024"},{"taxonomy":"product_tag","embeddable":true,"href":"https:\/\/anivet.lt\/elparduotuve\/wp-json\/wp\/v2\/product_tag?post=14024"}],"curies":[{"name":"wp","href":"https:\/\/api.w.org\/{rel}","templated":true}]}}