{"id":14093,"date":"2024-07-03T10:27:55","date_gmt":"2024-07-03T10:27:55","guid":{"rendered":"https:\/\/anivet.lt\/elparduotuve\/?post_type=product&#038;p=14093"},"modified":"2026-01-08T21:00:51","modified_gmt":"2026-01-08T21:00:51","slug":"iams-hairball-katems-su-vistiena-nuo-plauku-gumuliuku-2kg","status":"publish","type":"product","link":"https:\/\/anivet.lt\/elparduotuve\/produktas\/iams-hairball-katems-su-vistiena-nuo-plauku-gumuliuku-2kg\/","title":{"rendered":"Iams Hairball kat\u0117ms su vi\u0161tiena nuo plauk\u0173 gumuliuk\u0173 2kg"},"content":{"rendered":"<ul>\n<li style=\"font-weight: 400\"><span style=\"font-weight: 400\">Plauk\u0173 gumuliuk\u0173 kontrol\u0117: Celiulioz\u0117s milteliai (4,6%) ir d\u017eiovint\u0173 burok\u0117li\u0173 mink\u0161timas padeda lengvai pa\u0161alinti prarytus plaukus i\u0161 vir\u0161kinamojo trakto.<\/span><\/li>\n<li style=\"font-weight: 400\"><span style=\"font-weight: 400\">Auk\u0161tos kokyb\u0117s baltymai: 89% gyvulini\u0173 baltym\u0173 i\u0161 bendro baltym\u0173 kiekio prisideda prie raumen\u0173 stiprinimo ir energijos palaikymo.<\/span><\/li>\n<li style=\"font-weight: 400\"><span style=\"font-weight: 400\">Sveikas kailis ir oda: Taurinas ir \u017euv\u0173 taukai skatina \u017evilgant\u012f kail\u012f bei sveik\u0105 od\u0105.<\/span><\/li>\n<li style=\"font-weight: 400\"><span style=\"font-weight: 400\">Nat\u016bral\u016bs ingredientai: Pa\u0161aras pagamintas be dirbtini\u0173 da\u017eikli\u0173 ir konservant\u0173, u\u017etikrinant nat\u016bral\u0173 maistini\u0173 med\u017eiag\u0173 \u0161altin\u012f.<\/span><\/li>\n<li style=\"font-weight: 400\"><span style=\"font-weight: 400\">Subalansuota sud\u0117tis: Papildytas fruktooligosacharidais ir miel\u0117mis, kurie gerina vir\u0161kinimo funkcij\u0105 ir stiprina \u017earnyno mikroflor\u0105.<\/span><\/li>\n<\/ul>\n<p><span style=\"font-weight: 400\">\u201eIams Hairball Control\u201c yra ne tik gardus, bet ir naudingas pa\u0161aras, u\u017etikrinantis j\u016bs\u0173 augintinio komfort\u0105 ir sveikat\u0105 kiekvien\u0105 dien\u0105.<\/span><\/p>\n","protected":false},"excerpt":{"rendered":"<p><span style=\"font-weight: 400\">Visavertis ir subalansuotas pa\u0161aras su vi\u0161tiena, skirtas suaugusioms kat\u0117ms, padedantis efektyviai kontroliuoti plauk\u0173 gumuliuk\u0173 susidarym\u0105. \u0160is receptas ne tik sprend\u017eia plauk\u0173 problemas, bet ir palaiko bendr\u0105 j\u016bs\u0173 kat\u0117s sveikat\u0105 bei gyvybingum\u0105.<\/span><\/p>\n","protected":false},"featured_media":17744,"template":"","meta":[],"product_brand":[],"product_cat":[114,115,102,442],"product_tag":[],"class_list":{"0":"post-14093","1":"product","2":"type-product","3":"status-publish","4":"has-post-thumbnail","6":"product_cat-kaciu-maistas","7":"product_cat-sausas-maistas-ir-skanestai-katems","8":"product_cat-katems","9":"product_cat-iams-kaciu-maistas","10":"pa_prekinis-zenklas-iams","12":"first","13":"outofstock","14":"taxable","15":"shipping-taxable","16":"purchasable","17":"product-type-simple"},"yoast_head":"<!-- This site is optimized with the Yoast SEO Premium plugin v27.1 (Yoast SEO v27.5) - https:\/\/yoast.com\/product\/yoast-seo-premium-wordpress\/ -->\n<title>Iams Hairball kat\u0117ms su vi\u0161tiena nuo plauk\u0173 gumuliuk\u0173 2kg - anivet.lt<\/title>\n<meta name=\"description\" content=\"Visavertis ir subalansuotas pa\u0161aras su vi\u0161tiena, skirtas suaugusioms kat\u0117ms, padedantis efektyviai kontroliuoti plauk\u0173 gumuliuk\u0173 susidarym\u0105. \u0160is receptas ne tik sprend\u017eia plauk\u0173 problemas, bet ir palaiko bendr\u0105 j\u016bs\u0173 kat\u0117s sveikat\u0105 bei gyvybingum\u0105.\" \/>\n<meta name=\"robots\" content=\"index, follow, max-snippet:-1, max-image-preview:large, max-video-preview:-1\" \/>\n<link rel=\"canonical\" href=\"https:\/\/anivet.lt\/elparduotuve\/produktas\/iams-hairball-katems-su-vistiena-nuo-plauku-gumuliuku-2kg\/\" \/>\n<meta property=\"og:locale\" content=\"lt_LT\" \/>\n<meta property=\"og:type\" content=\"article\" \/>\n<meta property=\"og:title\" content=\"Iams Hairball kat\u0117ms su vi\u0161tiena nuo plauk\u0173 gumuliuk\u0173 2kg\" \/>\n<meta property=\"og:description\" content=\"Visavertis ir subalansuotas pa\u0161aras su vi\u0161tiena, skirtas suaugusioms kat\u0117ms, padedantis efektyviai kontroliuoti plauk\u0173 gumuliuk\u0173 susidarym\u0105. \u0160is receptas ne tik sprend\u017eia plauk\u0173 problemas, bet ir palaiko bendr\u0105 j\u016bs\u0173 kat\u0117s sveikat\u0105 bei gyvybingum\u0105.\" \/>\n<meta property=\"og:url\" content=\"https:\/\/anivet.lt\/elparduotuve\/produktas\/iams-hairball-katems-su-vistiena-nuo-plauku-gumuliuku-2kg\/\" \/>\n<meta property=\"og:site_name\" content=\"anivet.lt\" \/>\n<meta property=\"article:modified_time\" content=\"2026-01-08T21:00:51+00:00\" \/>\n<meta property=\"og:image\" content=\"https:\/\/anivet.lt\/elparduotuve\/wp-content\/uploads\/2024\/07\/Iams-Hairball-katems-su-vistiena-nuo-plauku-gumuliuku-2kg.jpg\" \/>\n\t<meta property=\"og:image:width\" content=\"650\" \/>\n\t<meta property=\"og:image:height\" content=\"650\" \/>\n\t<meta property=\"og:image:type\" content=\"image\/jpeg\" \/>\n<meta name=\"twitter:card\" content=\"summary_large_image\" \/>\n<meta name=\"twitter:label1\" content=\"Est. reading time\" \/>\n\t<meta name=\"twitter:data1\" content=\"1 minut\u0117\" \/>\n<script type=\"application\/ld+json\" class=\"yoast-schema-graph\">{\"@context\":\"https:\\\/\\\/schema.org\",\"@graph\":[{\"@type\":\"WebPage\",\"@id\":\"https:\\\/\\\/anivet.lt\\\/elparduotuve\\\/produktas\\\/iams-hairball-katems-su-vistiena-nuo-plauku-gumuliuku-2kg\\\/\",\"url\":\"https:\\\/\\\/anivet.lt\\\/elparduotuve\\\/produktas\\\/iams-hairball-katems-su-vistiena-nuo-plauku-gumuliuku-2kg\\\/\",\"name\":\"Iams Hairball kat\u0117ms su vi\u0161tiena nuo plauk\u0173 gumuliuk\u0173 2kg - anivet.lt\",\"isPartOf\":{\"@id\":\"https:\\\/\\\/anivet.lt\\\/elparduotuve\\\/#website\"},\"primaryImageOfPage\":{\"@id\":\"https:\\\/\\\/anivet.lt\\\/elparduotuve\\\/produktas\\\/iams-hairball-katems-su-vistiena-nuo-plauku-gumuliuku-2kg\\\/#primaryimage\"},\"image\":{\"@id\":\"https:\\\/\\\/anivet.lt\\\/elparduotuve\\\/produktas\\\/iams-hairball-katems-su-vistiena-nuo-plauku-gumuliuku-2kg\\\/#primaryimage\"},\"thumbnailUrl\":\"https:\\\/\\\/anivet.lt\\\/elparduotuve\\\/wp-content\\\/uploads\\\/2024\\\/07\\\/Iams-Hairball-katems-su-vistiena-nuo-plauku-gumuliuku-2kg.jpg\",\"datePublished\":\"2024-07-03T10:27:55+00:00\",\"dateModified\":\"2026-01-08T21:00:51+00:00\",\"description\":\"Visavertis ir subalansuotas pa\u0161aras su vi\u0161tiena, skirtas suaugusioms kat\u0117ms, padedantis efektyviai kontroliuoti plauk\u0173 gumuliuk\u0173 susidarym\u0105. \u0160is receptas ne tik sprend\u017eia plauk\u0173 problemas, bet ir palaiko bendr\u0105 j\u016bs\u0173 kat\u0117s sveikat\u0105 bei gyvybingum\u0105.\",\"breadcrumb\":{\"@id\":\"https:\\\/\\\/anivet.lt\\\/elparduotuve\\\/produktas\\\/iams-hairball-katems-su-vistiena-nuo-plauku-gumuliuku-2kg\\\/#breadcrumb\"},\"inLanguage\":\"lt-LT\",\"potentialAction\":[{\"@type\":\"ReadAction\",\"target\":[\"https:\\\/\\\/anivet.lt\\\/elparduotuve\\\/produktas\\\/iams-hairball-katems-su-vistiena-nuo-plauku-gumuliuku-2kg\\\/\"]}]},{\"@type\":\"ImageObject\",\"inLanguage\":\"lt-LT\",\"@id\":\"https:\\\/\\\/anivet.lt\\\/elparduotuve\\\/produktas\\\/iams-hairball-katems-su-vistiena-nuo-plauku-gumuliuku-2kg\\\/#primaryimage\",\"url\":\"https:\\\/\\\/anivet.lt\\\/elparduotuve\\\/wp-content\\\/uploads\\\/2024\\\/07\\\/Iams-Hairball-katems-su-vistiena-nuo-plauku-gumuliuku-2kg.jpg\",\"contentUrl\":\"https:\\\/\\\/anivet.lt\\\/elparduotuve\\\/wp-content\\\/uploads\\\/2024\\\/07\\\/Iams-Hairball-katems-su-vistiena-nuo-plauku-gumuliuku-2kg.jpg\",\"width\":650,\"height\":650,\"caption\":\"Iams Hairball kat\u0117ms su vi\u0161tiena nuo plauk\u0173 gumuliuk\u0173 2kg\"},{\"@type\":\"BreadcrumbList\",\"@id\":\"https:\\\/\\\/anivet.lt\\\/elparduotuve\\\/produktas\\\/iams-hairball-katems-su-vistiena-nuo-plauku-gumuliuku-2kg\\\/#breadcrumb\",\"itemListElement\":[{\"@type\":\"ListItem\",\"position\":1,\"name\":\"Home\",\"item\":\"https:\\\/\\\/anivet.lt\\\/elparduotuve\\\/\"},{\"@type\":\"ListItem\",\"position\":2,\"name\":\"Produktai\",\"item\":\"https:\\\/\\\/anivet.lt\\\/elparduotuve\\\/produktai\\\/\"},{\"@type\":\"ListItem\",\"position\":3,\"name\":\"Iams Hairball kat\u0117ms su vi\u0161tiena nuo plauk\u0173 gumuliuk\u0173 2kg\"}]},{\"@type\":\"WebSite\",\"@id\":\"https:\\\/\\\/anivet.lt\\\/elparduotuve\\\/#website\",\"url\":\"https:\\\/\\\/anivet.lt\\\/elparduotuve\\\/\",\"name\":\"anivet.lt\",\"description\":\"Viskas J\u016bs\u0173 \u0161uns, kat\u0117s prie\u017ei\u016brai\",\"publisher\":{\"@id\":\"https:\\\/\\\/anivet.lt\\\/elparduotuve\\\/#organization\"},\"alternateName\":\"Viskas J\u016bs\u0173 \u0161uns, kat\u0117s prie\u017ei\u016brai\",\"potentialAction\":[{\"@type\":\"SearchAction\",\"target\":{\"@type\":\"EntryPoint\",\"urlTemplate\":\"https:\\\/\\\/anivet.lt\\\/elparduotuve\\\/?s={search_term_string}\"},\"query-input\":{\"@type\":\"PropertyValueSpecification\",\"valueRequired\":true,\"valueName\":\"search_term_string\"}}],\"inLanguage\":\"lt-LT\"},{\"@type\":\"Organization\",\"@id\":\"https:\\\/\\\/anivet.lt\\\/elparduotuve\\\/#organization\",\"name\":\"Viskas J\u016bs\u0173 \u0161uns, kat\u0117s prie\u017ei\u016brai\",\"url\":\"https:\\\/\\\/anivet.lt\\\/elparduotuve\\\/\",\"logo\":{\"@type\":\"ImageObject\",\"inLanguage\":\"lt-LT\",\"@id\":\"https:\\\/\\\/anivet.lt\\\/elparduotuve\\\/#\\\/schema\\\/logo\\\/image\\\/\",\"url\":\"https:\\\/\\\/anivet.lt\\\/elparduotuve\\\/wp-content\\\/uploads\\\/2023\\\/06\\\/logo2.jpg\",\"contentUrl\":\"https:\\\/\\\/anivet.lt\\\/elparduotuve\\\/wp-content\\\/uploads\\\/2023\\\/06\\\/logo2.jpg\",\"width\":655,\"height\":194,\"caption\":\"Viskas J\u016bs\u0173 \u0161uns, kat\u0117s prie\u017ei\u016brai\"},\"image\":{\"@id\":\"https:\\\/\\\/anivet.lt\\\/elparduotuve\\\/#\\\/schema\\\/logo\\\/image\\\/\"}}]}<\/script>\n<!-- \/ Yoast SEO Premium plugin. -->","yoast_head_json":{"title":"Iams Hairball kat\u0117ms su vi\u0161tiena nuo plauk\u0173 gumuliuk\u0173 2kg - anivet.lt","description":"Visavertis ir subalansuotas pa\u0161aras su vi\u0161tiena, skirtas suaugusioms kat\u0117ms, padedantis efektyviai kontroliuoti plauk\u0173 gumuliuk\u0173 susidarym\u0105. \u0160is receptas ne tik sprend\u017eia plauk\u0173 problemas, bet ir palaiko bendr\u0105 j\u016bs\u0173 kat\u0117s sveikat\u0105 bei gyvybingum\u0105.","robots":{"index":"index","follow":"follow","max-snippet":"max-snippet:-1","max-image-preview":"max-image-preview:large","max-video-preview":"max-video-preview:-1"},"canonical":"https:\/\/anivet.lt\/elparduotuve\/produktas\/iams-hairball-katems-su-vistiena-nuo-plauku-gumuliuku-2kg\/","og_locale":"lt_LT","og_type":"article","og_title":"Iams Hairball kat\u0117ms su vi\u0161tiena nuo plauk\u0173 gumuliuk\u0173 2kg","og_description":"Visavertis ir subalansuotas pa\u0161aras su vi\u0161tiena, skirtas suaugusioms kat\u0117ms, padedantis efektyviai kontroliuoti plauk\u0173 gumuliuk\u0173 susidarym\u0105. \u0160is receptas ne tik sprend\u017eia plauk\u0173 problemas, bet ir palaiko bendr\u0105 j\u016bs\u0173 kat\u0117s sveikat\u0105 bei gyvybingum\u0105.","og_url":"https:\/\/anivet.lt\/elparduotuve\/produktas\/iams-hairball-katems-su-vistiena-nuo-plauku-gumuliuku-2kg\/","og_site_name":"anivet.lt","article_modified_time":"2026-01-08T21:00:51+00:00","og_image":[{"width":650,"height":650,"url":"https:\/\/anivet.lt\/elparduotuve\/wp-content\/uploads\/2024\/07\/Iams-Hairball-katems-su-vistiena-nuo-plauku-gumuliuku-2kg.jpg","type":"image\/jpeg"}],"twitter_card":"summary_large_image","twitter_misc":{"Est. reading time":"1 minut\u0117"},"schema":{"@context":"https:\/\/schema.org","@graph":[{"@type":"WebPage","@id":"https:\/\/anivet.lt\/elparduotuve\/produktas\/iams-hairball-katems-su-vistiena-nuo-plauku-gumuliuku-2kg\/","url":"https:\/\/anivet.lt\/elparduotuve\/produktas\/iams-hairball-katems-su-vistiena-nuo-plauku-gumuliuku-2kg\/","name":"Iams Hairball kat\u0117ms su vi\u0161tiena nuo plauk\u0173 gumuliuk\u0173 2kg - anivet.lt","isPartOf":{"@id":"https:\/\/anivet.lt\/elparduotuve\/#website"},"primaryImageOfPage":{"@id":"https:\/\/anivet.lt\/elparduotuve\/produktas\/iams-hairball-katems-su-vistiena-nuo-plauku-gumuliuku-2kg\/#primaryimage"},"image":{"@id":"https:\/\/anivet.lt\/elparduotuve\/produktas\/iams-hairball-katems-su-vistiena-nuo-plauku-gumuliuku-2kg\/#primaryimage"},"thumbnailUrl":"https:\/\/anivet.lt\/elparduotuve\/wp-content\/uploads\/2024\/07\/Iams-Hairball-katems-su-vistiena-nuo-plauku-gumuliuku-2kg.jpg","datePublished":"2024-07-03T10:27:55+00:00","dateModified":"2026-01-08T21:00:51+00:00","description":"Visavertis ir subalansuotas pa\u0161aras su vi\u0161tiena, skirtas suaugusioms kat\u0117ms, padedantis efektyviai kontroliuoti plauk\u0173 gumuliuk\u0173 susidarym\u0105. \u0160is receptas ne tik sprend\u017eia plauk\u0173 problemas, bet ir palaiko bendr\u0105 j\u016bs\u0173 kat\u0117s sveikat\u0105 bei gyvybingum\u0105.","breadcrumb":{"@id":"https:\/\/anivet.lt\/elparduotuve\/produktas\/iams-hairball-katems-su-vistiena-nuo-plauku-gumuliuku-2kg\/#breadcrumb"},"inLanguage":"lt-LT","potentialAction":[{"@type":"ReadAction","target":["https:\/\/anivet.lt\/elparduotuve\/produktas\/iams-hairball-katems-su-vistiena-nuo-plauku-gumuliuku-2kg\/"]}]},{"@type":"ImageObject","inLanguage":"lt-LT","@id":"https:\/\/anivet.lt\/elparduotuve\/produktas\/iams-hairball-katems-su-vistiena-nuo-plauku-gumuliuku-2kg\/#primaryimage","url":"https:\/\/anivet.lt\/elparduotuve\/wp-content\/uploads\/2024\/07\/Iams-Hairball-katems-su-vistiena-nuo-plauku-gumuliuku-2kg.jpg","contentUrl":"https:\/\/anivet.lt\/elparduotuve\/wp-content\/uploads\/2024\/07\/Iams-Hairball-katems-su-vistiena-nuo-plauku-gumuliuku-2kg.jpg","width":650,"height":650,"caption":"Iams Hairball kat\u0117ms su vi\u0161tiena nuo plauk\u0173 gumuliuk\u0173 2kg"},{"@type":"BreadcrumbList","@id":"https:\/\/anivet.lt\/elparduotuve\/produktas\/iams-hairball-katems-su-vistiena-nuo-plauku-gumuliuku-2kg\/#breadcrumb","itemListElement":[{"@type":"ListItem","position":1,"name":"Home","item":"https:\/\/anivet.lt\/elparduotuve\/"},{"@type":"ListItem","position":2,"name":"Produktai","item":"https:\/\/anivet.lt\/elparduotuve\/produktai\/"},{"@type":"ListItem","position":3,"name":"Iams Hairball kat\u0117ms su vi\u0161tiena nuo plauk\u0173 gumuliuk\u0173 2kg"}]},{"@type":"WebSite","@id":"https:\/\/anivet.lt\/elparduotuve\/#website","url":"https:\/\/anivet.lt\/elparduotuve\/","name":"anivet.lt","description":"Viskas J\u016bs\u0173 \u0161uns, kat\u0117s prie\u017ei\u016brai","publisher":{"@id":"https:\/\/anivet.lt\/elparduotuve\/#organization"},"alternateName":"Viskas J\u016bs\u0173 \u0161uns, kat\u0117s prie\u017ei\u016brai","potentialAction":[{"@type":"SearchAction","target":{"@type":"EntryPoint","urlTemplate":"https:\/\/anivet.lt\/elparduotuve\/?s={search_term_string}"},"query-input":{"@type":"PropertyValueSpecification","valueRequired":true,"valueName":"search_term_string"}}],"inLanguage":"lt-LT"},{"@type":"Organization","@id":"https:\/\/anivet.lt\/elparduotuve\/#organization","name":"Viskas J\u016bs\u0173 \u0161uns, kat\u0117s prie\u017ei\u016brai","url":"https:\/\/anivet.lt\/elparduotuve\/","logo":{"@type":"ImageObject","inLanguage":"lt-LT","@id":"https:\/\/anivet.lt\/elparduotuve\/#\/schema\/logo\/image\/","url":"https:\/\/anivet.lt\/elparduotuve\/wp-content\/uploads\/2023\/06\/logo2.jpg","contentUrl":"https:\/\/anivet.lt\/elparduotuve\/wp-content\/uploads\/2023\/06\/logo2.jpg","width":655,"height":194,"caption":"Viskas J\u016bs\u0173 \u0161uns, kat\u0117s prie\u017ei\u016brai"},"image":{"@id":"https:\/\/anivet.lt\/elparduotuve\/#\/schema\/logo\/image\/"}}]}},"_links":{"self":[{"href":"https:\/\/anivet.lt\/elparduotuve\/wp-json\/wp\/v2\/product\/14093","targetHints":{"allow":["GET"]}}],"collection":[{"href":"https:\/\/anivet.lt\/elparduotuve\/wp-json\/wp\/v2\/product"}],"about":[{"href":"https:\/\/anivet.lt\/elparduotuve\/wp-json\/wp\/v2\/types\/product"}],"wp:featuredmedia":[{"embeddable":true,"href":"https:\/\/anivet.lt\/elparduotuve\/wp-json\/wp\/v2\/media\/17744"}],"wp:attachment":[{"href":"https:\/\/anivet.lt\/elparduotuve\/wp-json\/wp\/v2\/media?parent=14093"}],"wp:term":[{"taxonomy":"product_brand","embeddable":true,"href":"https:\/\/anivet.lt\/elparduotuve\/wp-json\/wp\/v2\/product_brand?post=14093"},{"taxonomy":"product_cat","embeddable":true,"href":"https:\/\/anivet.lt\/elparduotuve\/wp-json\/wp\/v2\/product_cat?post=14093"},{"taxonomy":"product_tag","embeddable":true,"href":"https:\/\/anivet.lt\/elparduotuve\/wp-json\/wp\/v2\/product_tag?post=14093"}],"curies":[{"name":"wp","href":"https:\/\/api.w.org\/{rel}","templated":true}]}}