{"id":14095,"date":"2024-07-03T10:33:03","date_gmt":"2024-07-03T10:33:03","guid":{"rendered":"https:\/\/anivet.lt\/elparduotuve\/?post_type=product&#038;p=14095"},"modified":"2025-05-27T13:40:49","modified_gmt":"2025-05-27T13:40:49","slug":"iams-hairball-katems-su-vistiena-nuo-plauku-gumuliuku-10kg","status":"publish","type":"product","link":"https:\/\/anivet.lt\/elparduotuve\/produktas\/iams-hairball-katems-su-vistiena-nuo-plauku-gumuliuku-10kg\/","title":{"rendered":"Iams Hairball kat\u0117ms su vi\u0161tiena nuo plauk\u0173 gumuliuk\u0173 10kg"},"content":{"rendered":"<ul>\n<li style=\"font-weight: 400\"><span style=\"font-weight: 400\">Plauk\u0173 gumuliuk\u0173 kontrol\u0117: Sud\u0117tyje esantys celiulioz\u0117s milteliai (4,6%) ir d\u017eiovint\u0173 burok\u0117li\u0173 mink\u0161timas padeda lengviau pa\u0161alinti plaukus i\u0161 vir\u0161kinamojo trakto.<\/span><\/li>\n<li style=\"font-weight: 400\"><span style=\"font-weight: 400\">Auk\u0161tos kokyb\u0117s baltymai: 89% gyvulini\u0173 baltym\u0173 i\u0161 bendro baltym\u0173 kiekio prisideda prie raumen\u0173 palaikymo ir energijos.<\/span><\/li>\n<li style=\"font-weight: 400\"><span style=\"font-weight: 400\">Sveikas kailis ir oda: Vi\u0161tiena ir \u017euv\u0173 taukai suteikia Omega-3 ir Omega-6 riebal\u0173 r\u016bg\u0161\u010di\u0173, u\u017etikrinan\u010di\u0173 \u017evilgant\u012f kail\u012f ir sveik\u0105 od\u0105.<\/span><\/li>\n<li style=\"font-weight: 400\"><span style=\"font-weight: 400\">Nat\u016bral\u016bs ingredientai: Be dirbtini\u0173 da\u017eikli\u0173 ir konservant\u0173, pa\u0161aras u\u017etikrina nat\u016bral\u0173 maistini\u0173 med\u017eiag\u0173 \u0161altin\u012f.<\/span><\/li>\n<li style=\"font-weight: 400\"><span style=\"font-weight: 400\">Vir\u0161kinimo sveikata: Fruktooligosacharidai ir miel\u0117s palaiko sveik\u0105 \u017earnyno mikroflor\u0105.<\/span><\/li>\n<\/ul>\n<p><span style=\"font-weight: 400\">Puikus sprendimas kat\u0117ms, kurioms reikia papildomos pagalbos kovojant su plauk\u0173 gumuliukais, kartu u\u017etikrinant j\u0173 bendr\u0105 gerov\u0119 ir maistini\u0173 med\u017eiag\u0173 balans\u0105.<\/span><\/p>\n","protected":false},"excerpt":{"rendered":"<p><span style=\"font-weight: 400\">Specialiai sukurta formul\u0117 su \u0161vie\u017eia vi\u0161tiena, skirta suaugusioms kat\u0117ms, kurios linkusios \u012f plauk\u0173 gumuliuk\u0173 susidarym\u0105. \u0160is visavertis ir subalansuotas pa\u0161aras ne tik padeda spr\u0119sti \u0161i\u0105 problem\u0105, bet ir palaiko bendr\u0105 j\u016bs\u0173 kat\u0117s sveikat\u0105 bei ger\u0105 savijaut\u0105.<\/span><\/p>\n","protected":false},"featured_media":17742,"template":"","meta":[],"product_brand":[],"product_cat":[114,115,102,442],"product_tag":[],"class_list":{"0":"post-14095","1":"product","2":"type-product","3":"status-publish","4":"has-post-thumbnail","6":"product_cat-kaciu-maistas","7":"product_cat-sausas-maistas-ir-skanestai-katems","8":"product_cat-katems","9":"product_cat-iams-kaciu-maistas","10":"pa_prekinis-zenklas-iams","12":"first","13":"instock","14":"taxable","15":"shipping-taxable","16":"purchasable","17":"product-type-simple"},"yoast_head":"<!-- This site is optimized with the Yoast SEO Premium plugin v27.1 (Yoast SEO v27.5) - https:\/\/yoast.com\/product\/yoast-seo-premium-wordpress\/ -->\n<title>Iams Hairball kat\u0117ms su vi\u0161tiena nuo plauk\u0173 gumuliuk\u0173 10kg - anivet.lt<\/title>\n<meta name=\"description\" content=\"Specialiai sukurta formul\u0117 su \u0161vie\u017eia vi\u0161tiena, skirta suaugusioms kat\u0117ms, kurios linkusios \u012f plauk\u0173 gumuliuk\u0173 susidarym\u0105. \u0160is visavertis ir subalansuotas pa\u0161aras ne tik padeda spr\u0119sti \u0161i\u0105 problem\u0105, bet ir palaiko bendr\u0105 j\u016bs\u0173 kat\u0117s sveikat\u0105 bei ger\u0105 savijaut\u0105.\" \/>\n<meta name=\"robots\" content=\"index, follow, max-snippet:-1, max-image-preview:large, max-video-preview:-1\" \/>\n<link rel=\"canonical\" href=\"https:\/\/anivet.lt\/elparduotuve\/produktas\/iams-hairball-katems-su-vistiena-nuo-plauku-gumuliuku-10kg\/\" \/>\n<meta property=\"og:locale\" content=\"lt_LT\" \/>\n<meta property=\"og:type\" content=\"article\" \/>\n<meta property=\"og:title\" content=\"Iams Hairball kat\u0117ms su vi\u0161tiena nuo plauk\u0173 gumuliuk\u0173 10kg\" \/>\n<meta property=\"og:description\" content=\"Specialiai sukurta formul\u0117 su \u0161vie\u017eia vi\u0161tiena, skirta suaugusioms kat\u0117ms, kurios linkusios \u012f plauk\u0173 gumuliuk\u0173 susidarym\u0105. \u0160is visavertis ir subalansuotas pa\u0161aras ne tik padeda spr\u0119sti \u0161i\u0105 problem\u0105, bet ir palaiko bendr\u0105 j\u016bs\u0173 kat\u0117s sveikat\u0105 bei ger\u0105 savijaut\u0105.\" \/>\n<meta property=\"og:url\" content=\"https:\/\/anivet.lt\/elparduotuve\/produktas\/iams-hairball-katems-su-vistiena-nuo-plauku-gumuliuku-10kg\/\" \/>\n<meta property=\"og:site_name\" content=\"anivet.lt\" \/>\n<meta property=\"article:modified_time\" content=\"2025-05-27T13:40:49+00:00\" \/>\n<meta property=\"og:image\" content=\"https:\/\/anivet.lt\/elparduotuve\/wp-content\/uploads\/2024\/07\/Iams-Hairball-katems-su-vistiena-nuo-plauku-gumuliuku-10kg.jpg\" \/>\n\t<meta property=\"og:image:width\" content=\"650\" \/>\n\t<meta property=\"og:image:height\" content=\"650\" \/>\n\t<meta property=\"og:image:type\" content=\"image\/jpeg\" \/>\n<meta name=\"twitter:card\" content=\"summary_large_image\" \/>\n<meta name=\"twitter:label1\" content=\"Est. reading time\" \/>\n\t<meta name=\"twitter:data1\" content=\"1 minut\u0117\" \/>\n<script type=\"application\/ld+json\" class=\"yoast-schema-graph\">{\"@context\":\"https:\\\/\\\/schema.org\",\"@graph\":[{\"@type\":\"WebPage\",\"@id\":\"https:\\\/\\\/anivet.lt\\\/elparduotuve\\\/produktas\\\/iams-hairball-katems-su-vistiena-nuo-plauku-gumuliuku-10kg\\\/\",\"url\":\"https:\\\/\\\/anivet.lt\\\/elparduotuve\\\/produktas\\\/iams-hairball-katems-su-vistiena-nuo-plauku-gumuliuku-10kg\\\/\",\"name\":\"Iams Hairball kat\u0117ms su vi\u0161tiena nuo plauk\u0173 gumuliuk\u0173 10kg - anivet.lt\",\"isPartOf\":{\"@id\":\"https:\\\/\\\/anivet.lt\\\/elparduotuve\\\/#website\"},\"primaryImageOfPage\":{\"@id\":\"https:\\\/\\\/anivet.lt\\\/elparduotuve\\\/produktas\\\/iams-hairball-katems-su-vistiena-nuo-plauku-gumuliuku-10kg\\\/#primaryimage\"},\"image\":{\"@id\":\"https:\\\/\\\/anivet.lt\\\/elparduotuve\\\/produktas\\\/iams-hairball-katems-su-vistiena-nuo-plauku-gumuliuku-10kg\\\/#primaryimage\"},\"thumbnailUrl\":\"https:\\\/\\\/anivet.lt\\\/elparduotuve\\\/wp-content\\\/uploads\\\/2024\\\/07\\\/Iams-Hairball-katems-su-vistiena-nuo-plauku-gumuliuku-10kg.jpg\",\"datePublished\":\"2024-07-03T10:33:03+00:00\",\"dateModified\":\"2025-05-27T13:40:49+00:00\",\"description\":\"Specialiai sukurta formul\u0117 su \u0161vie\u017eia vi\u0161tiena, skirta suaugusioms kat\u0117ms, kurios linkusios \u012f plauk\u0173 gumuliuk\u0173 susidarym\u0105. \u0160is visavertis ir subalansuotas pa\u0161aras ne tik padeda spr\u0119sti \u0161i\u0105 problem\u0105, bet ir palaiko bendr\u0105 j\u016bs\u0173 kat\u0117s sveikat\u0105 bei ger\u0105 savijaut\u0105.\",\"breadcrumb\":{\"@id\":\"https:\\\/\\\/anivet.lt\\\/elparduotuve\\\/produktas\\\/iams-hairball-katems-su-vistiena-nuo-plauku-gumuliuku-10kg\\\/#breadcrumb\"},\"inLanguage\":\"lt-LT\",\"potentialAction\":[{\"@type\":\"ReadAction\",\"target\":[\"https:\\\/\\\/anivet.lt\\\/elparduotuve\\\/produktas\\\/iams-hairball-katems-su-vistiena-nuo-plauku-gumuliuku-10kg\\\/\"]}]},{\"@type\":\"ImageObject\",\"inLanguage\":\"lt-LT\",\"@id\":\"https:\\\/\\\/anivet.lt\\\/elparduotuve\\\/produktas\\\/iams-hairball-katems-su-vistiena-nuo-plauku-gumuliuku-10kg\\\/#primaryimage\",\"url\":\"https:\\\/\\\/anivet.lt\\\/elparduotuve\\\/wp-content\\\/uploads\\\/2024\\\/07\\\/Iams-Hairball-katems-su-vistiena-nuo-plauku-gumuliuku-10kg.jpg\",\"contentUrl\":\"https:\\\/\\\/anivet.lt\\\/elparduotuve\\\/wp-content\\\/uploads\\\/2024\\\/07\\\/Iams-Hairball-katems-su-vistiena-nuo-plauku-gumuliuku-10kg.jpg\",\"width\":650,\"height\":650,\"caption\":\"Iams Hairball kat\u0117ms su vi\u0161tiena nuo plauk\u0173 gumuliuk\u0173 10kg\"},{\"@type\":\"BreadcrumbList\",\"@id\":\"https:\\\/\\\/anivet.lt\\\/elparduotuve\\\/produktas\\\/iams-hairball-katems-su-vistiena-nuo-plauku-gumuliuku-10kg\\\/#breadcrumb\",\"itemListElement\":[{\"@type\":\"ListItem\",\"position\":1,\"name\":\"Home\",\"item\":\"https:\\\/\\\/anivet.lt\\\/elparduotuve\\\/\"},{\"@type\":\"ListItem\",\"position\":2,\"name\":\"Produktai\",\"item\":\"https:\\\/\\\/anivet.lt\\\/elparduotuve\\\/produktai\\\/\"},{\"@type\":\"ListItem\",\"position\":3,\"name\":\"Iams Hairball kat\u0117ms su vi\u0161tiena nuo plauk\u0173 gumuliuk\u0173 10kg\"}]},{\"@type\":\"WebSite\",\"@id\":\"https:\\\/\\\/anivet.lt\\\/elparduotuve\\\/#website\",\"url\":\"https:\\\/\\\/anivet.lt\\\/elparduotuve\\\/\",\"name\":\"anivet.lt\",\"description\":\"Viskas J\u016bs\u0173 \u0161uns, kat\u0117s prie\u017ei\u016brai\",\"publisher\":{\"@id\":\"https:\\\/\\\/anivet.lt\\\/elparduotuve\\\/#organization\"},\"alternateName\":\"Viskas J\u016bs\u0173 \u0161uns, kat\u0117s prie\u017ei\u016brai\",\"potentialAction\":[{\"@type\":\"SearchAction\",\"target\":{\"@type\":\"EntryPoint\",\"urlTemplate\":\"https:\\\/\\\/anivet.lt\\\/elparduotuve\\\/?s={search_term_string}\"},\"query-input\":{\"@type\":\"PropertyValueSpecification\",\"valueRequired\":true,\"valueName\":\"search_term_string\"}}],\"inLanguage\":\"lt-LT\"},{\"@type\":\"Organization\",\"@id\":\"https:\\\/\\\/anivet.lt\\\/elparduotuve\\\/#organization\",\"name\":\"Viskas J\u016bs\u0173 \u0161uns, kat\u0117s prie\u017ei\u016brai\",\"url\":\"https:\\\/\\\/anivet.lt\\\/elparduotuve\\\/\",\"logo\":{\"@type\":\"ImageObject\",\"inLanguage\":\"lt-LT\",\"@id\":\"https:\\\/\\\/anivet.lt\\\/elparduotuve\\\/#\\\/schema\\\/logo\\\/image\\\/\",\"url\":\"https:\\\/\\\/anivet.lt\\\/elparduotuve\\\/wp-content\\\/uploads\\\/2023\\\/06\\\/logo2.jpg\",\"contentUrl\":\"https:\\\/\\\/anivet.lt\\\/elparduotuve\\\/wp-content\\\/uploads\\\/2023\\\/06\\\/logo2.jpg\",\"width\":655,\"height\":194,\"caption\":\"Viskas J\u016bs\u0173 \u0161uns, kat\u0117s prie\u017ei\u016brai\"},\"image\":{\"@id\":\"https:\\\/\\\/anivet.lt\\\/elparduotuve\\\/#\\\/schema\\\/logo\\\/image\\\/\"}}]}<\/script>\n<!-- \/ Yoast SEO Premium plugin. -->","yoast_head_json":{"title":"Iams Hairball kat\u0117ms su vi\u0161tiena nuo plauk\u0173 gumuliuk\u0173 10kg - anivet.lt","description":"Specialiai sukurta formul\u0117 su \u0161vie\u017eia vi\u0161tiena, skirta suaugusioms kat\u0117ms, kurios linkusios \u012f plauk\u0173 gumuliuk\u0173 susidarym\u0105. \u0160is visavertis ir subalansuotas pa\u0161aras ne tik padeda spr\u0119sti \u0161i\u0105 problem\u0105, bet ir palaiko bendr\u0105 j\u016bs\u0173 kat\u0117s sveikat\u0105 bei ger\u0105 savijaut\u0105.","robots":{"index":"index","follow":"follow","max-snippet":"max-snippet:-1","max-image-preview":"max-image-preview:large","max-video-preview":"max-video-preview:-1"},"canonical":"https:\/\/anivet.lt\/elparduotuve\/produktas\/iams-hairball-katems-su-vistiena-nuo-plauku-gumuliuku-10kg\/","og_locale":"lt_LT","og_type":"article","og_title":"Iams Hairball kat\u0117ms su vi\u0161tiena nuo plauk\u0173 gumuliuk\u0173 10kg","og_description":"Specialiai sukurta formul\u0117 su \u0161vie\u017eia vi\u0161tiena, skirta suaugusioms kat\u0117ms, kurios linkusios \u012f plauk\u0173 gumuliuk\u0173 susidarym\u0105. \u0160is visavertis ir subalansuotas pa\u0161aras ne tik padeda spr\u0119sti \u0161i\u0105 problem\u0105, bet ir palaiko bendr\u0105 j\u016bs\u0173 kat\u0117s sveikat\u0105 bei ger\u0105 savijaut\u0105.","og_url":"https:\/\/anivet.lt\/elparduotuve\/produktas\/iams-hairball-katems-su-vistiena-nuo-plauku-gumuliuku-10kg\/","og_site_name":"anivet.lt","article_modified_time":"2025-05-27T13:40:49+00:00","og_image":[{"width":650,"height":650,"url":"https:\/\/anivet.lt\/elparduotuve\/wp-content\/uploads\/2024\/07\/Iams-Hairball-katems-su-vistiena-nuo-plauku-gumuliuku-10kg.jpg","type":"image\/jpeg"}],"twitter_card":"summary_large_image","twitter_misc":{"Est. reading time":"1 minut\u0117"},"schema":{"@context":"https:\/\/schema.org","@graph":[{"@type":"WebPage","@id":"https:\/\/anivet.lt\/elparduotuve\/produktas\/iams-hairball-katems-su-vistiena-nuo-plauku-gumuliuku-10kg\/","url":"https:\/\/anivet.lt\/elparduotuve\/produktas\/iams-hairball-katems-su-vistiena-nuo-plauku-gumuliuku-10kg\/","name":"Iams Hairball kat\u0117ms su vi\u0161tiena nuo plauk\u0173 gumuliuk\u0173 10kg - anivet.lt","isPartOf":{"@id":"https:\/\/anivet.lt\/elparduotuve\/#website"},"primaryImageOfPage":{"@id":"https:\/\/anivet.lt\/elparduotuve\/produktas\/iams-hairball-katems-su-vistiena-nuo-plauku-gumuliuku-10kg\/#primaryimage"},"image":{"@id":"https:\/\/anivet.lt\/elparduotuve\/produktas\/iams-hairball-katems-su-vistiena-nuo-plauku-gumuliuku-10kg\/#primaryimage"},"thumbnailUrl":"https:\/\/anivet.lt\/elparduotuve\/wp-content\/uploads\/2024\/07\/Iams-Hairball-katems-su-vistiena-nuo-plauku-gumuliuku-10kg.jpg","datePublished":"2024-07-03T10:33:03+00:00","dateModified":"2025-05-27T13:40:49+00:00","description":"Specialiai sukurta formul\u0117 su \u0161vie\u017eia vi\u0161tiena, skirta suaugusioms kat\u0117ms, kurios linkusios \u012f plauk\u0173 gumuliuk\u0173 susidarym\u0105. \u0160is visavertis ir subalansuotas pa\u0161aras ne tik padeda spr\u0119sti \u0161i\u0105 problem\u0105, bet ir palaiko bendr\u0105 j\u016bs\u0173 kat\u0117s sveikat\u0105 bei ger\u0105 savijaut\u0105.","breadcrumb":{"@id":"https:\/\/anivet.lt\/elparduotuve\/produktas\/iams-hairball-katems-su-vistiena-nuo-plauku-gumuliuku-10kg\/#breadcrumb"},"inLanguage":"lt-LT","potentialAction":[{"@type":"ReadAction","target":["https:\/\/anivet.lt\/elparduotuve\/produktas\/iams-hairball-katems-su-vistiena-nuo-plauku-gumuliuku-10kg\/"]}]},{"@type":"ImageObject","inLanguage":"lt-LT","@id":"https:\/\/anivet.lt\/elparduotuve\/produktas\/iams-hairball-katems-su-vistiena-nuo-plauku-gumuliuku-10kg\/#primaryimage","url":"https:\/\/anivet.lt\/elparduotuve\/wp-content\/uploads\/2024\/07\/Iams-Hairball-katems-su-vistiena-nuo-plauku-gumuliuku-10kg.jpg","contentUrl":"https:\/\/anivet.lt\/elparduotuve\/wp-content\/uploads\/2024\/07\/Iams-Hairball-katems-su-vistiena-nuo-plauku-gumuliuku-10kg.jpg","width":650,"height":650,"caption":"Iams Hairball kat\u0117ms su vi\u0161tiena nuo plauk\u0173 gumuliuk\u0173 10kg"},{"@type":"BreadcrumbList","@id":"https:\/\/anivet.lt\/elparduotuve\/produktas\/iams-hairball-katems-su-vistiena-nuo-plauku-gumuliuku-10kg\/#breadcrumb","itemListElement":[{"@type":"ListItem","position":1,"name":"Home","item":"https:\/\/anivet.lt\/elparduotuve\/"},{"@type":"ListItem","position":2,"name":"Produktai","item":"https:\/\/anivet.lt\/elparduotuve\/produktai\/"},{"@type":"ListItem","position":3,"name":"Iams Hairball kat\u0117ms su vi\u0161tiena nuo plauk\u0173 gumuliuk\u0173 10kg"}]},{"@type":"WebSite","@id":"https:\/\/anivet.lt\/elparduotuve\/#website","url":"https:\/\/anivet.lt\/elparduotuve\/","name":"anivet.lt","description":"Viskas J\u016bs\u0173 \u0161uns, kat\u0117s prie\u017ei\u016brai","publisher":{"@id":"https:\/\/anivet.lt\/elparduotuve\/#organization"},"alternateName":"Viskas J\u016bs\u0173 \u0161uns, kat\u0117s prie\u017ei\u016brai","potentialAction":[{"@type":"SearchAction","target":{"@type":"EntryPoint","urlTemplate":"https:\/\/anivet.lt\/elparduotuve\/?s={search_term_string}"},"query-input":{"@type":"PropertyValueSpecification","valueRequired":true,"valueName":"search_term_string"}}],"inLanguage":"lt-LT"},{"@type":"Organization","@id":"https:\/\/anivet.lt\/elparduotuve\/#organization","name":"Viskas J\u016bs\u0173 \u0161uns, kat\u0117s prie\u017ei\u016brai","url":"https:\/\/anivet.lt\/elparduotuve\/","logo":{"@type":"ImageObject","inLanguage":"lt-LT","@id":"https:\/\/anivet.lt\/elparduotuve\/#\/schema\/logo\/image\/","url":"https:\/\/anivet.lt\/elparduotuve\/wp-content\/uploads\/2023\/06\/logo2.jpg","contentUrl":"https:\/\/anivet.lt\/elparduotuve\/wp-content\/uploads\/2023\/06\/logo2.jpg","width":655,"height":194,"caption":"Viskas J\u016bs\u0173 \u0161uns, kat\u0117s prie\u017ei\u016brai"},"image":{"@id":"https:\/\/anivet.lt\/elparduotuve\/#\/schema\/logo\/image\/"}}]}},"_links":{"self":[{"href":"https:\/\/anivet.lt\/elparduotuve\/wp-json\/wp\/v2\/product\/14095","targetHints":{"allow":["GET"]}}],"collection":[{"href":"https:\/\/anivet.lt\/elparduotuve\/wp-json\/wp\/v2\/product"}],"about":[{"href":"https:\/\/anivet.lt\/elparduotuve\/wp-json\/wp\/v2\/types\/product"}],"wp:featuredmedia":[{"embeddable":true,"href":"https:\/\/anivet.lt\/elparduotuve\/wp-json\/wp\/v2\/media\/17742"}],"wp:attachment":[{"href":"https:\/\/anivet.lt\/elparduotuve\/wp-json\/wp\/v2\/media?parent=14095"}],"wp:term":[{"taxonomy":"product_brand","embeddable":true,"href":"https:\/\/anivet.lt\/elparduotuve\/wp-json\/wp\/v2\/product_brand?post=14095"},{"taxonomy":"product_cat","embeddable":true,"href":"https:\/\/anivet.lt\/elparduotuve\/wp-json\/wp\/v2\/product_cat?post=14095"},{"taxonomy":"product_tag","embeddable":true,"href":"https:\/\/anivet.lt\/elparduotuve\/wp-json\/wp\/v2\/product_tag?post=14095"}],"curies":[{"name":"wp","href":"https:\/\/api.w.org\/{rel}","templated":true}]}}